{"id":119684,"date":"2025-06-10T04:49:25","date_gmt":"2025-06-10T02:49:25","guid":{"rendered":"https:\/\/lystes.store\/select\/lambertbeauty\/?post_type=product&#038;p=119684"},"modified":"2025-07-02T23:26:28","modified_gmt":"2025-07-02T21:26:28","slug":"richie-couleur-perruque-closure","status":"publish","type":"product","link":"https:\/\/lystes.store\/select\/lambertbeauty\/product\/richie-couleur-perruque-closure\/","title":{"rendered":"RICHIE COULEUR &#8211; Perruque Closure"},"content":{"rendered":"<p>Toutes nos perruques sont pr\u00e9-customis\u00e9es, coiff\u00e9es et pr\u00eates \u00e0 porter.<\/p>\n<p>&nbsp;<\/p>\n<p>100% Virgin Human Hair.<\/p>\n<p>&nbsp;<\/p>\n<p>Si vous habitez la r\u00e9gion parisienne, la pose vous est OFFERTE dans notre salon pour tout achat de wig \u00e0 partir de 290\u20ac (dans les 7 jours suivant la livraison de votre commande).<\/p>\n","protected":false},"excerpt":{"rendered":"<p>Toutes nos perruques sont pr\u00e9-customis\u00e9es, coiff\u00e9es et pr\u00eates \u00e0 porter.<\/p>\n<p>&nbsp;<\/p>\n<p>100% Virgin Human Hair.<\/p>\n<p>&nbsp;<\/p>\n<p>Si vous habitez la r\u00e9gion parisienne, la pose vous est OFFERTE dans notre salon pour tout achat de wig \u00e0 partir de 290\u20ac (dans les 7 jours suivant la livraison de votre commande).<\/p>\n","protected":false},"featured_media":119685,"comment_status":"open","ping_status":"closed","template":"","meta":[],"product_brand":[],"product_cat":[15],"product_tag":[],"class_list":{"0":"post-119684","1":"product","2":"type-product","3":"status-publish","4":"has-post-thumbnail","6":"product_cat-shop","8":"first","9":"instock","10":"taxable","11":"shipping-taxable","12":"purchasable","13":"product-type-variable"},"acf":[],"yoast_head":"<!-- This site is optimized with the Yoast SEO plugin v25.3.1 - https:\/\/yoast.com\/wordpress\/plugins\/seo\/ -->\n<title>RICHIE COULEUR - Perruque Closure - Lambert Beauty<\/title>\n<meta name=\"robots\" content=\"index, follow, max-snippet:-1, max-image-preview:large, max-video-preview:-1\" \/>\n<link rel=\"canonical\" href=\"https:\/\/lystes.store\/select\/lambertbeauty\/product\/richie-couleur-perruque-closure\/\" \/>\n<meta property=\"og:locale\" content=\"fr_FR\" \/>\n<meta property=\"og:type\" content=\"article\" \/>\n<meta property=\"og:title\" content=\"RICHIE COULEUR - Perruque Closure - Lambert Beauty\" \/>\n<meta property=\"og:description\" content=\"Toutes nos perruques sont pr\u00e9-customis\u00e9es, coiff\u00e9es et pr\u00eates \u00e0 porter.  &nbsp;  100% Virgin Human Hair.  &nbsp;  Si vous habitez la r\u00e9gion parisienne, la pose vous est OFFERTE dans notre salon pour tout achat de wig \u00e0 partir de 290\u20ac (dans les 7 jours suivant la livraison de votre commande).\" \/>\n<meta property=\"og:url\" content=\"https:\/\/lystes.store\/select\/lambertbeauty\/product\/richie-couleur-perruque-closure\/\" \/>\n<meta property=\"og:site_name\" content=\"Lambert Beauty\" \/>\n<meta property=\"article:modified_time\" content=\"2025-07-02T21:26:28+00:00\" \/>\n<meta property=\"og:image\" content=\"https:\/\/lystes.store\/select\/lambertbeauty\/wp-content\/uploads\/sites\/15\/2025\/06\/B3258892-17B6-4FC1-BB71-3A881C585F2D.jpeg\" \/>\n\t<meta property=\"og:image:width\" content=\"1080\" \/>\n\t<meta property=\"og:image:height\" content=\"1296\" \/>\n\t<meta property=\"og:image:type\" content=\"image\/jpeg\" \/>\n<meta name=\"twitter:card\" content=\"summary_large_image\" \/>\n<meta name=\"twitter:label1\" content=\"Dur\u00e9e de lecture estim\u00e9e\" \/>\n\t<meta name=\"twitter:data1\" content=\"1 minute\" \/>\n<script type=\"application\/ld+json\" class=\"yoast-schema-graph\">{\"@context\":\"https:\/\/schema.org\",\"@graph\":[{\"@type\":\"WebPage\",\"@id\":\"https:\/\/lystes.store\/select\/lambertbeauty\/product\/richie-couleur-perruque-closure\/\",\"url\":\"https:\/\/lystes.store\/select\/lambertbeauty\/product\/richie-couleur-perruque-closure\/\",\"name\":\"RICHIE COULEUR - Perruque Closure - Lambert Beauty\",\"isPartOf\":{\"@id\":\"https:\/\/lystes.store\/select\/lambertbeauty\/#website\"},\"primaryImageOfPage\":{\"@id\":\"https:\/\/lystes.store\/select\/lambertbeauty\/product\/richie-couleur-perruque-closure\/#primaryimage\"},\"image\":{\"@id\":\"https:\/\/lystes.store\/select\/lambertbeauty\/product\/richie-couleur-perruque-closure\/#primaryimage\"},\"thumbnailUrl\":\"https:\/\/i0.wp.com\/lystes.store\/select\/lambertbeauty\/wp-content\/uploads\/sites\/15\/2025\/06\/B3258892-17B6-4FC1-BB71-3A881C585F2D.jpeg?fit=1080%2C1296&ssl=1\",\"datePublished\":\"2025-06-10T02:49:25+00:00\",\"dateModified\":\"2025-07-02T21:26:28+00:00\",\"breadcrumb\":{\"@id\":\"https:\/\/lystes.store\/select\/lambertbeauty\/product\/richie-couleur-perruque-closure\/#breadcrumb\"},\"inLanguage\":\"fr-FR\",\"potentialAction\":[{\"@type\":\"ReadAction\",\"target\":[\"https:\/\/lystes.store\/select\/lambertbeauty\/product\/richie-couleur-perruque-closure\/\"]}]},{\"@type\":\"ImageObject\",\"inLanguage\":\"fr-FR\",\"@id\":\"https:\/\/lystes.store\/select\/lambertbeauty\/product\/richie-couleur-perruque-closure\/#primaryimage\",\"url\":\"https:\/\/i0.wp.com\/lystes.store\/select\/lambertbeauty\/wp-content\/uploads\/sites\/15\/2025\/06\/B3258892-17B6-4FC1-BB71-3A881C585F2D.jpeg?fit=1080%2C1296&ssl=1\",\"contentUrl\":\"https:\/\/i0.wp.com\/lystes.store\/select\/lambertbeauty\/wp-content\/uploads\/sites\/15\/2025\/06\/B3258892-17B6-4FC1-BB71-3A881C585F2D.jpeg?fit=1080%2C1296&ssl=1\",\"width\":1080,\"height\":1296},{\"@type\":\"BreadcrumbList\",\"@id\":\"https:\/\/lystes.store\/select\/lambertbeauty\/product\/richie-couleur-perruque-closure\/#breadcrumb\",\"itemListElement\":[{\"@type\":\"ListItem\",\"position\":1,\"name\":\"Accueil\",\"item\":\"https:\/\/lystes.store\/select\/lambertbeauty\/\"},{\"@type\":\"ListItem\",\"position\":2,\"name\":\"Boutique\",\"item\":\"https:\/\/lystes.store\/select\/lambertbeauty\/boutique\/\"},{\"@type\":\"ListItem\",\"position\":3,\"name\":\"RICHIE COULEUR &#8211; Perruque Closure\"}]},{\"@type\":\"WebSite\",\"@id\":\"https:\/\/lystes.store\/select\/lambertbeauty\/#website\",\"url\":\"https:\/\/lystes.store\/select\/lambertbeauty\/\",\"name\":\"Lambert Beauty\",\"description\":\"L&#039;excellence sinon rien\",\"potentialAction\":[{\"@type\":\"SearchAction\",\"target\":{\"@type\":\"EntryPoint\",\"urlTemplate\":\"https:\/\/lystes.store\/select\/lambertbeauty\/?s={search_term_string}\"},\"query-input\":{\"@type\":\"PropertyValueSpecification\",\"valueRequired\":true,\"valueName\":\"search_term_string\"}}],\"inLanguage\":\"fr-FR\"}]}<\/script>\n<!-- \/ Yoast SEO plugin. -->","yoast_head_json":{"title":"RICHIE COULEUR - Perruque Closure - Lambert Beauty","robots":{"index":"index","follow":"follow","max-snippet":"max-snippet:-1","max-image-preview":"max-image-preview:large","max-video-preview":"max-video-preview:-1"},"canonical":"https:\/\/lystes.store\/select\/lambertbeauty\/product\/richie-couleur-perruque-closure\/","og_locale":"fr_FR","og_type":"article","og_title":"RICHIE COULEUR - Perruque Closure - Lambert Beauty","og_description":"Toutes nos perruques sont pr\u00e9-customis\u00e9es, coiff\u00e9es et pr\u00eates \u00e0 porter.  &nbsp;  100% Virgin Human Hair.  &nbsp;  Si vous habitez la r\u00e9gion parisienne, la pose vous est OFFERTE dans notre salon pour tout achat de wig \u00e0 partir de 290\u20ac (dans les 7 jours suivant la livraison de votre commande).","og_url":"https:\/\/lystes.store\/select\/lambertbeauty\/product\/richie-couleur-perruque-closure\/","og_site_name":"Lambert Beauty","article_modified_time":"2025-07-02T21:26:28+00:00","og_image":[{"width":1080,"height":1296,"url":"https:\/\/lystes.store\/select\/lambertbeauty\/wp-content\/uploads\/sites\/15\/2025\/06\/B3258892-17B6-4FC1-BB71-3A881C585F2D.jpeg","type":"image\/jpeg"}],"twitter_card":"summary_large_image","twitter_misc":{"Dur\u00e9e de lecture estim\u00e9e":"1 minute"},"schema":{"@context":"https:\/\/schema.org","@graph":[{"@type":"WebPage","@id":"https:\/\/lystes.store\/select\/lambertbeauty\/product\/richie-couleur-perruque-closure\/","url":"https:\/\/lystes.store\/select\/lambertbeauty\/product\/richie-couleur-perruque-closure\/","name":"RICHIE COULEUR - Perruque Closure - Lambert Beauty","isPartOf":{"@id":"https:\/\/lystes.store\/select\/lambertbeauty\/#website"},"primaryImageOfPage":{"@id":"https:\/\/lystes.store\/select\/lambertbeauty\/product\/richie-couleur-perruque-closure\/#primaryimage"},"image":{"@id":"https:\/\/lystes.store\/select\/lambertbeauty\/product\/richie-couleur-perruque-closure\/#primaryimage"},"thumbnailUrl":"https:\/\/i0.wp.com\/lystes.store\/select\/lambertbeauty\/wp-content\/uploads\/sites\/15\/2025\/06\/B3258892-17B6-4FC1-BB71-3A881C585F2D.jpeg?fit=1080%2C1296&ssl=1","datePublished":"2025-06-10T02:49:25+00:00","dateModified":"2025-07-02T21:26:28+00:00","breadcrumb":{"@id":"https:\/\/lystes.store\/select\/lambertbeauty\/product\/richie-couleur-perruque-closure\/#breadcrumb"},"inLanguage":"fr-FR","potentialAction":[{"@type":"ReadAction","target":["https:\/\/lystes.store\/select\/lambertbeauty\/product\/richie-couleur-perruque-closure\/"]}]},{"@type":"ImageObject","inLanguage":"fr-FR","@id":"https:\/\/lystes.store\/select\/lambertbeauty\/product\/richie-couleur-perruque-closure\/#primaryimage","url":"https:\/\/i0.wp.com\/lystes.store\/select\/lambertbeauty\/wp-content\/uploads\/sites\/15\/2025\/06\/B3258892-17B6-4FC1-BB71-3A881C585F2D.jpeg?fit=1080%2C1296&ssl=1","contentUrl":"https:\/\/i0.wp.com\/lystes.store\/select\/lambertbeauty\/wp-content\/uploads\/sites\/15\/2025\/06\/B3258892-17B6-4FC1-BB71-3A881C585F2D.jpeg?fit=1080%2C1296&ssl=1","width":1080,"height":1296},{"@type":"BreadcrumbList","@id":"https:\/\/lystes.store\/select\/lambertbeauty\/product\/richie-couleur-perruque-closure\/#breadcrumb","itemListElement":[{"@type":"ListItem","position":1,"name":"Accueil","item":"https:\/\/lystes.store\/select\/lambertbeauty\/"},{"@type":"ListItem","position":2,"name":"Boutique","item":"https:\/\/lystes.store\/select\/lambertbeauty\/boutique\/"},{"@type":"ListItem","position":3,"name":"RICHIE COULEUR &#8211; Perruque Closure"}]},{"@type":"WebSite","@id":"https:\/\/lystes.store\/select\/lambertbeauty\/#website","url":"https:\/\/lystes.store\/select\/lambertbeauty\/","name":"Lambert Beauty","description":"L&#039;excellence sinon rien","potentialAction":[{"@type":"SearchAction","target":{"@type":"EntryPoint","urlTemplate":"https:\/\/lystes.store\/select\/lambertbeauty\/?s={search_term_string}"},"query-input":{"@type":"PropertyValueSpecification","valueRequired":true,"valueName":"search_term_string"}}],"inLanguage":"fr-FR"}]}},"_links":{"self":[{"href":"https:\/\/lystes.store\/select\/lambertbeauty\/wp-json\/wp\/v2\/product\/119684","targetHints":{"allow":["GET"]}}],"collection":[{"href":"https:\/\/lystes.store\/select\/lambertbeauty\/wp-json\/wp\/v2\/product"}],"about":[{"href":"https:\/\/lystes.store\/select\/lambertbeauty\/wp-json\/wp\/v2\/types\/product"}],"replies":[{"embeddable":true,"href":"https:\/\/lystes.store\/select\/lambertbeauty\/wp-json\/wp\/v2\/comments?post=119684"}],"wp:featuredmedia":[{"embeddable":true,"href":"https:\/\/lystes.store\/select\/lambertbeauty\/wp-json\/wp\/v2\/media\/119685"}],"wp:attachment":[{"href":"https:\/\/lystes.store\/select\/lambertbeauty\/wp-json\/wp\/v2\/media?parent=119684"}],"wp:term":[{"taxonomy":"product_brand","embeddable":true,"href":"https:\/\/lystes.store\/select\/lambertbeauty\/wp-json\/wp\/v2\/product_brand?post=119684"},{"taxonomy":"product_cat","embeddable":true,"href":"https:\/\/lystes.store\/select\/lambertbeauty\/wp-json\/wp\/v2\/product_cat?post=119684"},{"taxonomy":"product_tag","embeddable":true,"href":"https:\/\/lystes.store\/select\/lambertbeauty\/wp-json\/wp\/v2\/product_tag?post=119684"}],"curies":[{"name":"wp","href":"https:\/\/api.w.org\/{rel}","templated":true}]}}