{"id":119386,"date":"2025-06-09T17:24:49","date_gmt":"2025-06-09T15:24:49","guid":{"rendered":"https:\/\/lystes.store\/select\/lambertbeauty\/?post_type=product&#038;p=119386"},"modified":"2025-07-02T23:39:06","modified_gmt":"2025-07-02T21:39:06","slug":"lola-perruque-closure-55-raw-hair","status":"publish","type":"product","link":"https:\/\/lystes.store\/select\/lambertbeauty\/product\/lola-perruque-closure-55-raw-hair\/","title":{"rendered":"Lola &#8211; Perruque Closure 5*5 Raw Hair"},"content":{"rendered":"<ul>\n<li>Toutes nos perruques sont vendues pr\u00eates \u00e0 porter, d\u00e9j\u00e0 customis\u00e9es<\/li>\n<\/ul>\n","protected":false},"excerpt":{"rendered":"<ul>\n<li>Toutes nos perruques sont vendues pr\u00eates \u00e0 porter, d\u00e9j\u00e0 customis\u00e9es<\/li>\n<\/ul>\n","protected":false},"featured_media":119387,"comment_status":"open","ping_status":"closed","template":"","meta":[],"product_brand":[],"product_cat":[15],"product_tag":[],"class_list":{"0":"post-119386","1":"product","2":"type-product","3":"status-publish","4":"has-post-thumbnail","6":"product_cat-shop","8":"first","9":"instock","10":"taxable","11":"shipping-taxable","12":"purchasable","13":"product-type-variable"},"acf":[],"yoast_head":"<!-- This site is optimized with the Yoast SEO plugin v25.3.1 - https:\/\/yoast.com\/wordpress\/plugins\/seo\/ -->\n<title>Lola - Perruque Closure 5*5 Raw Hair - Lambert Beauty<\/title>\n<meta name=\"robots\" content=\"index, follow, max-snippet:-1, max-image-preview:large, max-video-preview:-1\" \/>\n<link rel=\"canonical\" href=\"https:\/\/lystes.store\/select\/lambertbeauty\/product\/lola-perruque-closure-55-raw-hair\/\" \/>\n<meta property=\"og:locale\" content=\"fr_FR\" \/>\n<meta property=\"og:type\" content=\"article\" \/>\n<meta property=\"og:title\" content=\"Lola - Perruque Closure 5*5 Raw Hair - Lambert Beauty\" \/>\n<meta property=\"og:description\" content=\"Toutes nos perruques sont vendues pr\u00eates \u00e0 porter, d\u00e9j\u00e0 customis\u00e9es\" \/>\n<meta property=\"og:url\" content=\"https:\/\/lystes.store\/select\/lambertbeauty\/product\/lola-perruque-closure-55-raw-hair\/\" \/>\n<meta property=\"og:site_name\" content=\"Lambert Beauty\" \/>\n<meta property=\"article:modified_time\" content=\"2025-07-02T21:39:06+00:00\" \/>\n<meta property=\"og:image\" content=\"https:\/\/lystes.store\/select\/lambertbeauty\/wp-content\/uploads\/sites\/15\/2025\/06\/1afc8cf67e8744589b2f398e4a46567e.thumbnail.0000000000.jpg\" \/>\n\t<meta property=\"og:image:width\" content=\"420\" \/>\n\t<meta property=\"og:image:height\" content=\"504\" \/>\n\t<meta property=\"og:image:type\" content=\"image\/jpeg\" \/>\n<meta name=\"twitter:card\" content=\"summary_large_image\" \/>\n<meta name=\"twitter:label1\" content=\"Dur\u00e9e de lecture estim\u00e9e\" \/>\n\t<meta name=\"twitter:data1\" content=\"1 minute\" \/>\n<script type=\"application\/ld+json\" class=\"yoast-schema-graph\">{\"@context\":\"https:\/\/schema.org\",\"@graph\":[{\"@type\":\"WebPage\",\"@id\":\"https:\/\/lystes.store\/select\/lambertbeauty\/product\/lola-perruque-closure-55-raw-hair\/\",\"url\":\"https:\/\/lystes.store\/select\/lambertbeauty\/product\/lola-perruque-closure-55-raw-hair\/\",\"name\":\"Lola - Perruque Closure 5*5 Raw Hair - Lambert Beauty\",\"isPartOf\":{\"@id\":\"https:\/\/lystes.store\/select\/lambertbeauty\/#website\"},\"primaryImageOfPage\":{\"@id\":\"https:\/\/lystes.store\/select\/lambertbeauty\/product\/lola-perruque-closure-55-raw-hair\/#primaryimage\"},\"image\":{\"@id\":\"https:\/\/lystes.store\/select\/lambertbeauty\/product\/lola-perruque-closure-55-raw-hair\/#primaryimage\"},\"thumbnailUrl\":\"https:\/\/i0.wp.com\/lystes.store\/select\/lambertbeauty\/wp-content\/uploads\/sites\/15\/2025\/06\/1afc8cf67e8744589b2f398e4a46567e.thumbnail.0000000000.jpg?fit=420%2C504&ssl=1\",\"datePublished\":\"2025-06-09T15:24:49+00:00\",\"dateModified\":\"2025-07-02T21:39:06+00:00\",\"breadcrumb\":{\"@id\":\"https:\/\/lystes.store\/select\/lambertbeauty\/product\/lola-perruque-closure-55-raw-hair\/#breadcrumb\"},\"inLanguage\":\"fr-FR\",\"potentialAction\":[{\"@type\":\"ReadAction\",\"target\":[\"https:\/\/lystes.store\/select\/lambertbeauty\/product\/lola-perruque-closure-55-raw-hair\/\"]}]},{\"@type\":\"ImageObject\",\"inLanguage\":\"fr-FR\",\"@id\":\"https:\/\/lystes.store\/select\/lambertbeauty\/product\/lola-perruque-closure-55-raw-hair\/#primaryimage\",\"url\":\"https:\/\/i0.wp.com\/lystes.store\/select\/lambertbeauty\/wp-content\/uploads\/sites\/15\/2025\/06\/1afc8cf67e8744589b2f398e4a46567e.thumbnail.0000000000.jpg?fit=420%2C504&ssl=1\",\"contentUrl\":\"https:\/\/i0.wp.com\/lystes.store\/select\/lambertbeauty\/wp-content\/uploads\/sites\/15\/2025\/06\/1afc8cf67e8744589b2f398e4a46567e.thumbnail.0000000000.jpg?fit=420%2C504&ssl=1\",\"width\":420,\"height\":504},{\"@type\":\"BreadcrumbList\",\"@id\":\"https:\/\/lystes.store\/select\/lambertbeauty\/product\/lola-perruque-closure-55-raw-hair\/#breadcrumb\",\"itemListElement\":[{\"@type\":\"ListItem\",\"position\":1,\"name\":\"Accueil\",\"item\":\"https:\/\/lystes.store\/select\/lambertbeauty\/\"},{\"@type\":\"ListItem\",\"position\":2,\"name\":\"Boutique\",\"item\":\"https:\/\/lystes.store\/select\/lambertbeauty\/boutique\/\"},{\"@type\":\"ListItem\",\"position\":3,\"name\":\"Lola &#8211; Perruque Closure 5*5 Raw Hair\"}]},{\"@type\":\"WebSite\",\"@id\":\"https:\/\/lystes.store\/select\/lambertbeauty\/#website\",\"url\":\"https:\/\/lystes.store\/select\/lambertbeauty\/\",\"name\":\"Lambert Beauty\",\"description\":\"L&#039;excellence sinon rien\",\"potentialAction\":[{\"@type\":\"SearchAction\",\"target\":{\"@type\":\"EntryPoint\",\"urlTemplate\":\"https:\/\/lystes.store\/select\/lambertbeauty\/?s={search_term_string}\"},\"query-input\":{\"@type\":\"PropertyValueSpecification\",\"valueRequired\":true,\"valueName\":\"search_term_string\"}}],\"inLanguage\":\"fr-FR\"}]}<\/script>\n<!-- \/ Yoast SEO plugin. -->","yoast_head_json":{"title":"Lola - Perruque Closure 5*5 Raw Hair - Lambert Beauty","robots":{"index":"index","follow":"follow","max-snippet":"max-snippet:-1","max-image-preview":"max-image-preview:large","max-video-preview":"max-video-preview:-1"},"canonical":"https:\/\/lystes.store\/select\/lambertbeauty\/product\/lola-perruque-closure-55-raw-hair\/","og_locale":"fr_FR","og_type":"article","og_title":"Lola - Perruque Closure 5*5 Raw Hair - Lambert Beauty","og_description":"Toutes nos perruques sont vendues pr\u00eates \u00e0 porter, d\u00e9j\u00e0 customis\u00e9es","og_url":"https:\/\/lystes.store\/select\/lambertbeauty\/product\/lola-perruque-closure-55-raw-hair\/","og_site_name":"Lambert Beauty","article_modified_time":"2025-07-02T21:39:06+00:00","og_image":[{"width":420,"height":504,"url":"https:\/\/lystes.store\/select\/lambertbeauty\/wp-content\/uploads\/sites\/15\/2025\/06\/1afc8cf67e8744589b2f398e4a46567e.thumbnail.0000000000.jpg","type":"image\/jpeg"}],"twitter_card":"summary_large_image","twitter_misc":{"Dur\u00e9e de lecture estim\u00e9e":"1 minute"},"schema":{"@context":"https:\/\/schema.org","@graph":[{"@type":"WebPage","@id":"https:\/\/lystes.store\/select\/lambertbeauty\/product\/lola-perruque-closure-55-raw-hair\/","url":"https:\/\/lystes.store\/select\/lambertbeauty\/product\/lola-perruque-closure-55-raw-hair\/","name":"Lola - Perruque Closure 5*5 Raw Hair - Lambert Beauty","isPartOf":{"@id":"https:\/\/lystes.store\/select\/lambertbeauty\/#website"},"primaryImageOfPage":{"@id":"https:\/\/lystes.store\/select\/lambertbeauty\/product\/lola-perruque-closure-55-raw-hair\/#primaryimage"},"image":{"@id":"https:\/\/lystes.store\/select\/lambertbeauty\/product\/lola-perruque-closure-55-raw-hair\/#primaryimage"},"thumbnailUrl":"https:\/\/i0.wp.com\/lystes.store\/select\/lambertbeauty\/wp-content\/uploads\/sites\/15\/2025\/06\/1afc8cf67e8744589b2f398e4a46567e.thumbnail.0000000000.jpg?fit=420%2C504&ssl=1","datePublished":"2025-06-09T15:24:49+00:00","dateModified":"2025-07-02T21:39:06+00:00","breadcrumb":{"@id":"https:\/\/lystes.store\/select\/lambertbeauty\/product\/lola-perruque-closure-55-raw-hair\/#breadcrumb"},"inLanguage":"fr-FR","potentialAction":[{"@type":"ReadAction","target":["https:\/\/lystes.store\/select\/lambertbeauty\/product\/lola-perruque-closure-55-raw-hair\/"]}]},{"@type":"ImageObject","inLanguage":"fr-FR","@id":"https:\/\/lystes.store\/select\/lambertbeauty\/product\/lola-perruque-closure-55-raw-hair\/#primaryimage","url":"https:\/\/i0.wp.com\/lystes.store\/select\/lambertbeauty\/wp-content\/uploads\/sites\/15\/2025\/06\/1afc8cf67e8744589b2f398e4a46567e.thumbnail.0000000000.jpg?fit=420%2C504&ssl=1","contentUrl":"https:\/\/i0.wp.com\/lystes.store\/select\/lambertbeauty\/wp-content\/uploads\/sites\/15\/2025\/06\/1afc8cf67e8744589b2f398e4a46567e.thumbnail.0000000000.jpg?fit=420%2C504&ssl=1","width":420,"height":504},{"@type":"BreadcrumbList","@id":"https:\/\/lystes.store\/select\/lambertbeauty\/product\/lola-perruque-closure-55-raw-hair\/#breadcrumb","itemListElement":[{"@type":"ListItem","position":1,"name":"Accueil","item":"https:\/\/lystes.store\/select\/lambertbeauty\/"},{"@type":"ListItem","position":2,"name":"Boutique","item":"https:\/\/lystes.store\/select\/lambertbeauty\/boutique\/"},{"@type":"ListItem","position":3,"name":"Lola &#8211; Perruque Closure 5*5 Raw Hair"}]},{"@type":"WebSite","@id":"https:\/\/lystes.store\/select\/lambertbeauty\/#website","url":"https:\/\/lystes.store\/select\/lambertbeauty\/","name":"Lambert Beauty","description":"L&#039;excellence sinon rien","potentialAction":[{"@type":"SearchAction","target":{"@type":"EntryPoint","urlTemplate":"https:\/\/lystes.store\/select\/lambertbeauty\/?s={search_term_string}"},"query-input":{"@type":"PropertyValueSpecification","valueRequired":true,"valueName":"search_term_string"}}],"inLanguage":"fr-FR"}]}},"_links":{"self":[{"href":"https:\/\/lystes.store\/select\/lambertbeauty\/wp-json\/wp\/v2\/product\/119386","targetHints":{"allow":["GET"]}}],"collection":[{"href":"https:\/\/lystes.store\/select\/lambertbeauty\/wp-json\/wp\/v2\/product"}],"about":[{"href":"https:\/\/lystes.store\/select\/lambertbeauty\/wp-json\/wp\/v2\/types\/product"}],"replies":[{"embeddable":true,"href":"https:\/\/lystes.store\/select\/lambertbeauty\/wp-json\/wp\/v2\/comments?post=119386"}],"wp:featuredmedia":[{"embeddable":true,"href":"https:\/\/lystes.store\/select\/lambertbeauty\/wp-json\/wp\/v2\/media\/119387"}],"wp:attachment":[{"href":"https:\/\/lystes.store\/select\/lambertbeauty\/wp-json\/wp\/v2\/media?parent=119386"}],"wp:term":[{"taxonomy":"product_brand","embeddable":true,"href":"https:\/\/lystes.store\/select\/lambertbeauty\/wp-json\/wp\/v2\/product_brand?post=119386"},{"taxonomy":"product_cat","embeddable":true,"href":"https:\/\/lystes.store\/select\/lambertbeauty\/wp-json\/wp\/v2\/product_cat?post=119386"},{"taxonomy":"product_tag","embeddable":true,"href":"https:\/\/lystes.store\/select\/lambertbeauty\/wp-json\/wp\/v2\/product_tag?post=119386"}],"curies":[{"name":"wp","href":"https:\/\/api.w.org\/{rel}","templated":true}]}}