{"id":119290,"date":"2025-06-09T15:15:25","date_gmt":"2025-06-09T13:15:25","guid":{"rendered":"https:\/\/lystes.store\/select\/lambertbeauty\/?post_type=product&#038;p=119290"},"modified":"2025-07-17T13:41:33","modified_gmt":"2025-07-17T11:41:33","slug":"britney-perruque-closure","status":"publish","type":"product","link":"https:\/\/lystes.store\/select\/lambertbeauty\/product\/britney-perruque-closure\/","title":{"rendered":"BRITNEY &#8211; Perruque Closure"},"content":{"rendered":"<ul>\n<li><!--more-->100% Cheveux naturels. 10 pouces. Closure Classique. Toutes nos perruques sont pr\u00e9-customis\u00e9es, coiff\u00e9es et pr\u00eates \u00e0 porter.<\/li>\n<\/ul>\n","protected":false},"excerpt":{"rendered":"<ul>\n<li><!--more-->100% Cheveux naturels. 10 pouces. Closure Classique. Toutes nos perruques sont pr\u00e9-customis\u00e9es, coiff\u00e9es et pr\u00eates \u00e0 porter.<\/li>\n<\/ul>\n","protected":false},"featured_media":119291,"comment_status":"open","ping_status":"closed","template":"","meta":[],"product_brand":[],"product_cat":[15,1072],"product_tag":[],"class_list":{"0":"post-119290","1":"product","2":"type-product","3":"status-publish","4":"has-post-thumbnail","6":"product_cat-shop","7":"product_cat-new","9":"first","10":"instock","11":"taxable","12":"shipping-taxable","13":"purchasable","14":"product-type-variable"},"acf":[],"yoast_head":"<!-- This site is optimized with the Yoast SEO plugin v25.3.1 - https:\/\/yoast.com\/wordpress\/plugins\/seo\/ -->\n<title>BRITNEY - Perruque Closure - Lambert Beauty<\/title>\n<meta name=\"robots\" content=\"index, follow, max-snippet:-1, max-image-preview:large, max-video-preview:-1\" \/>\n<link rel=\"canonical\" href=\"https:\/\/lystes.store\/select\/lambertbeauty\/product\/britney-perruque-closure\/\" \/>\n<meta property=\"og:locale\" content=\"fr_FR\" \/>\n<meta property=\"og:type\" content=\"article\" \/>\n<meta property=\"og:title\" content=\"BRITNEY - Perruque Closure - Lambert Beauty\" \/>\n<meta property=\"og:description\" content=\"100% Cheveux naturels. 10 pouces. Closure Classique. Toutes nos perruques sont pr\u00e9-customis\u00e9es, coiff\u00e9es et pr\u00eates \u00e0 porter.\" \/>\n<meta property=\"og:url\" content=\"https:\/\/lystes.store\/select\/lambertbeauty\/product\/britney-perruque-closure\/\" \/>\n<meta property=\"og:site_name\" content=\"Lambert Beauty\" \/>\n<meta property=\"article:modified_time\" content=\"2025-07-17T11:41:33+00:00\" \/>\n<meta property=\"og:image\" content=\"https:\/\/lystes.store\/select\/lambertbeauty\/wp-content\/uploads\/sites\/15\/2025\/06\/A8338C07-5EB3-44B8-9855-D50E09AD548C.gif\" \/>\n\t<meta property=\"og:image:width\" content=\"360\" \/>\n\t<meta property=\"og:image:height\" content=\"432\" \/>\n\t<meta property=\"og:image:type\" content=\"image\/gif\" \/>\n<meta name=\"twitter:card\" content=\"summary_large_image\" \/>\n<meta name=\"twitter:label1\" content=\"Dur\u00e9e de lecture estim\u00e9e\" \/>\n\t<meta name=\"twitter:data1\" content=\"1 minute\" \/>\n<script type=\"application\/ld+json\" class=\"yoast-schema-graph\">{\"@context\":\"https:\/\/schema.org\",\"@graph\":[{\"@type\":\"WebPage\",\"@id\":\"https:\/\/lystes.store\/select\/lambertbeauty\/product\/britney-perruque-closure\/\",\"url\":\"https:\/\/lystes.store\/select\/lambertbeauty\/product\/britney-perruque-closure\/\",\"name\":\"BRITNEY - Perruque Closure - Lambert Beauty\",\"isPartOf\":{\"@id\":\"https:\/\/lystes.store\/select\/lambertbeauty\/#website\"},\"primaryImageOfPage\":{\"@id\":\"https:\/\/lystes.store\/select\/lambertbeauty\/product\/britney-perruque-closure\/#primaryimage\"},\"image\":{\"@id\":\"https:\/\/lystes.store\/select\/lambertbeauty\/product\/britney-perruque-closure\/#primaryimage\"},\"thumbnailUrl\":\"https:\/\/i0.wp.com\/lystes.store\/select\/lambertbeauty\/wp-content\/uploads\/sites\/15\/2025\/06\/A8338C07-5EB3-44B8-9855-D50E09AD548C.gif?fit=360%2C432&ssl=1\",\"datePublished\":\"2025-06-09T13:15:25+00:00\",\"dateModified\":\"2025-07-17T11:41:33+00:00\",\"breadcrumb\":{\"@id\":\"https:\/\/lystes.store\/select\/lambertbeauty\/product\/britney-perruque-closure\/#breadcrumb\"},\"inLanguage\":\"fr-FR\",\"potentialAction\":[{\"@type\":\"ReadAction\",\"target\":[\"https:\/\/lystes.store\/select\/lambertbeauty\/product\/britney-perruque-closure\/\"]}]},{\"@type\":\"ImageObject\",\"inLanguage\":\"fr-FR\",\"@id\":\"https:\/\/lystes.store\/select\/lambertbeauty\/product\/britney-perruque-closure\/#primaryimage\",\"url\":\"https:\/\/i0.wp.com\/lystes.store\/select\/lambertbeauty\/wp-content\/uploads\/sites\/15\/2025\/06\/A8338C07-5EB3-44B8-9855-D50E09AD548C.gif?fit=360%2C432&ssl=1\",\"contentUrl\":\"https:\/\/i0.wp.com\/lystes.store\/select\/lambertbeauty\/wp-content\/uploads\/sites\/15\/2025\/06\/A8338C07-5EB3-44B8-9855-D50E09AD548C.gif?fit=360%2C432&ssl=1\",\"width\":360,\"height\":432},{\"@type\":\"BreadcrumbList\",\"@id\":\"https:\/\/lystes.store\/select\/lambertbeauty\/product\/britney-perruque-closure\/#breadcrumb\",\"itemListElement\":[{\"@type\":\"ListItem\",\"position\":1,\"name\":\"Accueil\",\"item\":\"https:\/\/lystes.store\/select\/lambertbeauty\/\"},{\"@type\":\"ListItem\",\"position\":2,\"name\":\"Boutique\",\"item\":\"https:\/\/lystes.store\/select\/lambertbeauty\/boutique\/\"},{\"@type\":\"ListItem\",\"position\":3,\"name\":\"BRITNEY &#8211; Perruque Closure\"}]},{\"@type\":\"WebSite\",\"@id\":\"https:\/\/lystes.store\/select\/lambertbeauty\/#website\",\"url\":\"https:\/\/lystes.store\/select\/lambertbeauty\/\",\"name\":\"Lambert Beauty\",\"description\":\"L&#039;excellence sinon rien\",\"potentialAction\":[{\"@type\":\"SearchAction\",\"target\":{\"@type\":\"EntryPoint\",\"urlTemplate\":\"https:\/\/lystes.store\/select\/lambertbeauty\/?s={search_term_string}\"},\"query-input\":{\"@type\":\"PropertyValueSpecification\",\"valueRequired\":true,\"valueName\":\"search_term_string\"}}],\"inLanguage\":\"fr-FR\"}]}<\/script>\n<!-- \/ Yoast SEO plugin. -->","yoast_head_json":{"title":"BRITNEY - Perruque Closure - Lambert Beauty","robots":{"index":"index","follow":"follow","max-snippet":"max-snippet:-1","max-image-preview":"max-image-preview:large","max-video-preview":"max-video-preview:-1"},"canonical":"https:\/\/lystes.store\/select\/lambertbeauty\/product\/britney-perruque-closure\/","og_locale":"fr_FR","og_type":"article","og_title":"BRITNEY - Perruque Closure - Lambert Beauty","og_description":"100% Cheveux naturels. 10 pouces. Closure Classique. Toutes nos perruques sont pr\u00e9-customis\u00e9es, coiff\u00e9es et pr\u00eates \u00e0 porter.","og_url":"https:\/\/lystes.store\/select\/lambertbeauty\/product\/britney-perruque-closure\/","og_site_name":"Lambert Beauty","article_modified_time":"2025-07-17T11:41:33+00:00","og_image":[{"url":"https:\/\/lystes.store\/select\/lambertbeauty\/wp-content\/uploads\/sites\/15\/2025\/06\/A8338C07-5EB3-44B8-9855-D50E09AD548C.gif","width":360,"height":432,"type":"image\/gif"}],"twitter_card":"summary_large_image","twitter_misc":{"Dur\u00e9e de lecture estim\u00e9e":"1 minute"},"schema":{"@context":"https:\/\/schema.org","@graph":[{"@type":"WebPage","@id":"https:\/\/lystes.store\/select\/lambertbeauty\/product\/britney-perruque-closure\/","url":"https:\/\/lystes.store\/select\/lambertbeauty\/product\/britney-perruque-closure\/","name":"BRITNEY - Perruque Closure - Lambert Beauty","isPartOf":{"@id":"https:\/\/lystes.store\/select\/lambertbeauty\/#website"},"primaryImageOfPage":{"@id":"https:\/\/lystes.store\/select\/lambertbeauty\/product\/britney-perruque-closure\/#primaryimage"},"image":{"@id":"https:\/\/lystes.store\/select\/lambertbeauty\/product\/britney-perruque-closure\/#primaryimage"},"thumbnailUrl":"https:\/\/i0.wp.com\/lystes.store\/select\/lambertbeauty\/wp-content\/uploads\/sites\/15\/2025\/06\/A8338C07-5EB3-44B8-9855-D50E09AD548C.gif?fit=360%2C432&ssl=1","datePublished":"2025-06-09T13:15:25+00:00","dateModified":"2025-07-17T11:41:33+00:00","breadcrumb":{"@id":"https:\/\/lystes.store\/select\/lambertbeauty\/product\/britney-perruque-closure\/#breadcrumb"},"inLanguage":"fr-FR","potentialAction":[{"@type":"ReadAction","target":["https:\/\/lystes.store\/select\/lambertbeauty\/product\/britney-perruque-closure\/"]}]},{"@type":"ImageObject","inLanguage":"fr-FR","@id":"https:\/\/lystes.store\/select\/lambertbeauty\/product\/britney-perruque-closure\/#primaryimage","url":"https:\/\/i0.wp.com\/lystes.store\/select\/lambertbeauty\/wp-content\/uploads\/sites\/15\/2025\/06\/A8338C07-5EB3-44B8-9855-D50E09AD548C.gif?fit=360%2C432&ssl=1","contentUrl":"https:\/\/i0.wp.com\/lystes.store\/select\/lambertbeauty\/wp-content\/uploads\/sites\/15\/2025\/06\/A8338C07-5EB3-44B8-9855-D50E09AD548C.gif?fit=360%2C432&ssl=1","width":360,"height":432},{"@type":"BreadcrumbList","@id":"https:\/\/lystes.store\/select\/lambertbeauty\/product\/britney-perruque-closure\/#breadcrumb","itemListElement":[{"@type":"ListItem","position":1,"name":"Accueil","item":"https:\/\/lystes.store\/select\/lambertbeauty\/"},{"@type":"ListItem","position":2,"name":"Boutique","item":"https:\/\/lystes.store\/select\/lambertbeauty\/boutique\/"},{"@type":"ListItem","position":3,"name":"BRITNEY &#8211; Perruque Closure"}]},{"@type":"WebSite","@id":"https:\/\/lystes.store\/select\/lambertbeauty\/#website","url":"https:\/\/lystes.store\/select\/lambertbeauty\/","name":"Lambert Beauty","description":"L&#039;excellence sinon rien","potentialAction":[{"@type":"SearchAction","target":{"@type":"EntryPoint","urlTemplate":"https:\/\/lystes.store\/select\/lambertbeauty\/?s={search_term_string}"},"query-input":{"@type":"PropertyValueSpecification","valueRequired":true,"valueName":"search_term_string"}}],"inLanguage":"fr-FR"}]}},"_links":{"self":[{"href":"https:\/\/lystes.store\/select\/lambertbeauty\/wp-json\/wp\/v2\/product\/119290","targetHints":{"allow":["GET"]}}],"collection":[{"href":"https:\/\/lystes.store\/select\/lambertbeauty\/wp-json\/wp\/v2\/product"}],"about":[{"href":"https:\/\/lystes.store\/select\/lambertbeauty\/wp-json\/wp\/v2\/types\/product"}],"replies":[{"embeddable":true,"href":"https:\/\/lystes.store\/select\/lambertbeauty\/wp-json\/wp\/v2\/comments?post=119290"}],"wp:featuredmedia":[{"embeddable":true,"href":"https:\/\/lystes.store\/select\/lambertbeauty\/wp-json\/wp\/v2\/media\/119291"}],"wp:attachment":[{"href":"https:\/\/lystes.store\/select\/lambertbeauty\/wp-json\/wp\/v2\/media?parent=119290"}],"wp:term":[{"taxonomy":"product_brand","embeddable":true,"href":"https:\/\/lystes.store\/select\/lambertbeauty\/wp-json\/wp\/v2\/product_brand?post=119290"},{"taxonomy":"product_cat","embeddable":true,"href":"https:\/\/lystes.store\/select\/lambertbeauty\/wp-json\/wp\/v2\/product_cat?post=119290"},{"taxonomy":"product_tag","embeddable":true,"href":"https:\/\/lystes.store\/select\/lambertbeauty\/wp-json\/wp\/v2\/product_tag?post=119290"}],"curies":[{"name":"wp","href":"https:\/\/api.w.org\/{rel}","templated":true}]}}