{"id":121709,"date":"2025-07-25T08:15:26","date_gmt":"2025-07-25T06:15:26","guid":{"rendered":"https:\/\/lystes.store\/select\/fannybeauty\/?post_type=product&#038;p=121709"},"modified":"2025-07-25T08:15:42","modified_gmt":"2025-07-25T06:15:42","slug":"pack-de-3-bundles-feline-raw-indien-20%c2%a8-22%c2%a8-24%c2%a8-20%c2%a8-closure-5x5-hd","status":"publish","type":"product","link":"https:\/\/lystes.store\/select\/fannybeauty\/product\/pack-de-3-bundles-feline-raw-indien-20%c2%a8-22%c2%a8-24%c2%a8-20%c2%a8-closure-5x5-hd\/","title":{"rendered":"PACK DE 3 BUNDLES FELINE RAW INDIEN 20\u00a8 22\u00a8 24\u00a8 20\u00a8 CLOSURE 5X5 HD"},"content":{"rendered":"<p>1X 20\u00a8 Feline raw indien<br \/>\n1X 22\u00a8 Feline raw indien<br \/>\n1X 24\u00a8 Feline raw indien<br \/>\n1X 20\u00a8 Closure Raw Hair 5X5 HD indien<\/p>\n","protected":false},"excerpt":{"rendered":"<p>LA PROMO S&rsquo;\u00c9FECTUE SUUR TOUUTES NOS M\u00c8CHES f\u00e9line raw indien<br \/>\n<em><strong>STRAIGHT  &#8211; BODY WAVE &#8211; DEEP WAVE<\/p>\n","protected":false},"featured_media":121428,"comment_status":"closed","ping_status":"closed","template":"","meta":[],"product_brand":[],"product_cat":[1115,1136,1140],"product_tag":[],"class_list":{"0":"post-121709","1":"product","2":"type-product","3":"status-publish","4":"has-post-thumbnail","6":"product_cat-feline-raw-hair","7":"product_cat-pack-nos-extensions","8":"product_cat-pack-saint-valentin","10":"first","11":"instock","12":"taxable","13":"shipping-taxable","14":"purchasable","15":"product-type-variable"},"acf":[],"yoast_head":"<!-- This site is optimized with the Yoast SEO plugin v25.3.1 - https:\/\/yoast.com\/wordpress\/plugins\/seo\/ -->\n<title>PACK DE 3 BUNDLES FELINE RAW INDIEN 20\u00a8 22\u00a8 24\u00a8 20\u00a8 CLOSURE 5X5 HD - Fanny Beauty<\/title>\n<meta name=\"robots\" content=\"index, follow, max-snippet:-1, max-image-preview:large, max-video-preview:-1\" \/>\n<link rel=\"canonical\" href=\"https:\/\/lystes.store\/select\/fannybeauty\/product\/pack-de-3-bundles-feline-raw-indien-20\u00a8-22\u00a8-24\u00a8-20\u00a8-closure-5x5-hd\/\" \/>\n<meta property=\"og:locale\" content=\"fr_FR\" \/>\n<meta property=\"og:type\" content=\"article\" \/>\n<meta property=\"og:title\" content=\"PACK DE 3 BUNDLES FELINE RAW INDIEN 20\u00a8 22\u00a8 24\u00a8 20\u00a8 CLOSURE 5X5 HD - Fanny Beauty\" \/>\n<meta property=\"og:description\" content=\"LA PROMO S&#039;\u00c9FECTUE SUUR TOUUTES NOS M\u00c8CHES f\u00e9line raw indien STRAIGHT - BODY WAVE - DEEP WAVE\" \/>\n<meta property=\"og:url\" content=\"https:\/\/lystes.store\/select\/fannybeauty\/product\/pack-de-3-bundles-feline-raw-indien-20\u00a8-22\u00a8-24\u00a8-20\u00a8-closure-5x5-hd\/\" \/>\n<meta property=\"og:site_name\" content=\"Fanny Beauty\" \/>\n<meta property=\"article:modified_time\" content=\"2025-07-25T06:15:42+00:00\" \/>\n<meta name=\"twitter:card\" content=\"summary_large_image\" \/>\n<script type=\"application\/ld+json\" class=\"yoast-schema-graph\">{\"@context\":\"https:\/\/schema.org\",\"@graph\":[{\"@type\":\"WebPage\",\"@id\":\"https:\/\/lystes.store\/select\/fannybeauty\/product\/pack-de-3-bundles-feline-raw-indien-20%c2%a8-22%c2%a8-24%c2%a8-20%c2%a8-closure-5x5-hd\/\",\"url\":\"https:\/\/lystes.store\/select\/fannybeauty\/product\/pack-de-3-bundles-feline-raw-indien-20%c2%a8-22%c2%a8-24%c2%a8-20%c2%a8-closure-5x5-hd\/\",\"name\":\"PACK DE 3 BUNDLES FELINE RAW INDIEN 20\u00a8 22\u00a8 24\u00a8 20\u00a8 CLOSURE 5X5 HD - Fanny Beauty\",\"isPartOf\":{\"@id\":\"https:\/\/lystes.store\/select\/fannybeauty\/#website\"},\"primaryImageOfPage\":{\"@id\":\"https:\/\/lystes.store\/select\/fannybeauty\/product\/pack-de-3-bundles-feline-raw-indien-20%c2%a8-22%c2%a8-24%c2%a8-20%c2%a8-closure-5x5-hd\/#primaryimage\"},\"image\":{\"@id\":\"https:\/\/lystes.store\/select\/fannybeauty\/product\/pack-de-3-bundles-feline-raw-indien-20%c2%a8-22%c2%a8-24%c2%a8-20%c2%a8-closure-5x5-hd\/#primaryimage\"},\"thumbnailUrl\":\"https:\/\/i0.wp.com\/lystes.store\/select\/fannybeauty\/wp-content\/uploads\/sites\/18\/2025\/07\/53AEBD47-E6CE-4967-9CAA-89B78B692D05.jpeg?fit=1024%2C1024&ssl=1\",\"datePublished\":\"2025-07-25T06:15:26+00:00\",\"dateModified\":\"2025-07-25T06:15:42+00:00\",\"breadcrumb\":{\"@id\":\"https:\/\/lystes.store\/select\/fannybeauty\/product\/pack-de-3-bundles-feline-raw-indien-20%c2%a8-22%c2%a8-24%c2%a8-20%c2%a8-closure-5x5-hd\/#breadcrumb\"},\"inLanguage\":\"fr-FR\",\"potentialAction\":[{\"@type\":\"ReadAction\",\"target\":[\"https:\/\/lystes.store\/select\/fannybeauty\/product\/pack-de-3-bundles-feline-raw-indien-20%c2%a8-22%c2%a8-24%c2%a8-20%c2%a8-closure-5x5-hd\/\"]}]},{\"@type\":\"ImageObject\",\"inLanguage\":\"fr-FR\",\"@id\":\"https:\/\/lystes.store\/select\/fannybeauty\/product\/pack-de-3-bundles-feline-raw-indien-20%c2%a8-22%c2%a8-24%c2%a8-20%c2%a8-closure-5x5-hd\/#primaryimage\",\"url\":\"https:\/\/i0.wp.com\/lystes.store\/select\/fannybeauty\/wp-content\/uploads\/sites\/18\/2025\/07\/53AEBD47-E6CE-4967-9CAA-89B78B692D05.jpeg?fit=1024%2C1024&ssl=1\",\"contentUrl\":\"https:\/\/i0.wp.com\/lystes.store\/select\/fannybeauty\/wp-content\/uploads\/sites\/18\/2025\/07\/53AEBD47-E6CE-4967-9CAA-89B78B692D05.jpeg?fit=1024%2C1024&ssl=1\",\"width\":1024,\"height\":1024},{\"@type\":\"BreadcrumbList\",\"@id\":\"https:\/\/lystes.store\/select\/fannybeauty\/product\/pack-de-3-bundles-feline-raw-indien-20%c2%a8-22%c2%a8-24%c2%a8-20%c2%a8-closure-5x5-hd\/#breadcrumb\",\"itemListElement\":[{\"@type\":\"ListItem\",\"position\":1,\"name\":\"Accueil\",\"item\":\"https:\/\/lystes.store\/select\/fannybeauty\/\"},{\"@type\":\"ListItem\",\"position\":2,\"name\":\"Boutique\",\"item\":\"https:\/\/lystes.store\/select\/fannybeauty\/boutique\/\"},{\"@type\":\"ListItem\",\"position\":3,\"name\":\"PACK DE 3 BUNDLES FELINE RAW INDIEN 20\u00a8 22\u00a8 24\u00a8 20\u00a8 CLOSURE 5X5 HD\"}]},{\"@type\":\"WebSite\",\"@id\":\"https:\/\/lystes.store\/select\/fannybeauty\/#website\",\"url\":\"https:\/\/lystes.store\/select\/fannybeauty\/\",\"name\":\"Fanny Beauty\",\"description\":\"L&#039;excellence sinon rien\",\"potentialAction\":[{\"@type\":\"SearchAction\",\"target\":{\"@type\":\"EntryPoint\",\"urlTemplate\":\"https:\/\/lystes.store\/select\/fannybeauty\/?s={search_term_string}\"},\"query-input\":{\"@type\":\"PropertyValueSpecification\",\"valueRequired\":true,\"valueName\":\"search_term_string\"}}],\"inLanguage\":\"fr-FR\"}]}<\/script>\n<!-- \/ Yoast SEO plugin. -->","yoast_head_json":{"title":"PACK DE 3 BUNDLES FELINE RAW INDIEN 20\u00a8 22\u00a8 24\u00a8 20\u00a8 CLOSURE 5X5 HD - Fanny Beauty","robots":{"index":"index","follow":"follow","max-snippet":"max-snippet:-1","max-image-preview":"max-image-preview:large","max-video-preview":"max-video-preview:-1"},"canonical":"https:\/\/lystes.store\/select\/fannybeauty\/product\/pack-de-3-bundles-feline-raw-indien-20\u00a8-22\u00a8-24\u00a8-20\u00a8-closure-5x5-hd\/","og_locale":"fr_FR","og_type":"article","og_title":"PACK DE 3 BUNDLES FELINE RAW INDIEN 20\u00a8 22\u00a8 24\u00a8 20\u00a8 CLOSURE 5X5 HD - Fanny Beauty","og_description":"LA PROMO S'\u00c9FECTUE SUUR TOUUTES NOS M\u00c8CHES f\u00e9line raw indien STRAIGHT - BODY WAVE - DEEP WAVE","og_url":"https:\/\/lystes.store\/select\/fannybeauty\/product\/pack-de-3-bundles-feline-raw-indien-20\u00a8-22\u00a8-24\u00a8-20\u00a8-closure-5x5-hd\/","og_site_name":"Fanny Beauty","article_modified_time":"2025-07-25T06:15:42+00:00","twitter_card":"summary_large_image","schema":{"@context":"https:\/\/schema.org","@graph":[{"@type":"WebPage","@id":"https:\/\/lystes.store\/select\/fannybeauty\/product\/pack-de-3-bundles-feline-raw-indien-20%c2%a8-22%c2%a8-24%c2%a8-20%c2%a8-closure-5x5-hd\/","url":"https:\/\/lystes.store\/select\/fannybeauty\/product\/pack-de-3-bundles-feline-raw-indien-20%c2%a8-22%c2%a8-24%c2%a8-20%c2%a8-closure-5x5-hd\/","name":"PACK DE 3 BUNDLES FELINE RAW INDIEN 20\u00a8 22\u00a8 24\u00a8 20\u00a8 CLOSURE 5X5 HD - Fanny Beauty","isPartOf":{"@id":"https:\/\/lystes.store\/select\/fannybeauty\/#website"},"primaryImageOfPage":{"@id":"https:\/\/lystes.store\/select\/fannybeauty\/product\/pack-de-3-bundles-feline-raw-indien-20%c2%a8-22%c2%a8-24%c2%a8-20%c2%a8-closure-5x5-hd\/#primaryimage"},"image":{"@id":"https:\/\/lystes.store\/select\/fannybeauty\/product\/pack-de-3-bundles-feline-raw-indien-20%c2%a8-22%c2%a8-24%c2%a8-20%c2%a8-closure-5x5-hd\/#primaryimage"},"thumbnailUrl":"https:\/\/i0.wp.com\/lystes.store\/select\/fannybeauty\/wp-content\/uploads\/sites\/18\/2025\/07\/53AEBD47-E6CE-4967-9CAA-89B78B692D05.jpeg?fit=1024%2C1024&ssl=1","datePublished":"2025-07-25T06:15:26+00:00","dateModified":"2025-07-25T06:15:42+00:00","breadcrumb":{"@id":"https:\/\/lystes.store\/select\/fannybeauty\/product\/pack-de-3-bundles-feline-raw-indien-20%c2%a8-22%c2%a8-24%c2%a8-20%c2%a8-closure-5x5-hd\/#breadcrumb"},"inLanguage":"fr-FR","potentialAction":[{"@type":"ReadAction","target":["https:\/\/lystes.store\/select\/fannybeauty\/product\/pack-de-3-bundles-feline-raw-indien-20%c2%a8-22%c2%a8-24%c2%a8-20%c2%a8-closure-5x5-hd\/"]}]},{"@type":"ImageObject","inLanguage":"fr-FR","@id":"https:\/\/lystes.store\/select\/fannybeauty\/product\/pack-de-3-bundles-feline-raw-indien-20%c2%a8-22%c2%a8-24%c2%a8-20%c2%a8-closure-5x5-hd\/#primaryimage","url":"https:\/\/i0.wp.com\/lystes.store\/select\/fannybeauty\/wp-content\/uploads\/sites\/18\/2025\/07\/53AEBD47-E6CE-4967-9CAA-89B78B692D05.jpeg?fit=1024%2C1024&ssl=1","contentUrl":"https:\/\/i0.wp.com\/lystes.store\/select\/fannybeauty\/wp-content\/uploads\/sites\/18\/2025\/07\/53AEBD47-E6CE-4967-9CAA-89B78B692D05.jpeg?fit=1024%2C1024&ssl=1","width":1024,"height":1024},{"@type":"BreadcrumbList","@id":"https:\/\/lystes.store\/select\/fannybeauty\/product\/pack-de-3-bundles-feline-raw-indien-20%c2%a8-22%c2%a8-24%c2%a8-20%c2%a8-closure-5x5-hd\/#breadcrumb","itemListElement":[{"@type":"ListItem","position":1,"name":"Accueil","item":"https:\/\/lystes.store\/select\/fannybeauty\/"},{"@type":"ListItem","position":2,"name":"Boutique","item":"https:\/\/lystes.store\/select\/fannybeauty\/boutique\/"},{"@type":"ListItem","position":3,"name":"PACK DE 3 BUNDLES FELINE RAW INDIEN 20\u00a8 22\u00a8 24\u00a8 20\u00a8 CLOSURE 5X5 HD"}]},{"@type":"WebSite","@id":"https:\/\/lystes.store\/select\/fannybeauty\/#website","url":"https:\/\/lystes.store\/select\/fannybeauty\/","name":"Fanny Beauty","description":"L&#039;excellence sinon rien","potentialAction":[{"@type":"SearchAction","target":{"@type":"EntryPoint","urlTemplate":"https:\/\/lystes.store\/select\/fannybeauty\/?s={search_term_string}"},"query-input":{"@type":"PropertyValueSpecification","valueRequired":true,"valueName":"search_term_string"}}],"inLanguage":"fr-FR"}]}},"_links":{"self":[{"href":"https:\/\/lystes.store\/select\/fannybeauty\/wp-json\/wp\/v2\/product\/121709","targetHints":{"allow":["GET"]}}],"collection":[{"href":"https:\/\/lystes.store\/select\/fannybeauty\/wp-json\/wp\/v2\/product"}],"about":[{"href":"https:\/\/lystes.store\/select\/fannybeauty\/wp-json\/wp\/v2\/types\/product"}],"replies":[{"embeddable":true,"href":"https:\/\/lystes.store\/select\/fannybeauty\/wp-json\/wp\/v2\/comments?post=121709"}],"wp:featuredmedia":[{"embeddable":true,"href":"https:\/\/lystes.store\/select\/fannybeauty\/wp-json\/wp\/v2\/media\/121428"}],"wp:attachment":[{"href":"https:\/\/lystes.store\/select\/fannybeauty\/wp-json\/wp\/v2\/media?parent=121709"}],"wp:term":[{"taxonomy":"product_brand","embeddable":true,"href":"https:\/\/lystes.store\/select\/fannybeauty\/wp-json\/wp\/v2\/product_brand?post=121709"},{"taxonomy":"product_cat","embeddable":true,"href":"https:\/\/lystes.store\/select\/fannybeauty\/wp-json\/wp\/v2\/product_cat?post=121709"},{"taxonomy":"product_tag","embeddable":true,"href":"https:\/\/lystes.store\/select\/fannybeauty\/wp-json\/wp\/v2\/product_tag?post=121709"}],"curies":[{"name":"wp","href":"https:\/\/api.w.org\/{rel}","templated":true}]}}