{"id":121395,"date":"2025-07-25T08:13:24","date_gmt":"2025-07-25T06:13:24","guid":{"rendered":"https:\/\/lystes.store\/select\/fannybeauty\/?post_type=product&#038;p=121395"},"modified":"2025-07-25T08:13:42","modified_gmt":"2025-07-25T06:13:42","slug":"feline-body-wave-blonde","status":"publish","type":"product","link":"https:\/\/lystes.store\/select\/fannybeauty\/product\/feline-body-wave-blonde\/","title":{"rendered":"F\u00e9line Body Wave Blonde"},"content":{"rendered":"<p>Tissage: Body Wave Blonde<\/p>\n<p>La pose des cheveux FELINE se fait m\u00e8che par m\u00e8che.<\/p>\n<p>Le cheveux blanc est tr\u00e8s appr\u00e9ci\u00e9 pour la r\u00e9alisation de couleur car il n\u2019y a plus besoin de d\u00e9coloration.<\/p>\n<p>Type : 100% vierge, NON trait\u00e9.<\/p>\n<p>Poids : 100 grammes.<\/p>\n<p>2 \u00e0 4 paquets sont n\u00e9cessaires pour tisser une t\u00eate enti\u00e8re.<\/p>\n","protected":false},"excerpt":{"rendered":"<p>Tissage: Body Wave Blonde La pose des cheveux FELINE se fait m\u00e8che par m\u00e8che. Le cheveux blanc est tr\u00e8s appr\u00e9ci\u00e9 pour la r\u00e9alisation de couleur car il n\u2019y a plus besoin de d\u00e9coloration. Type : 100% vierge, NON trait\u00e9. Poids : 100 grammes. 2 \u00e0 4 paquets sont n\u00e9cessaires pour [&hellip;]<\/p>\n","protected":false},"featured_media":121424,"comment_status":"open","ping_status":"closed","template":"","meta":[],"product_brand":[],"product_cat":[1115,1095,1072],"product_tag":[],"class_list":{"0":"post-121395","1":"product","2":"type-product","3":"status-publish","4":"has-post-thumbnail","6":"product_cat-feline-raw-hair","7":"product_cat-meches","8":"product_cat-nos-extensions","10":"first","11":"instock","12":"taxable","13":"shipping-taxable","14":"purchasable","15":"product-type-variable"},"acf":[],"yoast_head":"<!-- This site is optimized with the Yoast SEO plugin v25.3.1 - https:\/\/yoast.com\/wordpress\/plugins\/seo\/ -->\n<title>F\u00e9line Body Wave Blonde - Fanny Beauty<\/title>\n<meta name=\"robots\" content=\"index, follow, max-snippet:-1, max-image-preview:large, max-video-preview:-1\" \/>\n<link rel=\"canonical\" href=\"https:\/\/lystes.store\/select\/fannybeauty\/product\/feline-body-wave-blonde\/\" \/>\n<meta property=\"og:locale\" content=\"fr_FR\" \/>\n<meta property=\"og:type\" content=\"article\" \/>\n<meta property=\"og:title\" content=\"F\u00e9line Body Wave Blonde - Fanny Beauty\" \/>\n<meta property=\"og:description\" content=\"Tissage: Body Wave Blonde La pose des cheveux FELINE se fait m\u00e8che par m\u00e8che. Le cheveux blanc est tr\u00e8s appr\u00e9ci\u00e9 pour la r\u00e9alisation de couleur car il n\u2019y a plus besoin de d\u00e9coloration. Type : 100% vierge, NON trait\u00e9. Poids : 100 grammes. 2 \u00e0 4 paquets sont n\u00e9cessaires pour [&hellip;]\" \/>\n<meta property=\"og:url\" content=\"https:\/\/lystes.store\/select\/fannybeauty\/product\/feline-body-wave-blonde\/\" \/>\n<meta property=\"og:site_name\" content=\"Fanny Beauty\" \/>\n<meta property=\"article:modified_time\" content=\"2025-07-25T06:13:42+00:00\" \/>\n<meta name=\"twitter:card\" content=\"summary_large_image\" \/>\n<script type=\"application\/ld+json\" class=\"yoast-schema-graph\">{\"@context\":\"https:\/\/schema.org\",\"@graph\":[{\"@type\":\"WebPage\",\"@id\":\"https:\/\/lystes.store\/select\/fannybeauty\/product\/feline-body-wave-blonde\/\",\"url\":\"https:\/\/lystes.store\/select\/fannybeauty\/product\/feline-body-wave-blonde\/\",\"name\":\"F\u00e9line Body Wave Blonde - Fanny Beauty\",\"isPartOf\":{\"@id\":\"https:\/\/lystes.store\/select\/fannybeauty\/#website\"},\"primaryImageOfPage\":{\"@id\":\"https:\/\/lystes.store\/select\/fannybeauty\/product\/feline-body-wave-blonde\/#primaryimage\"},\"image\":{\"@id\":\"https:\/\/lystes.store\/select\/fannybeauty\/product\/feline-body-wave-blonde\/#primaryimage\"},\"thumbnailUrl\":\"https:\/\/i0.wp.com\/lystes.store\/select\/fannybeauty\/wp-content\/uploads\/sites\/18\/2025\/07\/4F12842C-9795-49DF-8BA4-4C4C424003C8.jpeg?fit=999%2C931&ssl=1\",\"datePublished\":\"2025-07-25T06:13:24+00:00\",\"dateModified\":\"2025-07-25T06:13:42+00:00\",\"breadcrumb\":{\"@id\":\"https:\/\/lystes.store\/select\/fannybeauty\/product\/feline-body-wave-blonde\/#breadcrumb\"},\"inLanguage\":\"fr-FR\",\"potentialAction\":[{\"@type\":\"ReadAction\",\"target\":[\"https:\/\/lystes.store\/select\/fannybeauty\/product\/feline-body-wave-blonde\/\"]}]},{\"@type\":\"ImageObject\",\"inLanguage\":\"fr-FR\",\"@id\":\"https:\/\/lystes.store\/select\/fannybeauty\/product\/feline-body-wave-blonde\/#primaryimage\",\"url\":\"https:\/\/i0.wp.com\/lystes.store\/select\/fannybeauty\/wp-content\/uploads\/sites\/18\/2025\/07\/4F12842C-9795-49DF-8BA4-4C4C424003C8.jpeg?fit=999%2C931&ssl=1\",\"contentUrl\":\"https:\/\/i0.wp.com\/lystes.store\/select\/fannybeauty\/wp-content\/uploads\/sites\/18\/2025\/07\/4F12842C-9795-49DF-8BA4-4C4C424003C8.jpeg?fit=999%2C931&ssl=1\",\"width\":999,\"height\":931},{\"@type\":\"BreadcrumbList\",\"@id\":\"https:\/\/lystes.store\/select\/fannybeauty\/product\/feline-body-wave-blonde\/#breadcrumb\",\"itemListElement\":[{\"@type\":\"ListItem\",\"position\":1,\"name\":\"Accueil\",\"item\":\"https:\/\/lystes.store\/select\/fannybeauty\/\"},{\"@type\":\"ListItem\",\"position\":2,\"name\":\"Boutique\",\"item\":\"https:\/\/lystes.store\/select\/fannybeauty\/boutique\/\"},{\"@type\":\"ListItem\",\"position\":3,\"name\":\"F\u00e9line Body Wave Blonde\"}]},{\"@type\":\"WebSite\",\"@id\":\"https:\/\/lystes.store\/select\/fannybeauty\/#website\",\"url\":\"https:\/\/lystes.store\/select\/fannybeauty\/\",\"name\":\"Fanny Beauty\",\"description\":\"L&#039;excellence sinon rien\",\"potentialAction\":[{\"@type\":\"SearchAction\",\"target\":{\"@type\":\"EntryPoint\",\"urlTemplate\":\"https:\/\/lystes.store\/select\/fannybeauty\/?s={search_term_string}\"},\"query-input\":{\"@type\":\"PropertyValueSpecification\",\"valueRequired\":true,\"valueName\":\"search_term_string\"}}],\"inLanguage\":\"fr-FR\"}]}<\/script>\n<!-- \/ Yoast SEO plugin. -->","yoast_head_json":{"title":"F\u00e9line Body Wave Blonde - Fanny Beauty","robots":{"index":"index","follow":"follow","max-snippet":"max-snippet:-1","max-image-preview":"max-image-preview:large","max-video-preview":"max-video-preview:-1"},"canonical":"https:\/\/lystes.store\/select\/fannybeauty\/product\/feline-body-wave-blonde\/","og_locale":"fr_FR","og_type":"article","og_title":"F\u00e9line Body Wave Blonde - Fanny Beauty","og_description":"Tissage: Body Wave Blonde La pose des cheveux FELINE se fait m\u00e8che par m\u00e8che. Le cheveux blanc est tr\u00e8s appr\u00e9ci\u00e9 pour la r\u00e9alisation de couleur car il n\u2019y a plus besoin de d\u00e9coloration. Type : 100% vierge, NON trait\u00e9. Poids : 100 grammes. 2 \u00e0 4 paquets sont n\u00e9cessaires pour [&hellip;]","og_url":"https:\/\/lystes.store\/select\/fannybeauty\/product\/feline-body-wave-blonde\/","og_site_name":"Fanny Beauty","article_modified_time":"2025-07-25T06:13:42+00:00","twitter_card":"summary_large_image","schema":{"@context":"https:\/\/schema.org","@graph":[{"@type":"WebPage","@id":"https:\/\/lystes.store\/select\/fannybeauty\/product\/feline-body-wave-blonde\/","url":"https:\/\/lystes.store\/select\/fannybeauty\/product\/feline-body-wave-blonde\/","name":"F\u00e9line Body Wave Blonde - Fanny Beauty","isPartOf":{"@id":"https:\/\/lystes.store\/select\/fannybeauty\/#website"},"primaryImageOfPage":{"@id":"https:\/\/lystes.store\/select\/fannybeauty\/product\/feline-body-wave-blonde\/#primaryimage"},"image":{"@id":"https:\/\/lystes.store\/select\/fannybeauty\/product\/feline-body-wave-blonde\/#primaryimage"},"thumbnailUrl":"https:\/\/i0.wp.com\/lystes.store\/select\/fannybeauty\/wp-content\/uploads\/sites\/18\/2025\/07\/4F12842C-9795-49DF-8BA4-4C4C424003C8.jpeg?fit=999%2C931&ssl=1","datePublished":"2025-07-25T06:13:24+00:00","dateModified":"2025-07-25T06:13:42+00:00","breadcrumb":{"@id":"https:\/\/lystes.store\/select\/fannybeauty\/product\/feline-body-wave-blonde\/#breadcrumb"},"inLanguage":"fr-FR","potentialAction":[{"@type":"ReadAction","target":["https:\/\/lystes.store\/select\/fannybeauty\/product\/feline-body-wave-blonde\/"]}]},{"@type":"ImageObject","inLanguage":"fr-FR","@id":"https:\/\/lystes.store\/select\/fannybeauty\/product\/feline-body-wave-blonde\/#primaryimage","url":"https:\/\/i0.wp.com\/lystes.store\/select\/fannybeauty\/wp-content\/uploads\/sites\/18\/2025\/07\/4F12842C-9795-49DF-8BA4-4C4C424003C8.jpeg?fit=999%2C931&ssl=1","contentUrl":"https:\/\/i0.wp.com\/lystes.store\/select\/fannybeauty\/wp-content\/uploads\/sites\/18\/2025\/07\/4F12842C-9795-49DF-8BA4-4C4C424003C8.jpeg?fit=999%2C931&ssl=1","width":999,"height":931},{"@type":"BreadcrumbList","@id":"https:\/\/lystes.store\/select\/fannybeauty\/product\/feline-body-wave-blonde\/#breadcrumb","itemListElement":[{"@type":"ListItem","position":1,"name":"Accueil","item":"https:\/\/lystes.store\/select\/fannybeauty\/"},{"@type":"ListItem","position":2,"name":"Boutique","item":"https:\/\/lystes.store\/select\/fannybeauty\/boutique\/"},{"@type":"ListItem","position":3,"name":"F\u00e9line Body Wave Blonde"}]},{"@type":"WebSite","@id":"https:\/\/lystes.store\/select\/fannybeauty\/#website","url":"https:\/\/lystes.store\/select\/fannybeauty\/","name":"Fanny Beauty","description":"L&#039;excellence sinon rien","potentialAction":[{"@type":"SearchAction","target":{"@type":"EntryPoint","urlTemplate":"https:\/\/lystes.store\/select\/fannybeauty\/?s={search_term_string}"},"query-input":{"@type":"PropertyValueSpecification","valueRequired":true,"valueName":"search_term_string"}}],"inLanguage":"fr-FR"}]}},"_links":{"self":[{"href":"https:\/\/lystes.store\/select\/fannybeauty\/wp-json\/wp\/v2\/product\/121395","targetHints":{"allow":["GET"]}}],"collection":[{"href":"https:\/\/lystes.store\/select\/fannybeauty\/wp-json\/wp\/v2\/product"}],"about":[{"href":"https:\/\/lystes.store\/select\/fannybeauty\/wp-json\/wp\/v2\/types\/product"}],"replies":[{"embeddable":true,"href":"https:\/\/lystes.store\/select\/fannybeauty\/wp-json\/wp\/v2\/comments?post=121395"}],"wp:featuredmedia":[{"embeddable":true,"href":"https:\/\/lystes.store\/select\/fannybeauty\/wp-json\/wp\/v2\/media\/121424"}],"wp:attachment":[{"href":"https:\/\/lystes.store\/select\/fannybeauty\/wp-json\/wp\/v2\/media?parent=121395"}],"wp:term":[{"taxonomy":"product_brand","embeddable":true,"href":"https:\/\/lystes.store\/select\/fannybeauty\/wp-json\/wp\/v2\/product_brand?post=121395"},{"taxonomy":"product_cat","embeddable":true,"href":"https:\/\/lystes.store\/select\/fannybeauty\/wp-json\/wp\/v2\/product_cat?post=121395"},{"taxonomy":"product_tag","embeddable":true,"href":"https:\/\/lystes.store\/select\/fannybeauty\/wp-json\/wp\/v2\/product_tag?post=121395"}],"curies":[{"name":"wp","href":"https:\/\/api.w.org\/{rel}","templated":true}]}}