{"id":120059,"date":"2025-07-25T08:06:34","date_gmt":"2025-07-25T06:06:34","guid":{"rendered":"https:\/\/lystes.store\/select\/fannybeauty\/?post_type=product&#038;p=120059"},"modified":"2025-07-25T08:06:44","modified_gmt":"2025-07-25T06:06:44","slug":"tape-deep-wave","status":"publish","type":"product","link":"https:\/\/lystes.store\/select\/fannybeauty\/product\/tape-deep-wave\/","title":{"rendered":"TAPE DEEP WAVE"},"content":{"rendered":"","protected":false},"excerpt":{"rendered":"<p><strong>RAW HAIR CAMBODGIENNE<\/strong><\/p>\n<p>Elles sont discr\u00e8tes, souples et d\u2019allure naturelle.<\/p>\n<p>Les bandes adh\u00e9sives se placent parfaitement align\u00e9es contre la t\u00eate pour un effet quasiment ind\u00e9tectable et sont confortables \u00e0 porter. La bordure adh\u00e9sive que nous proposons sur les syst\u00e8mes du tape sur tape est actuellement la plus petite sur le march\u00e9.<\/p>\n<p>* Les bandes adh\u00e9sives sont enduites d\u2019un adh\u00e9sif de qualit\u00e9 m\u00e9dicale, elles sont donc hypoallerg\u00e9niques. L&rsquo;adh\u00e9sif est fort et restera fermement en place.<br \/>\n* Il est tr\u00e8s important pour la sant\u00e9 de vos cheveux que le retrait se fasse au salon.<\/p>\n<p>Nous proposons des paquets de 50 grammes. Pour une t\u00eate, il faut pr\u00e9voir entre 6 et 8 paquets.<\/p>\n","protected":false},"featured_media":120080,"comment_status":"open","ping_status":"closed","template":"","meta":[],"product_brand":[],"product_cat":[1072,1127],"product_tag":[],"class_list":{"0":"post-120059","1":"product","2":"type-product","3":"status-publish","4":"has-post-thumbnail","6":"product_cat-nos-extensions","7":"product_cat-tapes","9":"first","10":"instock","11":"taxable","12":"shipping-taxable","13":"purchasable","14":"product-type-variable"},"acf":[],"yoast_head":"<!-- This site is optimized with the Yoast SEO plugin v25.3.1 - https:\/\/yoast.com\/wordpress\/plugins\/seo\/ -->\n<title>TAPE DEEP WAVE - Fanny Beauty<\/title>\n<meta name=\"robots\" content=\"index, follow, max-snippet:-1, max-image-preview:large, max-video-preview:-1\" \/>\n<link rel=\"canonical\" href=\"https:\/\/lystes.store\/select\/fannybeauty\/product\/tape-deep-wave\/\" \/>\n<meta property=\"og:locale\" content=\"fr_FR\" \/>\n<meta property=\"og:type\" content=\"article\" \/>\n<meta property=\"og:title\" content=\"TAPE DEEP WAVE - Fanny Beauty\" \/>\n<meta property=\"og:description\" content=\"RAW HAIR CAMBODGIENNE  Elles sont discr\u00e8tes, souples et d\u2019allure naturelle.  Les bandes adh\u00e9sives se placent parfaitement align\u00e9es contre la t\u00eate pour un effet quasiment ind\u00e9tectable et sont confortables \u00e0 porter. La bordure adh\u00e9sive que nous proposons sur les syst\u00e8mes du tape sur tape est actuellement la plus petite sur le march\u00e9.  * Les bandes adh\u00e9sives sont enduites d\u2019un adh\u00e9sif de qualit\u00e9 m\u00e9dicale, elles sont donc hypoallerg\u00e9niques. L&#039;adh\u00e9sif est fort et restera fermement en place. * Il est tr\u00e8s important pour la sant\u00e9 de vos cheveux que le retrait se fasse au salon.  Nous proposons des paquets de 50 grammes. Pour une t\u00eate, il faut pr\u00e9voir entre 6 et 8 paquets.\" \/>\n<meta property=\"og:url\" content=\"https:\/\/lystes.store\/select\/fannybeauty\/product\/tape-deep-wave\/\" \/>\n<meta property=\"og:site_name\" content=\"Fanny Beauty\" \/>\n<meta property=\"article:modified_time\" content=\"2025-07-25T06:06:44+00:00\" \/>\n<meta name=\"twitter:card\" content=\"summary_large_image\" \/>\n<script type=\"application\/ld+json\" class=\"yoast-schema-graph\">{\"@context\":\"https:\/\/schema.org\",\"@graph\":[{\"@type\":\"WebPage\",\"@id\":\"https:\/\/lystes.store\/select\/fannybeauty\/product\/tape-deep-wave\/\",\"url\":\"https:\/\/lystes.store\/select\/fannybeauty\/product\/tape-deep-wave\/\",\"name\":\"TAPE DEEP WAVE - Fanny Beauty\",\"isPartOf\":{\"@id\":\"https:\/\/lystes.store\/select\/fannybeauty\/#website\"},\"primaryImageOfPage\":{\"@id\":\"https:\/\/lystes.store\/select\/fannybeauty\/product\/tape-deep-wave\/#primaryimage\"},\"image\":{\"@id\":\"https:\/\/lystes.store\/select\/fannybeauty\/product\/tape-deep-wave\/#primaryimage\"},\"thumbnailUrl\":\"https:\/\/i0.wp.com\/lystes.store\/select\/fannybeauty\/wp-content\/uploads\/sites\/18\/2025\/07\/VBC_PRODUCTS_VietnameseDeepWaveTAPEINS.webp?fit=800%2C980&ssl=1\",\"datePublished\":\"2025-07-25T06:06:34+00:00\",\"dateModified\":\"2025-07-25T06:06:44+00:00\",\"breadcrumb\":{\"@id\":\"https:\/\/lystes.store\/select\/fannybeauty\/product\/tape-deep-wave\/#breadcrumb\"},\"inLanguage\":\"fr-FR\",\"potentialAction\":[{\"@type\":\"ReadAction\",\"target\":[\"https:\/\/lystes.store\/select\/fannybeauty\/product\/tape-deep-wave\/\"]}]},{\"@type\":\"ImageObject\",\"inLanguage\":\"fr-FR\",\"@id\":\"https:\/\/lystes.store\/select\/fannybeauty\/product\/tape-deep-wave\/#primaryimage\",\"url\":\"https:\/\/i0.wp.com\/lystes.store\/select\/fannybeauty\/wp-content\/uploads\/sites\/18\/2025\/07\/VBC_PRODUCTS_VietnameseDeepWaveTAPEINS.webp?fit=800%2C980&ssl=1\",\"contentUrl\":\"https:\/\/i0.wp.com\/lystes.store\/select\/fannybeauty\/wp-content\/uploads\/sites\/18\/2025\/07\/VBC_PRODUCTS_VietnameseDeepWaveTAPEINS.webp?fit=800%2C980&ssl=1\",\"width\":800,\"height\":980},{\"@type\":\"BreadcrumbList\",\"@id\":\"https:\/\/lystes.store\/select\/fannybeauty\/product\/tape-deep-wave\/#breadcrumb\",\"itemListElement\":[{\"@type\":\"ListItem\",\"position\":1,\"name\":\"Accueil\",\"item\":\"https:\/\/lystes.store\/select\/fannybeauty\/\"},{\"@type\":\"ListItem\",\"position\":2,\"name\":\"Boutique\",\"item\":\"https:\/\/lystes.store\/select\/fannybeauty\/boutique\/\"},{\"@type\":\"ListItem\",\"position\":3,\"name\":\"TAPE DEEP WAVE\"}]},{\"@type\":\"WebSite\",\"@id\":\"https:\/\/lystes.store\/select\/fannybeauty\/#website\",\"url\":\"https:\/\/lystes.store\/select\/fannybeauty\/\",\"name\":\"Fanny Beauty\",\"description\":\"L&#039;excellence sinon rien\",\"potentialAction\":[{\"@type\":\"SearchAction\",\"target\":{\"@type\":\"EntryPoint\",\"urlTemplate\":\"https:\/\/lystes.store\/select\/fannybeauty\/?s={search_term_string}\"},\"query-input\":{\"@type\":\"PropertyValueSpecification\",\"valueRequired\":true,\"valueName\":\"search_term_string\"}}],\"inLanguage\":\"fr-FR\"}]}<\/script>\n<!-- \/ Yoast SEO plugin. -->","yoast_head_json":{"title":"TAPE DEEP WAVE - Fanny Beauty","robots":{"index":"index","follow":"follow","max-snippet":"max-snippet:-1","max-image-preview":"max-image-preview:large","max-video-preview":"max-video-preview:-1"},"canonical":"https:\/\/lystes.store\/select\/fannybeauty\/product\/tape-deep-wave\/","og_locale":"fr_FR","og_type":"article","og_title":"TAPE DEEP WAVE - Fanny Beauty","og_description":"RAW HAIR CAMBODGIENNE  Elles sont discr\u00e8tes, souples et d\u2019allure naturelle.  Les bandes adh\u00e9sives se placent parfaitement align\u00e9es contre la t\u00eate pour un effet quasiment ind\u00e9tectable et sont confortables \u00e0 porter. La bordure adh\u00e9sive que nous proposons sur les syst\u00e8mes du tape sur tape est actuellement la plus petite sur le march\u00e9.  * Les bandes adh\u00e9sives sont enduites d\u2019un adh\u00e9sif de qualit\u00e9 m\u00e9dicale, elles sont donc hypoallerg\u00e9niques. L'adh\u00e9sif est fort et restera fermement en place. * Il est tr\u00e8s important pour la sant\u00e9 de vos cheveux que le retrait se fasse au salon.  Nous proposons des paquets de 50 grammes. Pour une t\u00eate, il faut pr\u00e9voir entre 6 et 8 paquets.","og_url":"https:\/\/lystes.store\/select\/fannybeauty\/product\/tape-deep-wave\/","og_site_name":"Fanny Beauty","article_modified_time":"2025-07-25T06:06:44+00:00","twitter_card":"summary_large_image","schema":{"@context":"https:\/\/schema.org","@graph":[{"@type":"WebPage","@id":"https:\/\/lystes.store\/select\/fannybeauty\/product\/tape-deep-wave\/","url":"https:\/\/lystes.store\/select\/fannybeauty\/product\/tape-deep-wave\/","name":"TAPE DEEP WAVE - Fanny Beauty","isPartOf":{"@id":"https:\/\/lystes.store\/select\/fannybeauty\/#website"},"primaryImageOfPage":{"@id":"https:\/\/lystes.store\/select\/fannybeauty\/product\/tape-deep-wave\/#primaryimage"},"image":{"@id":"https:\/\/lystes.store\/select\/fannybeauty\/product\/tape-deep-wave\/#primaryimage"},"thumbnailUrl":"https:\/\/i0.wp.com\/lystes.store\/select\/fannybeauty\/wp-content\/uploads\/sites\/18\/2025\/07\/VBC_PRODUCTS_VietnameseDeepWaveTAPEINS.webp?fit=800%2C980&ssl=1","datePublished":"2025-07-25T06:06:34+00:00","dateModified":"2025-07-25T06:06:44+00:00","breadcrumb":{"@id":"https:\/\/lystes.store\/select\/fannybeauty\/product\/tape-deep-wave\/#breadcrumb"},"inLanguage":"fr-FR","potentialAction":[{"@type":"ReadAction","target":["https:\/\/lystes.store\/select\/fannybeauty\/product\/tape-deep-wave\/"]}]},{"@type":"ImageObject","inLanguage":"fr-FR","@id":"https:\/\/lystes.store\/select\/fannybeauty\/product\/tape-deep-wave\/#primaryimage","url":"https:\/\/i0.wp.com\/lystes.store\/select\/fannybeauty\/wp-content\/uploads\/sites\/18\/2025\/07\/VBC_PRODUCTS_VietnameseDeepWaveTAPEINS.webp?fit=800%2C980&ssl=1","contentUrl":"https:\/\/i0.wp.com\/lystes.store\/select\/fannybeauty\/wp-content\/uploads\/sites\/18\/2025\/07\/VBC_PRODUCTS_VietnameseDeepWaveTAPEINS.webp?fit=800%2C980&ssl=1","width":800,"height":980},{"@type":"BreadcrumbList","@id":"https:\/\/lystes.store\/select\/fannybeauty\/product\/tape-deep-wave\/#breadcrumb","itemListElement":[{"@type":"ListItem","position":1,"name":"Accueil","item":"https:\/\/lystes.store\/select\/fannybeauty\/"},{"@type":"ListItem","position":2,"name":"Boutique","item":"https:\/\/lystes.store\/select\/fannybeauty\/boutique\/"},{"@type":"ListItem","position":3,"name":"TAPE DEEP WAVE"}]},{"@type":"WebSite","@id":"https:\/\/lystes.store\/select\/fannybeauty\/#website","url":"https:\/\/lystes.store\/select\/fannybeauty\/","name":"Fanny Beauty","description":"L&#039;excellence sinon rien","potentialAction":[{"@type":"SearchAction","target":{"@type":"EntryPoint","urlTemplate":"https:\/\/lystes.store\/select\/fannybeauty\/?s={search_term_string}"},"query-input":{"@type":"PropertyValueSpecification","valueRequired":true,"valueName":"search_term_string"}}],"inLanguage":"fr-FR"}]}},"_links":{"self":[{"href":"https:\/\/lystes.store\/select\/fannybeauty\/wp-json\/wp\/v2\/product\/120059","targetHints":{"allow":["GET"]}}],"collection":[{"href":"https:\/\/lystes.store\/select\/fannybeauty\/wp-json\/wp\/v2\/product"}],"about":[{"href":"https:\/\/lystes.store\/select\/fannybeauty\/wp-json\/wp\/v2\/types\/product"}],"replies":[{"embeddable":true,"href":"https:\/\/lystes.store\/select\/fannybeauty\/wp-json\/wp\/v2\/comments?post=120059"}],"wp:featuredmedia":[{"embeddable":true,"href":"https:\/\/lystes.store\/select\/fannybeauty\/wp-json\/wp\/v2\/media\/120080"}],"wp:attachment":[{"href":"https:\/\/lystes.store\/select\/fannybeauty\/wp-json\/wp\/v2\/media?parent=120059"}],"wp:term":[{"taxonomy":"product_brand","embeddable":true,"href":"https:\/\/lystes.store\/select\/fannybeauty\/wp-json\/wp\/v2\/product_brand?post=120059"},{"taxonomy":"product_cat","embeddable":true,"href":"https:\/\/lystes.store\/select\/fannybeauty\/wp-json\/wp\/v2\/product_cat?post=120059"},{"taxonomy":"product_tag","embeddable":true,"href":"https:\/\/lystes.store\/select\/fannybeauty\/wp-json\/wp\/v2\/product_tag?post=120059"}],"curies":[{"name":"wp","href":"https:\/\/api.w.org\/{rel}","templated":true}]}}