{"id":120045,"date":"2025-07-25T08:06:32","date_gmt":"2025-07-25T06:06:32","guid":{"rendered":"https:\/\/lystes.store\/select\/fannybeauty\/?post_type=product&#038;p=120045"},"modified":"2025-07-25T08:06:44","modified_gmt":"2025-07-25T06:06:44","slug":"courteney","status":"publish","type":"product","link":"https:\/\/lystes.store\/select\/fannybeauty\/product\/courteney\/","title":{"rendered":"COURTENEY"},"content":{"rendered":"<p>COMMENT MESURER SON TOUR DE T\u00caTE :<\/p>\n<p>Pour bien choisir la taille de votre wig, mesurez votre tour de t\u00eate \u00e0 environ 1 cm au dessus des sourcils et des oreilles.<\/p>\n<p>Veillez \u00e0 ne pas trop serrer.<\/p>\n<p>Si vous n\u2019avez pas de m\u00e8tre de couturi\u00e8re, utilisez une ficelle pour la mesurer par la suite. Si la mesure tombe entre deux grandeurs, nous vous conseillons de choisir la plus grande pour un meilleur confort.<\/p>\n<p>Nos perruques sont livr\u00e9es avec 1 \u00e9lastique bande \u00e0 l\u2019int\u00e9rieur. Il permet de r\u00e9duire le tour de t\u00eate et ainsi de les ajuster sur mesure.<\/p>\n<p>Vous souhaitez offrir une wig en cadeau \u00e0 une proche ? Pour trouver son tour de t\u00eate, nous vous conseillons de ne pas prendre de risque inutile et de tout simplement lui demander.<\/p>\n<p>Sachez qu\u2019en g\u00e9n\u00e9ral :<\/p>\n<ul>\n<li>si vous avez une touffe de cheveux bien \u00e9paisse, il\u00a0faudra opter pour \u00ab un bonnet L \u00bb<\/li>\n<li>si vous n\u2019avez jamais \u00e9t\u00e9 interloqu\u00e9e \u00e0 ce sujet, c\u2019est que vous faites \u00ab un bonnet M \u00bb<\/li>\n<li>si vous \u00eates plut\u00f4t \u00abbonnet S \u00bb, c&rsquo;est que vous avez d\u00fb le remarquer tout au long de votre vie&#8230;<\/li>\n<\/ul>\n","protected":false},"excerpt":{"rendered":"<p><strong>PR\u00c9NOM <\/strong>COURTNEY<\/p>\n<p><strong>STYLE <\/strong>LACE FRONTALE<\/p>\n<p><strong>DENSIT\u00c9 <\/strong>180%<\/p>\n<p><strong>CAP CONSTRUCTION <\/strong>CONFECTION MACHINE<\/p>\n<p><strong>TEXTURE<\/strong> BODY WAVE<\/p>\n<p><strong>COULEUR <\/strong>NATUREL<\/p>\n<p><strong>ELASTIC BAND <\/strong>OUI<\/p>\n<p><strong>NOEUDS BLANCHIS <\/strong>NON<\/p>\n<p><strong>CUSTOMISABLE <\/strong>NON<\/p>\n","protected":false},"featured_media":120073,"comment_status":"open","ping_status":"closed","template":"","meta":[],"product_brand":[],"product_cat":[1101],"product_tag":[],"class_list":{"0":"post-120045","1":"product","2":"type-product","3":"status-publish","4":"has-post-thumbnail","6":"product_cat-august-exclusif","8":"first","9":"instock","10":"taxable","11":"shipping-taxable","12":"purchasable","13":"product-type-variable"},"acf":[],"yoast_head":"<!-- This site is optimized with the Yoast SEO plugin v25.3.1 - https:\/\/yoast.com\/wordpress\/plugins\/seo\/ -->\n<title>COURTENEY - Fanny Beauty<\/title>\n<meta name=\"robots\" content=\"index, follow, max-snippet:-1, max-image-preview:large, max-video-preview:-1\" \/>\n<link rel=\"canonical\" href=\"https:\/\/lystes.store\/select\/fannybeauty\/product\/courteney\/\" \/>\n<meta property=\"og:locale\" content=\"fr_FR\" \/>\n<meta property=\"og:type\" content=\"article\" \/>\n<meta property=\"og:title\" content=\"COURTENEY - Fanny Beauty\" \/>\n<meta property=\"og:description\" content=\"PR\u00c9NOM COURTNEY  STYLE LACE FRONTALE  DENSIT\u00c9 180%  CAP CONSTRUCTION CONFECTION MACHINE  TEXTURE BODY WAVE  COULEUR NATUREL  ELASTIC BAND OUI  NOEUDS BLANCHIS NON  CUSTOMISABLE NON\" \/>\n<meta property=\"og:url\" content=\"https:\/\/lystes.store\/select\/fannybeauty\/product\/courteney\/\" \/>\n<meta property=\"og:site_name\" content=\"Fanny Beauty\" \/>\n<meta property=\"article:modified_time\" content=\"2025-07-25T06:06:44+00:00\" \/>\n<meta name=\"twitter:card\" content=\"summary_large_image\" \/>\n<meta name=\"twitter:label1\" content=\"Dur\u00e9e de lecture estim\u00e9e\" \/>\n\t<meta name=\"twitter:data1\" content=\"1 minute\" \/>\n<script type=\"application\/ld+json\" class=\"yoast-schema-graph\">{\"@context\":\"https:\/\/schema.org\",\"@graph\":[{\"@type\":\"WebPage\",\"@id\":\"https:\/\/lystes.store\/select\/fannybeauty\/product\/courteney\/\",\"url\":\"https:\/\/lystes.store\/select\/fannybeauty\/product\/courteney\/\",\"name\":\"COURTENEY - Fanny Beauty\",\"isPartOf\":{\"@id\":\"https:\/\/lystes.store\/select\/fannybeauty\/#website\"},\"primaryImageOfPage\":{\"@id\":\"https:\/\/lystes.store\/select\/fannybeauty\/product\/courteney\/#primaryimage\"},\"image\":{\"@id\":\"https:\/\/lystes.store\/select\/fannybeauty\/product\/courteney\/#primaryimage\"},\"thumbnailUrl\":\"https:\/\/i0.wp.com\/lystes.store\/select\/fannybeauty\/wp-content\/uploads\/sites\/18\/2025\/07\/IMG_20220805_113433.jpg?fit=720%2C720&ssl=1\",\"datePublished\":\"2025-07-25T06:06:32+00:00\",\"dateModified\":\"2025-07-25T06:06:44+00:00\",\"breadcrumb\":{\"@id\":\"https:\/\/lystes.store\/select\/fannybeauty\/product\/courteney\/#breadcrumb\"},\"inLanguage\":\"fr-FR\",\"potentialAction\":[{\"@type\":\"ReadAction\",\"target\":[\"https:\/\/lystes.store\/select\/fannybeauty\/product\/courteney\/\"]}]},{\"@type\":\"ImageObject\",\"inLanguage\":\"fr-FR\",\"@id\":\"https:\/\/lystes.store\/select\/fannybeauty\/product\/courteney\/#primaryimage\",\"url\":\"https:\/\/i0.wp.com\/lystes.store\/select\/fannybeauty\/wp-content\/uploads\/sites\/18\/2025\/07\/IMG_20220805_113433.jpg?fit=720%2C720&ssl=1\",\"contentUrl\":\"https:\/\/i0.wp.com\/lystes.store\/select\/fannybeauty\/wp-content\/uploads\/sites\/18\/2025\/07\/IMG_20220805_113433.jpg?fit=720%2C720&ssl=1\",\"width\":720,\"height\":720},{\"@type\":\"BreadcrumbList\",\"@id\":\"https:\/\/lystes.store\/select\/fannybeauty\/product\/courteney\/#breadcrumb\",\"itemListElement\":[{\"@type\":\"ListItem\",\"position\":1,\"name\":\"Accueil\",\"item\":\"https:\/\/lystes.store\/select\/fannybeauty\/\"},{\"@type\":\"ListItem\",\"position\":2,\"name\":\"Boutique\",\"item\":\"https:\/\/lystes.store\/select\/fannybeauty\/boutique\/\"},{\"@type\":\"ListItem\",\"position\":3,\"name\":\"COURTENEY\"}]},{\"@type\":\"WebSite\",\"@id\":\"https:\/\/lystes.store\/select\/fannybeauty\/#website\",\"url\":\"https:\/\/lystes.store\/select\/fannybeauty\/\",\"name\":\"Fanny Beauty\",\"description\":\"L&#039;excellence sinon rien\",\"potentialAction\":[{\"@type\":\"SearchAction\",\"target\":{\"@type\":\"EntryPoint\",\"urlTemplate\":\"https:\/\/lystes.store\/select\/fannybeauty\/?s={search_term_string}\"},\"query-input\":{\"@type\":\"PropertyValueSpecification\",\"valueRequired\":true,\"valueName\":\"search_term_string\"}}],\"inLanguage\":\"fr-FR\"}]}<\/script>\n<!-- \/ Yoast SEO plugin. -->","yoast_head_json":{"title":"COURTENEY - Fanny Beauty","robots":{"index":"index","follow":"follow","max-snippet":"max-snippet:-1","max-image-preview":"max-image-preview:large","max-video-preview":"max-video-preview:-1"},"canonical":"https:\/\/lystes.store\/select\/fannybeauty\/product\/courteney\/","og_locale":"fr_FR","og_type":"article","og_title":"COURTENEY - Fanny Beauty","og_description":"PR\u00c9NOM COURTNEY  STYLE LACE FRONTALE  DENSIT\u00c9 180%  CAP CONSTRUCTION CONFECTION MACHINE  TEXTURE BODY WAVE  COULEUR NATUREL  ELASTIC BAND OUI  NOEUDS BLANCHIS NON  CUSTOMISABLE NON","og_url":"https:\/\/lystes.store\/select\/fannybeauty\/product\/courteney\/","og_site_name":"Fanny Beauty","article_modified_time":"2025-07-25T06:06:44+00:00","twitter_card":"summary_large_image","twitter_misc":{"Dur\u00e9e de lecture estim\u00e9e":"1 minute"},"schema":{"@context":"https:\/\/schema.org","@graph":[{"@type":"WebPage","@id":"https:\/\/lystes.store\/select\/fannybeauty\/product\/courteney\/","url":"https:\/\/lystes.store\/select\/fannybeauty\/product\/courteney\/","name":"COURTENEY - Fanny Beauty","isPartOf":{"@id":"https:\/\/lystes.store\/select\/fannybeauty\/#website"},"primaryImageOfPage":{"@id":"https:\/\/lystes.store\/select\/fannybeauty\/product\/courteney\/#primaryimage"},"image":{"@id":"https:\/\/lystes.store\/select\/fannybeauty\/product\/courteney\/#primaryimage"},"thumbnailUrl":"https:\/\/i0.wp.com\/lystes.store\/select\/fannybeauty\/wp-content\/uploads\/sites\/18\/2025\/07\/IMG_20220805_113433.jpg?fit=720%2C720&ssl=1","datePublished":"2025-07-25T06:06:32+00:00","dateModified":"2025-07-25T06:06:44+00:00","breadcrumb":{"@id":"https:\/\/lystes.store\/select\/fannybeauty\/product\/courteney\/#breadcrumb"},"inLanguage":"fr-FR","potentialAction":[{"@type":"ReadAction","target":["https:\/\/lystes.store\/select\/fannybeauty\/product\/courteney\/"]}]},{"@type":"ImageObject","inLanguage":"fr-FR","@id":"https:\/\/lystes.store\/select\/fannybeauty\/product\/courteney\/#primaryimage","url":"https:\/\/i0.wp.com\/lystes.store\/select\/fannybeauty\/wp-content\/uploads\/sites\/18\/2025\/07\/IMG_20220805_113433.jpg?fit=720%2C720&ssl=1","contentUrl":"https:\/\/i0.wp.com\/lystes.store\/select\/fannybeauty\/wp-content\/uploads\/sites\/18\/2025\/07\/IMG_20220805_113433.jpg?fit=720%2C720&ssl=1","width":720,"height":720},{"@type":"BreadcrumbList","@id":"https:\/\/lystes.store\/select\/fannybeauty\/product\/courteney\/#breadcrumb","itemListElement":[{"@type":"ListItem","position":1,"name":"Accueil","item":"https:\/\/lystes.store\/select\/fannybeauty\/"},{"@type":"ListItem","position":2,"name":"Boutique","item":"https:\/\/lystes.store\/select\/fannybeauty\/boutique\/"},{"@type":"ListItem","position":3,"name":"COURTENEY"}]},{"@type":"WebSite","@id":"https:\/\/lystes.store\/select\/fannybeauty\/#website","url":"https:\/\/lystes.store\/select\/fannybeauty\/","name":"Fanny Beauty","description":"L&#039;excellence sinon rien","potentialAction":[{"@type":"SearchAction","target":{"@type":"EntryPoint","urlTemplate":"https:\/\/lystes.store\/select\/fannybeauty\/?s={search_term_string}"},"query-input":{"@type":"PropertyValueSpecification","valueRequired":true,"valueName":"search_term_string"}}],"inLanguage":"fr-FR"}]}},"_links":{"self":[{"href":"https:\/\/lystes.store\/select\/fannybeauty\/wp-json\/wp\/v2\/product\/120045","targetHints":{"allow":["GET"]}}],"collection":[{"href":"https:\/\/lystes.store\/select\/fannybeauty\/wp-json\/wp\/v2\/product"}],"about":[{"href":"https:\/\/lystes.store\/select\/fannybeauty\/wp-json\/wp\/v2\/types\/product"}],"replies":[{"embeddable":true,"href":"https:\/\/lystes.store\/select\/fannybeauty\/wp-json\/wp\/v2\/comments?post=120045"}],"wp:featuredmedia":[{"embeddable":true,"href":"https:\/\/lystes.store\/select\/fannybeauty\/wp-json\/wp\/v2\/media\/120073"}],"wp:attachment":[{"href":"https:\/\/lystes.store\/select\/fannybeauty\/wp-json\/wp\/v2\/media?parent=120045"}],"wp:term":[{"taxonomy":"product_brand","embeddable":true,"href":"https:\/\/lystes.store\/select\/fannybeauty\/wp-json\/wp\/v2\/product_brand?post=120045"},{"taxonomy":"product_cat","embeddable":true,"href":"https:\/\/lystes.store\/select\/fannybeauty\/wp-json\/wp\/v2\/product_cat?post=120045"},{"taxonomy":"product_tag","embeddable":true,"href":"https:\/\/lystes.store\/select\/fannybeauty\/wp-json\/wp\/v2\/product_tag?post=120045"}],"curies":[{"name":"wp","href":"https:\/\/api.w.org\/{rel}","templated":true}]}}