{"id":119955,"date":"2025-07-25T08:05:59","date_gmt":"2025-07-25T06:05:59","guid":{"rendered":"https:\/\/lystes.store\/select\/fannybeauty\/?post_type=product&#038;p=119955"},"modified":"2025-07-25T08:06:05","modified_gmt":"2025-07-25T06:06:05","slug":"lawson-paris-rare","status":"publish","type":"product","link":"https:\/\/lystes.store\/select\/fannybeauty\/product\/lawson-paris-rare\/","title":{"rendered":"Lawson Paris &#8211; RARE"},"content":{"rendered":"<p>Rare :\u00a0100ml<\/p>\n<p>Fabriqu\u00e9 en France, sur la c\u00f4te d\u2019azur ; \u201cRARE\u201d un \u00e9lixir myst\u00e9rieux et envo\u00fbtant o\u00f9 les notes de framboises, de bois et d\u2019ambre s\u2019allient \u00e9l\u00e9gamment. Une fragrance au sillage envo\u00fbtant et sensuel pour une femme moderne\u2026 une empreinte inoubliable<\/p>\n","protected":false},"excerpt":{"rendered":"<p>Rare :\u00a0100ml Fabriqu\u00e9 en France, sur la c\u00f4te d\u2019azur ; \u201cRARE\u201d un \u00e9lixir myst\u00e9rieux et envo\u00fbtant o\u00f9 les notes de framboises, de bois et d\u2019ambre s\u2019allient \u00e9l\u00e9gamment. Une fragrance au sillage envo\u00fbtant et sensuel pour une femme moderne\u2026 une empreinte inoubliable<\/p>\n","protected":false},"featured_media":119974,"comment_status":"open","ping_status":"closed","template":"","meta":[],"product_brand":[],"product_cat":[1128],"product_tag":[],"class_list":{"0":"post-119955","1":"product","2":"type-product","3":"status-publish","4":"has-post-thumbnail","6":"product_cat-parfum","8":"first","9":"instock","10":"taxable","11":"shipping-taxable","12":"purchasable","13":"product-type-simple"},"acf":[],"yoast_head":"<!-- This site is optimized with the Yoast SEO plugin v25.3.1 - https:\/\/yoast.com\/wordpress\/plugins\/seo\/ -->\n<title>Lawson Paris - RARE - Fanny Beauty<\/title>\n<meta name=\"robots\" content=\"index, follow, max-snippet:-1, max-image-preview:large, max-video-preview:-1\" \/>\n<link rel=\"canonical\" href=\"https:\/\/lystes.store\/select\/fannybeauty\/product\/lawson-paris-rare\/\" \/>\n<meta property=\"og:locale\" content=\"fr_FR\" \/>\n<meta property=\"og:type\" content=\"article\" \/>\n<meta property=\"og:title\" content=\"Lawson Paris - RARE - Fanny Beauty\" \/>\n<meta property=\"og:description\" content=\"Rare :\u00a0100ml Fabriqu\u00e9 en France, sur la c\u00f4te d\u2019azur ; \u201cRARE\u201d un \u00e9lixir myst\u00e9rieux et envo\u00fbtant o\u00f9 les notes de framboises, de bois et d\u2019ambre s\u2019allient \u00e9l\u00e9gamment. Une fragrance au sillage envo\u00fbtant et sensuel pour une femme moderne\u2026 une empreinte inoubliable\" \/>\n<meta property=\"og:url\" content=\"https:\/\/lystes.store\/select\/fannybeauty\/product\/lawson-paris-rare\/\" \/>\n<meta property=\"og:site_name\" content=\"Fanny Beauty\" \/>\n<meta property=\"article:modified_time\" content=\"2025-07-25T06:06:05+00:00\" \/>\n<meta name=\"twitter:card\" content=\"summary_large_image\" \/>\n<script type=\"application\/ld+json\" class=\"yoast-schema-graph\">{\"@context\":\"https:\/\/schema.org\",\"@graph\":[{\"@type\":\"WebPage\",\"@id\":\"https:\/\/lystes.store\/select\/fannybeauty\/product\/lawson-paris-rare\/\",\"url\":\"https:\/\/lystes.store\/select\/fannybeauty\/product\/lawson-paris-rare\/\",\"name\":\"Lawson Paris - RARE - Fanny Beauty\",\"isPartOf\":{\"@id\":\"https:\/\/lystes.store\/select\/fannybeauty\/#website\"},\"primaryImageOfPage\":{\"@id\":\"https:\/\/lystes.store\/select\/fannybeauty\/product\/lawson-paris-rare\/#primaryimage\"},\"image\":{\"@id\":\"https:\/\/lystes.store\/select\/fannybeauty\/product\/lawson-paris-rare\/#primaryimage\"},\"thumbnailUrl\":\"https:\/\/i0.wp.com\/lystes.store\/select\/fannybeauty\/wp-content\/uploads\/sites\/18\/2025\/07\/WhatsApp-Image-2022-04-29-at-16.17.41.jpeg?fit=720%2C710&ssl=1\",\"datePublished\":\"2025-07-25T06:05:59+00:00\",\"dateModified\":\"2025-07-25T06:06:05+00:00\",\"breadcrumb\":{\"@id\":\"https:\/\/lystes.store\/select\/fannybeauty\/product\/lawson-paris-rare\/#breadcrumb\"},\"inLanguage\":\"fr-FR\",\"potentialAction\":[{\"@type\":\"ReadAction\",\"target\":[\"https:\/\/lystes.store\/select\/fannybeauty\/product\/lawson-paris-rare\/\"]}]},{\"@type\":\"ImageObject\",\"inLanguage\":\"fr-FR\",\"@id\":\"https:\/\/lystes.store\/select\/fannybeauty\/product\/lawson-paris-rare\/#primaryimage\",\"url\":\"https:\/\/i0.wp.com\/lystes.store\/select\/fannybeauty\/wp-content\/uploads\/sites\/18\/2025\/07\/WhatsApp-Image-2022-04-29-at-16.17.41.jpeg?fit=720%2C710&ssl=1\",\"contentUrl\":\"https:\/\/i0.wp.com\/lystes.store\/select\/fannybeauty\/wp-content\/uploads\/sites\/18\/2025\/07\/WhatsApp-Image-2022-04-29-at-16.17.41.jpeg?fit=720%2C710&ssl=1\",\"width\":720,\"height\":710},{\"@type\":\"BreadcrumbList\",\"@id\":\"https:\/\/lystes.store\/select\/fannybeauty\/product\/lawson-paris-rare\/#breadcrumb\",\"itemListElement\":[{\"@type\":\"ListItem\",\"position\":1,\"name\":\"Accueil\",\"item\":\"https:\/\/lystes.store\/select\/fannybeauty\/\"},{\"@type\":\"ListItem\",\"position\":2,\"name\":\"Boutique\",\"item\":\"https:\/\/lystes.store\/select\/fannybeauty\/boutique\/\"},{\"@type\":\"ListItem\",\"position\":3,\"name\":\"Lawson Paris &#8211; RARE\"}]},{\"@type\":\"WebSite\",\"@id\":\"https:\/\/lystes.store\/select\/fannybeauty\/#website\",\"url\":\"https:\/\/lystes.store\/select\/fannybeauty\/\",\"name\":\"Fanny Beauty\",\"description\":\"L&#039;excellence sinon rien\",\"potentialAction\":[{\"@type\":\"SearchAction\",\"target\":{\"@type\":\"EntryPoint\",\"urlTemplate\":\"https:\/\/lystes.store\/select\/fannybeauty\/?s={search_term_string}\"},\"query-input\":{\"@type\":\"PropertyValueSpecification\",\"valueRequired\":true,\"valueName\":\"search_term_string\"}}],\"inLanguage\":\"fr-FR\"}]}<\/script>\n<!-- \/ Yoast SEO plugin. -->","yoast_head_json":{"title":"Lawson Paris - RARE - Fanny Beauty","robots":{"index":"index","follow":"follow","max-snippet":"max-snippet:-1","max-image-preview":"max-image-preview:large","max-video-preview":"max-video-preview:-1"},"canonical":"https:\/\/lystes.store\/select\/fannybeauty\/product\/lawson-paris-rare\/","og_locale":"fr_FR","og_type":"article","og_title":"Lawson Paris - RARE - Fanny Beauty","og_description":"Rare :\u00a0100ml Fabriqu\u00e9 en France, sur la c\u00f4te d\u2019azur ; \u201cRARE\u201d un \u00e9lixir myst\u00e9rieux et envo\u00fbtant o\u00f9 les notes de framboises, de bois et d\u2019ambre s\u2019allient \u00e9l\u00e9gamment. Une fragrance au sillage envo\u00fbtant et sensuel pour une femme moderne\u2026 une empreinte inoubliable","og_url":"https:\/\/lystes.store\/select\/fannybeauty\/product\/lawson-paris-rare\/","og_site_name":"Fanny Beauty","article_modified_time":"2025-07-25T06:06:05+00:00","twitter_card":"summary_large_image","schema":{"@context":"https:\/\/schema.org","@graph":[{"@type":"WebPage","@id":"https:\/\/lystes.store\/select\/fannybeauty\/product\/lawson-paris-rare\/","url":"https:\/\/lystes.store\/select\/fannybeauty\/product\/lawson-paris-rare\/","name":"Lawson Paris - RARE - Fanny Beauty","isPartOf":{"@id":"https:\/\/lystes.store\/select\/fannybeauty\/#website"},"primaryImageOfPage":{"@id":"https:\/\/lystes.store\/select\/fannybeauty\/product\/lawson-paris-rare\/#primaryimage"},"image":{"@id":"https:\/\/lystes.store\/select\/fannybeauty\/product\/lawson-paris-rare\/#primaryimage"},"thumbnailUrl":"https:\/\/i0.wp.com\/lystes.store\/select\/fannybeauty\/wp-content\/uploads\/sites\/18\/2025\/07\/WhatsApp-Image-2022-04-29-at-16.17.41.jpeg?fit=720%2C710&ssl=1","datePublished":"2025-07-25T06:05:59+00:00","dateModified":"2025-07-25T06:06:05+00:00","breadcrumb":{"@id":"https:\/\/lystes.store\/select\/fannybeauty\/product\/lawson-paris-rare\/#breadcrumb"},"inLanguage":"fr-FR","potentialAction":[{"@type":"ReadAction","target":["https:\/\/lystes.store\/select\/fannybeauty\/product\/lawson-paris-rare\/"]}]},{"@type":"ImageObject","inLanguage":"fr-FR","@id":"https:\/\/lystes.store\/select\/fannybeauty\/product\/lawson-paris-rare\/#primaryimage","url":"https:\/\/i0.wp.com\/lystes.store\/select\/fannybeauty\/wp-content\/uploads\/sites\/18\/2025\/07\/WhatsApp-Image-2022-04-29-at-16.17.41.jpeg?fit=720%2C710&ssl=1","contentUrl":"https:\/\/i0.wp.com\/lystes.store\/select\/fannybeauty\/wp-content\/uploads\/sites\/18\/2025\/07\/WhatsApp-Image-2022-04-29-at-16.17.41.jpeg?fit=720%2C710&ssl=1","width":720,"height":710},{"@type":"BreadcrumbList","@id":"https:\/\/lystes.store\/select\/fannybeauty\/product\/lawson-paris-rare\/#breadcrumb","itemListElement":[{"@type":"ListItem","position":1,"name":"Accueil","item":"https:\/\/lystes.store\/select\/fannybeauty\/"},{"@type":"ListItem","position":2,"name":"Boutique","item":"https:\/\/lystes.store\/select\/fannybeauty\/boutique\/"},{"@type":"ListItem","position":3,"name":"Lawson Paris &#8211; RARE"}]},{"@type":"WebSite","@id":"https:\/\/lystes.store\/select\/fannybeauty\/#website","url":"https:\/\/lystes.store\/select\/fannybeauty\/","name":"Fanny Beauty","description":"L&#039;excellence sinon rien","potentialAction":[{"@type":"SearchAction","target":{"@type":"EntryPoint","urlTemplate":"https:\/\/lystes.store\/select\/fannybeauty\/?s={search_term_string}"},"query-input":{"@type":"PropertyValueSpecification","valueRequired":true,"valueName":"search_term_string"}}],"inLanguage":"fr-FR"}]}},"_links":{"self":[{"href":"https:\/\/lystes.store\/select\/fannybeauty\/wp-json\/wp\/v2\/product\/119955","targetHints":{"allow":["GET"]}}],"collection":[{"href":"https:\/\/lystes.store\/select\/fannybeauty\/wp-json\/wp\/v2\/product"}],"about":[{"href":"https:\/\/lystes.store\/select\/fannybeauty\/wp-json\/wp\/v2\/types\/product"}],"replies":[{"embeddable":true,"href":"https:\/\/lystes.store\/select\/fannybeauty\/wp-json\/wp\/v2\/comments?post=119955"}],"wp:featuredmedia":[{"embeddable":true,"href":"https:\/\/lystes.store\/select\/fannybeauty\/wp-json\/wp\/v2\/media\/119974"}],"wp:attachment":[{"href":"https:\/\/lystes.store\/select\/fannybeauty\/wp-json\/wp\/v2\/media?parent=119955"}],"wp:term":[{"taxonomy":"product_brand","embeddable":true,"href":"https:\/\/lystes.store\/select\/fannybeauty\/wp-json\/wp\/v2\/product_brand?post=119955"},{"taxonomy":"product_cat","embeddable":true,"href":"https:\/\/lystes.store\/select\/fannybeauty\/wp-json\/wp\/v2\/product_cat?post=119955"},{"taxonomy":"product_tag","embeddable":true,"href":"https:\/\/lystes.store\/select\/fannybeauty\/wp-json\/wp\/v2\/product_tag?post=119955"}],"curies":[{"name":"wp","href":"https:\/\/api.w.org\/{rel}","templated":true}]}}