{"id":119954,"date":"2025-07-25T08:05:59","date_gmt":"2025-07-25T06:05:59","guid":{"rendered":"https:\/\/lystes.store\/select\/fannybeauty\/?post_type=product&#038;p=119954"},"modified":"2025-07-25T08:06:04","modified_gmt":"2025-07-25T06:06:04","slug":"lawson-paris-icone","status":"publish","type":"product","link":"https:\/\/lystes.store\/select\/fannybeauty\/product\/lawson-paris-icone\/","title":{"rendered":"Lawson Paris &#8211; ICONE"},"content":{"rendered":"<p>Ic\u00f4ne : 100ml<\/p>\n<p>Charismatique et charnelle, Ic\u00f4ne est une fragrance rayonnante o\u00f9 des notes florales solaires et vanill\u00e9es s\u2019allient aux senteurs acidul\u00e9es de la mangue et de l\u2019ananas.<\/p>\n<p>Une cr\u00e9ation olfactive aux accents exotiques con\u00e7ue autour de fleur blanches des \u00eeles et de fruits tropicaux.<\/p>\n<p>Une signature gourmande, mais surtout unique qui laisse un sillage vertigineux\u2026addictif .<\/p>\n<p>&nbsp;<\/p>\n","protected":false},"excerpt":{"rendered":"<p>Ic\u00f4ne : 100ml Charismatique et charnelle, Ic\u00f4ne est une fragrance rayonnante o\u00f9 des notes florales solaires et vanill\u00e9es s\u2019allient aux senteurs acidul\u00e9es de la mangue et de l\u2019ananas. Une cr\u00e9ation olfactive aux accents exotiques con\u00e7ue autour de fleur blanches des \u00eeles et de fruits tropicaux. Une signature gourmande, mais surtout [&hellip;]<\/p>\n","protected":false},"featured_media":119973,"comment_status":"open","ping_status":"closed","template":"","meta":[],"product_brand":[],"product_cat":[1128],"product_tag":[],"class_list":{"0":"post-119954","1":"product","2":"type-product","3":"status-publish","4":"has-post-thumbnail","6":"product_cat-parfum","8":"first","9":"instock","10":"taxable","11":"shipping-taxable","12":"purchasable","13":"product-type-simple"},"acf":[],"yoast_head":"<!-- This site is optimized with the Yoast SEO plugin v25.3.1 - https:\/\/yoast.com\/wordpress\/plugins\/seo\/ -->\n<title>Lawson Paris - ICONE - Fanny Beauty<\/title>\n<meta name=\"robots\" content=\"index, follow, max-snippet:-1, max-image-preview:large, max-video-preview:-1\" \/>\n<link rel=\"canonical\" href=\"https:\/\/lystes.store\/select\/fannybeauty\/product\/lawson-paris-icone\/\" \/>\n<meta property=\"og:locale\" content=\"fr_FR\" \/>\n<meta property=\"og:type\" content=\"article\" \/>\n<meta property=\"og:title\" content=\"Lawson Paris - ICONE - Fanny Beauty\" \/>\n<meta property=\"og:description\" content=\"Ic\u00f4ne : 100ml Charismatique et charnelle, Ic\u00f4ne est une fragrance rayonnante o\u00f9 des notes florales solaires et vanill\u00e9es s\u2019allient aux senteurs acidul\u00e9es de la mangue et de l\u2019ananas. Une cr\u00e9ation olfactive aux accents exotiques con\u00e7ue autour de fleur blanches des \u00eeles et de fruits tropicaux. Une signature gourmande, mais surtout [&hellip;]\" \/>\n<meta property=\"og:url\" content=\"https:\/\/lystes.store\/select\/fannybeauty\/product\/lawson-paris-icone\/\" \/>\n<meta property=\"og:site_name\" content=\"Fanny Beauty\" \/>\n<meta property=\"article:modified_time\" content=\"2025-07-25T06:06:04+00:00\" \/>\n<meta name=\"twitter:card\" content=\"summary_large_image\" \/>\n<script type=\"application\/ld+json\" class=\"yoast-schema-graph\">{\"@context\":\"https:\/\/schema.org\",\"@graph\":[{\"@type\":\"WebPage\",\"@id\":\"https:\/\/lystes.store\/select\/fannybeauty\/product\/lawson-paris-icone\/\",\"url\":\"https:\/\/lystes.store\/select\/fannybeauty\/product\/lawson-paris-icone\/\",\"name\":\"Lawson Paris - ICONE - Fanny Beauty\",\"isPartOf\":{\"@id\":\"https:\/\/lystes.store\/select\/fannybeauty\/#website\"},\"primaryImageOfPage\":{\"@id\":\"https:\/\/lystes.store\/select\/fannybeauty\/product\/lawson-paris-icone\/#primaryimage\"},\"image\":{\"@id\":\"https:\/\/lystes.store\/select\/fannybeauty\/product\/lawson-paris-icone\/#primaryimage\"},\"thumbnailUrl\":\"https:\/\/i0.wp.com\/lystes.store\/select\/fannybeauty\/wp-content\/uploads\/sites\/18\/2025\/07\/WhatsApp-Image-2022-04-29-at-16.17.34.jpeg?fit=720%2C904&ssl=1\",\"datePublished\":\"2025-07-25T06:05:59+00:00\",\"dateModified\":\"2025-07-25T06:06:04+00:00\",\"breadcrumb\":{\"@id\":\"https:\/\/lystes.store\/select\/fannybeauty\/product\/lawson-paris-icone\/#breadcrumb\"},\"inLanguage\":\"fr-FR\",\"potentialAction\":[{\"@type\":\"ReadAction\",\"target\":[\"https:\/\/lystes.store\/select\/fannybeauty\/product\/lawson-paris-icone\/\"]}]},{\"@type\":\"ImageObject\",\"inLanguage\":\"fr-FR\",\"@id\":\"https:\/\/lystes.store\/select\/fannybeauty\/product\/lawson-paris-icone\/#primaryimage\",\"url\":\"https:\/\/i0.wp.com\/lystes.store\/select\/fannybeauty\/wp-content\/uploads\/sites\/18\/2025\/07\/WhatsApp-Image-2022-04-29-at-16.17.34.jpeg?fit=720%2C904&ssl=1\",\"contentUrl\":\"https:\/\/i0.wp.com\/lystes.store\/select\/fannybeauty\/wp-content\/uploads\/sites\/18\/2025\/07\/WhatsApp-Image-2022-04-29-at-16.17.34.jpeg?fit=720%2C904&ssl=1\",\"width\":720,\"height\":904},{\"@type\":\"BreadcrumbList\",\"@id\":\"https:\/\/lystes.store\/select\/fannybeauty\/product\/lawson-paris-icone\/#breadcrumb\",\"itemListElement\":[{\"@type\":\"ListItem\",\"position\":1,\"name\":\"Accueil\",\"item\":\"https:\/\/lystes.store\/select\/fannybeauty\/\"},{\"@type\":\"ListItem\",\"position\":2,\"name\":\"Boutique\",\"item\":\"https:\/\/lystes.store\/select\/fannybeauty\/boutique\/\"},{\"@type\":\"ListItem\",\"position\":3,\"name\":\"Lawson Paris &#8211; ICONE\"}]},{\"@type\":\"WebSite\",\"@id\":\"https:\/\/lystes.store\/select\/fannybeauty\/#website\",\"url\":\"https:\/\/lystes.store\/select\/fannybeauty\/\",\"name\":\"Fanny Beauty\",\"description\":\"L&#039;excellence sinon rien\",\"potentialAction\":[{\"@type\":\"SearchAction\",\"target\":{\"@type\":\"EntryPoint\",\"urlTemplate\":\"https:\/\/lystes.store\/select\/fannybeauty\/?s={search_term_string}\"},\"query-input\":{\"@type\":\"PropertyValueSpecification\",\"valueRequired\":true,\"valueName\":\"search_term_string\"}}],\"inLanguage\":\"fr-FR\"}]}<\/script>\n<!-- \/ Yoast SEO plugin. -->","yoast_head_json":{"title":"Lawson Paris - ICONE - Fanny Beauty","robots":{"index":"index","follow":"follow","max-snippet":"max-snippet:-1","max-image-preview":"max-image-preview:large","max-video-preview":"max-video-preview:-1"},"canonical":"https:\/\/lystes.store\/select\/fannybeauty\/product\/lawson-paris-icone\/","og_locale":"fr_FR","og_type":"article","og_title":"Lawson Paris - ICONE - Fanny Beauty","og_description":"Ic\u00f4ne : 100ml Charismatique et charnelle, Ic\u00f4ne est une fragrance rayonnante o\u00f9 des notes florales solaires et vanill\u00e9es s\u2019allient aux senteurs acidul\u00e9es de la mangue et de l\u2019ananas. Une cr\u00e9ation olfactive aux accents exotiques con\u00e7ue autour de fleur blanches des \u00eeles et de fruits tropicaux. Une signature gourmande, mais surtout [&hellip;]","og_url":"https:\/\/lystes.store\/select\/fannybeauty\/product\/lawson-paris-icone\/","og_site_name":"Fanny Beauty","article_modified_time":"2025-07-25T06:06:04+00:00","twitter_card":"summary_large_image","schema":{"@context":"https:\/\/schema.org","@graph":[{"@type":"WebPage","@id":"https:\/\/lystes.store\/select\/fannybeauty\/product\/lawson-paris-icone\/","url":"https:\/\/lystes.store\/select\/fannybeauty\/product\/lawson-paris-icone\/","name":"Lawson Paris - ICONE - Fanny Beauty","isPartOf":{"@id":"https:\/\/lystes.store\/select\/fannybeauty\/#website"},"primaryImageOfPage":{"@id":"https:\/\/lystes.store\/select\/fannybeauty\/product\/lawson-paris-icone\/#primaryimage"},"image":{"@id":"https:\/\/lystes.store\/select\/fannybeauty\/product\/lawson-paris-icone\/#primaryimage"},"thumbnailUrl":"https:\/\/i0.wp.com\/lystes.store\/select\/fannybeauty\/wp-content\/uploads\/sites\/18\/2025\/07\/WhatsApp-Image-2022-04-29-at-16.17.34.jpeg?fit=720%2C904&ssl=1","datePublished":"2025-07-25T06:05:59+00:00","dateModified":"2025-07-25T06:06:04+00:00","breadcrumb":{"@id":"https:\/\/lystes.store\/select\/fannybeauty\/product\/lawson-paris-icone\/#breadcrumb"},"inLanguage":"fr-FR","potentialAction":[{"@type":"ReadAction","target":["https:\/\/lystes.store\/select\/fannybeauty\/product\/lawson-paris-icone\/"]}]},{"@type":"ImageObject","inLanguage":"fr-FR","@id":"https:\/\/lystes.store\/select\/fannybeauty\/product\/lawson-paris-icone\/#primaryimage","url":"https:\/\/i0.wp.com\/lystes.store\/select\/fannybeauty\/wp-content\/uploads\/sites\/18\/2025\/07\/WhatsApp-Image-2022-04-29-at-16.17.34.jpeg?fit=720%2C904&ssl=1","contentUrl":"https:\/\/i0.wp.com\/lystes.store\/select\/fannybeauty\/wp-content\/uploads\/sites\/18\/2025\/07\/WhatsApp-Image-2022-04-29-at-16.17.34.jpeg?fit=720%2C904&ssl=1","width":720,"height":904},{"@type":"BreadcrumbList","@id":"https:\/\/lystes.store\/select\/fannybeauty\/product\/lawson-paris-icone\/#breadcrumb","itemListElement":[{"@type":"ListItem","position":1,"name":"Accueil","item":"https:\/\/lystes.store\/select\/fannybeauty\/"},{"@type":"ListItem","position":2,"name":"Boutique","item":"https:\/\/lystes.store\/select\/fannybeauty\/boutique\/"},{"@type":"ListItem","position":3,"name":"Lawson Paris &#8211; ICONE"}]},{"@type":"WebSite","@id":"https:\/\/lystes.store\/select\/fannybeauty\/#website","url":"https:\/\/lystes.store\/select\/fannybeauty\/","name":"Fanny Beauty","description":"L&#039;excellence sinon rien","potentialAction":[{"@type":"SearchAction","target":{"@type":"EntryPoint","urlTemplate":"https:\/\/lystes.store\/select\/fannybeauty\/?s={search_term_string}"},"query-input":{"@type":"PropertyValueSpecification","valueRequired":true,"valueName":"search_term_string"}}],"inLanguage":"fr-FR"}]}},"_links":{"self":[{"href":"https:\/\/lystes.store\/select\/fannybeauty\/wp-json\/wp\/v2\/product\/119954","targetHints":{"allow":["GET"]}}],"collection":[{"href":"https:\/\/lystes.store\/select\/fannybeauty\/wp-json\/wp\/v2\/product"}],"about":[{"href":"https:\/\/lystes.store\/select\/fannybeauty\/wp-json\/wp\/v2\/types\/product"}],"replies":[{"embeddable":true,"href":"https:\/\/lystes.store\/select\/fannybeauty\/wp-json\/wp\/v2\/comments?post=119954"}],"wp:featuredmedia":[{"embeddable":true,"href":"https:\/\/lystes.store\/select\/fannybeauty\/wp-json\/wp\/v2\/media\/119973"}],"wp:attachment":[{"href":"https:\/\/lystes.store\/select\/fannybeauty\/wp-json\/wp\/v2\/media?parent=119954"}],"wp:term":[{"taxonomy":"product_brand","embeddable":true,"href":"https:\/\/lystes.store\/select\/fannybeauty\/wp-json\/wp\/v2\/product_brand?post=119954"},{"taxonomy":"product_cat","embeddable":true,"href":"https:\/\/lystes.store\/select\/fannybeauty\/wp-json\/wp\/v2\/product_cat?post=119954"},{"taxonomy":"product_tag","embeddable":true,"href":"https:\/\/lystes.store\/select\/fannybeauty\/wp-json\/wp\/v2\/product_tag?post=119954"}],"curies":[{"name":"wp","href":"https:\/\/api.w.org\/{rel}","templated":true}]}}