{"id":119901,"date":"2025-07-25T08:05:40","date_gmt":"2025-07-25T06:05:40","guid":{"rendered":"https:\/\/lystes.store\/select\/fannybeauty\/?post_type=product&#038;p=119901"},"modified":"2025-07-25T08:05:44","modified_gmt":"2025-07-25T06:05:44","slug":"black-kate-mini-prix","status":"publish","type":"product","link":"https:\/\/lystes.store\/select\/fannybeauty\/product\/black-kate-mini-prix\/","title":{"rendered":"BLACK KATE Mini-Prix"},"content":{"rendered":"<p>COMMENT MESURER SON TOUR DE T\u00caTE :<\/p>\n<p>Pour bien choisir la taille de votre wig, mesurez votre tour de t\u00eate \u00e0 environ 1 cm au dessus des sourcils et des oreilles.<\/p>\n<p>Veillez \u00e0 ne pas trop serrer.<\/p>\n<p>Si vous n\u2019avez pas de m\u00e8tre de couturi\u00e8re, utilisez une ficelle pour la mesurer par la suite. Si la mesure tombe entre deux grandeurs, nous vous conseillons de choisir la plus grande pour un meilleur confort.<\/p>\n<p>Nos perruques sont livr\u00e9s avec 1 \u00e9lastique bande bande \u00e0 l\u2019int\u00e9rieur. Il peut permettre de r\u00e9duire le tour de t\u00eate, et ainsi, de les ajuster sur mesure.<\/p>\n<p>Vous souhaitez offrir une wig en cadeau \u00e0 un proche ? Pour trouver son tour de t\u00eate; nous vous conseillons de ne pas prendre de risque inutile, demander lui simplement.<\/p>\n<p>Sachez qu\u2019en g\u00e9n\u00e9ral :<\/p>\n<p>-si vous avez une touffe de cheveux bien \u00e9paisse<\/p>\n<p>Il faudra opter pour \u00ab\u00a0un bonnet L\u00a0\u00bb<\/p>\n<p>-Ou si vous n\u2019avez jamais \u00e9t\u00e9 interloqu\u00e9 sur ce sujet c\u2019est que vous faites \u00ab\u00a0un bonnet M\u00a0\u00bb<\/p>\n<p>Si vous \u00eates plut\u00f4t \u00abbonnet S\u00a0\u00bb vous avez du le remarquer tout au long de votre vie &#8230;.<\/p>\n<p>&nbsp;<\/p>\n","protected":false},"excerpt":{"rendered":"<p><strong>PERSONNALIT\u00c9<\/strong> DIAMONDS HAIR<br \/>\n<strong>PRENOM<\/strong>\u00a0BLACK KATE<br \/>\n<strong>STYLE<\/strong>\u00a0CLOSURE<br \/>\n<strong>TAILLE<\/strong>\u00a022 POUCES<br \/>\n<strong>DENSIT\u00e9<\/strong> 150%<br \/>\n<strong>CAP CONSTRUCTION<\/strong>\u00a0CONFECTION DE PEERUQUE<br \/>\n<strong>TEXTURE NATURELLE<\/strong>\u00a0LISSE<br \/>\n<strong>COULEUR<\/strong> NATURELLE<br \/>\n<strong>ELASTIC BAND<\/strong>\u00a0OUI<br \/>\n<strong>TAILLE DU BONNET<\/strong>\u00a0SMALL, MEDIUM ou LARGE<br \/>\n<strong>CUSTOMISER<\/strong>\u00a0NON<br \/>\n<strong>NOEUDS BLANCHIS<\/strong>\u00a0NON<\/p>\n<p><em>MUST HAVE !!!! LA FRANGE EST R\u00c9ALISEE AVEC UNE CLOSURE POUR UN EFFET TRES NATUREL.<\/em><\/p>\n","protected":false},"featured_media":119521,"comment_status":"closed","ping_status":"closed","template":"","meta":[],"product_brand":[],"product_cat":[1125,1098,1073],"product_tag":[],"class_list":{"0":"post-119901","1":"product","2":"type-product","3":"status-publish","4":"has-post-thumbnail","6":"product_cat-mini-prix","7":"product_cat-nos-perruques","8":"product_cat-top-closure","10":"first","11":"outofstock","12":"featured","13":"taxable","14":"shipping-taxable","15":"purchasable","16":"product-type-simple"},"acf":[],"yoast_head":"<!-- This site is optimized with the Yoast SEO plugin v25.3.1 - https:\/\/yoast.com\/wordpress\/plugins\/seo\/ -->\n<title>BLACK KATE Mini-Prix - Fanny Beauty<\/title>\n<meta name=\"robots\" content=\"index, follow, max-snippet:-1, max-image-preview:large, max-video-preview:-1\" \/>\n<link rel=\"canonical\" href=\"https:\/\/lystes.store\/select\/fannybeauty\/product\/black-kate-mini-prix\/\" \/>\n<meta property=\"og:locale\" content=\"fr_FR\" \/>\n<meta property=\"og:type\" content=\"article\" \/>\n<meta property=\"og:title\" content=\"BLACK KATE Mini-Prix - Fanny Beauty\" \/>\n<meta property=\"og:description\" content=\"PERSONNALIT\u00c9 DIAMONDS HAIR PRENOM\u00a0BLACK KATE STYLE\u00a0CLOSURE TAILLE\u00a022 POUCES DENSIT\u00e9 150% CAP CONSTRUCTION\u00a0CONFECTION DE PEERUQUE TEXTURE NATURELLE\u00a0LISSE COULEUR NATURELLE ELASTIC BAND\u00a0OUI TAILLE DU BONNET\u00a0SMALL, MEDIUM ou LARGE CUSTOMISER\u00a0NON NOEUDS BLANCHIS\u00a0NON  MUST HAVE !!!! LA FRANGE EST R\u00c9ALISEE AVEC UNE CLOSURE POUR UN EFFET TRES NATUREL.\" \/>\n<meta property=\"og:url\" content=\"https:\/\/lystes.store\/select\/fannybeauty\/product\/black-kate-mini-prix\/\" \/>\n<meta property=\"og:site_name\" content=\"Fanny Beauty\" \/>\n<meta property=\"article:modified_time\" content=\"2025-07-25T06:05:44+00:00\" \/>\n<meta name=\"twitter:card\" content=\"summary_large_image\" \/>\n<meta name=\"twitter:label1\" content=\"Dur\u00e9e de lecture estim\u00e9e\" \/>\n\t<meta name=\"twitter:data1\" content=\"1 minute\" \/>\n<script type=\"application\/ld+json\" class=\"yoast-schema-graph\">{\"@context\":\"https:\/\/schema.org\",\"@graph\":[{\"@type\":\"WebPage\",\"@id\":\"https:\/\/lystes.store\/select\/fannybeauty\/product\/black-kate-mini-prix\/\",\"url\":\"https:\/\/lystes.store\/select\/fannybeauty\/product\/black-kate-mini-prix\/\",\"name\":\"BLACK KATE Mini-Prix - Fanny Beauty\",\"isPartOf\":{\"@id\":\"https:\/\/lystes.store\/select\/fannybeauty\/#website\"},\"primaryImageOfPage\":{\"@id\":\"https:\/\/lystes.store\/select\/fannybeauty\/product\/black-kate-mini-prix\/#primaryimage\"},\"image\":{\"@id\":\"https:\/\/lystes.store\/select\/fannybeauty\/product\/black-kate-mini-prix\/#primaryimage\"},\"thumbnailUrl\":\"https:\/\/i0.wp.com\/lystes.store\/select\/fannybeauty\/wp-content\/uploads\/sites\/18\/2025\/07\/IMG_7542.jpg?fit=2561%2C1920&ssl=1\",\"datePublished\":\"2025-07-25T06:05:40+00:00\",\"dateModified\":\"2025-07-25T06:05:44+00:00\",\"breadcrumb\":{\"@id\":\"https:\/\/lystes.store\/select\/fannybeauty\/product\/black-kate-mini-prix\/#breadcrumb\"},\"inLanguage\":\"fr-FR\",\"potentialAction\":[{\"@type\":\"ReadAction\",\"target\":[\"https:\/\/lystes.store\/select\/fannybeauty\/product\/black-kate-mini-prix\/\"]}]},{\"@type\":\"ImageObject\",\"inLanguage\":\"fr-FR\",\"@id\":\"https:\/\/lystes.store\/select\/fannybeauty\/product\/black-kate-mini-prix\/#primaryimage\",\"url\":\"https:\/\/i0.wp.com\/lystes.store\/select\/fannybeauty\/wp-content\/uploads\/sites\/18\/2025\/07\/IMG_7542.jpg?fit=2561%2C1920&ssl=1\",\"contentUrl\":\"https:\/\/i0.wp.com\/lystes.store\/select\/fannybeauty\/wp-content\/uploads\/sites\/18\/2025\/07\/IMG_7542.jpg?fit=2561%2C1920&ssl=1\",\"width\":2561,\"height\":1920},{\"@type\":\"BreadcrumbList\",\"@id\":\"https:\/\/lystes.store\/select\/fannybeauty\/product\/black-kate-mini-prix\/#breadcrumb\",\"itemListElement\":[{\"@type\":\"ListItem\",\"position\":1,\"name\":\"Accueil\",\"item\":\"https:\/\/lystes.store\/select\/fannybeauty\/\"},{\"@type\":\"ListItem\",\"position\":2,\"name\":\"Boutique\",\"item\":\"https:\/\/lystes.store\/select\/fannybeauty\/boutique\/\"},{\"@type\":\"ListItem\",\"position\":3,\"name\":\"BLACK KATE Mini-Prix\"}]},{\"@type\":\"WebSite\",\"@id\":\"https:\/\/lystes.store\/select\/fannybeauty\/#website\",\"url\":\"https:\/\/lystes.store\/select\/fannybeauty\/\",\"name\":\"Fanny Beauty\",\"description\":\"L&#039;excellence sinon rien\",\"potentialAction\":[{\"@type\":\"SearchAction\",\"target\":{\"@type\":\"EntryPoint\",\"urlTemplate\":\"https:\/\/lystes.store\/select\/fannybeauty\/?s={search_term_string}\"},\"query-input\":{\"@type\":\"PropertyValueSpecification\",\"valueRequired\":true,\"valueName\":\"search_term_string\"}}],\"inLanguage\":\"fr-FR\"}]}<\/script>\n<!-- \/ Yoast SEO plugin. -->","yoast_head_json":{"title":"BLACK KATE Mini-Prix - Fanny Beauty","robots":{"index":"index","follow":"follow","max-snippet":"max-snippet:-1","max-image-preview":"max-image-preview:large","max-video-preview":"max-video-preview:-1"},"canonical":"https:\/\/lystes.store\/select\/fannybeauty\/product\/black-kate-mini-prix\/","og_locale":"fr_FR","og_type":"article","og_title":"BLACK KATE Mini-Prix - Fanny Beauty","og_description":"PERSONNALIT\u00c9 DIAMONDS HAIR PRENOM\u00a0BLACK KATE STYLE\u00a0CLOSURE TAILLE\u00a022 POUCES DENSIT\u00e9 150% CAP CONSTRUCTION\u00a0CONFECTION DE PEERUQUE TEXTURE NATURELLE\u00a0LISSE COULEUR NATURELLE ELASTIC BAND\u00a0OUI TAILLE DU BONNET\u00a0SMALL, MEDIUM ou LARGE CUSTOMISER\u00a0NON NOEUDS BLANCHIS\u00a0NON  MUST HAVE !!!! LA FRANGE EST R\u00c9ALISEE AVEC UNE CLOSURE POUR UN EFFET TRES NATUREL.","og_url":"https:\/\/lystes.store\/select\/fannybeauty\/product\/black-kate-mini-prix\/","og_site_name":"Fanny Beauty","article_modified_time":"2025-07-25T06:05:44+00:00","twitter_card":"summary_large_image","twitter_misc":{"Dur\u00e9e de lecture estim\u00e9e":"1 minute"},"schema":{"@context":"https:\/\/schema.org","@graph":[{"@type":"WebPage","@id":"https:\/\/lystes.store\/select\/fannybeauty\/product\/black-kate-mini-prix\/","url":"https:\/\/lystes.store\/select\/fannybeauty\/product\/black-kate-mini-prix\/","name":"BLACK KATE Mini-Prix - Fanny Beauty","isPartOf":{"@id":"https:\/\/lystes.store\/select\/fannybeauty\/#website"},"primaryImageOfPage":{"@id":"https:\/\/lystes.store\/select\/fannybeauty\/product\/black-kate-mini-prix\/#primaryimage"},"image":{"@id":"https:\/\/lystes.store\/select\/fannybeauty\/product\/black-kate-mini-prix\/#primaryimage"},"thumbnailUrl":"https:\/\/i0.wp.com\/lystes.store\/select\/fannybeauty\/wp-content\/uploads\/sites\/18\/2025\/07\/IMG_7542.jpg?fit=2561%2C1920&ssl=1","datePublished":"2025-07-25T06:05:40+00:00","dateModified":"2025-07-25T06:05:44+00:00","breadcrumb":{"@id":"https:\/\/lystes.store\/select\/fannybeauty\/product\/black-kate-mini-prix\/#breadcrumb"},"inLanguage":"fr-FR","potentialAction":[{"@type":"ReadAction","target":["https:\/\/lystes.store\/select\/fannybeauty\/product\/black-kate-mini-prix\/"]}]},{"@type":"ImageObject","inLanguage":"fr-FR","@id":"https:\/\/lystes.store\/select\/fannybeauty\/product\/black-kate-mini-prix\/#primaryimage","url":"https:\/\/i0.wp.com\/lystes.store\/select\/fannybeauty\/wp-content\/uploads\/sites\/18\/2025\/07\/IMG_7542.jpg?fit=2561%2C1920&ssl=1","contentUrl":"https:\/\/i0.wp.com\/lystes.store\/select\/fannybeauty\/wp-content\/uploads\/sites\/18\/2025\/07\/IMG_7542.jpg?fit=2561%2C1920&ssl=1","width":2561,"height":1920},{"@type":"BreadcrumbList","@id":"https:\/\/lystes.store\/select\/fannybeauty\/product\/black-kate-mini-prix\/#breadcrumb","itemListElement":[{"@type":"ListItem","position":1,"name":"Accueil","item":"https:\/\/lystes.store\/select\/fannybeauty\/"},{"@type":"ListItem","position":2,"name":"Boutique","item":"https:\/\/lystes.store\/select\/fannybeauty\/boutique\/"},{"@type":"ListItem","position":3,"name":"BLACK KATE Mini-Prix"}]},{"@type":"WebSite","@id":"https:\/\/lystes.store\/select\/fannybeauty\/#website","url":"https:\/\/lystes.store\/select\/fannybeauty\/","name":"Fanny Beauty","description":"L&#039;excellence sinon rien","potentialAction":[{"@type":"SearchAction","target":{"@type":"EntryPoint","urlTemplate":"https:\/\/lystes.store\/select\/fannybeauty\/?s={search_term_string}"},"query-input":{"@type":"PropertyValueSpecification","valueRequired":true,"valueName":"search_term_string"}}],"inLanguage":"fr-FR"}]}},"_links":{"self":[{"href":"https:\/\/lystes.store\/select\/fannybeauty\/wp-json\/wp\/v2\/product\/119901","targetHints":{"allow":["GET"]}}],"collection":[{"href":"https:\/\/lystes.store\/select\/fannybeauty\/wp-json\/wp\/v2\/product"}],"about":[{"href":"https:\/\/lystes.store\/select\/fannybeauty\/wp-json\/wp\/v2\/types\/product"}],"replies":[{"embeddable":true,"href":"https:\/\/lystes.store\/select\/fannybeauty\/wp-json\/wp\/v2\/comments?post=119901"}],"wp:featuredmedia":[{"embeddable":true,"href":"https:\/\/lystes.store\/select\/fannybeauty\/wp-json\/wp\/v2\/media\/119521"}],"wp:attachment":[{"href":"https:\/\/lystes.store\/select\/fannybeauty\/wp-json\/wp\/v2\/media?parent=119901"}],"wp:term":[{"taxonomy":"product_brand","embeddable":true,"href":"https:\/\/lystes.store\/select\/fannybeauty\/wp-json\/wp\/v2\/product_brand?post=119901"},{"taxonomy":"product_cat","embeddable":true,"href":"https:\/\/lystes.store\/select\/fannybeauty\/wp-json\/wp\/v2\/product_cat?post=119901"},{"taxonomy":"product_tag","embeddable":true,"href":"https:\/\/lystes.store\/select\/fannybeauty\/wp-json\/wp\/v2\/product_tag?post=119901"}],"curies":[{"name":"wp","href":"https:\/\/api.w.org\/{rel}","templated":true}]}}