{"id":119890,"date":"2025-07-25T08:05:28","date_gmt":"2025-07-25T06:05:28","guid":{"rendered":"https:\/\/lystes.store\/select\/fannybeauty\/?post_type=product&#038;p=119890"},"modified":"2025-07-25T08:06:07","modified_gmt":"2025-07-25T06:06:07","slug":"savage-mini-prix","status":"publish","type":"product","link":"https:\/\/lystes.store\/select\/fannybeauty\/product\/savage-mini-prix\/","title":{"rendered":"SAVAGE Mini Prix"},"content":{"rendered":"<p>COMMENT MESURER SON TOUR DE T\u00caTE :<\/p>\n<p>Pour bien choisir la taille de votre wig, mesurez votre tour de t\u00eate \u00e0 environ 1 cm au dessus des sourcils et des oreilles.<\/p>\n<p>Veillez \u00e0 ne pas trop serrer.<\/p>\n<p>Si vous n\u2019avez pas de m\u00e8tre de couturi\u00e8re, utilisez une ficelle pour la mesurer par la suite. Si la mesure tombe entre deux grandeurs, nous vous conseillons de choisir la plus grande pour un meilleur confort.<\/p>\n<p>Nos perruques sont livr\u00e9s avec 1 \u00e9lastique bande bande \u00e0 l\u2019int\u00e9rieur. Il peut permettre de r\u00e9duire le tour de t\u00eate, et ainsi, de les ajuster sur mesure.<\/p>\n<p>Vous souhaitez offrir une wig en cadeau \u00e0 un proche ? Pour trouver son tour de t\u00eate; nous vous conseillons de ne pas prendre de risque inutile, demander lui simplement.<\/p>\n<p>Sachez qu\u2019en g\u00e9n\u00e9ral :<\/p>\n<p>-si vous avez une touffe de cheveux bien \u00e9paisse<\/p>\n<p>Il faudra opter pour \u00ab\u00a0un bonnet L\u00a0\u00bb<\/p>\n<p>-Ou si vous n\u2019avez jamais \u00e9t\u00e9 interloqu\u00e9 sur ce sujet c\u2019est que vous faites \u00ab\u00a0un bonnet M\u00a0\u00bb<\/p>\n<p>Si vous \u00eates plut\u00f4t \u00abbonnet S\u00a0\u00bb vous avez du le remarquer tout au long de votre vie &#8230;.<\/p>\n","protected":false},"excerpt":{"rendered":"<p><strong>PERSONNALIT\u00c9<\/strong> DIAMONDS HAIR<br \/>\n<strong>PRENOM<\/strong> SAVAGE<br \/>\n<strong>STYLE<\/strong> FERM\u00e9<br \/>\n<strong>TAILLE<\/strong> 18 POUCES<br \/>\n<strong>DENSIT\u00e9<\/strong> 170%<br \/>\n<strong>CAP CONSTRUCTION<\/strong> CONFECTION DE PEERUQUE<br \/>\n<strong>TEXTURE NATURELLE<\/strong> LOOSE DEEP<br \/>\n<strong>COULEUR<\/strong> NATURELLE<\/p>\n<p><strong>ELASTIC BAND<\/strong> OUI<br \/>\n<strong>TAILLE DU BONNET<\/strong> SMALL, MEDIUM ou LARGE<\/p>\n<p><em>MUST HAVE !! TR\u00c8S FACILE A POSER SEULE (COMME UN CHAPEAU)<\/em><\/p>\n","protected":false},"featured_media":119752,"comment_status":"closed","ping_status":"closed","template":"","meta":[],"product_brand":[],"product_cat":[1123],"product_tag":[],"class_list":{"0":"post-119890","1":"product","2":"type-product","3":"status-publish","4":"has-post-thumbnail","6":"product_cat-new-collection","8":"first","9":"outofstock","10":"featured","11":"taxable","12":"shipping-taxable","13":"purchasable","14":"product-type-variable"},"acf":[],"yoast_head":"<!-- This site is optimized with the Yoast SEO plugin v25.3.1 - https:\/\/yoast.com\/wordpress\/plugins\/seo\/ -->\n<title>SAVAGE Mini Prix - Fanny Beauty<\/title>\n<meta name=\"robots\" content=\"index, follow, max-snippet:-1, max-image-preview:large, max-video-preview:-1\" \/>\n<link rel=\"canonical\" href=\"https:\/\/lystes.store\/select\/fannybeauty\/product\/savage-mini-prix\/\" \/>\n<meta property=\"og:locale\" content=\"fr_FR\" \/>\n<meta property=\"og:type\" content=\"article\" \/>\n<meta property=\"og:title\" content=\"SAVAGE Mini Prix - Fanny Beauty\" \/>\n<meta property=\"og:description\" content=\"PERSONNALIT\u00c9 DIAMONDS HAIR PRENOM SAVAGE STYLE FERM\u00e9 TAILLE 18 POUCES DENSIT\u00e9 170% CAP CONSTRUCTION CONFECTION DE PEERUQUE TEXTURE NATURELLE LOOSE DEEP COULEUR NATURELLE  ELASTIC BAND OUI TAILLE DU BONNET SMALL, MEDIUM ou LARGE  MUST HAVE !! TR\u00c8S FACILE A POSER SEULE (COMME UN CHAPEAU)\" \/>\n<meta property=\"og:url\" content=\"https:\/\/lystes.store\/select\/fannybeauty\/product\/savage-mini-prix\/\" \/>\n<meta property=\"og:site_name\" content=\"Fanny Beauty\" \/>\n<meta property=\"article:modified_time\" content=\"2025-07-25T06:06:07+00:00\" \/>\n<meta name=\"twitter:card\" content=\"summary_large_image\" \/>\n<meta name=\"twitter:label1\" content=\"Dur\u00e9e de lecture estim\u00e9e\" \/>\n\t<meta name=\"twitter:data1\" content=\"1 minute\" \/>\n<script type=\"application\/ld+json\" class=\"yoast-schema-graph\">{\"@context\":\"https:\/\/schema.org\",\"@graph\":[{\"@type\":\"WebPage\",\"@id\":\"https:\/\/lystes.store\/select\/fannybeauty\/product\/savage-mini-prix\/\",\"url\":\"https:\/\/lystes.store\/select\/fannybeauty\/product\/savage-mini-prix\/\",\"name\":\"SAVAGE Mini Prix - Fanny Beauty\",\"isPartOf\":{\"@id\":\"https:\/\/lystes.store\/select\/fannybeauty\/#website\"},\"primaryImageOfPage\":{\"@id\":\"https:\/\/lystes.store\/select\/fannybeauty\/product\/savage-mini-prix\/#primaryimage\"},\"image\":{\"@id\":\"https:\/\/lystes.store\/select\/fannybeauty\/product\/savage-mini-prix\/#primaryimage\"},\"thumbnailUrl\":\"https:\/\/i0.wp.com\/lystes.store\/select\/fannybeauty\/wp-content\/uploads\/sites\/18\/2025\/07\/IMG_7073-8-570x760_2x_8e3ba9f0-5dff-4f90-ba90-76d61fffe287_480x480.jpeg?fit=360%2C480&ssl=1\",\"datePublished\":\"2025-07-25T06:05:28+00:00\",\"dateModified\":\"2025-07-25T06:06:07+00:00\",\"breadcrumb\":{\"@id\":\"https:\/\/lystes.store\/select\/fannybeauty\/product\/savage-mini-prix\/#breadcrumb\"},\"inLanguage\":\"fr-FR\",\"potentialAction\":[{\"@type\":\"ReadAction\",\"target\":[\"https:\/\/lystes.store\/select\/fannybeauty\/product\/savage-mini-prix\/\"]}]},{\"@type\":\"ImageObject\",\"inLanguage\":\"fr-FR\",\"@id\":\"https:\/\/lystes.store\/select\/fannybeauty\/product\/savage-mini-prix\/#primaryimage\",\"url\":\"https:\/\/i0.wp.com\/lystes.store\/select\/fannybeauty\/wp-content\/uploads\/sites\/18\/2025\/07\/IMG_7073-8-570x760_2x_8e3ba9f0-5dff-4f90-ba90-76d61fffe287_480x480.jpeg?fit=360%2C480&ssl=1\",\"contentUrl\":\"https:\/\/i0.wp.com\/lystes.store\/select\/fannybeauty\/wp-content\/uploads\/sites\/18\/2025\/07\/IMG_7073-8-570x760_2x_8e3ba9f0-5dff-4f90-ba90-76d61fffe287_480x480.jpeg?fit=360%2C480&ssl=1\",\"width\":360,\"height\":480},{\"@type\":\"BreadcrumbList\",\"@id\":\"https:\/\/lystes.store\/select\/fannybeauty\/product\/savage-mini-prix\/#breadcrumb\",\"itemListElement\":[{\"@type\":\"ListItem\",\"position\":1,\"name\":\"Accueil\",\"item\":\"https:\/\/lystes.store\/select\/fannybeauty\/\"},{\"@type\":\"ListItem\",\"position\":2,\"name\":\"Boutique\",\"item\":\"https:\/\/lystes.store\/select\/fannybeauty\/boutique\/\"},{\"@type\":\"ListItem\",\"position\":3,\"name\":\"SAVAGE Mini Prix\"}]},{\"@type\":\"WebSite\",\"@id\":\"https:\/\/lystes.store\/select\/fannybeauty\/#website\",\"url\":\"https:\/\/lystes.store\/select\/fannybeauty\/\",\"name\":\"Fanny Beauty\",\"description\":\"L&#039;excellence sinon rien\",\"potentialAction\":[{\"@type\":\"SearchAction\",\"target\":{\"@type\":\"EntryPoint\",\"urlTemplate\":\"https:\/\/lystes.store\/select\/fannybeauty\/?s={search_term_string}\"},\"query-input\":{\"@type\":\"PropertyValueSpecification\",\"valueRequired\":true,\"valueName\":\"search_term_string\"}}],\"inLanguage\":\"fr-FR\"}]}<\/script>\n<!-- \/ Yoast SEO plugin. -->","yoast_head_json":{"title":"SAVAGE Mini Prix - Fanny Beauty","robots":{"index":"index","follow":"follow","max-snippet":"max-snippet:-1","max-image-preview":"max-image-preview:large","max-video-preview":"max-video-preview:-1"},"canonical":"https:\/\/lystes.store\/select\/fannybeauty\/product\/savage-mini-prix\/","og_locale":"fr_FR","og_type":"article","og_title":"SAVAGE Mini Prix - Fanny Beauty","og_description":"PERSONNALIT\u00c9 DIAMONDS HAIR PRENOM SAVAGE STYLE FERM\u00e9 TAILLE 18 POUCES DENSIT\u00e9 170% CAP CONSTRUCTION CONFECTION DE PEERUQUE TEXTURE NATURELLE LOOSE DEEP COULEUR NATURELLE  ELASTIC BAND OUI TAILLE DU BONNET SMALL, MEDIUM ou LARGE  MUST HAVE !! TR\u00c8S FACILE A POSER SEULE (COMME UN CHAPEAU)","og_url":"https:\/\/lystes.store\/select\/fannybeauty\/product\/savage-mini-prix\/","og_site_name":"Fanny Beauty","article_modified_time":"2025-07-25T06:06:07+00:00","twitter_card":"summary_large_image","twitter_misc":{"Dur\u00e9e de lecture estim\u00e9e":"1 minute"},"schema":{"@context":"https:\/\/schema.org","@graph":[{"@type":"WebPage","@id":"https:\/\/lystes.store\/select\/fannybeauty\/product\/savage-mini-prix\/","url":"https:\/\/lystes.store\/select\/fannybeauty\/product\/savage-mini-prix\/","name":"SAVAGE Mini Prix - Fanny Beauty","isPartOf":{"@id":"https:\/\/lystes.store\/select\/fannybeauty\/#website"},"primaryImageOfPage":{"@id":"https:\/\/lystes.store\/select\/fannybeauty\/product\/savage-mini-prix\/#primaryimage"},"image":{"@id":"https:\/\/lystes.store\/select\/fannybeauty\/product\/savage-mini-prix\/#primaryimage"},"thumbnailUrl":"https:\/\/i0.wp.com\/lystes.store\/select\/fannybeauty\/wp-content\/uploads\/sites\/18\/2025\/07\/IMG_7073-8-570x760_2x_8e3ba9f0-5dff-4f90-ba90-76d61fffe287_480x480.jpeg?fit=360%2C480&ssl=1","datePublished":"2025-07-25T06:05:28+00:00","dateModified":"2025-07-25T06:06:07+00:00","breadcrumb":{"@id":"https:\/\/lystes.store\/select\/fannybeauty\/product\/savage-mini-prix\/#breadcrumb"},"inLanguage":"fr-FR","potentialAction":[{"@type":"ReadAction","target":["https:\/\/lystes.store\/select\/fannybeauty\/product\/savage-mini-prix\/"]}]},{"@type":"ImageObject","inLanguage":"fr-FR","@id":"https:\/\/lystes.store\/select\/fannybeauty\/product\/savage-mini-prix\/#primaryimage","url":"https:\/\/i0.wp.com\/lystes.store\/select\/fannybeauty\/wp-content\/uploads\/sites\/18\/2025\/07\/IMG_7073-8-570x760_2x_8e3ba9f0-5dff-4f90-ba90-76d61fffe287_480x480.jpeg?fit=360%2C480&ssl=1","contentUrl":"https:\/\/i0.wp.com\/lystes.store\/select\/fannybeauty\/wp-content\/uploads\/sites\/18\/2025\/07\/IMG_7073-8-570x760_2x_8e3ba9f0-5dff-4f90-ba90-76d61fffe287_480x480.jpeg?fit=360%2C480&ssl=1","width":360,"height":480},{"@type":"BreadcrumbList","@id":"https:\/\/lystes.store\/select\/fannybeauty\/product\/savage-mini-prix\/#breadcrumb","itemListElement":[{"@type":"ListItem","position":1,"name":"Accueil","item":"https:\/\/lystes.store\/select\/fannybeauty\/"},{"@type":"ListItem","position":2,"name":"Boutique","item":"https:\/\/lystes.store\/select\/fannybeauty\/boutique\/"},{"@type":"ListItem","position":3,"name":"SAVAGE Mini Prix"}]},{"@type":"WebSite","@id":"https:\/\/lystes.store\/select\/fannybeauty\/#website","url":"https:\/\/lystes.store\/select\/fannybeauty\/","name":"Fanny Beauty","description":"L&#039;excellence sinon rien","potentialAction":[{"@type":"SearchAction","target":{"@type":"EntryPoint","urlTemplate":"https:\/\/lystes.store\/select\/fannybeauty\/?s={search_term_string}"},"query-input":{"@type":"PropertyValueSpecification","valueRequired":true,"valueName":"search_term_string"}}],"inLanguage":"fr-FR"}]}},"_links":{"self":[{"href":"https:\/\/lystes.store\/select\/fannybeauty\/wp-json\/wp\/v2\/product\/119890","targetHints":{"allow":["GET"]}}],"collection":[{"href":"https:\/\/lystes.store\/select\/fannybeauty\/wp-json\/wp\/v2\/product"}],"about":[{"href":"https:\/\/lystes.store\/select\/fannybeauty\/wp-json\/wp\/v2\/types\/product"}],"replies":[{"embeddable":true,"href":"https:\/\/lystes.store\/select\/fannybeauty\/wp-json\/wp\/v2\/comments?post=119890"}],"wp:featuredmedia":[{"embeddable":true,"href":"https:\/\/lystes.store\/select\/fannybeauty\/wp-json\/wp\/v2\/media\/119752"}],"wp:attachment":[{"href":"https:\/\/lystes.store\/select\/fannybeauty\/wp-json\/wp\/v2\/media?parent=119890"}],"wp:term":[{"taxonomy":"product_brand","embeddable":true,"href":"https:\/\/lystes.store\/select\/fannybeauty\/wp-json\/wp\/v2\/product_brand?post=119890"},{"taxonomy":"product_cat","embeddable":true,"href":"https:\/\/lystes.store\/select\/fannybeauty\/wp-json\/wp\/v2\/product_cat?post=119890"},{"taxonomy":"product_tag","embeddable":true,"href":"https:\/\/lystes.store\/select\/fannybeauty\/wp-json\/wp\/v2\/product_tag?post=119890"}],"curies":[{"name":"wp","href":"https:\/\/api.w.org\/{rel}","templated":true}]}}