{"id":119888,"date":"2025-07-25T08:05:28","date_gmt":"2025-07-25T06:05:28","guid":{"rendered":"https:\/\/lystes.store\/select\/fannybeauty\/?post_type=product&#038;p=119888"},"modified":"2025-07-25T08:07:53","modified_gmt":"2025-07-25T06:07:53","slug":"beyonce","status":"publish","type":"product","link":"https:\/\/lystes.store\/select\/fannybeauty\/product\/beyonce\/","title":{"rendered":"BEYONC\u00c9"},"content":{"rendered":"<blockquote><p>COMMENT MESURER SON TOUR DE T\u00caTE :<\/p><\/blockquote>\n<p>Pour bien choisir la taille de votre wig, mesurez votre tour de t\u00eate \u00e0 environ 1 cm au dessus des sourcils et des oreilles.<\/p>\n<p>Veillez \u00e0 ne pas trop serrer.<\/p>\n<p>Si vous n\u2019avez pas de m\u00e8tre de couturi\u00e8re, utilisez une ficelle pour la mesurer par la suite. Si la mesure tombe entre deux grandeurs, nous vous conseillons de choisir la plus grande pour un meilleur confort.<\/p>\n<p>Nos perruques sont livr\u00e9es avec 1 bande \u00e9lastique \u00e0 l\u2019int\u00e9rieur. Elle permet de r\u00e9duire le tour de t\u00eate et ainsi de les ajuster sur mesure.<\/p>\n<p>Vous souhaitez offrir une wig en cadeau \u00e0 une proche ? Pour trouver son tour de t\u00eate, nous vous conseillons de ne pas prendre de risque inutile et de lui demander.<\/p>\n<p>Sachez qu\u2019en g\u00e9n\u00e9ral :<\/p>\n<ul>\n<li>52 cm ou moins = Bonnet S<\/li>\n<li>54 cm = Bonnet M<\/li>\n<li>56 cm = Bonnet L<\/li>\n<li>58 cm = Bonnet XL<\/li>\n<\/ul>\n","protected":false},"excerpt":{"rendered":"<p><strong>PERSONNALIT\u00c9 <\/strong>DIAMONDS HAIR<br \/>\n<strong>PR\u00c9NOM <\/strong>BEYONCE<br \/>\n<strong>STYLE\u00a0<\/strong>FRONTAL<br \/>\n<strong>TAILLE\u00a0<\/strong>28 POUCES<br \/>\n<strong>DENSIT\u00c9 <\/strong>200%<br \/>\n<strong>CAP CONSTRUCTION\u00a0<\/strong>FRONT LACE WIG<br \/>\n<strong>TEXTURE NATURELLE\u00a0<\/strong>DEEP WAVE<\/p>\n<p><strong>COULEUR\u00a0<\/strong>BLONDE AVEC QUELQUES M\u00c8CHES CHOCOLAT<br \/>\n<strong>COULEUR DE LA TULLE <\/strong>TRANSPARENT<br \/>\n<strong>ELASTIC BAND\u00a0<\/strong>OUI<br \/>\n<strong>TAILLE DU BONNET\u00a0<\/strong>SMALL, MEDIUM, LARGE<br \/>\n<strong>CUSTOMISABLE <\/strong>NON<br \/>\n<strong>NOEUDS BLANCHIS\u00a0<\/strong>NON<\/p>\n","protected":false},"featured_media":119897,"comment_status":"open","ping_status":"closed","template":"","meta":[],"product_brand":[],"product_cat":[1097,1099,1111,1098],"product_tag":[],"class_list":{"0":"post-119888","1":"product","2":"type-product","3":"status-publish","4":"has-post-thumbnail","6":"product_cat-bons-plans","7":"product_cat-collection-blonde-hair","8":"product_cat-new","9":"product_cat-nos-perruques","11":"first","12":"instock","13":"featured","14":"taxable","15":"shipping-taxable","16":"purchasable","17":"product-type-variable"},"acf":[],"yoast_head":"<!-- This site is optimized with the Yoast SEO plugin v25.3.1 - https:\/\/yoast.com\/wordpress\/plugins\/seo\/ -->\n<title>BEYONC\u00c9 - Fanny Beauty<\/title>\n<meta name=\"robots\" content=\"index, follow, max-snippet:-1, max-image-preview:large, max-video-preview:-1\" \/>\n<link rel=\"canonical\" href=\"https:\/\/lystes.store\/select\/fannybeauty\/product\/beyonce\/\" \/>\n<meta property=\"og:locale\" content=\"fr_FR\" \/>\n<meta property=\"og:type\" content=\"article\" \/>\n<meta property=\"og:title\" content=\"BEYONC\u00c9 - Fanny Beauty\" \/>\n<meta property=\"og:description\" content=\"PERSONNALIT\u00c9 DIAMONDS HAIR PR\u00c9NOM BEYONCE STYLE\u00a0FRONTAL TAILLE\u00a028 POUCES DENSIT\u00c9 200% CAP CONSTRUCTION\u00a0FRONT LACE WIG TEXTURE NATURELLE\u00a0DEEP WAVE  COULEUR\u00a0BLONDE AVEC QUELQUES M\u00c8CHES CHOCOLAT COULEUR DE LA TULLE TRANSPARENT ELASTIC BAND\u00a0OUI TAILLE DU BONNET\u00a0SMALL, MEDIUM, LARGE CUSTOMISABLE NON NOEUDS BLANCHIS\u00a0NON\" \/>\n<meta property=\"og:url\" content=\"https:\/\/lystes.store\/select\/fannybeauty\/product\/beyonce\/\" \/>\n<meta property=\"og:site_name\" content=\"Fanny Beauty\" \/>\n<meta property=\"article:modified_time\" content=\"2025-07-25T06:07:53+00:00\" \/>\n<meta name=\"twitter:card\" content=\"summary_large_image\" \/>\n<meta name=\"twitter:label1\" content=\"Dur\u00e9e de lecture estim\u00e9e\" \/>\n\t<meta name=\"twitter:data1\" content=\"1 minute\" \/>\n<script type=\"application\/ld+json\" class=\"yoast-schema-graph\">{\"@context\":\"https:\/\/schema.org\",\"@graph\":[{\"@type\":\"WebPage\",\"@id\":\"https:\/\/lystes.store\/select\/fannybeauty\/product\/beyonce\/\",\"url\":\"https:\/\/lystes.store\/select\/fannybeauty\/product\/beyonce\/\",\"name\":\"BEYONC\u00c9 - Fanny Beauty\",\"isPartOf\":{\"@id\":\"https:\/\/lystes.store\/select\/fannybeauty\/#website\"},\"primaryImageOfPage\":{\"@id\":\"https:\/\/lystes.store\/select\/fannybeauty\/product\/beyonce\/#primaryimage\"},\"image\":{\"@id\":\"https:\/\/lystes.store\/select\/fannybeauty\/product\/beyonce\/#primaryimage\"},\"thumbnailUrl\":\"https:\/\/i0.wp.com\/lystes.store\/select\/fannybeauty\/wp-content\/uploads\/sites\/18\/2025\/07\/IMG-20210707-WA0013.jpg?fit=1200%2C1600&ssl=1\",\"datePublished\":\"2025-07-25T06:05:28+00:00\",\"dateModified\":\"2025-07-25T06:07:53+00:00\",\"breadcrumb\":{\"@id\":\"https:\/\/lystes.store\/select\/fannybeauty\/product\/beyonce\/#breadcrumb\"},\"inLanguage\":\"fr-FR\",\"potentialAction\":[{\"@type\":\"ReadAction\",\"target\":[\"https:\/\/lystes.store\/select\/fannybeauty\/product\/beyonce\/\"]}]},{\"@type\":\"ImageObject\",\"inLanguage\":\"fr-FR\",\"@id\":\"https:\/\/lystes.store\/select\/fannybeauty\/product\/beyonce\/#primaryimage\",\"url\":\"https:\/\/i0.wp.com\/lystes.store\/select\/fannybeauty\/wp-content\/uploads\/sites\/18\/2025\/07\/IMG-20210707-WA0013.jpg?fit=1200%2C1600&ssl=1\",\"contentUrl\":\"https:\/\/i0.wp.com\/lystes.store\/select\/fannybeauty\/wp-content\/uploads\/sites\/18\/2025\/07\/IMG-20210707-WA0013.jpg?fit=1200%2C1600&ssl=1\",\"width\":1200,\"height\":1600},{\"@type\":\"BreadcrumbList\",\"@id\":\"https:\/\/lystes.store\/select\/fannybeauty\/product\/beyonce\/#breadcrumb\",\"itemListElement\":[{\"@type\":\"ListItem\",\"position\":1,\"name\":\"Accueil\",\"item\":\"https:\/\/lystes.store\/select\/fannybeauty\/\"},{\"@type\":\"ListItem\",\"position\":2,\"name\":\"Boutique\",\"item\":\"https:\/\/lystes.store\/select\/fannybeauty\/boutique\/\"},{\"@type\":\"ListItem\",\"position\":3,\"name\":\"BEYONC\u00c9\"}]},{\"@type\":\"WebSite\",\"@id\":\"https:\/\/lystes.store\/select\/fannybeauty\/#website\",\"url\":\"https:\/\/lystes.store\/select\/fannybeauty\/\",\"name\":\"Fanny Beauty\",\"description\":\"L&#039;excellence sinon rien\",\"potentialAction\":[{\"@type\":\"SearchAction\",\"target\":{\"@type\":\"EntryPoint\",\"urlTemplate\":\"https:\/\/lystes.store\/select\/fannybeauty\/?s={search_term_string}\"},\"query-input\":{\"@type\":\"PropertyValueSpecification\",\"valueRequired\":true,\"valueName\":\"search_term_string\"}}],\"inLanguage\":\"fr-FR\"}]}<\/script>\n<!-- \/ Yoast SEO plugin. -->","yoast_head_json":{"title":"BEYONC\u00c9 - Fanny Beauty","robots":{"index":"index","follow":"follow","max-snippet":"max-snippet:-1","max-image-preview":"max-image-preview:large","max-video-preview":"max-video-preview:-1"},"canonical":"https:\/\/lystes.store\/select\/fannybeauty\/product\/beyonce\/","og_locale":"fr_FR","og_type":"article","og_title":"BEYONC\u00c9 - Fanny Beauty","og_description":"PERSONNALIT\u00c9 DIAMONDS HAIR PR\u00c9NOM BEYONCE STYLE\u00a0FRONTAL TAILLE\u00a028 POUCES DENSIT\u00c9 200% CAP CONSTRUCTION\u00a0FRONT LACE WIG TEXTURE NATURELLE\u00a0DEEP WAVE  COULEUR\u00a0BLONDE AVEC QUELQUES M\u00c8CHES CHOCOLAT COULEUR DE LA TULLE TRANSPARENT ELASTIC BAND\u00a0OUI TAILLE DU BONNET\u00a0SMALL, MEDIUM, LARGE CUSTOMISABLE NON NOEUDS BLANCHIS\u00a0NON","og_url":"https:\/\/lystes.store\/select\/fannybeauty\/product\/beyonce\/","og_site_name":"Fanny Beauty","article_modified_time":"2025-07-25T06:07:53+00:00","twitter_card":"summary_large_image","twitter_misc":{"Dur\u00e9e de lecture estim\u00e9e":"1 minute"},"schema":{"@context":"https:\/\/schema.org","@graph":[{"@type":"WebPage","@id":"https:\/\/lystes.store\/select\/fannybeauty\/product\/beyonce\/","url":"https:\/\/lystes.store\/select\/fannybeauty\/product\/beyonce\/","name":"BEYONC\u00c9 - Fanny Beauty","isPartOf":{"@id":"https:\/\/lystes.store\/select\/fannybeauty\/#website"},"primaryImageOfPage":{"@id":"https:\/\/lystes.store\/select\/fannybeauty\/product\/beyonce\/#primaryimage"},"image":{"@id":"https:\/\/lystes.store\/select\/fannybeauty\/product\/beyonce\/#primaryimage"},"thumbnailUrl":"https:\/\/i0.wp.com\/lystes.store\/select\/fannybeauty\/wp-content\/uploads\/sites\/18\/2025\/07\/IMG-20210707-WA0013.jpg?fit=1200%2C1600&ssl=1","datePublished":"2025-07-25T06:05:28+00:00","dateModified":"2025-07-25T06:07:53+00:00","breadcrumb":{"@id":"https:\/\/lystes.store\/select\/fannybeauty\/product\/beyonce\/#breadcrumb"},"inLanguage":"fr-FR","potentialAction":[{"@type":"ReadAction","target":["https:\/\/lystes.store\/select\/fannybeauty\/product\/beyonce\/"]}]},{"@type":"ImageObject","inLanguage":"fr-FR","@id":"https:\/\/lystes.store\/select\/fannybeauty\/product\/beyonce\/#primaryimage","url":"https:\/\/i0.wp.com\/lystes.store\/select\/fannybeauty\/wp-content\/uploads\/sites\/18\/2025\/07\/IMG-20210707-WA0013.jpg?fit=1200%2C1600&ssl=1","contentUrl":"https:\/\/i0.wp.com\/lystes.store\/select\/fannybeauty\/wp-content\/uploads\/sites\/18\/2025\/07\/IMG-20210707-WA0013.jpg?fit=1200%2C1600&ssl=1","width":1200,"height":1600},{"@type":"BreadcrumbList","@id":"https:\/\/lystes.store\/select\/fannybeauty\/product\/beyonce\/#breadcrumb","itemListElement":[{"@type":"ListItem","position":1,"name":"Accueil","item":"https:\/\/lystes.store\/select\/fannybeauty\/"},{"@type":"ListItem","position":2,"name":"Boutique","item":"https:\/\/lystes.store\/select\/fannybeauty\/boutique\/"},{"@type":"ListItem","position":3,"name":"BEYONC\u00c9"}]},{"@type":"WebSite","@id":"https:\/\/lystes.store\/select\/fannybeauty\/#website","url":"https:\/\/lystes.store\/select\/fannybeauty\/","name":"Fanny Beauty","description":"L&#039;excellence sinon rien","potentialAction":[{"@type":"SearchAction","target":{"@type":"EntryPoint","urlTemplate":"https:\/\/lystes.store\/select\/fannybeauty\/?s={search_term_string}"},"query-input":{"@type":"PropertyValueSpecification","valueRequired":true,"valueName":"search_term_string"}}],"inLanguage":"fr-FR"}]}},"_links":{"self":[{"href":"https:\/\/lystes.store\/select\/fannybeauty\/wp-json\/wp\/v2\/product\/119888","targetHints":{"allow":["GET"]}}],"collection":[{"href":"https:\/\/lystes.store\/select\/fannybeauty\/wp-json\/wp\/v2\/product"}],"about":[{"href":"https:\/\/lystes.store\/select\/fannybeauty\/wp-json\/wp\/v2\/types\/product"}],"replies":[{"embeddable":true,"href":"https:\/\/lystes.store\/select\/fannybeauty\/wp-json\/wp\/v2\/comments?post=119888"}],"wp:featuredmedia":[{"embeddable":true,"href":"https:\/\/lystes.store\/select\/fannybeauty\/wp-json\/wp\/v2\/media\/119897"}],"wp:attachment":[{"href":"https:\/\/lystes.store\/select\/fannybeauty\/wp-json\/wp\/v2\/media?parent=119888"}],"wp:term":[{"taxonomy":"product_brand","embeddable":true,"href":"https:\/\/lystes.store\/select\/fannybeauty\/wp-json\/wp\/v2\/product_brand?post=119888"},{"taxonomy":"product_cat","embeddable":true,"href":"https:\/\/lystes.store\/select\/fannybeauty\/wp-json\/wp\/v2\/product_cat?post=119888"},{"taxonomy":"product_tag","embeddable":true,"href":"https:\/\/lystes.store\/select\/fannybeauty\/wp-json\/wp\/v2\/product_tag?post=119888"}],"curies":[{"name":"wp","href":"https:\/\/api.w.org\/{rel}","templated":true}]}}