{"id":119531,"date":"2025-07-25T08:02:59","date_gmt":"2025-07-25T06:02:59","guid":{"rendered":"https:\/\/lystes.store\/select\/fannybeauty\/?post_type=product&#038;p=119531"},"modified":"2025-07-25T08:07:02","modified_gmt":"2025-07-25T06:07:02","slug":"lenny","status":"publish","type":"product","link":"https:\/\/lystes.store\/select\/fannybeauty\/product\/lenny\/","title":{"rendered":"LENNY"},"content":{"rendered":"<blockquote><p>COMMENT MESURER SON TOUR DE T\u00caTE :<\/p><\/blockquote>\n<p>Pour bien choisir la taille de votre wig, mesurez votre tour de t\u00eate \u00e0 environ 1 cm au dessus des sourcils et des oreilles.<\/p>\n<p>Veillez \u00e0 ne pas trop serrer.<\/p>\n<p>Si vous n\u2019avez pas de m\u00e8tre de couturi\u00e8re, utilisez une ficelle pour la mesurer par la suite. Si la mesure tombe entre deux grandeurs, nous vous conseillons de choisir la plus grande pour un meilleur confort.<\/p>\n<p>Nos perruques sont livr\u00e9es avec 1 bande \u00e9lastique \u00e0 l\u2019int\u00e9rieur. Elle peut permettre de r\u00e9duire le tour de t\u00eate, et ainsi, de les ajuster sur mesure.<\/p>\n<p>Vous souhaitez offrir une wig en cadeau \u00e0 un proche ? Pour trouver son tour de t\u00eate, nous vous conseillons de ne pas prendre de risque inutile, demandez-lui simplement.<\/p>\n<p>Sachez qu\u2019en g\u00e9n\u00e9ral :<\/p>\n<ul>\n<li>52 cm ou moins = Bonnet S<\/li>\n<li>54 cm = Bonnet M<\/li>\n<li>56 cm = Bonnet L<\/li>\n<li>58 cm = Bonnet XL<\/li>\n<\/ul>\n","protected":false},"excerpt":{"rendered":"<p><strong>PERSONNALITE <\/strong>DIAMONDS HAIR<\/p>\n<p><strong>PRENOM<\/strong>\u00a0LENNY<br \/>\n<strong>STYLE\u00a0<\/strong>FRONTAL<br \/>\n<strong>TAILLE<\/strong>\u00a030 POUCES<br \/>\n<strong>DENSITE<\/strong>\u00a0150%<br \/>\n<strong>CAP CONSTRUCTION<\/strong>\u00a0FULL LACE WIG<br \/>\n<strong>TEXTURE NATURELLE<\/strong>\u00a0LISSE<br \/>\n<strong>COULEUR<\/strong>\u00a0BLOND PLATINE<br \/>\n<strong>COULEUR DU TULLE<\/strong>\u00a0BROWN, LIGHT BROWN OU TRANSPARENT<br \/>\n<strong>ELASTIC BAND<\/strong>\u00a0OUI<br \/>\n<strong>TAILLE DU BONNET<\/strong>\u00a0SMALL, MEDIUM ou LARGE<br \/>\n<strong>CUSTOMISABLE<\/strong> NON<br \/>\n<strong>NOEUDS BLANCHIS<\/strong> NON<\/p>\n","protected":false},"featured_media":119564,"comment_status":"open","ping_status":"closed","template":"","meta":[],"product_brand":[],"product_cat":[1114,1098],"product_tag":[],"class_list":{"0":"post-119531","1":"product","2":"type-product","3":"status-publish","4":"has-post-thumbnail","6":"product_cat-collection-braids","7":"product_cat-nos-perruques","9":"first","10":"instock","11":"featured","12":"taxable","13":"shipping-taxable","14":"purchasable","15":"product-type-variable"},"acf":[],"yoast_head":"<!-- This site is optimized with the Yoast SEO plugin v25.3.1 - https:\/\/yoast.com\/wordpress\/plugins\/seo\/ -->\n<title>LENNY - Fanny Beauty<\/title>\n<meta name=\"robots\" content=\"index, follow, max-snippet:-1, max-image-preview:large, max-video-preview:-1\" \/>\n<link rel=\"canonical\" href=\"https:\/\/lystes.store\/select\/fannybeauty\/product\/lenny\/\" \/>\n<meta property=\"og:locale\" content=\"fr_FR\" \/>\n<meta property=\"og:type\" content=\"article\" \/>\n<meta property=\"og:title\" content=\"LENNY - Fanny Beauty\" \/>\n<meta property=\"og:description\" content=\"PERSONNALITE DIAMONDS HAIR  PRENOM\u00a0LENNY STYLE\u00a0FRONTAL TAILLE\u00a030 POUCES DENSITE\u00a0150% CAP CONSTRUCTION\u00a0FULL LACE WIG TEXTURE NATURELLE\u00a0LISSE COULEUR\u00a0BLOND PLATINE COULEUR DU TULLE\u00a0BROWN, LIGHT BROWN OU TRANSPARENT ELASTIC BAND\u00a0OUI TAILLE DU BONNET\u00a0SMALL, MEDIUM ou LARGE CUSTOMISABLE NON NOEUDS BLANCHIS NON\" \/>\n<meta property=\"og:url\" content=\"https:\/\/lystes.store\/select\/fannybeauty\/product\/lenny\/\" \/>\n<meta property=\"og:site_name\" content=\"Fanny Beauty\" \/>\n<meta property=\"article:modified_time\" content=\"2025-07-25T06:07:02+00:00\" \/>\n<meta name=\"twitter:card\" content=\"summary_large_image\" \/>\n<meta name=\"twitter:label1\" content=\"Dur\u00e9e de lecture estim\u00e9e\" \/>\n\t<meta name=\"twitter:data1\" content=\"1 minute\" \/>\n<script type=\"application\/ld+json\" class=\"yoast-schema-graph\">{\"@context\":\"https:\/\/schema.org\",\"@graph\":[{\"@type\":\"WebPage\",\"@id\":\"https:\/\/lystes.store\/select\/fannybeauty\/product\/lenny\/\",\"url\":\"https:\/\/lystes.store\/select\/fannybeauty\/product\/lenny\/\",\"name\":\"LENNY - Fanny Beauty\",\"isPartOf\":{\"@id\":\"https:\/\/lystes.store\/select\/fannybeauty\/#website\"},\"primaryImageOfPage\":{\"@id\":\"https:\/\/lystes.store\/select\/fannybeauty\/product\/lenny\/#primaryimage\"},\"image\":{\"@id\":\"https:\/\/lystes.store\/select\/fannybeauty\/product\/lenny\/#primaryimage\"},\"thumbnailUrl\":\"https:\/\/i0.wp.com\/lystes.store\/select\/fannybeauty\/wp-content\/uploads\/sites\/18\/2025\/07\/IMG_7757_Facetune_11-05-2021-12-14-33.jpeg.jpeg?fit=417%2C746&ssl=1\",\"datePublished\":\"2025-07-25T06:02:59+00:00\",\"dateModified\":\"2025-07-25T06:07:02+00:00\",\"breadcrumb\":{\"@id\":\"https:\/\/lystes.store\/select\/fannybeauty\/product\/lenny\/#breadcrumb\"},\"inLanguage\":\"fr-FR\",\"potentialAction\":[{\"@type\":\"ReadAction\",\"target\":[\"https:\/\/lystes.store\/select\/fannybeauty\/product\/lenny\/\"]}]},{\"@type\":\"ImageObject\",\"inLanguage\":\"fr-FR\",\"@id\":\"https:\/\/lystes.store\/select\/fannybeauty\/product\/lenny\/#primaryimage\",\"url\":\"https:\/\/i0.wp.com\/lystes.store\/select\/fannybeauty\/wp-content\/uploads\/sites\/18\/2025\/07\/IMG_7757_Facetune_11-05-2021-12-14-33.jpeg.jpeg?fit=417%2C746&ssl=1\",\"contentUrl\":\"https:\/\/i0.wp.com\/lystes.store\/select\/fannybeauty\/wp-content\/uploads\/sites\/18\/2025\/07\/IMG_7757_Facetune_11-05-2021-12-14-33.jpeg.jpeg?fit=417%2C746&ssl=1\",\"width\":417,\"height\":746},{\"@type\":\"BreadcrumbList\",\"@id\":\"https:\/\/lystes.store\/select\/fannybeauty\/product\/lenny\/#breadcrumb\",\"itemListElement\":[{\"@type\":\"ListItem\",\"position\":1,\"name\":\"Accueil\",\"item\":\"https:\/\/lystes.store\/select\/fannybeauty\/\"},{\"@type\":\"ListItem\",\"position\":2,\"name\":\"Boutique\",\"item\":\"https:\/\/lystes.store\/select\/fannybeauty\/boutique\/\"},{\"@type\":\"ListItem\",\"position\":3,\"name\":\"LENNY\"}]},{\"@type\":\"WebSite\",\"@id\":\"https:\/\/lystes.store\/select\/fannybeauty\/#website\",\"url\":\"https:\/\/lystes.store\/select\/fannybeauty\/\",\"name\":\"Fanny Beauty\",\"description\":\"L&#039;excellence sinon rien\",\"potentialAction\":[{\"@type\":\"SearchAction\",\"target\":{\"@type\":\"EntryPoint\",\"urlTemplate\":\"https:\/\/lystes.store\/select\/fannybeauty\/?s={search_term_string}\"},\"query-input\":{\"@type\":\"PropertyValueSpecification\",\"valueRequired\":true,\"valueName\":\"search_term_string\"}}],\"inLanguage\":\"fr-FR\"}]}<\/script>\n<!-- \/ Yoast SEO plugin. -->","yoast_head_json":{"title":"LENNY - Fanny Beauty","robots":{"index":"index","follow":"follow","max-snippet":"max-snippet:-1","max-image-preview":"max-image-preview:large","max-video-preview":"max-video-preview:-1"},"canonical":"https:\/\/lystes.store\/select\/fannybeauty\/product\/lenny\/","og_locale":"fr_FR","og_type":"article","og_title":"LENNY - Fanny Beauty","og_description":"PERSONNALITE DIAMONDS HAIR  PRENOM\u00a0LENNY STYLE\u00a0FRONTAL TAILLE\u00a030 POUCES DENSITE\u00a0150% CAP CONSTRUCTION\u00a0FULL LACE WIG TEXTURE NATURELLE\u00a0LISSE COULEUR\u00a0BLOND PLATINE COULEUR DU TULLE\u00a0BROWN, LIGHT BROWN OU TRANSPARENT ELASTIC BAND\u00a0OUI TAILLE DU BONNET\u00a0SMALL, MEDIUM ou LARGE CUSTOMISABLE NON NOEUDS BLANCHIS NON","og_url":"https:\/\/lystes.store\/select\/fannybeauty\/product\/lenny\/","og_site_name":"Fanny Beauty","article_modified_time":"2025-07-25T06:07:02+00:00","twitter_card":"summary_large_image","twitter_misc":{"Dur\u00e9e de lecture estim\u00e9e":"1 minute"},"schema":{"@context":"https:\/\/schema.org","@graph":[{"@type":"WebPage","@id":"https:\/\/lystes.store\/select\/fannybeauty\/product\/lenny\/","url":"https:\/\/lystes.store\/select\/fannybeauty\/product\/lenny\/","name":"LENNY - Fanny Beauty","isPartOf":{"@id":"https:\/\/lystes.store\/select\/fannybeauty\/#website"},"primaryImageOfPage":{"@id":"https:\/\/lystes.store\/select\/fannybeauty\/product\/lenny\/#primaryimage"},"image":{"@id":"https:\/\/lystes.store\/select\/fannybeauty\/product\/lenny\/#primaryimage"},"thumbnailUrl":"https:\/\/i0.wp.com\/lystes.store\/select\/fannybeauty\/wp-content\/uploads\/sites\/18\/2025\/07\/IMG_7757_Facetune_11-05-2021-12-14-33.jpeg.jpeg?fit=417%2C746&ssl=1","datePublished":"2025-07-25T06:02:59+00:00","dateModified":"2025-07-25T06:07:02+00:00","breadcrumb":{"@id":"https:\/\/lystes.store\/select\/fannybeauty\/product\/lenny\/#breadcrumb"},"inLanguage":"fr-FR","potentialAction":[{"@type":"ReadAction","target":["https:\/\/lystes.store\/select\/fannybeauty\/product\/lenny\/"]}]},{"@type":"ImageObject","inLanguage":"fr-FR","@id":"https:\/\/lystes.store\/select\/fannybeauty\/product\/lenny\/#primaryimage","url":"https:\/\/i0.wp.com\/lystes.store\/select\/fannybeauty\/wp-content\/uploads\/sites\/18\/2025\/07\/IMG_7757_Facetune_11-05-2021-12-14-33.jpeg.jpeg?fit=417%2C746&ssl=1","contentUrl":"https:\/\/i0.wp.com\/lystes.store\/select\/fannybeauty\/wp-content\/uploads\/sites\/18\/2025\/07\/IMG_7757_Facetune_11-05-2021-12-14-33.jpeg.jpeg?fit=417%2C746&ssl=1","width":417,"height":746},{"@type":"BreadcrumbList","@id":"https:\/\/lystes.store\/select\/fannybeauty\/product\/lenny\/#breadcrumb","itemListElement":[{"@type":"ListItem","position":1,"name":"Accueil","item":"https:\/\/lystes.store\/select\/fannybeauty\/"},{"@type":"ListItem","position":2,"name":"Boutique","item":"https:\/\/lystes.store\/select\/fannybeauty\/boutique\/"},{"@type":"ListItem","position":3,"name":"LENNY"}]},{"@type":"WebSite","@id":"https:\/\/lystes.store\/select\/fannybeauty\/#website","url":"https:\/\/lystes.store\/select\/fannybeauty\/","name":"Fanny Beauty","description":"L&#039;excellence sinon rien","potentialAction":[{"@type":"SearchAction","target":{"@type":"EntryPoint","urlTemplate":"https:\/\/lystes.store\/select\/fannybeauty\/?s={search_term_string}"},"query-input":{"@type":"PropertyValueSpecification","valueRequired":true,"valueName":"search_term_string"}}],"inLanguage":"fr-FR"}]}},"_links":{"self":[{"href":"https:\/\/lystes.store\/select\/fannybeauty\/wp-json\/wp\/v2\/product\/119531","targetHints":{"allow":["GET"]}}],"collection":[{"href":"https:\/\/lystes.store\/select\/fannybeauty\/wp-json\/wp\/v2\/product"}],"about":[{"href":"https:\/\/lystes.store\/select\/fannybeauty\/wp-json\/wp\/v2\/types\/product"}],"replies":[{"embeddable":true,"href":"https:\/\/lystes.store\/select\/fannybeauty\/wp-json\/wp\/v2\/comments?post=119531"}],"wp:featuredmedia":[{"embeddable":true,"href":"https:\/\/lystes.store\/select\/fannybeauty\/wp-json\/wp\/v2\/media\/119564"}],"wp:attachment":[{"href":"https:\/\/lystes.store\/select\/fannybeauty\/wp-json\/wp\/v2\/media?parent=119531"}],"wp:term":[{"taxonomy":"product_brand","embeddable":true,"href":"https:\/\/lystes.store\/select\/fannybeauty\/wp-json\/wp\/v2\/product_brand?post=119531"},{"taxonomy":"product_cat","embeddable":true,"href":"https:\/\/lystes.store\/select\/fannybeauty\/wp-json\/wp\/v2\/product_cat?post=119531"},{"taxonomy":"product_tag","embeddable":true,"href":"https:\/\/lystes.store\/select\/fannybeauty\/wp-json\/wp\/v2\/product_tag?post=119531"}],"curies":[{"name":"wp","href":"https:\/\/api.w.org\/{rel}","templated":true}]}}