{"id":119444,"date":"2025-07-25T08:02:19","date_gmt":"2025-07-25T06:02:19","guid":{"rendered":"https:\/\/lystes.store\/select\/fannybeauty\/?post_type=product&#038;p=119444"},"modified":"2025-07-25T08:02:31","modified_gmt":"2025-07-25T06:02:31","slug":"full-lace-wig-kinky-straight","status":"publish","type":"product","link":"https:\/\/lystes.store\/select\/fannybeauty\/product\/full-lace-wig-kinky-straight\/","title":{"rendered":"Full Lace Wig Kinky Straight"},"content":{"rendered":"<p><strong>Perruque ultra fine<\/strong>, faite \u00e0 la main sur une tulle o\u00f9 sont implant\u00e9s au crochet des cheveux vierges. Elle est parfaitement ind\u00e9tectable, et sa particularit\u00e9 r\u00e9side dans la visibilit\u00e9 du cuir chevelu : l\u00e0 o\u00f9 une perruque ordinaire ne laisse rien entrevoir, la<strong>\u00a0full lace wig<\/strong> donne l\u2019illusion que les cheveux prennent naissance sur le cuir chevelu, d\u2019o\u00f9 son \u00e9norme succ\u00e8s.<\/p>\n<p>&nbsp;<\/p>\n<p><strong>La diff\u00e9rence entre une FULL LACE et une FRONT LACE :<\/strong> une perruque FRONT LACE est constitu\u00e9e des m\u00eames mat\u00e9riaux que la perruque FULL LACE. Toutefois, la FRONT LACE est une 1\/2 perruque et ne recouvre que l&rsquo;avant du cr\u00e2ne. Elle se colle uniquement sur le front et les tempes.<\/p>\n<p>&nbsp;<\/p>\n<p><strong>Besoin d&rsquo;une couleur sur vos extensions ? <a href=\"https:\/\/demosite.fannys-beauty.com\/categorie-produit\/colorations\/\">Cliquez ici<\/a><\/strong><\/p>\n","protected":false},"excerpt":{"rendered":"<p>Perruque ultra fine, faite \u00e0 la main sur une tulle o\u00f9 sont implant\u00e9s au crochet des cheveux vierges. Elle est parfaitement ind\u00e9tectable, et sa particularit\u00e9 r\u00e9side dans la visibilit\u00e9 du cuir chevelu : l\u00e0 o\u00f9 une perruque ordinaire ne laisse rien entrevoir, la\u00a0full lace wig donne l\u2019illusion que les cheveux [&hellip;]<\/p>\n","protected":false},"featured_media":119466,"comment_status":"open","ping_status":"closed","template":"","meta":[],"product_brand":[],"product_cat":[1075],"product_tag":[],"class_list":{"0":"post-119444","1":"product","2":"type-product","3":"status-publish","4":"has-post-thumbnail","6":"product_cat-full-lace-wig","8":"first","9":"instock","10":"taxable","11":"shipping-taxable","12":"purchasable","13":"product-type-variable"},"acf":[],"yoast_head":"<!-- This site is optimized with the Yoast SEO plugin v25.3.1 - https:\/\/yoast.com\/wordpress\/plugins\/seo\/ -->\n<title>Full Lace Wig Kinky Straight - Fanny Beauty<\/title>\n<meta name=\"robots\" content=\"index, follow, max-snippet:-1, max-image-preview:large, max-video-preview:-1\" \/>\n<link rel=\"canonical\" href=\"https:\/\/lystes.store\/select\/fannybeauty\/product\/full-lace-wig-kinky-straight\/\" \/>\n<meta property=\"og:locale\" content=\"fr_FR\" \/>\n<meta property=\"og:type\" content=\"article\" \/>\n<meta property=\"og:title\" content=\"Full Lace Wig Kinky Straight - Fanny Beauty\" \/>\n<meta property=\"og:description\" content=\"Perruque ultra fine, faite \u00e0 la main sur une tulle o\u00f9 sont implant\u00e9s au crochet des cheveux vierges. Elle est parfaitement ind\u00e9tectable, et sa particularit\u00e9 r\u00e9side dans la visibilit\u00e9 du cuir chevelu : l\u00e0 o\u00f9 une perruque ordinaire ne laisse rien entrevoir, la\u00a0full lace wig donne l\u2019illusion que les cheveux [&hellip;]\" \/>\n<meta property=\"og:url\" content=\"https:\/\/lystes.store\/select\/fannybeauty\/product\/full-lace-wig-kinky-straight\/\" \/>\n<meta property=\"og:site_name\" content=\"Fanny Beauty\" \/>\n<meta property=\"article:modified_time\" content=\"2025-07-25T06:02:31+00:00\" \/>\n<meta name=\"twitter:card\" content=\"summary_large_image\" \/>\n<meta name=\"twitter:label1\" content=\"Dur\u00e9e de lecture estim\u00e9e\" \/>\n\t<meta name=\"twitter:data1\" content=\"1 minute\" \/>\n<script type=\"application\/ld+json\" class=\"yoast-schema-graph\">{\"@context\":\"https:\/\/schema.org\",\"@graph\":[{\"@type\":\"WebPage\",\"@id\":\"https:\/\/lystes.store\/select\/fannybeauty\/product\/full-lace-wig-kinky-straight\/\",\"url\":\"https:\/\/lystes.store\/select\/fannybeauty\/product\/full-lace-wig-kinky-straight\/\",\"name\":\"Full Lace Wig Kinky Straight - Fanny Beauty\",\"isPartOf\":{\"@id\":\"https:\/\/lystes.store\/select\/fannybeauty\/#website\"},\"primaryImageOfPage\":{\"@id\":\"https:\/\/lystes.store\/select\/fannybeauty\/product\/full-lace-wig-kinky-straight\/#primaryimage\"},\"image\":{\"@id\":\"https:\/\/lystes.store\/select\/fannybeauty\/product\/full-lace-wig-kinky-straight\/#primaryimage\"},\"thumbnailUrl\":\"https:\/\/i0.wp.com\/lystes.store\/select\/fannybeauty\/wp-content\/uploads\/sites\/18\/2025\/07\/kinky_16_1b_front_1_3.jpg?fit=494%2C873&ssl=1\",\"datePublished\":\"2025-07-25T06:02:19+00:00\",\"dateModified\":\"2025-07-25T06:02:31+00:00\",\"breadcrumb\":{\"@id\":\"https:\/\/lystes.store\/select\/fannybeauty\/product\/full-lace-wig-kinky-straight\/#breadcrumb\"},\"inLanguage\":\"fr-FR\",\"potentialAction\":[{\"@type\":\"ReadAction\",\"target\":[\"https:\/\/lystes.store\/select\/fannybeauty\/product\/full-lace-wig-kinky-straight\/\"]}]},{\"@type\":\"ImageObject\",\"inLanguage\":\"fr-FR\",\"@id\":\"https:\/\/lystes.store\/select\/fannybeauty\/product\/full-lace-wig-kinky-straight\/#primaryimage\",\"url\":\"https:\/\/i0.wp.com\/lystes.store\/select\/fannybeauty\/wp-content\/uploads\/sites\/18\/2025\/07\/kinky_16_1b_front_1_3.jpg?fit=494%2C873&ssl=1\",\"contentUrl\":\"https:\/\/i0.wp.com\/lystes.store\/select\/fannybeauty\/wp-content\/uploads\/sites\/18\/2025\/07\/kinky_16_1b_front_1_3.jpg?fit=494%2C873&ssl=1\",\"width\":494,\"height\":873},{\"@type\":\"BreadcrumbList\",\"@id\":\"https:\/\/lystes.store\/select\/fannybeauty\/product\/full-lace-wig-kinky-straight\/#breadcrumb\",\"itemListElement\":[{\"@type\":\"ListItem\",\"position\":1,\"name\":\"Accueil\",\"item\":\"https:\/\/lystes.store\/select\/fannybeauty\/\"},{\"@type\":\"ListItem\",\"position\":2,\"name\":\"Boutique\",\"item\":\"https:\/\/lystes.store\/select\/fannybeauty\/boutique\/\"},{\"@type\":\"ListItem\",\"position\":3,\"name\":\"Full Lace Wig Kinky Straight\"}]},{\"@type\":\"WebSite\",\"@id\":\"https:\/\/lystes.store\/select\/fannybeauty\/#website\",\"url\":\"https:\/\/lystes.store\/select\/fannybeauty\/\",\"name\":\"Fanny Beauty\",\"description\":\"L&#039;excellence sinon rien\",\"potentialAction\":[{\"@type\":\"SearchAction\",\"target\":{\"@type\":\"EntryPoint\",\"urlTemplate\":\"https:\/\/lystes.store\/select\/fannybeauty\/?s={search_term_string}\"},\"query-input\":{\"@type\":\"PropertyValueSpecification\",\"valueRequired\":true,\"valueName\":\"search_term_string\"}}],\"inLanguage\":\"fr-FR\"}]}<\/script>\n<!-- \/ Yoast SEO plugin. -->","yoast_head_json":{"title":"Full Lace Wig Kinky Straight - Fanny Beauty","robots":{"index":"index","follow":"follow","max-snippet":"max-snippet:-1","max-image-preview":"max-image-preview:large","max-video-preview":"max-video-preview:-1"},"canonical":"https:\/\/lystes.store\/select\/fannybeauty\/product\/full-lace-wig-kinky-straight\/","og_locale":"fr_FR","og_type":"article","og_title":"Full Lace Wig Kinky Straight - Fanny Beauty","og_description":"Perruque ultra fine, faite \u00e0 la main sur une tulle o\u00f9 sont implant\u00e9s au crochet des cheveux vierges. Elle est parfaitement ind\u00e9tectable, et sa particularit\u00e9 r\u00e9side dans la visibilit\u00e9 du cuir chevelu : l\u00e0 o\u00f9 une perruque ordinaire ne laisse rien entrevoir, la\u00a0full lace wig donne l\u2019illusion que les cheveux [&hellip;]","og_url":"https:\/\/lystes.store\/select\/fannybeauty\/product\/full-lace-wig-kinky-straight\/","og_site_name":"Fanny Beauty","article_modified_time":"2025-07-25T06:02:31+00:00","twitter_card":"summary_large_image","twitter_misc":{"Dur\u00e9e de lecture estim\u00e9e":"1 minute"},"schema":{"@context":"https:\/\/schema.org","@graph":[{"@type":"WebPage","@id":"https:\/\/lystes.store\/select\/fannybeauty\/product\/full-lace-wig-kinky-straight\/","url":"https:\/\/lystes.store\/select\/fannybeauty\/product\/full-lace-wig-kinky-straight\/","name":"Full Lace Wig Kinky Straight - Fanny Beauty","isPartOf":{"@id":"https:\/\/lystes.store\/select\/fannybeauty\/#website"},"primaryImageOfPage":{"@id":"https:\/\/lystes.store\/select\/fannybeauty\/product\/full-lace-wig-kinky-straight\/#primaryimage"},"image":{"@id":"https:\/\/lystes.store\/select\/fannybeauty\/product\/full-lace-wig-kinky-straight\/#primaryimage"},"thumbnailUrl":"https:\/\/i0.wp.com\/lystes.store\/select\/fannybeauty\/wp-content\/uploads\/sites\/18\/2025\/07\/kinky_16_1b_front_1_3.jpg?fit=494%2C873&ssl=1","datePublished":"2025-07-25T06:02:19+00:00","dateModified":"2025-07-25T06:02:31+00:00","breadcrumb":{"@id":"https:\/\/lystes.store\/select\/fannybeauty\/product\/full-lace-wig-kinky-straight\/#breadcrumb"},"inLanguage":"fr-FR","potentialAction":[{"@type":"ReadAction","target":["https:\/\/lystes.store\/select\/fannybeauty\/product\/full-lace-wig-kinky-straight\/"]}]},{"@type":"ImageObject","inLanguage":"fr-FR","@id":"https:\/\/lystes.store\/select\/fannybeauty\/product\/full-lace-wig-kinky-straight\/#primaryimage","url":"https:\/\/i0.wp.com\/lystes.store\/select\/fannybeauty\/wp-content\/uploads\/sites\/18\/2025\/07\/kinky_16_1b_front_1_3.jpg?fit=494%2C873&ssl=1","contentUrl":"https:\/\/i0.wp.com\/lystes.store\/select\/fannybeauty\/wp-content\/uploads\/sites\/18\/2025\/07\/kinky_16_1b_front_1_3.jpg?fit=494%2C873&ssl=1","width":494,"height":873},{"@type":"BreadcrumbList","@id":"https:\/\/lystes.store\/select\/fannybeauty\/product\/full-lace-wig-kinky-straight\/#breadcrumb","itemListElement":[{"@type":"ListItem","position":1,"name":"Accueil","item":"https:\/\/lystes.store\/select\/fannybeauty\/"},{"@type":"ListItem","position":2,"name":"Boutique","item":"https:\/\/lystes.store\/select\/fannybeauty\/boutique\/"},{"@type":"ListItem","position":3,"name":"Full Lace Wig Kinky Straight"}]},{"@type":"WebSite","@id":"https:\/\/lystes.store\/select\/fannybeauty\/#website","url":"https:\/\/lystes.store\/select\/fannybeauty\/","name":"Fanny Beauty","description":"L&#039;excellence sinon rien","potentialAction":[{"@type":"SearchAction","target":{"@type":"EntryPoint","urlTemplate":"https:\/\/lystes.store\/select\/fannybeauty\/?s={search_term_string}"},"query-input":{"@type":"PropertyValueSpecification","valueRequired":true,"valueName":"search_term_string"}}],"inLanguage":"fr-FR"}]}},"_links":{"self":[{"href":"https:\/\/lystes.store\/select\/fannybeauty\/wp-json\/wp\/v2\/product\/119444","targetHints":{"allow":["GET"]}}],"collection":[{"href":"https:\/\/lystes.store\/select\/fannybeauty\/wp-json\/wp\/v2\/product"}],"about":[{"href":"https:\/\/lystes.store\/select\/fannybeauty\/wp-json\/wp\/v2\/types\/product"}],"replies":[{"embeddable":true,"href":"https:\/\/lystes.store\/select\/fannybeauty\/wp-json\/wp\/v2\/comments?post=119444"}],"wp:featuredmedia":[{"embeddable":true,"href":"https:\/\/lystes.store\/select\/fannybeauty\/wp-json\/wp\/v2\/media\/119466"}],"wp:attachment":[{"href":"https:\/\/lystes.store\/select\/fannybeauty\/wp-json\/wp\/v2\/media?parent=119444"}],"wp:term":[{"taxonomy":"product_brand","embeddable":true,"href":"https:\/\/lystes.store\/select\/fannybeauty\/wp-json\/wp\/v2\/product_brand?post=119444"},{"taxonomy":"product_cat","embeddable":true,"href":"https:\/\/lystes.store\/select\/fannybeauty\/wp-json\/wp\/v2\/product_cat?post=119444"},{"taxonomy":"product_tag","embeddable":true,"href":"https:\/\/lystes.store\/select\/fannybeauty\/wp-json\/wp\/v2\/product_tag?post=119444"}],"curies":[{"name":"wp","href":"https:\/\/api.w.org\/{rel}","templated":true}]}}