{"id":119334,"date":"2025-07-25T08:01:41","date_gmt":"2025-07-25T06:01:41","guid":{"rendered":"https:\/\/lystes.store\/select\/fannybeauty\/?post_type=product&#038;p=119334"},"modified":"2025-07-25T08:05:16","modified_gmt":"2025-07-25T06:05:16","slug":"full-lace-wig-lisse","status":"publish","type":"product","link":"https:\/\/lystes.store\/select\/fannybeauty\/product\/full-lace-wig-lisse\/","title":{"rendered":"Full Lace Wig Lisse"},"content":{"rendered":"<p>FULL LACE WIG LISSE :<\/p>\n<p>Perruque ultra fine, faite \u00e0 la main sur un tulle o\u00f9 sont implant\u00e9s, \u00e0 l&rsquo;aide d&rsquo;un crochet, des cheveux vierges.<\/p>\n<p>Elle est parfaitement ind\u00e9tectable et sa particularit\u00e9 r\u00e9side dans la visibilit\u00e9 du cuir chevelu.<\/p>\n<p>L\u00e0 o\u00f9 une perruque ordinaire ne laisse rien entrevoir, la full lace wig donne l\u2019illusion que les cheveux prennent naissance sur le cuir chevelu, d\u2019o\u00f9 son immense succ\u00e8s.<\/p>\n<p>La diff\u00e9rence entre une FULL LACE et une FRONT LACE : une perruque FRONT LACE est constitu\u00e9e des m\u00eames mat\u00e9riaux que la perruque FULL LACE. Toutefois, la FRONT LACE est une 1\/2 perruque et ne recouvre que l\u2019avant du cr\u00e2ne. Elle se colle uniquement sur le front et les tempes.<\/p>\n","protected":false},"excerpt":{"rendered":"<p>FULL LACE WIG LISSE : Perruque ultra fine, faite \u00e0 la main sur un tulle o\u00f9 sont implant\u00e9s, \u00e0 l&rsquo;aide d&rsquo;un crochet, des cheveux vierges. Elle est parfaitement ind\u00e9tectable et sa particularit\u00e9 r\u00e9side dans la visibilit\u00e9 du cuir chevelu. L\u00e0 o\u00f9 une perruque ordinaire ne laisse rien entrevoir, la full [&hellip;]<\/p>\n","protected":false},"featured_media":119357,"comment_status":"open","ping_status":"closed","template":"","meta":[],"product_brand":[],"product_cat":[1075],"product_tag":[],"class_list":{"0":"post-119334","1":"product","2":"type-product","3":"status-publish","4":"has-post-thumbnail","6":"product_cat-full-lace-wig","8":"first","9":"instock","10":"taxable","11":"shipping-taxable","12":"purchasable","13":"product-type-variable"},"acf":[],"yoast_head":"<!-- This site is optimized with the Yoast SEO plugin v25.3.1 - https:\/\/yoast.com\/wordpress\/plugins\/seo\/ -->\n<title>Full Lace Wig Lisse - Fanny Beauty<\/title>\n<meta name=\"robots\" content=\"index, follow, max-snippet:-1, max-image-preview:large, max-video-preview:-1\" \/>\n<link rel=\"canonical\" href=\"https:\/\/lystes.store\/select\/fannybeauty\/product\/full-lace-wig-lisse\/\" \/>\n<meta property=\"og:locale\" content=\"fr_FR\" \/>\n<meta property=\"og:type\" content=\"article\" \/>\n<meta property=\"og:title\" content=\"Full Lace Wig Lisse - Fanny Beauty\" \/>\n<meta property=\"og:description\" content=\"FULL LACE WIG LISSE : Perruque ultra fine, faite \u00e0 la main sur un tulle o\u00f9 sont implant\u00e9s, \u00e0 l&rsquo;aide d&rsquo;un crochet, des cheveux vierges. Elle est parfaitement ind\u00e9tectable et sa particularit\u00e9 r\u00e9side dans la visibilit\u00e9 du cuir chevelu. L\u00e0 o\u00f9 une perruque ordinaire ne laisse rien entrevoir, la full [&hellip;]\" \/>\n<meta property=\"og:url\" content=\"https:\/\/lystes.store\/select\/fannybeauty\/product\/full-lace-wig-lisse\/\" \/>\n<meta property=\"og:site_name\" content=\"Fanny Beauty\" \/>\n<meta property=\"article:modified_time\" content=\"2025-07-25T06:05:16+00:00\" \/>\n<meta name=\"twitter:card\" content=\"summary_large_image\" \/>\n<meta name=\"twitter:label1\" content=\"Dur\u00e9e de lecture estim\u00e9e\" \/>\n\t<meta name=\"twitter:data1\" content=\"1 minute\" \/>\n<script type=\"application\/ld+json\" class=\"yoast-schema-graph\">{\"@context\":\"https:\/\/schema.org\",\"@graph\":[{\"@type\":\"WebPage\",\"@id\":\"https:\/\/lystes.store\/select\/fannybeauty\/product\/full-lace-wig-lisse\/\",\"url\":\"https:\/\/lystes.store\/select\/fannybeauty\/product\/full-lace-wig-lisse\/\",\"name\":\"Full Lace Wig Lisse - Fanny Beauty\",\"isPartOf\":{\"@id\":\"https:\/\/lystes.store\/select\/fannybeauty\/#website\"},\"primaryImageOfPage\":{\"@id\":\"https:\/\/lystes.store\/select\/fannybeauty\/product\/full-lace-wig-lisse\/#primaryimage\"},\"image\":{\"@id\":\"https:\/\/lystes.store\/select\/fannybeauty\/product\/full-lace-wig-lisse\/#primaryimage\"},\"thumbnailUrl\":\"https:\/\/i0.wp.com\/lystes.store\/select\/fannybeauty\/wp-content\/uploads\/sites\/18\/2025\/07\/image.jpg?fit=300%2C400&ssl=1\",\"datePublished\":\"2025-07-25T06:01:41+00:00\",\"dateModified\":\"2025-07-25T06:05:16+00:00\",\"breadcrumb\":{\"@id\":\"https:\/\/lystes.store\/select\/fannybeauty\/product\/full-lace-wig-lisse\/#breadcrumb\"},\"inLanguage\":\"fr-FR\",\"potentialAction\":[{\"@type\":\"ReadAction\",\"target\":[\"https:\/\/lystes.store\/select\/fannybeauty\/product\/full-lace-wig-lisse\/\"]}]},{\"@type\":\"ImageObject\",\"inLanguage\":\"fr-FR\",\"@id\":\"https:\/\/lystes.store\/select\/fannybeauty\/product\/full-lace-wig-lisse\/#primaryimage\",\"url\":\"https:\/\/i0.wp.com\/lystes.store\/select\/fannybeauty\/wp-content\/uploads\/sites\/18\/2025\/07\/image.jpg?fit=300%2C400&ssl=1\",\"contentUrl\":\"https:\/\/i0.wp.com\/lystes.store\/select\/fannybeauty\/wp-content\/uploads\/sites\/18\/2025\/07\/image.jpg?fit=300%2C400&ssl=1\",\"width\":300,\"height\":400},{\"@type\":\"BreadcrumbList\",\"@id\":\"https:\/\/lystes.store\/select\/fannybeauty\/product\/full-lace-wig-lisse\/#breadcrumb\",\"itemListElement\":[{\"@type\":\"ListItem\",\"position\":1,\"name\":\"Accueil\",\"item\":\"https:\/\/lystes.store\/select\/fannybeauty\/\"},{\"@type\":\"ListItem\",\"position\":2,\"name\":\"Boutique\",\"item\":\"https:\/\/lystes.store\/select\/fannybeauty\/boutique\/\"},{\"@type\":\"ListItem\",\"position\":3,\"name\":\"Full Lace Wig Lisse\"}]},{\"@type\":\"WebSite\",\"@id\":\"https:\/\/lystes.store\/select\/fannybeauty\/#website\",\"url\":\"https:\/\/lystes.store\/select\/fannybeauty\/\",\"name\":\"Fanny Beauty\",\"description\":\"L&#039;excellence sinon rien\",\"potentialAction\":[{\"@type\":\"SearchAction\",\"target\":{\"@type\":\"EntryPoint\",\"urlTemplate\":\"https:\/\/lystes.store\/select\/fannybeauty\/?s={search_term_string}\"},\"query-input\":{\"@type\":\"PropertyValueSpecification\",\"valueRequired\":true,\"valueName\":\"search_term_string\"}}],\"inLanguage\":\"fr-FR\"}]}<\/script>\n<!-- \/ Yoast SEO plugin. -->","yoast_head_json":{"title":"Full Lace Wig Lisse - Fanny Beauty","robots":{"index":"index","follow":"follow","max-snippet":"max-snippet:-1","max-image-preview":"max-image-preview:large","max-video-preview":"max-video-preview:-1"},"canonical":"https:\/\/lystes.store\/select\/fannybeauty\/product\/full-lace-wig-lisse\/","og_locale":"fr_FR","og_type":"article","og_title":"Full Lace Wig Lisse - Fanny Beauty","og_description":"FULL LACE WIG LISSE : Perruque ultra fine, faite \u00e0 la main sur un tulle o\u00f9 sont implant\u00e9s, \u00e0 l&rsquo;aide d&rsquo;un crochet, des cheveux vierges. Elle est parfaitement ind\u00e9tectable et sa particularit\u00e9 r\u00e9side dans la visibilit\u00e9 du cuir chevelu. L\u00e0 o\u00f9 une perruque ordinaire ne laisse rien entrevoir, la full [&hellip;]","og_url":"https:\/\/lystes.store\/select\/fannybeauty\/product\/full-lace-wig-lisse\/","og_site_name":"Fanny Beauty","article_modified_time":"2025-07-25T06:05:16+00:00","twitter_card":"summary_large_image","twitter_misc":{"Dur\u00e9e de lecture estim\u00e9e":"1 minute"},"schema":{"@context":"https:\/\/schema.org","@graph":[{"@type":"WebPage","@id":"https:\/\/lystes.store\/select\/fannybeauty\/product\/full-lace-wig-lisse\/","url":"https:\/\/lystes.store\/select\/fannybeauty\/product\/full-lace-wig-lisse\/","name":"Full Lace Wig Lisse - Fanny Beauty","isPartOf":{"@id":"https:\/\/lystes.store\/select\/fannybeauty\/#website"},"primaryImageOfPage":{"@id":"https:\/\/lystes.store\/select\/fannybeauty\/product\/full-lace-wig-lisse\/#primaryimage"},"image":{"@id":"https:\/\/lystes.store\/select\/fannybeauty\/product\/full-lace-wig-lisse\/#primaryimage"},"thumbnailUrl":"https:\/\/i0.wp.com\/lystes.store\/select\/fannybeauty\/wp-content\/uploads\/sites\/18\/2025\/07\/image.jpg?fit=300%2C400&ssl=1","datePublished":"2025-07-25T06:01:41+00:00","dateModified":"2025-07-25T06:05:16+00:00","breadcrumb":{"@id":"https:\/\/lystes.store\/select\/fannybeauty\/product\/full-lace-wig-lisse\/#breadcrumb"},"inLanguage":"fr-FR","potentialAction":[{"@type":"ReadAction","target":["https:\/\/lystes.store\/select\/fannybeauty\/product\/full-lace-wig-lisse\/"]}]},{"@type":"ImageObject","inLanguage":"fr-FR","@id":"https:\/\/lystes.store\/select\/fannybeauty\/product\/full-lace-wig-lisse\/#primaryimage","url":"https:\/\/i0.wp.com\/lystes.store\/select\/fannybeauty\/wp-content\/uploads\/sites\/18\/2025\/07\/image.jpg?fit=300%2C400&ssl=1","contentUrl":"https:\/\/i0.wp.com\/lystes.store\/select\/fannybeauty\/wp-content\/uploads\/sites\/18\/2025\/07\/image.jpg?fit=300%2C400&ssl=1","width":300,"height":400},{"@type":"BreadcrumbList","@id":"https:\/\/lystes.store\/select\/fannybeauty\/product\/full-lace-wig-lisse\/#breadcrumb","itemListElement":[{"@type":"ListItem","position":1,"name":"Accueil","item":"https:\/\/lystes.store\/select\/fannybeauty\/"},{"@type":"ListItem","position":2,"name":"Boutique","item":"https:\/\/lystes.store\/select\/fannybeauty\/boutique\/"},{"@type":"ListItem","position":3,"name":"Full Lace Wig Lisse"}]},{"@type":"WebSite","@id":"https:\/\/lystes.store\/select\/fannybeauty\/#website","url":"https:\/\/lystes.store\/select\/fannybeauty\/","name":"Fanny Beauty","description":"L&#039;excellence sinon rien","potentialAction":[{"@type":"SearchAction","target":{"@type":"EntryPoint","urlTemplate":"https:\/\/lystes.store\/select\/fannybeauty\/?s={search_term_string}"},"query-input":{"@type":"PropertyValueSpecification","valueRequired":true,"valueName":"search_term_string"}}],"inLanguage":"fr-FR"}]}},"_links":{"self":[{"href":"https:\/\/lystes.store\/select\/fannybeauty\/wp-json\/wp\/v2\/product\/119334","targetHints":{"allow":["GET"]}}],"collection":[{"href":"https:\/\/lystes.store\/select\/fannybeauty\/wp-json\/wp\/v2\/product"}],"about":[{"href":"https:\/\/lystes.store\/select\/fannybeauty\/wp-json\/wp\/v2\/types\/product"}],"replies":[{"embeddable":true,"href":"https:\/\/lystes.store\/select\/fannybeauty\/wp-json\/wp\/v2\/comments?post=119334"}],"wp:featuredmedia":[{"embeddable":true,"href":"https:\/\/lystes.store\/select\/fannybeauty\/wp-json\/wp\/v2\/media\/119357"}],"wp:attachment":[{"href":"https:\/\/lystes.store\/select\/fannybeauty\/wp-json\/wp\/v2\/media?parent=119334"}],"wp:term":[{"taxonomy":"product_brand","embeddable":true,"href":"https:\/\/lystes.store\/select\/fannybeauty\/wp-json\/wp\/v2\/product_brand?post=119334"},{"taxonomy":"product_cat","embeddable":true,"href":"https:\/\/lystes.store\/select\/fannybeauty\/wp-json\/wp\/v2\/product_cat?post=119334"},{"taxonomy":"product_tag","embeddable":true,"href":"https:\/\/lystes.store\/select\/fannybeauty\/wp-json\/wp\/v2\/product_tag?post=119334"}],"curies":[{"name":"wp","href":"https:\/\/api.w.org\/{rel}","templated":true}]}}