{"id":32,"date":"2022-01-14T12:19:42","date_gmt":"2022-01-14T11:19:42","guid":{"rendered":"https:\/\/lystes.com\/eyesperfect\/?page_id=32"},"modified":"2025-07-25T09:17:30","modified_gmt":"2025-07-25T07:17:30","slug":"nos-engagements","status":"publish","type":"page","link":"https:\/\/lystes.store\/select\/fannybeauty\/nos-engagements\/","title":{"rendered":"Nos engagements"},"content":{"rendered":"<div class=\"wpb-content-wrapper\">[vc_section full_width=\u00a0\u00bbstretch_row_content\u00a0\u00bb el_class=\u00a0\u00bbvideoservices\u00a0\u00bb][vc_row et_full_width=\u00a0\u00bbtrue\u00a0\u00bb css=\u00a0\u00bb.vc_custom_1656058852298{background-position: center !important;background-repeat: no-repeat !important;background-size: cover !important;}\u00a0\u00bb][vc_column css=\u00a0\u00bb.vc_custom_1642344785539{background-image: url(https:\/\/lystes.com\/emmagencyparis\/wp-content\/uploads\/2022\/01\/gettyimages-1177822590.jpeg?id=749) !important;background-position: center !important;background-repeat: no-repeat !important;background-size: cover !important;}\u00a0\u00bb][vc_empty_space height=\u00a0\u00bb442px\u00a0\u00bb][\/vc_column][\/vc_row][vc_row el_class=\u00a0\u00bbblockoo\u00a0\u00bb][vc_column el_class=\u00a0\u00bbcontainer\u00a0\u00bb][vc_column_text]\n<h4 style=\"text-align: center;\">Fanny Beauty<\/h4>\n<div id=\"gtx-trans\" style=\"position: absolute; left: 243px; top: 43.2734px;\">\n<div class=\"gtx-trans-icon\"><\/div>\n<\/div>\n[\/vc_column_text][vc_column_text]\n<h1 style=\"text-align: center;\">Nos engagements<\/h1>\n[\/vc_column_text][vc_row_inner][vc_column_inner width=\u00a0\u00bb1\/2&Prime;][vc_column_text]\n<p class=\"p1\">Chez <span class=\"s1\">Fanny Beauty<\/span>, l\u2019excellence n\u2019est pas une ambition, c\u2019est une norme.<\/p>\n<p class=\"p2\"><span class=\"s2\">Notre mission : <\/span>r\u00e9v\u00e9ler la puissance et l\u2019\u00e9l\u00e9gance de chaque femme<span class=\"s2\"> \u00e0 travers des <\/span>perruques sur-mesure<span class=\"s2\">, <\/span>tissages premium<span class=\"s2\">, <\/span>frontales<span class=\"s2\"> et <\/span>closures de haute qualit\u00e9<span class=\"s2\">, s\u00e9lectionn\u00e9s selon les standards les plus exigeants du secteur.<\/span><\/p>\n<p class=\"p2\"><span class=\"s2\">Chaque produit est choisi avec soin pour <\/span>s\u2019adapter \u00e0 toutes les textures et carnations<span class=\"s2\">, en garantissant <\/span>brillance naturelle<span class=\"s2\">, <\/span>volume ma\u00eetris\u00e9<span class=\"s2\"> et <\/span>long\u00e9vit\u00e9 exceptionnelle<span class=\"s2\">.<\/span><\/p>\n<p class=\"p1\">Nous associons des <span class=\"s1\">techniques de pose avanc\u00e9es<\/span> \u00e0 un savoir-faire valid\u00e9 par des experts internationaux, pour offrir des prestations ultra-personnalis\u00e9es, alliant <span class=\"s1\">pr\u00e9cision<\/span>, <span class=\"s1\">cr\u00e9ativit\u00e9<\/span> et <span class=\"s1\">respect de l\u2019identit\u00e9 de chaque cliente<\/span>.<\/p>\n[\/vc_column_text][\/vc_column_inner][vc_column_inner width=\u00a0\u00bb1\/2&Prime;][vc_column_text]\n<p class=\"p1\">Mais notre vision va bien plus loin que la beaut\u00e9 visible.<\/p>\n<p class=\"p1\">\u00c0 travers notre <span class=\"s1\">centre de formation agr\u00e9\u00e9<\/span>, nous formons une nouvelle g\u00e9n\u00e9ration de professionnels passionn\u00e9s, en transmettant des valeurs claires : <span class=\"s1\">rigueur, ma\u00eetrise et exigence du d\u00e9tail<\/span>.<\/p>\n<p class=\"p1\">Chaque session est construite pour faire \u00e9merger des talents, en les accompagnant vers <span class=\"s1\">l\u2019excellence durable<\/span>.<\/p>\n<p class=\"p1\"><span class=\"s1\">Fanny Beauty<\/span>, c\u2019est une communaut\u00e9 port\u00e9e par la passion, la discipline et l\u2019ambition.<\/p>\n<p class=\"p3\"><span class=\"s2\">Ici, <\/span>l\u2019exigence est un art de vivre<span class=\"s2\">.<\/span><\/p>\n<p class=\"p1\">Rejoignez-nous. Cultivez votre savoir-faire. Et adoptez notre philosophie :<\/p>\n<p class=\"p3\">L\u2019excellence ou rien.<\/p>\n[\/vc_column_text][\/vc_column_inner][\/vc_row_inner][\/vc_column][\/vc_row][vc_row et_full_width=\u00a0\u00bbtrue\u00a0\u00bb css=\u00a0\u00bb.vc_custom_1656058852298{background-position: center !important;background-repeat: no-repeat !important;background-size: cover !important;}\u00a0\u00bb][vc_column css=\u00a0\u00bb.vc_custom_1642344785539{background-image: url(https:\/\/lystes.com\/emmagencyparis\/wp-content\/uploads\/2022\/01\/gettyimages-1177822590.jpeg?id=749) !important;background-position: center !important;background-repeat: no-repeat !important;background-size: cover !important;}\u00a0\u00bb][vc_empty_space height=\u00a0\u00bb42px\u00a0\u00bb][\/vc_column][\/vc_row][\/vc_section][vc_section disable_element=\u00a0\u00bbyes\u00a0\u00bb el_id=\u00a0\u00bbservicefeature\u00a0\u00bb][vc_row][vc_column][vc_row_inner el_class=\u00a0\u00bbmini-container\u00a0\u00bb][vc_column_inner width=\u00a0\u00bb1\/2&Prime;][vc_column_text]\n<h3>Diagnostic et accompagnement<\/h3>\n[\/vc_column_text][vc_column_text]\n<div class=\"str-id strd\" data-tran=\"intro_4\" data-tr=\"fadeIn\">\n<div class=\"sie-intro_4 se \" data-sid=\"intro_4\">\n<p>Etre \u00e0 l\u2019\u00e9coute de vos d\u00e9sirs, de vos doutes et de vos interrogations, c\u2019est pour nous une seconde nature qui nous porte \u00e0 vous apporter la meilleure prestation possible. Vos remarques et commentaires nous stimulent et nous encouragent. Ils nous conduisent \u00e0 am\u00e9liorer sans cesse la qualit\u00e9 de nos perruques, \u00e0 cr\u00e9er de nouvelles collections, \u00e0 d\u00e9velopper de nouvelles techniques de traitement des cheveux et de fabrication de nos mod\u00e8les.<\/p>\n<p>Chacun d\u2019entre vous est unique. Voil\u00e0 pourquoi notre accompagnement est si personnel, si attentif au cheminement de votre choix jusqu\u2019\u00e0 la commande et bien au-del\u00e0, quand la perruque sera arriv\u00e9e \u00e0 votre domicile. Nous comprenons qu\u2019il soit difficile pour certaines de commander un produit sur internet sans l\u2019avoir vu ou touch\u00e9. Il ne suffit pas de choisir la coupe et le type de cheveux, il est essentiel de poser les bonnes questions pour que la perruque s\u2019adapte \u00e0 vos exigences et \u00e0 votre style de vie. Nous avons fait\u00a0 en sorte que le site de Mai\u2019s Secrets soit le plus complet possible et \u00e0 votre enti\u00e8re disposition avant, pendant et apr\u00e8s votre achat.<\/p>\n<p>Alors n\u2019h\u00e9sitez pas \u00e0 nous contacter.<\/p>\n<\/div>\n<\/div>\n[\/vc_column_text][\/vc_column_inner][vc_column_inner width=\u00a0\u00bb1\/2&Prime;][vc_column_text]<img data-recalc-dims=\"1\" loading=\"lazy\" decoding=\"async\" class=\"alignnone size-full wp-image-2017\" src=\"https:\/\/i0.wp.com\/sevmylook.lystes.prowp-content\/uploads\/2022\/06\/1_1200x.webp?resize=1140%2C1452&#038;ssl=1\" alt=\"\" width=\"1140\" height=\"1452\" \/>[\/vc_column_text][\/vc_column_inner][\/vc_row_inner][\/vc_column][\/vc_row][\/vc_section]\n<\/div>","protected":false},"excerpt":{"rendered":"<p>[vc_section full_width=\u00a0\u00bbstretch_row_content\u00a0\u00bb el_class=\u00a0\u00bbvideoservices\u00a0\u00bb][vc_row et_full_width=\u00a0\u00bbtrue\u00a0\u00bb css=\u00a0\u00bb.vc_custom_1656058852298{background-position: center !important;background-repeat: no-repeat !important;background-size: cover !important;}\u00a0\u00bb][vc_column css=\u00a0\u00bb.vc_custom_1642344785539{background-image: url(https:\/\/lystes.com\/emmagencyparis\/wp-content\/uploads\/2022\/01\/gettyimages-1177822590.jpeg?id=749) !important;background-position: center !important;background-repeat: no-repeat !important;background-size: cover !important;}\u00a0\u00bb][vc_empty_space height=\u00a0\u00bb442px\u00a0\u00bb][\/vc_column][\/vc_row][vc_row el_class=\u00a0\u00bbblockoo\u00a0\u00bb][vc_column el_class=\u00a0\u00bbcontainer\u00a0\u00bb][vc_column_text] Fanny Beauty [\/vc_column_text][vc_column_text] Nos engagements [\/vc_column_text][vc_row_inner][vc_column_inner width=\u00a0\u00bb1\/2&Prime;][vc_column_text] Chez Fanny Beauty, l\u2019excellence n\u2019est pas une ambition, c\u2019est une norme. Notre mission : r\u00e9v\u00e9ler la puissance et l\u2019\u00e9l\u00e9gance de [&hellip;]<\/p>\n","protected":false},"author":1,"featured_media":0,"parent":0,"menu_order":0,"comment_status":"closed","ping_status":"closed","template":"","meta":{"footnotes":""},"class_list":["post-32","page","type-page","status-publish","hentry"],"acf":[],"yoast_head":"<!-- This site is optimized with the Yoast SEO plugin v25.3.1 - https:\/\/yoast.com\/wordpress\/plugins\/seo\/ -->\n<title>Nos engagements - Fanny Beauty<\/title>\n<meta name=\"robots\" content=\"index, follow, max-snippet:-1, max-image-preview:large, max-video-preview:-1\" \/>\n<link rel=\"canonical\" href=\"https:\/\/lystes.store\/select\/fannybeauty\/nos-engagements\/\" \/>\n<meta property=\"og:locale\" content=\"fr_FR\" \/>\n<meta property=\"og:type\" content=\"article\" \/>\n<meta property=\"og:title\" content=\"Nos engagements - Fanny Beauty\" \/>\n<meta property=\"og:description\" content=\"[vc_section full_width=\u00a0\u00bbstretch_row_content\u00a0\u00bb el_class=\u00a0\u00bbvideoservices\u00a0\u00bb][vc_row et_full_width=\u00a0\u00bbtrue\u00a0\u00bb css=\u00a0\u00bb.vc_custom_1656058852298{background-position: center !important;background-repeat: no-repeat !important;background-size: cover !important;}\u00a0\u00bb][vc_column css=\u00a0\u00bb.vc_custom_1642344785539{background-image: url(https:\/\/lystes.com\/emmagencyparis\/wp-content\/uploads\/2022\/01\/gettyimages-1177822590.jpeg?id=749) !important;background-position: center !important;background-repeat: no-repeat !important;background-size: cover !important;}\u00a0\u00bb][vc_empty_space height=\u00a0\u00bb442px\u00a0\u00bb][\/vc_column][\/vc_row][vc_row el_class=\u00a0\u00bbblockoo\u00a0\u00bb][vc_column el_class=\u00a0\u00bbcontainer\u00a0\u00bb][vc_column_text] Fanny Beauty [\/vc_column_text][vc_column_text] Nos engagements [\/vc_column_text][vc_row_inner][vc_column_inner width=\u00a0\u00bb1\/2&Prime;][vc_column_text] Chez Fanny Beauty, l\u2019excellence n\u2019est pas une ambition, c\u2019est une norme. Notre mission : r\u00e9v\u00e9ler la puissance et l\u2019\u00e9l\u00e9gance de [&hellip;]\" \/>\n<meta property=\"og:url\" content=\"https:\/\/lystes.store\/select\/fannybeauty\/nos-engagements\/\" \/>\n<meta property=\"og:site_name\" content=\"Fanny Beauty\" \/>\n<meta property=\"article:modified_time\" content=\"2025-07-25T07:17:30+00:00\" \/>\n<meta property=\"og:image\" content=\"https:\/\/sevmylook.lystes.prowp-content\/uploads\/2022\/06\/1_1200x.webp\" \/>\n<meta name=\"twitter:card\" content=\"summary_large_image\" \/>\n<meta name=\"twitter:label1\" content=\"Dur\u00e9e de lecture estim\u00e9e\" \/>\n\t<meta name=\"twitter:data1\" content=\"3 minutes\" \/>\n<script type=\"application\/ld+json\" class=\"yoast-schema-graph\">{\"@context\":\"https:\/\/schema.org\",\"@graph\":[{\"@type\":\"WebPage\",\"@id\":\"https:\/\/lystes.store\/select\/fannybeauty\/nos-engagements\/\",\"url\":\"https:\/\/lystes.store\/select\/fannybeauty\/nos-engagements\/\",\"name\":\"Nos engagements - Fanny Beauty\",\"isPartOf\":{\"@id\":\"https:\/\/lystes.store\/select\/fannybeauty\/#website\"},\"primaryImageOfPage\":{\"@id\":\"https:\/\/lystes.store\/select\/fannybeauty\/nos-engagements\/#primaryimage\"},\"image\":{\"@id\":\"https:\/\/lystes.store\/select\/fannybeauty\/nos-engagements\/#primaryimage\"},\"thumbnailUrl\":\"https:\/\/sevmylook.lystes.prowp-content\/uploads\/2022\/06\/1_1200x.webp\",\"datePublished\":\"2022-01-14T11:19:42+00:00\",\"dateModified\":\"2025-07-25T07:17:30+00:00\",\"breadcrumb\":{\"@id\":\"https:\/\/lystes.store\/select\/fannybeauty\/nos-engagements\/#breadcrumb\"},\"inLanguage\":\"fr-FR\",\"potentialAction\":[{\"@type\":\"ReadAction\",\"target\":[\"https:\/\/lystes.store\/select\/fannybeauty\/nos-engagements\/\"]}]},{\"@type\":\"ImageObject\",\"inLanguage\":\"fr-FR\",\"@id\":\"https:\/\/lystes.store\/select\/fannybeauty\/nos-engagements\/#primaryimage\",\"url\":\"https:\/\/sevmylook.lystes.prowp-content\/uploads\/2022\/06\/1_1200x.webp\",\"contentUrl\":\"https:\/\/sevmylook.lystes.prowp-content\/uploads\/2022\/06\/1_1200x.webp\"},{\"@type\":\"BreadcrumbList\",\"@id\":\"https:\/\/lystes.store\/select\/fannybeauty\/nos-engagements\/#breadcrumb\",\"itemListElement\":[{\"@type\":\"ListItem\",\"position\":1,\"name\":\"Accueil\",\"item\":\"https:\/\/lystes.store\/select\/fannybeauty\/\"},{\"@type\":\"ListItem\",\"position\":2,\"name\":\"Nos engagements\"}]},{\"@type\":\"WebSite\",\"@id\":\"https:\/\/lystes.store\/select\/fannybeauty\/#website\",\"url\":\"https:\/\/lystes.store\/select\/fannybeauty\/\",\"name\":\"Fanny Beauty\",\"description\":\"L&#039;excellence sinon rien\",\"potentialAction\":[{\"@type\":\"SearchAction\",\"target\":{\"@type\":\"EntryPoint\",\"urlTemplate\":\"https:\/\/lystes.store\/select\/fannybeauty\/?s={search_term_string}\"},\"query-input\":{\"@type\":\"PropertyValueSpecification\",\"valueRequired\":true,\"valueName\":\"search_term_string\"}}],\"inLanguage\":\"fr-FR\"}]}<\/script>\n<!-- \/ Yoast SEO plugin. -->","yoast_head_json":{"title":"Nos engagements - Fanny Beauty","robots":{"index":"index","follow":"follow","max-snippet":"max-snippet:-1","max-image-preview":"max-image-preview:large","max-video-preview":"max-video-preview:-1"},"canonical":"https:\/\/lystes.store\/select\/fannybeauty\/nos-engagements\/","og_locale":"fr_FR","og_type":"article","og_title":"Nos engagements - Fanny Beauty","og_description":"[vc_section full_width=\u00a0\u00bbstretch_row_content\u00a0\u00bb el_class=\u00a0\u00bbvideoservices\u00a0\u00bb][vc_row et_full_width=\u00a0\u00bbtrue\u00a0\u00bb css=\u00a0\u00bb.vc_custom_1656058852298{background-position: center !important;background-repeat: no-repeat !important;background-size: cover !important;}\u00a0\u00bb][vc_column css=\u00a0\u00bb.vc_custom_1642344785539{background-image: url(https:\/\/lystes.com\/emmagencyparis\/wp-content\/uploads\/2022\/01\/gettyimages-1177822590.jpeg?id=749) !important;background-position: center !important;background-repeat: no-repeat !important;background-size: cover !important;}\u00a0\u00bb][vc_empty_space height=\u00a0\u00bb442px\u00a0\u00bb][\/vc_column][\/vc_row][vc_row el_class=\u00a0\u00bbblockoo\u00a0\u00bb][vc_column el_class=\u00a0\u00bbcontainer\u00a0\u00bb][vc_column_text] Fanny Beauty [\/vc_column_text][vc_column_text] Nos engagements [\/vc_column_text][vc_row_inner][vc_column_inner width=\u00a0\u00bb1\/2&Prime;][vc_column_text] Chez Fanny Beauty, l\u2019excellence n\u2019est pas une ambition, c\u2019est une norme. Notre mission : r\u00e9v\u00e9ler la puissance et l\u2019\u00e9l\u00e9gance de [&hellip;]","og_url":"https:\/\/lystes.store\/select\/fannybeauty\/nos-engagements\/","og_site_name":"Fanny Beauty","article_modified_time":"2025-07-25T07:17:30+00:00","og_image":[{"url":"https:\/\/sevmylook.lystes.prowp-content\/uploads\/2022\/06\/1_1200x.webp","type":"","width":"","height":""}],"twitter_card":"summary_large_image","twitter_misc":{"Dur\u00e9e de lecture estim\u00e9e":"3 minutes"},"schema":{"@context":"https:\/\/schema.org","@graph":[{"@type":"WebPage","@id":"https:\/\/lystes.store\/select\/fannybeauty\/nos-engagements\/","url":"https:\/\/lystes.store\/select\/fannybeauty\/nos-engagements\/","name":"Nos engagements - Fanny Beauty","isPartOf":{"@id":"https:\/\/lystes.store\/select\/fannybeauty\/#website"},"primaryImageOfPage":{"@id":"https:\/\/lystes.store\/select\/fannybeauty\/nos-engagements\/#primaryimage"},"image":{"@id":"https:\/\/lystes.store\/select\/fannybeauty\/nos-engagements\/#primaryimage"},"thumbnailUrl":"https:\/\/sevmylook.lystes.prowp-content\/uploads\/2022\/06\/1_1200x.webp","datePublished":"2022-01-14T11:19:42+00:00","dateModified":"2025-07-25T07:17:30+00:00","breadcrumb":{"@id":"https:\/\/lystes.store\/select\/fannybeauty\/nos-engagements\/#breadcrumb"},"inLanguage":"fr-FR","potentialAction":[{"@type":"ReadAction","target":["https:\/\/lystes.store\/select\/fannybeauty\/nos-engagements\/"]}]},{"@type":"ImageObject","inLanguage":"fr-FR","@id":"https:\/\/lystes.store\/select\/fannybeauty\/nos-engagements\/#primaryimage","url":"https:\/\/sevmylook.lystes.prowp-content\/uploads\/2022\/06\/1_1200x.webp","contentUrl":"https:\/\/sevmylook.lystes.prowp-content\/uploads\/2022\/06\/1_1200x.webp"},{"@type":"BreadcrumbList","@id":"https:\/\/lystes.store\/select\/fannybeauty\/nos-engagements\/#breadcrumb","itemListElement":[{"@type":"ListItem","position":1,"name":"Accueil","item":"https:\/\/lystes.store\/select\/fannybeauty\/"},{"@type":"ListItem","position":2,"name":"Nos engagements"}]},{"@type":"WebSite","@id":"https:\/\/lystes.store\/select\/fannybeauty\/#website","url":"https:\/\/lystes.store\/select\/fannybeauty\/","name":"Fanny Beauty","description":"L&#039;excellence sinon rien","potentialAction":[{"@type":"SearchAction","target":{"@type":"EntryPoint","urlTemplate":"https:\/\/lystes.store\/select\/fannybeauty\/?s={search_term_string}"},"query-input":{"@type":"PropertyValueSpecification","valueRequired":true,"valueName":"search_term_string"}}],"inLanguage":"fr-FR"}]}},"_links":{"self":[{"href":"https:\/\/lystes.store\/select\/fannybeauty\/wp-json\/wp\/v2\/pages\/32","targetHints":{"allow":["GET"]}}],"collection":[{"href":"https:\/\/lystes.store\/select\/fannybeauty\/wp-json\/wp\/v2\/pages"}],"about":[{"href":"https:\/\/lystes.store\/select\/fannybeauty\/wp-json\/wp\/v2\/types\/page"}],"author":[{"embeddable":true,"href":"https:\/\/lystes.store\/select\/fannybeauty\/wp-json\/wp\/v2\/users\/1"}],"replies":[{"embeddable":true,"href":"https:\/\/lystes.store\/select\/fannybeauty\/wp-json\/wp\/v2\/comments?post=32"}],"version-history":[{"count":2,"href":"https:\/\/lystes.store\/select\/fannybeauty\/wp-json\/wp\/v2\/pages\/32\/revisions"}],"predecessor-version":[{"id":121799,"href":"https:\/\/lystes.store\/select\/fannybeauty\/wp-json\/wp\/v2\/pages\/32\/revisions\/121799"}],"wp:attachment":[{"href":"https:\/\/lystes.store\/select\/fannybeauty\/wp-json\/wp\/v2\/media?parent=32"}],"curies":[{"name":"wp","href":"https:\/\/api.w.org\/{rel}","templated":true}]}}