{"id":121894,"date":"2025-07-31T19:22:07","date_gmt":"2025-07-31T17:22:07","guid":{"rendered":"https:\/\/lystes.store\/select\/evaraparis\/?post_type=product&#038;p=121894"},"modified":"2025-08-01T08:04:37","modified_gmt":"2025-08-01T06:04:37","slug":"pose-phoenix-caucasien-essential","status":"publish","type":"product","link":"https:\/\/lystes.store\/select\/evaraparis\/product\/pose-phoenix-caucasien-essential\/","title":{"rendered":"Pose ph\u0153nix Caucasien Essential"},"content":{"rendered":"<p class=\"p1\"><b>Produit utilis\u00e9 : compl\u00e9ment capillaire europ\u00e9en, base fine, densit\u00e9 naturelle<\/b><b><\/b><\/p>\n<p class=\"p3\">Ce mod\u00e8le discret est con\u00e7u pour se fondre parfaitement avec les cheveux caucasiens. Sa base l\u00e9g\u00e8re permet une <span class=\"s1\"><b>respirabilit\u00e9 optimale<\/b><\/span>, et sa coupe naturelle assure une <span class=\"s1\"><b>int\u00e9gration fluide<\/b><\/span>.<\/p>\n<p class=\"p3\">\ud83d\udca1 <span class=\"s1\"><b>Adapt\u00e9 \u00e0<\/b><\/span> : une premi\u00e8re pose, ceux qui recherchent sobri\u00e9t\u00e9 et confort.<\/p>\n","protected":false},"excerpt":{"rendered":"<p class=\"p1\"><b>Produit utilis\u00e9 : compl\u00e9ment capillaire europ\u00e9en, base fine, densit\u00e9 naturelle<\/b><b><\/b><\/p>\n<p class=\"p3\">Ce mod\u00e8le discret est con\u00e7u pour se fondre parfaitement avec les cheveux caucasiens. Sa base l\u00e9g\u00e8re permet une <span class=\"s1\"><b>respirabilit\u00e9 optimale<\/b><\/span>, et sa coupe naturelle assure une <span class=\"s1\"><b>int\u00e9gration fluide<\/b><\/span>.<\/p>\n<p class=\"p3\">\ud83d\udca1 <span class=\"s1\"><b>Adapt\u00e9 \u00e0<\/b><\/span> : une premi\u00e8re pose, ceux qui recherchent sobri\u00e9t\u00e9 et confort.<\/p>\n","protected":false},"featured_media":121917,"comment_status":"open","ping_status":"closed","template":"","meta":[],"product_brand":[],"product_cat":[1110,1151],"product_tag":[],"class_list":{"0":"post-121894","1":"product","2":"type-product","3":"status-publish","4":"has-post-thumbnail","6":"product_cat-non-classe","7":"product_cat-presta","9":"first","10":"instock","11":"virtual","12":"taxable","13":"purchasable","14":"product-type-simple"},"acf":[],"yoast_head":"<!-- This site is optimized with the Yoast SEO plugin v25.3.1 - https:\/\/yoast.com\/wordpress\/plugins\/seo\/ -->\n<title>Pose ph\u0153nix Caucasien Essential - Evara Paris<\/title>\n<meta name=\"robots\" content=\"index, follow, max-snippet:-1, max-image-preview:large, max-video-preview:-1\" \/>\n<link rel=\"canonical\" href=\"https:\/\/lystes.store\/select\/evaraparis\/product\/pose-phoenix-caucasien-essential\/\" \/>\n<meta property=\"og:locale\" content=\"fr_FR\" \/>\n<meta property=\"og:type\" content=\"article\" \/>\n<meta property=\"og:title\" content=\"Pose ph\u0153nix Caucasien Essential - Evara Paris\" \/>\n<meta property=\"og:description\" content=\"Produit utilis\u00e9 : compl\u00e9ment capillaire europ\u00e9en, base fine, densit\u00e9 naturelle Ce mod\u00e8le discret est con\u00e7u pour se fondre parfaitement avec les cheveux caucasiens. Sa base l\u00e9g\u00e8re permet une respirabilit\u00e9 optimale, et sa coupe naturelle assure une int\u00e9gration fluide. \ud83d\udca1 Adapt\u00e9 \u00e0 : une premi\u00e8re pose, ceux qui recherchent sobri\u00e9t\u00e9 et confort.\" \/>\n<meta property=\"og:url\" content=\"https:\/\/lystes.store\/select\/evaraparis\/product\/pose-phoenix-caucasien-essential\/\" \/>\n<meta property=\"og:site_name\" content=\"Evara Paris\" \/>\n<meta property=\"article:modified_time\" content=\"2025-08-01T06:04:37+00:00\" \/>\n<meta property=\"og:image\" content=\"https:\/\/lystes.store\/select\/evaraparis\/wp-content\/uploads\/sites\/20\/2025\/08\/DE1E0994-796B-46BE-AEC9-E7211D98BB99.png\" \/>\n\t<meta property=\"og:image:width\" content=\"1024\" \/>\n\t<meta property=\"og:image:height\" content=\"1024\" \/>\n\t<meta property=\"og:image:type\" content=\"image\/png\" \/>\n<meta name=\"twitter:card\" content=\"summary_large_image\" \/>\n<meta name=\"twitter:label1\" content=\"Dur\u00e9e de lecture estim\u00e9e\" \/>\n\t<meta name=\"twitter:data1\" content=\"1 minute\" \/>\n<script type=\"application\/ld+json\" class=\"yoast-schema-graph\">{\"@context\":\"https:\/\/schema.org\",\"@graph\":[{\"@type\":\"WebPage\",\"@id\":\"https:\/\/lystes.store\/select\/evaraparis\/product\/pose-phoenix-caucasien-essential\/\",\"url\":\"https:\/\/lystes.store\/select\/evaraparis\/product\/pose-phoenix-caucasien-essential\/\",\"name\":\"Pose ph\u0153nix Caucasien Essential - Evara Paris\",\"isPartOf\":{\"@id\":\"https:\/\/lystes.store\/select\/evaraparis\/#website\"},\"primaryImageOfPage\":{\"@id\":\"https:\/\/lystes.store\/select\/evaraparis\/product\/pose-phoenix-caucasien-essential\/#primaryimage\"},\"image\":{\"@id\":\"https:\/\/lystes.store\/select\/evaraparis\/product\/pose-phoenix-caucasien-essential\/#primaryimage\"},\"thumbnailUrl\":\"https:\/\/i0.wp.com\/lystes.store\/select\/evaraparis\/wp-content\/uploads\/sites\/20\/2025\/08\/DE1E0994-796B-46BE-AEC9-E7211D98BB99.png?fit=1024%2C1024&ssl=1\",\"datePublished\":\"2025-07-31T17:22:07+00:00\",\"dateModified\":\"2025-08-01T06:04:37+00:00\",\"breadcrumb\":{\"@id\":\"https:\/\/lystes.store\/select\/evaraparis\/product\/pose-phoenix-caucasien-essential\/#breadcrumb\"},\"inLanguage\":\"fr-FR\",\"potentialAction\":[{\"@type\":\"ReadAction\",\"target\":[\"https:\/\/lystes.store\/select\/evaraparis\/product\/pose-phoenix-caucasien-essential\/\"]}]},{\"@type\":\"ImageObject\",\"inLanguage\":\"fr-FR\",\"@id\":\"https:\/\/lystes.store\/select\/evaraparis\/product\/pose-phoenix-caucasien-essential\/#primaryimage\",\"url\":\"https:\/\/i0.wp.com\/lystes.store\/select\/evaraparis\/wp-content\/uploads\/sites\/20\/2025\/08\/DE1E0994-796B-46BE-AEC9-E7211D98BB99.png?fit=1024%2C1024&ssl=1\",\"contentUrl\":\"https:\/\/i0.wp.com\/lystes.store\/select\/evaraparis\/wp-content\/uploads\/sites\/20\/2025\/08\/DE1E0994-796B-46BE-AEC9-E7211D98BB99.png?fit=1024%2C1024&ssl=1\",\"width\":1024,\"height\":1024},{\"@type\":\"BreadcrumbList\",\"@id\":\"https:\/\/lystes.store\/select\/evaraparis\/product\/pose-phoenix-caucasien-essential\/#breadcrumb\",\"itemListElement\":[{\"@type\":\"ListItem\",\"position\":1,\"name\":\"Accueil\",\"item\":\"https:\/\/lystes.store\/select\/evaraparis\/\"},{\"@type\":\"ListItem\",\"position\":2,\"name\":\"Boutique\",\"item\":\"https:\/\/lystes.store\/select\/evaraparis\/boutique\/\"},{\"@type\":\"ListItem\",\"position\":3,\"name\":\"Pose ph\u0153nix Caucasien Essential\"}]},{\"@type\":\"WebSite\",\"@id\":\"https:\/\/lystes.store\/select\/evaraparis\/#website\",\"url\":\"https:\/\/lystes.store\/select\/evaraparis\/\",\"name\":\"Evara Paris\",\"description\":\"L&#039;excellence sinon rien\",\"potentialAction\":[{\"@type\":\"SearchAction\",\"target\":{\"@type\":\"EntryPoint\",\"urlTemplate\":\"https:\/\/lystes.store\/select\/evaraparis\/?s={search_term_string}\"},\"query-input\":{\"@type\":\"PropertyValueSpecification\",\"valueRequired\":true,\"valueName\":\"search_term_string\"}}],\"inLanguage\":\"fr-FR\"}]}<\/script>\n<!-- \/ Yoast SEO plugin. -->","yoast_head_json":{"title":"Pose ph\u0153nix Caucasien Essential - Evara Paris","robots":{"index":"index","follow":"follow","max-snippet":"max-snippet:-1","max-image-preview":"max-image-preview:large","max-video-preview":"max-video-preview:-1"},"canonical":"https:\/\/lystes.store\/select\/evaraparis\/product\/pose-phoenix-caucasien-essential\/","og_locale":"fr_FR","og_type":"article","og_title":"Pose ph\u0153nix Caucasien Essential - Evara Paris","og_description":"Produit utilis\u00e9 : compl\u00e9ment capillaire europ\u00e9en, base fine, densit\u00e9 naturelle Ce mod\u00e8le discret est con\u00e7u pour se fondre parfaitement avec les cheveux caucasiens. Sa base l\u00e9g\u00e8re permet une respirabilit\u00e9 optimale, et sa coupe naturelle assure une int\u00e9gration fluide. \ud83d\udca1 Adapt\u00e9 \u00e0 : une premi\u00e8re pose, ceux qui recherchent sobri\u00e9t\u00e9 et confort.","og_url":"https:\/\/lystes.store\/select\/evaraparis\/product\/pose-phoenix-caucasien-essential\/","og_site_name":"Evara Paris","article_modified_time":"2025-08-01T06:04:37+00:00","og_image":[{"width":1024,"height":1024,"url":"https:\/\/lystes.store\/select\/evaraparis\/wp-content\/uploads\/sites\/20\/2025\/08\/DE1E0994-796B-46BE-AEC9-E7211D98BB99.png","type":"image\/png"}],"twitter_card":"summary_large_image","twitter_misc":{"Dur\u00e9e de lecture estim\u00e9e":"1 minute"},"schema":{"@context":"https:\/\/schema.org","@graph":[{"@type":"WebPage","@id":"https:\/\/lystes.store\/select\/evaraparis\/product\/pose-phoenix-caucasien-essential\/","url":"https:\/\/lystes.store\/select\/evaraparis\/product\/pose-phoenix-caucasien-essential\/","name":"Pose ph\u0153nix Caucasien Essential - Evara Paris","isPartOf":{"@id":"https:\/\/lystes.store\/select\/evaraparis\/#website"},"primaryImageOfPage":{"@id":"https:\/\/lystes.store\/select\/evaraparis\/product\/pose-phoenix-caucasien-essential\/#primaryimage"},"image":{"@id":"https:\/\/lystes.store\/select\/evaraparis\/product\/pose-phoenix-caucasien-essential\/#primaryimage"},"thumbnailUrl":"https:\/\/i0.wp.com\/lystes.store\/select\/evaraparis\/wp-content\/uploads\/sites\/20\/2025\/08\/DE1E0994-796B-46BE-AEC9-E7211D98BB99.png?fit=1024%2C1024&ssl=1","datePublished":"2025-07-31T17:22:07+00:00","dateModified":"2025-08-01T06:04:37+00:00","breadcrumb":{"@id":"https:\/\/lystes.store\/select\/evaraparis\/product\/pose-phoenix-caucasien-essential\/#breadcrumb"},"inLanguage":"fr-FR","potentialAction":[{"@type":"ReadAction","target":["https:\/\/lystes.store\/select\/evaraparis\/product\/pose-phoenix-caucasien-essential\/"]}]},{"@type":"ImageObject","inLanguage":"fr-FR","@id":"https:\/\/lystes.store\/select\/evaraparis\/product\/pose-phoenix-caucasien-essential\/#primaryimage","url":"https:\/\/i0.wp.com\/lystes.store\/select\/evaraparis\/wp-content\/uploads\/sites\/20\/2025\/08\/DE1E0994-796B-46BE-AEC9-E7211D98BB99.png?fit=1024%2C1024&ssl=1","contentUrl":"https:\/\/i0.wp.com\/lystes.store\/select\/evaraparis\/wp-content\/uploads\/sites\/20\/2025\/08\/DE1E0994-796B-46BE-AEC9-E7211D98BB99.png?fit=1024%2C1024&ssl=1","width":1024,"height":1024},{"@type":"BreadcrumbList","@id":"https:\/\/lystes.store\/select\/evaraparis\/product\/pose-phoenix-caucasien-essential\/#breadcrumb","itemListElement":[{"@type":"ListItem","position":1,"name":"Accueil","item":"https:\/\/lystes.store\/select\/evaraparis\/"},{"@type":"ListItem","position":2,"name":"Boutique","item":"https:\/\/lystes.store\/select\/evaraparis\/boutique\/"},{"@type":"ListItem","position":3,"name":"Pose ph\u0153nix Caucasien Essential"}]},{"@type":"WebSite","@id":"https:\/\/lystes.store\/select\/evaraparis\/#website","url":"https:\/\/lystes.store\/select\/evaraparis\/","name":"Evara Paris","description":"L&#039;excellence sinon rien","potentialAction":[{"@type":"SearchAction","target":{"@type":"EntryPoint","urlTemplate":"https:\/\/lystes.store\/select\/evaraparis\/?s={search_term_string}"},"query-input":{"@type":"PropertyValueSpecification","valueRequired":true,"valueName":"search_term_string"}}],"inLanguage":"fr-FR"}]}},"_links":{"self":[{"href":"https:\/\/lystes.store\/select\/evaraparis\/wp-json\/wp\/v2\/product\/121894","targetHints":{"allow":["GET"]}}],"collection":[{"href":"https:\/\/lystes.store\/select\/evaraparis\/wp-json\/wp\/v2\/product"}],"about":[{"href":"https:\/\/lystes.store\/select\/evaraparis\/wp-json\/wp\/v2\/types\/product"}],"replies":[{"embeddable":true,"href":"https:\/\/lystes.store\/select\/evaraparis\/wp-json\/wp\/v2\/comments?post=121894"}],"wp:featuredmedia":[{"embeddable":true,"href":"https:\/\/lystes.store\/select\/evaraparis\/wp-json\/wp\/v2\/media\/121917"}],"wp:attachment":[{"href":"https:\/\/lystes.store\/select\/evaraparis\/wp-json\/wp\/v2\/media?parent=121894"}],"wp:term":[{"taxonomy":"product_brand","embeddable":true,"href":"https:\/\/lystes.store\/select\/evaraparis\/wp-json\/wp\/v2\/product_brand?post=121894"},{"taxonomy":"product_cat","embeddable":true,"href":"https:\/\/lystes.store\/select\/evaraparis\/wp-json\/wp\/v2\/product_cat?post=121894"},{"taxonomy":"product_tag","embeddable":true,"href":"https:\/\/lystes.store\/select\/evaraparis\/wp-json\/wp\/v2\/product_tag?post=121894"}],"curies":[{"name":"wp","href":"https:\/\/api.w.org\/{rel}","templated":true}]}}