{"id":121893,"date":"2025-07-31T19:22:07","date_gmt":"2025-07-31T17:22:07","guid":{"rendered":"https:\/\/lystes.store\/select\/evaraparis\/?post_type=product&#038;p=121893"},"modified":"2025-08-01T08:05:08","modified_gmt":"2025-08-01T06:05:08","slug":"pose-phoenix-caucasien-premium","status":"publish","type":"product","link":"https:\/\/lystes.store\/select\/evaraparis\/product\/pose-phoenix-caucasien-premium\/","title":{"rendered":"Pose Ph\u0153nix Caucasien Premium"},"content":{"rendered":"<p class=\"p1\"><b>Produit utilis\u00e9 : syst\u00e8me capillaire europ\u00e9en premium, base invisible HD<\/b><b><\/b><\/p>\n<p class=\"p3\">Ce compl\u00e9ment allie <span class=\"s1\"><b>technologie de base HD<\/b><\/span>, <span class=\"s1\"><b>finitions ultra r\u00e9alistes<\/b><\/span> et <span class=\"s1\"><b>cheveux de qualit\u00e9 premium<\/b><\/span>. La pose est accompagn\u00e9e d\u2019une coupe int\u00e9gr\u00e9e pour un rendu final ultra soign\u00e9.<\/p>\n<p class=\"p3\">\ud83d\udca1 <span class=\"s1\"><b>Recommand\u00e9 pour<\/b><\/span> : un rendu cin\u00e9ma, port longue dur\u00e9e, r\u00e9sultats ind\u00e9tectables.<\/p>\n","protected":false},"excerpt":{"rendered":"<p class=\"p1\"><b>Produit utilis\u00e9 : syst\u00e8me capillaire europ\u00e9en premium, base invisible HD<\/b><b><\/b><\/p>\n<p class=\"p3\">Ce compl\u00e9ment allie <span class=\"s1\"><b>technologie de base HD<\/b><\/span>, <span class=\"s1\"><b>finitions ultra r\u00e9alistes<\/b><\/span> et <span class=\"s1\"><b>cheveux de qualit\u00e9 premium<\/b><\/span>. La pose est accompagn\u00e9e d\u2019une coupe int\u00e9gr\u00e9e pour un rendu final ultra soign\u00e9.<\/p>\n<p class=\"p3\">\ud83d\udca1 <span class=\"s1\"><b>Recommand\u00e9 pour<\/b><\/span> : un rendu cin\u00e9ma, port longue dur\u00e9e, r\u00e9sultats ind\u00e9tectables.<\/p>\n","protected":false},"featured_media":121912,"comment_status":"open","ping_status":"closed","template":"","meta":[],"product_brand":[],"product_cat":[1110,1151],"product_tag":[],"class_list":{"0":"post-121893","1":"product","2":"type-product","3":"status-publish","4":"has-post-thumbnail","6":"product_cat-non-classe","7":"product_cat-presta","9":"first","10":"instock","11":"taxable","12":"shipping-taxable","13":"purchasable","14":"product-type-simple"},"acf":[],"yoast_head":"<!-- This site is optimized with the Yoast SEO plugin v25.3.1 - https:\/\/yoast.com\/wordpress\/plugins\/seo\/ -->\n<title>Pose Ph\u0153nix Caucasien Premium - Evara Paris<\/title>\n<meta name=\"robots\" content=\"index, follow, max-snippet:-1, max-image-preview:large, max-video-preview:-1\" \/>\n<link rel=\"canonical\" href=\"https:\/\/lystes.store\/select\/evaraparis\/product\/pose-phoenix-caucasien-premium\/\" \/>\n<meta property=\"og:locale\" content=\"fr_FR\" \/>\n<meta property=\"og:type\" content=\"article\" \/>\n<meta property=\"og:title\" content=\"Pose Ph\u0153nix Caucasien Premium - Evara Paris\" \/>\n<meta property=\"og:description\" content=\"Produit utilis\u00e9 : syst\u00e8me capillaire europ\u00e9en premium, base invisible HD Ce compl\u00e9ment allie technologie de base HD, finitions ultra r\u00e9alistes et cheveux de qualit\u00e9 premium. La pose est accompagn\u00e9e d\u2019une coupe int\u00e9gr\u00e9e pour un rendu final ultra soign\u00e9. \ud83d\udca1 Recommand\u00e9 pour : un rendu cin\u00e9ma, port longue dur\u00e9e, r\u00e9sultats ind\u00e9tectables.\" \/>\n<meta property=\"og:url\" content=\"https:\/\/lystes.store\/select\/evaraparis\/product\/pose-phoenix-caucasien-premium\/\" \/>\n<meta property=\"og:site_name\" content=\"Evara Paris\" \/>\n<meta property=\"article:modified_time\" content=\"2025-08-01T06:05:08+00:00\" \/>\n<meta property=\"og:image\" content=\"https:\/\/lystes.store\/select\/evaraparis\/wp-content\/uploads\/sites\/20\/2025\/08\/0C2CBBA6-CB1F-41BB-AFBD-ED7A38EFE9F4.png\" \/>\n\t<meta property=\"og:image:width\" content=\"1024\" \/>\n\t<meta property=\"og:image:height\" content=\"1024\" \/>\n\t<meta property=\"og:image:type\" content=\"image\/png\" \/>\n<meta name=\"twitter:card\" content=\"summary_large_image\" \/>\n<meta name=\"twitter:label1\" content=\"Dur\u00e9e de lecture estim\u00e9e\" \/>\n\t<meta name=\"twitter:data1\" content=\"1 minute\" \/>\n<script type=\"application\/ld+json\" class=\"yoast-schema-graph\">{\"@context\":\"https:\/\/schema.org\",\"@graph\":[{\"@type\":\"WebPage\",\"@id\":\"https:\/\/lystes.store\/select\/evaraparis\/product\/pose-phoenix-caucasien-premium\/\",\"url\":\"https:\/\/lystes.store\/select\/evaraparis\/product\/pose-phoenix-caucasien-premium\/\",\"name\":\"Pose Ph\u0153nix Caucasien Premium - Evara Paris\",\"isPartOf\":{\"@id\":\"https:\/\/lystes.store\/select\/evaraparis\/#website\"},\"primaryImageOfPage\":{\"@id\":\"https:\/\/lystes.store\/select\/evaraparis\/product\/pose-phoenix-caucasien-premium\/#primaryimage\"},\"image\":{\"@id\":\"https:\/\/lystes.store\/select\/evaraparis\/product\/pose-phoenix-caucasien-premium\/#primaryimage\"},\"thumbnailUrl\":\"https:\/\/i0.wp.com\/lystes.store\/select\/evaraparis\/wp-content\/uploads\/sites\/20\/2025\/08\/0C2CBBA6-CB1F-41BB-AFBD-ED7A38EFE9F4.png?fit=1024%2C1024&ssl=1\",\"datePublished\":\"2025-07-31T17:22:07+00:00\",\"dateModified\":\"2025-08-01T06:05:08+00:00\",\"breadcrumb\":{\"@id\":\"https:\/\/lystes.store\/select\/evaraparis\/product\/pose-phoenix-caucasien-premium\/#breadcrumb\"},\"inLanguage\":\"fr-FR\",\"potentialAction\":[{\"@type\":\"ReadAction\",\"target\":[\"https:\/\/lystes.store\/select\/evaraparis\/product\/pose-phoenix-caucasien-premium\/\"]}]},{\"@type\":\"ImageObject\",\"inLanguage\":\"fr-FR\",\"@id\":\"https:\/\/lystes.store\/select\/evaraparis\/product\/pose-phoenix-caucasien-premium\/#primaryimage\",\"url\":\"https:\/\/i0.wp.com\/lystes.store\/select\/evaraparis\/wp-content\/uploads\/sites\/20\/2025\/08\/0C2CBBA6-CB1F-41BB-AFBD-ED7A38EFE9F4.png?fit=1024%2C1024&ssl=1\",\"contentUrl\":\"https:\/\/i0.wp.com\/lystes.store\/select\/evaraparis\/wp-content\/uploads\/sites\/20\/2025\/08\/0C2CBBA6-CB1F-41BB-AFBD-ED7A38EFE9F4.png?fit=1024%2C1024&ssl=1\",\"width\":1024,\"height\":1024},{\"@type\":\"BreadcrumbList\",\"@id\":\"https:\/\/lystes.store\/select\/evaraparis\/product\/pose-phoenix-caucasien-premium\/#breadcrumb\",\"itemListElement\":[{\"@type\":\"ListItem\",\"position\":1,\"name\":\"Accueil\",\"item\":\"https:\/\/lystes.store\/select\/evaraparis\/\"},{\"@type\":\"ListItem\",\"position\":2,\"name\":\"Boutique\",\"item\":\"https:\/\/lystes.store\/select\/evaraparis\/boutique\/\"},{\"@type\":\"ListItem\",\"position\":3,\"name\":\"Pose Ph\u0153nix Caucasien Premium\"}]},{\"@type\":\"WebSite\",\"@id\":\"https:\/\/lystes.store\/select\/evaraparis\/#website\",\"url\":\"https:\/\/lystes.store\/select\/evaraparis\/\",\"name\":\"Evara Paris\",\"description\":\"L&#039;excellence sinon rien\",\"potentialAction\":[{\"@type\":\"SearchAction\",\"target\":{\"@type\":\"EntryPoint\",\"urlTemplate\":\"https:\/\/lystes.store\/select\/evaraparis\/?s={search_term_string}\"},\"query-input\":{\"@type\":\"PropertyValueSpecification\",\"valueRequired\":true,\"valueName\":\"search_term_string\"}}],\"inLanguage\":\"fr-FR\"}]}<\/script>\n<!-- \/ Yoast SEO plugin. -->","yoast_head_json":{"title":"Pose Ph\u0153nix Caucasien Premium - Evara Paris","robots":{"index":"index","follow":"follow","max-snippet":"max-snippet:-1","max-image-preview":"max-image-preview:large","max-video-preview":"max-video-preview:-1"},"canonical":"https:\/\/lystes.store\/select\/evaraparis\/product\/pose-phoenix-caucasien-premium\/","og_locale":"fr_FR","og_type":"article","og_title":"Pose Ph\u0153nix Caucasien Premium - Evara Paris","og_description":"Produit utilis\u00e9 : syst\u00e8me capillaire europ\u00e9en premium, base invisible HD Ce compl\u00e9ment allie technologie de base HD, finitions ultra r\u00e9alistes et cheveux de qualit\u00e9 premium. La pose est accompagn\u00e9e d\u2019une coupe int\u00e9gr\u00e9e pour un rendu final ultra soign\u00e9. \ud83d\udca1 Recommand\u00e9 pour : un rendu cin\u00e9ma, port longue dur\u00e9e, r\u00e9sultats ind\u00e9tectables.","og_url":"https:\/\/lystes.store\/select\/evaraparis\/product\/pose-phoenix-caucasien-premium\/","og_site_name":"Evara Paris","article_modified_time":"2025-08-01T06:05:08+00:00","og_image":[{"width":1024,"height":1024,"url":"https:\/\/lystes.store\/select\/evaraparis\/wp-content\/uploads\/sites\/20\/2025\/08\/0C2CBBA6-CB1F-41BB-AFBD-ED7A38EFE9F4.png","type":"image\/png"}],"twitter_card":"summary_large_image","twitter_misc":{"Dur\u00e9e de lecture estim\u00e9e":"1 minute"},"schema":{"@context":"https:\/\/schema.org","@graph":[{"@type":"WebPage","@id":"https:\/\/lystes.store\/select\/evaraparis\/product\/pose-phoenix-caucasien-premium\/","url":"https:\/\/lystes.store\/select\/evaraparis\/product\/pose-phoenix-caucasien-premium\/","name":"Pose Ph\u0153nix Caucasien Premium - Evara Paris","isPartOf":{"@id":"https:\/\/lystes.store\/select\/evaraparis\/#website"},"primaryImageOfPage":{"@id":"https:\/\/lystes.store\/select\/evaraparis\/product\/pose-phoenix-caucasien-premium\/#primaryimage"},"image":{"@id":"https:\/\/lystes.store\/select\/evaraparis\/product\/pose-phoenix-caucasien-premium\/#primaryimage"},"thumbnailUrl":"https:\/\/i0.wp.com\/lystes.store\/select\/evaraparis\/wp-content\/uploads\/sites\/20\/2025\/08\/0C2CBBA6-CB1F-41BB-AFBD-ED7A38EFE9F4.png?fit=1024%2C1024&ssl=1","datePublished":"2025-07-31T17:22:07+00:00","dateModified":"2025-08-01T06:05:08+00:00","breadcrumb":{"@id":"https:\/\/lystes.store\/select\/evaraparis\/product\/pose-phoenix-caucasien-premium\/#breadcrumb"},"inLanguage":"fr-FR","potentialAction":[{"@type":"ReadAction","target":["https:\/\/lystes.store\/select\/evaraparis\/product\/pose-phoenix-caucasien-premium\/"]}]},{"@type":"ImageObject","inLanguage":"fr-FR","@id":"https:\/\/lystes.store\/select\/evaraparis\/product\/pose-phoenix-caucasien-premium\/#primaryimage","url":"https:\/\/i0.wp.com\/lystes.store\/select\/evaraparis\/wp-content\/uploads\/sites\/20\/2025\/08\/0C2CBBA6-CB1F-41BB-AFBD-ED7A38EFE9F4.png?fit=1024%2C1024&ssl=1","contentUrl":"https:\/\/i0.wp.com\/lystes.store\/select\/evaraparis\/wp-content\/uploads\/sites\/20\/2025\/08\/0C2CBBA6-CB1F-41BB-AFBD-ED7A38EFE9F4.png?fit=1024%2C1024&ssl=1","width":1024,"height":1024},{"@type":"BreadcrumbList","@id":"https:\/\/lystes.store\/select\/evaraparis\/product\/pose-phoenix-caucasien-premium\/#breadcrumb","itemListElement":[{"@type":"ListItem","position":1,"name":"Accueil","item":"https:\/\/lystes.store\/select\/evaraparis\/"},{"@type":"ListItem","position":2,"name":"Boutique","item":"https:\/\/lystes.store\/select\/evaraparis\/boutique\/"},{"@type":"ListItem","position":3,"name":"Pose Ph\u0153nix Caucasien Premium"}]},{"@type":"WebSite","@id":"https:\/\/lystes.store\/select\/evaraparis\/#website","url":"https:\/\/lystes.store\/select\/evaraparis\/","name":"Evara Paris","description":"L&#039;excellence sinon rien","potentialAction":[{"@type":"SearchAction","target":{"@type":"EntryPoint","urlTemplate":"https:\/\/lystes.store\/select\/evaraparis\/?s={search_term_string}"},"query-input":{"@type":"PropertyValueSpecification","valueRequired":true,"valueName":"search_term_string"}}],"inLanguage":"fr-FR"}]}},"_links":{"self":[{"href":"https:\/\/lystes.store\/select\/evaraparis\/wp-json\/wp\/v2\/product\/121893","targetHints":{"allow":["GET"]}}],"collection":[{"href":"https:\/\/lystes.store\/select\/evaraparis\/wp-json\/wp\/v2\/product"}],"about":[{"href":"https:\/\/lystes.store\/select\/evaraparis\/wp-json\/wp\/v2\/types\/product"}],"replies":[{"embeddable":true,"href":"https:\/\/lystes.store\/select\/evaraparis\/wp-json\/wp\/v2\/comments?post=121893"}],"wp:featuredmedia":[{"embeddable":true,"href":"https:\/\/lystes.store\/select\/evaraparis\/wp-json\/wp\/v2\/media\/121912"}],"wp:attachment":[{"href":"https:\/\/lystes.store\/select\/evaraparis\/wp-json\/wp\/v2\/media?parent=121893"}],"wp:term":[{"taxonomy":"product_brand","embeddable":true,"href":"https:\/\/lystes.store\/select\/evaraparis\/wp-json\/wp\/v2\/product_brand?post=121893"},{"taxonomy":"product_cat","embeddable":true,"href":"https:\/\/lystes.store\/select\/evaraparis\/wp-json\/wp\/v2\/product_cat?post=121893"},{"taxonomy":"product_tag","embeddable":true,"href":"https:\/\/lystes.store\/select\/evaraparis\/wp-json\/wp\/v2\/product_tag?post=121893"}],"curies":[{"name":"wp","href":"https:\/\/api.w.org\/{rel}","templated":true}]}}