{"id":121868,"date":"2025-07-31T18:56:23","date_gmt":"2025-07-31T16:56:23","guid":{"rendered":"https:\/\/lystes.store\/select\/evaraparis\/?post_type=product&#038;p=121868"},"modified":"2025-07-31T19:28:23","modified_gmt":"2025-07-31T17:28:23","slug":"cire-coiffante","status":"publish","type":"product","link":"https:\/\/lystes.store\/select\/evaraparis\/product\/cire-coiffante\/","title":{"rendered":"Cire coiffante"},"content":{"rendered":"<p>La cire coiffante Evara Paris est con\u00e7ue pour structurer les cheveux naturels sans les alourdir. Elle hydrate la fibre capillaire tout en assurant une fixation souple mais durable. Sa texture id\u00e9ale pour les baby hairs, cheveux plaqu\u00e9es, locks ou nattes permet une application pr\u00e9cise, sans effet gras. Brillance naturelle, tenue \u00e9l\u00e9gante et confort au quotidien : un soin coiffant incontournable de ta routine capillaire.<\/p>\n","protected":false},"excerpt":{"rendered":"<p>Fixation l\u00e9g\u00e8re, brillance naturelle. La cire Evara Paris g\u00e8re parfaitement les cheveux naturels, baby hairs, nattes, etc, sans laisser de r\u00e9sidus.<\/p>\n","protected":false},"featured_media":121876,"comment_status":"closed","ping_status":"closed","template":"","meta":[],"product_brand":[],"product_cat":[15,1148,1141],"product_tag":[],"class_list":{"0":"post-121868","1":"product","2":"type-product","3":"status-publish","4":"has-post-thumbnail","6":"product_cat-shop","7":"product_cat-cire-coiffante","8":"product_cat-produit","10":"first","11":"instock","12":"taxable","13":"shipping-taxable","14":"purchasable","15":"product-type-simple"},"acf":[],"yoast_head":"<!-- This site is optimized with the Yoast SEO plugin v25.3.1 - https:\/\/yoast.com\/wordpress\/plugins\/seo\/ -->\n<title>Cire coiffante - Evara Paris<\/title>\n<meta name=\"robots\" content=\"index, follow, max-snippet:-1, max-image-preview:large, max-video-preview:-1\" \/>\n<link rel=\"canonical\" href=\"https:\/\/lystes.store\/select\/evaraparis\/product\/cire-coiffante\/\" \/>\n<meta property=\"og:locale\" content=\"fr_FR\" \/>\n<meta property=\"og:type\" content=\"article\" \/>\n<meta property=\"og:title\" content=\"Cire coiffante - Evara Paris\" \/>\n<meta property=\"og:description\" content=\"Fixation l\u00e9g\u00e8re, brillance naturelle. La cire Evara Paris g\u00e8re parfaitement les cheveux naturels, baby hairs, nattes, etc, sans laisser de r\u00e9sidus.\" \/>\n<meta property=\"og:url\" content=\"https:\/\/lystes.store\/select\/evaraparis\/product\/cire-coiffante\/\" \/>\n<meta property=\"og:site_name\" content=\"Evara Paris\" \/>\n<meta property=\"article:modified_time\" content=\"2025-07-31T17:28:23+00:00\" \/>\n<meta property=\"og:image\" content=\"https:\/\/lystes.store\/select\/evaraparis\/wp-content\/uploads\/sites\/20\/2025\/07\/cire_coiffante.webp\" \/>\n\t<meta property=\"og:image:width\" content=\"1080\" \/>\n\t<meta property=\"og:image:height\" content=\"1080\" \/>\n\t<meta property=\"og:image:type\" content=\"image\/webp\" \/>\n<meta name=\"twitter:card\" content=\"summary_large_image\" \/>\n<script type=\"application\/ld+json\" class=\"yoast-schema-graph\">{\"@context\":\"https:\/\/schema.org\",\"@graph\":[{\"@type\":\"WebPage\",\"@id\":\"https:\/\/lystes.store\/select\/evaraparis\/product\/cire-coiffante\/\",\"url\":\"https:\/\/lystes.store\/select\/evaraparis\/product\/cire-coiffante\/\",\"name\":\"Cire coiffante - Evara Paris\",\"isPartOf\":{\"@id\":\"https:\/\/lystes.store\/select\/evaraparis\/#website\"},\"primaryImageOfPage\":{\"@id\":\"https:\/\/lystes.store\/select\/evaraparis\/product\/cire-coiffante\/#primaryimage\"},\"image\":{\"@id\":\"https:\/\/lystes.store\/select\/evaraparis\/product\/cire-coiffante\/#primaryimage\"},\"thumbnailUrl\":\"https:\/\/i0.wp.com\/lystes.store\/select\/evaraparis\/wp-content\/uploads\/sites\/20\/2025\/07\/cire_coiffante.webp?fit=1080%2C1080&ssl=1\",\"datePublished\":\"2025-07-31T16:56:23+00:00\",\"dateModified\":\"2025-07-31T17:28:23+00:00\",\"breadcrumb\":{\"@id\":\"https:\/\/lystes.store\/select\/evaraparis\/product\/cire-coiffante\/#breadcrumb\"},\"inLanguage\":\"fr-FR\",\"potentialAction\":[{\"@type\":\"ReadAction\",\"target\":[\"https:\/\/lystes.store\/select\/evaraparis\/product\/cire-coiffante\/\"]}]},{\"@type\":\"ImageObject\",\"inLanguage\":\"fr-FR\",\"@id\":\"https:\/\/lystes.store\/select\/evaraparis\/product\/cire-coiffante\/#primaryimage\",\"url\":\"https:\/\/i0.wp.com\/lystes.store\/select\/evaraparis\/wp-content\/uploads\/sites\/20\/2025\/07\/cire_coiffante.webp?fit=1080%2C1080&ssl=1\",\"contentUrl\":\"https:\/\/i0.wp.com\/lystes.store\/select\/evaraparis\/wp-content\/uploads\/sites\/20\/2025\/07\/cire_coiffante.webp?fit=1080%2C1080&ssl=1\",\"width\":1080,\"height\":1080},{\"@type\":\"BreadcrumbList\",\"@id\":\"https:\/\/lystes.store\/select\/evaraparis\/product\/cire-coiffante\/#breadcrumb\",\"itemListElement\":[{\"@type\":\"ListItem\",\"position\":1,\"name\":\"Accueil\",\"item\":\"https:\/\/lystes.store\/select\/evaraparis\/\"},{\"@type\":\"ListItem\",\"position\":2,\"name\":\"Boutique\",\"item\":\"https:\/\/lystes.store\/select\/evaraparis\/boutique\/\"},{\"@type\":\"ListItem\",\"position\":3,\"name\":\"Cire coiffante\"}]},{\"@type\":\"WebSite\",\"@id\":\"https:\/\/lystes.store\/select\/evaraparis\/#website\",\"url\":\"https:\/\/lystes.store\/select\/evaraparis\/\",\"name\":\"Evara Paris\",\"description\":\"L&#039;excellence sinon rien\",\"potentialAction\":[{\"@type\":\"SearchAction\",\"target\":{\"@type\":\"EntryPoint\",\"urlTemplate\":\"https:\/\/lystes.store\/select\/evaraparis\/?s={search_term_string}\"},\"query-input\":{\"@type\":\"PropertyValueSpecification\",\"valueRequired\":true,\"valueName\":\"search_term_string\"}}],\"inLanguage\":\"fr-FR\"}]}<\/script>\n<!-- \/ Yoast SEO plugin. -->","yoast_head_json":{"title":"Cire coiffante - Evara Paris","robots":{"index":"index","follow":"follow","max-snippet":"max-snippet:-1","max-image-preview":"max-image-preview:large","max-video-preview":"max-video-preview:-1"},"canonical":"https:\/\/lystes.store\/select\/evaraparis\/product\/cire-coiffante\/","og_locale":"fr_FR","og_type":"article","og_title":"Cire coiffante - Evara Paris","og_description":"Fixation l\u00e9g\u00e8re, brillance naturelle. La cire Evara Paris g\u00e8re parfaitement les cheveux naturels, baby hairs, nattes, etc, sans laisser de r\u00e9sidus.","og_url":"https:\/\/lystes.store\/select\/evaraparis\/product\/cire-coiffante\/","og_site_name":"Evara Paris","article_modified_time":"2025-07-31T17:28:23+00:00","og_image":[{"width":1080,"height":1080,"url":"https:\/\/lystes.store\/select\/evaraparis\/wp-content\/uploads\/sites\/20\/2025\/07\/cire_coiffante.webp","type":"image\/webp"}],"twitter_card":"summary_large_image","schema":{"@context":"https:\/\/schema.org","@graph":[{"@type":"WebPage","@id":"https:\/\/lystes.store\/select\/evaraparis\/product\/cire-coiffante\/","url":"https:\/\/lystes.store\/select\/evaraparis\/product\/cire-coiffante\/","name":"Cire coiffante - Evara Paris","isPartOf":{"@id":"https:\/\/lystes.store\/select\/evaraparis\/#website"},"primaryImageOfPage":{"@id":"https:\/\/lystes.store\/select\/evaraparis\/product\/cire-coiffante\/#primaryimage"},"image":{"@id":"https:\/\/lystes.store\/select\/evaraparis\/product\/cire-coiffante\/#primaryimage"},"thumbnailUrl":"https:\/\/i0.wp.com\/lystes.store\/select\/evaraparis\/wp-content\/uploads\/sites\/20\/2025\/07\/cire_coiffante.webp?fit=1080%2C1080&ssl=1","datePublished":"2025-07-31T16:56:23+00:00","dateModified":"2025-07-31T17:28:23+00:00","breadcrumb":{"@id":"https:\/\/lystes.store\/select\/evaraparis\/product\/cire-coiffante\/#breadcrumb"},"inLanguage":"fr-FR","potentialAction":[{"@type":"ReadAction","target":["https:\/\/lystes.store\/select\/evaraparis\/product\/cire-coiffante\/"]}]},{"@type":"ImageObject","inLanguage":"fr-FR","@id":"https:\/\/lystes.store\/select\/evaraparis\/product\/cire-coiffante\/#primaryimage","url":"https:\/\/i0.wp.com\/lystes.store\/select\/evaraparis\/wp-content\/uploads\/sites\/20\/2025\/07\/cire_coiffante.webp?fit=1080%2C1080&ssl=1","contentUrl":"https:\/\/i0.wp.com\/lystes.store\/select\/evaraparis\/wp-content\/uploads\/sites\/20\/2025\/07\/cire_coiffante.webp?fit=1080%2C1080&ssl=1","width":1080,"height":1080},{"@type":"BreadcrumbList","@id":"https:\/\/lystes.store\/select\/evaraparis\/product\/cire-coiffante\/#breadcrumb","itemListElement":[{"@type":"ListItem","position":1,"name":"Accueil","item":"https:\/\/lystes.store\/select\/evaraparis\/"},{"@type":"ListItem","position":2,"name":"Boutique","item":"https:\/\/lystes.store\/select\/evaraparis\/boutique\/"},{"@type":"ListItem","position":3,"name":"Cire coiffante"}]},{"@type":"WebSite","@id":"https:\/\/lystes.store\/select\/evaraparis\/#website","url":"https:\/\/lystes.store\/select\/evaraparis\/","name":"Evara Paris","description":"L&#039;excellence sinon rien","potentialAction":[{"@type":"SearchAction","target":{"@type":"EntryPoint","urlTemplate":"https:\/\/lystes.store\/select\/evaraparis\/?s={search_term_string}"},"query-input":{"@type":"PropertyValueSpecification","valueRequired":true,"valueName":"search_term_string"}}],"inLanguage":"fr-FR"}]}},"_links":{"self":[{"href":"https:\/\/lystes.store\/select\/evaraparis\/wp-json\/wp\/v2\/product\/121868","targetHints":{"allow":["GET"]}}],"collection":[{"href":"https:\/\/lystes.store\/select\/evaraparis\/wp-json\/wp\/v2\/product"}],"about":[{"href":"https:\/\/lystes.store\/select\/evaraparis\/wp-json\/wp\/v2\/types\/product"}],"replies":[{"embeddable":true,"href":"https:\/\/lystes.store\/select\/evaraparis\/wp-json\/wp\/v2\/comments?post=121868"}],"wp:featuredmedia":[{"embeddable":true,"href":"https:\/\/lystes.store\/select\/evaraparis\/wp-json\/wp\/v2\/media\/121876"}],"wp:attachment":[{"href":"https:\/\/lystes.store\/select\/evaraparis\/wp-json\/wp\/v2\/media?parent=121868"}],"wp:term":[{"taxonomy":"product_brand","embeddable":true,"href":"https:\/\/lystes.store\/select\/evaraparis\/wp-json\/wp\/v2\/product_brand?post=121868"},{"taxonomy":"product_cat","embeddable":true,"href":"https:\/\/lystes.store\/select\/evaraparis\/wp-json\/wp\/v2\/product_cat?post=121868"},{"taxonomy":"product_tag","embeddable":true,"href":"https:\/\/lystes.store\/select\/evaraparis\/wp-json\/wp\/v2\/product_tag?post=121868"}],"curies":[{"name":"wp","href":"https:\/\/api.w.org\/{rel}","templated":true}]}}