{"id":121865,"date":"2025-07-31T18:56:22","date_gmt":"2025-07-31T16:56:22","guid":{"rendered":"https:\/\/lystes.store\/select\/evaraparis\/?post_type=product&#038;p=121865"},"modified":"2025-07-31T19:28:24","modified_gmt":"2025-07-31T17:28:24","slug":"protecteur-de-cuir-chevelu-60-ml","status":"publish","type":"product","link":"https:\/\/lystes.store\/select\/evaraparis\/product\/protecteur-de-cuir-chevelu-60-ml\/","title":{"rendered":"Protecteur de cuir chevelu 60 ml"},"content":{"rendered":"<p>Le protecteur de cuir chevelu Evara Paris est formul\u00e9 pour offrir un confort imm\u00e9diat et une meilleure adh\u00e9rence lors de la pose d&rsquo;un compl\u00e9ment capillaire. Sa formule cr\u00e9e une barri\u00e8re invisible entre la peau et l&rsquo;adh\u00e9sif, r\u00e9duisant les irritations tout en augmentant la durabilit\u00e9 de la colle ou des bandes adh\u00e9sives. Facile \u00e0 appliquer gr\u00e2ce \u00e0 son format spray, il est parfait pour les cuirs chevelus sensibles ou en usage fr\u00e9quent.<\/p>\n","protected":false},"excerpt":{"rendered":"<p>Le protecteur de cuir chevelu Evara Paris cr\u00e9e une barri\u00e8re invisible qui prot\u00e8ge la peau et am\u00e9liore la tenue de la proth\u00e8se.<\/p>\n","protected":false},"featured_media":121873,"comment_status":"closed","ping_status":"closed","template":"","meta":[],"product_brand":[],"product_cat":[15,1111,1141,1145],"product_tag":[],"class_list":{"0":"post-121865","1":"product","2":"type-product","3":"status-publish","4":"has-post-thumbnail","6":"product_cat-shop","7":"product_cat-new","8":"product_cat-produit","9":"product_cat-spray-protecteur-de-cuir-chevelu","11":"first","12":"instock","13":"taxable","14":"shipping-taxable","15":"purchasable","16":"product-type-simple"},"acf":[],"yoast_head":"<!-- This site is optimized with the Yoast SEO plugin v25.3.1 - https:\/\/yoast.com\/wordpress\/plugins\/seo\/ -->\n<title>Protecteur de cuir chevelu 60 ml - Evara Paris<\/title>\n<meta name=\"robots\" content=\"index, follow, max-snippet:-1, max-image-preview:large, max-video-preview:-1\" \/>\n<link rel=\"canonical\" href=\"https:\/\/lystes.store\/select\/evaraparis\/product\/protecteur-de-cuir-chevelu-60-ml\/\" \/>\n<meta property=\"og:locale\" content=\"fr_FR\" \/>\n<meta property=\"og:type\" content=\"article\" \/>\n<meta property=\"og:title\" content=\"Protecteur de cuir chevelu 60 ml - Evara Paris\" \/>\n<meta property=\"og:description\" content=\"Le protecteur de cuir chevelu Evara Paris cr\u00e9e une barri\u00e8re invisible qui prot\u00e8ge la peau et am\u00e9liore la tenue de la proth\u00e8se.\" \/>\n<meta property=\"og:url\" content=\"https:\/\/lystes.store\/select\/evaraparis\/product\/protecteur-de-cuir-chevelu-60-ml\/\" \/>\n<meta property=\"og:site_name\" content=\"Evara Paris\" \/>\n<meta property=\"article:modified_time\" content=\"2025-07-31T17:28:24+00:00\" \/>\n<meta property=\"og:image\" content=\"https:\/\/lystes.store\/select\/evaraparis\/wp-content\/uploads\/sites\/20\/2025\/07\/protecteurcuirchevelu60ml.jpeg\" \/>\n\t<meta property=\"og:image:width\" content=\"1077\" \/>\n\t<meta property=\"og:image:height\" content=\"1080\" \/>\n\t<meta property=\"og:image:type\" content=\"image\/jpeg\" \/>\n<meta name=\"twitter:card\" content=\"summary_large_image\" \/>\n<meta name=\"twitter:label1\" content=\"Dur\u00e9e de lecture estim\u00e9e\" \/>\n\t<meta name=\"twitter:data1\" content=\"1 minute\" \/>\n<script type=\"application\/ld+json\" class=\"yoast-schema-graph\">{\"@context\":\"https:\/\/schema.org\",\"@graph\":[{\"@type\":\"WebPage\",\"@id\":\"https:\/\/lystes.store\/select\/evaraparis\/product\/protecteur-de-cuir-chevelu-60-ml\/\",\"url\":\"https:\/\/lystes.store\/select\/evaraparis\/product\/protecteur-de-cuir-chevelu-60-ml\/\",\"name\":\"Protecteur de cuir chevelu 60 ml - Evara Paris\",\"isPartOf\":{\"@id\":\"https:\/\/lystes.store\/select\/evaraparis\/#website\"},\"primaryImageOfPage\":{\"@id\":\"https:\/\/lystes.store\/select\/evaraparis\/product\/protecteur-de-cuir-chevelu-60-ml\/#primaryimage\"},\"image\":{\"@id\":\"https:\/\/lystes.store\/select\/evaraparis\/product\/protecteur-de-cuir-chevelu-60-ml\/#primaryimage\"},\"thumbnailUrl\":\"https:\/\/i0.wp.com\/lystes.store\/select\/evaraparis\/wp-content\/uploads\/sites\/20\/2025\/07\/protecteurcuirchevelu60ml.jpeg?fit=1077%2C1080&ssl=1\",\"datePublished\":\"2025-07-31T16:56:22+00:00\",\"dateModified\":\"2025-07-31T17:28:24+00:00\",\"breadcrumb\":{\"@id\":\"https:\/\/lystes.store\/select\/evaraparis\/product\/protecteur-de-cuir-chevelu-60-ml\/#breadcrumb\"},\"inLanguage\":\"fr-FR\",\"potentialAction\":[{\"@type\":\"ReadAction\",\"target\":[\"https:\/\/lystes.store\/select\/evaraparis\/product\/protecteur-de-cuir-chevelu-60-ml\/\"]}]},{\"@type\":\"ImageObject\",\"inLanguage\":\"fr-FR\",\"@id\":\"https:\/\/lystes.store\/select\/evaraparis\/product\/protecteur-de-cuir-chevelu-60-ml\/#primaryimage\",\"url\":\"https:\/\/i0.wp.com\/lystes.store\/select\/evaraparis\/wp-content\/uploads\/sites\/20\/2025\/07\/protecteurcuirchevelu60ml.jpeg?fit=1077%2C1080&ssl=1\",\"contentUrl\":\"https:\/\/i0.wp.com\/lystes.store\/select\/evaraparis\/wp-content\/uploads\/sites\/20\/2025\/07\/protecteurcuirchevelu60ml.jpeg?fit=1077%2C1080&ssl=1\",\"width\":1077,\"height\":1080},{\"@type\":\"BreadcrumbList\",\"@id\":\"https:\/\/lystes.store\/select\/evaraparis\/product\/protecteur-de-cuir-chevelu-60-ml\/#breadcrumb\",\"itemListElement\":[{\"@type\":\"ListItem\",\"position\":1,\"name\":\"Accueil\",\"item\":\"https:\/\/lystes.store\/select\/evaraparis\/\"},{\"@type\":\"ListItem\",\"position\":2,\"name\":\"Boutique\",\"item\":\"https:\/\/lystes.store\/select\/evaraparis\/boutique\/\"},{\"@type\":\"ListItem\",\"position\":3,\"name\":\"Protecteur de cuir chevelu 60 ml\"}]},{\"@type\":\"WebSite\",\"@id\":\"https:\/\/lystes.store\/select\/evaraparis\/#website\",\"url\":\"https:\/\/lystes.store\/select\/evaraparis\/\",\"name\":\"Evara Paris\",\"description\":\"L&#039;excellence sinon rien\",\"potentialAction\":[{\"@type\":\"SearchAction\",\"target\":{\"@type\":\"EntryPoint\",\"urlTemplate\":\"https:\/\/lystes.store\/select\/evaraparis\/?s={search_term_string}\"},\"query-input\":{\"@type\":\"PropertyValueSpecification\",\"valueRequired\":true,\"valueName\":\"search_term_string\"}}],\"inLanguage\":\"fr-FR\"}]}<\/script>\n<!-- \/ Yoast SEO plugin. -->","yoast_head_json":{"title":"Protecteur de cuir chevelu 60 ml - Evara Paris","robots":{"index":"index","follow":"follow","max-snippet":"max-snippet:-1","max-image-preview":"max-image-preview:large","max-video-preview":"max-video-preview:-1"},"canonical":"https:\/\/lystes.store\/select\/evaraparis\/product\/protecteur-de-cuir-chevelu-60-ml\/","og_locale":"fr_FR","og_type":"article","og_title":"Protecteur de cuir chevelu 60 ml - Evara Paris","og_description":"Le protecteur de cuir chevelu Evara Paris cr\u00e9e une barri\u00e8re invisible qui prot\u00e8ge la peau et am\u00e9liore la tenue de la proth\u00e8se.","og_url":"https:\/\/lystes.store\/select\/evaraparis\/product\/protecteur-de-cuir-chevelu-60-ml\/","og_site_name":"Evara Paris","article_modified_time":"2025-07-31T17:28:24+00:00","og_image":[{"width":1077,"height":1080,"url":"https:\/\/lystes.store\/select\/evaraparis\/wp-content\/uploads\/sites\/20\/2025\/07\/protecteurcuirchevelu60ml.jpeg","type":"image\/jpeg"}],"twitter_card":"summary_large_image","twitter_misc":{"Dur\u00e9e de lecture estim\u00e9e":"1 minute"},"schema":{"@context":"https:\/\/schema.org","@graph":[{"@type":"WebPage","@id":"https:\/\/lystes.store\/select\/evaraparis\/product\/protecteur-de-cuir-chevelu-60-ml\/","url":"https:\/\/lystes.store\/select\/evaraparis\/product\/protecteur-de-cuir-chevelu-60-ml\/","name":"Protecteur de cuir chevelu 60 ml - Evara Paris","isPartOf":{"@id":"https:\/\/lystes.store\/select\/evaraparis\/#website"},"primaryImageOfPage":{"@id":"https:\/\/lystes.store\/select\/evaraparis\/product\/protecteur-de-cuir-chevelu-60-ml\/#primaryimage"},"image":{"@id":"https:\/\/lystes.store\/select\/evaraparis\/product\/protecteur-de-cuir-chevelu-60-ml\/#primaryimage"},"thumbnailUrl":"https:\/\/i0.wp.com\/lystes.store\/select\/evaraparis\/wp-content\/uploads\/sites\/20\/2025\/07\/protecteurcuirchevelu60ml.jpeg?fit=1077%2C1080&ssl=1","datePublished":"2025-07-31T16:56:22+00:00","dateModified":"2025-07-31T17:28:24+00:00","breadcrumb":{"@id":"https:\/\/lystes.store\/select\/evaraparis\/product\/protecteur-de-cuir-chevelu-60-ml\/#breadcrumb"},"inLanguage":"fr-FR","potentialAction":[{"@type":"ReadAction","target":["https:\/\/lystes.store\/select\/evaraparis\/product\/protecteur-de-cuir-chevelu-60-ml\/"]}]},{"@type":"ImageObject","inLanguage":"fr-FR","@id":"https:\/\/lystes.store\/select\/evaraparis\/product\/protecteur-de-cuir-chevelu-60-ml\/#primaryimage","url":"https:\/\/i0.wp.com\/lystes.store\/select\/evaraparis\/wp-content\/uploads\/sites\/20\/2025\/07\/protecteurcuirchevelu60ml.jpeg?fit=1077%2C1080&ssl=1","contentUrl":"https:\/\/i0.wp.com\/lystes.store\/select\/evaraparis\/wp-content\/uploads\/sites\/20\/2025\/07\/protecteurcuirchevelu60ml.jpeg?fit=1077%2C1080&ssl=1","width":1077,"height":1080},{"@type":"BreadcrumbList","@id":"https:\/\/lystes.store\/select\/evaraparis\/product\/protecteur-de-cuir-chevelu-60-ml\/#breadcrumb","itemListElement":[{"@type":"ListItem","position":1,"name":"Accueil","item":"https:\/\/lystes.store\/select\/evaraparis\/"},{"@type":"ListItem","position":2,"name":"Boutique","item":"https:\/\/lystes.store\/select\/evaraparis\/boutique\/"},{"@type":"ListItem","position":3,"name":"Protecteur de cuir chevelu 60 ml"}]},{"@type":"WebSite","@id":"https:\/\/lystes.store\/select\/evaraparis\/#website","url":"https:\/\/lystes.store\/select\/evaraparis\/","name":"Evara Paris","description":"L&#039;excellence sinon rien","potentialAction":[{"@type":"SearchAction","target":{"@type":"EntryPoint","urlTemplate":"https:\/\/lystes.store\/select\/evaraparis\/?s={search_term_string}"},"query-input":{"@type":"PropertyValueSpecification","valueRequired":true,"valueName":"search_term_string"}}],"inLanguage":"fr-FR"}]}},"_links":{"self":[{"href":"https:\/\/lystes.store\/select\/evaraparis\/wp-json\/wp\/v2\/product\/121865","targetHints":{"allow":["GET"]}}],"collection":[{"href":"https:\/\/lystes.store\/select\/evaraparis\/wp-json\/wp\/v2\/product"}],"about":[{"href":"https:\/\/lystes.store\/select\/evaraparis\/wp-json\/wp\/v2\/types\/product"}],"replies":[{"embeddable":true,"href":"https:\/\/lystes.store\/select\/evaraparis\/wp-json\/wp\/v2\/comments?post=121865"}],"wp:featuredmedia":[{"embeddable":true,"href":"https:\/\/lystes.store\/select\/evaraparis\/wp-json\/wp\/v2\/media\/121873"}],"wp:attachment":[{"href":"https:\/\/lystes.store\/select\/evaraparis\/wp-json\/wp\/v2\/media?parent=121865"}],"wp:term":[{"taxonomy":"product_brand","embeddable":true,"href":"https:\/\/lystes.store\/select\/evaraparis\/wp-json\/wp\/v2\/product_brand?post=121865"},{"taxonomy":"product_cat","embeddable":true,"href":"https:\/\/lystes.store\/select\/evaraparis\/wp-json\/wp\/v2\/product_cat?post=121865"},{"taxonomy":"product_tag","embeddable":true,"href":"https:\/\/lystes.store\/select\/evaraparis\/wp-json\/wp\/v2\/product_tag?post=121865"}],"curies":[{"name":"wp","href":"https:\/\/api.w.org\/{rel}","templated":true}]}}