{"id":121863,"date":"2025-07-31T18:56:22","date_gmt":"2025-07-31T16:56:22","guid":{"rendered":"https:\/\/lystes.store\/select\/evaraparis\/?post_type=product&#038;p=121863"},"modified":"2025-07-31T19:28:24","modified_gmt":"2025-07-31T17:28:24","slug":"solvant-capillaire-118-ml","status":"publish","type":"product","link":"https:\/\/lystes.store\/select\/evaraparis\/product\/solvant-capillaire-118-ml\/","title":{"rendered":"Solvant Capillaire 118 ml"},"content":{"rendered":"<p>Le solvant capillaire Evara Paris est sp\u00e9cialement formul\u00e9 pour retirer efficacement et en toute s\u00e9curit\u00e9 la colle des proth\u00e8ses capillaire en PU et Lace. Gr\u00e2ce \u00e0 son action rapide et sa texture douce, il dissout les adh\u00e9sifs tout en respectant les peaux sensibles. Son format spray permet une application pr\u00e9cise, sans gaspillage, et son rin\u00e7age facile garantit un cuir chevelu propre, pr\u00eat pour une nouvelle pose. Un indispensable pour entretenir ses compl\u00e9ments capillaires avec soin et efficacit\u00e9.<\/p>\n","protected":false},"excerpt":{"rendered":"<p>Dissolution rapide, douceur maximale. Le solvant capillaire Evara Paris \u00e9limine les r\u00e9sidus de colle en douceur tout en respectant la peau.<\/p>\n","protected":false},"featured_media":121871,"comment_status":"closed","ping_status":"closed","template":"","meta":[],"product_brand":[],"product_cat":[15,1111,1141,1143],"product_tag":[],"class_list":{"0":"post-121863","1":"product","2":"type-product","3":"status-publish","4":"has-post-thumbnail","6":"product_cat-shop","7":"product_cat-new","8":"product_cat-produit","9":"product_cat-solvant-capillaire","11":"first","12":"instock","13":"taxable","14":"shipping-taxable","15":"purchasable","16":"product-type-simple"},"acf":[],"yoast_head":"<!-- This site is optimized with the Yoast SEO plugin v25.3.1 - https:\/\/yoast.com\/wordpress\/plugins\/seo\/ -->\n<title>Solvant Capillaire 118 ml - Evara Paris<\/title>\n<meta name=\"robots\" content=\"index, follow, max-snippet:-1, max-image-preview:large, max-video-preview:-1\" \/>\n<link rel=\"canonical\" href=\"https:\/\/lystes.store\/select\/evaraparis\/product\/solvant-capillaire-118-ml\/\" \/>\n<meta property=\"og:locale\" content=\"fr_FR\" \/>\n<meta property=\"og:type\" content=\"article\" \/>\n<meta property=\"og:title\" content=\"Solvant Capillaire 118 ml - Evara Paris\" \/>\n<meta property=\"og:description\" content=\"Dissolution rapide, douceur maximale. Le solvant capillaire Evara Paris \u00e9limine les r\u00e9sidus de colle en douceur tout en respectant la peau.\" \/>\n<meta property=\"og:url\" content=\"https:\/\/lystes.store\/select\/evaraparis\/product\/solvant-capillaire-118-ml\/\" \/>\n<meta property=\"og:site_name\" content=\"Evara Paris\" \/>\n<meta property=\"article:modified_time\" content=\"2025-07-31T17:28:24+00:00\" \/>\n<meta property=\"og:image\" content=\"https:\/\/lystes.store\/select\/evaraparis\/wp-content\/uploads\/sites\/20\/2025\/07\/solvantcapillaire118ml.jpeg\" \/>\n\t<meta property=\"og:image:width\" content=\"1077\" \/>\n\t<meta property=\"og:image:height\" content=\"1080\" \/>\n\t<meta property=\"og:image:type\" content=\"image\/jpeg\" \/>\n<meta name=\"twitter:card\" content=\"summary_large_image\" \/>\n<meta name=\"twitter:label1\" content=\"Dur\u00e9e de lecture estim\u00e9e\" \/>\n\t<meta name=\"twitter:data1\" content=\"1 minute\" \/>\n<script type=\"application\/ld+json\" class=\"yoast-schema-graph\">{\"@context\":\"https:\/\/schema.org\",\"@graph\":[{\"@type\":\"WebPage\",\"@id\":\"https:\/\/lystes.store\/select\/evaraparis\/product\/solvant-capillaire-118-ml\/\",\"url\":\"https:\/\/lystes.store\/select\/evaraparis\/product\/solvant-capillaire-118-ml\/\",\"name\":\"Solvant Capillaire 118 ml - Evara Paris\",\"isPartOf\":{\"@id\":\"https:\/\/lystes.store\/select\/evaraparis\/#website\"},\"primaryImageOfPage\":{\"@id\":\"https:\/\/lystes.store\/select\/evaraparis\/product\/solvant-capillaire-118-ml\/#primaryimage\"},\"image\":{\"@id\":\"https:\/\/lystes.store\/select\/evaraparis\/product\/solvant-capillaire-118-ml\/#primaryimage\"},\"thumbnailUrl\":\"https:\/\/i0.wp.com\/lystes.store\/select\/evaraparis\/wp-content\/uploads\/sites\/20\/2025\/07\/solvantcapillaire118ml.jpeg?fit=1077%2C1080&ssl=1\",\"datePublished\":\"2025-07-31T16:56:22+00:00\",\"dateModified\":\"2025-07-31T17:28:24+00:00\",\"breadcrumb\":{\"@id\":\"https:\/\/lystes.store\/select\/evaraparis\/product\/solvant-capillaire-118-ml\/#breadcrumb\"},\"inLanguage\":\"fr-FR\",\"potentialAction\":[{\"@type\":\"ReadAction\",\"target\":[\"https:\/\/lystes.store\/select\/evaraparis\/product\/solvant-capillaire-118-ml\/\"]}]},{\"@type\":\"ImageObject\",\"inLanguage\":\"fr-FR\",\"@id\":\"https:\/\/lystes.store\/select\/evaraparis\/product\/solvant-capillaire-118-ml\/#primaryimage\",\"url\":\"https:\/\/i0.wp.com\/lystes.store\/select\/evaraparis\/wp-content\/uploads\/sites\/20\/2025\/07\/solvantcapillaire118ml.jpeg?fit=1077%2C1080&ssl=1\",\"contentUrl\":\"https:\/\/i0.wp.com\/lystes.store\/select\/evaraparis\/wp-content\/uploads\/sites\/20\/2025\/07\/solvantcapillaire118ml.jpeg?fit=1077%2C1080&ssl=1\",\"width\":1077,\"height\":1080},{\"@type\":\"BreadcrumbList\",\"@id\":\"https:\/\/lystes.store\/select\/evaraparis\/product\/solvant-capillaire-118-ml\/#breadcrumb\",\"itemListElement\":[{\"@type\":\"ListItem\",\"position\":1,\"name\":\"Accueil\",\"item\":\"https:\/\/lystes.store\/select\/evaraparis\/\"},{\"@type\":\"ListItem\",\"position\":2,\"name\":\"Boutique\",\"item\":\"https:\/\/lystes.store\/select\/evaraparis\/boutique\/\"},{\"@type\":\"ListItem\",\"position\":3,\"name\":\"Solvant Capillaire 118 ml\"}]},{\"@type\":\"WebSite\",\"@id\":\"https:\/\/lystes.store\/select\/evaraparis\/#website\",\"url\":\"https:\/\/lystes.store\/select\/evaraparis\/\",\"name\":\"Evara Paris\",\"description\":\"L&#039;excellence sinon rien\",\"potentialAction\":[{\"@type\":\"SearchAction\",\"target\":{\"@type\":\"EntryPoint\",\"urlTemplate\":\"https:\/\/lystes.store\/select\/evaraparis\/?s={search_term_string}\"},\"query-input\":{\"@type\":\"PropertyValueSpecification\",\"valueRequired\":true,\"valueName\":\"search_term_string\"}}],\"inLanguage\":\"fr-FR\"}]}<\/script>\n<!-- \/ Yoast SEO plugin. -->","yoast_head_json":{"title":"Solvant Capillaire 118 ml - Evara Paris","robots":{"index":"index","follow":"follow","max-snippet":"max-snippet:-1","max-image-preview":"max-image-preview:large","max-video-preview":"max-video-preview:-1"},"canonical":"https:\/\/lystes.store\/select\/evaraparis\/product\/solvant-capillaire-118-ml\/","og_locale":"fr_FR","og_type":"article","og_title":"Solvant Capillaire 118 ml - Evara Paris","og_description":"Dissolution rapide, douceur maximale. Le solvant capillaire Evara Paris \u00e9limine les r\u00e9sidus de colle en douceur tout en respectant la peau.","og_url":"https:\/\/lystes.store\/select\/evaraparis\/product\/solvant-capillaire-118-ml\/","og_site_name":"Evara Paris","article_modified_time":"2025-07-31T17:28:24+00:00","og_image":[{"width":1077,"height":1080,"url":"https:\/\/lystes.store\/select\/evaraparis\/wp-content\/uploads\/sites\/20\/2025\/07\/solvantcapillaire118ml.jpeg","type":"image\/jpeg"}],"twitter_card":"summary_large_image","twitter_misc":{"Dur\u00e9e de lecture estim\u00e9e":"1 minute"},"schema":{"@context":"https:\/\/schema.org","@graph":[{"@type":"WebPage","@id":"https:\/\/lystes.store\/select\/evaraparis\/product\/solvant-capillaire-118-ml\/","url":"https:\/\/lystes.store\/select\/evaraparis\/product\/solvant-capillaire-118-ml\/","name":"Solvant Capillaire 118 ml - Evara Paris","isPartOf":{"@id":"https:\/\/lystes.store\/select\/evaraparis\/#website"},"primaryImageOfPage":{"@id":"https:\/\/lystes.store\/select\/evaraparis\/product\/solvant-capillaire-118-ml\/#primaryimage"},"image":{"@id":"https:\/\/lystes.store\/select\/evaraparis\/product\/solvant-capillaire-118-ml\/#primaryimage"},"thumbnailUrl":"https:\/\/i0.wp.com\/lystes.store\/select\/evaraparis\/wp-content\/uploads\/sites\/20\/2025\/07\/solvantcapillaire118ml.jpeg?fit=1077%2C1080&ssl=1","datePublished":"2025-07-31T16:56:22+00:00","dateModified":"2025-07-31T17:28:24+00:00","breadcrumb":{"@id":"https:\/\/lystes.store\/select\/evaraparis\/product\/solvant-capillaire-118-ml\/#breadcrumb"},"inLanguage":"fr-FR","potentialAction":[{"@type":"ReadAction","target":["https:\/\/lystes.store\/select\/evaraparis\/product\/solvant-capillaire-118-ml\/"]}]},{"@type":"ImageObject","inLanguage":"fr-FR","@id":"https:\/\/lystes.store\/select\/evaraparis\/product\/solvant-capillaire-118-ml\/#primaryimage","url":"https:\/\/i0.wp.com\/lystes.store\/select\/evaraparis\/wp-content\/uploads\/sites\/20\/2025\/07\/solvantcapillaire118ml.jpeg?fit=1077%2C1080&ssl=1","contentUrl":"https:\/\/i0.wp.com\/lystes.store\/select\/evaraparis\/wp-content\/uploads\/sites\/20\/2025\/07\/solvantcapillaire118ml.jpeg?fit=1077%2C1080&ssl=1","width":1077,"height":1080},{"@type":"BreadcrumbList","@id":"https:\/\/lystes.store\/select\/evaraparis\/product\/solvant-capillaire-118-ml\/#breadcrumb","itemListElement":[{"@type":"ListItem","position":1,"name":"Accueil","item":"https:\/\/lystes.store\/select\/evaraparis\/"},{"@type":"ListItem","position":2,"name":"Boutique","item":"https:\/\/lystes.store\/select\/evaraparis\/boutique\/"},{"@type":"ListItem","position":3,"name":"Solvant Capillaire 118 ml"}]},{"@type":"WebSite","@id":"https:\/\/lystes.store\/select\/evaraparis\/#website","url":"https:\/\/lystes.store\/select\/evaraparis\/","name":"Evara Paris","description":"L&#039;excellence sinon rien","potentialAction":[{"@type":"SearchAction","target":{"@type":"EntryPoint","urlTemplate":"https:\/\/lystes.store\/select\/evaraparis\/?s={search_term_string}"},"query-input":{"@type":"PropertyValueSpecification","valueRequired":true,"valueName":"search_term_string"}}],"inLanguage":"fr-FR"}]}},"_links":{"self":[{"href":"https:\/\/lystes.store\/select\/evaraparis\/wp-json\/wp\/v2\/product\/121863","targetHints":{"allow":["GET"]}}],"collection":[{"href":"https:\/\/lystes.store\/select\/evaraparis\/wp-json\/wp\/v2\/product"}],"about":[{"href":"https:\/\/lystes.store\/select\/evaraparis\/wp-json\/wp\/v2\/types\/product"}],"replies":[{"embeddable":true,"href":"https:\/\/lystes.store\/select\/evaraparis\/wp-json\/wp\/v2\/comments?post=121863"}],"wp:featuredmedia":[{"embeddable":true,"href":"https:\/\/lystes.store\/select\/evaraparis\/wp-json\/wp\/v2\/media\/121871"}],"wp:attachment":[{"href":"https:\/\/lystes.store\/select\/evaraparis\/wp-json\/wp\/v2\/media?parent=121863"}],"wp:term":[{"taxonomy":"product_brand","embeddable":true,"href":"https:\/\/lystes.store\/select\/evaraparis\/wp-json\/wp\/v2\/product_brand?post=121863"},{"taxonomy":"product_cat","embeddable":true,"href":"https:\/\/lystes.store\/select\/evaraparis\/wp-json\/wp\/v2\/product_cat?post=121863"},{"taxonomy":"product_tag","embeddable":true,"href":"https:\/\/lystes.store\/select\/evaraparis\/wp-json\/wp\/v2\/product_tag?post=121863"}],"curies":[{"name":"wp","href":"https:\/\/api.w.org\/{rel}","templated":true}]}}