{"id":121862,"date":"2025-07-31T18:56:21","date_gmt":"2025-07-31T16:56:21","guid":{"rendered":"https:\/\/lystes.store\/select\/evaraparis\/?post_type=product&#038;p=121862"},"modified":"2025-07-31T19:28:24","modified_gmt":"2025-07-31T17:28:24","slug":"colle-supreme-38-ml","status":"publish","type":"product","link":"https:\/\/lystes.store\/select\/evaraparis\/product\/colle-supreme-38-ml\/","title":{"rendered":"Colle supr\u00eame 38 ml"},"content":{"rendered":"<p>D\u00e9couvrez la colle supr\u00eame Evara Paris, con\u00e7ue pour \u00eatre \u00e0 la hauteur d&rsquo;une fixation fiable et haut de gamme pour leurs proth\u00e8ses capillaires en PU ou Lace. Sa formule sans odeur, r\u00e9sistante \u00e0 l&rsquo;humidit\u00e9 et adapt\u00e9e aux peaux grasses offre une tenue extr\u00eame et invisible pour un r\u00e9sultat naturel longue dur\u00e9e. Waterproof et test\u00e9e sur tout type de peau, elle garantit confort, performance et s\u00e9curit\u00e9. Id\u00e9ale pour les professionnels comme pour les particuliers, la Colle Supr\u00eame s&rsquo;applique facilement en fines couches pour un rendu pr\u00e9cis et durable. Un indispensable de la routine capillaire masculine Evara Paris.<\/p>\n","protected":false},"excerpt":{"rendered":"<p>La colle supr\u00eame Evara Paris garantit une tenue extr\u00eame, ivisible et waterproof, m\u00eame sur les peaux grasses. Formule sans odeur, r\u00e9sistante \u00e0 l&rsquo;humidit\u00e9 pour une fixation parfaite et durable.<\/p>\n","protected":false},"featured_media":121870,"comment_status":"closed","ping_status":"closed","template":"","meta":[],"product_brand":[],"product_cat":[15,1142,1141],"product_tag":[],"class_list":{"0":"post-121862","1":"product","2":"type-product","3":"status-publish","4":"has-post-thumbnail","6":"product_cat-shop","7":"product_cat-colle-capillaire-38-ml","8":"product_cat-produit","10":"first","11":"instock","12":"taxable","13":"shipping-taxable","14":"purchasable","15":"product-type-simple"},"acf":[],"yoast_head":"<!-- This site is optimized with the Yoast SEO plugin v25.3.1 - https:\/\/yoast.com\/wordpress\/plugins\/seo\/ -->\n<title>Colle supr\u00eame 38 ml - Evara Paris<\/title>\n<meta name=\"robots\" content=\"index, follow, max-snippet:-1, max-image-preview:large, max-video-preview:-1\" \/>\n<link rel=\"canonical\" href=\"https:\/\/lystes.store\/select\/evaraparis\/product\/colle-supreme-38-ml\/\" \/>\n<meta property=\"og:locale\" content=\"fr_FR\" \/>\n<meta property=\"og:type\" content=\"article\" \/>\n<meta property=\"og:title\" content=\"Colle supr\u00eame 38 ml - Evara Paris\" \/>\n<meta property=\"og:description\" content=\"La colle supr\u00eame Evara Paris garantit une tenue extr\u00eame, ivisible et waterproof, m\u00eame sur les peaux grasses. Formule sans odeur, r\u00e9sistante \u00e0 l&#039;humidit\u00e9 pour une fixation parfaite et durable.\" \/>\n<meta property=\"og:url\" content=\"https:\/\/lystes.store\/select\/evaraparis\/product\/colle-supreme-38-ml\/\" \/>\n<meta property=\"og:site_name\" content=\"Evara Paris\" \/>\n<meta property=\"article:modified_time\" content=\"2025-07-31T17:28:24+00:00\" \/>\n<meta property=\"og:image\" content=\"https:\/\/lystes.store\/select\/evaraparis\/wp-content\/uploads\/sites\/20\/2025\/07\/collecapillaire38ml.jpeg\" \/>\n\t<meta property=\"og:image:width\" content=\"1079\" \/>\n\t<meta property=\"og:image:height\" content=\"1080\" \/>\n\t<meta property=\"og:image:type\" content=\"image\/jpeg\" \/>\n<meta name=\"twitter:card\" content=\"summary_large_image\" \/>\n<meta name=\"twitter:label1\" content=\"Dur\u00e9e de lecture estim\u00e9e\" \/>\n\t<meta name=\"twitter:data1\" content=\"1 minute\" \/>\n<script type=\"application\/ld+json\" class=\"yoast-schema-graph\">{\"@context\":\"https:\/\/schema.org\",\"@graph\":[{\"@type\":\"WebPage\",\"@id\":\"https:\/\/lystes.store\/select\/evaraparis\/product\/colle-supreme-38-ml\/\",\"url\":\"https:\/\/lystes.store\/select\/evaraparis\/product\/colle-supreme-38-ml\/\",\"name\":\"Colle supr\u00eame 38 ml - Evara Paris\",\"isPartOf\":{\"@id\":\"https:\/\/lystes.store\/select\/evaraparis\/#website\"},\"primaryImageOfPage\":{\"@id\":\"https:\/\/lystes.store\/select\/evaraparis\/product\/colle-supreme-38-ml\/#primaryimage\"},\"image\":{\"@id\":\"https:\/\/lystes.store\/select\/evaraparis\/product\/colle-supreme-38-ml\/#primaryimage\"},\"thumbnailUrl\":\"https:\/\/i0.wp.com\/lystes.store\/select\/evaraparis\/wp-content\/uploads\/sites\/20\/2025\/07\/collecapillaire38ml.jpeg?fit=1079%2C1080&ssl=1\",\"datePublished\":\"2025-07-31T16:56:21+00:00\",\"dateModified\":\"2025-07-31T17:28:24+00:00\",\"breadcrumb\":{\"@id\":\"https:\/\/lystes.store\/select\/evaraparis\/product\/colle-supreme-38-ml\/#breadcrumb\"},\"inLanguage\":\"fr-FR\",\"potentialAction\":[{\"@type\":\"ReadAction\",\"target\":[\"https:\/\/lystes.store\/select\/evaraparis\/product\/colle-supreme-38-ml\/\"]}]},{\"@type\":\"ImageObject\",\"inLanguage\":\"fr-FR\",\"@id\":\"https:\/\/lystes.store\/select\/evaraparis\/product\/colle-supreme-38-ml\/#primaryimage\",\"url\":\"https:\/\/i0.wp.com\/lystes.store\/select\/evaraparis\/wp-content\/uploads\/sites\/20\/2025\/07\/collecapillaire38ml.jpeg?fit=1079%2C1080&ssl=1\",\"contentUrl\":\"https:\/\/i0.wp.com\/lystes.store\/select\/evaraparis\/wp-content\/uploads\/sites\/20\/2025\/07\/collecapillaire38ml.jpeg?fit=1079%2C1080&ssl=1\",\"width\":1079,\"height\":1080},{\"@type\":\"BreadcrumbList\",\"@id\":\"https:\/\/lystes.store\/select\/evaraparis\/product\/colle-supreme-38-ml\/#breadcrumb\",\"itemListElement\":[{\"@type\":\"ListItem\",\"position\":1,\"name\":\"Accueil\",\"item\":\"https:\/\/lystes.store\/select\/evaraparis\/\"},{\"@type\":\"ListItem\",\"position\":2,\"name\":\"Boutique\",\"item\":\"https:\/\/lystes.store\/select\/evaraparis\/boutique\/\"},{\"@type\":\"ListItem\",\"position\":3,\"name\":\"Colle supr\u00eame 38 ml\"}]},{\"@type\":\"WebSite\",\"@id\":\"https:\/\/lystes.store\/select\/evaraparis\/#website\",\"url\":\"https:\/\/lystes.store\/select\/evaraparis\/\",\"name\":\"Evara Paris\",\"description\":\"L&#039;excellence sinon rien\",\"potentialAction\":[{\"@type\":\"SearchAction\",\"target\":{\"@type\":\"EntryPoint\",\"urlTemplate\":\"https:\/\/lystes.store\/select\/evaraparis\/?s={search_term_string}\"},\"query-input\":{\"@type\":\"PropertyValueSpecification\",\"valueRequired\":true,\"valueName\":\"search_term_string\"}}],\"inLanguage\":\"fr-FR\"}]}<\/script>\n<!-- \/ Yoast SEO plugin. -->","yoast_head_json":{"title":"Colle supr\u00eame 38 ml - Evara Paris","robots":{"index":"index","follow":"follow","max-snippet":"max-snippet:-1","max-image-preview":"max-image-preview:large","max-video-preview":"max-video-preview:-1"},"canonical":"https:\/\/lystes.store\/select\/evaraparis\/product\/colle-supreme-38-ml\/","og_locale":"fr_FR","og_type":"article","og_title":"Colle supr\u00eame 38 ml - Evara Paris","og_description":"La colle supr\u00eame Evara Paris garantit une tenue extr\u00eame, ivisible et waterproof, m\u00eame sur les peaux grasses. Formule sans odeur, r\u00e9sistante \u00e0 l'humidit\u00e9 pour une fixation parfaite et durable.","og_url":"https:\/\/lystes.store\/select\/evaraparis\/product\/colle-supreme-38-ml\/","og_site_name":"Evara Paris","article_modified_time":"2025-07-31T17:28:24+00:00","og_image":[{"width":1079,"height":1080,"url":"https:\/\/lystes.store\/select\/evaraparis\/wp-content\/uploads\/sites\/20\/2025\/07\/collecapillaire38ml.jpeg","type":"image\/jpeg"}],"twitter_card":"summary_large_image","twitter_misc":{"Dur\u00e9e de lecture estim\u00e9e":"1 minute"},"schema":{"@context":"https:\/\/schema.org","@graph":[{"@type":"WebPage","@id":"https:\/\/lystes.store\/select\/evaraparis\/product\/colle-supreme-38-ml\/","url":"https:\/\/lystes.store\/select\/evaraparis\/product\/colle-supreme-38-ml\/","name":"Colle supr\u00eame 38 ml - Evara Paris","isPartOf":{"@id":"https:\/\/lystes.store\/select\/evaraparis\/#website"},"primaryImageOfPage":{"@id":"https:\/\/lystes.store\/select\/evaraparis\/product\/colle-supreme-38-ml\/#primaryimage"},"image":{"@id":"https:\/\/lystes.store\/select\/evaraparis\/product\/colle-supreme-38-ml\/#primaryimage"},"thumbnailUrl":"https:\/\/i0.wp.com\/lystes.store\/select\/evaraparis\/wp-content\/uploads\/sites\/20\/2025\/07\/collecapillaire38ml.jpeg?fit=1079%2C1080&ssl=1","datePublished":"2025-07-31T16:56:21+00:00","dateModified":"2025-07-31T17:28:24+00:00","breadcrumb":{"@id":"https:\/\/lystes.store\/select\/evaraparis\/product\/colle-supreme-38-ml\/#breadcrumb"},"inLanguage":"fr-FR","potentialAction":[{"@type":"ReadAction","target":["https:\/\/lystes.store\/select\/evaraparis\/product\/colle-supreme-38-ml\/"]}]},{"@type":"ImageObject","inLanguage":"fr-FR","@id":"https:\/\/lystes.store\/select\/evaraparis\/product\/colle-supreme-38-ml\/#primaryimage","url":"https:\/\/i0.wp.com\/lystes.store\/select\/evaraparis\/wp-content\/uploads\/sites\/20\/2025\/07\/collecapillaire38ml.jpeg?fit=1079%2C1080&ssl=1","contentUrl":"https:\/\/i0.wp.com\/lystes.store\/select\/evaraparis\/wp-content\/uploads\/sites\/20\/2025\/07\/collecapillaire38ml.jpeg?fit=1079%2C1080&ssl=1","width":1079,"height":1080},{"@type":"BreadcrumbList","@id":"https:\/\/lystes.store\/select\/evaraparis\/product\/colle-supreme-38-ml\/#breadcrumb","itemListElement":[{"@type":"ListItem","position":1,"name":"Accueil","item":"https:\/\/lystes.store\/select\/evaraparis\/"},{"@type":"ListItem","position":2,"name":"Boutique","item":"https:\/\/lystes.store\/select\/evaraparis\/boutique\/"},{"@type":"ListItem","position":3,"name":"Colle supr\u00eame 38 ml"}]},{"@type":"WebSite","@id":"https:\/\/lystes.store\/select\/evaraparis\/#website","url":"https:\/\/lystes.store\/select\/evaraparis\/","name":"Evara Paris","description":"L&#039;excellence sinon rien","potentialAction":[{"@type":"SearchAction","target":{"@type":"EntryPoint","urlTemplate":"https:\/\/lystes.store\/select\/evaraparis\/?s={search_term_string}"},"query-input":{"@type":"PropertyValueSpecification","valueRequired":true,"valueName":"search_term_string"}}],"inLanguage":"fr-FR"}]}},"_links":{"self":[{"href":"https:\/\/lystes.store\/select\/evaraparis\/wp-json\/wp\/v2\/product\/121862","targetHints":{"allow":["GET"]}}],"collection":[{"href":"https:\/\/lystes.store\/select\/evaraparis\/wp-json\/wp\/v2\/product"}],"about":[{"href":"https:\/\/lystes.store\/select\/evaraparis\/wp-json\/wp\/v2\/types\/product"}],"replies":[{"embeddable":true,"href":"https:\/\/lystes.store\/select\/evaraparis\/wp-json\/wp\/v2\/comments?post=121862"}],"wp:featuredmedia":[{"embeddable":true,"href":"https:\/\/lystes.store\/select\/evaraparis\/wp-json\/wp\/v2\/media\/121870"}],"wp:attachment":[{"href":"https:\/\/lystes.store\/select\/evaraparis\/wp-json\/wp\/v2\/media?parent=121862"}],"wp:term":[{"taxonomy":"product_brand","embeddable":true,"href":"https:\/\/lystes.store\/select\/evaraparis\/wp-json\/wp\/v2\/product_brand?post=121862"},{"taxonomy":"product_cat","embeddable":true,"href":"https:\/\/lystes.store\/select\/evaraparis\/wp-json\/wp\/v2\/product_cat?post=121862"},{"taxonomy":"product_tag","embeddable":true,"href":"https:\/\/lystes.store\/select\/evaraparis\/wp-json\/wp\/v2\/product_tag?post=121862"}],"curies":[{"name":"wp","href":"https:\/\/api.w.org\/{rel}","templated":true}]}}