{"id":114145,"date":"2022-01-14T12:17:44","date_gmt":"2022-01-14T11:17:44","guid":{"rendered":"https:\/\/lystes.store\/select\/concept\/"},"modified":"2025-08-01T07:40:42","modified_gmt":"2025-08-01T05:40:42","slug":"concept","status":"publish","type":"page","link":"https:\/\/lystes.store\/select\/evaraparis\/concept\/","title":{"rendered":"Concept"},"content":{"rendered":"<div class=\"wpb-content-wrapper\">[vc_section full_width=\u00a0\u00bbstretch_row\u00a0\u00bb el_id=\u00a0\u00bbaboutme\u00a0\u00bb css=\u00a0\u00bb.vc_custom_1632589870476{padding-top: 120px !important;background-position: center !important;background-repeat: no-repeat !important;background-size: cover !important;}\u00a0\u00bb][vc_row css=\u00a0\u00bb.vc_custom_1632583444096{padding-top: 45px !important;background-position: center !important;background-repeat: no-repeat !important;background-size: cover !important;}\u00a0\u00bb][vc_column][vc_row_inner el_class=\u00a0\u00bbcontenair\u00a0\u00bb][vc_column_inner width=\u00a0\u00bb1\/2&Prime; css=\u00a0\u00bb.vc_custom_1754025596876{background-image: url(https:\/\/lystes.store\/select\/evaraparis\/wp-content\/uploads\/sites\/20\/2025\/08\/FEF3DC46-9EEA-48BE-8A73-0F3B3C952E3D.png?id=121906) !important;background-position: center !important;background-repeat: no-repeat !important;background-size: contain !important;}\u00a0\u00bb][vc_column_text el_id=\u00a0\u00bbvisio\u00a0\u00bb]ABOUT ME[\/vc_column_text][vc_empty_space height=\u00a0\u00bb350px\u00a0\u00bb][\/vc_column_inner][vc_column_inner width=\u00a0\u00bb1\/2&Prime; css=\u00a0\u00bb.vc_custom_1632589765980{padding-left: 70px !important;}\u00a0\u00bb][vc_column_text el_class=\u00a0\u00bbtitlescript\u00a0\u00bb]Concept<\/p>\n<div id=\"gtx-trans\" style=\"position: absolute; left: 169px; top: 38px;\">\n<div class=\"gtx-trans-icon\"><\/div>\n<\/div>\n[\/vc_column_text][vc_column_text]\n<h2>L\u2019excellence esth\u00e9tique pens\u00e9e pour l\u2019homme.<\/h2>\n[\/vc_column_text][vc_column_text]\n<p class=\"p1\">Evara Paris est n\u00e9e d\u2019un positionnement clair : offrir aux hommes une r\u00e9ponse esth\u00e9tique de haute pr\u00e9cision face aux probl\u00e9matiques capillaires, en combinant technicit\u00e9 professionnelle, \u00e9l\u00e9gance discr\u00e8te et r\u00e9sultats visibles.<\/p>\n<p class=\"p1\">Sp\u00e9cialis\u00e9e dans les solutions capillaires pour homme (compl\u00e9ments, proth\u00e8ses, soins), la marque s\u2019appuie sur une expertise ma\u00eetris\u00e9e, des m\u00e9thodes rigoureuses et des produits de haute performance. Chaque prestation vise un objectif pr\u00e9cis : restaurer confiance, style et confort, sans compromis.<\/p>\n<p class=\"p1\">Nos textures sont l\u00e9g\u00e8res, nos finitions naturelles, nos protocoles personnalis\u00e9s. Tout est pens\u00e9 pour que chaque client vive une transformation esth\u00e9tique \u00e0 la fois subtile et percutante.<\/p>\n<p class=\"p1\">Chez Evara Paris, la beaut\u00e9 masculine se pense avec exigence : efficacit\u00e9 imm\u00e9diate, confort d\u2019usage, tenue longue dur\u00e9e. Nos soins s\u2019adressent \u00e0 des hommes qui exigent des r\u00e9sultats concrets, sans artifices, avec \u00e9l\u00e9gance et assurance.<\/p>\n<p class=\"p1\">Depuis notre ouverture en \u00cele-de-France, nous avons accompagn\u00e9 des dizaines d\u2019hommes \u00e0 retrouver leur allure avec des solutions capillaires sur mesure, en totale ad\u00e9quation avec leur style de vie.<\/p>\n<p class=\"p1\"><span class=\"s1\"><b>Evara Paris<\/b><\/span>, c\u2019est l\u2019union parfaite entre rigueur technique, pr\u00e9cision esth\u00e9tique et compr\u00e9hension des attentes modernes de l\u2019homme d\u2019aujourd\u2019hui.<\/p>\n[\/vc_column_text][\/vc_column_inner][\/vc_row_inner][\/vc_column][\/vc_row][\/vc_section][vc_section full_width=\u00a0\u00bbstretch_row\u00a0\u00bb el_id=\u00a0\u00bbBachelor\u00a0\u00bb css=\u00a0\u00bb.vc_custom_1619776504138{background-color: #232323 !important;}\u00a0\u00bb][vc_row el_class=\u00a0\u00bbcontainer\u00a0\u00bb][vc_column width=\u00a0\u00bb1\/2&Prime; el_class=\u00a0\u00bbwhite\u00a0\u00bb offset=\u00a0\u00bbvc_hidden-sm vc_hidden-xs\u00a0\u00bb][vc_column_text]<img data-recalc-dims=\"1\" loading=\"lazy\" decoding=\"async\" class=\"alignnone size-full wp-image-121911\" src=\"https:\/\/i0.wp.com\/lystes.store\/select\/evaraparis\/wp-content\/uploads\/sites\/20\/2025\/08\/7FB4215B-61CB-47E8-A9FE-768BF5727094.jpeg?resize=764%2C1024&#038;ssl=1\" alt=\"\" width=\"764\" height=\"1024\" srcset=\"https:\/\/i0.wp.com\/lystes.store\/select\/evaraparis\/wp-content\/uploads\/sites\/20\/2025\/08\/7FB4215B-61CB-47E8-A9FE-768BF5727094.jpeg?w=764&amp;ssl=1 764w, https:\/\/i0.wp.com\/lystes.store\/select\/evaraparis\/wp-content\/uploads\/sites\/20\/2025\/08\/7FB4215B-61CB-47E8-A9FE-768BF5727094.jpeg?resize=224%2C300&amp;ssl=1 224w, https:\/\/i0.wp.com\/lystes.store\/select\/evaraparis\/wp-content\/uploads\/sites\/20\/2025\/08\/7FB4215B-61CB-47E8-A9FE-768BF5727094.jpeg?resize=112%2C150&amp;ssl=1 112w\" sizes=\"auto, (max-width: 764px) 100vw, 764px\" \/>[\/vc_column_text][\/vc_column][vc_column width=\u00a0\u00bb1\/2&Prime; offset=\u00a0\u00bbvc_hidden-sm vc_hidden-xs\u00a0\u00bb][vc_column_text]<img data-recalc-dims=\"1\" loading=\"lazy\" decoding=\"async\" class=\"alignnone size-full wp-image-121910\" src=\"https:\/\/i0.wp.com\/lystes.store\/select\/evaraparis\/wp-content\/uploads\/sites\/20\/2025\/08\/7FB4215B-61CB-47E8-A9FE-768BF5727094-1.jpeg?resize=765%2C1024&#038;ssl=1\" alt=\"\" width=\"765\" height=\"1024\" srcset=\"https:\/\/i0.wp.com\/lystes.store\/select\/evaraparis\/wp-content\/uploads\/sites\/20\/2025\/08\/7FB4215B-61CB-47E8-A9FE-768BF5727094-1.jpeg?w=765&amp;ssl=1 765w, https:\/\/i0.wp.com\/lystes.store\/select\/evaraparis\/wp-content\/uploads\/sites\/20\/2025\/08\/7FB4215B-61CB-47E8-A9FE-768BF5727094-1.jpeg?resize=224%2C300&amp;ssl=1 224w, https:\/\/i0.wp.com\/lystes.store\/select\/evaraparis\/wp-content\/uploads\/sites\/20\/2025\/08\/7FB4215B-61CB-47E8-A9FE-768BF5727094-1.jpeg?resize=112%2C150&amp;ssl=1 112w\" sizes=\"auto, (max-width: 765px) 100vw, 765px\" \/>[\/vc_column_text][\/vc_column][\/vc_row][\/vc_section][vc_section disable_element=\u00a0\u00bbyes\u00a0\u00bb el_id=\u00a0\u00bbwork\u00a0\u00bb][vc_row css=\u00a0\u00bb.vc_custom_1619973005469{padding-bottom: 90px !important;}\u00a0\u00bb][vc_column][vc_row_inner el_class=\u00a0\u00bbcontenair\u00a0\u00bb][vc_column_inner width=\u00a0\u00bb1\/2&Prime;][vc_column_text]<img data-recalc-dims=\"1\" loading=\"lazy\" decoding=\"async\" class=\"alignnone size-full wp-image-118400\" src=\"https:\/\/i0.wp.com\/lystes.store\/select\/wp-content\/uploads\/2025\/04\/Pinterest_Download-5-topaz-upscale-3.5x.png?resize=1140%2C1140&#038;ssl=1\" alt=\"\" width=\"1140\" height=\"1140\" \/>[\/vc_column_text][\/vc_column_inner][vc_column_inner width=\u00a0\u00bb1\/2&Prime;][vc_column_text el_class=\u00a0\u00bbwhiteblock\u00a0\u00bb]\n<h1 style=\"text-align: left;\"><strong>Sev Formal<br \/>\nfondatrice de Cubano Hair<\/strong><\/h1>\n<div id=\"gtx-trans\" style=\"position: absolute; left: 138px; top: -1.0625px;\">\n<div class=\"gtx-trans-icon\"><\/div>\n<\/div>\n[\/vc_column_text][vc_column_text]Cubano Hair, fondatrice de GLOWLY PARIS, est une experte internationale reconnue dans l\u2019univers de la beaut\u00e9 et de l\u2019esth\u00e9tique. Titulaire d\u2019un Master en droit et gestion, Sciences du Management et sp\u00e9cialisation en Ressources Humaines, elle a d\u00e9but\u00e9 sa carri\u00e8re comme Directrice des Ressources Humaines avant de se r\u00e9inventer pour poursuivre sa v\u00e9ritable passion : la beaut\u00e9.<\/p>\n<p>Form\u00e9e dans des institutions prestigieuses en France et aux \u00c9tats-Unis et au Br\u00e9sil, Demo est sp\u00e9cialis\u00e9e dans le maquillage professionnel, les tatouages cosm\u00e9tiques et m\u00e9dicaux ainsi que les soins esth\u00e9tiques avanc\u00e9s. Forte de son expertise, elle a su innover en int\u00e9grant des techniques r\u00e9volutionnaires adapt\u00e9es \u00e0 toutes les carnations et tous les types de peaux, faisant de GLOWLY PARIS une r\u00e9f\u00e9rence dans plusieurs pays.<\/p>\n<p>Guid\u00e9e par sa devise, \u00ab L\u2019excellence sinon rien \u00bb, elle met un point d\u2019honneur \u00e0 offrir un service personnalis\u00e9, refl\u00e9tant un engagement in\u00e9branlable envers la qualit\u00e9. En tant qu\u2019Entrepreneure accomplie, elle transmet son savoir-faire \u00e0 travers des formations agr\u00e9\u00e9es, inspirant une nouvelle g\u00e9n\u00e9ration de professionnels dans le monde entier.[\/vc_column_text][\/vc_column_inner][\/vc_row_inner][\/vc_column][\/vc_row][\/vc_section]\n<\/div>","protected":false},"excerpt":{"rendered":"<p>[vc_section full_width=\u00a0\u00bbstretch_row\u00a0\u00bb el_id=\u00a0\u00bbaboutme\u00a0\u00bb css=\u00a0\u00bb.vc_custom_1632589870476{padding-top: 120px !important;background-position: center !important;background-repeat: no-repeat !important;background-size: cover !important;}\u00a0\u00bb][vc_row css=\u00a0\u00bb.vc_custom_1632583444096{padding-top: 45px !important;background-position: center !important;background-repeat: no-repeat !important;background-size: cover !important;}\u00a0\u00bb][vc_column][vc_row_inner el_class=\u00a0\u00bbcontenair\u00a0\u00bb][vc_column_inner width=\u00a0\u00bb1\/2&Prime; css=\u00a0\u00bb.vc_custom_1754025596876{background-image: url(https:\/\/lystes.store\/select\/evaraparis\/wp-content\/uploads\/sites\/20\/2025\/08\/FEF3DC46-9EEA-48BE-8A73-0F3B3C952E3D.png?id=121906) !important;background-position: center !important;background-repeat: no-repeat !important;background-size: contain !important;}\u00a0\u00bb][vc_column_text el_id=\u00a0\u00bbvisio\u00a0\u00bb]ABOUT ME[\/vc_column_text][vc_empty_space height=\u00a0\u00bb350px\u00a0\u00bb][\/vc_column_inner][vc_column_inner width=\u00a0\u00bb1\/2&Prime; css=\u00a0\u00bb.vc_custom_1632589765980{padding-left: 70px !important;}\u00a0\u00bb][vc_column_text el_class=\u00a0\u00bbtitlescript\u00a0\u00bb]Concept [\/vc_column_text][vc_column_text] L\u2019excellence esth\u00e9tique pens\u00e9e pour l\u2019homme. [\/vc_column_text][vc_column_text] Evara Paris est [&hellip;]<\/p>\n","protected":false},"author":1,"featured_media":0,"parent":0,"menu_order":0,"comment_status":"closed","ping_status":"closed","template":"","meta":{"footnotes":""},"class_list":["post-114145","page","type-page","status-publish","hentry"],"acf":[],"yoast_head":"<!-- This site is optimized with the Yoast SEO plugin v25.3.1 - https:\/\/yoast.com\/wordpress\/plugins\/seo\/ -->\n<title>Concept - Evara Paris<\/title>\n<meta name=\"robots\" content=\"index, follow, max-snippet:-1, max-image-preview:large, max-video-preview:-1\" \/>\n<link rel=\"canonical\" href=\"https:\/\/lystes.store\/select\/evaraparis\/concept\/\" \/>\n<meta property=\"og:locale\" content=\"fr_FR\" \/>\n<meta property=\"og:type\" content=\"article\" \/>\n<meta property=\"og:title\" content=\"Concept - Evara Paris\" \/>\n<meta property=\"og:description\" content=\"[vc_section full_width=\u00a0\u00bbstretch_row\u00a0\u00bb el_id=\u00a0\u00bbaboutme\u00a0\u00bb css=\u00a0\u00bb.vc_custom_1632589870476{padding-top: 120px !important;background-position: center !important;background-repeat: no-repeat !important;background-size: cover !important;}\u00a0\u00bb][vc_row css=\u00a0\u00bb.vc_custom_1632583444096{padding-top: 45px !important;background-position: center !important;background-repeat: no-repeat !important;background-size: cover !important;}\u00a0\u00bb][vc_column][vc_row_inner el_class=\u00a0\u00bbcontenair\u00a0\u00bb][vc_column_inner width=\u00a0\u00bb1\/2&Prime; css=\u00a0\u00bb.vc_custom_1754025596876{background-image: url(https:\/\/lystes.store\/select\/evaraparis\/wp-content\/uploads\/sites\/20\/2025\/08\/FEF3DC46-9EEA-48BE-8A73-0F3B3C952E3D.png?id=121906) !important;background-position: center !important;background-repeat: no-repeat !important;background-size: contain !important;}\u00a0\u00bb][vc_column_text el_id=\u00a0\u00bbvisio\u00a0\u00bb]ABOUT ME[\/vc_column_text][vc_empty_space height=\u00a0\u00bb350px\u00a0\u00bb][\/vc_column_inner][vc_column_inner width=\u00a0\u00bb1\/2&Prime; css=\u00a0\u00bb.vc_custom_1632589765980{padding-left: 70px !important;}\u00a0\u00bb][vc_column_text el_class=\u00a0\u00bbtitlescript\u00a0\u00bb]Concept [\/vc_column_text][vc_column_text] L\u2019excellence esth\u00e9tique pens\u00e9e pour l\u2019homme. [\/vc_column_text][vc_column_text] Evara Paris est [&hellip;]\" \/>\n<meta property=\"og:url\" content=\"https:\/\/lystes.store\/select\/evaraparis\/concept\/\" \/>\n<meta property=\"og:site_name\" content=\"Evara Paris\" \/>\n<meta property=\"article:modified_time\" content=\"2025-08-01T05:40:42+00:00\" \/>\n<meta property=\"og:image\" content=\"https:\/\/lystes.store\/select\/evaraparis\/wp-content\/uploads\/sites\/20\/2025\/08\/7FB4215B-61CB-47E8-A9FE-768BF5727094.jpeg\" \/>\n<meta name=\"twitter:card\" content=\"summary_large_image\" \/>\n<meta name=\"twitter:label1\" content=\"Dur\u00e9e de lecture estim\u00e9e\" \/>\n\t<meta name=\"twitter:data1\" content=\"3 minutes\" \/>\n<script type=\"application\/ld+json\" class=\"yoast-schema-graph\">{\"@context\":\"https:\/\/schema.org\",\"@graph\":[{\"@type\":\"WebPage\",\"@id\":\"https:\/\/lystes.store\/select\/evaraparis\/concept\/\",\"url\":\"https:\/\/lystes.store\/select\/evaraparis\/concept\/\",\"name\":\"Concept - Evara Paris\",\"isPartOf\":{\"@id\":\"https:\/\/lystes.store\/select\/evaraparis\/#website\"},\"primaryImageOfPage\":{\"@id\":\"https:\/\/lystes.store\/select\/evaraparis\/concept\/#primaryimage\"},\"image\":{\"@id\":\"https:\/\/lystes.store\/select\/evaraparis\/concept\/#primaryimage\"},\"thumbnailUrl\":\"https:\/\/lystes.store\/select\/evaraparis\/wp-content\/uploads\/sites\/20\/2025\/08\/7FB4215B-61CB-47E8-A9FE-768BF5727094.jpeg\",\"datePublished\":\"2022-01-14T11:17:44+00:00\",\"dateModified\":\"2025-08-01T05:40:42+00:00\",\"breadcrumb\":{\"@id\":\"https:\/\/lystes.store\/select\/evaraparis\/concept\/#breadcrumb\"},\"inLanguage\":\"fr-FR\",\"potentialAction\":[{\"@type\":\"ReadAction\",\"target\":[\"https:\/\/lystes.store\/select\/evaraparis\/concept\/\"]}]},{\"@type\":\"ImageObject\",\"inLanguage\":\"fr-FR\",\"@id\":\"https:\/\/lystes.store\/select\/evaraparis\/concept\/#primaryimage\",\"url\":\"https:\/\/i0.wp.com\/lystes.store\/select\/evaraparis\/wp-content\/uploads\/sites\/20\/2025\/08\/7FB4215B-61CB-47E8-A9FE-768BF5727094.jpeg?fit=764%2C1024&ssl=1\",\"contentUrl\":\"https:\/\/i0.wp.com\/lystes.store\/select\/evaraparis\/wp-content\/uploads\/sites\/20\/2025\/08\/7FB4215B-61CB-47E8-A9FE-768BF5727094.jpeg?fit=764%2C1024&ssl=1\",\"width\":764,\"height\":1024},{\"@type\":\"BreadcrumbList\",\"@id\":\"https:\/\/lystes.store\/select\/evaraparis\/concept\/#breadcrumb\",\"itemListElement\":[{\"@type\":\"ListItem\",\"position\":1,\"name\":\"Accueil\",\"item\":\"https:\/\/lystes.store\/select\/evaraparis\/\"},{\"@type\":\"ListItem\",\"position\":2,\"name\":\"Concept\"}]},{\"@type\":\"WebSite\",\"@id\":\"https:\/\/lystes.store\/select\/evaraparis\/#website\",\"url\":\"https:\/\/lystes.store\/select\/evaraparis\/\",\"name\":\"Evara Paris\",\"description\":\"L&#039;excellence sinon rien\",\"potentialAction\":[{\"@type\":\"SearchAction\",\"target\":{\"@type\":\"EntryPoint\",\"urlTemplate\":\"https:\/\/lystes.store\/select\/evaraparis\/?s={search_term_string}\"},\"query-input\":{\"@type\":\"PropertyValueSpecification\",\"valueRequired\":true,\"valueName\":\"search_term_string\"}}],\"inLanguage\":\"fr-FR\"}]}<\/script>\n<!-- \/ Yoast SEO plugin. -->","yoast_head_json":{"title":"Concept - Evara Paris","robots":{"index":"index","follow":"follow","max-snippet":"max-snippet:-1","max-image-preview":"max-image-preview:large","max-video-preview":"max-video-preview:-1"},"canonical":"https:\/\/lystes.store\/select\/evaraparis\/concept\/","og_locale":"fr_FR","og_type":"article","og_title":"Concept - Evara Paris","og_description":"[vc_section full_width=\u00a0\u00bbstretch_row\u00a0\u00bb el_id=\u00a0\u00bbaboutme\u00a0\u00bb css=\u00a0\u00bb.vc_custom_1632589870476{padding-top: 120px !important;background-position: center !important;background-repeat: no-repeat !important;background-size: cover !important;}\u00a0\u00bb][vc_row css=\u00a0\u00bb.vc_custom_1632583444096{padding-top: 45px !important;background-position: center !important;background-repeat: no-repeat !important;background-size: cover !important;}\u00a0\u00bb][vc_column][vc_row_inner el_class=\u00a0\u00bbcontenair\u00a0\u00bb][vc_column_inner width=\u00a0\u00bb1\/2&Prime; css=\u00a0\u00bb.vc_custom_1754025596876{background-image: url(https:\/\/lystes.store\/select\/evaraparis\/wp-content\/uploads\/sites\/20\/2025\/08\/FEF3DC46-9EEA-48BE-8A73-0F3B3C952E3D.png?id=121906) !important;background-position: center !important;background-repeat: no-repeat !important;background-size: contain !important;}\u00a0\u00bb][vc_column_text el_id=\u00a0\u00bbvisio\u00a0\u00bb]ABOUT ME[\/vc_column_text][vc_empty_space height=\u00a0\u00bb350px\u00a0\u00bb][\/vc_column_inner][vc_column_inner width=\u00a0\u00bb1\/2&Prime; css=\u00a0\u00bb.vc_custom_1632589765980{padding-left: 70px !important;}\u00a0\u00bb][vc_column_text el_class=\u00a0\u00bbtitlescript\u00a0\u00bb]Concept [\/vc_column_text][vc_column_text] L\u2019excellence esth\u00e9tique pens\u00e9e pour l\u2019homme. [\/vc_column_text][vc_column_text] Evara Paris est [&hellip;]","og_url":"https:\/\/lystes.store\/select\/evaraparis\/concept\/","og_site_name":"Evara Paris","article_modified_time":"2025-08-01T05:40:42+00:00","og_image":[{"url":"https:\/\/lystes.store\/select\/evaraparis\/wp-content\/uploads\/sites\/20\/2025\/08\/7FB4215B-61CB-47E8-A9FE-768BF5727094.jpeg","type":"","width":"","height":""}],"twitter_card":"summary_large_image","twitter_misc":{"Dur\u00e9e de lecture estim\u00e9e":"3 minutes"},"schema":{"@context":"https:\/\/schema.org","@graph":[{"@type":"WebPage","@id":"https:\/\/lystes.store\/select\/evaraparis\/concept\/","url":"https:\/\/lystes.store\/select\/evaraparis\/concept\/","name":"Concept - Evara Paris","isPartOf":{"@id":"https:\/\/lystes.store\/select\/evaraparis\/#website"},"primaryImageOfPage":{"@id":"https:\/\/lystes.store\/select\/evaraparis\/concept\/#primaryimage"},"image":{"@id":"https:\/\/lystes.store\/select\/evaraparis\/concept\/#primaryimage"},"thumbnailUrl":"https:\/\/lystes.store\/select\/evaraparis\/wp-content\/uploads\/sites\/20\/2025\/08\/7FB4215B-61CB-47E8-A9FE-768BF5727094.jpeg","datePublished":"2022-01-14T11:17:44+00:00","dateModified":"2025-08-01T05:40:42+00:00","breadcrumb":{"@id":"https:\/\/lystes.store\/select\/evaraparis\/concept\/#breadcrumb"},"inLanguage":"fr-FR","potentialAction":[{"@type":"ReadAction","target":["https:\/\/lystes.store\/select\/evaraparis\/concept\/"]}]},{"@type":"ImageObject","inLanguage":"fr-FR","@id":"https:\/\/lystes.store\/select\/evaraparis\/concept\/#primaryimage","url":"https:\/\/i0.wp.com\/lystes.store\/select\/evaraparis\/wp-content\/uploads\/sites\/20\/2025\/08\/7FB4215B-61CB-47E8-A9FE-768BF5727094.jpeg?fit=764%2C1024&ssl=1","contentUrl":"https:\/\/i0.wp.com\/lystes.store\/select\/evaraparis\/wp-content\/uploads\/sites\/20\/2025\/08\/7FB4215B-61CB-47E8-A9FE-768BF5727094.jpeg?fit=764%2C1024&ssl=1","width":764,"height":1024},{"@type":"BreadcrumbList","@id":"https:\/\/lystes.store\/select\/evaraparis\/concept\/#breadcrumb","itemListElement":[{"@type":"ListItem","position":1,"name":"Accueil","item":"https:\/\/lystes.store\/select\/evaraparis\/"},{"@type":"ListItem","position":2,"name":"Concept"}]},{"@type":"WebSite","@id":"https:\/\/lystes.store\/select\/evaraparis\/#website","url":"https:\/\/lystes.store\/select\/evaraparis\/","name":"Evara Paris","description":"L&#039;excellence sinon rien","potentialAction":[{"@type":"SearchAction","target":{"@type":"EntryPoint","urlTemplate":"https:\/\/lystes.store\/select\/evaraparis\/?s={search_term_string}"},"query-input":{"@type":"PropertyValueSpecification","valueRequired":true,"valueName":"search_term_string"}}],"inLanguage":"fr-FR"}]}},"_links":{"self":[{"href":"https:\/\/lystes.store\/select\/evaraparis\/wp-json\/wp\/v2\/pages\/114145","targetHints":{"allow":["GET"]}}],"collection":[{"href":"https:\/\/lystes.store\/select\/evaraparis\/wp-json\/wp\/v2\/pages"}],"about":[{"href":"https:\/\/lystes.store\/select\/evaraparis\/wp-json\/wp\/v2\/types\/page"}],"author":[{"embeddable":true,"href":"https:\/\/lystes.store\/select\/evaraparis\/wp-json\/wp\/v2\/users\/1"}],"replies":[{"embeddable":true,"href":"https:\/\/lystes.store\/select\/evaraparis\/wp-json\/wp\/v2\/comments?post=114145"}],"version-history":[{"count":9,"href":"https:\/\/lystes.store\/select\/evaraparis\/wp-json\/wp\/v2\/pages\/114145\/revisions"}],"predecessor-version":[{"id":121933,"href":"https:\/\/lystes.store\/select\/evaraparis\/wp-json\/wp\/v2\/pages\/114145\/revisions\/121933"}],"wp:attachment":[{"href":"https:\/\/lystes.store\/select\/evaraparis\/wp-json\/wp\/v2\/media?parent=114145"}],"curies":[{"name":"wp","href":"https:\/\/api.w.org\/{rel}","templated":true}]}}