{"id":92627,"date":"2025-03-20T22:41:28","date_gmt":"2025-03-20T21:41:28","guid":{"rendered":"https:\/\/lystes.store\/select\/dreamvirginhair\/?post_type=product&#038;p=92627"},"modified":"2025-08-03T18:06:29","modified_gmt":"2025-08-03T16:06:29","slug":"carte-cadeau-dvh-montant-a-selectionner","status":"publish","type":"product","link":"https:\/\/lystes.store\/select\/dreamvirginhair\/product\/carte-cadeau-dvh-montant-a-selectionner\/","title":{"rendered":"Carte Cadeau DVH (montant \u00e0 s\u00e9lectionner)"},"content":{"rendered":"<p>Vous souhaitez offrir un cadeau DVH \u00e0 un proche mais vous souhaitez lui laisser le choix de se faire plaisir, optez pour notre carte cadeau ! Une carte d\u00e9mat\u00e9rialis\u00e9e utilisable au salon ou sur notre site internet. Pour l\u2019utilisation en ligne un code personnalis\u00e9 unique vous sera envoy\u00e9 par e-mail. <\/p>\n","protected":false},"excerpt":{"rendered":"<p>Vous souhaitez offrir un cadeau DVH \u00e0 un proche mais vous souhaitez lui laisser le choix de se faire plaisir, optez pour notre carte cadeau ! Une carte d\u00e9mat\u00e9rialis\u00e9e utilisable au salon ou sur notre site internet. Pour l\u2019utilisation en ligne un code personnalis\u00e9 unique vous sera envoy\u00e9 par e-mail. <\/p>\n","protected":false},"featured_media":143147,"comment_status":"open","ping_status":"closed","template":"","meta":[],"product_brand":[],"product_cat":[1088],"product_tag":[],"class_list":{"0":"post-92627","1":"product","2":"type-product","3":"status-publish","4":"has-post-thumbnail","6":"product_cat-non-classe","8":"first","9":"instock","10":"taxable","11":"shipping-taxable","12":"purchasable","13":"product-type-variable"},"acf":[],"yoast_head":"<!-- This site is optimized with the Yoast SEO plugin v25.3.1 - https:\/\/yoast.com\/wordpress\/plugins\/seo\/ -->\n<title>Carte Cadeau DVH (montant \u00e0 s\u00e9lectionner) - Dream Virgin Hair<\/title>\n<meta name=\"robots\" content=\"index, follow, max-snippet:-1, max-image-preview:large, max-video-preview:-1\" \/>\n<link rel=\"canonical\" href=\"https:\/\/lystes.store\/select\/dreamvirginhair\/product\/carte-cadeau-dvh-montant-a-selectionner\/\" \/>\n<meta property=\"og:locale\" content=\"en_US\" \/>\n<meta property=\"og:type\" content=\"article\" \/>\n<meta property=\"og:title\" content=\"Carte Cadeau DVH (montant \u00e0 s\u00e9lectionner) - Dream Virgin Hair\" \/>\n<meta property=\"og:description\" content=\"Vous souhaitez offrir un cadeau DVH \u00e0 un proche mais vous souhaitez lui laisser le choix de se faire plaisir, optez pour notre carte cadeau ! Une carte d\u00e9mat\u00e9rialis\u00e9e utilisable au salon ou sur notre site internet. Pour l\u2019utilisation en ligne un code personnalis\u00e9 unique vous sera envoy\u00e9 par e-mail.\" \/>\n<meta property=\"og:url\" content=\"https:\/\/lystes.store\/select\/dreamvirginhair\/product\/carte-cadeau-dvh-montant-a-selectionner\/\" \/>\n<meta property=\"og:site_name\" content=\"Dream Virgin Hair\" \/>\n<meta property=\"article:modified_time\" content=\"2025-08-03T16:06:29+00:00\" \/>\n<meta name=\"twitter:card\" content=\"summary_large_image\" \/>\n<script type=\"application\/ld+json\" class=\"yoast-schema-graph\">{\"@context\":\"https:\/\/schema.org\",\"@graph\":[{\"@type\":\"WebPage\",\"@id\":\"https:\/\/lystes.store\/select\/dreamvirginhair\/product\/carte-cadeau-dvh-montant-a-selectionner\/\",\"url\":\"https:\/\/lystes.store\/select\/dreamvirginhair\/product\/carte-cadeau-dvh-montant-a-selectionner\/\",\"name\":\"Carte Cadeau DVH (montant \u00e0 s\u00e9lectionner) - Dream Virgin Hair\",\"isPartOf\":{\"@id\":\"https:\/\/lystes.store\/select\/dreamvirginhair\/#website\"},\"primaryImageOfPage\":{\"@id\":\"https:\/\/lystes.store\/select\/dreamvirginhair\/product\/carte-cadeau-dvh-montant-a-selectionner\/#primaryimage\"},\"image\":{\"@id\":\"https:\/\/lystes.store\/select\/dreamvirginhair\/product\/carte-cadeau-dvh-montant-a-selectionner\/#primaryimage\"},\"thumbnailUrl\":\"https:\/\/i0.wp.com\/lystes.store\/select\/dreamvirginhair\/wp-content\/uploads\/sites\/14\/2025\/08\/IMG_7486.png?fit=%2C&ssl=1\",\"datePublished\":\"2025-03-20T21:41:28+00:00\",\"dateModified\":\"2025-08-03T16:06:29+00:00\",\"breadcrumb\":{\"@id\":\"https:\/\/lystes.store\/select\/dreamvirginhair\/product\/carte-cadeau-dvh-montant-a-selectionner\/#breadcrumb\"},\"inLanguage\":\"en-US\",\"potentialAction\":[{\"@type\":\"ReadAction\",\"target\":[\"https:\/\/lystes.store\/select\/dreamvirginhair\/product\/carte-cadeau-dvh-montant-a-selectionner\/\"]}]},{\"@type\":\"ImageObject\",\"inLanguage\":\"en-US\",\"@id\":\"https:\/\/lystes.store\/select\/dreamvirginhair\/product\/carte-cadeau-dvh-montant-a-selectionner\/#primaryimage\",\"url\":\"https:\/\/i0.wp.com\/lystes.store\/select\/dreamvirginhair\/wp-content\/uploads\/sites\/14\/2025\/08\/IMG_7486.png?fit=%2C&ssl=1\",\"contentUrl\":\"https:\/\/i0.wp.com\/lystes.store\/select\/dreamvirginhair\/wp-content\/uploads\/sites\/14\/2025\/08\/IMG_7486.png?fit=%2C&ssl=1\"},{\"@type\":\"BreadcrumbList\",\"@id\":\"https:\/\/lystes.store\/select\/dreamvirginhair\/product\/carte-cadeau-dvh-montant-a-selectionner\/#breadcrumb\",\"itemListElement\":[{\"@type\":\"ListItem\",\"position\":1,\"name\":\"Accueil\",\"item\":\"https:\/\/lystes.store\/select\/dreamvirginhair\/\"},{\"@type\":\"ListItem\",\"position\":2,\"name\":\"Boutique\",\"item\":\"https:\/\/lystes.store\/select\/dreamvirginhair\/boutique\/\"},{\"@type\":\"ListItem\",\"position\":3,\"name\":\"Carte Cadeau DVH (montant \u00e0 s\u00e9lectionner)\"}]},{\"@type\":\"WebSite\",\"@id\":\"https:\/\/lystes.store\/select\/dreamvirginhair\/#website\",\"url\":\"https:\/\/lystes.store\/select\/dreamvirginhair\/\",\"name\":\"Dream Virgin Hair\",\"description\":\"L&#039;excellence sinon rien\",\"potentialAction\":[{\"@type\":\"SearchAction\",\"target\":{\"@type\":\"EntryPoint\",\"urlTemplate\":\"https:\/\/lystes.store\/select\/dreamvirginhair\/?s={search_term_string}\"},\"query-input\":{\"@type\":\"PropertyValueSpecification\",\"valueRequired\":true,\"valueName\":\"search_term_string\"}}],\"inLanguage\":\"en-US\"}]}<\/script>\n<!-- \/ Yoast SEO plugin. -->","yoast_head_json":{"title":"Carte Cadeau DVH (montant \u00e0 s\u00e9lectionner) - Dream Virgin Hair","robots":{"index":"index","follow":"follow","max-snippet":"max-snippet:-1","max-image-preview":"max-image-preview:large","max-video-preview":"max-video-preview:-1"},"canonical":"https:\/\/lystes.store\/select\/dreamvirginhair\/product\/carte-cadeau-dvh-montant-a-selectionner\/","og_locale":"en_US","og_type":"article","og_title":"Carte Cadeau DVH (montant \u00e0 s\u00e9lectionner) - Dream Virgin Hair","og_description":"Vous souhaitez offrir un cadeau DVH \u00e0 un proche mais vous souhaitez lui laisser le choix de se faire plaisir, optez pour notre carte cadeau ! Une carte d\u00e9mat\u00e9rialis\u00e9e utilisable au salon ou sur notre site internet. Pour l\u2019utilisation en ligne un code personnalis\u00e9 unique vous sera envoy\u00e9 par e-mail.","og_url":"https:\/\/lystes.store\/select\/dreamvirginhair\/product\/carte-cadeau-dvh-montant-a-selectionner\/","og_site_name":"Dream Virgin Hair","article_modified_time":"2025-08-03T16:06:29+00:00","twitter_card":"summary_large_image","schema":{"@context":"https:\/\/schema.org","@graph":[{"@type":"WebPage","@id":"https:\/\/lystes.store\/select\/dreamvirginhair\/product\/carte-cadeau-dvh-montant-a-selectionner\/","url":"https:\/\/lystes.store\/select\/dreamvirginhair\/product\/carte-cadeau-dvh-montant-a-selectionner\/","name":"Carte Cadeau DVH (montant \u00e0 s\u00e9lectionner) - Dream Virgin Hair","isPartOf":{"@id":"https:\/\/lystes.store\/select\/dreamvirginhair\/#website"},"primaryImageOfPage":{"@id":"https:\/\/lystes.store\/select\/dreamvirginhair\/product\/carte-cadeau-dvh-montant-a-selectionner\/#primaryimage"},"image":{"@id":"https:\/\/lystes.store\/select\/dreamvirginhair\/product\/carte-cadeau-dvh-montant-a-selectionner\/#primaryimage"},"thumbnailUrl":"https:\/\/i0.wp.com\/lystes.store\/select\/dreamvirginhair\/wp-content\/uploads\/sites\/14\/2025\/08\/IMG_7486.png?fit=%2C&ssl=1","datePublished":"2025-03-20T21:41:28+00:00","dateModified":"2025-08-03T16:06:29+00:00","breadcrumb":{"@id":"https:\/\/lystes.store\/select\/dreamvirginhair\/product\/carte-cadeau-dvh-montant-a-selectionner\/#breadcrumb"},"inLanguage":"en-US","potentialAction":[{"@type":"ReadAction","target":["https:\/\/lystes.store\/select\/dreamvirginhair\/product\/carte-cadeau-dvh-montant-a-selectionner\/"]}]},{"@type":"ImageObject","inLanguage":"en-US","@id":"https:\/\/lystes.store\/select\/dreamvirginhair\/product\/carte-cadeau-dvh-montant-a-selectionner\/#primaryimage","url":"https:\/\/i0.wp.com\/lystes.store\/select\/dreamvirginhair\/wp-content\/uploads\/sites\/14\/2025\/08\/IMG_7486.png?fit=%2C&ssl=1","contentUrl":"https:\/\/i0.wp.com\/lystes.store\/select\/dreamvirginhair\/wp-content\/uploads\/sites\/14\/2025\/08\/IMG_7486.png?fit=%2C&ssl=1"},{"@type":"BreadcrumbList","@id":"https:\/\/lystes.store\/select\/dreamvirginhair\/product\/carte-cadeau-dvh-montant-a-selectionner\/#breadcrumb","itemListElement":[{"@type":"ListItem","position":1,"name":"Accueil","item":"https:\/\/lystes.store\/select\/dreamvirginhair\/"},{"@type":"ListItem","position":2,"name":"Boutique","item":"https:\/\/lystes.store\/select\/dreamvirginhair\/boutique\/"},{"@type":"ListItem","position":3,"name":"Carte Cadeau DVH (montant \u00e0 s\u00e9lectionner)"}]},{"@type":"WebSite","@id":"https:\/\/lystes.store\/select\/dreamvirginhair\/#website","url":"https:\/\/lystes.store\/select\/dreamvirginhair\/","name":"Dream Virgin Hair","description":"L&#039;excellence sinon rien","potentialAction":[{"@type":"SearchAction","target":{"@type":"EntryPoint","urlTemplate":"https:\/\/lystes.store\/select\/dreamvirginhair\/?s={search_term_string}"},"query-input":{"@type":"PropertyValueSpecification","valueRequired":true,"valueName":"search_term_string"}}],"inLanguage":"en-US"}]}},"_links":{"self":[{"href":"https:\/\/lystes.store\/select\/dreamvirginhair\/wp-json\/wp\/v2\/product\/92627","targetHints":{"allow":["GET"]}}],"collection":[{"href":"https:\/\/lystes.store\/select\/dreamvirginhair\/wp-json\/wp\/v2\/product"}],"about":[{"href":"https:\/\/lystes.store\/select\/dreamvirginhair\/wp-json\/wp\/v2\/types\/product"}],"replies":[{"embeddable":true,"href":"https:\/\/lystes.store\/select\/dreamvirginhair\/wp-json\/wp\/v2\/comments?post=92627"}],"wp:featuredmedia":[{"embeddable":true,"href":"https:\/\/lystes.store\/select\/dreamvirginhair\/wp-json\/wp\/v2\/media\/143147"}],"wp:attachment":[{"href":"https:\/\/lystes.store\/select\/dreamvirginhair\/wp-json\/wp\/v2\/media?parent=92627"}],"wp:term":[{"taxonomy":"product_brand","embeddable":true,"href":"https:\/\/lystes.store\/select\/dreamvirginhair\/wp-json\/wp\/v2\/product_brand?post=92627"},{"taxonomy":"product_cat","embeddable":true,"href":"https:\/\/lystes.store\/select\/dreamvirginhair\/wp-json\/wp\/v2\/product_cat?post=92627"},{"taxonomy":"product_tag","embeddable":true,"href":"https:\/\/lystes.store\/select\/dreamvirginhair\/wp-json\/wp\/v2\/product_tag?post=92627"}],"curies":[{"name":"wp","href":"https:\/\/api.w.org\/{rel}","templated":true}]}}