{"id":90720,"date":"2025-03-20T22:23:52","date_gmt":"2025-03-20T21:23:52","guid":{"rendered":"https:\/\/lystes.store\/select\/dreamvirginhair\/?post_type=product&#038;p=90720"},"modified":"2025-08-03T18:03:10","modified_gmt":"2025-08-03T16:03:10","slug":"vente-flash-lace-wig-bobcut-prete-a-porter","status":"publish","type":"product","link":"https:\/\/lystes.store\/select\/dreamvirginhair\/product\/vente-flash-lace-wig-bobcut-prete-a-porter\/","title":{"rendered":"VENTE FLASH &#8211; Lace Wig Bobcut pr\u00eate \u00e0 porter"},"content":{"rendered":"<p>IMPORTANT : le mod\u00e8le pr\u00e9sent\u00e9 en photo est le mod\u00e8le LACE FRONTAL pas CLOSURE LARGE.<\/p>\n","protected":false},"excerpt":{"rendered":"<p>IMPORTANT : le mod\u00e8le pr\u00e9sent\u00e9 en photo est le mod\u00e8le LACE FRONTAL pas CLOSURE LARGE.<\/p>\n","protected":false},"featured_media":143025,"comment_status":"open","ping_status":"closed","template":"","meta":[],"product_brand":[],"product_cat":[1100,1144,1108,1133,1177,1287],"product_tag":[],"class_list":{"0":"post-90720","1":"product","2":"type-product","3":"status-publish","4":"has-post-thumbnail","6":"product_cat-best-seller","7":"product_cat-lace-wig","8":"product_cat-perruques","9":"product_cat-perruques-courtes","10":"product_cat-prix-mini","11":"product_cat-vente-flash","13":"first","14":"instock","15":"taxable","16":"shipping-taxable","17":"purchasable","18":"product-type-variable"},"acf":[],"yoast_head":"<!-- This site is optimized with the Yoast SEO plugin v25.3.1 - https:\/\/yoast.com\/wordpress\/plugins\/seo\/ -->\n<title>VENTE FLASH - Lace Wig Bobcut pr\u00eate \u00e0 porter - Dream Virgin Hair<\/title>\n<meta name=\"robots\" content=\"index, follow, max-snippet:-1, max-image-preview:large, max-video-preview:-1\" \/>\n<link rel=\"canonical\" href=\"https:\/\/lystes.store\/select\/dreamvirginhair\/product\/vente-flash-lace-wig-bobcut-prete-a-porter\/\" \/>\n<meta property=\"og:locale\" content=\"en_US\" \/>\n<meta property=\"og:type\" content=\"article\" \/>\n<meta property=\"og:title\" content=\"VENTE FLASH - Lace Wig Bobcut pr\u00eate \u00e0 porter - Dream Virgin Hair\" \/>\n<meta property=\"og:description\" content=\"IMPORTANT : le mod\u00e8le pr\u00e9sent\u00e9 en photo est le mod\u00e8le LACE FRONTAL pas CLOSURE LARGE.\" \/>\n<meta property=\"og:url\" content=\"https:\/\/lystes.store\/select\/dreamvirginhair\/product\/vente-flash-lace-wig-bobcut-prete-a-porter\/\" \/>\n<meta property=\"og:site_name\" content=\"Dream Virgin Hair\" \/>\n<meta property=\"article:modified_time\" content=\"2025-08-03T16:03:10+00:00\" \/>\n<meta name=\"twitter:card\" content=\"summary_large_image\" \/>\n<script type=\"application\/ld+json\" class=\"yoast-schema-graph\">{\"@context\":\"https:\/\/schema.org\",\"@graph\":[{\"@type\":\"WebPage\",\"@id\":\"https:\/\/lystes.store\/select\/dreamvirginhair\/product\/vente-flash-lace-wig-bobcut-prete-a-porter\/\",\"url\":\"https:\/\/lystes.store\/select\/dreamvirginhair\/product\/vente-flash-lace-wig-bobcut-prete-a-porter\/\",\"name\":\"VENTE FLASH - Lace Wig Bobcut pr\u00eate \u00e0 porter - Dream Virgin Hair\",\"isPartOf\":{\"@id\":\"https:\/\/lystes.store\/select\/dreamvirginhair\/#website\"},\"primaryImageOfPage\":{\"@id\":\"https:\/\/lystes.store\/select\/dreamvirginhair\/product\/vente-flash-lace-wig-bobcut-prete-a-porter\/#primaryimage\"},\"image\":{\"@id\":\"https:\/\/lystes.store\/select\/dreamvirginhair\/product\/vente-flash-lace-wig-bobcut-prete-a-porter\/#primaryimage\"},\"thumbnailUrl\":\"https:\/\/i0.wp.com\/lystes.store\/select\/dreamvirginhair\/wp-content\/uploads\/sites\/14\/2025\/08\/4D5B68FE-4F02-4A6A-A035-38DFE257FA14-1.png?fit=%2C&ssl=1\",\"datePublished\":\"2025-03-20T21:23:52+00:00\",\"dateModified\":\"2025-08-03T16:03:10+00:00\",\"breadcrumb\":{\"@id\":\"https:\/\/lystes.store\/select\/dreamvirginhair\/product\/vente-flash-lace-wig-bobcut-prete-a-porter\/#breadcrumb\"},\"inLanguage\":\"en-US\",\"potentialAction\":[{\"@type\":\"ReadAction\",\"target\":[\"https:\/\/lystes.store\/select\/dreamvirginhair\/product\/vente-flash-lace-wig-bobcut-prete-a-porter\/\"]}]},{\"@type\":\"ImageObject\",\"inLanguage\":\"en-US\",\"@id\":\"https:\/\/lystes.store\/select\/dreamvirginhair\/product\/vente-flash-lace-wig-bobcut-prete-a-porter\/#primaryimage\",\"url\":\"https:\/\/i0.wp.com\/lystes.store\/select\/dreamvirginhair\/wp-content\/uploads\/sites\/14\/2025\/08\/4D5B68FE-4F02-4A6A-A035-38DFE257FA14-1.png?fit=%2C&ssl=1\",\"contentUrl\":\"https:\/\/i0.wp.com\/lystes.store\/select\/dreamvirginhair\/wp-content\/uploads\/sites\/14\/2025\/08\/4D5B68FE-4F02-4A6A-A035-38DFE257FA14-1.png?fit=%2C&ssl=1\"},{\"@type\":\"BreadcrumbList\",\"@id\":\"https:\/\/lystes.store\/select\/dreamvirginhair\/product\/vente-flash-lace-wig-bobcut-prete-a-porter\/#breadcrumb\",\"itemListElement\":[{\"@type\":\"ListItem\",\"position\":1,\"name\":\"Accueil\",\"item\":\"https:\/\/lystes.store\/select\/dreamvirginhair\/\"},{\"@type\":\"ListItem\",\"position\":2,\"name\":\"Boutique\",\"item\":\"https:\/\/lystes.store\/select\/dreamvirginhair\/boutique\/\"},{\"@type\":\"ListItem\",\"position\":3,\"name\":\"VENTE FLASH &#8211; Lace Wig Bobcut pr\u00eate \u00e0 porter\"}]},{\"@type\":\"WebSite\",\"@id\":\"https:\/\/lystes.store\/select\/dreamvirginhair\/#website\",\"url\":\"https:\/\/lystes.store\/select\/dreamvirginhair\/\",\"name\":\"Dream Virgin Hair\",\"description\":\"L&#039;excellence sinon rien\",\"potentialAction\":[{\"@type\":\"SearchAction\",\"target\":{\"@type\":\"EntryPoint\",\"urlTemplate\":\"https:\/\/lystes.store\/select\/dreamvirginhair\/?s={search_term_string}\"},\"query-input\":{\"@type\":\"PropertyValueSpecification\",\"valueRequired\":true,\"valueName\":\"search_term_string\"}}],\"inLanguage\":\"en-US\"}]}<\/script>\n<!-- \/ Yoast SEO plugin. -->","yoast_head_json":{"title":"VENTE FLASH - Lace Wig Bobcut pr\u00eate \u00e0 porter - Dream Virgin Hair","robots":{"index":"index","follow":"follow","max-snippet":"max-snippet:-1","max-image-preview":"max-image-preview:large","max-video-preview":"max-video-preview:-1"},"canonical":"https:\/\/lystes.store\/select\/dreamvirginhair\/product\/vente-flash-lace-wig-bobcut-prete-a-porter\/","og_locale":"en_US","og_type":"article","og_title":"VENTE FLASH - Lace Wig Bobcut pr\u00eate \u00e0 porter - Dream Virgin Hair","og_description":"IMPORTANT : le mod\u00e8le pr\u00e9sent\u00e9 en photo est le mod\u00e8le LACE FRONTAL pas CLOSURE LARGE.","og_url":"https:\/\/lystes.store\/select\/dreamvirginhair\/product\/vente-flash-lace-wig-bobcut-prete-a-porter\/","og_site_name":"Dream Virgin Hair","article_modified_time":"2025-08-03T16:03:10+00:00","twitter_card":"summary_large_image","schema":{"@context":"https:\/\/schema.org","@graph":[{"@type":"WebPage","@id":"https:\/\/lystes.store\/select\/dreamvirginhair\/product\/vente-flash-lace-wig-bobcut-prete-a-porter\/","url":"https:\/\/lystes.store\/select\/dreamvirginhair\/product\/vente-flash-lace-wig-bobcut-prete-a-porter\/","name":"VENTE FLASH - Lace Wig Bobcut pr\u00eate \u00e0 porter - Dream Virgin Hair","isPartOf":{"@id":"https:\/\/lystes.store\/select\/dreamvirginhair\/#website"},"primaryImageOfPage":{"@id":"https:\/\/lystes.store\/select\/dreamvirginhair\/product\/vente-flash-lace-wig-bobcut-prete-a-porter\/#primaryimage"},"image":{"@id":"https:\/\/lystes.store\/select\/dreamvirginhair\/product\/vente-flash-lace-wig-bobcut-prete-a-porter\/#primaryimage"},"thumbnailUrl":"https:\/\/i0.wp.com\/lystes.store\/select\/dreamvirginhair\/wp-content\/uploads\/sites\/14\/2025\/08\/4D5B68FE-4F02-4A6A-A035-38DFE257FA14-1.png?fit=%2C&ssl=1","datePublished":"2025-03-20T21:23:52+00:00","dateModified":"2025-08-03T16:03:10+00:00","breadcrumb":{"@id":"https:\/\/lystes.store\/select\/dreamvirginhair\/product\/vente-flash-lace-wig-bobcut-prete-a-porter\/#breadcrumb"},"inLanguage":"en-US","potentialAction":[{"@type":"ReadAction","target":["https:\/\/lystes.store\/select\/dreamvirginhair\/product\/vente-flash-lace-wig-bobcut-prete-a-porter\/"]}]},{"@type":"ImageObject","inLanguage":"en-US","@id":"https:\/\/lystes.store\/select\/dreamvirginhair\/product\/vente-flash-lace-wig-bobcut-prete-a-porter\/#primaryimage","url":"https:\/\/i0.wp.com\/lystes.store\/select\/dreamvirginhair\/wp-content\/uploads\/sites\/14\/2025\/08\/4D5B68FE-4F02-4A6A-A035-38DFE257FA14-1.png?fit=%2C&ssl=1","contentUrl":"https:\/\/i0.wp.com\/lystes.store\/select\/dreamvirginhair\/wp-content\/uploads\/sites\/14\/2025\/08\/4D5B68FE-4F02-4A6A-A035-38DFE257FA14-1.png?fit=%2C&ssl=1"},{"@type":"BreadcrumbList","@id":"https:\/\/lystes.store\/select\/dreamvirginhair\/product\/vente-flash-lace-wig-bobcut-prete-a-porter\/#breadcrumb","itemListElement":[{"@type":"ListItem","position":1,"name":"Accueil","item":"https:\/\/lystes.store\/select\/dreamvirginhair\/"},{"@type":"ListItem","position":2,"name":"Boutique","item":"https:\/\/lystes.store\/select\/dreamvirginhair\/boutique\/"},{"@type":"ListItem","position":3,"name":"VENTE FLASH &#8211; Lace Wig Bobcut pr\u00eate \u00e0 porter"}]},{"@type":"WebSite","@id":"https:\/\/lystes.store\/select\/dreamvirginhair\/#website","url":"https:\/\/lystes.store\/select\/dreamvirginhair\/","name":"Dream Virgin Hair","description":"L&#039;excellence sinon rien","potentialAction":[{"@type":"SearchAction","target":{"@type":"EntryPoint","urlTemplate":"https:\/\/lystes.store\/select\/dreamvirginhair\/?s={search_term_string}"},"query-input":{"@type":"PropertyValueSpecification","valueRequired":true,"valueName":"search_term_string"}}],"inLanguage":"en-US"}]}},"_links":{"self":[{"href":"https:\/\/lystes.store\/select\/dreamvirginhair\/wp-json\/wp\/v2\/product\/90720","targetHints":{"allow":["GET"]}}],"collection":[{"href":"https:\/\/lystes.store\/select\/dreamvirginhair\/wp-json\/wp\/v2\/product"}],"about":[{"href":"https:\/\/lystes.store\/select\/dreamvirginhair\/wp-json\/wp\/v2\/types\/product"}],"replies":[{"embeddable":true,"href":"https:\/\/lystes.store\/select\/dreamvirginhair\/wp-json\/wp\/v2\/comments?post=90720"}],"wp:featuredmedia":[{"embeddable":true,"href":"https:\/\/lystes.store\/select\/dreamvirginhair\/wp-json\/wp\/v2\/media\/143025"}],"wp:attachment":[{"href":"https:\/\/lystes.store\/select\/dreamvirginhair\/wp-json\/wp\/v2\/media?parent=90720"}],"wp:term":[{"taxonomy":"product_brand","embeddable":true,"href":"https:\/\/lystes.store\/select\/dreamvirginhair\/wp-json\/wp\/v2\/product_brand?post=90720"},{"taxonomy":"product_cat","embeddable":true,"href":"https:\/\/lystes.store\/select\/dreamvirginhair\/wp-json\/wp\/v2\/product_cat?post=90720"},{"taxonomy":"product_tag","embeddable":true,"href":"https:\/\/lystes.store\/select\/dreamvirginhair\/wp-json\/wp\/v2\/product_tag?post=90720"}],"curies":[{"name":"wp","href":"https:\/\/api.w.org\/{rel}","templated":true}]}}