{"id":90527,"date":"2025-03-20T22:22:04","date_gmt":"2025-03-20T21:22:04","guid":{"rendered":"https:\/\/lystes.store\/select\/dreamvirginhair\/?post_type=product&#038;p=90527"},"modified":"2025-08-03T18:01:31","modified_gmt":"2025-08-03T16:01:31","slug":"glueless-wig-hd-tentation","status":"publish","type":"product","link":"https:\/\/lystes.store\/select\/dreamvirginhair\/product\/glueless-wig-hd-tentation\/","title":{"rendered":"Glueless Wig HD &#8211; Tentation"},"content":{"rendered":"<p>Coloration noire<br \/>\nTaille de bonnet standard<br \/>\nUne coupe avec layers et r\u00e9alis\u00e9e pour la mise en forme de la perruque <\/p>\n<blockquote class=\"instagram-media\" style=\"background: #FFF; border: 0; border-radius: 3px; box-shadow: 0 0 1px 0 rgba(0,0,0,0.5),0 1px 10px 0 rgba(0,0,0,0.15); margin: 1px; max-width: 540px; min-width: 326px; padding: 0; width: calc(100% - 2px);\" data-instgrm-permalink=\"https:\/\/www.instagram.com\/reel\/CvzR6jkoqq-\/?utm_source=ig_embed&amp;utm_campaign=loading\" data-instgrm-version=\"14\">\n<div style=\"padding: 16px;\">\n<p>&nbsp;<\/p>\n<div style=\"display: flex; flex-direction: row; align-items: center;\">\n<div style=\"background-color: #f4f4f4; border-radius: 50%; flex-grow: 0; height: 40px; margin-right: 14px; width: 40px;\"><\/div>\n<div style=\"display: flex; flex-direction: column; flex-grow: 1; justify-content: center;\">\n<div style=\"background-color: #f4f4f4; border-radius: 4px; flex-grow: 0; height: 14px; margin-bottom: 6px; width: 100px;\"><\/div>\n<div style=\"background-color: #f4f4f4; border-radius: 4px; flex-grow: 0; height: 14px; width: 60px;\"><\/div>\n<\/div>\n<\/div>\n<div style=\"padding: 19% 0;\"><\/div>\n<div style=\"display: block; height: 50px; margin: 0 auto 12px; width: 50px;\"><\/div>\n<div style=\"padding-top: 8px;\">\n<div style=\"color: #3897f0; font-family: Arial,sans-serif; font-size: 14px; font-style: normal; font-weight: 550; line-height: 18px;\">Voir cette publication sur Instagram<\/div>\n<\/div>\n<div style=\"padding: 12.5% 0;\"><\/div>\n<div style=\"display: flex; flex-direction: row; margin-bottom: 14px; align-items: center;\">\n<div>\n<div style=\"background-color: #f4f4f4; border-radius: 50%; height: 12.5px; width: 12.5px; transform: translateX(0px) translateY(7px);\"><\/div>\n<div style=\"background-color: #f4f4f4; height: 12.5px; transform: rotate(-45deg) translateX(3px) translateY(1px); width: 12.5px; flex-grow: 0; margin-right: 14px; margin-left: 2px;\"><\/div>\n<div style=\"background-color: #f4f4f4; border-radius: 50%; height: 12.5px; width: 12.5px; transform: translateX(9px) translateY(-18px);\"><\/div>\n<\/div>\n<div style=\"margin-left: 8px;\">\n<div style=\"background-color: #f4f4f4; border-radius: 50%; flex-grow: 0; height: 20px; width: 20px;\"><\/div>\n<div style=\"width: 0; height: 0; border-top: 2px solid transparent; border-left: 6px solid #f4f4f4; border-bottom: 2px solid transparent; transform: translateX(16px) translateY(-4px) rotate(30deg);\"><\/div>\n<\/div>\n<div style=\"margin-left: auto;\">\n<div style=\"width: 0px; border-top: 8px solid #F4F4F4; border-right: 8px solid transparent; transform: translateY(16px);\"><\/div>\n<div style=\"background-color: #f4f4f4; flex-grow: 0; height: 12px; width: 16px; transform: translateY(-4px);\"><\/div>\n<div style=\"width: 0; height: 0; border-top: 8px solid #F4F4F4; border-left: 8px solid transparent; transform: translateY(-4px) translateX(8px);\"><\/div>\n<\/div>\n<\/div>\n<div style=\"display: flex; flex-direction: column; flex-grow: 1; justify-content: center; margin-bottom: 24px;\">\n<div style=\"background-color: #f4f4f4; border-radius: 4px; flex-grow: 0; height: 14px; margin-bottom: 6px; width: 224px;\"><\/div>\n<div style=\"background-color: #f4f4f4; border-radius: 4px; flex-grow: 0; height: 14px; width: 144px;\"><\/div>\n<\/div>\n<p>&nbsp;<\/p>\n<p style=\"color: #c9c8cd; font-family: Arial,sans-serif; font-size: 14px; line-height: 17px; margin-bottom: 0; margin-top: 8px; overflow: hidden; padding: 8px 0 7px; text-align: center; text-overflow: ellipsis; white-space: nowrap;\"><a style=\"color: #c9c8cd; font-family: Arial,sans-serif; font-size: 14px; font-style: normal; font-weight: normal; line-height: 17px; text-decoration: none;\" href=\"https:\/\/www.instagram.com\/reel\/CvzR6jkoqq-\/?utm_source=ig_embed&amp;utm_campaign=loading\" target=\"_blank\" rel=\"noopener\">Une publication partag\u00e9e par DREAM VIRGIN HAIR  (@amandineluxioushair)<\/a><\/p>\n<\/div>\n<\/blockquote>\n<p><script async src=\"\/\/www.instagram.com\/embed.js\"><\/script><\/p>\n<h3>Entretien:<\/h3>\n<p>Shampoing (sans frotter) 1 \u00e0 2 fois par semaine \u00e0 l&#8217;eau ti\u00e8de.<br \/>\nAppliquer ensuite un apr\u00e8s-shampoing, un soin, ou masque capillaire \u00e0 laisser poser.<br \/>\nRincez puis enlever l&#8217;exc\u00e8s d&#8217;eau en tamponnant avec une serviette.<br \/>\nVous pouvez par la suite s\u00e9cher au s\u00e8che cheveu ou laisser s\u00e9cher \u00e0 l&#8217;air libre.<\/p>\n<h3>\u00c0 propos de Dream Virgin Hair:<\/h3>\n<p>Leader de la vente de m\u00e8ches (pour tissages) et perruques 100% human hair en France, Dream Virgin Hair est la r\u00e9f\u00e9rence pour des cheveux de qualit\u00e9 au meilleur prix. En plus de notre site internet vous pouvez \u00e9galement retrouver notre \u00e9quipe et nos produits au sein de notre salon de coiffure Keliyah Beaut\u00e9 situ\u00e9 au <strong>7 rue Ren\u00e9 Boulanger 75010 Paris<\/strong>, nous vous y accueillons avec et sans rendez-vous du mardi au samedi (vente, confection sur-mesure et prestations coiffure).<\/p>\n<h3>\u00c0 propos de notre site internet:<\/h3>\n<p>Site Fran\u00e7ais.<br \/>\nPaiements 100% s\u00e9curis\u00e9s.<br \/>\nToutes les commandes sont exp\u00e9di\u00e9es depuis la France (Paris).<br \/>\nD\u00e9lais de livraison (pour la France m\u00e9tropolitaine) : 24\/48h pour la livraison express, 2 \u00e0 5 jours pour une livraison Colissimo et 5-8 jours ouvrables pour une livraison point relais.<br \/>\n<strong>Suivi de commande:<\/strong><br \/>\nToutes les commandes disposent d&#8217;un num\u00e9ro de suivi qui vous sera automatiquement communiqu\u00e9 par e-mail d\u00e8s la commande exp\u00e9di\u00e9e.<br \/>\n<strong>Notre service client reste \u00e0 votre disposition<\/strong>. Pour toute question vous pouvez nous contacter via les r\u00e9seaux sociaux <a href=\"https:\/\/www.facebook.com\/dvhparis\/\" target=\"_blank\" rel=\"noopener noreferrer\">Facebook<\/a> et <a href=\"https:\/\/www.instagram.com\/amandineluxioushair\/\" target=\"_blank\" rel=\"noopener noreferrer\">Instagram<\/a> @amandineluxioushair.<\/p>\n<p><em>Remarque : la coloration \u00e9tant r\u00e9alis\u00e9e \u00e0 la commande sur cet article, un d\u00e9lai est n\u00e9cessaire avant exp\u00e9dition, plus d\u2019infos sur la page livraison. Il n&#8217;est pas possible de retourner cet article. <\/em><\/p>\n","protected":false},"excerpt":{"rendered":"<p>Coloration noire Taille de bonnet standard Une coupe avec layers et r\u00e9alis\u00e9e pour la mise en forme de la perruque &nbsp; Voir cette publication sur Instagram &nbsp; Une publication partag\u00e9e par DREAM VIRGIN HAIR (@amandineluxioushair) Entretien: Shampoing (sans frotter) 1 \u00e0 2 fois par semaine \u00e0 l&#8217;eau ti\u00e8de. Appliquer ensuite [&hellip;]<\/p>\n","protected":false},"featured_media":142972,"comment_status":"closed","ping_status":"closed","template":"","meta":[],"product_brand":[],"product_cat":[1073,1100,1156,1074,1144,1219,1218,1108,1148,1159,1125,1134,1160,1177],"product_tag":[1277,1278],"class_list":{"0":"post-90527","1":"product","2":"type-product","3":"status-publish","4":"has-post-thumbnail","6":"product_cat-all","7":"product_cat-best-seller","8":"product_cat-glueless-wig","9":"product_cat-home","10":"product_cat-lace-wig","11":"product_cat-lauryn20","12":"product_cat-nouveautes","13":"product_cat-perruques","14":"product_cat-perruques-colorees","15":"product_cat-perruques-lace-hd","16":"product_cat-perruques-lisses","17":"product_cat-perruques-ondulees","18":"product_cat-perruques-prix-mini","19":"product_cat-prix-mini","20":"product_tag-glueless-wig","21":"product_tag-perruque-sans-colle","23":"first","24":"instock","25":"taxable","26":"shipping-taxable","27":"purchasable","28":"product-type-variable"},"acf":[],"yoast_head":"<!-- This site is optimized with the Yoast SEO plugin v25.3.1 - https:\/\/yoast.com\/wordpress\/plugins\/seo\/ -->\n<title>Glueless Wig HD - Tentation - Dream Virgin Hair<\/title>\n<meta name=\"robots\" content=\"index, follow, max-snippet:-1, max-image-preview:large, max-video-preview:-1\" \/>\n<link rel=\"canonical\" href=\"https:\/\/lystes.store\/select\/dreamvirginhair\/product\/glueless-wig-hd-tentation\/\" \/>\n<meta property=\"og:locale\" content=\"en_US\" \/>\n<meta property=\"og:type\" content=\"article\" \/>\n<meta property=\"og:title\" content=\"Glueless Wig HD - Tentation - Dream Virgin Hair\" \/>\n<meta property=\"og:description\" content=\"Coloration noire Taille de bonnet standard Une coupe avec layers et r\u00e9alis\u00e9e pour la mise en forme de la perruque &nbsp; Voir cette publication sur Instagram &nbsp; Une publication partag\u00e9e par DREAM VIRGIN HAIR (@amandineluxioushair) Entretien: Shampoing (sans frotter) 1 \u00e0 2 fois par semaine \u00e0 l&#8217;eau ti\u00e8de. Appliquer ensuite [&hellip;]\" \/>\n<meta property=\"og:url\" content=\"https:\/\/lystes.store\/select\/dreamvirginhair\/product\/glueless-wig-hd-tentation\/\" \/>\n<meta property=\"og:site_name\" content=\"Dream Virgin Hair\" \/>\n<meta property=\"article:modified_time\" content=\"2025-08-03T16:01:31+00:00\" \/>\n<meta name=\"twitter:card\" content=\"summary_large_image\" \/>\n<meta name=\"twitter:label1\" content=\"Est. reading time\" \/>\n\t<meta name=\"twitter:data1\" content=\"2 minutes\" \/>\n<script type=\"application\/ld+json\" class=\"yoast-schema-graph\">{\"@context\":\"https:\/\/schema.org\",\"@graph\":[{\"@type\":\"WebPage\",\"@id\":\"https:\/\/lystes.store\/select\/dreamvirginhair\/product\/glueless-wig-hd-tentation\/\",\"url\":\"https:\/\/lystes.store\/select\/dreamvirginhair\/product\/glueless-wig-hd-tentation\/\",\"name\":\"Glueless Wig HD - Tentation - Dream Virgin Hair\",\"isPartOf\":{\"@id\":\"https:\/\/lystes.store\/select\/dreamvirginhair\/#website\"},\"primaryImageOfPage\":{\"@id\":\"https:\/\/lystes.store\/select\/dreamvirginhair\/product\/glueless-wig-hd-tentation\/#primaryimage\"},\"image\":{\"@id\":\"https:\/\/lystes.store\/select\/dreamvirginhair\/product\/glueless-wig-hd-tentation\/#primaryimage\"},\"thumbnailUrl\":\"https:\/\/i0.wp.com\/lystes.store\/select\/dreamvirginhair\/wp-content\/uploads\/sites\/14\/2025\/08\/BFC307BC-F93E-4A7B-82DD-904B85C756CC-1.png?fit=%2C&ssl=1\",\"datePublished\":\"2025-03-20T21:22:04+00:00\",\"dateModified\":\"2025-08-03T16:01:31+00:00\",\"breadcrumb\":{\"@id\":\"https:\/\/lystes.store\/select\/dreamvirginhair\/product\/glueless-wig-hd-tentation\/#breadcrumb\"},\"inLanguage\":\"en-US\",\"potentialAction\":[{\"@type\":\"ReadAction\",\"target\":[\"https:\/\/lystes.store\/select\/dreamvirginhair\/product\/glueless-wig-hd-tentation\/\"]}]},{\"@type\":\"ImageObject\",\"inLanguage\":\"en-US\",\"@id\":\"https:\/\/lystes.store\/select\/dreamvirginhair\/product\/glueless-wig-hd-tentation\/#primaryimage\",\"url\":\"https:\/\/i0.wp.com\/lystes.store\/select\/dreamvirginhair\/wp-content\/uploads\/sites\/14\/2025\/08\/BFC307BC-F93E-4A7B-82DD-904B85C756CC-1.png?fit=%2C&ssl=1\",\"contentUrl\":\"https:\/\/i0.wp.com\/lystes.store\/select\/dreamvirginhair\/wp-content\/uploads\/sites\/14\/2025\/08\/BFC307BC-F93E-4A7B-82DD-904B85C756CC-1.png?fit=%2C&ssl=1\"},{\"@type\":\"BreadcrumbList\",\"@id\":\"https:\/\/lystes.store\/select\/dreamvirginhair\/product\/glueless-wig-hd-tentation\/#breadcrumb\",\"itemListElement\":[{\"@type\":\"ListItem\",\"position\":1,\"name\":\"Accueil\",\"item\":\"https:\/\/lystes.store\/select\/dreamvirginhair\/\"},{\"@type\":\"ListItem\",\"position\":2,\"name\":\"Boutique\",\"item\":\"https:\/\/lystes.store\/select\/dreamvirginhair\/boutique\/\"},{\"@type\":\"ListItem\",\"position\":3,\"name\":\"Glueless Wig HD &#8211; Tentation\"}]},{\"@type\":\"WebSite\",\"@id\":\"https:\/\/lystes.store\/select\/dreamvirginhair\/#website\",\"url\":\"https:\/\/lystes.store\/select\/dreamvirginhair\/\",\"name\":\"Dream Virgin Hair\",\"description\":\"L&#039;excellence sinon rien\",\"potentialAction\":[{\"@type\":\"SearchAction\",\"target\":{\"@type\":\"EntryPoint\",\"urlTemplate\":\"https:\/\/lystes.store\/select\/dreamvirginhair\/?s={search_term_string}\"},\"query-input\":{\"@type\":\"PropertyValueSpecification\",\"valueRequired\":true,\"valueName\":\"search_term_string\"}}],\"inLanguage\":\"en-US\"}]}<\/script>\n<!-- \/ Yoast SEO plugin. -->","yoast_head_json":{"title":"Glueless Wig HD - Tentation - Dream Virgin Hair","robots":{"index":"index","follow":"follow","max-snippet":"max-snippet:-1","max-image-preview":"max-image-preview:large","max-video-preview":"max-video-preview:-1"},"canonical":"https:\/\/lystes.store\/select\/dreamvirginhair\/product\/glueless-wig-hd-tentation\/","og_locale":"en_US","og_type":"article","og_title":"Glueless Wig HD - Tentation - Dream Virgin Hair","og_description":"Coloration noire Taille de bonnet standard Une coupe avec layers et r\u00e9alis\u00e9e pour la mise en forme de la perruque &nbsp; Voir cette publication sur Instagram &nbsp; Une publication partag\u00e9e par DREAM VIRGIN HAIR (@amandineluxioushair) Entretien: Shampoing (sans frotter) 1 \u00e0 2 fois par semaine \u00e0 l&#8217;eau ti\u00e8de. Appliquer ensuite [&hellip;]","og_url":"https:\/\/lystes.store\/select\/dreamvirginhair\/product\/glueless-wig-hd-tentation\/","og_site_name":"Dream Virgin Hair","article_modified_time":"2025-08-03T16:01:31+00:00","twitter_card":"summary_large_image","twitter_misc":{"Est. reading time":"2 minutes"},"schema":{"@context":"https:\/\/schema.org","@graph":[{"@type":"WebPage","@id":"https:\/\/lystes.store\/select\/dreamvirginhair\/product\/glueless-wig-hd-tentation\/","url":"https:\/\/lystes.store\/select\/dreamvirginhair\/product\/glueless-wig-hd-tentation\/","name":"Glueless Wig HD - Tentation - Dream Virgin Hair","isPartOf":{"@id":"https:\/\/lystes.store\/select\/dreamvirginhair\/#website"},"primaryImageOfPage":{"@id":"https:\/\/lystes.store\/select\/dreamvirginhair\/product\/glueless-wig-hd-tentation\/#primaryimage"},"image":{"@id":"https:\/\/lystes.store\/select\/dreamvirginhair\/product\/glueless-wig-hd-tentation\/#primaryimage"},"thumbnailUrl":"https:\/\/i0.wp.com\/lystes.store\/select\/dreamvirginhair\/wp-content\/uploads\/sites\/14\/2025\/08\/BFC307BC-F93E-4A7B-82DD-904B85C756CC-1.png?fit=%2C&ssl=1","datePublished":"2025-03-20T21:22:04+00:00","dateModified":"2025-08-03T16:01:31+00:00","breadcrumb":{"@id":"https:\/\/lystes.store\/select\/dreamvirginhair\/product\/glueless-wig-hd-tentation\/#breadcrumb"},"inLanguage":"en-US","potentialAction":[{"@type":"ReadAction","target":["https:\/\/lystes.store\/select\/dreamvirginhair\/product\/glueless-wig-hd-tentation\/"]}]},{"@type":"ImageObject","inLanguage":"en-US","@id":"https:\/\/lystes.store\/select\/dreamvirginhair\/product\/glueless-wig-hd-tentation\/#primaryimage","url":"https:\/\/i0.wp.com\/lystes.store\/select\/dreamvirginhair\/wp-content\/uploads\/sites\/14\/2025\/08\/BFC307BC-F93E-4A7B-82DD-904B85C756CC-1.png?fit=%2C&ssl=1","contentUrl":"https:\/\/i0.wp.com\/lystes.store\/select\/dreamvirginhair\/wp-content\/uploads\/sites\/14\/2025\/08\/BFC307BC-F93E-4A7B-82DD-904B85C756CC-1.png?fit=%2C&ssl=1"},{"@type":"BreadcrumbList","@id":"https:\/\/lystes.store\/select\/dreamvirginhair\/product\/glueless-wig-hd-tentation\/#breadcrumb","itemListElement":[{"@type":"ListItem","position":1,"name":"Accueil","item":"https:\/\/lystes.store\/select\/dreamvirginhair\/"},{"@type":"ListItem","position":2,"name":"Boutique","item":"https:\/\/lystes.store\/select\/dreamvirginhair\/boutique\/"},{"@type":"ListItem","position":3,"name":"Glueless Wig HD &#8211; Tentation"}]},{"@type":"WebSite","@id":"https:\/\/lystes.store\/select\/dreamvirginhair\/#website","url":"https:\/\/lystes.store\/select\/dreamvirginhair\/","name":"Dream Virgin Hair","description":"L&#039;excellence sinon rien","potentialAction":[{"@type":"SearchAction","target":{"@type":"EntryPoint","urlTemplate":"https:\/\/lystes.store\/select\/dreamvirginhair\/?s={search_term_string}"},"query-input":{"@type":"PropertyValueSpecification","valueRequired":true,"valueName":"search_term_string"}}],"inLanguage":"en-US"}]}},"_links":{"self":[{"href":"https:\/\/lystes.store\/select\/dreamvirginhair\/wp-json\/wp\/v2\/product\/90527","targetHints":{"allow":["GET"]}}],"collection":[{"href":"https:\/\/lystes.store\/select\/dreamvirginhair\/wp-json\/wp\/v2\/product"}],"about":[{"href":"https:\/\/lystes.store\/select\/dreamvirginhair\/wp-json\/wp\/v2\/types\/product"}],"replies":[{"embeddable":true,"href":"https:\/\/lystes.store\/select\/dreamvirginhair\/wp-json\/wp\/v2\/comments?post=90527"}],"wp:featuredmedia":[{"embeddable":true,"href":"https:\/\/lystes.store\/select\/dreamvirginhair\/wp-json\/wp\/v2\/media\/142972"}],"wp:attachment":[{"href":"https:\/\/lystes.store\/select\/dreamvirginhair\/wp-json\/wp\/v2\/media?parent=90527"}],"wp:term":[{"taxonomy":"product_brand","embeddable":true,"href":"https:\/\/lystes.store\/select\/dreamvirginhair\/wp-json\/wp\/v2\/product_brand?post=90527"},{"taxonomy":"product_cat","embeddable":true,"href":"https:\/\/lystes.store\/select\/dreamvirginhair\/wp-json\/wp\/v2\/product_cat?post=90527"},{"taxonomy":"product_tag","embeddable":true,"href":"https:\/\/lystes.store\/select\/dreamvirginhair\/wp-json\/wp\/v2\/product_tag?post=90527"}],"curies":[{"name":"wp","href":"https:\/\/api.w.org\/{rel}","templated":true}]}}