{"id":90484,"date":"2025-03-20T22:21:46","date_gmt":"2025-03-20T21:21:46","guid":{"rendered":"https:\/\/lystes.store\/select\/dreamvirginhair\/?post_type=product&#038;p=90484"},"modified":"2025-08-03T18:00:59","modified_gmt":"2025-08-03T16:00:59","slug":"hd-wig-136-florence","status":"publish","type":"product","link":"https:\/\/lystes.store\/select\/dreamvirginhair\/product\/hd-wig-136-florence\/","title":{"rendered":"HD Wig 13*6 &#8211; Florence"},"content":{"rendered":"<p>Type de m\u00e8ches : malaisienne <\/p>\n<h3>Entretien:<\/h3>\n<p>Shampoing (sans frotter) 1 \u00e0 2 fois par semaine \u00e0 l&#8217;eau ti\u00e8de.<br \/>\nAppliquer ensuite un apr\u00e8s-shampoing, un soin, ou masque capillaire \u00e0 laisser poser.<br \/>\nRincez puis enlever l&#8217;exc\u00e8s d&#8217;eau en tamponnant avec une serviette.<br \/>\nVous pouvez par la suite s\u00e9cher au s\u00e8che cheveu ou laisser s\u00e9cher \u00e0 l&#8217;air libre.<\/p>\n<h3>\u00c0 propos de Dream Virgin Hair:<\/h3>\n<p>Leader de la vente de m\u00e8ches (pour tissages) et perruques 100% human hair en France, Dream Virgin Hair est la r\u00e9f\u00e9rence pour des cheveux de qualit\u00e9 au meilleur prix. En plus de notre site internet vous pouvez \u00e9galement retrouver notre \u00e9quipe et nos produits au sein de notre salon de coiffure Keliyah Beaut\u00e9 situ\u00e9 au <strong>7 rue Ren\u00e9 Boulanger 75010 Paris<\/strong>, nous vous y accueillons avec et sans rendez-vous du mardi au samedi (vente, confection sur-mesure et prestations coiffure).<\/p>\n<h3>\u00c0 propos de notre site internet:<\/h3>\n<p>Site Fran\u00e7ais.<br \/>\nPaiements 100% s\u00e9curis\u00e9s.<br \/>\nToutes les commandes sont exp\u00e9di\u00e9es depuis la France (Paris).<br \/>\nD\u00e9lais de livraison (pour la France m\u00e9tropolitaine) : 24\/48h pour la livraison express, 2 \u00e0 5 jours pour une livraison Colissimo et 5-8 jours ouvrables pour une livraison point relais.<br \/>\n<strong>Suivi de commande:<\/strong><br \/>\nToutes les commandes disposent d&#8217;un num\u00e9ro de suivi qui vous sera automatiquement communiqu\u00e9 par e-mail d\u00e8s la commande exp\u00e9di\u00e9e.<br \/>\n<strong>Notre service client reste \u00e0 votre disposition<\/strong>. Pour toute question vous pouvez nous contacter via les r\u00e9seaux sociaux <a href=\"https:\/\/www.facebook.com\/dvhparis\/\" target=\"_blank\" rel=\"noopener noreferrer\">Facebook<\/a> et <a href=\"https:\/\/www.instagram.com\/amandineluxioushair\/\" target=\"_blank\" rel=\"noopener noreferrer\">Instagram<\/a> @amandineluxioushair.<\/p>\n<p><em>Remarque : Il n&#8217;est pas possible de retourner cet article. la coloration \u00e9tant r\u00e9alis\u00e9e sur mesure \u00e0 la commande, un d\u00e9lai est n\u00e9cessaire avant exp\u00e9dition. Plus d\u2019infos dans la page livraison. <\/em><\/p>\n","protected":false},"excerpt":{"rendered":"<p>Type de m\u00e8ches : malaisienne <\/p>\n<h3>Entretien:<\/h3>\n<p>Shampoing (sans frotter) 1 \u00e0 2 fois par semaine \u00e0 l&#8217;eau ti\u00e8de.<br \/>\nAppliquer ensuite un apr\u00e8s-shampoing, un soin, ou masque capillaire \u00e0 laisser poser.<br \/>\nRincez puis enlever l&#8217;exc\u00e8s d&#8217;eau en tamponnant avec une serviette.<br \/>\nVous pouvez par la suite s\u00e9cher au s\u00e8che cheveu ou laisser s\u00e9cher \u00e0 l&#8217;air libre.<\/p>\n<h3>\u00c0 propos de Dream Virgin Hair:<\/h3>\n<p>Leader de la vente de m\u00e8ches (pour tissages) et perruques 100% human hair en France, Dream Virgin Hair est la r\u00e9f\u00e9rence pour des cheveux de qualit\u00e9 au meilleur prix. En plus de notre site internet vous pouvez \u00e9galement retrouver notre \u00e9quipe et nos produits au sein de notre salon de coiffure Keliyah Beaut\u00e9 situ\u00e9 au <strong>7 rue Ren\u00e9 Boulanger 75010 Paris<\/strong>, nous vous y accueillons avec et sans rendez-vous du mardi au samedi (vente, confection sur-mesure et prestations coiffure).<\/p>\n<h3>\u00c0 propos de notre site internet:<\/h3>\n<p>Site Fran\u00e7ais.<br \/>\nPaiements 100% s\u00e9curis\u00e9s.<br \/>\nToutes les commandes sont exp\u00e9di\u00e9es depuis la France (Paris).<br \/>\nD\u00e9lais de livraison (pour la France m\u00e9tropolitaine) : 24\/48h pour la livraison express, 2 \u00e0 5 jours pour une livraison Colissimo et 5-8 jours ouvrables pour une livraison point relais.<br \/>\n<strong>Suivi de commande:<\/strong><br \/>\nToutes les commandes disposent d&#8217;un num\u00e9ro de suivi qui vous sera automatiquement communiqu\u00e9 par e-mail d\u00e8s la commande exp\u00e9di\u00e9e.<br \/>\n<strong>Notre service client reste \u00e0 votre disposition<\/strong>. Pour toute question vous pouvez nous contacter via les r\u00e9seaux sociaux <a href=\"https:\/\/www.facebook.com\/dvhparis\/\" target=\"_blank\" rel=\"noopener noreferrer\">Facebook<\/a> et <a href=\"https:\/\/www.instagram.com\/amandineluxioushair\/\" target=\"_blank\" rel=\"noopener noreferrer\">Instagram<\/a> @amandineluxioushair.<\/p>\n<p><em>Remarque : Il n&#8217;est pas possible de retourner cet article. la coloration \u00e9tant r\u00e9alis\u00e9e sur mesure \u00e0 la commande, un d\u00e9lai est n\u00e9cessaire avant exp\u00e9dition. Plus d\u2019infos dans la page livraison. <\/em><\/p>\n","protected":false},"featured_media":142958,"comment_status":"closed","ping_status":"closed","template":"","meta":[],"product_brand":[],"product_cat":[1073,1074,1144,1216,1217,1218,1108,1148,1159,1177],"product_tag":[],"class_list":{"0":"post-90484","1":"product","2":"type-product","3":"status-publish","4":"has-post-thumbnail","6":"product_cat-all","7":"product_cat-home","8":"product_cat-lace-wig","9":"product_cat-neverly","10":"product_cat-neverly20","11":"product_cat-nouveautes","12":"product_cat-perruques","13":"product_cat-perruques-colorees","14":"product_cat-perruques-lace-hd","15":"product_cat-prix-mini","17":"first","18":"instock","19":"taxable","20":"shipping-taxable","21":"purchasable","22":"product-type-simple"},"acf":[],"yoast_head":"<!-- This site is optimized with the Yoast SEO plugin v25.3.1 - https:\/\/yoast.com\/wordpress\/plugins\/seo\/ -->\n<title>HD Wig 13*6 - Florence - Dream Virgin Hair<\/title>\n<meta name=\"robots\" content=\"index, follow, max-snippet:-1, max-image-preview:large, max-video-preview:-1\" \/>\n<link rel=\"canonical\" href=\"https:\/\/lystes.store\/select\/dreamvirginhair\/product\/hd-wig-136-florence\/\" \/>\n<meta property=\"og:locale\" content=\"en_US\" \/>\n<meta property=\"og:type\" content=\"article\" \/>\n<meta property=\"og:title\" content=\"HD Wig 13*6 - Florence - Dream Virgin Hair\" \/>\n<meta property=\"og:description\" content=\"Type de m\u00e8ches : malaisienne   Entretien: Shampoing (sans frotter) 1 \u00e0 2 fois par semaine \u00e0 l&#039;eau ti\u00e8de. Appliquer ensuite un apr\u00e8s-shampoing, un soin, ou masque capillaire \u00e0 laisser poser. Rincez puis enlever l&#039;exc\u00e8s d&#039;eau en tamponnant avec une serviette. Vous pouvez par la suite s\u00e9cher au s\u00e8che cheveu ou laisser s\u00e9cher \u00e0 l&#039;air libre. \u00c0 propos de Dream Virgin Hair: Leader de la vente de m\u00e8ches (pour tissages) et perruques 100% human hair en France, Dream Virgin Hair est la r\u00e9f\u00e9rence pour des cheveux de qualit\u00e9 au meilleur prix. En plus de notre site internet vous pouvez \u00e9galement retrouver notre \u00e9quipe et nos produits au sein de notre salon de coiffure Keliyah Beaut\u00e9 situ\u00e9 au 7 rue Ren\u00e9 Boulanger 75010 Paris, nous vous y accueillons avec et sans rendez-vous du mardi au samedi (vente, confection sur-mesure et prestations coiffure). \u00c0 propos de notre site internet: Site Fran\u00e7ais. Paiements 100% s\u00e9curis\u00e9s. Toutes les commandes sont exp\u00e9di\u00e9es depuis la France (Paris). D\u00e9lais de livraison (pour la France m\u00e9tropolitaine) : 24\/48h pour la livraison express, 2 \u00e0 5 jours pour une livraison Colissimo et 5-8 jours ouvrables pour une livraison point relais. Suivi de commande: Toutes les commandes disposent d&#039;un num\u00e9ro de suivi qui vous sera automatiquement communiqu\u00e9 par e-mail d\u00e8s la commande exp\u00e9di\u00e9e. Notre service client reste \u00e0 votre disposition. Pour toute question vous pouvez nous contacter via les r\u00e9seaux sociaux Facebook et Instagram @amandineluxioushair.  Remarque : Il n&#039;est pas possible de retourner cet article. la coloration \u00e9tant r\u00e9alis\u00e9e sur mesure \u00e0 la commande, un d\u00e9lai est n\u00e9cessaire avant exp\u00e9dition. Plus d\u2019infos dans la page livraison.\" \/>\n<meta property=\"og:url\" content=\"https:\/\/lystes.store\/select\/dreamvirginhair\/product\/hd-wig-136-florence\/\" \/>\n<meta property=\"og:site_name\" content=\"Dream Virgin Hair\" \/>\n<meta property=\"article:modified_time\" content=\"2025-08-03T16:00:59+00:00\" \/>\n<meta name=\"twitter:card\" content=\"summary_large_image\" \/>\n<meta name=\"twitter:label1\" content=\"Est. reading time\" \/>\n\t<meta name=\"twitter:data1\" content=\"1 minute\" \/>\n<script type=\"application\/ld+json\" class=\"yoast-schema-graph\">{\"@context\":\"https:\/\/schema.org\",\"@graph\":[{\"@type\":\"WebPage\",\"@id\":\"https:\/\/lystes.store\/select\/dreamvirginhair\/product\/hd-wig-136-florence\/\",\"url\":\"https:\/\/lystes.store\/select\/dreamvirginhair\/product\/hd-wig-136-florence\/\",\"name\":\"HD Wig 13*6 - Florence - Dream Virgin Hair\",\"isPartOf\":{\"@id\":\"https:\/\/lystes.store\/select\/dreamvirginhair\/#website\"},\"primaryImageOfPage\":{\"@id\":\"https:\/\/lystes.store\/select\/dreamvirginhair\/product\/hd-wig-136-florence\/#primaryimage\"},\"image\":{\"@id\":\"https:\/\/lystes.store\/select\/dreamvirginhair\/product\/hd-wig-136-florence\/#primaryimage\"},\"thumbnailUrl\":\"https:\/\/i0.wp.com\/lystes.store\/select\/dreamvirginhair\/wp-content\/uploads\/sites\/14\/2025\/08\/BF0C0FA3-C332-47F9-AEBE-9D4FFAAA36BC-1.png?fit=%2C&ssl=1\",\"datePublished\":\"2025-03-20T21:21:46+00:00\",\"dateModified\":\"2025-08-03T16:00:59+00:00\",\"breadcrumb\":{\"@id\":\"https:\/\/lystes.store\/select\/dreamvirginhair\/product\/hd-wig-136-florence\/#breadcrumb\"},\"inLanguage\":\"en-US\",\"potentialAction\":[{\"@type\":\"ReadAction\",\"target\":[\"https:\/\/lystes.store\/select\/dreamvirginhair\/product\/hd-wig-136-florence\/\"]}]},{\"@type\":\"ImageObject\",\"inLanguage\":\"en-US\",\"@id\":\"https:\/\/lystes.store\/select\/dreamvirginhair\/product\/hd-wig-136-florence\/#primaryimage\",\"url\":\"https:\/\/i0.wp.com\/lystes.store\/select\/dreamvirginhair\/wp-content\/uploads\/sites\/14\/2025\/08\/BF0C0FA3-C332-47F9-AEBE-9D4FFAAA36BC-1.png?fit=%2C&ssl=1\",\"contentUrl\":\"https:\/\/i0.wp.com\/lystes.store\/select\/dreamvirginhair\/wp-content\/uploads\/sites\/14\/2025\/08\/BF0C0FA3-C332-47F9-AEBE-9D4FFAAA36BC-1.png?fit=%2C&ssl=1\"},{\"@type\":\"BreadcrumbList\",\"@id\":\"https:\/\/lystes.store\/select\/dreamvirginhair\/product\/hd-wig-136-florence\/#breadcrumb\",\"itemListElement\":[{\"@type\":\"ListItem\",\"position\":1,\"name\":\"Accueil\",\"item\":\"https:\/\/lystes.store\/select\/dreamvirginhair\/\"},{\"@type\":\"ListItem\",\"position\":2,\"name\":\"Boutique\",\"item\":\"https:\/\/lystes.store\/select\/dreamvirginhair\/boutique\/\"},{\"@type\":\"ListItem\",\"position\":3,\"name\":\"HD Wig 13*6 &#8211; Florence\"}]},{\"@type\":\"WebSite\",\"@id\":\"https:\/\/lystes.store\/select\/dreamvirginhair\/#website\",\"url\":\"https:\/\/lystes.store\/select\/dreamvirginhair\/\",\"name\":\"Dream Virgin Hair\",\"description\":\"L&#039;excellence sinon rien\",\"potentialAction\":[{\"@type\":\"SearchAction\",\"target\":{\"@type\":\"EntryPoint\",\"urlTemplate\":\"https:\/\/lystes.store\/select\/dreamvirginhair\/?s={search_term_string}\"},\"query-input\":{\"@type\":\"PropertyValueSpecification\",\"valueRequired\":true,\"valueName\":\"search_term_string\"}}],\"inLanguage\":\"en-US\"}]}<\/script>\n<!-- \/ Yoast SEO plugin. -->","yoast_head_json":{"title":"HD Wig 13*6 - Florence - Dream Virgin Hair","robots":{"index":"index","follow":"follow","max-snippet":"max-snippet:-1","max-image-preview":"max-image-preview:large","max-video-preview":"max-video-preview:-1"},"canonical":"https:\/\/lystes.store\/select\/dreamvirginhair\/product\/hd-wig-136-florence\/","og_locale":"en_US","og_type":"article","og_title":"HD Wig 13*6 - Florence - Dream Virgin Hair","og_description":"Type de m\u00e8ches : malaisienne   Entretien: Shampoing (sans frotter) 1 \u00e0 2 fois par semaine \u00e0 l'eau ti\u00e8de. Appliquer ensuite un apr\u00e8s-shampoing, un soin, ou masque capillaire \u00e0 laisser poser. Rincez puis enlever l'exc\u00e8s d'eau en tamponnant avec une serviette. Vous pouvez par la suite s\u00e9cher au s\u00e8che cheveu ou laisser s\u00e9cher \u00e0 l'air libre. \u00c0 propos de Dream Virgin Hair: Leader de la vente de m\u00e8ches (pour tissages) et perruques 100% human hair en France, Dream Virgin Hair est la r\u00e9f\u00e9rence pour des cheveux de qualit\u00e9 au meilleur prix. En plus de notre site internet vous pouvez \u00e9galement retrouver notre \u00e9quipe et nos produits au sein de notre salon de coiffure Keliyah Beaut\u00e9 situ\u00e9 au 7 rue Ren\u00e9 Boulanger 75010 Paris, nous vous y accueillons avec et sans rendez-vous du mardi au samedi (vente, confection sur-mesure et prestations coiffure). \u00c0 propos de notre site internet: Site Fran\u00e7ais. Paiements 100% s\u00e9curis\u00e9s. Toutes les commandes sont exp\u00e9di\u00e9es depuis la France (Paris). D\u00e9lais de livraison (pour la France m\u00e9tropolitaine) : 24\/48h pour la livraison express, 2 \u00e0 5 jours pour une livraison Colissimo et 5-8 jours ouvrables pour une livraison point relais. Suivi de commande: Toutes les commandes disposent d'un num\u00e9ro de suivi qui vous sera automatiquement communiqu\u00e9 par e-mail d\u00e8s la commande exp\u00e9di\u00e9e. Notre service client reste \u00e0 votre disposition. Pour toute question vous pouvez nous contacter via les r\u00e9seaux sociaux Facebook et Instagram @amandineluxioushair.  Remarque : Il n'est pas possible de retourner cet article. la coloration \u00e9tant r\u00e9alis\u00e9e sur mesure \u00e0 la commande, un d\u00e9lai est n\u00e9cessaire avant exp\u00e9dition. Plus d\u2019infos dans la page livraison.","og_url":"https:\/\/lystes.store\/select\/dreamvirginhair\/product\/hd-wig-136-florence\/","og_site_name":"Dream Virgin Hair","article_modified_time":"2025-08-03T16:00:59+00:00","twitter_card":"summary_large_image","twitter_misc":{"Est. reading time":"1 minute"},"schema":{"@context":"https:\/\/schema.org","@graph":[{"@type":"WebPage","@id":"https:\/\/lystes.store\/select\/dreamvirginhair\/product\/hd-wig-136-florence\/","url":"https:\/\/lystes.store\/select\/dreamvirginhair\/product\/hd-wig-136-florence\/","name":"HD Wig 13*6 - Florence - Dream Virgin Hair","isPartOf":{"@id":"https:\/\/lystes.store\/select\/dreamvirginhair\/#website"},"primaryImageOfPage":{"@id":"https:\/\/lystes.store\/select\/dreamvirginhair\/product\/hd-wig-136-florence\/#primaryimage"},"image":{"@id":"https:\/\/lystes.store\/select\/dreamvirginhair\/product\/hd-wig-136-florence\/#primaryimage"},"thumbnailUrl":"https:\/\/i0.wp.com\/lystes.store\/select\/dreamvirginhair\/wp-content\/uploads\/sites\/14\/2025\/08\/BF0C0FA3-C332-47F9-AEBE-9D4FFAAA36BC-1.png?fit=%2C&ssl=1","datePublished":"2025-03-20T21:21:46+00:00","dateModified":"2025-08-03T16:00:59+00:00","breadcrumb":{"@id":"https:\/\/lystes.store\/select\/dreamvirginhair\/product\/hd-wig-136-florence\/#breadcrumb"},"inLanguage":"en-US","potentialAction":[{"@type":"ReadAction","target":["https:\/\/lystes.store\/select\/dreamvirginhair\/product\/hd-wig-136-florence\/"]}]},{"@type":"ImageObject","inLanguage":"en-US","@id":"https:\/\/lystes.store\/select\/dreamvirginhair\/product\/hd-wig-136-florence\/#primaryimage","url":"https:\/\/i0.wp.com\/lystes.store\/select\/dreamvirginhair\/wp-content\/uploads\/sites\/14\/2025\/08\/BF0C0FA3-C332-47F9-AEBE-9D4FFAAA36BC-1.png?fit=%2C&ssl=1","contentUrl":"https:\/\/i0.wp.com\/lystes.store\/select\/dreamvirginhair\/wp-content\/uploads\/sites\/14\/2025\/08\/BF0C0FA3-C332-47F9-AEBE-9D4FFAAA36BC-1.png?fit=%2C&ssl=1"},{"@type":"BreadcrumbList","@id":"https:\/\/lystes.store\/select\/dreamvirginhair\/product\/hd-wig-136-florence\/#breadcrumb","itemListElement":[{"@type":"ListItem","position":1,"name":"Accueil","item":"https:\/\/lystes.store\/select\/dreamvirginhair\/"},{"@type":"ListItem","position":2,"name":"Boutique","item":"https:\/\/lystes.store\/select\/dreamvirginhair\/boutique\/"},{"@type":"ListItem","position":3,"name":"HD Wig 13*6 &#8211; Florence"}]},{"@type":"WebSite","@id":"https:\/\/lystes.store\/select\/dreamvirginhair\/#website","url":"https:\/\/lystes.store\/select\/dreamvirginhair\/","name":"Dream Virgin Hair","description":"L&#039;excellence sinon rien","potentialAction":[{"@type":"SearchAction","target":{"@type":"EntryPoint","urlTemplate":"https:\/\/lystes.store\/select\/dreamvirginhair\/?s={search_term_string}"},"query-input":{"@type":"PropertyValueSpecification","valueRequired":true,"valueName":"search_term_string"}}],"inLanguage":"en-US"}]}},"_links":{"self":[{"href":"https:\/\/lystes.store\/select\/dreamvirginhair\/wp-json\/wp\/v2\/product\/90484","targetHints":{"allow":["GET"]}}],"collection":[{"href":"https:\/\/lystes.store\/select\/dreamvirginhair\/wp-json\/wp\/v2\/product"}],"about":[{"href":"https:\/\/lystes.store\/select\/dreamvirginhair\/wp-json\/wp\/v2\/types\/product"}],"replies":[{"embeddable":true,"href":"https:\/\/lystes.store\/select\/dreamvirginhair\/wp-json\/wp\/v2\/comments?post=90484"}],"wp:featuredmedia":[{"embeddable":true,"href":"https:\/\/lystes.store\/select\/dreamvirginhair\/wp-json\/wp\/v2\/media\/142958"}],"wp:attachment":[{"href":"https:\/\/lystes.store\/select\/dreamvirginhair\/wp-json\/wp\/v2\/media?parent=90484"}],"wp:term":[{"taxonomy":"product_brand","embeddable":true,"href":"https:\/\/lystes.store\/select\/dreamvirginhair\/wp-json\/wp\/v2\/product_brand?post=90484"},{"taxonomy":"product_cat","embeddable":true,"href":"https:\/\/lystes.store\/select\/dreamvirginhair\/wp-json\/wp\/v2\/product_cat?post=90484"},{"taxonomy":"product_tag","embeddable":true,"href":"https:\/\/lystes.store\/select\/dreamvirginhair\/wp-json\/wp\/v2\/product_tag?post=90484"}],"curies":[{"name":"wp","href":"https:\/\/api.w.org\/{rel}","templated":true}]}}