{"id":90185,"date":"2025-03-20T22:19:06","date_gmt":"2025-03-20T21:19:06","guid":{"rendered":"https:\/\/lystes.store\/select\/dreamvirginhair\/?post_type=product&#038;p=90185"},"modified":"2025-08-03T17:58:10","modified_gmt":"2025-08-03T15:58:10","slug":"ebin-colle-waterproof-34ml","status":"publish","type":"product","link":"https:\/\/lystes.store\/select\/dreamvirginhair\/product\/ebin-colle-waterproof-34ml\/","title":{"rendered":"EBIN &#8211; Colle Waterproof 34mL"},"content":{"rendered":"","protected":false},"excerpt":{"rendered":"<p>la colle Wonder Lace Bond est une colle capillaire ultra performante con\u00e7ue pour fixer vos lace de facon durable et discrete. Elle est ideale pour les lace non hd , transparente et lace hd. Offrant une fixation invisible et fiable sur une longue dur\u00e9e.<\/p>\n<p>Conseils d&#8217;utilisation:<\/p>\n<ul>\n<li>nettoyez et s\u00e9chez la zone frontale.<\/li>\n<li>Appliquez une fine couche.<\/li>\n<li>Laissez s\u00e9cher quelques seconde jusqu&#8217;a ce que la colle devienne transparente.<\/li>\n<li>R\u00e9petez l&#8217;\u00e9tape 3 fois. Posez la lace d\u00e9licatement .<\/li>\n<li>S\u00e9chez a l&#8217;aire libre ou aves un s\u00e8che-cheveux\u00a0 pour une fixation rapide<\/li>\n<\/ul>\n","protected":false},"featured_media":142860,"comment_status":"closed","ping_status":"closed","template":"","meta":[],"product_brand":[],"product_cat":[824,1261],"product_tag":[],"class_list":{"0":"post-90185","1":"product","2":"type-product","3":"status-publish","4":"has-post-thumbnail","6":"product_cat-cosmetiques","7":"product_cat-ebin","9":"first","10":"instock","11":"taxable","12":"shipping-taxable","13":"purchasable","14":"product-type-simple"},"acf":[],"yoast_head":"<!-- This site is optimized with the Yoast SEO plugin v25.3.1 - https:\/\/yoast.com\/wordpress\/plugins\/seo\/ -->\n<title>EBIN - Colle Waterproof 34mL - Dream Virgin Hair<\/title>\n<meta name=\"robots\" content=\"index, follow, max-snippet:-1, max-image-preview:large, max-video-preview:-1\" \/>\n<link rel=\"canonical\" href=\"https:\/\/lystes.store\/select\/dreamvirginhair\/product\/ebin-colle-waterproof-34ml\/\" \/>\n<meta property=\"og:locale\" content=\"en_US\" \/>\n<meta property=\"og:type\" content=\"article\" \/>\n<meta property=\"og:title\" content=\"EBIN - Colle Waterproof 34mL - Dream Virgin Hair\" \/>\n<meta property=\"og:description\" content=\"la colle Wonder Lace Bond est une colle capillaire ultra performante con\u00e7ue pour fixer vos lace de facon durable et discrete. Elle est ideale pour les lace non hd , transparente et lace hd. Offrant une fixation invisible et fiable sur une longue dur\u00e9e.  Conseils d&#039;utilisation:   nettoyez et s\u00e9chez la zone frontale.  Appliquez une fine couche.  Laissez s\u00e9cher quelques seconde jusqu&#039;a ce que la colle devienne transparente.  R\u00e9petez l&#039;\u00e9tape 3 fois. Posez la lace d\u00e9licatement .  S\u00e9chez a l&#039;aire libre ou aves un s\u00e8che-cheveux\u00a0 pour une fixation rapide\" \/>\n<meta property=\"og:url\" content=\"https:\/\/lystes.store\/select\/dreamvirginhair\/product\/ebin-colle-waterproof-34ml\/\" \/>\n<meta property=\"og:site_name\" content=\"Dream Virgin Hair\" \/>\n<meta property=\"article:modified_time\" content=\"2025-08-03T15:58:10+00:00\" \/>\n<meta name=\"twitter:card\" content=\"summary_large_image\" \/>\n<script type=\"application\/ld+json\" class=\"yoast-schema-graph\">{\"@context\":\"https:\/\/schema.org\",\"@graph\":[{\"@type\":\"WebPage\",\"@id\":\"https:\/\/lystes.store\/select\/dreamvirginhair\/product\/ebin-colle-waterproof-34ml\/\",\"url\":\"https:\/\/lystes.store\/select\/dreamvirginhair\/product\/ebin-colle-waterproof-34ml\/\",\"name\":\"EBIN - Colle Waterproof 34mL - Dream Virgin Hair\",\"isPartOf\":{\"@id\":\"https:\/\/lystes.store\/select\/dreamvirginhair\/#website\"},\"primaryImageOfPage\":{\"@id\":\"https:\/\/lystes.store\/select\/dreamvirginhair\/product\/ebin-colle-waterproof-34ml\/#primaryimage\"},\"image\":{\"@id\":\"https:\/\/lystes.store\/select\/dreamvirginhair\/product\/ebin-colle-waterproof-34ml\/#primaryimage\"},\"thumbnailUrl\":\"https:\/\/i0.wp.com\/lystes.store\/select\/dreamvirginhair\/wp-content\/uploads\/sites\/14\/2025\/08\/58C32FEF-CA36-485B-9F32-84F2C6A79619-1.png?fit=%2C&ssl=1\",\"datePublished\":\"2025-03-20T21:19:06+00:00\",\"dateModified\":\"2025-08-03T15:58:10+00:00\",\"breadcrumb\":{\"@id\":\"https:\/\/lystes.store\/select\/dreamvirginhair\/product\/ebin-colle-waterproof-34ml\/#breadcrumb\"},\"inLanguage\":\"en-US\",\"potentialAction\":[{\"@type\":\"ReadAction\",\"target\":[\"https:\/\/lystes.store\/select\/dreamvirginhair\/product\/ebin-colle-waterproof-34ml\/\"]}]},{\"@type\":\"ImageObject\",\"inLanguage\":\"en-US\",\"@id\":\"https:\/\/lystes.store\/select\/dreamvirginhair\/product\/ebin-colle-waterproof-34ml\/#primaryimage\",\"url\":\"https:\/\/i0.wp.com\/lystes.store\/select\/dreamvirginhair\/wp-content\/uploads\/sites\/14\/2025\/08\/58C32FEF-CA36-485B-9F32-84F2C6A79619-1.png?fit=%2C&ssl=1\",\"contentUrl\":\"https:\/\/i0.wp.com\/lystes.store\/select\/dreamvirginhair\/wp-content\/uploads\/sites\/14\/2025\/08\/58C32FEF-CA36-485B-9F32-84F2C6A79619-1.png?fit=%2C&ssl=1\"},{\"@type\":\"BreadcrumbList\",\"@id\":\"https:\/\/lystes.store\/select\/dreamvirginhair\/product\/ebin-colle-waterproof-34ml\/#breadcrumb\",\"itemListElement\":[{\"@type\":\"ListItem\",\"position\":1,\"name\":\"Accueil\",\"item\":\"https:\/\/lystes.store\/select\/dreamvirginhair\/\"},{\"@type\":\"ListItem\",\"position\":2,\"name\":\"Boutique\",\"item\":\"https:\/\/lystes.store\/select\/dreamvirginhair\/boutique\/\"},{\"@type\":\"ListItem\",\"position\":3,\"name\":\"EBIN &#8211; Colle Waterproof 34mL\"}]},{\"@type\":\"WebSite\",\"@id\":\"https:\/\/lystes.store\/select\/dreamvirginhair\/#website\",\"url\":\"https:\/\/lystes.store\/select\/dreamvirginhair\/\",\"name\":\"Dream Virgin Hair\",\"description\":\"L&#039;excellence sinon rien\",\"potentialAction\":[{\"@type\":\"SearchAction\",\"target\":{\"@type\":\"EntryPoint\",\"urlTemplate\":\"https:\/\/lystes.store\/select\/dreamvirginhair\/?s={search_term_string}\"},\"query-input\":{\"@type\":\"PropertyValueSpecification\",\"valueRequired\":true,\"valueName\":\"search_term_string\"}}],\"inLanguage\":\"en-US\"}]}<\/script>\n<!-- \/ Yoast SEO plugin. -->","yoast_head_json":{"title":"EBIN - Colle Waterproof 34mL - Dream Virgin Hair","robots":{"index":"index","follow":"follow","max-snippet":"max-snippet:-1","max-image-preview":"max-image-preview:large","max-video-preview":"max-video-preview:-1"},"canonical":"https:\/\/lystes.store\/select\/dreamvirginhair\/product\/ebin-colle-waterproof-34ml\/","og_locale":"en_US","og_type":"article","og_title":"EBIN - Colle Waterproof 34mL - Dream Virgin Hair","og_description":"la colle Wonder Lace Bond est une colle capillaire ultra performante con\u00e7ue pour fixer vos lace de facon durable et discrete. Elle est ideale pour les lace non hd , transparente et lace hd. Offrant une fixation invisible et fiable sur une longue dur\u00e9e.  Conseils d'utilisation:   nettoyez et s\u00e9chez la zone frontale.  Appliquez une fine couche.  Laissez s\u00e9cher quelques seconde jusqu'a ce que la colle devienne transparente.  R\u00e9petez l'\u00e9tape 3 fois. Posez la lace d\u00e9licatement .  S\u00e9chez a l'aire libre ou aves un s\u00e8che-cheveux\u00a0 pour une fixation rapide","og_url":"https:\/\/lystes.store\/select\/dreamvirginhair\/product\/ebin-colle-waterproof-34ml\/","og_site_name":"Dream Virgin Hair","article_modified_time":"2025-08-03T15:58:10+00:00","twitter_card":"summary_large_image","schema":{"@context":"https:\/\/schema.org","@graph":[{"@type":"WebPage","@id":"https:\/\/lystes.store\/select\/dreamvirginhair\/product\/ebin-colle-waterproof-34ml\/","url":"https:\/\/lystes.store\/select\/dreamvirginhair\/product\/ebin-colle-waterproof-34ml\/","name":"EBIN - Colle Waterproof 34mL - Dream Virgin Hair","isPartOf":{"@id":"https:\/\/lystes.store\/select\/dreamvirginhair\/#website"},"primaryImageOfPage":{"@id":"https:\/\/lystes.store\/select\/dreamvirginhair\/product\/ebin-colle-waterproof-34ml\/#primaryimage"},"image":{"@id":"https:\/\/lystes.store\/select\/dreamvirginhair\/product\/ebin-colle-waterproof-34ml\/#primaryimage"},"thumbnailUrl":"https:\/\/i0.wp.com\/lystes.store\/select\/dreamvirginhair\/wp-content\/uploads\/sites\/14\/2025\/08\/58C32FEF-CA36-485B-9F32-84F2C6A79619-1.png?fit=%2C&ssl=1","datePublished":"2025-03-20T21:19:06+00:00","dateModified":"2025-08-03T15:58:10+00:00","breadcrumb":{"@id":"https:\/\/lystes.store\/select\/dreamvirginhair\/product\/ebin-colle-waterproof-34ml\/#breadcrumb"},"inLanguage":"en-US","potentialAction":[{"@type":"ReadAction","target":["https:\/\/lystes.store\/select\/dreamvirginhair\/product\/ebin-colle-waterproof-34ml\/"]}]},{"@type":"ImageObject","inLanguage":"en-US","@id":"https:\/\/lystes.store\/select\/dreamvirginhair\/product\/ebin-colle-waterproof-34ml\/#primaryimage","url":"https:\/\/i0.wp.com\/lystes.store\/select\/dreamvirginhair\/wp-content\/uploads\/sites\/14\/2025\/08\/58C32FEF-CA36-485B-9F32-84F2C6A79619-1.png?fit=%2C&ssl=1","contentUrl":"https:\/\/i0.wp.com\/lystes.store\/select\/dreamvirginhair\/wp-content\/uploads\/sites\/14\/2025\/08\/58C32FEF-CA36-485B-9F32-84F2C6A79619-1.png?fit=%2C&ssl=1"},{"@type":"BreadcrumbList","@id":"https:\/\/lystes.store\/select\/dreamvirginhair\/product\/ebin-colle-waterproof-34ml\/#breadcrumb","itemListElement":[{"@type":"ListItem","position":1,"name":"Accueil","item":"https:\/\/lystes.store\/select\/dreamvirginhair\/"},{"@type":"ListItem","position":2,"name":"Boutique","item":"https:\/\/lystes.store\/select\/dreamvirginhair\/boutique\/"},{"@type":"ListItem","position":3,"name":"EBIN &#8211; Colle Waterproof 34mL"}]},{"@type":"WebSite","@id":"https:\/\/lystes.store\/select\/dreamvirginhair\/#website","url":"https:\/\/lystes.store\/select\/dreamvirginhair\/","name":"Dream Virgin Hair","description":"L&#039;excellence sinon rien","potentialAction":[{"@type":"SearchAction","target":{"@type":"EntryPoint","urlTemplate":"https:\/\/lystes.store\/select\/dreamvirginhair\/?s={search_term_string}"},"query-input":{"@type":"PropertyValueSpecification","valueRequired":true,"valueName":"search_term_string"}}],"inLanguage":"en-US"}]}},"_links":{"self":[{"href":"https:\/\/lystes.store\/select\/dreamvirginhair\/wp-json\/wp\/v2\/product\/90185","targetHints":{"allow":["GET"]}}],"collection":[{"href":"https:\/\/lystes.store\/select\/dreamvirginhair\/wp-json\/wp\/v2\/product"}],"about":[{"href":"https:\/\/lystes.store\/select\/dreamvirginhair\/wp-json\/wp\/v2\/types\/product"}],"replies":[{"embeddable":true,"href":"https:\/\/lystes.store\/select\/dreamvirginhair\/wp-json\/wp\/v2\/comments?post=90185"}],"wp:featuredmedia":[{"embeddable":true,"href":"https:\/\/lystes.store\/select\/dreamvirginhair\/wp-json\/wp\/v2\/media\/142860"}],"wp:attachment":[{"href":"https:\/\/lystes.store\/select\/dreamvirginhair\/wp-json\/wp\/v2\/media?parent=90185"}],"wp:term":[{"taxonomy":"product_brand","embeddable":true,"href":"https:\/\/lystes.store\/select\/dreamvirginhair\/wp-json\/wp\/v2\/product_brand?post=90185"},{"taxonomy":"product_cat","embeddable":true,"href":"https:\/\/lystes.store\/select\/dreamvirginhair\/wp-json\/wp\/v2\/product_cat?post=90185"},{"taxonomy":"product_tag","embeddable":true,"href":"https:\/\/lystes.store\/select\/dreamvirginhair\/wp-json\/wp\/v2\/product_tag?post=90185"}],"curies":[{"name":"wp","href":"https:\/\/api.w.org\/{rel}","templated":true}]}}