{"id":90184,"date":"2025-03-20T22:19:06","date_gmt":"2025-03-20T21:19:06","guid":{"rendered":"https:\/\/lystes.store\/select\/dreamvirginhair\/?post_type=product&#038;p=90184"},"modified":"2025-08-03T17:58:07","modified_gmt":"2025-08-03T15:58:07","slug":"ebin-wonder-lace-spray-gold-180ml","status":"publish","type":"product","link":"https:\/\/lystes.store\/select\/dreamvirginhair\/product\/ebin-wonder-lace-spray-gold-180ml\/","title":{"rendered":"EBIN &#8211; Wonder Lace Spray Gold 180ml"},"content":{"rendered":"","protected":false},"excerpt":{"rendered":"<p>C&#8217;est un spray adh\u00e9sif sp\u00e9cialement con\u00e7u pour fixer les lace wig. il permet de coller la lace sur la peau de maniere rapide efficace et invisible.<\/p>\n<p>Conseils d&#8217;utilisation: nettoyez et s\u00e9chez la zone frontale. Vaporisez le Wonder Lace Spray \u00e0 environ 10-15 cm de la peau. Posez la lace et appuyez d\u00e9licatement. S\u00e9chez a l&#8217;aire libre ou aves un s\u00e8che-cheveux\u00a0 pour une fixation rapide<\/p>\n","protected":false},"featured_media":142859,"comment_status":"open","ping_status":"closed","template":"","meta":[],"product_brand":[],"product_cat":[824,1261],"product_tag":[],"class_list":{"0":"post-90184","1":"product","2":"type-product","3":"status-publish","4":"has-post-thumbnail","6":"product_cat-cosmetiques","7":"product_cat-ebin","9":"first","10":"instock","11":"taxable","12":"shipping-taxable","13":"purchasable","14":"product-type-simple"},"acf":[],"yoast_head":"<!-- This site is optimized with the Yoast SEO plugin v25.3.1 - https:\/\/yoast.com\/wordpress\/plugins\/seo\/ -->\n<title>EBIN - Wonder Lace Spray Gold 180ml - Dream Virgin Hair<\/title>\n<meta name=\"robots\" content=\"index, follow, max-snippet:-1, max-image-preview:large, max-video-preview:-1\" \/>\n<link rel=\"canonical\" href=\"https:\/\/lystes.store\/select\/dreamvirginhair\/product\/ebin-wonder-lace-spray-gold-180ml\/\" \/>\n<meta property=\"og:locale\" content=\"en_US\" \/>\n<meta property=\"og:type\" content=\"article\" \/>\n<meta property=\"og:title\" content=\"EBIN - Wonder Lace Spray Gold 180ml - Dream Virgin Hair\" \/>\n<meta property=\"og:description\" content=\"C&#039;est un spray adh\u00e9sif sp\u00e9cialement con\u00e7u pour fixer les lace wig. il permet de coller la lace sur la peau de maniere rapide efficace et invisible.  Conseils d&#039;utilisation: nettoyez et s\u00e9chez la zone frontale. Vaporisez le Wonder Lace Spray \u00e0 environ 10-15 cm de la peau. Posez la lace et appuyez d\u00e9licatement. S\u00e9chez a l&#039;aire libre ou aves un s\u00e8che-cheveux\u00a0 pour une fixation rapide\" \/>\n<meta property=\"og:url\" content=\"https:\/\/lystes.store\/select\/dreamvirginhair\/product\/ebin-wonder-lace-spray-gold-180ml\/\" \/>\n<meta property=\"og:site_name\" content=\"Dream Virgin Hair\" \/>\n<meta property=\"article:modified_time\" content=\"2025-08-03T15:58:07+00:00\" \/>\n<meta name=\"twitter:card\" content=\"summary_large_image\" \/>\n<script type=\"application\/ld+json\" class=\"yoast-schema-graph\">{\"@context\":\"https:\/\/schema.org\",\"@graph\":[{\"@type\":\"WebPage\",\"@id\":\"https:\/\/lystes.store\/select\/dreamvirginhair\/product\/ebin-wonder-lace-spray-gold-180ml\/\",\"url\":\"https:\/\/lystes.store\/select\/dreamvirginhair\/product\/ebin-wonder-lace-spray-gold-180ml\/\",\"name\":\"EBIN - Wonder Lace Spray Gold 180ml - Dream Virgin Hair\",\"isPartOf\":{\"@id\":\"https:\/\/lystes.store\/select\/dreamvirginhair\/#website\"},\"primaryImageOfPage\":{\"@id\":\"https:\/\/lystes.store\/select\/dreamvirginhair\/product\/ebin-wonder-lace-spray-gold-180ml\/#primaryimage\"},\"image\":{\"@id\":\"https:\/\/lystes.store\/select\/dreamvirginhair\/product\/ebin-wonder-lace-spray-gold-180ml\/#primaryimage\"},\"thumbnailUrl\":\"https:\/\/i0.wp.com\/lystes.store\/select\/dreamvirginhair\/wp-content\/uploads\/sites\/14\/2025\/08\/A92095CD-0E8A-42F2-9D1A-56A71783D3D3-1.png?fit=%2C&ssl=1\",\"datePublished\":\"2025-03-20T21:19:06+00:00\",\"dateModified\":\"2025-08-03T15:58:07+00:00\",\"breadcrumb\":{\"@id\":\"https:\/\/lystes.store\/select\/dreamvirginhair\/product\/ebin-wonder-lace-spray-gold-180ml\/#breadcrumb\"},\"inLanguage\":\"en-US\",\"potentialAction\":[{\"@type\":\"ReadAction\",\"target\":[\"https:\/\/lystes.store\/select\/dreamvirginhair\/product\/ebin-wonder-lace-spray-gold-180ml\/\"]}]},{\"@type\":\"ImageObject\",\"inLanguage\":\"en-US\",\"@id\":\"https:\/\/lystes.store\/select\/dreamvirginhair\/product\/ebin-wonder-lace-spray-gold-180ml\/#primaryimage\",\"url\":\"https:\/\/i0.wp.com\/lystes.store\/select\/dreamvirginhair\/wp-content\/uploads\/sites\/14\/2025\/08\/A92095CD-0E8A-42F2-9D1A-56A71783D3D3-1.png?fit=%2C&ssl=1\",\"contentUrl\":\"https:\/\/i0.wp.com\/lystes.store\/select\/dreamvirginhair\/wp-content\/uploads\/sites\/14\/2025\/08\/A92095CD-0E8A-42F2-9D1A-56A71783D3D3-1.png?fit=%2C&ssl=1\"},{\"@type\":\"BreadcrumbList\",\"@id\":\"https:\/\/lystes.store\/select\/dreamvirginhair\/product\/ebin-wonder-lace-spray-gold-180ml\/#breadcrumb\",\"itemListElement\":[{\"@type\":\"ListItem\",\"position\":1,\"name\":\"Accueil\",\"item\":\"https:\/\/lystes.store\/select\/dreamvirginhair\/\"},{\"@type\":\"ListItem\",\"position\":2,\"name\":\"Boutique\",\"item\":\"https:\/\/lystes.store\/select\/dreamvirginhair\/boutique\/\"},{\"@type\":\"ListItem\",\"position\":3,\"name\":\"EBIN &#8211; Wonder Lace Spray Gold 180ml\"}]},{\"@type\":\"WebSite\",\"@id\":\"https:\/\/lystes.store\/select\/dreamvirginhair\/#website\",\"url\":\"https:\/\/lystes.store\/select\/dreamvirginhair\/\",\"name\":\"Dream Virgin Hair\",\"description\":\"L&#039;excellence sinon rien\",\"potentialAction\":[{\"@type\":\"SearchAction\",\"target\":{\"@type\":\"EntryPoint\",\"urlTemplate\":\"https:\/\/lystes.store\/select\/dreamvirginhair\/?s={search_term_string}\"},\"query-input\":{\"@type\":\"PropertyValueSpecification\",\"valueRequired\":true,\"valueName\":\"search_term_string\"}}],\"inLanguage\":\"en-US\"}]}<\/script>\n<!-- \/ Yoast SEO plugin. -->","yoast_head_json":{"title":"EBIN - Wonder Lace Spray Gold 180ml - Dream Virgin Hair","robots":{"index":"index","follow":"follow","max-snippet":"max-snippet:-1","max-image-preview":"max-image-preview:large","max-video-preview":"max-video-preview:-1"},"canonical":"https:\/\/lystes.store\/select\/dreamvirginhair\/product\/ebin-wonder-lace-spray-gold-180ml\/","og_locale":"en_US","og_type":"article","og_title":"EBIN - Wonder Lace Spray Gold 180ml - Dream Virgin Hair","og_description":"C'est un spray adh\u00e9sif sp\u00e9cialement con\u00e7u pour fixer les lace wig. il permet de coller la lace sur la peau de maniere rapide efficace et invisible.  Conseils d'utilisation: nettoyez et s\u00e9chez la zone frontale. Vaporisez le Wonder Lace Spray \u00e0 environ 10-15 cm de la peau. Posez la lace et appuyez d\u00e9licatement. S\u00e9chez a l'aire libre ou aves un s\u00e8che-cheveux\u00a0 pour une fixation rapide","og_url":"https:\/\/lystes.store\/select\/dreamvirginhair\/product\/ebin-wonder-lace-spray-gold-180ml\/","og_site_name":"Dream Virgin Hair","article_modified_time":"2025-08-03T15:58:07+00:00","twitter_card":"summary_large_image","schema":{"@context":"https:\/\/schema.org","@graph":[{"@type":"WebPage","@id":"https:\/\/lystes.store\/select\/dreamvirginhair\/product\/ebin-wonder-lace-spray-gold-180ml\/","url":"https:\/\/lystes.store\/select\/dreamvirginhair\/product\/ebin-wonder-lace-spray-gold-180ml\/","name":"EBIN - Wonder Lace Spray Gold 180ml - Dream Virgin Hair","isPartOf":{"@id":"https:\/\/lystes.store\/select\/dreamvirginhair\/#website"},"primaryImageOfPage":{"@id":"https:\/\/lystes.store\/select\/dreamvirginhair\/product\/ebin-wonder-lace-spray-gold-180ml\/#primaryimage"},"image":{"@id":"https:\/\/lystes.store\/select\/dreamvirginhair\/product\/ebin-wonder-lace-spray-gold-180ml\/#primaryimage"},"thumbnailUrl":"https:\/\/i0.wp.com\/lystes.store\/select\/dreamvirginhair\/wp-content\/uploads\/sites\/14\/2025\/08\/A92095CD-0E8A-42F2-9D1A-56A71783D3D3-1.png?fit=%2C&ssl=1","datePublished":"2025-03-20T21:19:06+00:00","dateModified":"2025-08-03T15:58:07+00:00","breadcrumb":{"@id":"https:\/\/lystes.store\/select\/dreamvirginhair\/product\/ebin-wonder-lace-spray-gold-180ml\/#breadcrumb"},"inLanguage":"en-US","potentialAction":[{"@type":"ReadAction","target":["https:\/\/lystes.store\/select\/dreamvirginhair\/product\/ebin-wonder-lace-spray-gold-180ml\/"]}]},{"@type":"ImageObject","inLanguage":"en-US","@id":"https:\/\/lystes.store\/select\/dreamvirginhair\/product\/ebin-wonder-lace-spray-gold-180ml\/#primaryimage","url":"https:\/\/i0.wp.com\/lystes.store\/select\/dreamvirginhair\/wp-content\/uploads\/sites\/14\/2025\/08\/A92095CD-0E8A-42F2-9D1A-56A71783D3D3-1.png?fit=%2C&ssl=1","contentUrl":"https:\/\/i0.wp.com\/lystes.store\/select\/dreamvirginhair\/wp-content\/uploads\/sites\/14\/2025\/08\/A92095CD-0E8A-42F2-9D1A-56A71783D3D3-1.png?fit=%2C&ssl=1"},{"@type":"BreadcrumbList","@id":"https:\/\/lystes.store\/select\/dreamvirginhair\/product\/ebin-wonder-lace-spray-gold-180ml\/#breadcrumb","itemListElement":[{"@type":"ListItem","position":1,"name":"Accueil","item":"https:\/\/lystes.store\/select\/dreamvirginhair\/"},{"@type":"ListItem","position":2,"name":"Boutique","item":"https:\/\/lystes.store\/select\/dreamvirginhair\/boutique\/"},{"@type":"ListItem","position":3,"name":"EBIN &#8211; Wonder Lace Spray Gold 180ml"}]},{"@type":"WebSite","@id":"https:\/\/lystes.store\/select\/dreamvirginhair\/#website","url":"https:\/\/lystes.store\/select\/dreamvirginhair\/","name":"Dream Virgin Hair","description":"L&#039;excellence sinon rien","potentialAction":[{"@type":"SearchAction","target":{"@type":"EntryPoint","urlTemplate":"https:\/\/lystes.store\/select\/dreamvirginhair\/?s={search_term_string}"},"query-input":{"@type":"PropertyValueSpecification","valueRequired":true,"valueName":"search_term_string"}}],"inLanguage":"en-US"}]}},"_links":{"self":[{"href":"https:\/\/lystes.store\/select\/dreamvirginhair\/wp-json\/wp\/v2\/product\/90184","targetHints":{"allow":["GET"]}}],"collection":[{"href":"https:\/\/lystes.store\/select\/dreamvirginhair\/wp-json\/wp\/v2\/product"}],"about":[{"href":"https:\/\/lystes.store\/select\/dreamvirginhair\/wp-json\/wp\/v2\/types\/product"}],"replies":[{"embeddable":true,"href":"https:\/\/lystes.store\/select\/dreamvirginhair\/wp-json\/wp\/v2\/comments?post=90184"}],"wp:featuredmedia":[{"embeddable":true,"href":"https:\/\/lystes.store\/select\/dreamvirginhair\/wp-json\/wp\/v2\/media\/142859"}],"wp:attachment":[{"href":"https:\/\/lystes.store\/select\/dreamvirginhair\/wp-json\/wp\/v2\/media?parent=90184"}],"wp:term":[{"taxonomy":"product_brand","embeddable":true,"href":"https:\/\/lystes.store\/select\/dreamvirginhair\/wp-json\/wp\/v2\/product_brand?post=90184"},{"taxonomy":"product_cat","embeddable":true,"href":"https:\/\/lystes.store\/select\/dreamvirginhair\/wp-json\/wp\/v2\/product_cat?post=90184"},{"taxonomy":"product_tag","embeddable":true,"href":"https:\/\/lystes.store\/select\/dreamvirginhair\/wp-json\/wp\/v2\/product_tag?post=90184"}],"curies":[{"name":"wp","href":"https:\/\/api.w.org\/{rel}","templated":true}]}}