{"id":90134,"date":"2025-03-20T22:18:43","date_gmt":"2025-03-20T21:18:43","guid":{"rendered":"https:\/\/lystes.store\/select\/dreamvirginhair\/?post_type=product&#038;p=90134"},"modified":"2025-08-03T17:57:33","modified_gmt":"2025-08-03T15:57:33","slug":"fer-a-lisser-lisseur-professionnel-haute-performance","status":"publish","type":"product","link":"https:\/\/lystes.store\/select\/dreamvirginhair\/product\/fer-a-lisser-lisseur-professionnel-haute-performance\/","title":{"rendered":"Fer \u00e0 Lisser &#8211; Lisseur professionnel Haute Performance"},"content":{"rendered":"<p>&#8216;- Temp\u00e9rature ajustable allant jusqu\u2019\u00e0 250\u00b0C<br \/>\n&#8211; Plaques en titanium<br \/>\n&#8211; Convient \u00e0 tout types de cheveux \/ m\u00e8ches, m\u00eame pour celles qui ont les cheveux trait\u00e9s (lissage tanin, br\u00e9silien\u2026)<br \/>\n&#8211; Pochette de protection inclus<\/p>\n","protected":false},"excerpt":{"rendered":"<p>&#8216;- Temp\u00e9rature ajustable allant jusqu\u2019\u00e0 250\u00b0C &#8211; Plaques en titanium &#8211; Convient \u00e0 tout types de cheveux \/ m\u00e8ches, m\u00eame pour celles qui ont les cheveux trait\u00e9s (lissage tanin, br\u00e9silien\u2026) &#8211; Pochette de protection inclus<\/p>\n","protected":false},"featured_media":142838,"comment_status":"open","ping_status":"closed","template":"","meta":[],"product_brand":[],"product_cat":[1072,1182,1178],"product_tag":[],"class_list":{"0":"post-90134","1":"product","2":"type-product","3":"status-publish","4":"has-post-thumbnail","6":"product_cat-accessoires","7":"product_cat-black-friday","8":"product_cat-dvh-outlet","10":"first","11":"instock","12":"taxable","13":"shipping-taxable","14":"purchasable","15":"product-type-simple"},"acf":[],"yoast_head":"<!-- This site is optimized with the Yoast SEO plugin v25.3.1 - https:\/\/yoast.com\/wordpress\/plugins\/seo\/ -->\n<title>Fer \u00e0 Lisser - Lisseur professionnel Haute Performance - Dream Virgin Hair<\/title>\n<meta name=\"robots\" content=\"index, follow, max-snippet:-1, max-image-preview:large, max-video-preview:-1\" \/>\n<link rel=\"canonical\" href=\"https:\/\/lystes.store\/select\/dreamvirginhair\/product\/fer-a-lisser-lisseur-professionnel-haute-performance\/\" \/>\n<meta property=\"og:locale\" content=\"en_US\" \/>\n<meta property=\"og:type\" content=\"article\" \/>\n<meta property=\"og:title\" content=\"Fer \u00e0 Lisser - Lisseur professionnel Haute Performance - Dream Virgin Hair\" \/>\n<meta property=\"og:description\" content=\"&#8216;- Temp\u00e9rature ajustable allant jusqu\u2019\u00e0 250\u00b0C &#8211; Plaques en titanium &#8211; Convient \u00e0 tout types de cheveux \/ m\u00e8ches, m\u00eame pour celles qui ont les cheveux trait\u00e9s (lissage tanin, br\u00e9silien\u2026) &#8211; Pochette de protection inclus\" \/>\n<meta property=\"og:url\" content=\"https:\/\/lystes.store\/select\/dreamvirginhair\/product\/fer-a-lisser-lisseur-professionnel-haute-performance\/\" \/>\n<meta property=\"og:site_name\" content=\"Dream Virgin Hair\" \/>\n<meta property=\"article:modified_time\" content=\"2025-08-03T15:57:33+00:00\" \/>\n<meta name=\"twitter:card\" content=\"summary_large_image\" \/>\n<script type=\"application\/ld+json\" class=\"yoast-schema-graph\">{\"@context\":\"https:\/\/schema.org\",\"@graph\":[{\"@type\":\"WebPage\",\"@id\":\"https:\/\/lystes.store\/select\/dreamvirginhair\/product\/fer-a-lisser-lisseur-professionnel-haute-performance\/\",\"url\":\"https:\/\/lystes.store\/select\/dreamvirginhair\/product\/fer-a-lisser-lisseur-professionnel-haute-performance\/\",\"name\":\"Fer \u00e0 Lisser - Lisseur professionnel Haute Performance - Dream Virgin Hair\",\"isPartOf\":{\"@id\":\"https:\/\/lystes.store\/select\/dreamvirginhair\/#website\"},\"primaryImageOfPage\":{\"@id\":\"https:\/\/lystes.store\/select\/dreamvirginhair\/product\/fer-a-lisser-lisseur-professionnel-haute-performance\/#primaryimage\"},\"image\":{\"@id\":\"https:\/\/lystes.store\/select\/dreamvirginhair\/product\/fer-a-lisser-lisseur-professionnel-haute-performance\/#primaryimage\"},\"thumbnailUrl\":\"https:\/\/i0.wp.com\/lystes.store\/select\/dreamvirginhair\/wp-content\/uploads\/sites\/14\/2025\/08\/4BE5CB51-A934-4EF9-B4D5-1E9A5BA83CC6-1.png?fit=%2C&ssl=1\",\"datePublished\":\"2025-03-20T21:18:43+00:00\",\"dateModified\":\"2025-08-03T15:57:33+00:00\",\"breadcrumb\":{\"@id\":\"https:\/\/lystes.store\/select\/dreamvirginhair\/product\/fer-a-lisser-lisseur-professionnel-haute-performance\/#breadcrumb\"},\"inLanguage\":\"en-US\",\"potentialAction\":[{\"@type\":\"ReadAction\",\"target\":[\"https:\/\/lystes.store\/select\/dreamvirginhair\/product\/fer-a-lisser-lisseur-professionnel-haute-performance\/\"]}]},{\"@type\":\"ImageObject\",\"inLanguage\":\"en-US\",\"@id\":\"https:\/\/lystes.store\/select\/dreamvirginhair\/product\/fer-a-lisser-lisseur-professionnel-haute-performance\/#primaryimage\",\"url\":\"https:\/\/i0.wp.com\/lystes.store\/select\/dreamvirginhair\/wp-content\/uploads\/sites\/14\/2025\/08\/4BE5CB51-A934-4EF9-B4D5-1E9A5BA83CC6-1.png?fit=%2C&ssl=1\",\"contentUrl\":\"https:\/\/i0.wp.com\/lystes.store\/select\/dreamvirginhair\/wp-content\/uploads\/sites\/14\/2025\/08\/4BE5CB51-A934-4EF9-B4D5-1E9A5BA83CC6-1.png?fit=%2C&ssl=1\"},{\"@type\":\"BreadcrumbList\",\"@id\":\"https:\/\/lystes.store\/select\/dreamvirginhair\/product\/fer-a-lisser-lisseur-professionnel-haute-performance\/#breadcrumb\",\"itemListElement\":[{\"@type\":\"ListItem\",\"position\":1,\"name\":\"Accueil\",\"item\":\"https:\/\/lystes.store\/select\/dreamvirginhair\/\"},{\"@type\":\"ListItem\",\"position\":2,\"name\":\"Boutique\",\"item\":\"https:\/\/lystes.store\/select\/dreamvirginhair\/boutique\/\"},{\"@type\":\"ListItem\",\"position\":3,\"name\":\"Fer \u00e0 Lisser &#8211; Lisseur professionnel Haute Performance\"}]},{\"@type\":\"WebSite\",\"@id\":\"https:\/\/lystes.store\/select\/dreamvirginhair\/#website\",\"url\":\"https:\/\/lystes.store\/select\/dreamvirginhair\/\",\"name\":\"Dream Virgin Hair\",\"description\":\"L&#039;excellence sinon rien\",\"potentialAction\":[{\"@type\":\"SearchAction\",\"target\":{\"@type\":\"EntryPoint\",\"urlTemplate\":\"https:\/\/lystes.store\/select\/dreamvirginhair\/?s={search_term_string}\"},\"query-input\":{\"@type\":\"PropertyValueSpecification\",\"valueRequired\":true,\"valueName\":\"search_term_string\"}}],\"inLanguage\":\"en-US\"}]}<\/script>\n<!-- \/ Yoast SEO plugin. -->","yoast_head_json":{"title":"Fer \u00e0 Lisser - Lisseur professionnel Haute Performance - Dream Virgin Hair","robots":{"index":"index","follow":"follow","max-snippet":"max-snippet:-1","max-image-preview":"max-image-preview:large","max-video-preview":"max-video-preview:-1"},"canonical":"https:\/\/lystes.store\/select\/dreamvirginhair\/product\/fer-a-lisser-lisseur-professionnel-haute-performance\/","og_locale":"en_US","og_type":"article","og_title":"Fer \u00e0 Lisser - Lisseur professionnel Haute Performance - Dream Virgin Hair","og_description":"&#8216;- Temp\u00e9rature ajustable allant jusqu\u2019\u00e0 250\u00b0C &#8211; Plaques en titanium &#8211; Convient \u00e0 tout types de cheveux \/ m\u00e8ches, m\u00eame pour celles qui ont les cheveux trait\u00e9s (lissage tanin, br\u00e9silien\u2026) &#8211; Pochette de protection inclus","og_url":"https:\/\/lystes.store\/select\/dreamvirginhair\/product\/fer-a-lisser-lisseur-professionnel-haute-performance\/","og_site_name":"Dream Virgin Hair","article_modified_time":"2025-08-03T15:57:33+00:00","twitter_card":"summary_large_image","schema":{"@context":"https:\/\/schema.org","@graph":[{"@type":"WebPage","@id":"https:\/\/lystes.store\/select\/dreamvirginhair\/product\/fer-a-lisser-lisseur-professionnel-haute-performance\/","url":"https:\/\/lystes.store\/select\/dreamvirginhair\/product\/fer-a-lisser-lisseur-professionnel-haute-performance\/","name":"Fer \u00e0 Lisser - Lisseur professionnel Haute Performance - Dream Virgin Hair","isPartOf":{"@id":"https:\/\/lystes.store\/select\/dreamvirginhair\/#website"},"primaryImageOfPage":{"@id":"https:\/\/lystes.store\/select\/dreamvirginhair\/product\/fer-a-lisser-lisseur-professionnel-haute-performance\/#primaryimage"},"image":{"@id":"https:\/\/lystes.store\/select\/dreamvirginhair\/product\/fer-a-lisser-lisseur-professionnel-haute-performance\/#primaryimage"},"thumbnailUrl":"https:\/\/i0.wp.com\/lystes.store\/select\/dreamvirginhair\/wp-content\/uploads\/sites\/14\/2025\/08\/4BE5CB51-A934-4EF9-B4D5-1E9A5BA83CC6-1.png?fit=%2C&ssl=1","datePublished":"2025-03-20T21:18:43+00:00","dateModified":"2025-08-03T15:57:33+00:00","breadcrumb":{"@id":"https:\/\/lystes.store\/select\/dreamvirginhair\/product\/fer-a-lisser-lisseur-professionnel-haute-performance\/#breadcrumb"},"inLanguage":"en-US","potentialAction":[{"@type":"ReadAction","target":["https:\/\/lystes.store\/select\/dreamvirginhair\/product\/fer-a-lisser-lisseur-professionnel-haute-performance\/"]}]},{"@type":"ImageObject","inLanguage":"en-US","@id":"https:\/\/lystes.store\/select\/dreamvirginhair\/product\/fer-a-lisser-lisseur-professionnel-haute-performance\/#primaryimage","url":"https:\/\/i0.wp.com\/lystes.store\/select\/dreamvirginhair\/wp-content\/uploads\/sites\/14\/2025\/08\/4BE5CB51-A934-4EF9-B4D5-1E9A5BA83CC6-1.png?fit=%2C&ssl=1","contentUrl":"https:\/\/i0.wp.com\/lystes.store\/select\/dreamvirginhair\/wp-content\/uploads\/sites\/14\/2025\/08\/4BE5CB51-A934-4EF9-B4D5-1E9A5BA83CC6-1.png?fit=%2C&ssl=1"},{"@type":"BreadcrumbList","@id":"https:\/\/lystes.store\/select\/dreamvirginhair\/product\/fer-a-lisser-lisseur-professionnel-haute-performance\/#breadcrumb","itemListElement":[{"@type":"ListItem","position":1,"name":"Accueil","item":"https:\/\/lystes.store\/select\/dreamvirginhair\/"},{"@type":"ListItem","position":2,"name":"Boutique","item":"https:\/\/lystes.store\/select\/dreamvirginhair\/boutique\/"},{"@type":"ListItem","position":3,"name":"Fer \u00e0 Lisser &#8211; Lisseur professionnel Haute Performance"}]},{"@type":"WebSite","@id":"https:\/\/lystes.store\/select\/dreamvirginhair\/#website","url":"https:\/\/lystes.store\/select\/dreamvirginhair\/","name":"Dream Virgin Hair","description":"L&#039;excellence sinon rien","potentialAction":[{"@type":"SearchAction","target":{"@type":"EntryPoint","urlTemplate":"https:\/\/lystes.store\/select\/dreamvirginhair\/?s={search_term_string}"},"query-input":{"@type":"PropertyValueSpecification","valueRequired":true,"valueName":"search_term_string"}}],"inLanguage":"en-US"}]}},"_links":{"self":[{"href":"https:\/\/lystes.store\/select\/dreamvirginhair\/wp-json\/wp\/v2\/product\/90134","targetHints":{"allow":["GET"]}}],"collection":[{"href":"https:\/\/lystes.store\/select\/dreamvirginhair\/wp-json\/wp\/v2\/product"}],"about":[{"href":"https:\/\/lystes.store\/select\/dreamvirginhair\/wp-json\/wp\/v2\/types\/product"}],"replies":[{"embeddable":true,"href":"https:\/\/lystes.store\/select\/dreamvirginhair\/wp-json\/wp\/v2\/comments?post=90134"}],"wp:featuredmedia":[{"embeddable":true,"href":"https:\/\/lystes.store\/select\/dreamvirginhair\/wp-json\/wp\/v2\/media\/142838"}],"wp:attachment":[{"href":"https:\/\/lystes.store\/select\/dreamvirginhair\/wp-json\/wp\/v2\/media?parent=90134"}],"wp:term":[{"taxonomy":"product_brand","embeddable":true,"href":"https:\/\/lystes.store\/select\/dreamvirginhair\/wp-json\/wp\/v2\/product_brand?post=90134"},{"taxonomy":"product_cat","embeddable":true,"href":"https:\/\/lystes.store\/select\/dreamvirginhair\/wp-json\/wp\/v2\/product_cat?post=90134"},{"taxonomy":"product_tag","embeddable":true,"href":"https:\/\/lystes.store\/select\/dreamvirginhair\/wp-json\/wp\/v2\/product_tag?post=90134"}],"curies":[{"name":"wp","href":"https:\/\/api.w.org\/{rel}","templated":true}]}}