{"id":89455,"date":"2025-03-20T22:13:23","date_gmt":"2025-03-20T21:13:23","guid":{"rendered":"https:\/\/lystes.store\/select\/dreamvirginhair\/?post_type=product&#038;p=89455"},"modified":"2025-08-03T17:57:01","modified_gmt":"2025-08-03T15:57:01","slug":"lace-tint-format-mousse-ou-spray-100ml","status":"publish","type":"product","link":"https:\/\/lystes.store\/select\/dreamvirginhair\/product\/lace-tint-format-mousse-ou-spray-100ml\/","title":{"rendered":"Lace Tint &#8211; Format Mousse ou Spray (100ml)"},"content":{"rendered":"<blockquote class=\"instagram-media\" style=\"background: #FFF; border: 0; border-radius: 3px; box-shadow: 0 0 1px 0 rgba(0,0,0,0.5),0 1px 10px 0 rgba(0,0,0,0.15); margin: 1px; max-width: 540px; min-width: 326px; padding: 0; width: calc(100% - 2px);\" data-instgrm-permalink=\"https:\/\/www.instagram.com\/reel\/Ck8o6MnKzI1\/?utm_source=ig_embed&amp;utm_campaign=loading\" data-instgrm-version=\"14\">\n<div style=\"padding: 16px;\">\n<p>&nbsp;<\/p>\n<div style=\"display: flex; flex-direction: row; align-items: center;\">\n<div style=\"background-color: #f4f4f4; border-radius: 50%; flex-grow: 0; height: 40px; margin-right: 14px; width: 40px;\"><\/div>\n<div style=\"display: flex; flex-direction: column; flex-grow: 1; justify-content: center;\">\n<div style=\"background-color: #f4f4f4; border-radius: 4px; flex-grow: 0; height: 14px; margin-bottom: 6px; width: 100px;\"><\/div>\n<div style=\"background-color: #f4f4f4; border-radius: 4px; flex-grow: 0; height: 14px; width: 60px;\"><\/div>\n<\/div>\n<\/div>\n<div style=\"padding: 19% 0;\"><\/div>\n<div style=\"display: block; height: 50px; margin: 0 auto 12px; width: 50px;\"><\/div>\n<div style=\"padding-top: 8px;\">\n<div style=\"color: #3897f0; font-family: Arial,sans-serif; font-size: 14px; font-style: normal; font-weight: 550; line-height: 18px;\">Voir cette publication sur Instagram<\/div>\n<\/div>\n<div style=\"padding: 12.5% 0;\"><\/div>\n<div style=\"display: flex; flex-direction: row; margin-bottom: 14px; align-items: center;\">\n<div>\n<div style=\"background-color: #f4f4f4; border-radius: 50%; height: 12.5px; width: 12.5px; transform: translateX(0px) translateY(7px);\"><\/div>\n<div style=\"background-color: #f4f4f4; height: 12.5px; transform: rotate(-45deg) translateX(3px) translateY(1px); width: 12.5px; flex-grow: 0; margin-right: 14px; margin-left: 2px;\"><\/div>\n<div style=\"background-color: #f4f4f4; border-radius: 50%; height: 12.5px; width: 12.5px; transform: translateX(9px) translateY(-18px);\"><\/div>\n<\/div>\n<div style=\"margin-left: 8px;\">\n<div style=\"background-color: #f4f4f4; border-radius: 50%; flex-grow: 0; height: 20px; width: 20px;\"><\/div>\n<div style=\"width: 0; height: 0; border-top: 2px solid transparent; border-left: 6px solid #f4f4f4; border-bottom: 2px solid transparent; transform: translateX(16px) translateY(-4px) rotate(30deg);\"><\/div>\n<\/div>\n<div style=\"margin-left: auto;\">\n<div style=\"width: 0px; border-top: 8px solid #F4F4F4; border-right: 8px solid transparent; transform: translateY(16px);\"><\/div>\n<div style=\"background-color: #f4f4f4; flex-grow: 0; height: 12px; width: 16px; transform: translateY(-4px);\"><\/div>\n<div style=\"width: 0; height: 0; border-top: 8px solid #F4F4F4; border-left: 8px solid transparent; transform: translateY(-4px) translateX(8px);\"><\/div>\n<\/div>\n<\/div>\n<div style=\"display: flex; flex-direction: column; flex-grow: 1; justify-content: center; margin-bottom: 24px;\">\n<div style=\"background-color: #f4f4f4; border-radius: 4px; flex-grow: 0; height: 14px; margin-bottom: 6px; width: 224px;\"><\/div>\n<div style=\"background-color: #f4f4f4; border-radius: 4px; flex-grow: 0; height: 14px; width: 144px;\"><\/div>\n<\/div>\n<p>&nbsp;<\/p>\n<p style=\"color: #c9c8cd; font-family: Arial,sans-serif; font-size: 14px; line-height: 17px; margin-bottom: 0; margin-top: 8px; overflow: hidden; padding: 8px 0 7px; text-align: center; text-overflow: ellipsis; white-space: nowrap;\"><a style=\"color: #c9c8cd; font-family: Arial,sans-serif; font-size: 14px; font-style: normal; font-weight: normal; line-height: 17px; text-decoration: none;\" href=\"https:\/\/www.instagram.com\/reel\/Ck8o6MnKzI1\/?utm_source=ig_embed&amp;utm_campaign=loading\" target=\"_blank\" rel=\"noopener\">Une publication partag\u00e9e par DREAM VIRGIN HAIRPAYEZ 10* (@amandineluxioushair)<\/a><\/p>\n<\/div>\n<\/blockquote>\n<p><script async src=\"\/\/www.instagram.com\/embed.js\"><\/script><\/p>\n<h3><strong>Harmoniser la couleur de la dentelle avec la peau<\/strong><\/h3>\n<p>La lace des perruques est souvent con\u00e7ue dans des tons standards qui peuvent ne pas correspondre \u00e0 toutes les couleurs de peau. La lace tint est un spray, une teinture ou un produit colorant appliqu\u00e9 sur la dentelle pour l&#8217;adapter pr\u00e9cis\u00e9ment \u00e0 la carnation de la personne.<\/p>\n<p>Cela aide \u00e0 rendre la dentelle moins visible une fois pos\u00e9e sur le cuir chevelu.<\/p>\n<h3><strong>Cr\u00e9er une illusion de cuir chevelu<\/strong><\/h3>\n<p>Lorsqu&#8217;elle est bien appliqu\u00e9e, la lace tint donne l&#8217;impression que les cheveux poussent directement du cuir chevelu. Cela am\u00e9liore l&#8217;esth\u00e9tique et le r\u00e9alisme de la perruque.<\/p>\n<h3><strong>R\u00e9duire la n\u00e9cessit\u00e9 d&#8217;autres produits<\/strong><\/h3>\n<p>Avec une lace tint bien adapt\u00e9e, il devient moins n\u00e9cessaire d&#8217;utiliser beaucoup de maquillage ou de fond de teint pour camoufler la dentelle.<\/p>\n<h3><strong>Am\u00e9liorer le rendu des perruques HD et transparentes<\/strong><\/h3>\n<p>Les dentelles dites <strong>HD lace<\/strong> ou <strong>transparent lace<\/strong> n\u00e9cessitent souvent un ajustement pr\u00e9cis de leur teinte pour qu&#8217;elles s&#8217;accordent parfaitement \u00e0 la peau. La lace tint est essentielle pour ces types de perruques, car elle maximise leur effet naturel.<\/p>\n<h3>Mode d&#8217;utilisation :<\/h3>\n<ol>\n<li><strong>Nettoyage pr\u00e9alable<\/strong> : Assurez-vous que la dentelle est propre et s\u00e8che.<\/li>\n<li><strong>Application<\/strong> : Pulv\u00e9risez ou appliquez la lace tint uniform\u00e9ment sur la dentelle. Vous pouvez ajuster l\u2019intensit\u00e9 en fonction de votre couleur de peau.<\/li>\n<li><strong>Fixation<\/strong> : Laissez s\u00e9cher \u00e0 l&#8217;air libre ou utilisez un s\u00e8che-cheveux pour fixer la couleur.<\/li>\n<li><strong>Pose de la perruque<\/strong> : Une fois teint\u00e9e, la dentelle se fondra mieux avec votre peau lors de la pose.<\/li>\n<\/ol>\n<p>C&#8217;est une \u00e9tape simple mais cruciale pour un look impeccable avec une perruque en dentelle.<\/p>\n","protected":false},"excerpt":{"rendered":"<p>Format 100ml<\/p>\n","protected":false},"featured_media":142817,"comment_status":"closed","ping_status":"closed","template":"","meta":[],"product_brand":[],"product_cat":[1072,1182,824,1178,1090],"product_tag":[],"class_list":{"0":"post-89455","1":"product","2":"type-product","3":"status-publish","4":"has-post-thumbnail","6":"product_cat-accessoires","7":"product_cat-black-friday","8":"product_cat-cosmetiques","9":"product_cat-dvh-outlet","10":"product_cat-entretien-et-soins","12":"first","13":"instock","14":"sale","15":"taxable","16":"shipping-taxable","17":"purchasable","18":"product-type-variable"},"acf":[],"yoast_head":"<!-- This site is optimized with the Yoast SEO plugin v25.3.1 - https:\/\/yoast.com\/wordpress\/plugins\/seo\/ -->\n<title>Lace Tint - Format Mousse ou Spray (100ml) - Dream Virgin Hair<\/title>\n<meta name=\"robots\" content=\"index, follow, max-snippet:-1, max-image-preview:large, max-video-preview:-1\" \/>\n<link rel=\"canonical\" href=\"https:\/\/lystes.store\/select\/dreamvirginhair\/product\/lace-tint-format-mousse-ou-spray-100ml\/\" \/>\n<meta property=\"og:locale\" content=\"en_US\" \/>\n<meta property=\"og:type\" content=\"article\" \/>\n<meta property=\"og:title\" content=\"Lace Tint - Format Mousse ou Spray (100ml) - Dream Virgin Hair\" \/>\n<meta property=\"og:description\" content=\"Format 100ml\" \/>\n<meta property=\"og:url\" content=\"https:\/\/lystes.store\/select\/dreamvirginhair\/product\/lace-tint-format-mousse-ou-spray-100ml\/\" \/>\n<meta property=\"og:site_name\" content=\"Dream Virgin Hair\" \/>\n<meta property=\"article:modified_time\" content=\"2025-08-03T15:57:01+00:00\" \/>\n<meta name=\"twitter:card\" content=\"summary_large_image\" \/>\n<meta name=\"twitter:label1\" content=\"Est. reading time\" \/>\n\t<meta name=\"twitter:data1\" content=\"1 minute\" \/>\n<script type=\"application\/ld+json\" class=\"yoast-schema-graph\">{\"@context\":\"https:\/\/schema.org\",\"@graph\":[{\"@type\":\"WebPage\",\"@id\":\"https:\/\/lystes.store\/select\/dreamvirginhair\/product\/lace-tint-format-mousse-ou-spray-100ml\/\",\"url\":\"https:\/\/lystes.store\/select\/dreamvirginhair\/product\/lace-tint-format-mousse-ou-spray-100ml\/\",\"name\":\"Lace Tint - Format Mousse ou Spray (100ml) - Dream Virgin Hair\",\"isPartOf\":{\"@id\":\"https:\/\/lystes.store\/select\/dreamvirginhair\/#website\"},\"primaryImageOfPage\":{\"@id\":\"https:\/\/lystes.store\/select\/dreamvirginhair\/product\/lace-tint-format-mousse-ou-spray-100ml\/#primaryimage\"},\"image\":{\"@id\":\"https:\/\/lystes.store\/select\/dreamvirginhair\/product\/lace-tint-format-mousse-ou-spray-100ml\/#primaryimage\"},\"thumbnailUrl\":\"https:\/\/i0.wp.com\/lystes.store\/select\/dreamvirginhair\/wp-content\/uploads\/sites\/14\/2025\/08\/D2B063B1-1498-416A-A0D4-ACBA24D1B370-1.png?fit=%2C&ssl=1\",\"datePublished\":\"2025-03-20T21:13:23+00:00\",\"dateModified\":\"2025-08-03T15:57:01+00:00\",\"breadcrumb\":{\"@id\":\"https:\/\/lystes.store\/select\/dreamvirginhair\/product\/lace-tint-format-mousse-ou-spray-100ml\/#breadcrumb\"},\"inLanguage\":\"en-US\",\"potentialAction\":[{\"@type\":\"ReadAction\",\"target\":[\"https:\/\/lystes.store\/select\/dreamvirginhair\/product\/lace-tint-format-mousse-ou-spray-100ml\/\"]}]},{\"@type\":\"ImageObject\",\"inLanguage\":\"en-US\",\"@id\":\"https:\/\/lystes.store\/select\/dreamvirginhair\/product\/lace-tint-format-mousse-ou-spray-100ml\/#primaryimage\",\"url\":\"https:\/\/i0.wp.com\/lystes.store\/select\/dreamvirginhair\/wp-content\/uploads\/sites\/14\/2025\/08\/D2B063B1-1498-416A-A0D4-ACBA24D1B370-1.png?fit=%2C&ssl=1\",\"contentUrl\":\"https:\/\/i0.wp.com\/lystes.store\/select\/dreamvirginhair\/wp-content\/uploads\/sites\/14\/2025\/08\/D2B063B1-1498-416A-A0D4-ACBA24D1B370-1.png?fit=%2C&ssl=1\"},{\"@type\":\"BreadcrumbList\",\"@id\":\"https:\/\/lystes.store\/select\/dreamvirginhair\/product\/lace-tint-format-mousse-ou-spray-100ml\/#breadcrumb\",\"itemListElement\":[{\"@type\":\"ListItem\",\"position\":1,\"name\":\"Accueil\",\"item\":\"https:\/\/lystes.store\/select\/dreamvirginhair\/\"},{\"@type\":\"ListItem\",\"position\":2,\"name\":\"Boutique\",\"item\":\"https:\/\/lystes.store\/select\/dreamvirginhair\/boutique\/\"},{\"@type\":\"ListItem\",\"position\":3,\"name\":\"Lace Tint &#8211; Format Mousse ou Spray (100ml)\"}]},{\"@type\":\"WebSite\",\"@id\":\"https:\/\/lystes.store\/select\/dreamvirginhair\/#website\",\"url\":\"https:\/\/lystes.store\/select\/dreamvirginhair\/\",\"name\":\"Dream Virgin Hair\",\"description\":\"L&#039;excellence sinon rien\",\"potentialAction\":[{\"@type\":\"SearchAction\",\"target\":{\"@type\":\"EntryPoint\",\"urlTemplate\":\"https:\/\/lystes.store\/select\/dreamvirginhair\/?s={search_term_string}\"},\"query-input\":{\"@type\":\"PropertyValueSpecification\",\"valueRequired\":true,\"valueName\":\"search_term_string\"}}],\"inLanguage\":\"en-US\"}]}<\/script>\n<!-- \/ Yoast SEO plugin. -->","yoast_head_json":{"title":"Lace Tint - Format Mousse ou Spray (100ml) - Dream Virgin Hair","robots":{"index":"index","follow":"follow","max-snippet":"max-snippet:-1","max-image-preview":"max-image-preview:large","max-video-preview":"max-video-preview:-1"},"canonical":"https:\/\/lystes.store\/select\/dreamvirginhair\/product\/lace-tint-format-mousse-ou-spray-100ml\/","og_locale":"en_US","og_type":"article","og_title":"Lace Tint - Format Mousse ou Spray (100ml) - Dream Virgin Hair","og_description":"Format 100ml","og_url":"https:\/\/lystes.store\/select\/dreamvirginhair\/product\/lace-tint-format-mousse-ou-spray-100ml\/","og_site_name":"Dream Virgin Hair","article_modified_time":"2025-08-03T15:57:01+00:00","twitter_card":"summary_large_image","twitter_misc":{"Est. reading time":"1 minute"},"schema":{"@context":"https:\/\/schema.org","@graph":[{"@type":"WebPage","@id":"https:\/\/lystes.store\/select\/dreamvirginhair\/product\/lace-tint-format-mousse-ou-spray-100ml\/","url":"https:\/\/lystes.store\/select\/dreamvirginhair\/product\/lace-tint-format-mousse-ou-spray-100ml\/","name":"Lace Tint - Format Mousse ou Spray (100ml) - Dream Virgin Hair","isPartOf":{"@id":"https:\/\/lystes.store\/select\/dreamvirginhair\/#website"},"primaryImageOfPage":{"@id":"https:\/\/lystes.store\/select\/dreamvirginhair\/product\/lace-tint-format-mousse-ou-spray-100ml\/#primaryimage"},"image":{"@id":"https:\/\/lystes.store\/select\/dreamvirginhair\/product\/lace-tint-format-mousse-ou-spray-100ml\/#primaryimage"},"thumbnailUrl":"https:\/\/i0.wp.com\/lystes.store\/select\/dreamvirginhair\/wp-content\/uploads\/sites\/14\/2025\/08\/D2B063B1-1498-416A-A0D4-ACBA24D1B370-1.png?fit=%2C&ssl=1","datePublished":"2025-03-20T21:13:23+00:00","dateModified":"2025-08-03T15:57:01+00:00","breadcrumb":{"@id":"https:\/\/lystes.store\/select\/dreamvirginhair\/product\/lace-tint-format-mousse-ou-spray-100ml\/#breadcrumb"},"inLanguage":"en-US","potentialAction":[{"@type":"ReadAction","target":["https:\/\/lystes.store\/select\/dreamvirginhair\/product\/lace-tint-format-mousse-ou-spray-100ml\/"]}]},{"@type":"ImageObject","inLanguage":"en-US","@id":"https:\/\/lystes.store\/select\/dreamvirginhair\/product\/lace-tint-format-mousse-ou-spray-100ml\/#primaryimage","url":"https:\/\/i0.wp.com\/lystes.store\/select\/dreamvirginhair\/wp-content\/uploads\/sites\/14\/2025\/08\/D2B063B1-1498-416A-A0D4-ACBA24D1B370-1.png?fit=%2C&ssl=1","contentUrl":"https:\/\/i0.wp.com\/lystes.store\/select\/dreamvirginhair\/wp-content\/uploads\/sites\/14\/2025\/08\/D2B063B1-1498-416A-A0D4-ACBA24D1B370-1.png?fit=%2C&ssl=1"},{"@type":"BreadcrumbList","@id":"https:\/\/lystes.store\/select\/dreamvirginhair\/product\/lace-tint-format-mousse-ou-spray-100ml\/#breadcrumb","itemListElement":[{"@type":"ListItem","position":1,"name":"Accueil","item":"https:\/\/lystes.store\/select\/dreamvirginhair\/"},{"@type":"ListItem","position":2,"name":"Boutique","item":"https:\/\/lystes.store\/select\/dreamvirginhair\/boutique\/"},{"@type":"ListItem","position":3,"name":"Lace Tint &#8211; Format Mousse ou Spray (100ml)"}]},{"@type":"WebSite","@id":"https:\/\/lystes.store\/select\/dreamvirginhair\/#website","url":"https:\/\/lystes.store\/select\/dreamvirginhair\/","name":"Dream Virgin Hair","description":"L&#039;excellence sinon rien","potentialAction":[{"@type":"SearchAction","target":{"@type":"EntryPoint","urlTemplate":"https:\/\/lystes.store\/select\/dreamvirginhair\/?s={search_term_string}"},"query-input":{"@type":"PropertyValueSpecification","valueRequired":true,"valueName":"search_term_string"}}],"inLanguage":"en-US"}]}},"_links":{"self":[{"href":"https:\/\/lystes.store\/select\/dreamvirginhair\/wp-json\/wp\/v2\/product\/89455","targetHints":{"allow":["GET"]}}],"collection":[{"href":"https:\/\/lystes.store\/select\/dreamvirginhair\/wp-json\/wp\/v2\/product"}],"about":[{"href":"https:\/\/lystes.store\/select\/dreamvirginhair\/wp-json\/wp\/v2\/types\/product"}],"replies":[{"embeddable":true,"href":"https:\/\/lystes.store\/select\/dreamvirginhair\/wp-json\/wp\/v2\/comments?post=89455"}],"wp:featuredmedia":[{"embeddable":true,"href":"https:\/\/lystes.store\/select\/dreamvirginhair\/wp-json\/wp\/v2\/media\/142817"}],"wp:attachment":[{"href":"https:\/\/lystes.store\/select\/dreamvirginhair\/wp-json\/wp\/v2\/media?parent=89455"}],"wp:term":[{"taxonomy":"product_brand","embeddable":true,"href":"https:\/\/lystes.store\/select\/dreamvirginhair\/wp-json\/wp\/v2\/product_brand?post=89455"},{"taxonomy":"product_cat","embeddable":true,"href":"https:\/\/lystes.store\/select\/dreamvirginhair\/wp-json\/wp\/v2\/product_cat?post=89455"},{"taxonomy":"product_tag","embeddable":true,"href":"https:\/\/lystes.store\/select\/dreamvirginhair\/wp-json\/wp\/v2\/product_tag?post=89455"}],"curies":[{"name":"wp","href":"https:\/\/api.w.org\/{rel}","templated":true}]}}