{"id":89043,"date":"2025-03-20T22:10:08","date_gmt":"2025-03-20T21:10:08","guid":{"rendered":"https:\/\/lystes.store\/select\/dreamvirginhair\/?post_type=product&#038;p=89043"},"modified":"2025-08-03T17:53:24","modified_gmt":"2025-08-03T15:53:24","slug":"perruque-lace-frontal-raw-hair-christina","status":"publish","type":"product","link":"https:\/\/lystes.store\/select\/dreamvirginhair\/product\/perruque-lace-frontal-raw-hair-christina\/","title":{"rendered":"Perruque Lace Frontal Raw Hair &#8211; Christina"},"content":{"rendered":"<p>Type de cheveux : raw hair<br \/>\nVolume pour la longueur 20 pouces : 2 paquets<br \/>\nPour la longueur 22 pouces : 2 paquets et demi<br \/>\nPour la longueur 24 pouces : 2 paquets et demi<br \/>\nPour la longueur 26 et 28 pouces : 3 paquets<\/p>\n<p>Cheveux 100% naturels comme pour toutes nos perruques.<\/p>\n<h3>Entretien:<\/h3>\n<p>Shampoing (sans frotter) 1 \u00e0 2 fois par semaine \u00e0 l&#8217;eau ti\u00e8de.<br \/>\nAppliquer ensuite un apr\u00e8s-shampoing, un soin, ou masque capillaire \u00e0 laisser poser.<br \/>\nRincez puis enlever l&#8217;exc\u00e8s d&#8217;eau en tamponnant avec une serviette.<br \/>\nVous pouvez par la suite s\u00e9cher au s\u00e8che cheveu ou laisser s\u00e9cher \u00e0 l&#8217;air libre.<\/p>\n<h3>\u00c0 propos de Dream Virgin Hair:<\/h3>\n<p>Leader de la vente de m\u00e8ches (pour tissages) et perruques 100% human hair en France, Dream Virgin Hair est la r\u00e9f\u00e9rence pour des cheveux de qualit\u00e9 au meilleur prix. En plus de notre site internet vous pouvez \u00e9galement retrouver notre \u00e9quipe et nos produits au sein de notre salon de coiffure Keliyah Beaut\u00e9 situ\u00e9 au <strong>7 rue Ren\u00e9 Boulanger 75010 Paris<\/strong>, nous vous y accueillons avec et sans rendez-vous du mardi au samedi (vente, confection sur-mesure et prestations coiffure).<\/p>\n<h3>\u00c0 propos de notre site internet:<\/h3>\n<p>Site Fran\u00e7ais.<br \/>\nPaiements 100% s\u00e9curis\u00e9s.<br \/>\nToutes les commandes sont exp\u00e9di\u00e9es depuis la France (Paris).<br \/>\nD\u00e9lais de livraison (pour la France m\u00e9tropolitaine) : 24\/48h pour la livraison express, 2 \u00e0 5 jours pour une livraison Colissimo et 5-8 jours ouvrables pour une livraison point relais.<br \/>\n<strong>Suivi de commande:<\/strong><br \/>\nToutes les commandes disposent d&#8217;un num\u00e9ro de suivi qui vous sera automatiquement communiqu\u00e9 par e-mail d\u00e8s la commande exp\u00e9di\u00e9e.<br \/>\n<strong>Notre service client reste \u00e0 votre disposition<\/strong>. Pour toute question vous pouvez nous contacter via les r\u00e9seaux sociaux <a href=\"https:\/\/www.facebook.com\/dvhparis\/\" target=\"_blank\" rel=\"noopener noreferrer\">Facebook<\/a> et <a href=\"https:\/\/www.instagram.com\/amandineluxioushair\/\" target=\"_blank\" rel=\"noopener noreferrer\">Instagram<\/a> @amandineluxioushair.<\/p>\n<p><em>Remarque : Il n&#8217;est pas possible de retourner cet article. Cet article \u00e9tant r\u00e9alis\u00e9 sur mesure \u00e0 la commande, quelques jours de d\u00e9lai sont n\u00e9cessaires avant exp\u00e9dition.<\/em><\/p>\n","protected":false},"excerpt":{"rendered":"<p>Superbe perruque Lace wig, cheveux 100% humains.<br \/>\nFinition tr\u00e8s naturelle pour un effet <strong>perruque ind\u00e9tectable<\/strong>.<br \/>\nCouleur : Noir naturel non color\u00e9 (marron tr\u00e8s fonc\u00e9).<br \/>\nStyle : Lisse.<br \/>\nBonnet taille standard.<br \/>\nDensit\u00e9 : 180%<br \/>\nLes tailles 12 et 14 pouces sont des Bob Cut<\/p>\n<blockquote class=\"instagram-media\" style=\"background: #FFF; border: 0; border-radius: 3px; box-shadow: 0 0 1px 0 rgba(0,0,0,0.5),0 1px 10px 0 rgba(0,0,0,0.15); margin: 1px; max-width: 540px; min-width: 326px; padding: 0; width: calc(100% - 2px);\" data-instgrm-permalink=\"https:\/\/www.instagram.com\/p\/B5GTw2MCEjy\/?utm_source=ig_embed&amp;utm_campaign=loading\" data-instgrm-version=\"12\">\n<div style=\"padding: 16px;\">\n<p>&nbsp;<\/p>\n<div style=\"display: flex; flex-direction: row; align-items: center;\">\n<div style=\"background-color: #f4f4f4; border-radius: 50%; flex-grow: 0; height: 40px; margin-right: 14px; width: 40px;\"><\/div>\n<div style=\"display: flex; flex-direction: column; flex-grow: 1; justify-content: center;\">\n<div style=\"background-color: #f4f4f4; border-radius: 4px; flex-grow: 0; height: 14px; margin-bottom: 6px; width: 100px;\"><\/div>\n<div style=\"background-color: #f4f4f4; border-radius: 4px; flex-grow: 0; height: 14px; width: 60px;\"><\/div>\n<\/div>\n<\/div>\n<div style=\"padding: 19% 0;\"><\/div>\n<div style=\"display: block; height: 50px; margin: 0 auto 12px; width: 50px;\"><\/div>\n<div style=\"padding-top: 8px;\">\n<div style=\"color: #3897f0; font-family: Arial,sans-serif; font-size: 14px; font-style: normal; font-weight: 550; line-height: 18px;\">Voir cette publication sur Instagram<\/div>\n<\/div>\n<div style=\"padding: 12.5% 0;\"><\/div>\n<div style=\"display: flex; flex-direction: row; margin-bottom: 14px; align-items: center;\">\n<div>\n<div style=\"background-color: #f4f4f4; border-radius: 50%; height: 12.5px; width: 12.5px; transform: translateX(0px) translateY(7px);\"><\/div>\n<div style=\"background-color: #f4f4f4; height: 12.5px; transform: rotate(-45deg) translateX(3px) translateY(1px); width: 12.5px; flex-grow: 0; margin-right: 14px; margin-left: 2px;\"><\/div>\n<div style=\"background-color: #f4f4f4; border-radius: 50%; height: 12.5px; width: 12.5px; transform: translateX(9px) translateY(-18px);\"><\/div>\n<\/div>\n<div style=\"margin-left: 8px;\">\n<div style=\"background-color: #f4f4f4; border-radius: 50%; flex-grow: 0; height: 20px; width: 20px;\"><\/div>\n<div style=\"width: 0; height: 0; border-top: 2px solid transparent; border-left: 6px solid #f4f4f4; border-bottom: 2px solid transparent; transform: translateX(16px) translateY(-4px) rotate(30deg);\"><\/div>\n<\/div>\n<div style=\"margin-left: auto;\">\n<div style=\"width: 0px; border-top: 8px solid #F4F4F4; border-right: 8px solid transparent; transform: translateY(16px);\"><\/div>\n<div style=\"background-color: #f4f4f4; flex-grow: 0; height: 12px; width: 16px; transform: translateY(-4px);\"><\/div>\n<div style=\"width: 0; height: 0; border-top: 8px solid #F4F4F4; border-left: 8px solid transparent; transform: translateY(-4px) translateX(8px);\"><\/div>\n<\/div>\n<\/div>\n<div style=\"display: flex; flex-direction: column; flex-grow: 1; justify-content: center; margin-bottom: 24px;\">\n<div style=\"background-color: #f4f4f4; border-radius: 4px; flex-grow: 0; height: 14px; margin-bottom: 6px; width: 224px;\"><\/div>\n<div style=\"background-color: #f4f4f4; border-radius: 4px; flex-grow: 0; height: 14px; width: 144px;\"><\/div>\n<\/div>\n<p>&nbsp;<\/p>\n<p style=\"color: #c9c8cd; font-family: Arial,sans-serif; font-size: 14px; line-height: 17px; margin-bottom: 0; margin-top: 8px; overflow: hidden; padding: 8px 0 7px; text-align: center; text-overflow: ellipsis; white-space: nowrap;\"><a style=\"color: #c9c8cd; font-family: Arial,sans-serif; font-size: 14px; font-style: normal; font-weight: normal; line-height: 17px; text-decoration: none;\" href=\"https:\/\/www.instagram.com\/p\/B5GTw2MCEjy\/?utm_source=ig_embed&amp;utm_campaign=loading\" target=\"_blank\" rel=\"noopener noreferrer\">Une publication partag\u00e9e par DREAM VIRGIN HAIR(LUXURYHAIR) (@amandineluxioushair)<\/a> le <time style=\"font-family: Arial,sans-serif; font-size: 14px; line-height: 17px;\" datetime=\"2019-11-20T19:15:02+00:00\">20 Nov. 2019 \u00e0 11\u00a0:15 PST<\/time><\/p>\n<\/div>\n<\/blockquote>\n<p><script async src=\"\/\/www.instagram.com\/embed.js\"><\/script><\/p>\n<h3>Entretien:<\/h3>\n<p>Shampoing (sans frotter) 1 \u00e0 2 fois par semaine \u00e0 l&#8217;eau ti\u00e8de.<br \/>\nAppliquer ensuite un apr\u00e8s-shampoing, un soin, ou masque capillaire \u00e0 laisser poser.<br \/>\nRincez puis enlever l&#8217;exc\u00e8s d&#8217;eau en tamponnant avec une serviette.<br \/>\nVous pouvez par la suite s\u00e9cher au s\u00e8che cheveu ou laisser s\u00e9cher \u00e0 l&#8217;air libre.<\/p>\n<h3>\u00c0 propos de Dream Virgin Hair:<\/h3>\n<p>Leader de la vente de m\u00e8ches (pour tissages) et perruques 100% human hair en France, Dream Virgin Hair est la r\u00e9f\u00e9rence pour des cheveux de qualit\u00e9 au meilleur prix. En plus de notre site internet vous pouvez \u00e9galement retrouver notre \u00e9quipe et nos produits au sein de notre salon de coiffure Keliyah Beaut\u00e9 situ\u00e9 au <strong>7 rue Ren\u00e9 Boulanger 75010 Paris<\/strong>, nous vous y accueillons avec et sans rendez-vous du mardi au samedi (vente, confection sur-mesure et prestations coiffure).<\/p>\n<h3>\u00c0 propos de notre site internet:<\/h3>\n<p>Site Fran\u00e7ais.<br \/>\nPaiements 100% s\u00e9curis\u00e9s.<br \/>\nToutes les commandes sont exp\u00e9di\u00e9es depuis la France (Paris).<br \/>\nD\u00e9lais de livraison (pour la France m\u00e9tropolitaine) : 24\/48h pour la livraison express, 2 \u00e0 5 jours pour une livraison Colissimo et 5-8 jours ouvrables pour une livraison point relais.<br \/>\n<strong>Suivi de commande:<\/strong><br \/>\nToutes les commandes disposent d&#8217;un num\u00e9ro de suivi qui vous sera automatiquement communiqu\u00e9 par e-mail d\u00e8s la commande exp\u00e9di\u00e9e.<br \/>\n<strong>Notre service client reste \u00e0 votre disposition<\/strong>. Pour toute question vous pouvez nous contacter via les r\u00e9seaux sociaux <a href=\"https:\/\/www.facebook.com\/dvhparis\/\" target=\"_blank\" rel=\"noopener noreferrer\">Facebook<\/a> et <a href=\"https:\/\/www.instagram.com\/amandineluxioushair\/\" target=\"_blank\" rel=\"noopener noreferrer\">Instagram<\/a> @amandineluxioushair.<\/p>\n<p><em>Remarque : Il n&#8217;est pas possible de retourner cet article.<\/em><\/p>\n","protected":false},"featured_media":142607,"comment_status":"closed","ping_status":"closed","template":"","meta":[],"product_brand":[],"product_cat":[1218,1108,1148,1132,1124,1125],"product_tag":[408],"class_list":{"0":"post-89043","1":"product","2":"type-product","3":"status-publish","4":"has-post-thumbnail","6":"product_cat-nouveautes","7":"product_cat-perruques","8":"product_cat-perruques-colorees","9":"product_cat-perruques-confection","10":"product_cat-perruques-lace-frontal","11":"product_cat-perruques-lisses","12":"product_tag-perruque-lisse","14":"first","15":"instock","16":"taxable","17":"shipping-taxable","18":"purchasable","19":"product-type-variable"},"acf":[],"yoast_head":"<!-- This site is optimized with the Yoast SEO plugin v25.3.1 - https:\/\/yoast.com\/wordpress\/plugins\/seo\/ -->\n<title>Perruque Lace Frontal Raw Hair - Christina - Dream Virgin Hair<\/title>\n<meta name=\"robots\" content=\"index, follow, max-snippet:-1, max-image-preview:large, max-video-preview:-1\" \/>\n<link rel=\"canonical\" href=\"https:\/\/lystes.store\/select\/dreamvirginhair\/product\/perruque-lace-frontal-raw-hair-christina\/\" \/>\n<meta property=\"og:locale\" content=\"en_US\" \/>\n<meta property=\"og:type\" content=\"article\" \/>\n<meta property=\"og:title\" content=\"Perruque Lace Frontal Raw Hair - Christina - Dream Virgin Hair\" \/>\n<meta property=\"og:description\" content=\"Superbe perruque Lace wig, cheveux 100% humains. Finition tr\u00e8s naturelle pour un effet perruque ind\u00e9tectable. Couleur : Noir naturel non color\u00e9 (marron tr\u00e8s fonc\u00e9). Style : Lisse. Bonnet taille standard. Densit\u00e9 : 180% Les tailles 12 et 14 pouces sont des Bob Cut    &nbsp;           Voir cette publication sur Instagram                       &nbsp; Une publication partag\u00e9e par DREAM VIRGIN HAIR(LUXURYHAIR) (@amandineluxioushair) le 20 Nov. 2019 \u00e0 11\u00a0:15 PST    Entretien: Shampoing (sans frotter) 1 \u00e0 2 fois par semaine \u00e0 l&#039;eau ti\u00e8de. Appliquer ensuite un apr\u00e8s-shampoing, un soin, ou masque capillaire \u00e0 laisser poser. Rincez puis enlever l&#039;exc\u00e8s d&#039;eau en tamponnant avec une serviette. Vous pouvez par la suite s\u00e9cher au s\u00e8che cheveu ou laisser s\u00e9cher \u00e0 l&#039;air libre. \u00c0 propos de Dream Virgin Hair: Leader de la vente de m\u00e8ches (pour tissages) et perruques 100% human hair en France, Dream Virgin Hair est la r\u00e9f\u00e9rence pour des cheveux de qualit\u00e9 au meilleur prix. En plus de notre site internet vous pouvez \u00e9galement retrouver notre \u00e9quipe et nos produits au sein de notre salon de coiffure Keliyah Beaut\u00e9 situ\u00e9 au 7 rue Ren\u00e9 Boulanger 75010 Paris, nous vous y accueillons avec et sans rendez-vous du mardi au samedi (vente, confection sur-mesure et prestations coiffure). \u00c0 propos de notre site internet: Site Fran\u00e7ais. Paiements 100% s\u00e9curis\u00e9s. Toutes les commandes sont exp\u00e9di\u00e9es depuis la France (Paris). D\u00e9lais de livraison (pour la France m\u00e9tropolitaine) : 24\/48h pour la livraison express, 2 \u00e0 5 jours pour une livraison Colissimo et 5-8 jours ouvrables pour une livraison point relais. Suivi de commande: Toutes les commandes disposent d&#039;un num\u00e9ro de suivi qui vous sera automatiquement communiqu\u00e9 par e-mail d\u00e8s la commande exp\u00e9di\u00e9e. Notre service client reste \u00e0 votre disposition. Pour toute question vous pouvez nous contacter via les r\u00e9seaux sociaux Facebook et Instagram @amandineluxioushair.  Remarque : Il n&#039;est pas possible de retourner cet article.\" \/>\n<meta property=\"og:url\" content=\"https:\/\/lystes.store\/select\/dreamvirginhair\/product\/perruque-lace-frontal-raw-hair-christina\/\" \/>\n<meta property=\"og:site_name\" content=\"Dream Virgin Hair\" \/>\n<meta property=\"article:modified_time\" content=\"2025-08-03T15:53:24+00:00\" \/>\n<meta name=\"twitter:card\" content=\"summary_large_image\" \/>\n<meta name=\"twitter:label1\" content=\"Est. reading time\" \/>\n\t<meta name=\"twitter:data1\" content=\"2 minutes\" \/>\n<script type=\"application\/ld+json\" class=\"yoast-schema-graph\">{\"@context\":\"https:\/\/schema.org\",\"@graph\":[{\"@type\":\"WebPage\",\"@id\":\"https:\/\/lystes.store\/select\/dreamvirginhair\/product\/perruque-lace-frontal-raw-hair-christina\/\",\"url\":\"https:\/\/lystes.store\/select\/dreamvirginhair\/product\/perruque-lace-frontal-raw-hair-christina\/\",\"name\":\"Perruque Lace Frontal Raw Hair - Christina - Dream Virgin Hair\",\"isPartOf\":{\"@id\":\"https:\/\/lystes.store\/select\/dreamvirginhair\/#website\"},\"primaryImageOfPage\":{\"@id\":\"https:\/\/lystes.store\/select\/dreamvirginhair\/product\/perruque-lace-frontal-raw-hair-christina\/#primaryimage\"},\"image\":{\"@id\":\"https:\/\/lystes.store\/select\/dreamvirginhair\/product\/perruque-lace-frontal-raw-hair-christina\/#primaryimage\"},\"thumbnailUrl\":\"https:\/\/i0.wp.com\/lystes.store\/select\/dreamvirginhair\/wp-content\/uploads\/sites\/14\/2025\/08\/75E7B431-4F12-4E84-8C2A-272169BFFF90-1.png?fit=%2C&ssl=1\",\"datePublished\":\"2025-03-20T21:10:08+00:00\",\"dateModified\":\"2025-08-03T15:53:24+00:00\",\"breadcrumb\":{\"@id\":\"https:\/\/lystes.store\/select\/dreamvirginhair\/product\/perruque-lace-frontal-raw-hair-christina\/#breadcrumb\"},\"inLanguage\":\"en-US\",\"potentialAction\":[{\"@type\":\"ReadAction\",\"target\":[\"https:\/\/lystes.store\/select\/dreamvirginhair\/product\/perruque-lace-frontal-raw-hair-christina\/\"]}]},{\"@type\":\"ImageObject\",\"inLanguage\":\"en-US\",\"@id\":\"https:\/\/lystes.store\/select\/dreamvirginhair\/product\/perruque-lace-frontal-raw-hair-christina\/#primaryimage\",\"url\":\"https:\/\/i0.wp.com\/lystes.store\/select\/dreamvirginhair\/wp-content\/uploads\/sites\/14\/2025\/08\/75E7B431-4F12-4E84-8C2A-272169BFFF90-1.png?fit=%2C&ssl=1\",\"contentUrl\":\"https:\/\/i0.wp.com\/lystes.store\/select\/dreamvirginhair\/wp-content\/uploads\/sites\/14\/2025\/08\/75E7B431-4F12-4E84-8C2A-272169BFFF90-1.png?fit=%2C&ssl=1\"},{\"@type\":\"BreadcrumbList\",\"@id\":\"https:\/\/lystes.store\/select\/dreamvirginhair\/product\/perruque-lace-frontal-raw-hair-christina\/#breadcrumb\",\"itemListElement\":[{\"@type\":\"ListItem\",\"position\":1,\"name\":\"Accueil\",\"item\":\"https:\/\/lystes.store\/select\/dreamvirginhair\/\"},{\"@type\":\"ListItem\",\"position\":2,\"name\":\"Boutique\",\"item\":\"https:\/\/lystes.store\/select\/dreamvirginhair\/boutique\/\"},{\"@type\":\"ListItem\",\"position\":3,\"name\":\"Perruque Lace Frontal Raw Hair &#8211; Christina\"}]},{\"@type\":\"WebSite\",\"@id\":\"https:\/\/lystes.store\/select\/dreamvirginhair\/#website\",\"url\":\"https:\/\/lystes.store\/select\/dreamvirginhair\/\",\"name\":\"Dream Virgin Hair\",\"description\":\"L&#039;excellence sinon rien\",\"potentialAction\":[{\"@type\":\"SearchAction\",\"target\":{\"@type\":\"EntryPoint\",\"urlTemplate\":\"https:\/\/lystes.store\/select\/dreamvirginhair\/?s={search_term_string}\"},\"query-input\":{\"@type\":\"PropertyValueSpecification\",\"valueRequired\":true,\"valueName\":\"search_term_string\"}}],\"inLanguage\":\"en-US\"}]}<\/script>\n<!-- \/ Yoast SEO plugin. -->","yoast_head_json":{"title":"Perruque Lace Frontal Raw Hair - Christina - Dream Virgin Hair","robots":{"index":"index","follow":"follow","max-snippet":"max-snippet:-1","max-image-preview":"max-image-preview:large","max-video-preview":"max-video-preview:-1"},"canonical":"https:\/\/lystes.store\/select\/dreamvirginhair\/product\/perruque-lace-frontal-raw-hair-christina\/","og_locale":"en_US","og_type":"article","og_title":"Perruque Lace Frontal Raw Hair - Christina - Dream Virgin Hair","og_description":"Superbe perruque Lace wig, cheveux 100% humains. Finition tr\u00e8s naturelle pour un effet perruque ind\u00e9tectable. Couleur : Noir naturel non color\u00e9 (marron tr\u00e8s fonc\u00e9). Style : Lisse. Bonnet taille standard. Densit\u00e9 : 180% Les tailles 12 et 14 pouces sont des Bob Cut    &nbsp;           Voir cette publication sur Instagram                       &nbsp; Une publication partag\u00e9e par DREAM VIRGIN HAIR(LUXURYHAIR) (@amandineluxioushair) le 20 Nov. 2019 \u00e0 11\u00a0:15 PST    Entretien: Shampoing (sans frotter) 1 \u00e0 2 fois par semaine \u00e0 l'eau ti\u00e8de. Appliquer ensuite un apr\u00e8s-shampoing, un soin, ou masque capillaire \u00e0 laisser poser. Rincez puis enlever l'exc\u00e8s d'eau en tamponnant avec une serviette. Vous pouvez par la suite s\u00e9cher au s\u00e8che cheveu ou laisser s\u00e9cher \u00e0 l'air libre. \u00c0 propos de Dream Virgin Hair: Leader de la vente de m\u00e8ches (pour tissages) et perruques 100% human hair en France, Dream Virgin Hair est la r\u00e9f\u00e9rence pour des cheveux de qualit\u00e9 au meilleur prix. En plus de notre site internet vous pouvez \u00e9galement retrouver notre \u00e9quipe et nos produits au sein de notre salon de coiffure Keliyah Beaut\u00e9 situ\u00e9 au 7 rue Ren\u00e9 Boulanger 75010 Paris, nous vous y accueillons avec et sans rendez-vous du mardi au samedi (vente, confection sur-mesure et prestations coiffure). \u00c0 propos de notre site internet: Site Fran\u00e7ais. Paiements 100% s\u00e9curis\u00e9s. Toutes les commandes sont exp\u00e9di\u00e9es depuis la France (Paris). D\u00e9lais de livraison (pour la France m\u00e9tropolitaine) : 24\/48h pour la livraison express, 2 \u00e0 5 jours pour une livraison Colissimo et 5-8 jours ouvrables pour une livraison point relais. Suivi de commande: Toutes les commandes disposent d'un num\u00e9ro de suivi qui vous sera automatiquement communiqu\u00e9 par e-mail d\u00e8s la commande exp\u00e9di\u00e9e. Notre service client reste \u00e0 votre disposition. Pour toute question vous pouvez nous contacter via les r\u00e9seaux sociaux Facebook et Instagram @amandineluxioushair.  Remarque : Il n'est pas possible de retourner cet article.","og_url":"https:\/\/lystes.store\/select\/dreamvirginhair\/product\/perruque-lace-frontal-raw-hair-christina\/","og_site_name":"Dream Virgin Hair","article_modified_time":"2025-08-03T15:53:24+00:00","twitter_card":"summary_large_image","twitter_misc":{"Est. reading time":"2 minutes"},"schema":{"@context":"https:\/\/schema.org","@graph":[{"@type":"WebPage","@id":"https:\/\/lystes.store\/select\/dreamvirginhair\/product\/perruque-lace-frontal-raw-hair-christina\/","url":"https:\/\/lystes.store\/select\/dreamvirginhair\/product\/perruque-lace-frontal-raw-hair-christina\/","name":"Perruque Lace Frontal Raw Hair - Christina - Dream Virgin Hair","isPartOf":{"@id":"https:\/\/lystes.store\/select\/dreamvirginhair\/#website"},"primaryImageOfPage":{"@id":"https:\/\/lystes.store\/select\/dreamvirginhair\/product\/perruque-lace-frontal-raw-hair-christina\/#primaryimage"},"image":{"@id":"https:\/\/lystes.store\/select\/dreamvirginhair\/product\/perruque-lace-frontal-raw-hair-christina\/#primaryimage"},"thumbnailUrl":"https:\/\/i0.wp.com\/lystes.store\/select\/dreamvirginhair\/wp-content\/uploads\/sites\/14\/2025\/08\/75E7B431-4F12-4E84-8C2A-272169BFFF90-1.png?fit=%2C&ssl=1","datePublished":"2025-03-20T21:10:08+00:00","dateModified":"2025-08-03T15:53:24+00:00","breadcrumb":{"@id":"https:\/\/lystes.store\/select\/dreamvirginhair\/product\/perruque-lace-frontal-raw-hair-christina\/#breadcrumb"},"inLanguage":"en-US","potentialAction":[{"@type":"ReadAction","target":["https:\/\/lystes.store\/select\/dreamvirginhair\/product\/perruque-lace-frontal-raw-hair-christina\/"]}]},{"@type":"ImageObject","inLanguage":"en-US","@id":"https:\/\/lystes.store\/select\/dreamvirginhair\/product\/perruque-lace-frontal-raw-hair-christina\/#primaryimage","url":"https:\/\/i0.wp.com\/lystes.store\/select\/dreamvirginhair\/wp-content\/uploads\/sites\/14\/2025\/08\/75E7B431-4F12-4E84-8C2A-272169BFFF90-1.png?fit=%2C&ssl=1","contentUrl":"https:\/\/i0.wp.com\/lystes.store\/select\/dreamvirginhair\/wp-content\/uploads\/sites\/14\/2025\/08\/75E7B431-4F12-4E84-8C2A-272169BFFF90-1.png?fit=%2C&ssl=1"},{"@type":"BreadcrumbList","@id":"https:\/\/lystes.store\/select\/dreamvirginhair\/product\/perruque-lace-frontal-raw-hair-christina\/#breadcrumb","itemListElement":[{"@type":"ListItem","position":1,"name":"Accueil","item":"https:\/\/lystes.store\/select\/dreamvirginhair\/"},{"@type":"ListItem","position":2,"name":"Boutique","item":"https:\/\/lystes.store\/select\/dreamvirginhair\/boutique\/"},{"@type":"ListItem","position":3,"name":"Perruque Lace Frontal Raw Hair &#8211; Christina"}]},{"@type":"WebSite","@id":"https:\/\/lystes.store\/select\/dreamvirginhair\/#website","url":"https:\/\/lystes.store\/select\/dreamvirginhair\/","name":"Dream Virgin Hair","description":"L&#039;excellence sinon rien","potentialAction":[{"@type":"SearchAction","target":{"@type":"EntryPoint","urlTemplate":"https:\/\/lystes.store\/select\/dreamvirginhair\/?s={search_term_string}"},"query-input":{"@type":"PropertyValueSpecification","valueRequired":true,"valueName":"search_term_string"}}],"inLanguage":"en-US"}]}},"_links":{"self":[{"href":"https:\/\/lystes.store\/select\/dreamvirginhair\/wp-json\/wp\/v2\/product\/89043","targetHints":{"allow":["GET"]}}],"collection":[{"href":"https:\/\/lystes.store\/select\/dreamvirginhair\/wp-json\/wp\/v2\/product"}],"about":[{"href":"https:\/\/lystes.store\/select\/dreamvirginhair\/wp-json\/wp\/v2\/types\/product"}],"replies":[{"embeddable":true,"href":"https:\/\/lystes.store\/select\/dreamvirginhair\/wp-json\/wp\/v2\/comments?post=89043"}],"wp:featuredmedia":[{"embeddable":true,"href":"https:\/\/lystes.store\/select\/dreamvirginhair\/wp-json\/wp\/v2\/media\/142607"}],"wp:attachment":[{"href":"https:\/\/lystes.store\/select\/dreamvirginhair\/wp-json\/wp\/v2\/media?parent=89043"}],"wp:term":[{"taxonomy":"product_brand","embeddable":true,"href":"https:\/\/lystes.store\/select\/dreamvirginhair\/wp-json\/wp\/v2\/product_brand?post=89043"},{"taxonomy":"product_cat","embeddable":true,"href":"https:\/\/lystes.store\/select\/dreamvirginhair\/wp-json\/wp\/v2\/product_cat?post=89043"},{"taxonomy":"product_tag","embeddable":true,"href":"https:\/\/lystes.store\/select\/dreamvirginhair\/wp-json\/wp\/v2\/product_tag?post=89043"}],"curies":[{"name":"wp","href":"https:\/\/api.w.org\/{rel}","templated":true}]}}