{"id":88509,"date":"2025-03-20T22:05:37","date_gmt":"2025-03-20T21:05:37","guid":{"rendered":"https:\/\/lystes.store\/select\/dreamvirginhair\/?post_type=product&#038;p=88509"},"modified":"2025-08-03T17:49:33","modified_gmt":"2025-08-03T15:49:33","slug":"perruque-closure-zara","status":"publish","type":"product","link":"https:\/\/lystes.store\/select\/dreamvirginhair\/product\/perruque-closure-zara\/","title":{"rendered":"Perruque Closure &#8211; Zara"},"content":{"rendered":"<p>\u00c9l\u00e9gante perruque closure, lisse, avec son style intemporel, ind\u00e9modable, tr\u00e8s facile \u00e0 porter au quotidien, un basique \u00e0 avoir absolument !<br \/>\n<strong>Perruque sans colle.<\/strong><br \/>\nCouleur : marron tr\u00e8s fonc\u00e9 (couleur naturelle du cheveu non color\u00e9)<br \/>\nComposition :  3 paquets Asian Hair 16&#8243; + closure lisse 14&#8243;<\/p>\n<p><strong>Comme toutes nos perruques, ce mod\u00e8le est 100% cheveux humains<\/strong><\/p>\n<h3>Entretien:<\/h3>\n<p>Shampoing (sans frotter) 1 \u00e0 2 fois par semaine \u00e0 l&#8217;eau ti\u00e8de.<br \/>\nAppliquer ensuite un apr\u00e8s-shampoing, un soin, ou masque capillaire \u00e0 laisser poser.<br \/>\nRincez puis enlever l&#8217;exc\u00e8s d&#8217;eau en tamponnant avec une serviette.<br \/>\nVous pouvez par la suite s\u00e9cher au s\u00e8che cheveu ou laisser s\u00e9cher \u00e0 l&#8217;air libre. <\/p>\n<h3>\u00c0 propos de Dream Virgin Hair:<\/h3>\n<p>Leader de la vente de m\u00e8ches (pour tissages) et perruques 100% human hair en France, Dream Virgin Hair est la r\u00e9f\u00e9rence pour des cheveux de qualit\u00e9 au meilleur prix. En plus de notre site internet vous pouvez \u00e9galement retrouver notre \u00e9quipe et nos produits au sein de notre salon de coiffure Keliyah Beaut\u00e9 situ\u00e9 au <strong>7 rue Ren\u00e9 Boulanger 75010 Paris<\/strong>, nous vous y accueillons avec et sans rendez-vous du mardi au samedi (vente, confection sur-mesure et prestations coiffure).<\/p>\n<h3>\u00c0 propos de notre site internet:<\/h3>\n<p>Site Fran\u00e7ais.<br \/>\nPaiements 100% s\u00e9curis\u00e9s.<br \/>\nToutes les commandes sont exp\u00e9di\u00e9es depuis la France (Paris).<br \/>\nD\u00e9lais de livraison (pour la France m\u00e9tropolitaine) : 24\/48h pour la livraison express, 2 \u00e0 5 jours pour une livraison Colissimo et 5-8 jours ouvrables pour une livraison point relais.<br \/>\n<strong>Suivi de commande:<\/strong><br \/>\nToutes les commandes disposent d&#8217;un num\u00e9ro de suivi qui vous sera automatiquement communiqu\u00e9 par e-mail d\u00e8s la commande exp\u00e9di\u00e9e.<br \/>\n<strong>Notre service client reste \u00e0 votre disposition<\/strong>. Pour toute question vous pouvez nous contacter via les r\u00e9seaux sociaux <a href=\"https:\/\/www.facebook.com\/dvhparis\/\" rel=\"noopener noreferrer\" target=\"_blank\">Facebook<\/a> et <a href=\"https:\/\/www.instagram.com\/amandineluxioushair\/\" rel=\"noopener noreferrer\" target=\"_blank\">Instagram<\/a> @amandineluxioushair.<\/p>\n<p><em>Remarque : Cet article \u00e9tant confectionn\u00e9 \u00e0 la commande, il n&#8217;est pas possible de le retourner. La confection de cet article n\u00e9cessite un d\u00e9lai de quelques jours avant exp\u00e9dition de la commande<\/em><\/p>\n","protected":false},"excerpt":{"rendered":"<p>\u00c9l\u00e9gante perruque closure, lisse, avec son style intemporel, ind\u00e9modable, tr\u00e8s facile \u00e0 porter au quotidien, un basique \u00e0 avoir absolument ! Perruque sans colle. Couleur : marron tr\u00e8s fonc\u00e9 (couleur naturelle du cheveu non color\u00e9) Composition : 3 paquets Asian Hair 16&#8243; + closure lisse 14&#8243; Comme toutes nos perruques, [&hellip;]<\/p>\n","protected":false},"featured_media":142383,"comment_status":"closed","ping_status":"closed","template":"","meta":[],"product_brand":[],"product_cat":[1073,1074,1108,1145,1132,1125],"product_tag":[504],"class_list":{"0":"post-88509","1":"product","2":"type-product","3":"status-publish","4":"has-post-thumbnail","6":"product_cat-all","7":"product_cat-home","8":"product_cat-perruques","9":"product_cat-perruques-closure","10":"product_cat-perruques-confection","11":"product_cat-perruques-lisses","12":"product_tag-perruque-closure","13":"product_shipping_class-confection-perruque","15":"first","16":"instock","17":"taxable","18":"shipping-taxable","19":"purchasable","20":"product-type-variable"},"acf":[],"yoast_head":"<!-- This site is optimized with the Yoast SEO plugin v25.3.1 - https:\/\/yoast.com\/wordpress\/plugins\/seo\/ -->\n<title>Perruque Closure - Zara - Dream Virgin Hair<\/title>\n<meta name=\"robots\" content=\"index, follow, max-snippet:-1, max-image-preview:large, max-video-preview:-1\" \/>\n<link rel=\"canonical\" href=\"https:\/\/lystes.store\/select\/dreamvirginhair\/product\/perruque-closure-zara\/\" \/>\n<meta property=\"og:locale\" content=\"en_US\" \/>\n<meta property=\"og:type\" content=\"article\" \/>\n<meta property=\"og:title\" content=\"Perruque Closure - Zara - Dream Virgin Hair\" \/>\n<meta property=\"og:description\" content=\"\u00c9l\u00e9gante perruque closure, lisse, avec son style intemporel, ind\u00e9modable, tr\u00e8s facile \u00e0 porter au quotidien, un basique \u00e0 avoir absolument ! Perruque sans colle. Couleur : marron tr\u00e8s fonc\u00e9 (couleur naturelle du cheveu non color\u00e9) Composition : 3 paquets Asian Hair 16&#8243; + closure lisse 14&#8243; Comme toutes nos perruques, [&hellip;]\" \/>\n<meta property=\"og:url\" content=\"https:\/\/lystes.store\/select\/dreamvirginhair\/product\/perruque-closure-zara\/\" \/>\n<meta property=\"og:site_name\" content=\"Dream Virgin Hair\" \/>\n<meta property=\"article:modified_time\" content=\"2025-08-03T15:49:33+00:00\" \/>\n<meta name=\"twitter:card\" content=\"summary_large_image\" \/>\n<meta name=\"twitter:label1\" content=\"Est. reading time\" \/>\n\t<meta name=\"twitter:data1\" content=\"2 minutes\" \/>\n<script type=\"application\/ld+json\" class=\"yoast-schema-graph\">{\"@context\":\"https:\/\/schema.org\",\"@graph\":[{\"@type\":\"WebPage\",\"@id\":\"https:\/\/lystes.store\/select\/dreamvirginhair\/product\/perruque-closure-zara\/\",\"url\":\"https:\/\/lystes.store\/select\/dreamvirginhair\/product\/perruque-closure-zara\/\",\"name\":\"Perruque Closure - Zara - Dream Virgin Hair\",\"isPartOf\":{\"@id\":\"https:\/\/lystes.store\/select\/dreamvirginhair\/#website\"},\"primaryImageOfPage\":{\"@id\":\"https:\/\/lystes.store\/select\/dreamvirginhair\/product\/perruque-closure-zara\/#primaryimage\"},\"image\":{\"@id\":\"https:\/\/lystes.store\/select\/dreamvirginhair\/product\/perruque-closure-zara\/#primaryimage\"},\"thumbnailUrl\":\"https:\/\/i0.wp.com\/lystes.store\/select\/dreamvirginhair\/wp-content\/uploads\/sites\/14\/2025\/08\/E07FBBFC-1F66-4130-B96D-46040AFF854D-1.png?fit=%2C&ssl=1\",\"datePublished\":\"2025-03-20T21:05:37+00:00\",\"dateModified\":\"2025-08-03T15:49:33+00:00\",\"breadcrumb\":{\"@id\":\"https:\/\/lystes.store\/select\/dreamvirginhair\/product\/perruque-closure-zara\/#breadcrumb\"},\"inLanguage\":\"en-US\",\"potentialAction\":[{\"@type\":\"ReadAction\",\"target\":[\"https:\/\/lystes.store\/select\/dreamvirginhair\/product\/perruque-closure-zara\/\"]}]},{\"@type\":\"ImageObject\",\"inLanguage\":\"en-US\",\"@id\":\"https:\/\/lystes.store\/select\/dreamvirginhair\/product\/perruque-closure-zara\/#primaryimage\",\"url\":\"https:\/\/i0.wp.com\/lystes.store\/select\/dreamvirginhair\/wp-content\/uploads\/sites\/14\/2025\/08\/E07FBBFC-1F66-4130-B96D-46040AFF854D-1.png?fit=%2C&ssl=1\",\"contentUrl\":\"https:\/\/i0.wp.com\/lystes.store\/select\/dreamvirginhair\/wp-content\/uploads\/sites\/14\/2025\/08\/E07FBBFC-1F66-4130-B96D-46040AFF854D-1.png?fit=%2C&ssl=1\"},{\"@type\":\"BreadcrumbList\",\"@id\":\"https:\/\/lystes.store\/select\/dreamvirginhair\/product\/perruque-closure-zara\/#breadcrumb\",\"itemListElement\":[{\"@type\":\"ListItem\",\"position\":1,\"name\":\"Accueil\",\"item\":\"https:\/\/lystes.store\/select\/dreamvirginhair\/\"},{\"@type\":\"ListItem\",\"position\":2,\"name\":\"Boutique\",\"item\":\"https:\/\/lystes.store\/select\/dreamvirginhair\/boutique\/\"},{\"@type\":\"ListItem\",\"position\":3,\"name\":\"Perruque Closure &#8211; Zara\"}]},{\"@type\":\"WebSite\",\"@id\":\"https:\/\/lystes.store\/select\/dreamvirginhair\/#website\",\"url\":\"https:\/\/lystes.store\/select\/dreamvirginhair\/\",\"name\":\"Dream Virgin Hair\",\"description\":\"L&#039;excellence sinon rien\",\"potentialAction\":[{\"@type\":\"SearchAction\",\"target\":{\"@type\":\"EntryPoint\",\"urlTemplate\":\"https:\/\/lystes.store\/select\/dreamvirginhair\/?s={search_term_string}\"},\"query-input\":{\"@type\":\"PropertyValueSpecification\",\"valueRequired\":true,\"valueName\":\"search_term_string\"}}],\"inLanguage\":\"en-US\"}]}<\/script>\n<!-- \/ Yoast SEO plugin. -->","yoast_head_json":{"title":"Perruque Closure - Zara - Dream Virgin Hair","robots":{"index":"index","follow":"follow","max-snippet":"max-snippet:-1","max-image-preview":"max-image-preview:large","max-video-preview":"max-video-preview:-1"},"canonical":"https:\/\/lystes.store\/select\/dreamvirginhair\/product\/perruque-closure-zara\/","og_locale":"en_US","og_type":"article","og_title":"Perruque Closure - Zara - Dream Virgin Hair","og_description":"\u00c9l\u00e9gante perruque closure, lisse, avec son style intemporel, ind\u00e9modable, tr\u00e8s facile \u00e0 porter au quotidien, un basique \u00e0 avoir absolument ! Perruque sans colle. Couleur : marron tr\u00e8s fonc\u00e9 (couleur naturelle du cheveu non color\u00e9) Composition : 3 paquets Asian Hair 16&#8243; + closure lisse 14&#8243; Comme toutes nos perruques, [&hellip;]","og_url":"https:\/\/lystes.store\/select\/dreamvirginhair\/product\/perruque-closure-zara\/","og_site_name":"Dream Virgin Hair","article_modified_time":"2025-08-03T15:49:33+00:00","twitter_card":"summary_large_image","twitter_misc":{"Est. reading time":"2 minutes"},"schema":{"@context":"https:\/\/schema.org","@graph":[{"@type":"WebPage","@id":"https:\/\/lystes.store\/select\/dreamvirginhair\/product\/perruque-closure-zara\/","url":"https:\/\/lystes.store\/select\/dreamvirginhair\/product\/perruque-closure-zara\/","name":"Perruque Closure - Zara - Dream Virgin Hair","isPartOf":{"@id":"https:\/\/lystes.store\/select\/dreamvirginhair\/#website"},"primaryImageOfPage":{"@id":"https:\/\/lystes.store\/select\/dreamvirginhair\/product\/perruque-closure-zara\/#primaryimage"},"image":{"@id":"https:\/\/lystes.store\/select\/dreamvirginhair\/product\/perruque-closure-zara\/#primaryimage"},"thumbnailUrl":"https:\/\/i0.wp.com\/lystes.store\/select\/dreamvirginhair\/wp-content\/uploads\/sites\/14\/2025\/08\/E07FBBFC-1F66-4130-B96D-46040AFF854D-1.png?fit=%2C&ssl=1","datePublished":"2025-03-20T21:05:37+00:00","dateModified":"2025-08-03T15:49:33+00:00","breadcrumb":{"@id":"https:\/\/lystes.store\/select\/dreamvirginhair\/product\/perruque-closure-zara\/#breadcrumb"},"inLanguage":"en-US","potentialAction":[{"@type":"ReadAction","target":["https:\/\/lystes.store\/select\/dreamvirginhair\/product\/perruque-closure-zara\/"]}]},{"@type":"ImageObject","inLanguage":"en-US","@id":"https:\/\/lystes.store\/select\/dreamvirginhair\/product\/perruque-closure-zara\/#primaryimage","url":"https:\/\/i0.wp.com\/lystes.store\/select\/dreamvirginhair\/wp-content\/uploads\/sites\/14\/2025\/08\/E07FBBFC-1F66-4130-B96D-46040AFF854D-1.png?fit=%2C&ssl=1","contentUrl":"https:\/\/i0.wp.com\/lystes.store\/select\/dreamvirginhair\/wp-content\/uploads\/sites\/14\/2025\/08\/E07FBBFC-1F66-4130-B96D-46040AFF854D-1.png?fit=%2C&ssl=1"},{"@type":"BreadcrumbList","@id":"https:\/\/lystes.store\/select\/dreamvirginhair\/product\/perruque-closure-zara\/#breadcrumb","itemListElement":[{"@type":"ListItem","position":1,"name":"Accueil","item":"https:\/\/lystes.store\/select\/dreamvirginhair\/"},{"@type":"ListItem","position":2,"name":"Boutique","item":"https:\/\/lystes.store\/select\/dreamvirginhair\/boutique\/"},{"@type":"ListItem","position":3,"name":"Perruque Closure &#8211; Zara"}]},{"@type":"WebSite","@id":"https:\/\/lystes.store\/select\/dreamvirginhair\/#website","url":"https:\/\/lystes.store\/select\/dreamvirginhair\/","name":"Dream Virgin Hair","description":"L&#039;excellence sinon rien","potentialAction":[{"@type":"SearchAction","target":{"@type":"EntryPoint","urlTemplate":"https:\/\/lystes.store\/select\/dreamvirginhair\/?s={search_term_string}"},"query-input":{"@type":"PropertyValueSpecification","valueRequired":true,"valueName":"search_term_string"}}],"inLanguage":"en-US"}]}},"_links":{"self":[{"href":"https:\/\/lystes.store\/select\/dreamvirginhair\/wp-json\/wp\/v2\/product\/88509","targetHints":{"allow":["GET"]}}],"collection":[{"href":"https:\/\/lystes.store\/select\/dreamvirginhair\/wp-json\/wp\/v2\/product"}],"about":[{"href":"https:\/\/lystes.store\/select\/dreamvirginhair\/wp-json\/wp\/v2\/types\/product"}],"replies":[{"embeddable":true,"href":"https:\/\/lystes.store\/select\/dreamvirginhair\/wp-json\/wp\/v2\/comments?post=88509"}],"wp:featuredmedia":[{"embeddable":true,"href":"https:\/\/lystes.store\/select\/dreamvirginhair\/wp-json\/wp\/v2\/media\/142383"}],"wp:attachment":[{"href":"https:\/\/lystes.store\/select\/dreamvirginhair\/wp-json\/wp\/v2\/media?parent=88509"}],"wp:term":[{"taxonomy":"product_brand","embeddable":true,"href":"https:\/\/lystes.store\/select\/dreamvirginhair\/wp-json\/wp\/v2\/product_brand?post=88509"},{"taxonomy":"product_cat","embeddable":true,"href":"https:\/\/lystes.store\/select\/dreamvirginhair\/wp-json\/wp\/v2\/product_cat?post=88509"},{"taxonomy":"product_tag","embeddable":true,"href":"https:\/\/lystes.store\/select\/dreamvirginhair\/wp-json\/wp\/v2\/product_tag?post=88509"}],"curies":[{"name":"wp","href":"https:\/\/api.w.org\/{rel}","templated":true}]}}