{"id":88427,"date":"2025-03-20T22:04:56","date_gmt":"2025-03-20T21:04:56","guid":{"rendered":"https:\/\/lystes.store\/select\/dreamvirginhair\/?post_type=product&#038;p=88427"},"modified":"2025-08-03T17:48:44","modified_gmt":"2025-08-03T15:48:44","slug":"peigne-chauffant-lisseur","status":"publish","type":"product","link":"https:\/\/lystes.store\/select\/dreamvirginhair\/product\/peigne-chauffant-lisseur\/","title":{"rendered":"Peigne chauffant lisseur"},"content":{"rendered":"<h3><strong>Peigne Chauffant Lisseur &#8211; Le soin capillaire \u00e0 port\u00e9e de main<\/strong><\/h3>\n<p>Obtenez des cheveux lisses, brillants et soyeux en un seul geste avec notre <strong>Peigne Chauffant Lisseur<\/strong>. Con\u00e7u pour offrir une performance de lissage rapide et efficace, cet appareil innovant combine la praticit\u00e9 d&#8217;un peigne et la puissance d&#8217;un lisseur pour sublimer vos cheveux sans les ab\u00eemer.<\/p>\n<h3><strong>Caract\u00e9ristiques principales :<\/strong><\/h3>\n<ul>\n<li><strong>Technologie de chauffe rapide<\/strong> : Gr\u00e2ce \u00e0 ses plaques chauffantes et ses dents en c\u00e9ramique, ce peigne chauffe rapidement et diffuse la chaleur de mani\u00e8re uniforme pour un lissage parfait en un minimum de temps.<\/li>\n<li><strong>Design ergonomique<\/strong> : Facile \u00e0 utiliser, son format peigne permet un coiffage intuitif, tout en permettant un contr\u00f4le pr\u00e9cis pour chaque m\u00e8che de cheveux.<\/li>\n<li><strong>R\u00e9glage de temp\u00e9rature<\/strong> : Personnalisez votre exp\u00e9rience de coiffure avec des temp\u00e9ratures ajustables adapt\u00e9es \u00e0 vos besoins et au type de cheveux (jusqu&#8217;\u00e0 260\u00b0C).<\/li>\n<li><strong>Soin des cheveux<\/strong> : La technologie ionique int\u00e9gr\u00e9e r\u00e9duit les frisottis et prot\u00e8ge vos cheveux des dommages caus\u00e9s par la chaleur, pour des cheveux doux et lisses sans effets de s\u00e9cheresse.<\/li>\n<li><strong>Convient \u00e0 tous les types de cheveux<\/strong> : Que vous ayez les cheveux raides, boucl\u00e9s, ou fris\u00e9s, ce peigne chauffant s&#8217;adapte \u00e0 tous les types de cheveux pour un lissage parfait et naturel.<\/li>\n<li><strong>Facile \u00e0 transporter<\/strong> : Compact et l\u00e9ger, il est id\u00e9al pour une utilisation \u00e0 la maison ou en d\u00e9placement.<\/li>\n<\/ul>\n<h3><strong>Pourquoi choisir notre Peigne Chauffant Lisseur ?<\/strong><\/h3>\n<p>Le <strong>Peigne Chauffant Lisseur<\/strong> vous permet de r\u00e9aliser un lissage rapide et efficace \u00e0 la maison, tout en prenant soin de la sant\u00e9 de vos cheveux. Il est parfait pour ceux qui souhaitent un look lisse et soign\u00e9 sans passer des heures \u00e0 se coiffer. Plus qu&#8217;un simple lisseur, il devient un v\u00e9ritable alli\u00e9 beaut\u00e9, vous offrant une chevelure lisse, brillante et pleine de vitalit\u00e9.<\/p>\n<p><strong>Adoptez-le pour un lissage professionnel en toute simplicit\u00e9 !<\/strong><\/p>\n<p>\u00c0 propos de Dream Virgin Hair:<\/p>\n<p>Leader de la vente de m\u00e8ches (pour tissages) et perruques 100% human hair en France, Dream Virgin Hair est la r\u00e9f\u00e9rence pour des cheveux de qualit\u00e9 au meilleur prix. En plus de notre site internet vous pouvez \u00e9galement retrouver notre \u00e9quipe et nos produits au sein de notre salon de coiffure Keliyah Beaut\u00e9 situ\u00e9 au <strong>7 rue Ren\u00e9 Boulanger 75010 Paris<\/strong>, nous vous y accueillons avec et sans rendez-vous du mardi au samedi (vente, confection sur-mesure et prestations coiffure).<\/p>\n<h3>\u00c0 propos de notre site internet:<\/h3>\n<p>Site Fran\u00e7ais.<br \/>\nPaiements 100% s\u00e9curis\u00e9s.<br \/>\nToutes les commandes sont exp\u00e9di\u00e9es depuis la France (Paris).<br \/>\nD\u00e9lais de livraison (pour la France m\u00e9tropolitaine) : 24\/48h pour la livraison express et 5-8 jours ouvrables pour une livraison point relais.<br \/>\n<strong>Suivi de commande:<\/strong><br \/>\nToutes les commandes disposent d&#8217;un num\u00e9ro de suivi qui vous sera automatiquement communiqu\u00e9 par e-mail d\u00e8s la commande exp\u00e9di\u00e9e.<br \/>\n<strong>Notre service client reste \u00e0 votre disposition<\/strong>. Pour toute question vous pouvez nous contacter via les r\u00e9seaux sociaux <a href=\"https:\/\/www.facebook.com\/dvhparis\/\" target=\"_blank\" rel=\"noopener noreferrer\">Facebook<\/a> et <a href=\"https:\/\/www.instagram.com\/amandineluxioushair\/\" target=\"_blank\" rel=\"noopener noreferrer\">Instagram<\/a> @amandineluxioushair.<\/p>\n","protected":false},"excerpt":{"rendered":"<p>L\u2019accessoire id\u00e9al pour lisser sans effort, jusqu\u2019\u00e0 la racine, bien aplatir et tracez vos raies. Parfait entre autre pour vos lace frontal.<\/p>\n","protected":false},"featured_media":142334,"comment_status":"open","ping_status":"closed","template":"","meta":[],"product_brand":[],"product_cat":[1072,1073,1182,1178,1074,1131],"product_tag":[],"class_list":{"0":"post-88427","1":"product","2":"type-product","3":"status-publish","4":"has-post-thumbnail","6":"product_cat-accessoires","7":"product_cat-all","8":"product_cat-black-friday","9":"product_cat-dvh-outlet","10":"product_cat-home","11":"product_cat-promotions","13":"first","14":"instock","15":"sale","16":"taxable","17":"shipping-taxable","18":"purchasable","19":"product-type-simple"},"acf":[],"yoast_head":"<!-- This site is optimized with the Yoast SEO plugin v25.3.1 - https:\/\/yoast.com\/wordpress\/plugins\/seo\/ -->\n<title>Peigne chauffant lisseur - Dream Virgin Hair<\/title>\n<meta name=\"robots\" content=\"index, follow, max-snippet:-1, max-image-preview:large, max-video-preview:-1\" \/>\n<link rel=\"canonical\" href=\"https:\/\/lystes.store\/select\/dreamvirginhair\/product\/peigne-chauffant-lisseur\/\" \/>\n<meta property=\"og:locale\" content=\"en_US\" \/>\n<meta property=\"og:type\" content=\"article\" \/>\n<meta property=\"og:title\" content=\"Peigne chauffant lisseur - Dream Virgin Hair\" \/>\n<meta property=\"og:description\" content=\"L\u2019accessoire id\u00e9al pour lisser sans effort, jusqu\u2019\u00e0 la racine, bien aplatir et tracez vos raies. Parfait entre autre pour vos lace frontal.\" \/>\n<meta property=\"og:url\" content=\"https:\/\/lystes.store\/select\/dreamvirginhair\/product\/peigne-chauffant-lisseur\/\" \/>\n<meta property=\"og:site_name\" content=\"Dream Virgin Hair\" \/>\n<meta property=\"article:modified_time\" content=\"2025-08-03T15:48:44+00:00\" \/>\n<meta name=\"twitter:card\" content=\"summary_large_image\" \/>\n<meta name=\"twitter:label1\" content=\"Est. reading time\" \/>\n\t<meta name=\"twitter:data1\" content=\"2 minutes\" \/>\n<script type=\"application\/ld+json\" class=\"yoast-schema-graph\">{\"@context\":\"https:\/\/schema.org\",\"@graph\":[{\"@type\":\"WebPage\",\"@id\":\"https:\/\/lystes.store\/select\/dreamvirginhair\/product\/peigne-chauffant-lisseur\/\",\"url\":\"https:\/\/lystes.store\/select\/dreamvirginhair\/product\/peigne-chauffant-lisseur\/\",\"name\":\"Peigne chauffant lisseur - Dream Virgin Hair\",\"isPartOf\":{\"@id\":\"https:\/\/lystes.store\/select\/dreamvirginhair\/#website\"},\"primaryImageOfPage\":{\"@id\":\"https:\/\/lystes.store\/select\/dreamvirginhair\/product\/peigne-chauffant-lisseur\/#primaryimage\"},\"image\":{\"@id\":\"https:\/\/lystes.store\/select\/dreamvirginhair\/product\/peigne-chauffant-lisseur\/#primaryimage\"},\"thumbnailUrl\":\"https:\/\/i0.wp.com\/lystes.store\/select\/dreamvirginhair\/wp-content\/uploads\/sites\/14\/2025\/08\/IMG_3209-1.png?fit=%2C&ssl=1\",\"datePublished\":\"2025-03-20T21:04:56+00:00\",\"dateModified\":\"2025-08-03T15:48:44+00:00\",\"breadcrumb\":{\"@id\":\"https:\/\/lystes.store\/select\/dreamvirginhair\/product\/peigne-chauffant-lisseur\/#breadcrumb\"},\"inLanguage\":\"en-US\",\"potentialAction\":[{\"@type\":\"ReadAction\",\"target\":[\"https:\/\/lystes.store\/select\/dreamvirginhair\/product\/peigne-chauffant-lisseur\/\"]}]},{\"@type\":\"ImageObject\",\"inLanguage\":\"en-US\",\"@id\":\"https:\/\/lystes.store\/select\/dreamvirginhair\/product\/peigne-chauffant-lisseur\/#primaryimage\",\"url\":\"https:\/\/i0.wp.com\/lystes.store\/select\/dreamvirginhair\/wp-content\/uploads\/sites\/14\/2025\/08\/IMG_3209-1.png?fit=%2C&ssl=1\",\"contentUrl\":\"https:\/\/i0.wp.com\/lystes.store\/select\/dreamvirginhair\/wp-content\/uploads\/sites\/14\/2025\/08\/IMG_3209-1.png?fit=%2C&ssl=1\"},{\"@type\":\"BreadcrumbList\",\"@id\":\"https:\/\/lystes.store\/select\/dreamvirginhair\/product\/peigne-chauffant-lisseur\/#breadcrumb\",\"itemListElement\":[{\"@type\":\"ListItem\",\"position\":1,\"name\":\"Accueil\",\"item\":\"https:\/\/lystes.store\/select\/dreamvirginhair\/\"},{\"@type\":\"ListItem\",\"position\":2,\"name\":\"Boutique\",\"item\":\"https:\/\/lystes.store\/select\/dreamvirginhair\/boutique\/\"},{\"@type\":\"ListItem\",\"position\":3,\"name\":\"Peigne chauffant lisseur\"}]},{\"@type\":\"WebSite\",\"@id\":\"https:\/\/lystes.store\/select\/dreamvirginhair\/#website\",\"url\":\"https:\/\/lystes.store\/select\/dreamvirginhair\/\",\"name\":\"Dream Virgin Hair\",\"description\":\"L&#039;excellence sinon rien\",\"potentialAction\":[{\"@type\":\"SearchAction\",\"target\":{\"@type\":\"EntryPoint\",\"urlTemplate\":\"https:\/\/lystes.store\/select\/dreamvirginhair\/?s={search_term_string}\"},\"query-input\":{\"@type\":\"PropertyValueSpecification\",\"valueRequired\":true,\"valueName\":\"search_term_string\"}}],\"inLanguage\":\"en-US\"}]}<\/script>\n<!-- \/ Yoast SEO plugin. -->","yoast_head_json":{"title":"Peigne chauffant lisseur - Dream Virgin Hair","robots":{"index":"index","follow":"follow","max-snippet":"max-snippet:-1","max-image-preview":"max-image-preview:large","max-video-preview":"max-video-preview:-1"},"canonical":"https:\/\/lystes.store\/select\/dreamvirginhair\/product\/peigne-chauffant-lisseur\/","og_locale":"en_US","og_type":"article","og_title":"Peigne chauffant lisseur - Dream Virgin Hair","og_description":"L\u2019accessoire id\u00e9al pour lisser sans effort, jusqu\u2019\u00e0 la racine, bien aplatir et tracez vos raies. Parfait entre autre pour vos lace frontal.","og_url":"https:\/\/lystes.store\/select\/dreamvirginhair\/product\/peigne-chauffant-lisseur\/","og_site_name":"Dream Virgin Hair","article_modified_time":"2025-08-03T15:48:44+00:00","twitter_card":"summary_large_image","twitter_misc":{"Est. reading time":"2 minutes"},"schema":{"@context":"https:\/\/schema.org","@graph":[{"@type":"WebPage","@id":"https:\/\/lystes.store\/select\/dreamvirginhair\/product\/peigne-chauffant-lisseur\/","url":"https:\/\/lystes.store\/select\/dreamvirginhair\/product\/peigne-chauffant-lisseur\/","name":"Peigne chauffant lisseur - Dream Virgin Hair","isPartOf":{"@id":"https:\/\/lystes.store\/select\/dreamvirginhair\/#website"},"primaryImageOfPage":{"@id":"https:\/\/lystes.store\/select\/dreamvirginhair\/product\/peigne-chauffant-lisseur\/#primaryimage"},"image":{"@id":"https:\/\/lystes.store\/select\/dreamvirginhair\/product\/peigne-chauffant-lisseur\/#primaryimage"},"thumbnailUrl":"https:\/\/i0.wp.com\/lystes.store\/select\/dreamvirginhair\/wp-content\/uploads\/sites\/14\/2025\/08\/IMG_3209-1.png?fit=%2C&ssl=1","datePublished":"2025-03-20T21:04:56+00:00","dateModified":"2025-08-03T15:48:44+00:00","breadcrumb":{"@id":"https:\/\/lystes.store\/select\/dreamvirginhair\/product\/peigne-chauffant-lisseur\/#breadcrumb"},"inLanguage":"en-US","potentialAction":[{"@type":"ReadAction","target":["https:\/\/lystes.store\/select\/dreamvirginhair\/product\/peigne-chauffant-lisseur\/"]}]},{"@type":"ImageObject","inLanguage":"en-US","@id":"https:\/\/lystes.store\/select\/dreamvirginhair\/product\/peigne-chauffant-lisseur\/#primaryimage","url":"https:\/\/i0.wp.com\/lystes.store\/select\/dreamvirginhair\/wp-content\/uploads\/sites\/14\/2025\/08\/IMG_3209-1.png?fit=%2C&ssl=1","contentUrl":"https:\/\/i0.wp.com\/lystes.store\/select\/dreamvirginhair\/wp-content\/uploads\/sites\/14\/2025\/08\/IMG_3209-1.png?fit=%2C&ssl=1"},{"@type":"BreadcrumbList","@id":"https:\/\/lystes.store\/select\/dreamvirginhair\/product\/peigne-chauffant-lisseur\/#breadcrumb","itemListElement":[{"@type":"ListItem","position":1,"name":"Accueil","item":"https:\/\/lystes.store\/select\/dreamvirginhair\/"},{"@type":"ListItem","position":2,"name":"Boutique","item":"https:\/\/lystes.store\/select\/dreamvirginhair\/boutique\/"},{"@type":"ListItem","position":3,"name":"Peigne chauffant lisseur"}]},{"@type":"WebSite","@id":"https:\/\/lystes.store\/select\/dreamvirginhair\/#website","url":"https:\/\/lystes.store\/select\/dreamvirginhair\/","name":"Dream Virgin Hair","description":"L&#039;excellence sinon rien","potentialAction":[{"@type":"SearchAction","target":{"@type":"EntryPoint","urlTemplate":"https:\/\/lystes.store\/select\/dreamvirginhair\/?s={search_term_string}"},"query-input":{"@type":"PropertyValueSpecification","valueRequired":true,"valueName":"search_term_string"}}],"inLanguage":"en-US"}]}},"_links":{"self":[{"href":"https:\/\/lystes.store\/select\/dreamvirginhair\/wp-json\/wp\/v2\/product\/88427","targetHints":{"allow":["GET"]}}],"collection":[{"href":"https:\/\/lystes.store\/select\/dreamvirginhair\/wp-json\/wp\/v2\/product"}],"about":[{"href":"https:\/\/lystes.store\/select\/dreamvirginhair\/wp-json\/wp\/v2\/types\/product"}],"replies":[{"embeddable":true,"href":"https:\/\/lystes.store\/select\/dreamvirginhair\/wp-json\/wp\/v2\/comments?post=88427"}],"wp:featuredmedia":[{"embeddable":true,"href":"https:\/\/lystes.store\/select\/dreamvirginhair\/wp-json\/wp\/v2\/media\/142334"}],"wp:attachment":[{"href":"https:\/\/lystes.store\/select\/dreamvirginhair\/wp-json\/wp\/v2\/media?parent=88427"}],"wp:term":[{"taxonomy":"product_brand","embeddable":true,"href":"https:\/\/lystes.store\/select\/dreamvirginhair\/wp-json\/wp\/v2\/product_brand?post=88427"},{"taxonomy":"product_cat","embeddable":true,"href":"https:\/\/lystes.store\/select\/dreamvirginhair\/wp-json\/wp\/v2\/product_cat?post=88427"},{"taxonomy":"product_tag","embeddable":true,"href":"https:\/\/lystes.store\/select\/dreamvirginhair\/wp-json\/wp\/v2\/product_tag?post=88427"}],"curies":[{"name":"wp","href":"https:\/\/api.w.org\/{rel}","templated":true}]}}