{"id":88347,"date":"2025-03-20T22:04:18","date_gmt":"2025-03-20T21:04:18","guid":{"rendered":"https:\/\/lystes.store\/select\/dreamvirginhair\/?post_type=product&#038;p=88347"},"modified":"2025-08-03T17:48:11","modified_gmt":"2025-08-03T15:48:11","slug":"lace-frontal-lisse","status":"publish","type":"product","link":"https:\/\/lystes.store\/select\/dreamvirginhair\/product\/lace-frontal-lisse\/","title":{"rendered":"Lace Frontal Lisse"},"content":{"rendered":"<p>La lace frontal va de l&#8217;oreille droite \u00e0 l&#8217;oreille gauche, elle permet de r\u00e9aliser un Tissage ou une Perruque avec une finition tr\u00e8s naturelle.<\/p>\n<h3>\u00c0 propos de Dream Virgin Hair:<\/h3>\n<p>Leader de la vente de m\u00e8ches (pour tissages) et perruques 100% human hair en France, Dream Virgin Hair est la r\u00e9f\u00e9rence pour des cheveux de qualit\u00e9 au meilleur prix. En plus de notre site internet vous pouvez \u00e9galement retrouver notre \u00e9quipe et nos produits au sein de notre salon de coiffure Keliyah Beaut\u00e9 situ\u00e9 au <strong>7 rue Ren\u00e9 Boulanger 75010 Paris<\/strong>, nous vous y accueillons avec et sans rendez-vous du mardi au samedi (vente, confection sur-mesure et prestations coiffure).<\/p>\n<h3>\u00c0 propos de notre site internet:<\/h3>\n<p>Site Fran\u00e7ais.<br \/>\nPaiements 100% s\u00e9curis\u00e9s.<br \/>\nToutes les commandes sont exp\u00e9di\u00e9es depuis la France (Paris).<br \/>\nD\u00e9lais de livraison (pour la France m\u00e9tropolitaine) : 24\/48h pour la livraison express, 2 \u00e0 5 jours pour une livraison Colissimo et 5-8 jours ouvrables pour une livraison point relais.<br \/>\n<strong>Suivi de commande:<\/strong><br \/>\nToutes les commandes disposent d&#8217;un num\u00e9ro de suivi qui vous sera automatiquement communiqu\u00e9 par e-mail d\u00e8s la commande exp\u00e9di\u00e9e.<br \/>\n<strong>Notre service client reste \u00e0 votre disposition<\/strong>. Pour toute question vous pouvez nous contacter via les r\u00e9seaux sociaux <a href=\"https:\/\/www.facebook.com\/dvhparis\/\" rel=\"noopener noreferrer\" target=\"_blank\">Facebook<\/a> et <a href=\"https:\/\/www.instagram.com\/amandineluxioushair\/\" rel=\"noopener noreferrer\" target=\"_blank\">Instagram<\/a> @amandineluxioushair.<\/p>\n","protected":false},"excerpt":{"rendered":"<p>La lace frontal va de l&#8217;oreille droite \u00e0 l&#8217;oreille gauche, elle permet de r\u00e9aliser un Tissage ou une Perruque avec une finition tr\u00e8s naturelle.<\/p>\n<blockquote class=\"instagram-media\" style=\"background: #FFF; border: 0; border-radius: 3px; box-shadow: 0 0 1px 0 rgba(0,0,0,0.5),0 1px 10px 0 rgba(0,0,0,0.15); margin: 1px; max-width: 658px; padding: 0; width: calc(100% - 2px);\" data-instgrm-version=\"7\">\n<div style=\"padding: 8px;\">\n<div style=\"background: #F8F8F8; line-height: 0; margin-top: 40px; padding: 62.5% 0; text-align: center; width: 100%;\">\n<div style=\"background: url(data:image\/png; base64,ivborw0kggoaaaansuheugaaacwaaaascamaaaapwqozaaaabgdbtueaalgpc\/xhbqaaaafzukdcak7ohokaaaamuexurczmzpf399fx1+bm5mzy9amaaadisurbvdjlvzxbesmgces5\/p8\/t9furvcrmu73jwlzosgsiizurcjo\/ad+eqjjb4hv8bft+idpqocx1wjosbfhh2xssxeiyn3uli\/6mnree07uiwjev8ueowds88ly97kqytlijkktuybbruayvh5wohixmpi5we58ek028czwyuqdlkpg1bkb4nnm+veanfhqn1k4+gpt6ugqcvu2h2ovuif\/gwufyy8owepdyzsa3avcqpvovvzzz2vtnn2wu8qzvjddeto90gsy9mvlqtgysy231mxry6i2ggqjrty0l8fxcxfcbbhwrsyyaaaaaelftksuqmcc); display: block; height: 44px; margin: 0 auto -44px; position: relative; top: -22px; width: 44px;\"><\/div>\n<\/div>\n<p style=\"color: #c9c8cd; font-family: Arial,sans-serif; font-size: 14px; line-height: 17px; margin-bottom: 0; margin-top: 8px; overflow: hidden; padding: 8px 0 7px; text-align: center; text-overflow: ellipsis; white-space: nowrap;\"><a style=\"color: #c9c8cd; font-family: Arial,sans-serif; font-size: 14px; font-style: normal; font-weight: normal; line-height: 17px; text-decoration: none;\" href=\"https:\/\/www.instagram.com\/p\/BXxSDLzF0tE\/\" target=\"_blank\" rel=\"noopener noreferrer\">Une publication partag\u00e9e par DREAM VIRGIN HAIR(LUXURYHAIR) (@amandineluxioushair)<\/a> le <time style=\"font-family: Arial,sans-serif; font-size: 14px; line-height: 17px;\" datetime=\"2017-08-14T09:58:49+00:00\">14 Ao\u00fbt 2017 \u00e0 2h58 PDT<\/time><\/p>\n<\/div>\n<\/blockquote>\n<p><script async defer src=\"\/\/platform.instagram.com\/en_US\/embeds.js\"><\/script><\/p>\n","protected":false},"featured_media":142312,"comment_status":"closed","ping_status":"closed","template":"","meta":[],"product_brand":[],"product_cat":[1073,1074,1098,1078],"product_tag":[436,460,439,461,462,463,464,465,466,467,468,469,444,447,448,470,471,450,472,473,474,475,476,477,478,479,480,481,482,483,484],"class_list":{"0":"post-88347","1":"product","2":"type-product","3":"status-publish","4":"has-post-thumbnail","6":"product_cat-all","7":"product_cat-home","8":"product_cat-lace-frontal","9":"product_cat-top","10":"product_tag-body-waves","11":"product_tag-bresiliennes","12":"product_tag-closure","13":"product_tag-closure-lisse","14":"product_tag-closure-multi-raie","15":"product_tag-coiffeur-afro","16":"product_tag-coiffeur-afro-paris","17":"product_tag-coiffure-africaine","18":"product_tag-extension-cheveux-tissage","19":"product_tag-extension-tissage","20":"product_tag-lace-frontale","21":"product_tag-le-tissage","22":"product_tag-loose-waves","23":"product_tag-peruvian-body-waves","24":"product_tag-peruvian-hair","25":"product_tag-salon-afro-paris","26":"product_tag-salon-de-coiffure-afro","27":"product_tag-silk-top-closure","28":"product_tag-tissage","29":"product_tag-tissage-afro","30":"product_tag-tissage-asian-hair","31":"product_tag-tissage-boucle","32":"product_tag-tissage-bresilien","33":"product_tag-tissage-cheveux","34":"product_tag-tissage-coiffure","35":"product_tag-tissage-coupe","36":"product_tag-tissage-de-cheveux","37":"product_tag-tissage-naturel","38":"product_tag-tissage-paris","39":"product_tag-tissage-peruvien-lisse","40":"product_tag-tissage-qualite","42":"first","43":"instock","44":"purchasable","45":"product-type-variable"},"acf":[],"yoast_head":"<!-- This site is optimized with the Yoast SEO plugin v25.3.1 - https:\/\/yoast.com\/wordpress\/plugins\/seo\/ -->\n<title>Lace Frontal Lisse - Dream Virgin Hair<\/title>\n<meta name=\"robots\" content=\"index, follow, max-snippet:-1, max-image-preview:large, max-video-preview:-1\" \/>\n<link rel=\"canonical\" href=\"https:\/\/lystes.store\/select\/dreamvirginhair\/product\/lace-frontal-lisse\/\" \/>\n<meta property=\"og:locale\" content=\"en_US\" \/>\n<meta property=\"og:type\" content=\"article\" \/>\n<meta property=\"og:title\" content=\"Lace Frontal Lisse - Dream Virgin Hair\" \/>\n<meta property=\"og:description\" content=\"La lace frontal va de l&#039;oreille droite \u00e0 l&#039;oreille gauche, elle permet de r\u00e9aliser un Tissage ou une Perruque avec une finition tr\u00e8s naturelle.       Une publication partag\u00e9e par DREAM VIRGIN HAIR(LUXURYHAIR) (@amandineluxioushair) le 14 Ao\u00fbt 2017 \u00e0 2h58 PDT\" \/>\n<meta property=\"og:url\" content=\"https:\/\/lystes.store\/select\/dreamvirginhair\/product\/lace-frontal-lisse\/\" \/>\n<meta property=\"og:site_name\" content=\"Dream Virgin Hair\" \/>\n<meta property=\"article:modified_time\" content=\"2025-08-03T15:48:11+00:00\" \/>\n<meta name=\"twitter:card\" content=\"summary_large_image\" \/>\n<meta name=\"twitter:label1\" content=\"Est. reading time\" \/>\n\t<meta name=\"twitter:data1\" content=\"1 minute\" \/>\n<script type=\"application\/ld+json\" class=\"yoast-schema-graph\">{\"@context\":\"https:\/\/schema.org\",\"@graph\":[{\"@type\":\"WebPage\",\"@id\":\"https:\/\/lystes.store\/select\/dreamvirginhair\/product\/lace-frontal-lisse\/\",\"url\":\"https:\/\/lystes.store\/select\/dreamvirginhair\/product\/lace-frontal-lisse\/\",\"name\":\"Lace Frontal Lisse - Dream Virgin Hair\",\"isPartOf\":{\"@id\":\"https:\/\/lystes.store\/select\/dreamvirginhair\/#website\"},\"primaryImageOfPage\":{\"@id\":\"https:\/\/lystes.store\/select\/dreamvirginhair\/product\/lace-frontal-lisse\/#primaryimage\"},\"image\":{\"@id\":\"https:\/\/lystes.store\/select\/dreamvirginhair\/product\/lace-frontal-lisse\/#primaryimage\"},\"thumbnailUrl\":\"https:\/\/i0.wp.com\/lystes.store\/select\/dreamvirginhair\/wp-content\/uploads\/sites\/14\/2025\/08\/6CCF15BA-6995-4BA5-8082-FC3F9F9569F4-1.png?fit=%2C&ssl=1\",\"datePublished\":\"2025-03-20T21:04:18+00:00\",\"dateModified\":\"2025-08-03T15:48:11+00:00\",\"breadcrumb\":{\"@id\":\"https:\/\/lystes.store\/select\/dreamvirginhair\/product\/lace-frontal-lisse\/#breadcrumb\"},\"inLanguage\":\"en-US\",\"potentialAction\":[{\"@type\":\"ReadAction\",\"target\":[\"https:\/\/lystes.store\/select\/dreamvirginhair\/product\/lace-frontal-lisse\/\"]}]},{\"@type\":\"ImageObject\",\"inLanguage\":\"en-US\",\"@id\":\"https:\/\/lystes.store\/select\/dreamvirginhair\/product\/lace-frontal-lisse\/#primaryimage\",\"url\":\"https:\/\/i0.wp.com\/lystes.store\/select\/dreamvirginhair\/wp-content\/uploads\/sites\/14\/2025\/08\/6CCF15BA-6995-4BA5-8082-FC3F9F9569F4-1.png?fit=%2C&ssl=1\",\"contentUrl\":\"https:\/\/i0.wp.com\/lystes.store\/select\/dreamvirginhair\/wp-content\/uploads\/sites\/14\/2025\/08\/6CCF15BA-6995-4BA5-8082-FC3F9F9569F4-1.png?fit=%2C&ssl=1\"},{\"@type\":\"BreadcrumbList\",\"@id\":\"https:\/\/lystes.store\/select\/dreamvirginhair\/product\/lace-frontal-lisse\/#breadcrumb\",\"itemListElement\":[{\"@type\":\"ListItem\",\"position\":1,\"name\":\"Accueil\",\"item\":\"https:\/\/lystes.store\/select\/dreamvirginhair\/\"},{\"@type\":\"ListItem\",\"position\":2,\"name\":\"Boutique\",\"item\":\"https:\/\/lystes.store\/select\/dreamvirginhair\/boutique\/\"},{\"@type\":\"ListItem\",\"position\":3,\"name\":\"Lace Frontal Lisse\"}]},{\"@type\":\"WebSite\",\"@id\":\"https:\/\/lystes.store\/select\/dreamvirginhair\/#website\",\"url\":\"https:\/\/lystes.store\/select\/dreamvirginhair\/\",\"name\":\"Dream Virgin Hair\",\"description\":\"L&#039;excellence sinon rien\",\"potentialAction\":[{\"@type\":\"SearchAction\",\"target\":{\"@type\":\"EntryPoint\",\"urlTemplate\":\"https:\/\/lystes.store\/select\/dreamvirginhair\/?s={search_term_string}\"},\"query-input\":{\"@type\":\"PropertyValueSpecification\",\"valueRequired\":true,\"valueName\":\"search_term_string\"}}],\"inLanguage\":\"en-US\"}]}<\/script>\n<!-- \/ Yoast SEO plugin. -->","yoast_head_json":{"title":"Lace Frontal Lisse - Dream Virgin Hair","robots":{"index":"index","follow":"follow","max-snippet":"max-snippet:-1","max-image-preview":"max-image-preview:large","max-video-preview":"max-video-preview:-1"},"canonical":"https:\/\/lystes.store\/select\/dreamvirginhair\/product\/lace-frontal-lisse\/","og_locale":"en_US","og_type":"article","og_title":"Lace Frontal Lisse - Dream Virgin Hair","og_description":"La lace frontal va de l'oreille droite \u00e0 l'oreille gauche, elle permet de r\u00e9aliser un Tissage ou une Perruque avec une finition tr\u00e8s naturelle.       Une publication partag\u00e9e par DREAM VIRGIN HAIR(LUXURYHAIR) (@amandineluxioushair) le 14 Ao\u00fbt 2017 \u00e0 2h58 PDT","og_url":"https:\/\/lystes.store\/select\/dreamvirginhair\/product\/lace-frontal-lisse\/","og_site_name":"Dream Virgin Hair","article_modified_time":"2025-08-03T15:48:11+00:00","twitter_card":"summary_large_image","twitter_misc":{"Est. reading time":"1 minute"},"schema":{"@context":"https:\/\/schema.org","@graph":[{"@type":"WebPage","@id":"https:\/\/lystes.store\/select\/dreamvirginhair\/product\/lace-frontal-lisse\/","url":"https:\/\/lystes.store\/select\/dreamvirginhair\/product\/lace-frontal-lisse\/","name":"Lace Frontal Lisse - Dream Virgin Hair","isPartOf":{"@id":"https:\/\/lystes.store\/select\/dreamvirginhair\/#website"},"primaryImageOfPage":{"@id":"https:\/\/lystes.store\/select\/dreamvirginhair\/product\/lace-frontal-lisse\/#primaryimage"},"image":{"@id":"https:\/\/lystes.store\/select\/dreamvirginhair\/product\/lace-frontal-lisse\/#primaryimage"},"thumbnailUrl":"https:\/\/i0.wp.com\/lystes.store\/select\/dreamvirginhair\/wp-content\/uploads\/sites\/14\/2025\/08\/6CCF15BA-6995-4BA5-8082-FC3F9F9569F4-1.png?fit=%2C&ssl=1","datePublished":"2025-03-20T21:04:18+00:00","dateModified":"2025-08-03T15:48:11+00:00","breadcrumb":{"@id":"https:\/\/lystes.store\/select\/dreamvirginhair\/product\/lace-frontal-lisse\/#breadcrumb"},"inLanguage":"en-US","potentialAction":[{"@type":"ReadAction","target":["https:\/\/lystes.store\/select\/dreamvirginhair\/product\/lace-frontal-lisse\/"]}]},{"@type":"ImageObject","inLanguage":"en-US","@id":"https:\/\/lystes.store\/select\/dreamvirginhair\/product\/lace-frontal-lisse\/#primaryimage","url":"https:\/\/i0.wp.com\/lystes.store\/select\/dreamvirginhair\/wp-content\/uploads\/sites\/14\/2025\/08\/6CCF15BA-6995-4BA5-8082-FC3F9F9569F4-1.png?fit=%2C&ssl=1","contentUrl":"https:\/\/i0.wp.com\/lystes.store\/select\/dreamvirginhair\/wp-content\/uploads\/sites\/14\/2025\/08\/6CCF15BA-6995-4BA5-8082-FC3F9F9569F4-1.png?fit=%2C&ssl=1"},{"@type":"BreadcrumbList","@id":"https:\/\/lystes.store\/select\/dreamvirginhair\/product\/lace-frontal-lisse\/#breadcrumb","itemListElement":[{"@type":"ListItem","position":1,"name":"Accueil","item":"https:\/\/lystes.store\/select\/dreamvirginhair\/"},{"@type":"ListItem","position":2,"name":"Boutique","item":"https:\/\/lystes.store\/select\/dreamvirginhair\/boutique\/"},{"@type":"ListItem","position":3,"name":"Lace Frontal Lisse"}]},{"@type":"WebSite","@id":"https:\/\/lystes.store\/select\/dreamvirginhair\/#website","url":"https:\/\/lystes.store\/select\/dreamvirginhair\/","name":"Dream Virgin Hair","description":"L&#039;excellence sinon rien","potentialAction":[{"@type":"SearchAction","target":{"@type":"EntryPoint","urlTemplate":"https:\/\/lystes.store\/select\/dreamvirginhair\/?s={search_term_string}"},"query-input":{"@type":"PropertyValueSpecification","valueRequired":true,"valueName":"search_term_string"}}],"inLanguage":"en-US"}]}},"_links":{"self":[{"href":"https:\/\/lystes.store\/select\/dreamvirginhair\/wp-json\/wp\/v2\/product\/88347","targetHints":{"allow":["GET"]}}],"collection":[{"href":"https:\/\/lystes.store\/select\/dreamvirginhair\/wp-json\/wp\/v2\/product"}],"about":[{"href":"https:\/\/lystes.store\/select\/dreamvirginhair\/wp-json\/wp\/v2\/types\/product"}],"replies":[{"embeddable":true,"href":"https:\/\/lystes.store\/select\/dreamvirginhair\/wp-json\/wp\/v2\/comments?post=88347"}],"wp:featuredmedia":[{"embeddable":true,"href":"https:\/\/lystes.store\/select\/dreamvirginhair\/wp-json\/wp\/v2\/media\/142312"}],"wp:attachment":[{"href":"https:\/\/lystes.store\/select\/dreamvirginhair\/wp-json\/wp\/v2\/media?parent=88347"}],"wp:term":[{"taxonomy":"product_brand","embeddable":true,"href":"https:\/\/lystes.store\/select\/dreamvirginhair\/wp-json\/wp\/v2\/product_brand?post=88347"},{"taxonomy":"product_cat","embeddable":true,"href":"https:\/\/lystes.store\/select\/dreamvirginhair\/wp-json\/wp\/v2\/product_cat?post=88347"},{"taxonomy":"product_tag","embeddable":true,"href":"https:\/\/lystes.store\/select\/dreamvirginhair\/wp-json\/wp\/v2\/product_tag?post=88347"}],"curies":[{"name":"wp","href":"https:\/\/api.w.org\/{rel}","templated":true}]}}