{"id":88033,"date":"2025-03-20T22:01:38","date_gmt":"2025-03-20T21:01:38","guid":{"rendered":"https:\/\/lystes.store\/select\/dreamvirginhair\/?post_type=product&#038;p=88033"},"modified":"2025-08-03T17:45:52","modified_gmt":"2025-08-03T15:45:52","slug":"lyaron-lashes-modele-linda","status":"publish","type":"product","link":"https:\/\/lystes.store\/select\/dreamvirginhair\/product\/lyaron-lashes-modele-linda\/","title":{"rendered":"Lyaron Lashes &#8211; mod\u00e8le Linda"},"content":{"rendered":"","protected":false},"excerpt":{"rendered":"<p>Con\u00e7us et design\u00e9s par la marque Lyaron, d\u00e9couvrez les nouveaux mod\u00e8les de faux cils haute couture !<\/p>\n<p>Mod\u00e8le Linda : Une paire de faux cils sensuels pour un look spectaculaire, avec leur style irr\u00e9sistible, allong\u00e9 et dense. <\/p>\n<p>Longueur des cils : 0,6 mm \u00e0 1.7cm<br \/>\nLongueur de la bande : environ 3.5 cm<br \/>\nEpaisseur de la bande : environ 0.3 mm<\/p>\n","protected":false},"featured_media":119422,"comment_status":"open","ping_status":"closed","template":"","meta":[],"product_brand":[],"product_cat":[824,1143],"product_tag":[646],"class_list":{"0":"post-88033","1":"product","2":"type-product","3":"status-publish","4":"has-post-thumbnail","6":"product_cat-cosmetiques","7":"product_cat-lyaron-lashes","8":"product_tag-faux-cils-faux-cils-mink-mink-lashes-eyelashes","10":"first","11":"instock","12":"sale","13":"purchasable","14":"product-type-simple"},"acf":[],"yoast_head":"<!-- This site is optimized with the Yoast SEO plugin v25.3.1 - https:\/\/yoast.com\/wordpress\/plugins\/seo\/ -->\n<title>Lyaron Lashes - mod\u00e8le Linda - Dream Virgin Hair<\/title>\n<meta name=\"robots\" content=\"index, follow, max-snippet:-1, max-image-preview:large, max-video-preview:-1\" \/>\n<link rel=\"canonical\" href=\"https:\/\/lystes.store\/select\/dreamvirginhair\/product\/lyaron-lashes-modele-linda\/\" \/>\n<meta property=\"og:locale\" content=\"en_US\" \/>\n<meta property=\"og:type\" content=\"article\" \/>\n<meta property=\"og:title\" content=\"Lyaron Lashes - mod\u00e8le Linda - Dream Virgin Hair\" \/>\n<meta property=\"og:description\" content=\"Con\u00e7us et design\u00e9s par la marque Lyaron, d\u00e9couvrez les nouveaux mod\u00e8les de faux cils haute couture !  Mod\u00e8le Linda : Une paire de faux cils sensuels pour un look spectaculaire, avec leur style irr\u00e9sistible, allong\u00e9 et dense.   Longueur des cils : 0,6 mm \u00e0 1.7cm  Longueur de la bande : environ 3.5 cm Epaisseur de la bande : environ 0.3 mm\" \/>\n<meta property=\"og:url\" content=\"https:\/\/lystes.store\/select\/dreamvirginhair\/product\/lyaron-lashes-modele-linda\/\" \/>\n<meta property=\"og:site_name\" content=\"Dream Virgin Hair\" \/>\n<meta property=\"article:modified_time\" content=\"2025-08-03T15:45:52+00:00\" \/>\n<meta name=\"twitter:card\" content=\"summary_large_image\" \/>\n<script type=\"application\/ld+json\" class=\"yoast-schema-graph\">{\"@context\":\"https:\/\/schema.org\",\"@graph\":[{\"@type\":\"WebPage\",\"@id\":\"https:\/\/lystes.store\/select\/dreamvirginhair\/product\/lyaron-lashes-modele-linda\/\",\"url\":\"https:\/\/lystes.store\/select\/dreamvirginhair\/product\/lyaron-lashes-modele-linda\/\",\"name\":\"Lyaron Lashes - mod\u00e8le Linda - Dream Virgin Hair\",\"isPartOf\":{\"@id\":\"https:\/\/lystes.store\/select\/dreamvirginhair\/#website\"},\"primaryImageOfPage\":{\"@id\":\"https:\/\/lystes.store\/select\/dreamvirginhair\/product\/lyaron-lashes-modele-linda\/#primaryimage\"},\"image\":{\"@id\":\"https:\/\/lystes.store\/select\/dreamvirginhair\/product\/lyaron-lashes-modele-linda\/#primaryimage\"},\"thumbnailUrl\":\"https:\/\/i0.wp.com\/lystes.store\/select\/dreamvirginhair\/wp-content\/uploads\/sites\/14\/2025\/08\/Cils_Linda-1.jpg?fit=%2C&ssl=1\",\"datePublished\":\"2025-03-20T21:01:38+00:00\",\"dateModified\":\"2025-08-03T15:45:52+00:00\",\"breadcrumb\":{\"@id\":\"https:\/\/lystes.store\/select\/dreamvirginhair\/product\/lyaron-lashes-modele-linda\/#breadcrumb\"},\"inLanguage\":\"en-US\",\"potentialAction\":[{\"@type\":\"ReadAction\",\"target\":[\"https:\/\/lystes.store\/select\/dreamvirginhair\/product\/lyaron-lashes-modele-linda\/\"]}]},{\"@type\":\"ImageObject\",\"inLanguage\":\"en-US\",\"@id\":\"https:\/\/lystes.store\/select\/dreamvirginhair\/product\/lyaron-lashes-modele-linda\/#primaryimage\",\"url\":\"https:\/\/i0.wp.com\/lystes.store\/select\/dreamvirginhair\/wp-content\/uploads\/sites\/14\/2025\/08\/Cils_Linda-1.jpg?fit=%2C&ssl=1\",\"contentUrl\":\"https:\/\/i0.wp.com\/lystes.store\/select\/dreamvirginhair\/wp-content\/uploads\/sites\/14\/2025\/08\/Cils_Linda-1.jpg?fit=%2C&ssl=1\"},{\"@type\":\"BreadcrumbList\",\"@id\":\"https:\/\/lystes.store\/select\/dreamvirginhair\/product\/lyaron-lashes-modele-linda\/#breadcrumb\",\"itemListElement\":[{\"@type\":\"ListItem\",\"position\":1,\"name\":\"Accueil\",\"item\":\"https:\/\/lystes.store\/select\/dreamvirginhair\/\"},{\"@type\":\"ListItem\",\"position\":2,\"name\":\"Boutique\",\"item\":\"https:\/\/lystes.store\/select\/dreamvirginhair\/boutique\/\"},{\"@type\":\"ListItem\",\"position\":3,\"name\":\"Lyaron Lashes &#8211; mod\u00e8le Linda\"}]},{\"@type\":\"WebSite\",\"@id\":\"https:\/\/lystes.store\/select\/dreamvirginhair\/#website\",\"url\":\"https:\/\/lystes.store\/select\/dreamvirginhair\/\",\"name\":\"Dream Virgin Hair\",\"description\":\"L&#039;excellence sinon rien\",\"potentialAction\":[{\"@type\":\"SearchAction\",\"target\":{\"@type\":\"EntryPoint\",\"urlTemplate\":\"https:\/\/lystes.store\/select\/dreamvirginhair\/?s={search_term_string}\"},\"query-input\":{\"@type\":\"PropertyValueSpecification\",\"valueRequired\":true,\"valueName\":\"search_term_string\"}}],\"inLanguage\":\"en-US\"}]}<\/script>\n<!-- \/ Yoast SEO plugin. -->","yoast_head_json":{"title":"Lyaron Lashes - mod\u00e8le Linda - Dream Virgin Hair","robots":{"index":"index","follow":"follow","max-snippet":"max-snippet:-1","max-image-preview":"max-image-preview:large","max-video-preview":"max-video-preview:-1"},"canonical":"https:\/\/lystes.store\/select\/dreamvirginhair\/product\/lyaron-lashes-modele-linda\/","og_locale":"en_US","og_type":"article","og_title":"Lyaron Lashes - mod\u00e8le Linda - Dream Virgin Hair","og_description":"Con\u00e7us et design\u00e9s par la marque Lyaron, d\u00e9couvrez les nouveaux mod\u00e8les de faux cils haute couture !  Mod\u00e8le Linda : Une paire de faux cils sensuels pour un look spectaculaire, avec leur style irr\u00e9sistible, allong\u00e9 et dense.   Longueur des cils : 0,6 mm \u00e0 1.7cm  Longueur de la bande : environ 3.5 cm Epaisseur de la bande : environ 0.3 mm","og_url":"https:\/\/lystes.store\/select\/dreamvirginhair\/product\/lyaron-lashes-modele-linda\/","og_site_name":"Dream Virgin Hair","article_modified_time":"2025-08-03T15:45:52+00:00","twitter_card":"summary_large_image","schema":{"@context":"https:\/\/schema.org","@graph":[{"@type":"WebPage","@id":"https:\/\/lystes.store\/select\/dreamvirginhair\/product\/lyaron-lashes-modele-linda\/","url":"https:\/\/lystes.store\/select\/dreamvirginhair\/product\/lyaron-lashes-modele-linda\/","name":"Lyaron Lashes - mod\u00e8le Linda - Dream Virgin Hair","isPartOf":{"@id":"https:\/\/lystes.store\/select\/dreamvirginhair\/#website"},"primaryImageOfPage":{"@id":"https:\/\/lystes.store\/select\/dreamvirginhair\/product\/lyaron-lashes-modele-linda\/#primaryimage"},"image":{"@id":"https:\/\/lystes.store\/select\/dreamvirginhair\/product\/lyaron-lashes-modele-linda\/#primaryimage"},"thumbnailUrl":"https:\/\/i0.wp.com\/lystes.store\/select\/dreamvirginhair\/wp-content\/uploads\/sites\/14\/2025\/08\/Cils_Linda-1.jpg?fit=%2C&ssl=1","datePublished":"2025-03-20T21:01:38+00:00","dateModified":"2025-08-03T15:45:52+00:00","breadcrumb":{"@id":"https:\/\/lystes.store\/select\/dreamvirginhair\/product\/lyaron-lashes-modele-linda\/#breadcrumb"},"inLanguage":"en-US","potentialAction":[{"@type":"ReadAction","target":["https:\/\/lystes.store\/select\/dreamvirginhair\/product\/lyaron-lashes-modele-linda\/"]}]},{"@type":"ImageObject","inLanguage":"en-US","@id":"https:\/\/lystes.store\/select\/dreamvirginhair\/product\/lyaron-lashes-modele-linda\/#primaryimage","url":"https:\/\/i0.wp.com\/lystes.store\/select\/dreamvirginhair\/wp-content\/uploads\/sites\/14\/2025\/08\/Cils_Linda-1.jpg?fit=%2C&ssl=1","contentUrl":"https:\/\/i0.wp.com\/lystes.store\/select\/dreamvirginhair\/wp-content\/uploads\/sites\/14\/2025\/08\/Cils_Linda-1.jpg?fit=%2C&ssl=1"},{"@type":"BreadcrumbList","@id":"https:\/\/lystes.store\/select\/dreamvirginhair\/product\/lyaron-lashes-modele-linda\/#breadcrumb","itemListElement":[{"@type":"ListItem","position":1,"name":"Accueil","item":"https:\/\/lystes.store\/select\/dreamvirginhair\/"},{"@type":"ListItem","position":2,"name":"Boutique","item":"https:\/\/lystes.store\/select\/dreamvirginhair\/boutique\/"},{"@type":"ListItem","position":3,"name":"Lyaron Lashes &#8211; mod\u00e8le Linda"}]},{"@type":"WebSite","@id":"https:\/\/lystes.store\/select\/dreamvirginhair\/#website","url":"https:\/\/lystes.store\/select\/dreamvirginhair\/","name":"Dream Virgin Hair","description":"L&#039;excellence sinon rien","potentialAction":[{"@type":"SearchAction","target":{"@type":"EntryPoint","urlTemplate":"https:\/\/lystes.store\/select\/dreamvirginhair\/?s={search_term_string}"},"query-input":{"@type":"PropertyValueSpecification","valueRequired":true,"valueName":"search_term_string"}}],"inLanguage":"en-US"}]}},"_links":{"self":[{"href":"https:\/\/lystes.store\/select\/dreamvirginhair\/wp-json\/wp\/v2\/product\/88033","targetHints":{"allow":["GET"]}}],"collection":[{"href":"https:\/\/lystes.store\/select\/dreamvirginhair\/wp-json\/wp\/v2\/product"}],"about":[{"href":"https:\/\/lystes.store\/select\/dreamvirginhair\/wp-json\/wp\/v2\/types\/product"}],"replies":[{"embeddable":true,"href":"https:\/\/lystes.store\/select\/dreamvirginhair\/wp-json\/wp\/v2\/comments?post=88033"}],"wp:featuredmedia":[{"embeddable":true,"href":"https:\/\/lystes.store\/select\/dreamvirginhair\/wp-json\/wp\/v2\/media\/119422"}],"wp:attachment":[{"href":"https:\/\/lystes.store\/select\/dreamvirginhair\/wp-json\/wp\/v2\/media?parent=88033"}],"wp:term":[{"taxonomy":"product_brand","embeddable":true,"href":"https:\/\/lystes.store\/select\/dreamvirginhair\/wp-json\/wp\/v2\/product_brand?post=88033"},{"taxonomy":"product_cat","embeddable":true,"href":"https:\/\/lystes.store\/select\/dreamvirginhair\/wp-json\/wp\/v2\/product_cat?post=88033"},{"taxonomy":"product_tag","embeddable":true,"href":"https:\/\/lystes.store\/select\/dreamvirginhair\/wp-json\/wp\/v2\/product_tag?post=88033"}],"curies":[{"name":"wp","href":"https:\/\/api.w.org\/{rel}","templated":true}]}}