{"id":87918,"date":"2025-03-20T22:00:40","date_gmt":"2025-03-20T21:00:40","guid":{"rendered":"https:\/\/lystes.store\/select\/dreamvirginhair\/?post_type=product&#038;p=87918"},"modified":"2025-08-03T17:45:27","modified_gmt":"2025-08-03T15:45:27","slug":"lace-frontal-360-lisse-deepwave-italian-curl-body-wave","status":"publish","type":"product","link":"https:\/\/lystes.store\/select\/dreamvirginhair\/product\/lace-frontal-360-lisse-deepwave-italian-curl-body-wave\/","title":{"rendered":"Lace Frontal 360 (Lisse &#8211; Deepwave &#8211; Italian Curl &#8211; Body Wave)"},"content":{"rendered":"","protected":false},"excerpt":{"rendered":"<p>Petite r\u00e9volution capillaire, d\u00e9couvrez la <strong>lace frontal 360\u00b0<\/strong>. Elle fait le tour de la t\u00eate et vous permet de r\u00e9aliser des coiffures de type chignons, queue de cheval etc&#8230;<br \/>\nPour compl\u00e9ter le tissage, au milieu, \u00a0vous aurez besoin de 2 paquets.<\/p>\n","protected":false},"featured_media":119387,"comment_status":"open","ping_status":"closed","template":"","meta":[],"product_brand":[],"product_cat":[1098],"product_tag":[670],"class_list":{"0":"post-87918","1":"product","2":"type-product","3":"status-publish","4":"has-post-thumbnail","6":"product_cat-lace-frontal","7":"product_tag-lace-frontal-360","9":"first","10":"instock","11":"purchasable","12":"product-type-variable"},"acf":[],"yoast_head":"<!-- This site is optimized with the Yoast SEO plugin v25.3.1 - https:\/\/yoast.com\/wordpress\/plugins\/seo\/ -->\n<title>Lace Frontal 360 (Lisse - Deepwave - Italian Curl - Body Wave) - Dream Virgin Hair<\/title>\n<meta name=\"robots\" content=\"index, follow, max-snippet:-1, max-image-preview:large, max-video-preview:-1\" \/>\n<link rel=\"canonical\" href=\"https:\/\/lystes.store\/select\/dreamvirginhair\/product\/lace-frontal-360-lisse-deepwave-italian-curl-body-wave\/\" \/>\n<meta property=\"og:locale\" content=\"en_US\" \/>\n<meta property=\"og:type\" content=\"article\" \/>\n<meta property=\"og:title\" content=\"Lace Frontal 360 (Lisse - Deepwave - Italian Curl - Body Wave) - Dream Virgin Hair\" \/>\n<meta property=\"og:description\" content=\"Petite r\u00e9volution capillaire, d\u00e9couvrez la lace frontal 360\u00b0. Elle fait le tour de la t\u00eate et vous permet de r\u00e9aliser des coiffures de type chignons, queue de cheval etc... Pour compl\u00e9ter le tissage, au milieu, \u00a0vous aurez besoin de 2 paquets.\" \/>\n<meta property=\"og:url\" content=\"https:\/\/lystes.store\/select\/dreamvirginhair\/product\/lace-frontal-360-lisse-deepwave-italian-curl-body-wave\/\" \/>\n<meta property=\"og:site_name\" content=\"Dream Virgin Hair\" \/>\n<meta property=\"article:modified_time\" content=\"2025-08-03T15:45:27+00:00\" \/>\n<meta name=\"twitter:card\" content=\"summary_large_image\" \/>\n<script type=\"application\/ld+json\" class=\"yoast-schema-graph\">{\"@context\":\"https:\/\/schema.org\",\"@graph\":[{\"@type\":\"WebPage\",\"@id\":\"https:\/\/lystes.store\/select\/dreamvirginhair\/product\/lace-frontal-360-lisse-deepwave-italian-curl-body-wave\/\",\"url\":\"https:\/\/lystes.store\/select\/dreamvirginhair\/product\/lace-frontal-360-lisse-deepwave-italian-curl-body-wave\/\",\"name\":\"Lace Frontal 360 (Lisse - Deepwave - Italian Curl - Body Wave) - Dream Virgin Hair\",\"isPartOf\":{\"@id\":\"https:\/\/lystes.store\/select\/dreamvirginhair\/#website\"},\"primaryImageOfPage\":{\"@id\":\"https:\/\/lystes.store\/select\/dreamvirginhair\/product\/lace-frontal-360-lisse-deepwave-italian-curl-body-wave\/#primaryimage\"},\"image\":{\"@id\":\"https:\/\/lystes.store\/select\/dreamvirginhair\/product\/lace-frontal-360-lisse-deepwave-italian-curl-body-wave\/#primaryimage\"},\"thumbnailUrl\":\"https:\/\/i0.wp.com\/lystes.store\/select\/dreamvirginhair\/wp-content\/uploads\/sites\/14\/2025\/08\/IMG_6450-1.jpg?fit=%2C&ssl=1\",\"datePublished\":\"2025-03-20T21:00:40+00:00\",\"dateModified\":\"2025-08-03T15:45:27+00:00\",\"breadcrumb\":{\"@id\":\"https:\/\/lystes.store\/select\/dreamvirginhair\/product\/lace-frontal-360-lisse-deepwave-italian-curl-body-wave\/#breadcrumb\"},\"inLanguage\":\"en-US\",\"potentialAction\":[{\"@type\":\"ReadAction\",\"target\":[\"https:\/\/lystes.store\/select\/dreamvirginhair\/product\/lace-frontal-360-lisse-deepwave-italian-curl-body-wave\/\"]}]},{\"@type\":\"ImageObject\",\"inLanguage\":\"en-US\",\"@id\":\"https:\/\/lystes.store\/select\/dreamvirginhair\/product\/lace-frontal-360-lisse-deepwave-italian-curl-body-wave\/#primaryimage\",\"url\":\"https:\/\/i0.wp.com\/lystes.store\/select\/dreamvirginhair\/wp-content\/uploads\/sites\/14\/2025\/08\/IMG_6450-1.jpg?fit=%2C&ssl=1\",\"contentUrl\":\"https:\/\/i0.wp.com\/lystes.store\/select\/dreamvirginhair\/wp-content\/uploads\/sites\/14\/2025\/08\/IMG_6450-1.jpg?fit=%2C&ssl=1\"},{\"@type\":\"BreadcrumbList\",\"@id\":\"https:\/\/lystes.store\/select\/dreamvirginhair\/product\/lace-frontal-360-lisse-deepwave-italian-curl-body-wave\/#breadcrumb\",\"itemListElement\":[{\"@type\":\"ListItem\",\"position\":1,\"name\":\"Accueil\",\"item\":\"https:\/\/lystes.store\/select\/dreamvirginhair\/\"},{\"@type\":\"ListItem\",\"position\":2,\"name\":\"Boutique\",\"item\":\"https:\/\/lystes.store\/select\/dreamvirginhair\/boutique\/\"},{\"@type\":\"ListItem\",\"position\":3,\"name\":\"Lace Frontal 360 (Lisse &#8211; Deepwave &#8211; Italian Curl &#8211; Body Wave)\"}]},{\"@type\":\"WebSite\",\"@id\":\"https:\/\/lystes.store\/select\/dreamvirginhair\/#website\",\"url\":\"https:\/\/lystes.store\/select\/dreamvirginhair\/\",\"name\":\"Dream Virgin Hair\",\"description\":\"L&#039;excellence sinon rien\",\"potentialAction\":[{\"@type\":\"SearchAction\",\"target\":{\"@type\":\"EntryPoint\",\"urlTemplate\":\"https:\/\/lystes.store\/select\/dreamvirginhair\/?s={search_term_string}\"},\"query-input\":{\"@type\":\"PropertyValueSpecification\",\"valueRequired\":true,\"valueName\":\"search_term_string\"}}],\"inLanguage\":\"en-US\"}]}<\/script>\n<!-- \/ Yoast SEO plugin. -->","yoast_head_json":{"title":"Lace Frontal 360 (Lisse - Deepwave - Italian Curl - Body Wave) - Dream Virgin Hair","robots":{"index":"index","follow":"follow","max-snippet":"max-snippet:-1","max-image-preview":"max-image-preview:large","max-video-preview":"max-video-preview:-1"},"canonical":"https:\/\/lystes.store\/select\/dreamvirginhair\/product\/lace-frontal-360-lisse-deepwave-italian-curl-body-wave\/","og_locale":"en_US","og_type":"article","og_title":"Lace Frontal 360 (Lisse - Deepwave - Italian Curl - Body Wave) - Dream Virgin Hair","og_description":"Petite r\u00e9volution capillaire, d\u00e9couvrez la lace frontal 360\u00b0. Elle fait le tour de la t\u00eate et vous permet de r\u00e9aliser des coiffures de type chignons, queue de cheval etc... Pour compl\u00e9ter le tissage, au milieu, \u00a0vous aurez besoin de 2 paquets.","og_url":"https:\/\/lystes.store\/select\/dreamvirginhair\/product\/lace-frontal-360-lisse-deepwave-italian-curl-body-wave\/","og_site_name":"Dream Virgin Hair","article_modified_time":"2025-08-03T15:45:27+00:00","twitter_card":"summary_large_image","schema":{"@context":"https:\/\/schema.org","@graph":[{"@type":"WebPage","@id":"https:\/\/lystes.store\/select\/dreamvirginhair\/product\/lace-frontal-360-lisse-deepwave-italian-curl-body-wave\/","url":"https:\/\/lystes.store\/select\/dreamvirginhair\/product\/lace-frontal-360-lisse-deepwave-italian-curl-body-wave\/","name":"Lace Frontal 360 (Lisse - Deepwave - Italian Curl - Body Wave) - Dream Virgin Hair","isPartOf":{"@id":"https:\/\/lystes.store\/select\/dreamvirginhair\/#website"},"primaryImageOfPage":{"@id":"https:\/\/lystes.store\/select\/dreamvirginhair\/product\/lace-frontal-360-lisse-deepwave-italian-curl-body-wave\/#primaryimage"},"image":{"@id":"https:\/\/lystes.store\/select\/dreamvirginhair\/product\/lace-frontal-360-lisse-deepwave-italian-curl-body-wave\/#primaryimage"},"thumbnailUrl":"https:\/\/i0.wp.com\/lystes.store\/select\/dreamvirginhair\/wp-content\/uploads\/sites\/14\/2025\/08\/IMG_6450-1.jpg?fit=%2C&ssl=1","datePublished":"2025-03-20T21:00:40+00:00","dateModified":"2025-08-03T15:45:27+00:00","breadcrumb":{"@id":"https:\/\/lystes.store\/select\/dreamvirginhair\/product\/lace-frontal-360-lisse-deepwave-italian-curl-body-wave\/#breadcrumb"},"inLanguage":"en-US","potentialAction":[{"@type":"ReadAction","target":["https:\/\/lystes.store\/select\/dreamvirginhair\/product\/lace-frontal-360-lisse-deepwave-italian-curl-body-wave\/"]}]},{"@type":"ImageObject","inLanguage":"en-US","@id":"https:\/\/lystes.store\/select\/dreamvirginhair\/product\/lace-frontal-360-lisse-deepwave-italian-curl-body-wave\/#primaryimage","url":"https:\/\/i0.wp.com\/lystes.store\/select\/dreamvirginhair\/wp-content\/uploads\/sites\/14\/2025\/08\/IMG_6450-1.jpg?fit=%2C&ssl=1","contentUrl":"https:\/\/i0.wp.com\/lystes.store\/select\/dreamvirginhair\/wp-content\/uploads\/sites\/14\/2025\/08\/IMG_6450-1.jpg?fit=%2C&ssl=1"},{"@type":"BreadcrumbList","@id":"https:\/\/lystes.store\/select\/dreamvirginhair\/product\/lace-frontal-360-lisse-deepwave-italian-curl-body-wave\/#breadcrumb","itemListElement":[{"@type":"ListItem","position":1,"name":"Accueil","item":"https:\/\/lystes.store\/select\/dreamvirginhair\/"},{"@type":"ListItem","position":2,"name":"Boutique","item":"https:\/\/lystes.store\/select\/dreamvirginhair\/boutique\/"},{"@type":"ListItem","position":3,"name":"Lace Frontal 360 (Lisse &#8211; Deepwave &#8211; Italian Curl &#8211; Body Wave)"}]},{"@type":"WebSite","@id":"https:\/\/lystes.store\/select\/dreamvirginhair\/#website","url":"https:\/\/lystes.store\/select\/dreamvirginhair\/","name":"Dream Virgin Hair","description":"L&#039;excellence sinon rien","potentialAction":[{"@type":"SearchAction","target":{"@type":"EntryPoint","urlTemplate":"https:\/\/lystes.store\/select\/dreamvirginhair\/?s={search_term_string}"},"query-input":{"@type":"PropertyValueSpecification","valueRequired":true,"valueName":"search_term_string"}}],"inLanguage":"en-US"}]}},"_links":{"self":[{"href":"https:\/\/lystes.store\/select\/dreamvirginhair\/wp-json\/wp\/v2\/product\/87918","targetHints":{"allow":["GET"]}}],"collection":[{"href":"https:\/\/lystes.store\/select\/dreamvirginhair\/wp-json\/wp\/v2\/product"}],"about":[{"href":"https:\/\/lystes.store\/select\/dreamvirginhair\/wp-json\/wp\/v2\/types\/product"}],"replies":[{"embeddable":true,"href":"https:\/\/lystes.store\/select\/dreamvirginhair\/wp-json\/wp\/v2\/comments?post=87918"}],"wp:featuredmedia":[{"embeddable":true,"href":"https:\/\/lystes.store\/select\/dreamvirginhair\/wp-json\/wp\/v2\/media\/119387"}],"wp:attachment":[{"href":"https:\/\/lystes.store\/select\/dreamvirginhair\/wp-json\/wp\/v2\/media?parent=87918"}],"wp:term":[{"taxonomy":"product_brand","embeddable":true,"href":"https:\/\/lystes.store\/select\/dreamvirginhair\/wp-json\/wp\/v2\/product_brand?post=87918"},{"taxonomy":"product_cat","embeddable":true,"href":"https:\/\/lystes.store\/select\/dreamvirginhair\/wp-json\/wp\/v2\/product_cat?post=87918"},{"taxonomy":"product_tag","embeddable":true,"href":"https:\/\/lystes.store\/select\/dreamvirginhair\/wp-json\/wp\/v2\/product_tag?post=87918"}],"curies":[{"name":"wp","href":"https:\/\/api.w.org\/{rel}","templated":true}]}}