{"id":87767,"date":"2025-03-20T21:59:19","date_gmt":"2025-03-20T20:59:19","guid":{"rendered":"https:\/\/lystes.store\/select\/dreamvirginhair\/?post_type=product&#038;p=87767"},"modified":"2025-08-03T17:43:28","modified_gmt":"2025-08-03T15:43:28","slug":"tissage-nappy-hair-asian-hair","status":"publish","type":"product","link":"https:\/\/lystes.store\/select\/dreamvirginhair\/product\/tissage-nappy-hair-asian-hair\/","title":{"rendered":"Tissage Kinky Straight Nappy Hair"},"content":{"rendered":"<p>Optez pour nos m\u00e8ches <strong>Kinky straight<\/strong> effet cheveux d\u00e9fris\u00e9s, 100% cheveux humains et vierges, d&#8217;excellente qualit\u00e9.<\/p>\n<p>Elles sont vendues par paquet de 100 grammes environ.<br \/>\n.<\/p>\n<h3>Combien de paquets dois-je prendre ?<\/h3>\n<p>Pour un volume classique :<br \/>\nDu 8&#8243; au 14&#8243; vous aurez besoin de 2 \u00e0 3 paquets<br \/>\n16&#8243; au 22&#8243; vous aurez besoin de 3 \u00e0 4 paquets<br \/>\n24&#8243; au\u00a0 30&#8243; vous aurez besoin de 4 \u00e0 5 paquets<br \/>\nPour beaucoup de volume pr\u00e9voir 1, 2 ou m\u00eame 3 paquets de plus.<\/p>\n<h3>Entretien:<\/h3>\n<p>Shampoing (sans frotter) 1 \u00e0 2 fois par semaine \u00e0 l&#8217;eau ti\u00e8de.<br \/>\nAppliquer ensuite un apr\u00e8s-shampoing, un soin, ou masque capillaire \u00e0 laisser poser.<br \/>\nRincez puis enlever l&#8217;exc\u00e8s d&#8217;eau en tamponnant avec une serviette.<br \/>\nVous pouvez par la suite s\u00e9cher au s\u00e8che cheveu ou laisser s\u00e9cher \u00e0 l&#8217;air libre.<\/p>\n<h3>\u00c0 propos de Dream Virgin Hair:<\/h3>\n<p>Leader de la vente de m\u00e8ches (pour tissages) et perruques 100% human hair en France, Dream Virgin Hair est la r\u00e9f\u00e9rence pour des cheveux de qualit\u00e9 au meilleur prix. En plus de notre site internet vous pouvez \u00e9galement retrouver notre \u00e9quipe et nos produits au sein de notre salon de coiffure Keliyah Beaut\u00e9 situ\u00e9 au <strong>7 rue Ren\u00e9 Boulanger 75010 Paris<\/strong>, nous vous y accueillons avec et sans rendez-vous du mardi au samedi (vente, confection sur-mesure et prestations coiffure).<\/p>\n<h3>\u00c0 propos de notre site internet:<\/h3>\n<p>Site Fran\u00e7ais.<br \/>\nPaiements 100% s\u00e9curis\u00e9s.<br \/>\nToutes les commandes sont exp\u00e9di\u00e9es depuis la France (Paris).<br \/>\nD\u00e9lais de livraison (pour la France m\u00e9tropolitaine) : 24\/48h pour la livraison express, 2 \u00e0 5 jours pour une livraison Colissimo et 5-8 jours ouvrables pour une livraison point relais.<br \/>\n<strong>Suivi de commande:<\/strong><br \/>\nToutes les commandes disposent d&#8217;un num\u00e9ro de suivi qui vous sera automatiquement communiqu\u00e9 par e-mail d\u00e8s la commande exp\u00e9di\u00e9e.<br \/>\n<strong>Notre service client reste \u00e0 votre disposition<\/strong>. Pour toute question vous pouvez nous contacter via les r\u00e9seaux sociaux <a href=\"https:\/\/www.facebook.com\/dvhparis\/\" target=\"_blank\" rel=\"noopener noreferrer\">Facebook<\/a> et <a href=\"https:\/\/www.instagram.com\/amandineluxioushair\/\" target=\"_blank\" rel=\"noopener noreferrer\">Instagram<\/a> @amandineluxioushair.<\/p>\n","protected":false},"excerpt":{"rendered":"<ul>\n<li>Tissage Kinky Straight, cheveux 100% naturels<\/li>\n<li>Vendu par paquet de 100 gr environ.<\/li>\n<li>Possibilit\u00e9 de colorer, d\u00e9colorer, brusher, lisser, boucler&#8230;<\/li>\n<li>Dur\u00e9e 6 mois \u00e0 2 ans selon soin et entretien<\/li>\n<li><span class=\"transpan\"><span id=\"tran5\">du 8&#8243; au 14&#8243; vous aurez besoin de 2 \u00e0 3 paquets<\/span><\/span><\/li>\n<li><span class=\"transpan\"><span id=\"tran5\">du 16&#8243; au 22&#8243; vous aurez besoin de 3 \u00e0 4 paquets<br \/>\n<\/span><\/span><\/li>\n<li><span class=\"transpan\"><span id=\"tran5\">du 24&#8243; au\u00a0 30&#8243; vous aurez besoin de 4 \u00e0 5 paquets<\/span><\/span><\/li>\n<li>Pour beaucoup de volume pr\u00e9voir 1, 2 ou 3 paquets de plus.<\/li>\n<\/ul>\n<p>&nbsp;<\/p>\n<p>Entretien :<\/p>\n<ul>\n<li>Shampoing (sans frotter) 1 \u00e0 2 fois par semaine \u00e0 l&#8217;eau ti\u00e8de<\/li>\n<li>Apr\u00e8s-shampoing<\/li>\n<li>Enlever l&#8217;exc\u00e8s d&#8217;eau en tamponnant avec une serviette<\/li>\n<\/ul>\n<p>&nbsp;<\/p>\n<p>Faire un masque sur le tissage de temps en temps afin de reg\u00e9n\u00e9rer le cheveu.<\/p>\n","protected":false},"featured_media":119328,"comment_status":"closed","ping_status":"closed","template":"","meta":[],"product_brand":[],"product_cat":[1073,1100,1123,1076,1101,1078],"product_tag":[436,460,463,464,465,466,467,469,444,642,447,448,470,471,472,473,474,475,476,477,478,479,480,643,644,481,482,483,484],"class_list":{"0":"post-87767","1":"product","2":"type-product","3":"status-publish","4":"has-post-thumbnail","6":"product_cat-all","7":"product_cat-best-seller","8":"product_cat-nappy-hair","9":"product_cat-tissages","10":"product_cat-tissages-asian-hair","11":"product_cat-top","12":"product_tag-body-waves","13":"product_tag-bresiliennes","14":"product_tag-coiffeur-afro","15":"product_tag-coiffeur-afro-paris","16":"product_tag-coiffure-africaine","17":"product_tag-extension-cheveux-tissage","18":"product_tag-extension-tissage","19":"product_tag-le-tissage","20":"product_tag-loose-waves","21":"product_tag-nappy-hair","22":"product_tag-peruvian-body-waves","23":"product_tag-peruvian-hair","24":"product_tag-salon-afro-paris","25":"product_tag-salon-de-coiffure-afro","26":"product_tag-tissage","27":"product_tag-tissage-afro","28":"product_tag-tissage-asian-hair","29":"product_tag-tissage-boucle","30":"product_tag-tissage-bresilien","31":"product_tag-tissage-cheveux","32":"product_tag-tissage-coiffure","33":"product_tag-tissage-coupe","34":"product_tag-tissage-de-cheveux","35":"product_tag-tissage-nappy","36":"product_tag-tissage-nappy-hair","37":"product_tag-tissage-naturel","38":"product_tag-tissage-paris","39":"product_tag-tissage-peruvien-lisse","40":"product_tag-tissage-qualite","42":"first","43":"instock","44":"featured","45":"taxable","46":"shipping-taxable","47":"purchasable","48":"product-type-variable"},"acf":[],"yoast_head":"<!-- This site is optimized with the Yoast SEO plugin v25.3.1 - https:\/\/yoast.com\/wordpress\/plugins\/seo\/ -->\n<title>Tissage Kinky Straight Nappy Hair - Dream Virgin Hair<\/title>\n<meta name=\"robots\" content=\"index, follow, max-snippet:-1, max-image-preview:large, max-video-preview:-1\" \/>\n<link rel=\"canonical\" href=\"https:\/\/lystes.store\/select\/dreamvirginhair\/product\/tissage-nappy-hair-asian-hair\/\" \/>\n<meta property=\"og:locale\" content=\"en_US\" \/>\n<meta property=\"og:type\" content=\"article\" \/>\n<meta property=\"og:title\" content=\"Tissage Kinky Straight Nappy Hair - Dream Virgin Hair\" \/>\n<meta property=\"og:description\" content=\"Tissage Kinky Straight, cheveux 100% naturels  Vendu par paquet de 100 gr environ.  Possibilit\u00e9 de colorer, d\u00e9colorer, brusher, lisser, boucler...  Dur\u00e9e 6 mois \u00e0 2 ans selon soin et entretien  du 8&quot; au 14&quot; vous aurez besoin de 2 \u00e0 3 paquets  du 16&quot; au 22&quot; vous aurez besoin de 3 \u00e0 4 paquets   du 24&quot; au\u00a0 30&quot; vous aurez besoin de 4 \u00e0 5 paquets  Pour beaucoup de volume pr\u00e9voir 1, 2 ou 3 paquets de plus.  &nbsp;  Entretien :   Shampoing (sans frotter) 1 \u00e0 2 fois par semaine \u00e0 l&#039;eau ti\u00e8de  Apr\u00e8s-shampoing  Enlever l&#039;exc\u00e8s d&#039;eau en tamponnant avec une serviette  &nbsp;  Faire un masque sur le tissage de temps en temps afin de reg\u00e9n\u00e9rer le cheveu.\" \/>\n<meta property=\"og:url\" content=\"https:\/\/lystes.store\/select\/dreamvirginhair\/product\/tissage-nappy-hair-asian-hair\/\" \/>\n<meta property=\"og:site_name\" content=\"Dream Virgin Hair\" \/>\n<meta property=\"article:modified_time\" content=\"2025-08-03T15:43:28+00:00\" \/>\n<meta name=\"twitter:card\" content=\"summary_large_image\" \/>\n<meta name=\"twitter:label1\" content=\"Est. reading time\" \/>\n\t<meta name=\"twitter:data1\" content=\"1 minute\" \/>\n<script type=\"application\/ld+json\" class=\"yoast-schema-graph\">{\"@context\":\"https:\/\/schema.org\",\"@graph\":[{\"@type\":\"WebPage\",\"@id\":\"https:\/\/lystes.store\/select\/dreamvirginhair\/product\/tissage-nappy-hair-asian-hair\/\",\"url\":\"https:\/\/lystes.store\/select\/dreamvirginhair\/product\/tissage-nappy-hair-asian-hair\/\",\"name\":\"Tissage Kinky Straight Nappy Hair - Dream Virgin Hair\",\"isPartOf\":{\"@id\":\"https:\/\/lystes.store\/select\/dreamvirginhair\/#website\"},\"primaryImageOfPage\":{\"@id\":\"https:\/\/lystes.store\/select\/dreamvirginhair\/product\/tissage-nappy-hair-asian-hair\/#primaryimage\"},\"image\":{\"@id\":\"https:\/\/lystes.store\/select\/dreamvirginhair\/product\/tissage-nappy-hair-asian-hair\/#primaryimage\"},\"thumbnailUrl\":\"https:\/\/i0.wp.com\/lystes.store\/select\/dreamvirginhair\/wp-content\/uploads\/sites\/14\/2025\/08\/img-4244.png?fit=%2C&ssl=1\",\"datePublished\":\"2025-03-20T20:59:19+00:00\",\"dateModified\":\"2025-08-03T15:43:28+00:00\",\"breadcrumb\":{\"@id\":\"https:\/\/lystes.store\/select\/dreamvirginhair\/product\/tissage-nappy-hair-asian-hair\/#breadcrumb\"},\"inLanguage\":\"en-US\",\"potentialAction\":[{\"@type\":\"ReadAction\",\"target\":[\"https:\/\/lystes.store\/select\/dreamvirginhair\/product\/tissage-nappy-hair-asian-hair\/\"]}]},{\"@type\":\"ImageObject\",\"inLanguage\":\"en-US\",\"@id\":\"https:\/\/lystes.store\/select\/dreamvirginhair\/product\/tissage-nappy-hair-asian-hair\/#primaryimage\",\"url\":\"https:\/\/i0.wp.com\/lystes.store\/select\/dreamvirginhair\/wp-content\/uploads\/sites\/14\/2025\/08\/img-4244.png?fit=%2C&ssl=1\",\"contentUrl\":\"https:\/\/i0.wp.com\/lystes.store\/select\/dreamvirginhair\/wp-content\/uploads\/sites\/14\/2025\/08\/img-4244.png?fit=%2C&ssl=1\"},{\"@type\":\"BreadcrumbList\",\"@id\":\"https:\/\/lystes.store\/select\/dreamvirginhair\/product\/tissage-nappy-hair-asian-hair\/#breadcrumb\",\"itemListElement\":[{\"@type\":\"ListItem\",\"position\":1,\"name\":\"Accueil\",\"item\":\"https:\/\/lystes.store\/select\/dreamvirginhair\/\"},{\"@type\":\"ListItem\",\"position\":2,\"name\":\"Boutique\",\"item\":\"https:\/\/lystes.store\/select\/dreamvirginhair\/boutique\/\"},{\"@type\":\"ListItem\",\"position\":3,\"name\":\"Tissage Kinky Straight Nappy Hair\"}]},{\"@type\":\"WebSite\",\"@id\":\"https:\/\/lystes.store\/select\/dreamvirginhair\/#website\",\"url\":\"https:\/\/lystes.store\/select\/dreamvirginhair\/\",\"name\":\"Dream Virgin Hair\",\"description\":\"L&#039;excellence sinon rien\",\"potentialAction\":[{\"@type\":\"SearchAction\",\"target\":{\"@type\":\"EntryPoint\",\"urlTemplate\":\"https:\/\/lystes.store\/select\/dreamvirginhair\/?s={search_term_string}\"},\"query-input\":{\"@type\":\"PropertyValueSpecification\",\"valueRequired\":true,\"valueName\":\"search_term_string\"}}],\"inLanguage\":\"en-US\"}]}<\/script>\n<!-- \/ Yoast SEO plugin. -->","yoast_head_json":{"title":"Tissage Kinky Straight Nappy Hair - Dream Virgin Hair","robots":{"index":"index","follow":"follow","max-snippet":"max-snippet:-1","max-image-preview":"max-image-preview:large","max-video-preview":"max-video-preview:-1"},"canonical":"https:\/\/lystes.store\/select\/dreamvirginhair\/product\/tissage-nappy-hair-asian-hair\/","og_locale":"en_US","og_type":"article","og_title":"Tissage Kinky Straight Nappy Hair - Dream Virgin Hair","og_description":"Tissage Kinky Straight, cheveux 100% naturels  Vendu par paquet de 100 gr environ.  Possibilit\u00e9 de colorer, d\u00e9colorer, brusher, lisser, boucler...  Dur\u00e9e 6 mois \u00e0 2 ans selon soin et entretien  du 8\" au 14\" vous aurez besoin de 2 \u00e0 3 paquets  du 16\" au 22\" vous aurez besoin de 3 \u00e0 4 paquets   du 24\" au\u00a0 30\" vous aurez besoin de 4 \u00e0 5 paquets  Pour beaucoup de volume pr\u00e9voir 1, 2 ou 3 paquets de plus.  &nbsp;  Entretien :   Shampoing (sans frotter) 1 \u00e0 2 fois par semaine \u00e0 l'eau ti\u00e8de  Apr\u00e8s-shampoing  Enlever l'exc\u00e8s d'eau en tamponnant avec une serviette  &nbsp;  Faire un masque sur le tissage de temps en temps afin de reg\u00e9n\u00e9rer le cheveu.","og_url":"https:\/\/lystes.store\/select\/dreamvirginhair\/product\/tissage-nappy-hair-asian-hair\/","og_site_name":"Dream Virgin Hair","article_modified_time":"2025-08-03T15:43:28+00:00","twitter_card":"summary_large_image","twitter_misc":{"Est. reading time":"1 minute"},"schema":{"@context":"https:\/\/schema.org","@graph":[{"@type":"WebPage","@id":"https:\/\/lystes.store\/select\/dreamvirginhair\/product\/tissage-nappy-hair-asian-hair\/","url":"https:\/\/lystes.store\/select\/dreamvirginhair\/product\/tissage-nappy-hair-asian-hair\/","name":"Tissage Kinky Straight Nappy Hair - Dream Virgin Hair","isPartOf":{"@id":"https:\/\/lystes.store\/select\/dreamvirginhair\/#website"},"primaryImageOfPage":{"@id":"https:\/\/lystes.store\/select\/dreamvirginhair\/product\/tissage-nappy-hair-asian-hair\/#primaryimage"},"image":{"@id":"https:\/\/lystes.store\/select\/dreamvirginhair\/product\/tissage-nappy-hair-asian-hair\/#primaryimage"},"thumbnailUrl":"https:\/\/i0.wp.com\/lystes.store\/select\/dreamvirginhair\/wp-content\/uploads\/sites\/14\/2025\/08\/img-4244.png?fit=%2C&ssl=1","datePublished":"2025-03-20T20:59:19+00:00","dateModified":"2025-08-03T15:43:28+00:00","breadcrumb":{"@id":"https:\/\/lystes.store\/select\/dreamvirginhair\/product\/tissage-nappy-hair-asian-hair\/#breadcrumb"},"inLanguage":"en-US","potentialAction":[{"@type":"ReadAction","target":["https:\/\/lystes.store\/select\/dreamvirginhair\/product\/tissage-nappy-hair-asian-hair\/"]}]},{"@type":"ImageObject","inLanguage":"en-US","@id":"https:\/\/lystes.store\/select\/dreamvirginhair\/product\/tissage-nappy-hair-asian-hair\/#primaryimage","url":"https:\/\/i0.wp.com\/lystes.store\/select\/dreamvirginhair\/wp-content\/uploads\/sites\/14\/2025\/08\/img-4244.png?fit=%2C&ssl=1","contentUrl":"https:\/\/i0.wp.com\/lystes.store\/select\/dreamvirginhair\/wp-content\/uploads\/sites\/14\/2025\/08\/img-4244.png?fit=%2C&ssl=1"},{"@type":"BreadcrumbList","@id":"https:\/\/lystes.store\/select\/dreamvirginhair\/product\/tissage-nappy-hair-asian-hair\/#breadcrumb","itemListElement":[{"@type":"ListItem","position":1,"name":"Accueil","item":"https:\/\/lystes.store\/select\/dreamvirginhair\/"},{"@type":"ListItem","position":2,"name":"Boutique","item":"https:\/\/lystes.store\/select\/dreamvirginhair\/boutique\/"},{"@type":"ListItem","position":3,"name":"Tissage Kinky Straight Nappy Hair"}]},{"@type":"WebSite","@id":"https:\/\/lystes.store\/select\/dreamvirginhair\/#website","url":"https:\/\/lystes.store\/select\/dreamvirginhair\/","name":"Dream Virgin Hair","description":"L&#039;excellence sinon rien","potentialAction":[{"@type":"SearchAction","target":{"@type":"EntryPoint","urlTemplate":"https:\/\/lystes.store\/select\/dreamvirginhair\/?s={search_term_string}"},"query-input":{"@type":"PropertyValueSpecification","valueRequired":true,"valueName":"search_term_string"}}],"inLanguage":"en-US"}]}},"_links":{"self":[{"href":"https:\/\/lystes.store\/select\/dreamvirginhair\/wp-json\/wp\/v2\/product\/87767","targetHints":{"allow":["GET"]}}],"collection":[{"href":"https:\/\/lystes.store\/select\/dreamvirginhair\/wp-json\/wp\/v2\/product"}],"about":[{"href":"https:\/\/lystes.store\/select\/dreamvirginhair\/wp-json\/wp\/v2\/types\/product"}],"replies":[{"embeddable":true,"href":"https:\/\/lystes.store\/select\/dreamvirginhair\/wp-json\/wp\/v2\/comments?post=87767"}],"wp:featuredmedia":[{"embeddable":true,"href":"https:\/\/lystes.store\/select\/dreamvirginhair\/wp-json\/wp\/v2\/media\/119328"}],"wp:attachment":[{"href":"https:\/\/lystes.store\/select\/dreamvirginhair\/wp-json\/wp\/v2\/media?parent=87767"}],"wp:term":[{"taxonomy":"product_brand","embeddable":true,"href":"https:\/\/lystes.store\/select\/dreamvirginhair\/wp-json\/wp\/v2\/product_brand?post=87767"},{"taxonomy":"product_cat","embeddable":true,"href":"https:\/\/lystes.store\/select\/dreamvirginhair\/wp-json\/wp\/v2\/product_cat?post=87767"},{"taxonomy":"product_tag","embeddable":true,"href":"https:\/\/lystes.store\/select\/dreamvirginhair\/wp-json\/wp\/v2\/product_tag?post=87767"}],"curies":[{"name":"wp","href":"https:\/\/api.w.org\/{rel}","templated":true}]}}