{"id":87510,"date":"2025-03-20T21:57:12","date_gmt":"2025-03-20T20:57:12","guid":{"rendered":"https:\/\/lystes.store\/select\/dreamvirginhair\/?post_type=product&#038;p=87510"},"modified":"2025-08-03T17:40:58","modified_gmt":"2025-08-03T15:40:58","slug":"shampoing-a-la-keratine-1000-ml","status":"publish","type":"product","link":"https:\/\/lystes.store\/select\/dreamvirginhair\/product\/shampoing-a-la-keratine-1000-ml\/","title":{"rendered":"Shampoing \u00e0 la K\u00e9ratine 1000 ml"},"content":{"rendered":"","protected":false},"excerpt":{"rendered":"<p>Un shampoing enrichie \u00e0 la k\u00e9ratine id\u00e9al pour un usage r\u00e9gulier, il apporte douceur, \u00e9lasticit\u00e9 et \u00e9clat tout en fortifiant les cheveux.<\/p>\n<p>S&#8217;utilise aussi bien pour vos tissages que pour vos cheveux naturels ou d\u00e9fris\u00e9s.<\/p>\n<p>Contenance : 300mL<\/p>\n<p>Ce shampoing fait partie des produits que notre \u00e9quipe utilise au sein de notre salon de coiffure.<\/p>\n","protected":false},"featured_media":119248,"comment_status":"open","ping_status":"closed","template":"","meta":[],"product_brand":[],"product_cat":[824,1090],"product_tag":[],"class_list":{"0":"post-87510","1":"product","2":"type-product","3":"status-publish","4":"has-post-thumbnail","6":"product_cat-cosmetiques","7":"product_cat-entretien-et-soins","9":"first","10":"instock","11":"taxable","12":"shipping-taxable","13":"purchasable","14":"product-type-simple"},"acf":[],"yoast_head":"<!-- This site is optimized with the Yoast SEO plugin v25.3.1 - https:\/\/yoast.com\/wordpress\/plugins\/seo\/ -->\n<title>Shampoing \u00e0 la K\u00e9ratine 1000 ml - Dream Virgin Hair<\/title>\n<meta name=\"robots\" content=\"index, follow, max-snippet:-1, max-image-preview:large, max-video-preview:-1\" \/>\n<link rel=\"canonical\" href=\"https:\/\/lystes.store\/select\/dreamvirginhair\/product\/shampoing-a-la-keratine-1000-ml\/\" \/>\n<meta property=\"og:locale\" content=\"en_US\" \/>\n<meta property=\"og:type\" content=\"article\" \/>\n<meta property=\"og:title\" content=\"Shampoing \u00e0 la K\u00e9ratine 1000 ml - Dream Virgin Hair\" \/>\n<meta property=\"og:description\" content=\"Un shampoing enrichie \u00e0 la k\u00e9ratine id\u00e9al pour un usage r\u00e9gulier, il apporte douceur, \u00e9lasticit\u00e9 et \u00e9clat tout en fortifiant les cheveux.  S&#039;utilise aussi bien pour vos tissages que pour vos cheveux naturels ou d\u00e9fris\u00e9s.  Contenance : 300mL  Ce shampoing fait partie des produits que notre \u00e9quipe utilise au sein de notre salon de coiffure.\" \/>\n<meta property=\"og:url\" content=\"https:\/\/lystes.store\/select\/dreamvirginhair\/product\/shampoing-a-la-keratine-1000-ml\/\" \/>\n<meta property=\"og:site_name\" content=\"Dream Virgin Hair\" \/>\n<meta property=\"article:modified_time\" content=\"2025-08-03T15:40:58+00:00\" \/>\n<meta name=\"twitter:card\" content=\"summary_large_image\" \/>\n<script type=\"application\/ld+json\" class=\"yoast-schema-graph\">{\"@context\":\"https:\/\/schema.org\",\"@graph\":[{\"@type\":\"WebPage\",\"@id\":\"https:\/\/lystes.store\/select\/dreamvirginhair\/product\/shampoing-a-la-keratine-1000-ml\/\",\"url\":\"https:\/\/lystes.store\/select\/dreamvirginhair\/product\/shampoing-a-la-keratine-1000-ml\/\",\"name\":\"Shampoing \u00e0 la K\u00e9ratine 1000 ml - Dream Virgin Hair\",\"isPartOf\":{\"@id\":\"https:\/\/lystes.store\/select\/dreamvirginhair\/#website\"},\"primaryImageOfPage\":{\"@id\":\"https:\/\/lystes.store\/select\/dreamvirginhair\/product\/shampoing-a-la-keratine-1000-ml\/#primaryimage\"},\"image\":{\"@id\":\"https:\/\/lystes.store\/select\/dreamvirginhair\/product\/shampoing-a-la-keratine-1000-ml\/#primaryimage\"},\"thumbnailUrl\":\"https:\/\/i0.wp.com\/lystes.store\/select\/dreamvirginhair\/wp-content\/uploads\/sites\/14\/2025\/08\/B2A5537A-77B4-4BDA-9E2B-7BDAB56B79B4-1.jpeg?fit=%2C&ssl=1\",\"datePublished\":\"2025-03-20T20:57:12+00:00\",\"dateModified\":\"2025-08-03T15:40:58+00:00\",\"breadcrumb\":{\"@id\":\"https:\/\/lystes.store\/select\/dreamvirginhair\/product\/shampoing-a-la-keratine-1000-ml\/#breadcrumb\"},\"inLanguage\":\"en-US\",\"potentialAction\":[{\"@type\":\"ReadAction\",\"target\":[\"https:\/\/lystes.store\/select\/dreamvirginhair\/product\/shampoing-a-la-keratine-1000-ml\/\"]}]},{\"@type\":\"ImageObject\",\"inLanguage\":\"en-US\",\"@id\":\"https:\/\/lystes.store\/select\/dreamvirginhair\/product\/shampoing-a-la-keratine-1000-ml\/#primaryimage\",\"url\":\"https:\/\/i0.wp.com\/lystes.store\/select\/dreamvirginhair\/wp-content\/uploads\/sites\/14\/2025\/08\/B2A5537A-77B4-4BDA-9E2B-7BDAB56B79B4-1.jpeg?fit=%2C&ssl=1\",\"contentUrl\":\"https:\/\/i0.wp.com\/lystes.store\/select\/dreamvirginhair\/wp-content\/uploads\/sites\/14\/2025\/08\/B2A5537A-77B4-4BDA-9E2B-7BDAB56B79B4-1.jpeg?fit=%2C&ssl=1\"},{\"@type\":\"BreadcrumbList\",\"@id\":\"https:\/\/lystes.store\/select\/dreamvirginhair\/product\/shampoing-a-la-keratine-1000-ml\/#breadcrumb\",\"itemListElement\":[{\"@type\":\"ListItem\",\"position\":1,\"name\":\"Accueil\",\"item\":\"https:\/\/lystes.store\/select\/dreamvirginhair\/\"},{\"@type\":\"ListItem\",\"position\":2,\"name\":\"Boutique\",\"item\":\"https:\/\/lystes.store\/select\/dreamvirginhair\/boutique\/\"},{\"@type\":\"ListItem\",\"position\":3,\"name\":\"Shampoing \u00e0 la K\u00e9ratine 1000 ml\"}]},{\"@type\":\"WebSite\",\"@id\":\"https:\/\/lystes.store\/select\/dreamvirginhair\/#website\",\"url\":\"https:\/\/lystes.store\/select\/dreamvirginhair\/\",\"name\":\"Dream Virgin Hair\",\"description\":\"L&#039;excellence sinon rien\",\"potentialAction\":[{\"@type\":\"SearchAction\",\"target\":{\"@type\":\"EntryPoint\",\"urlTemplate\":\"https:\/\/lystes.store\/select\/dreamvirginhair\/?s={search_term_string}\"},\"query-input\":{\"@type\":\"PropertyValueSpecification\",\"valueRequired\":true,\"valueName\":\"search_term_string\"}}],\"inLanguage\":\"en-US\"}]}<\/script>\n<!-- \/ Yoast SEO plugin. -->","yoast_head_json":{"title":"Shampoing \u00e0 la K\u00e9ratine 1000 ml - Dream Virgin Hair","robots":{"index":"index","follow":"follow","max-snippet":"max-snippet:-1","max-image-preview":"max-image-preview:large","max-video-preview":"max-video-preview:-1"},"canonical":"https:\/\/lystes.store\/select\/dreamvirginhair\/product\/shampoing-a-la-keratine-1000-ml\/","og_locale":"en_US","og_type":"article","og_title":"Shampoing \u00e0 la K\u00e9ratine 1000 ml - Dream Virgin Hair","og_description":"Un shampoing enrichie \u00e0 la k\u00e9ratine id\u00e9al pour un usage r\u00e9gulier, il apporte douceur, \u00e9lasticit\u00e9 et \u00e9clat tout en fortifiant les cheveux.  S'utilise aussi bien pour vos tissages que pour vos cheveux naturels ou d\u00e9fris\u00e9s.  Contenance : 300mL  Ce shampoing fait partie des produits que notre \u00e9quipe utilise au sein de notre salon de coiffure.","og_url":"https:\/\/lystes.store\/select\/dreamvirginhair\/product\/shampoing-a-la-keratine-1000-ml\/","og_site_name":"Dream Virgin Hair","article_modified_time":"2025-08-03T15:40:58+00:00","twitter_card":"summary_large_image","schema":{"@context":"https:\/\/schema.org","@graph":[{"@type":"WebPage","@id":"https:\/\/lystes.store\/select\/dreamvirginhair\/product\/shampoing-a-la-keratine-1000-ml\/","url":"https:\/\/lystes.store\/select\/dreamvirginhair\/product\/shampoing-a-la-keratine-1000-ml\/","name":"Shampoing \u00e0 la K\u00e9ratine 1000 ml - Dream Virgin Hair","isPartOf":{"@id":"https:\/\/lystes.store\/select\/dreamvirginhair\/#website"},"primaryImageOfPage":{"@id":"https:\/\/lystes.store\/select\/dreamvirginhair\/product\/shampoing-a-la-keratine-1000-ml\/#primaryimage"},"image":{"@id":"https:\/\/lystes.store\/select\/dreamvirginhair\/product\/shampoing-a-la-keratine-1000-ml\/#primaryimage"},"thumbnailUrl":"https:\/\/i0.wp.com\/lystes.store\/select\/dreamvirginhair\/wp-content\/uploads\/sites\/14\/2025\/08\/B2A5537A-77B4-4BDA-9E2B-7BDAB56B79B4-1.jpeg?fit=%2C&ssl=1","datePublished":"2025-03-20T20:57:12+00:00","dateModified":"2025-08-03T15:40:58+00:00","breadcrumb":{"@id":"https:\/\/lystes.store\/select\/dreamvirginhair\/product\/shampoing-a-la-keratine-1000-ml\/#breadcrumb"},"inLanguage":"en-US","potentialAction":[{"@type":"ReadAction","target":["https:\/\/lystes.store\/select\/dreamvirginhair\/product\/shampoing-a-la-keratine-1000-ml\/"]}]},{"@type":"ImageObject","inLanguage":"en-US","@id":"https:\/\/lystes.store\/select\/dreamvirginhair\/product\/shampoing-a-la-keratine-1000-ml\/#primaryimage","url":"https:\/\/i0.wp.com\/lystes.store\/select\/dreamvirginhair\/wp-content\/uploads\/sites\/14\/2025\/08\/B2A5537A-77B4-4BDA-9E2B-7BDAB56B79B4-1.jpeg?fit=%2C&ssl=1","contentUrl":"https:\/\/i0.wp.com\/lystes.store\/select\/dreamvirginhair\/wp-content\/uploads\/sites\/14\/2025\/08\/B2A5537A-77B4-4BDA-9E2B-7BDAB56B79B4-1.jpeg?fit=%2C&ssl=1"},{"@type":"BreadcrumbList","@id":"https:\/\/lystes.store\/select\/dreamvirginhair\/product\/shampoing-a-la-keratine-1000-ml\/#breadcrumb","itemListElement":[{"@type":"ListItem","position":1,"name":"Accueil","item":"https:\/\/lystes.store\/select\/dreamvirginhair\/"},{"@type":"ListItem","position":2,"name":"Boutique","item":"https:\/\/lystes.store\/select\/dreamvirginhair\/boutique\/"},{"@type":"ListItem","position":3,"name":"Shampoing \u00e0 la K\u00e9ratine 1000 ml"}]},{"@type":"WebSite","@id":"https:\/\/lystes.store\/select\/dreamvirginhair\/#website","url":"https:\/\/lystes.store\/select\/dreamvirginhair\/","name":"Dream Virgin Hair","description":"L&#039;excellence sinon rien","potentialAction":[{"@type":"SearchAction","target":{"@type":"EntryPoint","urlTemplate":"https:\/\/lystes.store\/select\/dreamvirginhair\/?s={search_term_string}"},"query-input":{"@type":"PropertyValueSpecification","valueRequired":true,"valueName":"search_term_string"}}],"inLanguage":"en-US"}]}},"_links":{"self":[{"href":"https:\/\/lystes.store\/select\/dreamvirginhair\/wp-json\/wp\/v2\/product\/87510","targetHints":{"allow":["GET"]}}],"collection":[{"href":"https:\/\/lystes.store\/select\/dreamvirginhair\/wp-json\/wp\/v2\/product"}],"about":[{"href":"https:\/\/lystes.store\/select\/dreamvirginhair\/wp-json\/wp\/v2\/types\/product"}],"replies":[{"embeddable":true,"href":"https:\/\/lystes.store\/select\/dreamvirginhair\/wp-json\/wp\/v2\/comments?post=87510"}],"wp:featuredmedia":[{"embeddable":true,"href":"https:\/\/lystes.store\/select\/dreamvirginhair\/wp-json\/wp\/v2\/media\/119248"}],"wp:attachment":[{"href":"https:\/\/lystes.store\/select\/dreamvirginhair\/wp-json\/wp\/v2\/media?parent=87510"}],"wp:term":[{"taxonomy":"product_brand","embeddable":true,"href":"https:\/\/lystes.store\/select\/dreamvirginhair\/wp-json\/wp\/v2\/product_brand?post=87510"},{"taxonomy":"product_cat","embeddable":true,"href":"https:\/\/lystes.store\/select\/dreamvirginhair\/wp-json\/wp\/v2\/product_cat?post=87510"},{"taxonomy":"product_tag","embeddable":true,"href":"https:\/\/lystes.store\/select\/dreamvirginhair\/wp-json\/wp\/v2\/product_tag?post=87510"}],"curies":[{"name":"wp","href":"https:\/\/api.w.org\/{rel}","templated":true}]}}