{"id":87505,"date":"2025-03-20T21:57:11","date_gmt":"2025-03-20T20:57:11","guid":{"rendered":"https:\/\/lystes.store\/select\/dreamvirginhair\/?post_type=product&#038;p=87505"},"modified":"2025-08-03T17:40:56","modified_gmt":"2025-08-03T15:40:56","slug":"tissage-bresilien-lisse","status":"publish","type":"product","link":"https:\/\/lystes.store\/select\/dreamvirginhair\/product\/tissage-bresilien-lisse\/","title":{"rendered":"Tissage Bresilien lisse"},"content":{"rendered":"<p>Optez pour nos <strong>m\u00e8ches Br\u00e9siliennes<\/strong> lisses, 100% cheveux humains et vierges, d&#8217;excellente qualit\u00e9.<\/p>\n<p>Elles sont vendues par paquet de 100 grammes environ.<\/p>\n<p>Bon \u00e0 savoir : Les tissages br\u00e9siliens sont nos m\u00e8ches cat\u00e9gorie entr\u00e9e de gamme.<br \/>\nLa plus haute qualit\u00e9 de cheveux que nous proposons ce sont les m\u00e8ches de la gamme Prestige, puis Asian Hair, Malaisiennes et enfin Br\u00e9siliennes.<br \/>\nVous ne pourrez pas d\u00e9colorer des bresiliennes au dela d&#8217;une teinte n\u00b018 \/ 27. Si vous cherchez des m\u00e8ches pour des d\u00e9colorations colorations nous vous recommandons d&#8217;opter pour des m\u00e8ches Prestige, Raw Hair, Asian ou Malaisiennes.<\/p>\n<h3>Combien de paquets dois-je prendre ?<\/h3>\n<p>Pour un volume classique :<br \/>\nDu 8&#8243; au 14&#8243; vous aurez besoin de 2 \u00e0 3 paquets<br \/>\n16&#8243; au 22&#8243; vous aurez besoin de 3 \u00e0 4 paquets<br \/>\n24&#8243; au\u00a0 30&#8243; vous aurez besoin de 4 \u00e0 5 paquets<br \/>\nPour beaucoup de volume pr\u00e9voir 1, 2 ou m\u00eame 3 paquets de plus.<\/p>\n<h3>Entretien:<\/h3>\n<p>Shampoing (sans frotter) 1 \u00e0 2 fois par semaine \u00e0 l&#8217;eau ti\u00e8de.<br \/>\nAppliquer ensuite un apr\u00e8s-shampoing, un soin, ou masque capillaire \u00e0 laisser poser.<br \/>\nRincez puis enlever l&#8217;exc\u00e8s d&#8217;eau en tamponnant avec une serviette.<br \/>\nVous pouvez par la suite s\u00e9cher au s\u00e8che cheveu ou laisser s\u00e9cher \u00e0 l&#8217;air libre.<\/p>\n<h3>\u00c0 propos de Dream Virgin Hair:<\/h3>\n<p>Leader de la vente de m\u00e8ches (pour tissages) et perruques 100% human hair en France, Dream Virgin Hair est la r\u00e9f\u00e9rence pour des cheveux de qualit\u00e9 au meilleur prix. En plus de notre site internet vous pouvez \u00e9galement retrouver notre \u00e9quipe et nos produits au sein de notre salon de coiffure Keliyah Beaut\u00e9 situ\u00e9 au <strong>7 rue Ren\u00e9 Boulanger 75010 Paris<\/strong>, nous vous y accueillons avec et sans rendez-vous du mardi au samedi (vente, confection sur-mesure et prestations coiffure).<\/p>\n<h3>\u00c0 propos de notre site internet:<\/h3>\n<p>Site Fran\u00e7ais.<br \/>\nPaiements 100% s\u00e9curis\u00e9s.<br \/>\nToutes les commandes sont exp\u00e9di\u00e9es depuis la France (Paris).<br \/>\nD\u00e9lais de livraison (pour la France m\u00e9tropolitaine) : 24\/48h pour la livraison express, 2 \u00e0 5 jours pour une livraison Colissimo et 5-8 jours ouvrables pour une livraison point relais.<br \/>\n<strong>Suivi de commande:<\/strong><br \/>\nToutes les commandes disposent d&#8217;un num\u00e9ro de suivi qui vous sera automatiquement communiqu\u00e9 par e-mail d\u00e8s la commande exp\u00e9di\u00e9e.<br \/>\n<strong>Notre service client reste \u00e0 votre disposition<\/strong>. Pour toute question vous pouvez nous contacter via les r\u00e9seaux sociaux <a href=\"https:\/\/www.facebook.com\/dvhparis\/\" target=\"_blank\" rel=\"noopener noreferrer\">Facebook<\/a> et <a href=\"https:\/\/www.instagram.com\/amandineluxioushair\/\" target=\"_blank\" rel=\"noopener noreferrer\">Instagram<\/a> @amandineluxioushair.<\/p>\n<blockquote class=\"instagram-media\" style=\"background: #FFF; border: 0; border-radius: 3px; box-shadow: 0 0 1px 0 rgba(0,0,0,0.5),0 1px 10px 0 rgba(0,0,0,0.15); margin: 1px; max-width: 540px; min-width: 326px; padding: 0; width: calc(100% - 2px);\" data-instgrm-captioned=\"\" data-instgrm-permalink=\"https:\/\/www.instagram.com\/p\/BxnBx88DkoK\/\" data-instgrm-version=\"12\">\n<div style=\"padding: 16px;\">\n<p>&nbsp;<\/p>\n<div style=\"display: flex; flex-direction: row; align-items: center;\">\n<div style=\"background-color: #f4f4f4; border-radius: 50%; flex-grow: 0; height: 40px; margin-right: 14px; width: 40px;\"><\/div>\n<div style=\"display: flex; flex-direction: column; flex-grow: 1; justify-content: center;\">\n<div style=\"background-color: #f4f4f4; border-radius: 4px; flex-grow: 0; height: 14px; margin-bottom: 6px; width: 100px;\"><\/div>\n<div style=\"background-color: #f4f4f4; border-radius: 4px; flex-grow: 0; height: 14px; width: 60px;\"><\/div>\n<\/div>\n<\/div>\n<div style=\"padding: 19% 0;\"><\/div>\n<div style=\"display: block; height: 50px; margin: 0 auto 12px; width: 50px;\"><\/div>\n<div style=\"padding-top: 8px;\">\n<div style=\"color: #3897f0; font-family: Arial,sans-serif; font-size: 14px; font-style: normal; font-weight: 550; line-height: 18px;\">Voir cette publication sur Instagram<\/div>\n<\/div>\n<div style=\"padding: 12.5% 0;\"><\/div>\n<div style=\"display: flex; flex-direction: row; margin-bottom: 14px; align-items: center;\">\n<div>\n<div style=\"background-color: #f4f4f4; border-radius: 50%; height: 12.5px; width: 12.5px; transform: translateX(0px) translateY(7px);\"><\/div>\n<div style=\"background-color: #f4f4f4; height: 12.5px; transform: rotate(-45deg) translateX(3px) translateY(1px); width: 12.5px; flex-grow: 0; margin-right: 14px; margin-left: 2px;\"><\/div>\n<div style=\"background-color: #f4f4f4; border-radius: 50%; height: 12.5px; width: 12.5px; transform: translateX(9px) translateY(-18px);\"><\/div>\n<\/div>\n<div style=\"margin-left: 8px;\">\n<div style=\"background-color: #f4f4f4; border-radius: 50%; flex-grow: 0; height: 20px; width: 20px;\"><\/div>\n<div style=\"width: 0; height: 0; border-top: 2px solid transparent; border-left: 6px solid #f4f4f4; border-bottom: 2px solid transparent; transform: translateX(16px) translateY(-4px) rotate(30deg);\"><\/div>\n<\/div>\n<div style=\"margin-left: auto;\">\n<div style=\"width: 0px; border-top: 8px solid #F4F4F4; border-right: 8px solid transparent; transform: translateY(16px);\"><\/div>\n<div style=\"background-color: #f4f4f4; flex-grow: 0; height: 12px; width: 16px; transform: translateY(-4px);\"><\/div>\n<div style=\"width: 0; height: 0; border-top: 8px solid #F4F4F4; border-left: 8px solid transparent; transform: translateY(-4px) translateX(8px);\"><\/div>\n<\/div>\n<\/div>\n<p>&nbsp;<\/p>\n<p style=\"margin: 8px 0 0 0; padding: 0 4px;\"><a style=\"color: #000; font-family: Arial,sans-serif; font-size: 14px; font-style: normal; font-weight: normal; line-height: 17px; text-decoration: none; word-wrap: break-word;\" href=\"https:\/\/www.instagram.com\/p\/BxnBx88DkoK\/\" target=\"_blank\" rel=\"noopener noreferrer\">Confection perruque avec nos m\u00e8ches br\u00e9siliennes 3 paquets + Closure large &#x1f495; Hair by #DVH &#x1f449;&#x1f4cd; 7 rue Ren\u00e9 Boulanger 75010 Paris, m\u00e9tro R\u00e9publique. &#x1f449;www.dreamvirginhair.fr &#x1f449;Achetez au salon ou en ligne sur notre site. Livraison rapide avec suivi colissimo 2 \u00e0 4 jours ouvr\u00e9s. . . . . #tokyostylez #anthonycuts #lacewig #lacefrontal #blackisbeautiful #wig #weave #whatlace #bundles #hairstyle #thecutlife #hudabeauty #blackgirlmagic #hairbydvh<\/a><\/p>\n<p style=\"color: #c9c8cd; font-family: Arial,sans-serif; font-size: 14px; line-height: 17px; margin-bottom: 0; margin-top: 8px; overflow: hidden; padding: 8px 0 7px; text-align: center; text-overflow: ellipsis; white-space: nowrap;\">Une publication partag\u00e9e par <a style=\"color: #c9c8cd; font-family: Arial,sans-serif; font-size: 14px; font-style: normal; font-weight: normal; line-height: 17px;\" href=\"https:\/\/www.instagram.com\/amandineluxioushair\/\" target=\"_blank\" rel=\"noopener noreferrer\"> DREAM VIRGIN HAIR(LUXURYHAIR)<\/a> (@amandineluxioushair) le <time style=\"font-family: Arial,sans-serif; font-size: 14px; line-height: 17px;\" datetime=\"2019-05-18T16:00:56+00:00\">18 Mai 2019 \u00e0 9\u00a0:00 PDT<\/time><\/p>\n<\/div>\n<\/blockquote>\n<p><script async src=\"\/\/www.instagram.com\/embed.js\"><\/script><\/p>\n","protected":false},"excerpt":{"rendered":"<p>&nbsp;<\/p>\n<ul>\n<li style=\"list-style-type: none;\"><strong>BON \u00c0 SAVOIR :<\/strong> Les tissages br\u00e9siliens sont nos m\u00e8ches cat\u00e9gorie entr\u00e9e de gamme.<br \/>\nLa plus haute qualit\u00e9 de cheveux que nous proposons ce sont les m\u00e8ches de la gamme Prestige, puis Asian Hair, Malaisiennes et enfin Br\u00e9siliennes.<br \/>\nVous ne pourrez pas d\u00e9colorer des bresiliennes au dela d&#8217;une teinte n\u00b018 \/ 27. Si vous cherchez des m\u00e8ches pour des d\u00e9colorations colorations nous vous recommandons d&#8217;opter pour des m\u00e8ches Prestige, Asian ou Malaisiennes.<\/p>\n<ul>\n<li>Tissage br\u00e9silien lisse, 100% cheveux humains et vierges.<\/li>\n<li>Vendu par paquet de 100 gr environ.<\/li>\n<li>Dur\u00e9e 6 mois \u00e0\u00a01 an selon soin et entretien<\/li>\n<li><span class=\"transpan\"><span id=\"tran5\">du 8&#8243; au 14&#8243; vous aurez besoin de 2 \u00e0 3 paquets<\/span><\/span><\/li>\n<li><span class=\"transpan\"><span id=\"tran5\">du 16&#8243; au 22&#8243; vous aurez besoin de 3 \u00e0 4 paquets<br \/>\n<\/span><\/span><\/li>\n<li><span class=\"transpan\"><span id=\"tran5\">du 24&#8243; au\u00a0 30&#8243; vous aurez besoin de 4 \u00e0 5 paquets<\/span><\/span><\/li>\n<li>Pour beaucoup de volume pr\u00e9voir 1, 2 ou 3 paquets de plus.<\/li>\n<li>D\u00e9coloration jusqu&#8217;au n\u00b027<\/li>\n<\/ul>\n<p>Entretien :<\/p>\n<ul>\n<li>Shampoing (sans frotter) 1 \u00e0 2 fois par semaine \u00e0 l&#8217;eau ti\u00e8de<\/li>\n<li>Apr\u00e8s-shampoing<\/li>\n<li>Enlever l&#8217;exc\u00e8s d&#8217;eau en tamponnant avec une serviette<\/li>\n<\/ul>\n<p>Faire un masque sur le tissage de temps en temps afin de reg\u00e9n\u00e9rer le cheveu.<\/li>\n<\/ul>\n<p>&nbsp;<\/p>\n<blockquote class=\"instagram-media\" style=\"background: #FFF; border: 0; border-radius: 3px; box-shadow: 0 0 1px 0 rgba(0,0,0,0.5),0 1px 10px 0 rgba(0,0,0,0.15); margin: 1px; max-width: 540px; min-width: 326px; padding: 0; width: calc(100% - 2px);\" data-instgrm-permalink=\"https:\/\/www.instagram.com\/p\/BxnBx88DkoK\/\" data-instgrm-version=\"12\">\n<div style=\"padding: 16px;\">\n<p>&nbsp;<\/p>\n<div style=\"display: flex; flex-direction: row; align-items: center;\">\n<div style=\"background-color: #f4f4f4; border-radius: 50%; flex-grow: 0; height: 40px; margin-right: 14px; width: 40px;\"><\/div>\n<div style=\"display: flex; flex-direction: column; flex-grow: 1; justify-content: center;\">\n<div style=\"background-color: #f4f4f4; border-radius: 4px; flex-grow: 0; height: 14px; margin-bottom: 6px; width: 100px;\"><\/div>\n<div style=\"background-color: #f4f4f4; border-radius: 4px; flex-grow: 0; height: 14px; width: 60px;\"><\/div>\n<\/div>\n<\/div>\n<div style=\"padding: 19% 0;\"><\/div>\n<div style=\"display: block; height: 50px; margin: 0 auto 12px; width: 50px;\"><\/div>\n<div style=\"padding-top: 8px;\">\n<div style=\"color: #3897f0; font-family: Arial,sans-serif; font-size: 14px; font-style: normal; font-weight: 550; line-height: 18px;\">Voir cette publication sur Instagram<\/div>\n<\/div>\n<div style=\"padding: 12.5% 0;\"><\/div>\n<div style=\"display: flex; flex-direction: row; margin-bottom: 14px; align-items: center;\">\n<div>\n<div style=\"background-color: #f4f4f4; border-radius: 50%; height: 12.5px; width: 12.5px; transform: translateX(0px) translateY(7px);\"><\/div>\n<div style=\"background-color: #f4f4f4; height: 12.5px; transform: rotate(-45deg) translateX(3px) translateY(1px); width: 12.5px; flex-grow: 0; margin-right: 14px; margin-left: 2px;\"><\/div>\n<div style=\"background-color: #f4f4f4; border-radius: 50%; height: 12.5px; width: 12.5px; transform: translateX(9px) translateY(-18px);\"><\/div>\n<\/div>\n<div style=\"margin-left: 8px;\">\n<div style=\"background-color: #f4f4f4; border-radius: 50%; flex-grow: 0; height: 20px; width: 20px;\"><\/div>\n<div style=\"width: 0; height: 0; border-top: 2px solid transparent; border-left: 6px solid #f4f4f4; border-bottom: 2px solid transparent; transform: translateX(16px) translateY(-4px) rotate(30deg);\"><\/div>\n<\/div>\n<div style=\"margin-left: auto;\">\n<div style=\"width: 0px; border-top: 8px solid #F4F4F4; border-right: 8px solid transparent; transform: translateY(16px);\"><\/div>\n<div style=\"background-color: #f4f4f4; flex-grow: 0; height: 12px; width: 16px; transform: translateY(-4px);\"><\/div>\n<div style=\"width: 0; height: 0; border-top: 8px solid #F4F4F4; border-left: 8px solid transparent; transform: translateY(-4px) translateX(8px);\"><\/div>\n<\/div>\n<\/div>\n<div style=\"display: flex; flex-direction: column; flex-grow: 1; justify-content: center; margin-bottom: 24px;\">\n<div style=\"background-color: #f4f4f4; border-radius: 4px; flex-grow: 0; height: 14px; margin-bottom: 6px; width: 224px;\"><\/div>\n<div style=\"background-color: #f4f4f4; border-radius: 4px; flex-grow: 0; height: 14px; width: 144px;\"><\/div>\n<\/div>\n<p>&nbsp;<\/p>\n<p style=\"color: #c9c8cd; font-family: Arial,sans-serif; font-size: 14px; line-height: 17px; margin-bottom: 0; margin-top: 8px; overflow: hidden; padding: 8px 0 7px; text-align: center; text-overflow: ellipsis; white-space: nowrap;\"><a style=\"color: #c9c8cd; font-family: Arial,sans-serif; font-size: 14px; font-style: normal; font-weight: normal; line-height: 17px; text-decoration: none;\" href=\"https:\/\/www.instagram.com\/p\/BxnBx88DkoK\/\" target=\"_blank\" rel=\"noopener noreferrer\">Une publication partag\u00e9e par DREAM VIRGIN HAIR(LUXURYHAIR) (@amandineluxioushair)<\/a> le <time style=\"font-family: Arial,sans-serif; font-size: 14px; line-height: 17px;\" datetime=\"2019-05-18T16:00:56+00:00\">18 Mai 2019 \u00e0 9\u00a0:00 PDT<\/time><\/p>\n<\/div>\n<\/blockquote>\n<p><script async src=\"\/\/www.instagram.com\/embed.js\"><\/script><\/p>\n","protected":false},"featured_media":119239,"comment_status":"closed","ping_status":"closed","template":"","meta":[],"product_brand":[],"product_cat":[1076,1077,1078],"product_tag":[436,460,463,464,465,466,467,469,444,447,448,470,471,472,473,474,475,476,477,478,479,480,481,482,483,484],"class_list":{"0":"post-87505","1":"product","2":"type-product","3":"status-publish","4":"has-post-thumbnail","6":"product_cat-tissages","7":"product_cat-tissages-bresiliens","8":"product_cat-top","9":"product_tag-body-waves","10":"product_tag-bresiliennes","11":"product_tag-coiffeur-afro","12":"product_tag-coiffeur-afro-paris","13":"product_tag-coiffure-africaine","14":"product_tag-extension-cheveux-tissage","15":"product_tag-extension-tissage","16":"product_tag-le-tissage","17":"product_tag-loose-waves","18":"product_tag-peruvian-body-waves","19":"product_tag-peruvian-hair","20":"product_tag-salon-afro-paris","21":"product_tag-salon-de-coiffure-afro","22":"product_tag-tissage","23":"product_tag-tissage-afro","24":"product_tag-tissage-asian-hair","25":"product_tag-tissage-boucle","26":"product_tag-tissage-bresilien","27":"product_tag-tissage-cheveux","28":"product_tag-tissage-coiffure","29":"product_tag-tissage-coupe","30":"product_tag-tissage-de-cheveux","31":"product_tag-tissage-naturel","32":"product_tag-tissage-paris","33":"product_tag-tissage-peruvien-lisse","34":"product_tag-tissage-qualite","36":"first","37":"instock","38":"purchasable","39":"product-type-variable"},"acf":[],"yoast_head":"<!-- This site is optimized with the Yoast SEO plugin v25.3.1 - https:\/\/yoast.com\/wordpress\/plugins\/seo\/ -->\n<title>Tissage Bresilien lisse - Dream Virgin Hair<\/title>\n<meta name=\"robots\" content=\"index, follow, max-snippet:-1, max-image-preview:large, max-video-preview:-1\" \/>\n<link rel=\"canonical\" href=\"https:\/\/lystes.store\/select\/dreamvirginhair\/product\/tissage-bresilien-lisse\/\" \/>\n<meta property=\"og:locale\" content=\"en_US\" \/>\n<meta property=\"og:type\" content=\"article\" \/>\n<meta property=\"og:title\" content=\"Tissage Bresilien lisse - Dream Virgin Hair\" \/>\n<meta property=\"og:description\" content=\"&nbsp;   BON \u00c0 SAVOIR : Les tissages br\u00e9siliens sont nos m\u00e8ches cat\u00e9gorie entr\u00e9e de gamme. La plus haute qualit\u00e9 de cheveux que nous proposons ce sont les m\u00e8ches de la gamme Prestige, puis Asian Hair, Malaisiennes et enfin Br\u00e9siliennes. Vous ne pourrez pas d\u00e9colorer des bresiliennes au dela d&#039;une teinte n\u00b018 \/ 27. Si vous cherchez des m\u00e8ches pour des d\u00e9colorations colorations nous vous recommandons d&#039;opter pour des m\u00e8ches Prestige, Asian ou Malaisiennes.   Tissage br\u00e9silien lisse, 100% cheveux humains et vierges.  Vendu par paquet de 100 gr environ.  Dur\u00e9e 6 mois \u00e0\u00a01 an selon soin et entretien  du 8&quot; au 14&quot; vous aurez besoin de 2 \u00e0 3 paquets  du 16&quot; au 22&quot; vous aurez besoin de 3 \u00e0 4 paquets   du 24&quot; au\u00a0 30&quot; vous aurez besoin de 4 \u00e0 5 paquets  Pour beaucoup de volume pr\u00e9voir 1, 2 ou 3 paquets de plus.  D\u00e9coloration jusqu&#039;au n\u00b027  Entretien :   Shampoing (sans frotter) 1 \u00e0 2 fois par semaine \u00e0 l&#039;eau ti\u00e8de  Apr\u00e8s-shampoing  Enlever l&#039;exc\u00e8s d&#039;eau en tamponnant avec une serviette  Faire un masque sur le tissage de temps en temps afin de reg\u00e9n\u00e9rer le cheveu.  &nbsp;    &nbsp;           Voir cette publication sur Instagram                       &nbsp; Une publication partag\u00e9e par DREAM VIRGIN HAIR(LUXURYHAIR) (@amandineluxioushair) le 18 Mai 2019 \u00e0 9\u00a0:00 PDT\" \/>\n<meta property=\"og:url\" content=\"https:\/\/lystes.store\/select\/dreamvirginhair\/product\/tissage-bresilien-lisse\/\" \/>\n<meta property=\"og:site_name\" content=\"Dream Virgin Hair\" \/>\n<meta property=\"article:modified_time\" content=\"2025-08-03T15:40:56+00:00\" \/>\n<meta name=\"twitter:card\" content=\"summary_large_image\" \/>\n<meta name=\"twitter:label1\" content=\"Est. reading time\" \/>\n\t<meta name=\"twitter:data1\" content=\"2 minutes\" \/>\n<script type=\"application\/ld+json\" class=\"yoast-schema-graph\">{\"@context\":\"https:\/\/schema.org\",\"@graph\":[{\"@type\":\"WebPage\",\"@id\":\"https:\/\/lystes.store\/select\/dreamvirginhair\/product\/tissage-bresilien-lisse\/\",\"url\":\"https:\/\/lystes.store\/select\/dreamvirginhair\/product\/tissage-bresilien-lisse\/\",\"name\":\"Tissage Bresilien lisse - Dream Virgin Hair\",\"isPartOf\":{\"@id\":\"https:\/\/lystes.store\/select\/dreamvirginhair\/#website\"},\"primaryImageOfPage\":{\"@id\":\"https:\/\/lystes.store\/select\/dreamvirginhair\/product\/tissage-bresilien-lisse\/#primaryimage\"},\"image\":{\"@id\":\"https:\/\/lystes.store\/select\/dreamvirginhair\/product\/tissage-bresilien-lisse\/#primaryimage\"},\"thumbnailUrl\":\"https:\/\/i0.wp.com\/lystes.store\/select\/dreamvirginhair\/wp-content\/uploads\/sites\/14\/2025\/08\/378F3E22-A307-4A0D-A25F-B105BD1784E8-1.jpeg?fit=%2C&ssl=1\",\"datePublished\":\"2025-03-20T20:57:11+00:00\",\"dateModified\":\"2025-08-03T15:40:56+00:00\",\"breadcrumb\":{\"@id\":\"https:\/\/lystes.store\/select\/dreamvirginhair\/product\/tissage-bresilien-lisse\/#breadcrumb\"},\"inLanguage\":\"en-US\",\"potentialAction\":[{\"@type\":\"ReadAction\",\"target\":[\"https:\/\/lystes.store\/select\/dreamvirginhair\/product\/tissage-bresilien-lisse\/\"]}]},{\"@type\":\"ImageObject\",\"inLanguage\":\"en-US\",\"@id\":\"https:\/\/lystes.store\/select\/dreamvirginhair\/product\/tissage-bresilien-lisse\/#primaryimage\",\"url\":\"https:\/\/i0.wp.com\/lystes.store\/select\/dreamvirginhair\/wp-content\/uploads\/sites\/14\/2025\/08\/378F3E22-A307-4A0D-A25F-B105BD1784E8-1.jpeg?fit=%2C&ssl=1\",\"contentUrl\":\"https:\/\/i0.wp.com\/lystes.store\/select\/dreamvirginhair\/wp-content\/uploads\/sites\/14\/2025\/08\/378F3E22-A307-4A0D-A25F-B105BD1784E8-1.jpeg?fit=%2C&ssl=1\"},{\"@type\":\"BreadcrumbList\",\"@id\":\"https:\/\/lystes.store\/select\/dreamvirginhair\/product\/tissage-bresilien-lisse\/#breadcrumb\",\"itemListElement\":[{\"@type\":\"ListItem\",\"position\":1,\"name\":\"Accueil\",\"item\":\"https:\/\/lystes.store\/select\/dreamvirginhair\/\"},{\"@type\":\"ListItem\",\"position\":2,\"name\":\"Boutique\",\"item\":\"https:\/\/lystes.store\/select\/dreamvirginhair\/boutique\/\"},{\"@type\":\"ListItem\",\"position\":3,\"name\":\"Tissage Bresilien lisse\"}]},{\"@type\":\"WebSite\",\"@id\":\"https:\/\/lystes.store\/select\/dreamvirginhair\/#website\",\"url\":\"https:\/\/lystes.store\/select\/dreamvirginhair\/\",\"name\":\"Dream Virgin Hair\",\"description\":\"L&#039;excellence sinon rien\",\"potentialAction\":[{\"@type\":\"SearchAction\",\"target\":{\"@type\":\"EntryPoint\",\"urlTemplate\":\"https:\/\/lystes.store\/select\/dreamvirginhair\/?s={search_term_string}\"},\"query-input\":{\"@type\":\"PropertyValueSpecification\",\"valueRequired\":true,\"valueName\":\"search_term_string\"}}],\"inLanguage\":\"en-US\"}]}<\/script>\n<!-- \/ Yoast SEO plugin. -->","yoast_head_json":{"title":"Tissage Bresilien lisse - Dream Virgin Hair","robots":{"index":"index","follow":"follow","max-snippet":"max-snippet:-1","max-image-preview":"max-image-preview:large","max-video-preview":"max-video-preview:-1"},"canonical":"https:\/\/lystes.store\/select\/dreamvirginhair\/product\/tissage-bresilien-lisse\/","og_locale":"en_US","og_type":"article","og_title":"Tissage Bresilien lisse - Dream Virgin Hair","og_description":"&nbsp;   BON \u00c0 SAVOIR : Les tissages br\u00e9siliens sont nos m\u00e8ches cat\u00e9gorie entr\u00e9e de gamme. La plus haute qualit\u00e9 de cheveux que nous proposons ce sont les m\u00e8ches de la gamme Prestige, puis Asian Hair, Malaisiennes et enfin Br\u00e9siliennes. Vous ne pourrez pas d\u00e9colorer des bresiliennes au dela d'une teinte n\u00b018 \/ 27. Si vous cherchez des m\u00e8ches pour des d\u00e9colorations colorations nous vous recommandons d'opter pour des m\u00e8ches Prestige, Asian ou Malaisiennes.   Tissage br\u00e9silien lisse, 100% cheveux humains et vierges.  Vendu par paquet de 100 gr environ.  Dur\u00e9e 6 mois \u00e0\u00a01 an selon soin et entretien  du 8\" au 14\" vous aurez besoin de 2 \u00e0 3 paquets  du 16\" au 22\" vous aurez besoin de 3 \u00e0 4 paquets   du 24\" au\u00a0 30\" vous aurez besoin de 4 \u00e0 5 paquets  Pour beaucoup de volume pr\u00e9voir 1, 2 ou 3 paquets de plus.  D\u00e9coloration jusqu'au n\u00b027  Entretien :   Shampoing (sans frotter) 1 \u00e0 2 fois par semaine \u00e0 l'eau ti\u00e8de  Apr\u00e8s-shampoing  Enlever l'exc\u00e8s d'eau en tamponnant avec une serviette  Faire un masque sur le tissage de temps en temps afin de reg\u00e9n\u00e9rer le cheveu.  &nbsp;    &nbsp;           Voir cette publication sur Instagram                       &nbsp; Une publication partag\u00e9e par DREAM VIRGIN HAIR(LUXURYHAIR) (@amandineluxioushair) le 18 Mai 2019 \u00e0 9\u00a0:00 PDT","og_url":"https:\/\/lystes.store\/select\/dreamvirginhair\/product\/tissage-bresilien-lisse\/","og_site_name":"Dream Virgin Hair","article_modified_time":"2025-08-03T15:40:56+00:00","twitter_card":"summary_large_image","twitter_misc":{"Est. reading time":"2 minutes"},"schema":{"@context":"https:\/\/schema.org","@graph":[{"@type":"WebPage","@id":"https:\/\/lystes.store\/select\/dreamvirginhair\/product\/tissage-bresilien-lisse\/","url":"https:\/\/lystes.store\/select\/dreamvirginhair\/product\/tissage-bresilien-lisse\/","name":"Tissage Bresilien lisse - Dream Virgin Hair","isPartOf":{"@id":"https:\/\/lystes.store\/select\/dreamvirginhair\/#website"},"primaryImageOfPage":{"@id":"https:\/\/lystes.store\/select\/dreamvirginhair\/product\/tissage-bresilien-lisse\/#primaryimage"},"image":{"@id":"https:\/\/lystes.store\/select\/dreamvirginhair\/product\/tissage-bresilien-lisse\/#primaryimage"},"thumbnailUrl":"https:\/\/i0.wp.com\/lystes.store\/select\/dreamvirginhair\/wp-content\/uploads\/sites\/14\/2025\/08\/378F3E22-A307-4A0D-A25F-B105BD1784E8-1.jpeg?fit=%2C&ssl=1","datePublished":"2025-03-20T20:57:11+00:00","dateModified":"2025-08-03T15:40:56+00:00","breadcrumb":{"@id":"https:\/\/lystes.store\/select\/dreamvirginhair\/product\/tissage-bresilien-lisse\/#breadcrumb"},"inLanguage":"en-US","potentialAction":[{"@type":"ReadAction","target":["https:\/\/lystes.store\/select\/dreamvirginhair\/product\/tissage-bresilien-lisse\/"]}]},{"@type":"ImageObject","inLanguage":"en-US","@id":"https:\/\/lystes.store\/select\/dreamvirginhair\/product\/tissage-bresilien-lisse\/#primaryimage","url":"https:\/\/i0.wp.com\/lystes.store\/select\/dreamvirginhair\/wp-content\/uploads\/sites\/14\/2025\/08\/378F3E22-A307-4A0D-A25F-B105BD1784E8-1.jpeg?fit=%2C&ssl=1","contentUrl":"https:\/\/i0.wp.com\/lystes.store\/select\/dreamvirginhair\/wp-content\/uploads\/sites\/14\/2025\/08\/378F3E22-A307-4A0D-A25F-B105BD1784E8-1.jpeg?fit=%2C&ssl=1"},{"@type":"BreadcrumbList","@id":"https:\/\/lystes.store\/select\/dreamvirginhair\/product\/tissage-bresilien-lisse\/#breadcrumb","itemListElement":[{"@type":"ListItem","position":1,"name":"Accueil","item":"https:\/\/lystes.store\/select\/dreamvirginhair\/"},{"@type":"ListItem","position":2,"name":"Boutique","item":"https:\/\/lystes.store\/select\/dreamvirginhair\/boutique\/"},{"@type":"ListItem","position":3,"name":"Tissage Bresilien lisse"}]},{"@type":"WebSite","@id":"https:\/\/lystes.store\/select\/dreamvirginhair\/#website","url":"https:\/\/lystes.store\/select\/dreamvirginhair\/","name":"Dream Virgin Hair","description":"L&#039;excellence sinon rien","potentialAction":[{"@type":"SearchAction","target":{"@type":"EntryPoint","urlTemplate":"https:\/\/lystes.store\/select\/dreamvirginhair\/?s={search_term_string}"},"query-input":{"@type":"PropertyValueSpecification","valueRequired":true,"valueName":"search_term_string"}}],"inLanguage":"en-US"}]}},"_links":{"self":[{"href":"https:\/\/lystes.store\/select\/dreamvirginhair\/wp-json\/wp\/v2\/product\/87505","targetHints":{"allow":["GET"]}}],"collection":[{"href":"https:\/\/lystes.store\/select\/dreamvirginhair\/wp-json\/wp\/v2\/product"}],"about":[{"href":"https:\/\/lystes.store\/select\/dreamvirginhair\/wp-json\/wp\/v2\/types\/product"}],"replies":[{"embeddable":true,"href":"https:\/\/lystes.store\/select\/dreamvirginhair\/wp-json\/wp\/v2\/comments?post=87505"}],"wp:featuredmedia":[{"embeddable":true,"href":"https:\/\/lystes.store\/select\/dreamvirginhair\/wp-json\/wp\/v2\/media\/119239"}],"wp:attachment":[{"href":"https:\/\/lystes.store\/select\/dreamvirginhair\/wp-json\/wp\/v2\/media?parent=87505"}],"wp:term":[{"taxonomy":"product_brand","embeddable":true,"href":"https:\/\/lystes.store\/select\/dreamvirginhair\/wp-json\/wp\/v2\/product_brand?post=87505"},{"taxonomy":"product_cat","embeddable":true,"href":"https:\/\/lystes.store\/select\/dreamvirginhair\/wp-json\/wp\/v2\/product_cat?post=87505"},{"taxonomy":"product_tag","embeddable":true,"href":"https:\/\/lystes.store\/select\/dreamvirginhair\/wp-json\/wp\/v2\/product_tag?post=87505"}],"curies":[{"name":"wp","href":"https:\/\/api.w.org\/{rel}","templated":true}]}}