{"id":141956,"date":"2025-07-16T19:53:32","date_gmt":"2025-07-16T17:53:32","guid":{"rendered":"https:\/\/lystes.store\/select\/dreamvirginhair\/?post_type=product&#038;p=141956"},"modified":"2025-08-03T18:11:08","modified_gmt":"2025-08-03T16:11:08","slug":"raw-hair-afro-curl","status":"publish","type":"product","link":"https:\/\/lystes.store\/select\/dreamvirginhair\/product\/raw-hair-afro-curl\/","title":{"rendered":"Cambodian Raw Hair Afro Curl (Qualit\u00e9 Sup\u00e9rieure)"},"content":{"rendered":"","protected":false},"excerpt":{"rendered":"<p>Cheveux 100% naturels (human hair)<br \/>\nUne texture de cheveux parfaite si vous cherchez \u00e0 reproduire un rendu naturel afro. Se fond parfaitement avec les cheveux de type, 4C, 4B et autres textures boucl\u00e9es et cr\u00e9pues.<\/p>\n<p>Sur l\u2019image d\u2019illustration la cliente porte 2 paquets 18&#8243; en tissage flip over <\/p>\n<p>Les m\u00e8ches sont vendues \u00e0 l\u2019unit\u00e9 (1 boule)<\/p>\n","protected":false},"featured_media":143323,"comment_status":"closed","ping_status":"closed","template":"","meta":[],"product_brand":[],"product_cat":[1404,1100,1137,1102,1103,1076,1105],"product_tag":[],"class_list":{"0":"post-141956","1":"product","2":"type-product","3":"status-publish","4":"has-post-thumbnail","6":"product_cat-afro-curl","7":"product_cat-best-seller","8":"product_cat-boucles","9":"product_cat-raw-hair","10":"product_cat-raw-hair-2","11":"product_cat-tissages","12":"product_cat-tissages-raw-hair","14":"first","15":"onbackorder","16":"taxable","17":"shipping-taxable","18":"purchasable","19":"product-type-variable"},"acf":[],"yoast_head":"<!-- This site is optimized with the Yoast SEO plugin v25.3.1 - https:\/\/yoast.com\/wordpress\/plugins\/seo\/ -->\n<title>Cambodian Raw Hair Afro Curl (Qualit\u00e9 Sup\u00e9rieure) - Dream Virgin Hair<\/title>\n<meta name=\"robots\" content=\"index, follow, max-snippet:-1, max-image-preview:large, max-video-preview:-1\" \/>\n<link rel=\"canonical\" href=\"https:\/\/lystes.store\/select\/dreamvirginhair\/product\/raw-hair-afro-curl\/\" \/>\n<meta property=\"og:locale\" content=\"en_US\" \/>\n<meta property=\"og:type\" content=\"article\" \/>\n<meta property=\"og:title\" content=\"Cambodian Raw Hair Afro Curl (Qualit\u00e9 Sup\u00e9rieure) - Dream Virgin Hair\" \/>\n<meta property=\"og:description\" content=\"Cheveux 100% naturels (human hair) Une texture de cheveux parfaite si vous cherchez \u00e0 reproduire un rendu naturel afro. Se fond parfaitement avec les cheveux de type, 4C, 4B et autres textures boucl\u00e9es et cr\u00e9pues.   Sur l\u2019image d\u2019illustration la cliente porte 2 paquets 18&quot; en tissage flip over    Les m\u00e8ches sont vendues \u00e0 l\u2019unit\u00e9 (1 boule)\" \/>\n<meta property=\"og:url\" content=\"https:\/\/lystes.store\/select\/dreamvirginhair\/product\/raw-hair-afro-curl\/\" \/>\n<meta property=\"og:site_name\" content=\"Dream Virgin Hair\" \/>\n<meta property=\"article:modified_time\" content=\"2025-08-03T16:11:08+00:00\" \/>\n<meta name=\"twitter:card\" content=\"summary_large_image\" \/>\n<script type=\"application\/ld+json\" class=\"yoast-schema-graph\">{\"@context\":\"https:\/\/schema.org\",\"@graph\":[{\"@type\":\"WebPage\",\"@id\":\"https:\/\/lystes.store\/select\/dreamvirginhair\/product\/raw-hair-afro-curl\/\",\"url\":\"https:\/\/lystes.store\/select\/dreamvirginhair\/product\/raw-hair-afro-curl\/\",\"name\":\"Cambodian Raw Hair Afro Curl (Qualit\u00e9 Sup\u00e9rieure) - Dream Virgin Hair\",\"isPartOf\":{\"@id\":\"https:\/\/lystes.store\/select\/dreamvirginhair\/#website\"},\"primaryImageOfPage\":{\"@id\":\"https:\/\/lystes.store\/select\/dreamvirginhair\/product\/raw-hair-afro-curl\/#primaryimage\"},\"image\":{\"@id\":\"https:\/\/lystes.store\/select\/dreamvirginhair\/product\/raw-hair-afro-curl\/#primaryimage\"},\"thumbnailUrl\":\"https:\/\/i0.wp.com\/lystes.store\/select\/dreamvirginhair\/wp-content\/uploads\/sites\/14\/2025\/08\/fsframegifimage-12.gif?fit=%2C&ssl=1\",\"datePublished\":\"2025-07-16T17:53:32+00:00\",\"dateModified\":\"2025-08-03T16:11:08+00:00\",\"breadcrumb\":{\"@id\":\"https:\/\/lystes.store\/select\/dreamvirginhair\/product\/raw-hair-afro-curl\/#breadcrumb\"},\"inLanguage\":\"en-US\",\"potentialAction\":[{\"@type\":\"ReadAction\",\"target\":[\"https:\/\/lystes.store\/select\/dreamvirginhair\/product\/raw-hair-afro-curl\/\"]}]},{\"@type\":\"ImageObject\",\"inLanguage\":\"en-US\",\"@id\":\"https:\/\/lystes.store\/select\/dreamvirginhair\/product\/raw-hair-afro-curl\/#primaryimage\",\"url\":\"https:\/\/i0.wp.com\/lystes.store\/select\/dreamvirginhair\/wp-content\/uploads\/sites\/14\/2025\/08\/fsframegifimage-12.gif?fit=%2C&ssl=1\",\"contentUrl\":\"https:\/\/i0.wp.com\/lystes.store\/select\/dreamvirginhair\/wp-content\/uploads\/sites\/14\/2025\/08\/fsframegifimage-12.gif?fit=%2C&ssl=1\"},{\"@type\":\"BreadcrumbList\",\"@id\":\"https:\/\/lystes.store\/select\/dreamvirginhair\/product\/raw-hair-afro-curl\/#breadcrumb\",\"itemListElement\":[{\"@type\":\"ListItem\",\"position\":1,\"name\":\"Accueil\",\"item\":\"https:\/\/lystes.store\/select\/dreamvirginhair\/\"},{\"@type\":\"ListItem\",\"position\":2,\"name\":\"Boutique\",\"item\":\"https:\/\/lystes.store\/select\/dreamvirginhair\/boutique\/\"},{\"@type\":\"ListItem\",\"position\":3,\"name\":\"Cambodian Raw Hair Afro Curl (Qualit\u00e9 Sup\u00e9rieure)\"}]},{\"@type\":\"WebSite\",\"@id\":\"https:\/\/lystes.store\/select\/dreamvirginhair\/#website\",\"url\":\"https:\/\/lystes.store\/select\/dreamvirginhair\/\",\"name\":\"Dream Virgin Hair\",\"description\":\"L&#039;excellence sinon rien\",\"potentialAction\":[{\"@type\":\"SearchAction\",\"target\":{\"@type\":\"EntryPoint\",\"urlTemplate\":\"https:\/\/lystes.store\/select\/dreamvirginhair\/?s={search_term_string}\"},\"query-input\":{\"@type\":\"PropertyValueSpecification\",\"valueRequired\":true,\"valueName\":\"search_term_string\"}}],\"inLanguage\":\"en-US\"}]}<\/script>\n<!-- \/ Yoast SEO plugin. -->","yoast_head_json":{"title":"Cambodian Raw Hair Afro Curl (Qualit\u00e9 Sup\u00e9rieure) - Dream Virgin Hair","robots":{"index":"index","follow":"follow","max-snippet":"max-snippet:-1","max-image-preview":"max-image-preview:large","max-video-preview":"max-video-preview:-1"},"canonical":"https:\/\/lystes.store\/select\/dreamvirginhair\/product\/raw-hair-afro-curl\/","og_locale":"en_US","og_type":"article","og_title":"Cambodian Raw Hair Afro Curl (Qualit\u00e9 Sup\u00e9rieure) - Dream Virgin Hair","og_description":"Cheveux 100% naturels (human hair) Une texture de cheveux parfaite si vous cherchez \u00e0 reproduire un rendu naturel afro. Se fond parfaitement avec les cheveux de type, 4C, 4B et autres textures boucl\u00e9es et cr\u00e9pues.   Sur l\u2019image d\u2019illustration la cliente porte 2 paquets 18\" en tissage flip over    Les m\u00e8ches sont vendues \u00e0 l\u2019unit\u00e9 (1 boule)","og_url":"https:\/\/lystes.store\/select\/dreamvirginhair\/product\/raw-hair-afro-curl\/","og_site_name":"Dream Virgin Hair","article_modified_time":"2025-08-03T16:11:08+00:00","twitter_card":"summary_large_image","schema":{"@context":"https:\/\/schema.org","@graph":[{"@type":"WebPage","@id":"https:\/\/lystes.store\/select\/dreamvirginhair\/product\/raw-hair-afro-curl\/","url":"https:\/\/lystes.store\/select\/dreamvirginhair\/product\/raw-hair-afro-curl\/","name":"Cambodian Raw Hair Afro Curl (Qualit\u00e9 Sup\u00e9rieure) - Dream Virgin Hair","isPartOf":{"@id":"https:\/\/lystes.store\/select\/dreamvirginhair\/#website"},"primaryImageOfPage":{"@id":"https:\/\/lystes.store\/select\/dreamvirginhair\/product\/raw-hair-afro-curl\/#primaryimage"},"image":{"@id":"https:\/\/lystes.store\/select\/dreamvirginhair\/product\/raw-hair-afro-curl\/#primaryimage"},"thumbnailUrl":"https:\/\/i0.wp.com\/lystes.store\/select\/dreamvirginhair\/wp-content\/uploads\/sites\/14\/2025\/08\/fsframegifimage-12.gif?fit=%2C&ssl=1","datePublished":"2025-07-16T17:53:32+00:00","dateModified":"2025-08-03T16:11:08+00:00","breadcrumb":{"@id":"https:\/\/lystes.store\/select\/dreamvirginhair\/product\/raw-hair-afro-curl\/#breadcrumb"},"inLanguage":"en-US","potentialAction":[{"@type":"ReadAction","target":["https:\/\/lystes.store\/select\/dreamvirginhair\/product\/raw-hair-afro-curl\/"]}]},{"@type":"ImageObject","inLanguage":"en-US","@id":"https:\/\/lystes.store\/select\/dreamvirginhair\/product\/raw-hair-afro-curl\/#primaryimage","url":"https:\/\/i0.wp.com\/lystes.store\/select\/dreamvirginhair\/wp-content\/uploads\/sites\/14\/2025\/08\/fsframegifimage-12.gif?fit=%2C&ssl=1","contentUrl":"https:\/\/i0.wp.com\/lystes.store\/select\/dreamvirginhair\/wp-content\/uploads\/sites\/14\/2025\/08\/fsframegifimage-12.gif?fit=%2C&ssl=1"},{"@type":"BreadcrumbList","@id":"https:\/\/lystes.store\/select\/dreamvirginhair\/product\/raw-hair-afro-curl\/#breadcrumb","itemListElement":[{"@type":"ListItem","position":1,"name":"Accueil","item":"https:\/\/lystes.store\/select\/dreamvirginhair\/"},{"@type":"ListItem","position":2,"name":"Boutique","item":"https:\/\/lystes.store\/select\/dreamvirginhair\/boutique\/"},{"@type":"ListItem","position":3,"name":"Cambodian Raw Hair Afro Curl (Qualit\u00e9 Sup\u00e9rieure)"}]},{"@type":"WebSite","@id":"https:\/\/lystes.store\/select\/dreamvirginhair\/#website","url":"https:\/\/lystes.store\/select\/dreamvirginhair\/","name":"Dream Virgin Hair","description":"L&#039;excellence sinon rien","potentialAction":[{"@type":"SearchAction","target":{"@type":"EntryPoint","urlTemplate":"https:\/\/lystes.store\/select\/dreamvirginhair\/?s={search_term_string}"},"query-input":{"@type":"PropertyValueSpecification","valueRequired":true,"valueName":"search_term_string"}}],"inLanguage":"en-US"}]}},"_links":{"self":[{"href":"https:\/\/lystes.store\/select\/dreamvirginhair\/wp-json\/wp\/v2\/product\/141956","targetHints":{"allow":["GET"]}}],"collection":[{"href":"https:\/\/lystes.store\/select\/dreamvirginhair\/wp-json\/wp\/v2\/product"}],"about":[{"href":"https:\/\/lystes.store\/select\/dreamvirginhair\/wp-json\/wp\/v2\/types\/product"}],"replies":[{"embeddable":true,"href":"https:\/\/lystes.store\/select\/dreamvirginhair\/wp-json\/wp\/v2\/comments?post=141956"}],"wp:featuredmedia":[{"embeddable":true,"href":"https:\/\/lystes.store\/select\/dreamvirginhair\/wp-json\/wp\/v2\/media\/143323"}],"wp:attachment":[{"href":"https:\/\/lystes.store\/select\/dreamvirginhair\/wp-json\/wp\/v2\/media?parent=141956"}],"wp:term":[{"taxonomy":"product_brand","embeddable":true,"href":"https:\/\/lystes.store\/select\/dreamvirginhair\/wp-json\/wp\/v2\/product_brand?post=141956"},{"taxonomy":"product_cat","embeddable":true,"href":"https:\/\/lystes.store\/select\/dreamvirginhair\/wp-json\/wp\/v2\/product_cat?post=141956"},{"taxonomy":"product_tag","embeddable":true,"href":"https:\/\/lystes.store\/select\/dreamvirginhair\/wp-json\/wp\/v2\/product_tag?post=141956"}],"curies":[{"name":"wp","href":"https:\/\/api.w.org\/{rel}","templated":true}]}}