{"id":119811,"date":"2025-07-25T15:37:27","date_gmt":"2025-07-25T13:37:27","guid":{"rendered":"https:\/\/lystes.store\/select\/cubanohair\/?post_type=product&#038;p=119811"},"modified":"2025-07-25T15:37:47","modified_gmt":"2025-07-25T13:37:47","slug":"lace-wig-water-wave-malaysian-hair","status":"publish","type":"product","link":"https:\/\/lystes.store\/select\/cubanohair\/product\/lace-wig-water-wave-malaysian-hair\/","title":{"rendered":"Lace Wig Water Wave &#8211; Malaysian Hair"},"content":{"rendered":"[av_font_icon icon=&rsquo;ue825&prime; font=&rsquo;fontello&rsquo; style=\u00a0\u00bb caption=\u00a0\u00bb link=\u00a0\u00bb linktarget=\u00a0\u00bb size=&rsquo;20px&rsquo; position=&rsquo;left&rsquo; animation=\u00a0\u00bb color=\u00a0\u00bb av_uid=&rsquo;av-2pk4ur&rsquo; id=\u00a0\u00bb custom_class=\u00a0\u00bb admin_preview_bg=\u00a0\u00bb][\/av_font_icon]<strong>Conseil d&rsquo;entretien<\/strong> : Utilisez un shampoing doux une fois par semaine ainsi qu\u2019un masque pour redonner souplesse et brillance \u00e0 votre wig.<\/p>\n","protected":false},"excerpt":{"rendered":"<p align=\"justify\">C\u2019est une Lace Wig water wave compos\u00e9e de m\u00e8ches malaisiennes (cheveux 100% naturels et vierges).<br \/>\nGr\u00e2ce \u00e0 la Lace vous pouvez faire un chignon, attacher en queue de cheval, natter etc. Elle est disponible en diff\u00e9rentes tailles selon la longueur d\u00e9sir\u00e9e.<br \/>\nPossibilit\u00e9 d\u2019avoir une HD Lace pour un rendu tr\u00e8s naturel.<br \/>\nPossibilit\u00e9 de faire une customisation l\u00e9g\u00e8re.<\/p>\n<p>Possibilit\u00e9 de colorer, lisser, boucler au fer.<\/p>\n","protected":false},"featured_media":119834,"comment_status":"open","ping_status":"closed","template":"","meta":[],"product_brand":[],"product_cat":[1125,1130,1073],"product_tag":[],"class_list":{"0":"post-119811","1":"product","2":"type-product","3":"status-publish","4":"has-post-thumbnail","6":"product_cat-confection-closure-wig-et-lace","7":"product_cat-malaysian-hair","8":"product_cat-perruques","10":"first","11":"instock","12":"taxable","13":"shipping-taxable","14":"purchasable","15":"product-type-variable"},"acf":[],"yoast_head":"<!-- This site is optimized with the Yoast SEO plugin v25.3.1 - https:\/\/yoast.com\/wordpress\/plugins\/seo\/ -->\n<title>Lace Wig Water Wave - Malaysian Hair - Cubano Hair<\/title>\n<meta name=\"robots\" content=\"index, follow, max-snippet:-1, max-image-preview:large, max-video-preview:-1\" \/>\n<link rel=\"canonical\" href=\"https:\/\/lystes.store\/select\/cubanohair\/product\/lace-wig-water-wave-malaysian-hair\/\" \/>\n<meta property=\"og:locale\" content=\"fr_FR\" \/>\n<meta property=\"og:type\" content=\"article\" \/>\n<meta property=\"og:title\" content=\"Lace Wig Water Wave - Malaysian Hair - Cubano Hair\" \/>\n<meta property=\"og:description\" content=\"C\u2019est une Lace Wig water wave compos\u00e9e de m\u00e8ches malaisiennes (cheveux 100% naturels et vierges). Gr\u00e2ce \u00e0 la Lace vous pouvez faire un chignon, attacher en queue de cheval, natter etc. Elle est disponible en diff\u00e9rentes tailles selon la longueur d\u00e9sir\u00e9e. Possibilit\u00e9 d\u2019avoir une HD Lace pour un rendu tr\u00e8s naturel. Possibilit\u00e9 de faire une customisation l\u00e9g\u00e8re. Possibilit\u00e9 de colorer, lisser, boucler au fer.\" \/>\n<meta property=\"og:url\" content=\"https:\/\/lystes.store\/select\/cubanohair\/product\/lace-wig-water-wave-malaysian-hair\/\" \/>\n<meta property=\"og:site_name\" content=\"Cubano Hair\" \/>\n<meta property=\"article:modified_time\" content=\"2025-07-25T13:37:47+00:00\" \/>\n<meta name=\"twitter:card\" content=\"summary_large_image\" \/>\n<script type=\"application\/ld+json\" class=\"yoast-schema-graph\">{\"@context\":\"https:\/\/schema.org\",\"@graph\":[{\"@type\":\"WebPage\",\"@id\":\"https:\/\/lystes.store\/select\/cubanohair\/product\/lace-wig-water-wave-malaysian-hair\/\",\"url\":\"https:\/\/lystes.store\/select\/cubanohair\/product\/lace-wig-water-wave-malaysian-hair\/\",\"name\":\"Lace Wig Water Wave - Malaysian Hair - Cubano Hair\",\"isPartOf\":{\"@id\":\"https:\/\/lystes.store\/select\/cubanohair\/#website\"},\"primaryImageOfPage\":{\"@id\":\"https:\/\/lystes.store\/select\/cubanohair\/product\/lace-wig-water-wave-malaysian-hair\/#primaryimage\"},\"image\":{\"@id\":\"https:\/\/lystes.store\/select\/cubanohair\/product\/lace-wig-water-wave-malaysian-hair\/#primaryimage\"},\"thumbnailUrl\":\"https:\/\/i0.wp.com\/lystes.store\/select\/cubanohair\/wp-content\/uploads\/sites\/16\/2025\/07\/Full-lace-Wig-Water-Wave-malaysien-hair-Paris.jpg?fit=800%2C800&ssl=1\",\"datePublished\":\"2025-07-25T13:37:27+00:00\",\"dateModified\":\"2025-07-25T13:37:47+00:00\",\"breadcrumb\":{\"@id\":\"https:\/\/lystes.store\/select\/cubanohair\/product\/lace-wig-water-wave-malaysian-hair\/#breadcrumb\"},\"inLanguage\":\"fr-FR\",\"potentialAction\":[{\"@type\":\"ReadAction\",\"target\":[\"https:\/\/lystes.store\/select\/cubanohair\/product\/lace-wig-water-wave-malaysian-hair\/\"]}]},{\"@type\":\"ImageObject\",\"inLanguage\":\"fr-FR\",\"@id\":\"https:\/\/lystes.store\/select\/cubanohair\/product\/lace-wig-water-wave-malaysian-hair\/#primaryimage\",\"url\":\"https:\/\/i0.wp.com\/lystes.store\/select\/cubanohair\/wp-content\/uploads\/sites\/16\/2025\/07\/Full-lace-Wig-Water-Wave-malaysien-hair-Paris.jpg?fit=800%2C800&ssl=1\",\"contentUrl\":\"https:\/\/i0.wp.com\/lystes.store\/select\/cubanohair\/wp-content\/uploads\/sites\/16\/2025\/07\/Full-lace-Wig-Water-Wave-malaysien-hair-Paris.jpg?fit=800%2C800&ssl=1\",\"width\":800,\"height\":800},{\"@type\":\"BreadcrumbList\",\"@id\":\"https:\/\/lystes.store\/select\/cubanohair\/product\/lace-wig-water-wave-malaysian-hair\/#breadcrumb\",\"itemListElement\":[{\"@type\":\"ListItem\",\"position\":1,\"name\":\"Accueil\",\"item\":\"https:\/\/lystes.store\/select\/cubanohair\/\"},{\"@type\":\"ListItem\",\"position\":2,\"name\":\"Boutique\",\"item\":\"https:\/\/lystes.store\/select\/cubanohair\/boutique\/\"},{\"@type\":\"ListItem\",\"position\":3,\"name\":\"Lace Wig Water Wave &#8211; Malaysian Hair\"}]},{\"@type\":\"WebSite\",\"@id\":\"https:\/\/lystes.store\/select\/cubanohair\/#website\",\"url\":\"https:\/\/lystes.store\/select\/cubanohair\/\",\"name\":\"Cubano Hair\",\"description\":\"L&#039;excellence sinon rien\",\"potentialAction\":[{\"@type\":\"SearchAction\",\"target\":{\"@type\":\"EntryPoint\",\"urlTemplate\":\"https:\/\/lystes.store\/select\/cubanohair\/?s={search_term_string}\"},\"query-input\":{\"@type\":\"PropertyValueSpecification\",\"valueRequired\":true,\"valueName\":\"search_term_string\"}}],\"inLanguage\":\"fr-FR\"}]}<\/script>\n<!-- \/ Yoast SEO plugin. -->","yoast_head_json":{"title":"Lace Wig Water Wave - Malaysian Hair - Cubano Hair","robots":{"index":"index","follow":"follow","max-snippet":"max-snippet:-1","max-image-preview":"max-image-preview:large","max-video-preview":"max-video-preview:-1"},"canonical":"https:\/\/lystes.store\/select\/cubanohair\/product\/lace-wig-water-wave-malaysian-hair\/","og_locale":"fr_FR","og_type":"article","og_title":"Lace Wig Water Wave - Malaysian Hair - Cubano Hair","og_description":"C\u2019est une Lace Wig water wave compos\u00e9e de m\u00e8ches malaisiennes (cheveux 100% naturels et vierges). Gr\u00e2ce \u00e0 la Lace vous pouvez faire un chignon, attacher en queue de cheval, natter etc. Elle est disponible en diff\u00e9rentes tailles selon la longueur d\u00e9sir\u00e9e. Possibilit\u00e9 d\u2019avoir une HD Lace pour un rendu tr\u00e8s naturel. Possibilit\u00e9 de faire une customisation l\u00e9g\u00e8re. Possibilit\u00e9 de colorer, lisser, boucler au fer.","og_url":"https:\/\/lystes.store\/select\/cubanohair\/product\/lace-wig-water-wave-malaysian-hair\/","og_site_name":"Cubano Hair","article_modified_time":"2025-07-25T13:37:47+00:00","twitter_card":"summary_large_image","schema":{"@context":"https:\/\/schema.org","@graph":[{"@type":"WebPage","@id":"https:\/\/lystes.store\/select\/cubanohair\/product\/lace-wig-water-wave-malaysian-hair\/","url":"https:\/\/lystes.store\/select\/cubanohair\/product\/lace-wig-water-wave-malaysian-hair\/","name":"Lace Wig Water Wave - Malaysian Hair - Cubano Hair","isPartOf":{"@id":"https:\/\/lystes.store\/select\/cubanohair\/#website"},"primaryImageOfPage":{"@id":"https:\/\/lystes.store\/select\/cubanohair\/product\/lace-wig-water-wave-malaysian-hair\/#primaryimage"},"image":{"@id":"https:\/\/lystes.store\/select\/cubanohair\/product\/lace-wig-water-wave-malaysian-hair\/#primaryimage"},"thumbnailUrl":"https:\/\/i0.wp.com\/lystes.store\/select\/cubanohair\/wp-content\/uploads\/sites\/16\/2025\/07\/Full-lace-Wig-Water-Wave-malaysien-hair-Paris.jpg?fit=800%2C800&ssl=1","datePublished":"2025-07-25T13:37:27+00:00","dateModified":"2025-07-25T13:37:47+00:00","breadcrumb":{"@id":"https:\/\/lystes.store\/select\/cubanohair\/product\/lace-wig-water-wave-malaysian-hair\/#breadcrumb"},"inLanguage":"fr-FR","potentialAction":[{"@type":"ReadAction","target":["https:\/\/lystes.store\/select\/cubanohair\/product\/lace-wig-water-wave-malaysian-hair\/"]}]},{"@type":"ImageObject","inLanguage":"fr-FR","@id":"https:\/\/lystes.store\/select\/cubanohair\/product\/lace-wig-water-wave-malaysian-hair\/#primaryimage","url":"https:\/\/i0.wp.com\/lystes.store\/select\/cubanohair\/wp-content\/uploads\/sites\/16\/2025\/07\/Full-lace-Wig-Water-Wave-malaysien-hair-Paris.jpg?fit=800%2C800&ssl=1","contentUrl":"https:\/\/i0.wp.com\/lystes.store\/select\/cubanohair\/wp-content\/uploads\/sites\/16\/2025\/07\/Full-lace-Wig-Water-Wave-malaysien-hair-Paris.jpg?fit=800%2C800&ssl=1","width":800,"height":800},{"@type":"BreadcrumbList","@id":"https:\/\/lystes.store\/select\/cubanohair\/product\/lace-wig-water-wave-malaysian-hair\/#breadcrumb","itemListElement":[{"@type":"ListItem","position":1,"name":"Accueil","item":"https:\/\/lystes.store\/select\/cubanohair\/"},{"@type":"ListItem","position":2,"name":"Boutique","item":"https:\/\/lystes.store\/select\/cubanohair\/boutique\/"},{"@type":"ListItem","position":3,"name":"Lace Wig Water Wave &#8211; Malaysian Hair"}]},{"@type":"WebSite","@id":"https:\/\/lystes.store\/select\/cubanohair\/#website","url":"https:\/\/lystes.store\/select\/cubanohair\/","name":"Cubano Hair","description":"L&#039;excellence sinon rien","potentialAction":[{"@type":"SearchAction","target":{"@type":"EntryPoint","urlTemplate":"https:\/\/lystes.store\/select\/cubanohair\/?s={search_term_string}"},"query-input":{"@type":"PropertyValueSpecification","valueRequired":true,"valueName":"search_term_string"}}],"inLanguage":"fr-FR"}]}},"_links":{"self":[{"href":"https:\/\/lystes.store\/select\/cubanohair\/wp-json\/wp\/v2\/product\/119811","targetHints":{"allow":["GET"]}}],"collection":[{"href":"https:\/\/lystes.store\/select\/cubanohair\/wp-json\/wp\/v2\/product"}],"about":[{"href":"https:\/\/lystes.store\/select\/cubanohair\/wp-json\/wp\/v2\/types\/product"}],"replies":[{"embeddable":true,"href":"https:\/\/lystes.store\/select\/cubanohair\/wp-json\/wp\/v2\/comments?post=119811"}],"wp:featuredmedia":[{"embeddable":true,"href":"https:\/\/lystes.store\/select\/cubanohair\/wp-json\/wp\/v2\/media\/119834"}],"wp:attachment":[{"href":"https:\/\/lystes.store\/select\/cubanohair\/wp-json\/wp\/v2\/media?parent=119811"}],"wp:term":[{"taxonomy":"product_brand","embeddable":true,"href":"https:\/\/lystes.store\/select\/cubanohair\/wp-json\/wp\/v2\/product_brand?post=119811"},{"taxonomy":"product_cat","embeddable":true,"href":"https:\/\/lystes.store\/select\/cubanohair\/wp-json\/wp\/v2\/product_cat?post=119811"},{"taxonomy":"product_tag","embeddable":true,"href":"https:\/\/lystes.store\/select\/cubanohair\/wp-json\/wp\/v2\/product_tag?post=119811"}],"curies":[{"name":"wp","href":"https:\/\/api.w.org\/{rel}","templated":true}]}}