{"id":119772,"date":"2025-07-25T15:37:12","date_gmt":"2025-07-25T13:37:12","guid":{"rendered":"https:\/\/lystes.store\/select\/cubanohair\/?post_type=product&#038;p=119772"},"modified":"2025-07-25T15:37:21","modified_gmt":"2025-07-25T13:37:21","slug":"bonnet-perruque","status":"publish","type":"product","link":"https:\/\/lystes.store\/select\/cubanohair\/product\/bonnet-perruque\/","title":{"rendered":"Bonnet Perruque"},"content":{"rendered":"[av_font_icon icon=&rsquo;ue875&prime; font=&rsquo;entypo-fontello&rsquo; style=\u00a0\u00bb caption=\u00a0\u00bb size=&rsquo;20px&rsquo; position=&rsquo;left&rsquo; color=\u00a0\u00bb link=\u00a0\u00bb linktarget=\u00a0\u00bb animation=\u00a0\u00bb id=\u00a0\u00bb custom_class=\u00a0\u00bb av_uid=&rsquo;av-km3ni&rsquo; admin_preview_bg=\u00a0\u00bb][\/av_font_icon]Sous bonnet en nylon sp\u00e9cial lace wigs.<\/p>\n[av_font_icon icon=&rsquo;ue875&prime; font=&rsquo;entypo-fontello&rsquo; style=\u00a0\u00bb caption=\u00a0\u00bb size=&rsquo;20px&rsquo; position=&rsquo;left&rsquo; color=\u00a0\u00bb link=\u00a0\u00bb linktarget=\u00a0\u00bb animation=\u00a0\u00bb id=\u00a0\u00bb custom_class=\u00a0\u00bb av_uid=&rsquo;av-3nu366&prime; admin_preview_bg=\u00a0\u00bb][\/av_font_icon]Taille unique: convient \u00e0 toutes les t\u00eates.<\/p>\n[av_font_icon icon=&rsquo;ue875&prime; font=&rsquo;entypo-fontello&rsquo; style=\u00a0\u00bb caption=\u00a0\u00bb size=&rsquo;20px&rsquo; position=&rsquo;left&rsquo; color=\u00a0\u00bb link=\u00a0\u00bb linktarget=\u00a0\u00bb animation=\u00a0\u00bb id=\u00a0\u00bb custom_class=\u00a0\u00bb av_uid=&rsquo;av-296qqm&rsquo; admin_preview_bg=\u00a0\u00bb][\/av_font_icon]Confortable, tenue parfaite, texture dentelle<\/p>\n","protected":false},"excerpt":{"rendered":"<p>Le Bonnet Perruque permet de fixer les cheveux sous votre confection.<br \/>\nPlacez l\u2019ensemble de vos cheveux \u00e0 l\u2019int\u00e9rieur du sous-bonnet, en les aplatissant bien pour \u00e9viter les bosses. Si vous avez les cheveux longs, faites des nattes coll\u00e9es pour les maintenir en place.<\/p>\n","protected":false},"featured_media":119787,"comment_status":"open","ping_status":"closed","template":"","meta":[],"product_brand":[],"product_cat":[1100],"product_tag":[],"class_list":{"0":"post-119772","1":"product","2":"type-product","3":"status-publish","4":"has-post-thumbnail","6":"product_cat-accessoires","8":"first","9":"instock","10":"taxable","11":"shipping-taxable","12":"purchasable","13":"product-type-simple"},"acf":[],"yoast_head":"<!-- This site is optimized with the Yoast SEO plugin v25.3.1 - https:\/\/yoast.com\/wordpress\/plugins\/seo\/ -->\n<title>Bonnet Perruque - Cubano Hair<\/title>\n<meta name=\"robots\" content=\"index, follow, max-snippet:-1, max-image-preview:large, max-video-preview:-1\" \/>\n<link rel=\"canonical\" href=\"https:\/\/lystes.store\/select\/cubanohair\/product\/bonnet-perruque\/\" \/>\n<meta property=\"og:locale\" content=\"fr_FR\" \/>\n<meta property=\"og:type\" content=\"article\" \/>\n<meta property=\"og:title\" content=\"Bonnet Perruque - Cubano Hair\" \/>\n<meta property=\"og:description\" content=\"Le Bonnet Perruque permet de fixer les cheveux sous votre confection. Placez l\u2019ensemble de vos cheveux \u00e0 l\u2019int\u00e9rieur du sous-bonnet, en les aplatissant bien pour \u00e9viter les bosses. Si vous avez les cheveux longs, faites des nattes coll\u00e9es pour les maintenir en place.\" \/>\n<meta property=\"og:url\" content=\"https:\/\/lystes.store\/select\/cubanohair\/product\/bonnet-perruque\/\" \/>\n<meta property=\"og:site_name\" content=\"Cubano Hair\" \/>\n<meta property=\"article:modified_time\" content=\"2025-07-25T13:37:21+00:00\" \/>\n<meta name=\"twitter:card\" content=\"summary_large_image\" \/>\n<meta name=\"twitter:label1\" content=\"Dur\u00e9e de lecture estim\u00e9e\" \/>\n\t<meta name=\"twitter:data1\" content=\"1 minute\" \/>\n<script type=\"application\/ld+json\" class=\"yoast-schema-graph\">{\"@context\":\"https:\/\/schema.org\",\"@graph\":[{\"@type\":\"WebPage\",\"@id\":\"https:\/\/lystes.store\/select\/cubanohair\/product\/bonnet-perruque\/\",\"url\":\"https:\/\/lystes.store\/select\/cubanohair\/product\/bonnet-perruque\/\",\"name\":\"Bonnet Perruque - Cubano Hair\",\"isPartOf\":{\"@id\":\"https:\/\/lystes.store\/select\/cubanohair\/#website\"},\"primaryImageOfPage\":{\"@id\":\"https:\/\/lystes.store\/select\/cubanohair\/product\/bonnet-perruque\/#primaryimage\"},\"image\":{\"@id\":\"https:\/\/lystes.store\/select\/cubanohair\/product\/bonnet-perruque\/#primaryimage\"},\"thumbnailUrl\":\"https:\/\/i0.wp.com\/lystes.store\/select\/cubanohair\/wp-content\/uploads\/sites\/16\/2025\/07\/Bonnet-Perruque-Cap-Cubano-Dream.jpg?fit=800%2C800&ssl=1\",\"datePublished\":\"2025-07-25T13:37:12+00:00\",\"dateModified\":\"2025-07-25T13:37:21+00:00\",\"breadcrumb\":{\"@id\":\"https:\/\/lystes.store\/select\/cubanohair\/product\/bonnet-perruque\/#breadcrumb\"},\"inLanguage\":\"fr-FR\",\"potentialAction\":[{\"@type\":\"ReadAction\",\"target\":[\"https:\/\/lystes.store\/select\/cubanohair\/product\/bonnet-perruque\/\"]}]},{\"@type\":\"ImageObject\",\"inLanguage\":\"fr-FR\",\"@id\":\"https:\/\/lystes.store\/select\/cubanohair\/product\/bonnet-perruque\/#primaryimage\",\"url\":\"https:\/\/i0.wp.com\/lystes.store\/select\/cubanohair\/wp-content\/uploads\/sites\/16\/2025\/07\/Bonnet-Perruque-Cap-Cubano-Dream.jpg?fit=800%2C800&ssl=1\",\"contentUrl\":\"https:\/\/i0.wp.com\/lystes.store\/select\/cubanohair\/wp-content\/uploads\/sites\/16\/2025\/07\/Bonnet-Perruque-Cap-Cubano-Dream.jpg?fit=800%2C800&ssl=1\",\"width\":800,\"height\":800},{\"@type\":\"BreadcrumbList\",\"@id\":\"https:\/\/lystes.store\/select\/cubanohair\/product\/bonnet-perruque\/#breadcrumb\",\"itemListElement\":[{\"@type\":\"ListItem\",\"position\":1,\"name\":\"Accueil\",\"item\":\"https:\/\/lystes.store\/select\/cubanohair\/\"},{\"@type\":\"ListItem\",\"position\":2,\"name\":\"Boutique\",\"item\":\"https:\/\/lystes.store\/select\/cubanohair\/boutique\/\"},{\"@type\":\"ListItem\",\"position\":3,\"name\":\"Bonnet Perruque\"}]},{\"@type\":\"WebSite\",\"@id\":\"https:\/\/lystes.store\/select\/cubanohair\/#website\",\"url\":\"https:\/\/lystes.store\/select\/cubanohair\/\",\"name\":\"Cubano Hair\",\"description\":\"L&#039;excellence sinon rien\",\"potentialAction\":[{\"@type\":\"SearchAction\",\"target\":{\"@type\":\"EntryPoint\",\"urlTemplate\":\"https:\/\/lystes.store\/select\/cubanohair\/?s={search_term_string}\"},\"query-input\":{\"@type\":\"PropertyValueSpecification\",\"valueRequired\":true,\"valueName\":\"search_term_string\"}}],\"inLanguage\":\"fr-FR\"}]}<\/script>\n<!-- \/ Yoast SEO plugin. -->","yoast_head_json":{"title":"Bonnet Perruque - Cubano Hair","robots":{"index":"index","follow":"follow","max-snippet":"max-snippet:-1","max-image-preview":"max-image-preview:large","max-video-preview":"max-video-preview:-1"},"canonical":"https:\/\/lystes.store\/select\/cubanohair\/product\/bonnet-perruque\/","og_locale":"fr_FR","og_type":"article","og_title":"Bonnet Perruque - Cubano Hair","og_description":"Le Bonnet Perruque permet de fixer les cheveux sous votre confection. Placez l\u2019ensemble de vos cheveux \u00e0 l\u2019int\u00e9rieur du sous-bonnet, en les aplatissant bien pour \u00e9viter les bosses. Si vous avez les cheveux longs, faites des nattes coll\u00e9es pour les maintenir en place.","og_url":"https:\/\/lystes.store\/select\/cubanohair\/product\/bonnet-perruque\/","og_site_name":"Cubano Hair","article_modified_time":"2025-07-25T13:37:21+00:00","twitter_card":"summary_large_image","twitter_misc":{"Dur\u00e9e de lecture estim\u00e9e":"1 minute"},"schema":{"@context":"https:\/\/schema.org","@graph":[{"@type":"WebPage","@id":"https:\/\/lystes.store\/select\/cubanohair\/product\/bonnet-perruque\/","url":"https:\/\/lystes.store\/select\/cubanohair\/product\/bonnet-perruque\/","name":"Bonnet Perruque - Cubano Hair","isPartOf":{"@id":"https:\/\/lystes.store\/select\/cubanohair\/#website"},"primaryImageOfPage":{"@id":"https:\/\/lystes.store\/select\/cubanohair\/product\/bonnet-perruque\/#primaryimage"},"image":{"@id":"https:\/\/lystes.store\/select\/cubanohair\/product\/bonnet-perruque\/#primaryimage"},"thumbnailUrl":"https:\/\/i0.wp.com\/lystes.store\/select\/cubanohair\/wp-content\/uploads\/sites\/16\/2025\/07\/Bonnet-Perruque-Cap-Cubano-Dream.jpg?fit=800%2C800&ssl=1","datePublished":"2025-07-25T13:37:12+00:00","dateModified":"2025-07-25T13:37:21+00:00","breadcrumb":{"@id":"https:\/\/lystes.store\/select\/cubanohair\/product\/bonnet-perruque\/#breadcrumb"},"inLanguage":"fr-FR","potentialAction":[{"@type":"ReadAction","target":["https:\/\/lystes.store\/select\/cubanohair\/product\/bonnet-perruque\/"]}]},{"@type":"ImageObject","inLanguage":"fr-FR","@id":"https:\/\/lystes.store\/select\/cubanohair\/product\/bonnet-perruque\/#primaryimage","url":"https:\/\/i0.wp.com\/lystes.store\/select\/cubanohair\/wp-content\/uploads\/sites\/16\/2025\/07\/Bonnet-Perruque-Cap-Cubano-Dream.jpg?fit=800%2C800&ssl=1","contentUrl":"https:\/\/i0.wp.com\/lystes.store\/select\/cubanohair\/wp-content\/uploads\/sites\/16\/2025\/07\/Bonnet-Perruque-Cap-Cubano-Dream.jpg?fit=800%2C800&ssl=1","width":800,"height":800},{"@type":"BreadcrumbList","@id":"https:\/\/lystes.store\/select\/cubanohair\/product\/bonnet-perruque\/#breadcrumb","itemListElement":[{"@type":"ListItem","position":1,"name":"Accueil","item":"https:\/\/lystes.store\/select\/cubanohair\/"},{"@type":"ListItem","position":2,"name":"Boutique","item":"https:\/\/lystes.store\/select\/cubanohair\/boutique\/"},{"@type":"ListItem","position":3,"name":"Bonnet Perruque"}]},{"@type":"WebSite","@id":"https:\/\/lystes.store\/select\/cubanohair\/#website","url":"https:\/\/lystes.store\/select\/cubanohair\/","name":"Cubano Hair","description":"L&#039;excellence sinon rien","potentialAction":[{"@type":"SearchAction","target":{"@type":"EntryPoint","urlTemplate":"https:\/\/lystes.store\/select\/cubanohair\/?s={search_term_string}"},"query-input":{"@type":"PropertyValueSpecification","valueRequired":true,"valueName":"search_term_string"}}],"inLanguage":"fr-FR"}]}},"_links":{"self":[{"href":"https:\/\/lystes.store\/select\/cubanohair\/wp-json\/wp\/v2\/product\/119772","targetHints":{"allow":["GET"]}}],"collection":[{"href":"https:\/\/lystes.store\/select\/cubanohair\/wp-json\/wp\/v2\/product"}],"about":[{"href":"https:\/\/lystes.store\/select\/cubanohair\/wp-json\/wp\/v2\/types\/product"}],"replies":[{"embeddable":true,"href":"https:\/\/lystes.store\/select\/cubanohair\/wp-json\/wp\/v2\/comments?post=119772"}],"wp:featuredmedia":[{"embeddable":true,"href":"https:\/\/lystes.store\/select\/cubanohair\/wp-json\/wp\/v2\/media\/119787"}],"wp:attachment":[{"href":"https:\/\/lystes.store\/select\/cubanohair\/wp-json\/wp\/v2\/media?parent=119772"}],"wp:term":[{"taxonomy":"product_brand","embeddable":true,"href":"https:\/\/lystes.store\/select\/cubanohair\/wp-json\/wp\/v2\/product_brand?post=119772"},{"taxonomy":"product_cat","embeddable":true,"href":"https:\/\/lystes.store\/select\/cubanohair\/wp-json\/wp\/v2\/product_cat?post=119772"},{"taxonomy":"product_tag","embeddable":true,"href":"https:\/\/lystes.store\/select\/cubanohair\/wp-json\/wp\/v2\/product_tag?post=119772"}],"curies":[{"name":"wp","href":"https:\/\/api.w.org\/{rel}","templated":true}]}}