{"id":119363,"date":"2025-07-25T15:34:31","date_gmt":"2025-07-25T13:34:31","guid":{"rendered":"https:\/\/lystes.store\/select\/cubanohair\/?post_type=product&#038;p=119363"},"modified":"2025-07-25T15:36:34","modified_gmt":"2025-07-25T13:36:34","slug":"faux-cils-3d-magnetiques","status":"publish","type":"product","link":"https:\/\/lystes.store\/select\/cubanohair\/product\/faux-cils-3d-magnetiques\/","title":{"rendered":"Faux Cils 3D magn\u00e9tiques"},"content":{"rendered":"<p>Id\u00e9al pour un usage professionnel ou amateur.<br \/>\nLes cils magn\u00e9tiques s\u2019adaptent en quelques secondes, changez de regard comme bon vous semble.<\/p>\n<p><strong>Avantages<\/strong> : Facile \u00e0 poser, confortables, magn\u00e9tiques et r\u00e9utilisables.<\/p>\n<p><strong>Caract\u00e9ristiques<\/strong> : Longue dur\u00e9e, s\u00e9chage rapide, imperm\u00e9able \u00e0 l\u2019eau, r\u00e9sistant \u00e0 la sueur et ne fleurit pas.<\/p>\n","protected":false},"excerpt":{"rendered":"<p>Un regard de r\u00eave , en un clin d&rsquo;\u0153il avec les Faux Cils 3D Magn\u00e9tiques <a title=\"Salon de coiffure \u00e0 Paris\" href=\"https:\/\/www.cubano-house.com\/\">Cubano Dream<\/a>. Les faux cils magn\u00e9tiques sont con\u00e7us pour couvrir les deux tiers de vos cils naturels vers les coins ext\u00e9rieurs.<br \/>\nIls sont hypoallerg\u00e9niques sans danger pour les yeux. Les faux cils peuvent \u00eatre r\u00e9utilis\u00e9s une dizaine de fois avec soin.<\/p>\n","protected":false},"featured_media":119374,"comment_status":"open","ping_status":"closed","template":"","meta":[],"product_brand":[],"product_cat":[1100],"product_tag":[],"class_list":{"0":"post-119363","1":"product","2":"type-product","3":"status-publish","4":"has-post-thumbnail","6":"product_cat-accessoires","8":"first","9":"instock","10":"taxable","11":"shipping-taxable","12":"purchasable","13":"product-type-variable"},"acf":[],"yoast_head":"<!-- This site is optimized with the Yoast SEO plugin v25.3.1 - https:\/\/yoast.com\/wordpress\/plugins\/seo\/ -->\n<title>Faux Cils 3D magn\u00e9tiques - Cubano Hair<\/title>\n<meta name=\"robots\" content=\"index, follow, max-snippet:-1, max-image-preview:large, max-video-preview:-1\" \/>\n<link rel=\"canonical\" href=\"https:\/\/lystes.store\/select\/cubanohair\/product\/faux-cils-3d-magnetiques\/\" \/>\n<meta property=\"og:locale\" content=\"fr_FR\" \/>\n<meta property=\"og:type\" content=\"article\" \/>\n<meta property=\"og:title\" content=\"Faux Cils 3D magn\u00e9tiques - Cubano Hair\" \/>\n<meta property=\"og:description\" content=\"Un regard de r\u00eave , en un clin d&#039;\u0153il avec les Faux Cils 3D Magn\u00e9tiques Cubano Dream. Les faux cils magn\u00e9tiques sont con\u00e7us pour couvrir les deux tiers de vos cils naturels vers les coins ext\u00e9rieurs. Ils sont hypoallerg\u00e9niques sans danger pour les yeux. Les faux cils peuvent \u00eatre r\u00e9utilis\u00e9s une dizaine de fois avec soin.\" \/>\n<meta property=\"og:url\" content=\"https:\/\/lystes.store\/select\/cubanohair\/product\/faux-cils-3d-magnetiques\/\" \/>\n<meta property=\"og:site_name\" content=\"Cubano Hair\" \/>\n<meta property=\"article:modified_time\" content=\"2025-07-25T13:36:34+00:00\" \/>\n<meta name=\"twitter:card\" content=\"summary_large_image\" \/>\n<script type=\"application\/ld+json\" class=\"yoast-schema-graph\">{\"@context\":\"https:\/\/schema.org\",\"@graph\":[{\"@type\":\"WebPage\",\"@id\":\"https:\/\/lystes.store\/select\/cubanohair\/product\/faux-cils-3d-magnetiques\/\",\"url\":\"https:\/\/lystes.store\/select\/cubanohair\/product\/faux-cils-3d-magnetiques\/\",\"name\":\"Faux Cils 3D magn\u00e9tiques - Cubano Hair\",\"isPartOf\":{\"@id\":\"https:\/\/lystes.store\/select\/cubanohair\/#website\"},\"primaryImageOfPage\":{\"@id\":\"https:\/\/lystes.store\/select\/cubanohair\/product\/faux-cils-3d-magnetiques\/#primaryimage\"},\"image\":{\"@id\":\"https:\/\/lystes.store\/select\/cubanohair\/product\/faux-cils-3d-magnetiques\/#primaryimage\"},\"thumbnailUrl\":\"https:\/\/i0.wp.com\/lystes.store\/select\/cubanohair\/wp-content\/uploads\/sites\/16\/2025\/07\/Cils3D-2-Cubano-Hair.png?fit=800%2C800&ssl=1\",\"datePublished\":\"2025-07-25T13:34:31+00:00\",\"dateModified\":\"2025-07-25T13:36:34+00:00\",\"breadcrumb\":{\"@id\":\"https:\/\/lystes.store\/select\/cubanohair\/product\/faux-cils-3d-magnetiques\/#breadcrumb\"},\"inLanguage\":\"fr-FR\",\"potentialAction\":[{\"@type\":\"ReadAction\",\"target\":[\"https:\/\/lystes.store\/select\/cubanohair\/product\/faux-cils-3d-magnetiques\/\"]}]},{\"@type\":\"ImageObject\",\"inLanguage\":\"fr-FR\",\"@id\":\"https:\/\/lystes.store\/select\/cubanohair\/product\/faux-cils-3d-magnetiques\/#primaryimage\",\"url\":\"https:\/\/i0.wp.com\/lystes.store\/select\/cubanohair\/wp-content\/uploads\/sites\/16\/2025\/07\/Cils3D-2-Cubano-Hair.png?fit=800%2C800&ssl=1\",\"contentUrl\":\"https:\/\/i0.wp.com\/lystes.store\/select\/cubanohair\/wp-content\/uploads\/sites\/16\/2025\/07\/Cils3D-2-Cubano-Hair.png?fit=800%2C800&ssl=1\",\"width\":800,\"height\":800},{\"@type\":\"BreadcrumbList\",\"@id\":\"https:\/\/lystes.store\/select\/cubanohair\/product\/faux-cils-3d-magnetiques\/#breadcrumb\",\"itemListElement\":[{\"@type\":\"ListItem\",\"position\":1,\"name\":\"Accueil\",\"item\":\"https:\/\/lystes.store\/select\/cubanohair\/\"},{\"@type\":\"ListItem\",\"position\":2,\"name\":\"Boutique\",\"item\":\"https:\/\/lystes.store\/select\/cubanohair\/boutique\/\"},{\"@type\":\"ListItem\",\"position\":3,\"name\":\"Faux Cils 3D magn\u00e9tiques\"}]},{\"@type\":\"WebSite\",\"@id\":\"https:\/\/lystes.store\/select\/cubanohair\/#website\",\"url\":\"https:\/\/lystes.store\/select\/cubanohair\/\",\"name\":\"Cubano Hair\",\"description\":\"L&#039;excellence sinon rien\",\"potentialAction\":[{\"@type\":\"SearchAction\",\"target\":{\"@type\":\"EntryPoint\",\"urlTemplate\":\"https:\/\/lystes.store\/select\/cubanohair\/?s={search_term_string}\"},\"query-input\":{\"@type\":\"PropertyValueSpecification\",\"valueRequired\":true,\"valueName\":\"search_term_string\"}}],\"inLanguage\":\"fr-FR\"}]}<\/script>\n<!-- \/ Yoast SEO plugin. -->","yoast_head_json":{"title":"Faux Cils 3D magn\u00e9tiques - Cubano Hair","robots":{"index":"index","follow":"follow","max-snippet":"max-snippet:-1","max-image-preview":"max-image-preview:large","max-video-preview":"max-video-preview:-1"},"canonical":"https:\/\/lystes.store\/select\/cubanohair\/product\/faux-cils-3d-magnetiques\/","og_locale":"fr_FR","og_type":"article","og_title":"Faux Cils 3D magn\u00e9tiques - Cubano Hair","og_description":"Un regard de r\u00eave , en un clin d'\u0153il avec les Faux Cils 3D Magn\u00e9tiques Cubano Dream. Les faux cils magn\u00e9tiques sont con\u00e7us pour couvrir les deux tiers de vos cils naturels vers les coins ext\u00e9rieurs. Ils sont hypoallerg\u00e9niques sans danger pour les yeux. Les faux cils peuvent \u00eatre r\u00e9utilis\u00e9s une dizaine de fois avec soin.","og_url":"https:\/\/lystes.store\/select\/cubanohair\/product\/faux-cils-3d-magnetiques\/","og_site_name":"Cubano Hair","article_modified_time":"2025-07-25T13:36:34+00:00","twitter_card":"summary_large_image","schema":{"@context":"https:\/\/schema.org","@graph":[{"@type":"WebPage","@id":"https:\/\/lystes.store\/select\/cubanohair\/product\/faux-cils-3d-magnetiques\/","url":"https:\/\/lystes.store\/select\/cubanohair\/product\/faux-cils-3d-magnetiques\/","name":"Faux Cils 3D magn\u00e9tiques - Cubano Hair","isPartOf":{"@id":"https:\/\/lystes.store\/select\/cubanohair\/#website"},"primaryImageOfPage":{"@id":"https:\/\/lystes.store\/select\/cubanohair\/product\/faux-cils-3d-magnetiques\/#primaryimage"},"image":{"@id":"https:\/\/lystes.store\/select\/cubanohair\/product\/faux-cils-3d-magnetiques\/#primaryimage"},"thumbnailUrl":"https:\/\/i0.wp.com\/lystes.store\/select\/cubanohair\/wp-content\/uploads\/sites\/16\/2025\/07\/Cils3D-2-Cubano-Hair.png?fit=800%2C800&ssl=1","datePublished":"2025-07-25T13:34:31+00:00","dateModified":"2025-07-25T13:36:34+00:00","breadcrumb":{"@id":"https:\/\/lystes.store\/select\/cubanohair\/product\/faux-cils-3d-magnetiques\/#breadcrumb"},"inLanguage":"fr-FR","potentialAction":[{"@type":"ReadAction","target":["https:\/\/lystes.store\/select\/cubanohair\/product\/faux-cils-3d-magnetiques\/"]}]},{"@type":"ImageObject","inLanguage":"fr-FR","@id":"https:\/\/lystes.store\/select\/cubanohair\/product\/faux-cils-3d-magnetiques\/#primaryimage","url":"https:\/\/i0.wp.com\/lystes.store\/select\/cubanohair\/wp-content\/uploads\/sites\/16\/2025\/07\/Cils3D-2-Cubano-Hair.png?fit=800%2C800&ssl=1","contentUrl":"https:\/\/i0.wp.com\/lystes.store\/select\/cubanohair\/wp-content\/uploads\/sites\/16\/2025\/07\/Cils3D-2-Cubano-Hair.png?fit=800%2C800&ssl=1","width":800,"height":800},{"@type":"BreadcrumbList","@id":"https:\/\/lystes.store\/select\/cubanohair\/product\/faux-cils-3d-magnetiques\/#breadcrumb","itemListElement":[{"@type":"ListItem","position":1,"name":"Accueil","item":"https:\/\/lystes.store\/select\/cubanohair\/"},{"@type":"ListItem","position":2,"name":"Boutique","item":"https:\/\/lystes.store\/select\/cubanohair\/boutique\/"},{"@type":"ListItem","position":3,"name":"Faux Cils 3D magn\u00e9tiques"}]},{"@type":"WebSite","@id":"https:\/\/lystes.store\/select\/cubanohair\/#website","url":"https:\/\/lystes.store\/select\/cubanohair\/","name":"Cubano Hair","description":"L&#039;excellence sinon rien","potentialAction":[{"@type":"SearchAction","target":{"@type":"EntryPoint","urlTemplate":"https:\/\/lystes.store\/select\/cubanohair\/?s={search_term_string}"},"query-input":{"@type":"PropertyValueSpecification","valueRequired":true,"valueName":"search_term_string"}}],"inLanguage":"fr-FR"}]}},"_links":{"self":[{"href":"https:\/\/lystes.store\/select\/cubanohair\/wp-json\/wp\/v2\/product\/119363","targetHints":{"allow":["GET"]}}],"collection":[{"href":"https:\/\/lystes.store\/select\/cubanohair\/wp-json\/wp\/v2\/product"}],"about":[{"href":"https:\/\/lystes.store\/select\/cubanohair\/wp-json\/wp\/v2\/types\/product"}],"replies":[{"embeddable":true,"href":"https:\/\/lystes.store\/select\/cubanohair\/wp-json\/wp\/v2\/comments?post=119363"}],"wp:featuredmedia":[{"embeddable":true,"href":"https:\/\/lystes.store\/select\/cubanohair\/wp-json\/wp\/v2\/media\/119374"}],"wp:attachment":[{"href":"https:\/\/lystes.store\/select\/cubanohair\/wp-json\/wp\/v2\/media?parent=119363"}],"wp:term":[{"taxonomy":"product_brand","embeddable":true,"href":"https:\/\/lystes.store\/select\/cubanohair\/wp-json\/wp\/v2\/product_brand?post=119363"},{"taxonomy":"product_cat","embeddable":true,"href":"https:\/\/lystes.store\/select\/cubanohair\/wp-json\/wp\/v2\/product_cat?post=119363"},{"taxonomy":"product_tag","embeddable":true,"href":"https:\/\/lystes.store\/select\/cubanohair\/wp-json\/wp\/v2\/product_tag?post=119363"}],"curies":[{"name":"wp","href":"https:\/\/api.w.org\/{rel}","templated":true}]}}