{"id":119361,"date":"2025-07-25T15:34:31","date_gmt":"2025-07-25T13:34:31","guid":{"rendered":"https:\/\/lystes.store\/select\/cubanohair\/?post_type=product&#038;p=119361"},"modified":"2025-07-25T15:37:23","modified_gmt":"2025-07-25T13:37:23","slug":"creer-votre-perruque","status":"publish","type":"product","link":"https:\/\/lystes.store\/select\/cubanohair\/product\/creer-votre-perruque\/","title":{"rendered":"Cr\u00e9er votre perruque"},"content":{"rendered":"<p style=\"text-align: justify;\">C\u2019est une perruque sur mesure selon votre attente et si vous voulez opter pour une perruque closure, lace etc\u2026 Nos conseillers sont l\u00e0 pour vous guider \u00e0 faire le bon choix.<\/p>\n<p style=\"text-align: justify;\">Le monde des perruques est peut \u00eatre nouveau pour certains. Des conseils avis\u00e9s et appropri\u00e9s de professionnels du m\u00e9tier sont l\u00e0 pour vous guider.<\/p>\n","protected":false},"excerpt":{"rendered":"<p style=\"text-align: justify;\">Vous n\u2019avez pas trouv\u00e9 le mod\u00e8le que vous souhaitez parmi nos perruques ?<br \/>\nPas de probl\u00e8me, cr\u00e9er la perruque de vos r\u00eaves !<\/p>\n<div style=\"background: #000000; padding: 20px; background-color: #000000; border-radius: 0px;\"><strong><span style=\"color: #d3b246;\">La customisation est incluse dans la confection<\/span><\/strong>.<br \/>\n[av_font_icon icon=&rsquo;ue83e&rsquo; font=&rsquo;entypo-fontello&rsquo; style=\u00a0\u00bb caption=\u00a0\u00bb size=&rsquo;20px&rsquo; position=&rsquo;left&rsquo; color=&rsquo;#d3b246&prime; link=\u00a0\u00bb linktarget=\u00a0\u00bb animation=\u00a0\u00bb id=\u00a0\u00bb custom_class=\u00a0\u00bb av_uid=\u00a0\u00bb admin_preview_bg=\u00a0\u00bb][\/av_font_icon]<span style=\"color: #ffffff;\">ATTENTION : Vous devez imp\u00e9rativement ajouter au panier les m\u00e8ches et la closure, lace frontal ou lace 360\u00b0 que vous d\u00e9sirez. Ensuite ajouter l\u2019option confection de perruque qui correspond !<\/span><\/div>\n<p>&nbsp;<\/p>\n","protected":false},"featured_media":119370,"comment_status":"open","ping_status":"closed","template":"","meta":[],"product_brand":[],"product_cat":[1073],"product_tag":[],"class_list":{"0":"post-119361","1":"product","2":"type-product","3":"status-publish","4":"has-post-thumbnail","6":"product_cat-perruques","8":"first","9":"instock","10":"taxable","11":"shipping-taxable","12":"purchasable","13":"product-type-variable"},"acf":[],"yoast_head":"<!-- This site is optimized with the Yoast SEO plugin v25.3.1 - https:\/\/yoast.com\/wordpress\/plugins\/seo\/ -->\n<title>Cr\u00e9er votre perruque - Cubano Hair<\/title>\n<meta name=\"robots\" content=\"index, follow, max-snippet:-1, max-image-preview:large, max-video-preview:-1\" \/>\n<link rel=\"canonical\" href=\"https:\/\/lystes.store\/select\/cubanohair\/product\/creer-votre-perruque\/\" \/>\n<meta property=\"og:locale\" content=\"fr_FR\" \/>\n<meta property=\"og:type\" content=\"article\" \/>\n<meta property=\"og:title\" content=\"Cr\u00e9er votre perruque - Cubano Hair\" \/>\n<meta property=\"og:description\" content=\"Vous n\u2019avez pas trouv\u00e9 le mod\u00e8le que vous souhaitez parmi nos perruques ? Pas de probl\u00e8me, cr\u00e9er la perruque de vos r\u00eaves !  La customisation est incluse dans la confection. [av_font_icon icon=&#039;ue83e&#039; font=&#039;entypo-fontello&#039; style=&#039;&#039; caption=&#039;&#039; size=&#039;20px&#039; position=&#039;left&#039; color=&#039;#d3b246&#039; link=&#039;&#039; linktarget=&#039;&#039; animation=&#039;&#039; id=&#039;&#039; custom_class=&#039;&#039; av_uid=&#039;&#039; admin_preview_bg=&#039;&#039;][\/av_font_icon]ATTENTION : Vous devez imp\u00e9rativement ajouter au panier les m\u00e8ches et la closure, lace frontal ou lace 360\u00b0 que vous d\u00e9sirez. Ensuite ajouter l\u2019option confection de perruque qui correspond ! &nbsp;\" \/>\n<meta property=\"og:url\" content=\"https:\/\/lystes.store\/select\/cubanohair\/product\/creer-votre-perruque\/\" \/>\n<meta property=\"og:site_name\" content=\"Cubano Hair\" \/>\n<meta property=\"article:modified_time\" content=\"2025-07-25T13:37:23+00:00\" \/>\n<meta name=\"twitter:card\" content=\"summary_large_image\" \/>\n<script type=\"application\/ld+json\" class=\"yoast-schema-graph\">{\"@context\":\"https:\/\/schema.org\",\"@graph\":[{\"@type\":\"WebPage\",\"@id\":\"https:\/\/lystes.store\/select\/cubanohair\/product\/creer-votre-perruque\/\",\"url\":\"https:\/\/lystes.store\/select\/cubanohair\/product\/creer-votre-perruque\/\",\"name\":\"Cr\u00e9er votre perruque - Cubano Hair\",\"isPartOf\":{\"@id\":\"https:\/\/lystes.store\/select\/cubanohair\/#website\"},\"primaryImageOfPage\":{\"@id\":\"https:\/\/lystes.store\/select\/cubanohair\/product\/creer-votre-perruque\/#primaryimage\"},\"image\":{\"@id\":\"https:\/\/lystes.store\/select\/cubanohair\/product\/creer-votre-perruque\/#primaryimage\"},\"thumbnailUrl\":\"https:\/\/i0.wp.com\/lystes.store\/select\/cubanohair\/wp-content\/uploads\/sites\/16\/2025\/07\/Creation-perruque-Cubano-Hair-Paris.jpg?fit=800%2C800&ssl=1\",\"datePublished\":\"2025-07-25T13:34:31+00:00\",\"dateModified\":\"2025-07-25T13:37:23+00:00\",\"breadcrumb\":{\"@id\":\"https:\/\/lystes.store\/select\/cubanohair\/product\/creer-votre-perruque\/#breadcrumb\"},\"inLanguage\":\"fr-FR\",\"potentialAction\":[{\"@type\":\"ReadAction\",\"target\":[\"https:\/\/lystes.store\/select\/cubanohair\/product\/creer-votre-perruque\/\"]}]},{\"@type\":\"ImageObject\",\"inLanguage\":\"fr-FR\",\"@id\":\"https:\/\/lystes.store\/select\/cubanohair\/product\/creer-votre-perruque\/#primaryimage\",\"url\":\"https:\/\/i0.wp.com\/lystes.store\/select\/cubanohair\/wp-content\/uploads\/sites\/16\/2025\/07\/Creation-perruque-Cubano-Hair-Paris.jpg?fit=800%2C800&ssl=1\",\"contentUrl\":\"https:\/\/i0.wp.com\/lystes.store\/select\/cubanohair\/wp-content\/uploads\/sites\/16\/2025\/07\/Creation-perruque-Cubano-Hair-Paris.jpg?fit=800%2C800&ssl=1\",\"width\":800,\"height\":800},{\"@type\":\"BreadcrumbList\",\"@id\":\"https:\/\/lystes.store\/select\/cubanohair\/product\/creer-votre-perruque\/#breadcrumb\",\"itemListElement\":[{\"@type\":\"ListItem\",\"position\":1,\"name\":\"Accueil\",\"item\":\"https:\/\/lystes.store\/select\/cubanohair\/\"},{\"@type\":\"ListItem\",\"position\":2,\"name\":\"Boutique\",\"item\":\"https:\/\/lystes.store\/select\/cubanohair\/boutique\/\"},{\"@type\":\"ListItem\",\"position\":3,\"name\":\"Cr\u00e9er votre perruque\"}]},{\"@type\":\"WebSite\",\"@id\":\"https:\/\/lystes.store\/select\/cubanohair\/#website\",\"url\":\"https:\/\/lystes.store\/select\/cubanohair\/\",\"name\":\"Cubano Hair\",\"description\":\"L&#039;excellence sinon rien\",\"potentialAction\":[{\"@type\":\"SearchAction\",\"target\":{\"@type\":\"EntryPoint\",\"urlTemplate\":\"https:\/\/lystes.store\/select\/cubanohair\/?s={search_term_string}\"},\"query-input\":{\"@type\":\"PropertyValueSpecification\",\"valueRequired\":true,\"valueName\":\"search_term_string\"}}],\"inLanguage\":\"fr-FR\"}]}<\/script>\n<!-- \/ Yoast SEO plugin. -->","yoast_head_json":{"title":"Cr\u00e9er votre perruque - Cubano Hair","robots":{"index":"index","follow":"follow","max-snippet":"max-snippet:-1","max-image-preview":"max-image-preview:large","max-video-preview":"max-video-preview:-1"},"canonical":"https:\/\/lystes.store\/select\/cubanohair\/product\/creer-votre-perruque\/","og_locale":"fr_FR","og_type":"article","og_title":"Cr\u00e9er votre perruque - Cubano Hair","og_description":"Vous n\u2019avez pas trouv\u00e9 le mod\u00e8le que vous souhaitez parmi nos perruques ? Pas de probl\u00e8me, cr\u00e9er la perruque de vos r\u00eaves !  La customisation est incluse dans la confection. [av_font_icon icon='ue83e' font='entypo-fontello' style='' caption='' size='20px' position='left' color='#d3b246' link='' linktarget='' animation='' id='' custom_class='' av_uid='' admin_preview_bg=''][\/av_font_icon]ATTENTION : Vous devez imp\u00e9rativement ajouter au panier les m\u00e8ches et la closure, lace frontal ou lace 360\u00b0 que vous d\u00e9sirez. Ensuite ajouter l\u2019option confection de perruque qui correspond ! &nbsp;","og_url":"https:\/\/lystes.store\/select\/cubanohair\/product\/creer-votre-perruque\/","og_site_name":"Cubano Hair","article_modified_time":"2025-07-25T13:37:23+00:00","twitter_card":"summary_large_image","schema":{"@context":"https:\/\/schema.org","@graph":[{"@type":"WebPage","@id":"https:\/\/lystes.store\/select\/cubanohair\/product\/creer-votre-perruque\/","url":"https:\/\/lystes.store\/select\/cubanohair\/product\/creer-votre-perruque\/","name":"Cr\u00e9er votre perruque - Cubano Hair","isPartOf":{"@id":"https:\/\/lystes.store\/select\/cubanohair\/#website"},"primaryImageOfPage":{"@id":"https:\/\/lystes.store\/select\/cubanohair\/product\/creer-votre-perruque\/#primaryimage"},"image":{"@id":"https:\/\/lystes.store\/select\/cubanohair\/product\/creer-votre-perruque\/#primaryimage"},"thumbnailUrl":"https:\/\/i0.wp.com\/lystes.store\/select\/cubanohair\/wp-content\/uploads\/sites\/16\/2025\/07\/Creation-perruque-Cubano-Hair-Paris.jpg?fit=800%2C800&ssl=1","datePublished":"2025-07-25T13:34:31+00:00","dateModified":"2025-07-25T13:37:23+00:00","breadcrumb":{"@id":"https:\/\/lystes.store\/select\/cubanohair\/product\/creer-votre-perruque\/#breadcrumb"},"inLanguage":"fr-FR","potentialAction":[{"@type":"ReadAction","target":["https:\/\/lystes.store\/select\/cubanohair\/product\/creer-votre-perruque\/"]}]},{"@type":"ImageObject","inLanguage":"fr-FR","@id":"https:\/\/lystes.store\/select\/cubanohair\/product\/creer-votre-perruque\/#primaryimage","url":"https:\/\/i0.wp.com\/lystes.store\/select\/cubanohair\/wp-content\/uploads\/sites\/16\/2025\/07\/Creation-perruque-Cubano-Hair-Paris.jpg?fit=800%2C800&ssl=1","contentUrl":"https:\/\/i0.wp.com\/lystes.store\/select\/cubanohair\/wp-content\/uploads\/sites\/16\/2025\/07\/Creation-perruque-Cubano-Hair-Paris.jpg?fit=800%2C800&ssl=1","width":800,"height":800},{"@type":"BreadcrumbList","@id":"https:\/\/lystes.store\/select\/cubanohair\/product\/creer-votre-perruque\/#breadcrumb","itemListElement":[{"@type":"ListItem","position":1,"name":"Accueil","item":"https:\/\/lystes.store\/select\/cubanohair\/"},{"@type":"ListItem","position":2,"name":"Boutique","item":"https:\/\/lystes.store\/select\/cubanohair\/boutique\/"},{"@type":"ListItem","position":3,"name":"Cr\u00e9er votre perruque"}]},{"@type":"WebSite","@id":"https:\/\/lystes.store\/select\/cubanohair\/#website","url":"https:\/\/lystes.store\/select\/cubanohair\/","name":"Cubano Hair","description":"L&#039;excellence sinon rien","potentialAction":[{"@type":"SearchAction","target":{"@type":"EntryPoint","urlTemplate":"https:\/\/lystes.store\/select\/cubanohair\/?s={search_term_string}"},"query-input":{"@type":"PropertyValueSpecification","valueRequired":true,"valueName":"search_term_string"}}],"inLanguage":"fr-FR"}]}},"_links":{"self":[{"href":"https:\/\/lystes.store\/select\/cubanohair\/wp-json\/wp\/v2\/product\/119361","targetHints":{"allow":["GET"]}}],"collection":[{"href":"https:\/\/lystes.store\/select\/cubanohair\/wp-json\/wp\/v2\/product"}],"about":[{"href":"https:\/\/lystes.store\/select\/cubanohair\/wp-json\/wp\/v2\/types\/product"}],"replies":[{"embeddable":true,"href":"https:\/\/lystes.store\/select\/cubanohair\/wp-json\/wp\/v2\/comments?post=119361"}],"wp:featuredmedia":[{"embeddable":true,"href":"https:\/\/lystes.store\/select\/cubanohair\/wp-json\/wp\/v2\/media\/119370"}],"wp:attachment":[{"href":"https:\/\/lystes.store\/select\/cubanohair\/wp-json\/wp\/v2\/media?parent=119361"}],"wp:term":[{"taxonomy":"product_brand","embeddable":true,"href":"https:\/\/lystes.store\/select\/cubanohair\/wp-json\/wp\/v2\/product_brand?post=119361"},{"taxonomy":"product_cat","embeddable":true,"href":"https:\/\/lystes.store\/select\/cubanohair\/wp-json\/wp\/v2\/product_cat?post=119361"},{"taxonomy":"product_tag","embeddable":true,"href":"https:\/\/lystes.store\/select\/cubanohair\/wp-json\/wp\/v2\/product_tag?post=119361"}],"curies":[{"name":"wp","href":"https:\/\/api.w.org\/{rel}","templated":true}]}}