{"id":119318,"date":"2025-07-25T15:34:08","date_gmt":"2025-07-25T13:34:08","guid":{"rendered":"https:\/\/lystes.store\/select\/cubanohair\/?post_type=product&#038;p=119318"},"modified":"2025-07-25T15:34:46","modified_gmt":"2025-07-25T13:34:46","slug":"tissage-premium-blond-raw-hair-indonesien","status":"publish","type":"product","link":"https:\/\/lystes.store\/select\/cubanohair\/product\/tissage-premium-blond-raw-hair-indonesien\/","title":{"rendered":"Tissage Premium Blond Raw Hair Indon\u00e9sien"},"content":{"rendered":"[av_font_icon icon=&rsquo;ue825&prime; font=&rsquo;fontello&rsquo; style=\u00a0\u00bb caption=\u00a0\u00bb link=\u00a0\u00bb linktarget=\u00a0\u00bb size=&rsquo;20px&rsquo; position=&rsquo;left&rsquo; animation=\u00a0\u00bb color=\u00a0\u00bb av_uid=&rsquo;av-2jsvlw&rsquo; id=\u00a0\u00bb custom_class=\u00a0\u00bb admin_preview_bg=\u00a0\u00bb][\/av_font_icon]<strong>Conseil d&rsquo;entretien<\/strong> : Utilisez un shampoing doux une fois par semaine ainsi qu&rsquo;un masque pour redonner souplesse et brillance aux cheveux.<\/p>\n","protected":false},"excerpt":{"rendered":"<p style=\"text-align: justify;\">Nos tissages blonds Raw Hair sont des m\u00e8ches malaisiennes compos\u00e9es de cheveux 100% naturels et vierges. Il faudra 2 \u00e0 4 paquets pour r\u00e9aliser une coupe. Diff\u00e9rentes tailles sont disponibles selon la longueur d\u00e9sir\u00e9e.<\/p>\n<p style=\"text-align: justify;\">Nos Tissages blonds Raw Hair sont disponibles en Body wave, Curly wave, Deep wave, Kinky curly, Lisse, Loose wave et Water wave.<\/p>\n<div style=\"background: #000000; padding: 20px; background-color: #000000; border-radius: 0px;\">[av_font_icon icon=&rsquo;ue859&prime; font=&rsquo;fontello&rsquo; style=\u00a0\u00bb caption=\u00a0\u00bb size=&rsquo;20px&rsquo; position=&rsquo;left&rsquo; color=&rsquo;#ffffff;&rsquo; link=&rsquo;manually,https:\/\/www.cubano-house.com\/categorie-produit\/perruques\/confection-closure\/&rsquo; linktarget=\u00a0\u00bb animation=\u00a0\u00bb id=\u00a0\u00bb custom_class=\u00a0\u00bb av_uid=\u00a0\u00bb admin_preview_bg=\u00a0\u00bb][\/av_font_icon]<span style=\"color: #ffffff;\">Si vous voulez confectionner votre perruque, <\/span><span style=\"color: #f9e17a;\"><a style=\"color: #f9e17a;\" href=\"https:\/\/www.cubano-house.com\/boutique\/confection-perruque\/\">cliquez ici pour personnaliser votre choix<\/a><\/span><\/div>\n<p style=\"text-align: justify;\">Possibilit\u00e9 de colorer, lisser, boucler au fer.<\/p>\n","protected":false},"featured_media":119333,"comment_status":"open","ping_status":"closed","template":"","meta":[],"product_brand":[],"product_cat":[1075,1076,1101],"product_tag":[],"class_list":{"0":"post-119318","1":"product","2":"type-product","3":"status-publish","4":"has-post-thumbnail","6":"product_cat-premium","7":"product_cat-raw-hair-indonesien","8":"product_cat-tissage","10":"first","11":"instock","12":"taxable","13":"shipping-taxable","14":"purchasable","15":"product-type-variable"},"acf":[],"yoast_head":"<!-- This site is optimized with the Yoast SEO plugin v25.3.1 - https:\/\/yoast.com\/wordpress\/plugins\/seo\/ -->\n<title>Tissage Premium Blond Raw Hair Indon\u00e9sien - Cubano Hair<\/title>\n<meta name=\"robots\" content=\"index, follow, max-snippet:-1, max-image-preview:large, max-video-preview:-1\" \/>\n<link rel=\"canonical\" href=\"https:\/\/lystes.store\/select\/cubanohair\/product\/tissage-premium-blond-raw-hair-indonesien\/\" \/>\n<meta property=\"og:locale\" content=\"fr_FR\" \/>\n<meta property=\"og:type\" content=\"article\" \/>\n<meta property=\"og:title\" content=\"Tissage Premium Blond Raw Hair Indon\u00e9sien - Cubano Hair\" \/>\n<meta property=\"og:description\" content=\"Nos tissages blonds Raw Hair sont des m\u00e8ches malaisiennes compos\u00e9es de cheveux 100% naturels et vierges. Il faudra 2 \u00e0 4 paquets pour r\u00e9aliser une coupe. Diff\u00e9rentes tailles sont disponibles selon la longueur d\u00e9sir\u00e9e. Nos Tissages blonds Raw Hair sont disponibles en Body wave, Curly wave, Deep wave, Kinky curly, Lisse, Loose wave et Water wave.  [av_font_icon icon=&#039;ue859&#039; font=&#039;fontello&#039; style=&#039;&#039; caption=&#039;&#039; size=&#039;20px&#039; position=&#039;left&#039; color=&#039;#ffffff;&#039; link=&#039;manually,https:\/\/www.cubano-house.com\/categorie-produit\/perruques\/confection-closure\/&#039; linktarget=&#039;&#039; animation=&#039;&#039; id=&#039;&#039; custom_class=&#039;&#039; av_uid=&#039;&#039; admin_preview_bg=&#039;&#039;][\/av_font_icon]Si vous voulez confectionner votre perruque, cliquez ici pour personnaliser votre choix Possibilit\u00e9 de colorer, lisser, boucler au fer.\" \/>\n<meta property=\"og:url\" content=\"https:\/\/lystes.store\/select\/cubanohair\/product\/tissage-premium-blond-raw-hair-indonesien\/\" \/>\n<meta property=\"og:site_name\" content=\"Cubano Hair\" \/>\n<meta property=\"article:modified_time\" content=\"2025-07-25T13:34:46+00:00\" \/>\n<meta name=\"twitter:card\" content=\"summary_large_image\" \/>\n<script type=\"application\/ld+json\" class=\"yoast-schema-graph\">{\"@context\":\"https:\/\/schema.org\",\"@graph\":[{\"@type\":\"WebPage\",\"@id\":\"https:\/\/lystes.store\/select\/cubanohair\/product\/tissage-premium-blond-raw-hair-indonesien\/\",\"url\":\"https:\/\/lystes.store\/select\/cubanohair\/product\/tissage-premium-blond-raw-hair-indonesien\/\",\"name\":\"Tissage Premium Blond Raw Hair Indon\u00e9sien - Cubano Hair\",\"isPartOf\":{\"@id\":\"https:\/\/lystes.store\/select\/cubanohair\/#website\"},\"primaryImageOfPage\":{\"@id\":\"https:\/\/lystes.store\/select\/cubanohair\/product\/tissage-premium-blond-raw-hair-indonesien\/#primaryimage\"},\"image\":{\"@id\":\"https:\/\/lystes.store\/select\/cubanohair\/product\/tissage-premium-blond-raw-hair-indonesien\/#primaryimage\"},\"thumbnailUrl\":\"https:\/\/i0.wp.com\/lystes.store\/select\/cubanohair\/wp-content\/uploads\/sites\/16\/2025\/07\/Tissage-Raw-Hair-Lisse-Blond-Cubano-Hair.png?fit=800%2C800&ssl=1\",\"datePublished\":\"2025-07-25T13:34:08+00:00\",\"dateModified\":\"2025-07-25T13:34:46+00:00\",\"breadcrumb\":{\"@id\":\"https:\/\/lystes.store\/select\/cubanohair\/product\/tissage-premium-blond-raw-hair-indonesien\/#breadcrumb\"},\"inLanguage\":\"fr-FR\",\"potentialAction\":[{\"@type\":\"ReadAction\",\"target\":[\"https:\/\/lystes.store\/select\/cubanohair\/product\/tissage-premium-blond-raw-hair-indonesien\/\"]}]},{\"@type\":\"ImageObject\",\"inLanguage\":\"fr-FR\",\"@id\":\"https:\/\/lystes.store\/select\/cubanohair\/product\/tissage-premium-blond-raw-hair-indonesien\/#primaryimage\",\"url\":\"https:\/\/i0.wp.com\/lystes.store\/select\/cubanohair\/wp-content\/uploads\/sites\/16\/2025\/07\/Tissage-Raw-Hair-Lisse-Blond-Cubano-Hair.png?fit=800%2C800&ssl=1\",\"contentUrl\":\"https:\/\/i0.wp.com\/lystes.store\/select\/cubanohair\/wp-content\/uploads\/sites\/16\/2025\/07\/Tissage-Raw-Hair-Lisse-Blond-Cubano-Hair.png?fit=800%2C800&ssl=1\",\"width\":800,\"height\":800},{\"@type\":\"BreadcrumbList\",\"@id\":\"https:\/\/lystes.store\/select\/cubanohair\/product\/tissage-premium-blond-raw-hair-indonesien\/#breadcrumb\",\"itemListElement\":[{\"@type\":\"ListItem\",\"position\":1,\"name\":\"Accueil\",\"item\":\"https:\/\/lystes.store\/select\/cubanohair\/\"},{\"@type\":\"ListItem\",\"position\":2,\"name\":\"Boutique\",\"item\":\"https:\/\/lystes.store\/select\/cubanohair\/boutique\/\"},{\"@type\":\"ListItem\",\"position\":3,\"name\":\"Tissage Premium Blond Raw Hair Indon\u00e9sien\"}]},{\"@type\":\"WebSite\",\"@id\":\"https:\/\/lystes.store\/select\/cubanohair\/#website\",\"url\":\"https:\/\/lystes.store\/select\/cubanohair\/\",\"name\":\"Cubano Hair\",\"description\":\"L&#039;excellence sinon rien\",\"potentialAction\":[{\"@type\":\"SearchAction\",\"target\":{\"@type\":\"EntryPoint\",\"urlTemplate\":\"https:\/\/lystes.store\/select\/cubanohair\/?s={search_term_string}\"},\"query-input\":{\"@type\":\"PropertyValueSpecification\",\"valueRequired\":true,\"valueName\":\"search_term_string\"}}],\"inLanguage\":\"fr-FR\"}]}<\/script>\n<!-- \/ Yoast SEO plugin. -->","yoast_head_json":{"title":"Tissage Premium Blond Raw Hair Indon\u00e9sien - Cubano Hair","robots":{"index":"index","follow":"follow","max-snippet":"max-snippet:-1","max-image-preview":"max-image-preview:large","max-video-preview":"max-video-preview:-1"},"canonical":"https:\/\/lystes.store\/select\/cubanohair\/product\/tissage-premium-blond-raw-hair-indonesien\/","og_locale":"fr_FR","og_type":"article","og_title":"Tissage Premium Blond Raw Hair Indon\u00e9sien - Cubano Hair","og_description":"Nos tissages blonds Raw Hair sont des m\u00e8ches malaisiennes compos\u00e9es de cheveux 100% naturels et vierges. Il faudra 2 \u00e0 4 paquets pour r\u00e9aliser une coupe. Diff\u00e9rentes tailles sont disponibles selon la longueur d\u00e9sir\u00e9e. Nos Tissages blonds Raw Hair sont disponibles en Body wave, Curly wave, Deep wave, Kinky curly, Lisse, Loose wave et Water wave.  [av_font_icon icon='ue859' font='fontello' style='' caption='' size='20px' position='left' color='#ffffff;' link='manually,https:\/\/www.cubano-house.com\/categorie-produit\/perruques\/confection-closure\/' linktarget='' animation='' id='' custom_class='' av_uid='' admin_preview_bg=''][\/av_font_icon]Si vous voulez confectionner votre perruque, cliquez ici pour personnaliser votre choix Possibilit\u00e9 de colorer, lisser, boucler au fer.","og_url":"https:\/\/lystes.store\/select\/cubanohair\/product\/tissage-premium-blond-raw-hair-indonesien\/","og_site_name":"Cubano Hair","article_modified_time":"2025-07-25T13:34:46+00:00","twitter_card":"summary_large_image","schema":{"@context":"https:\/\/schema.org","@graph":[{"@type":"WebPage","@id":"https:\/\/lystes.store\/select\/cubanohair\/product\/tissage-premium-blond-raw-hair-indonesien\/","url":"https:\/\/lystes.store\/select\/cubanohair\/product\/tissage-premium-blond-raw-hair-indonesien\/","name":"Tissage Premium Blond Raw Hair Indon\u00e9sien - Cubano Hair","isPartOf":{"@id":"https:\/\/lystes.store\/select\/cubanohair\/#website"},"primaryImageOfPage":{"@id":"https:\/\/lystes.store\/select\/cubanohair\/product\/tissage-premium-blond-raw-hair-indonesien\/#primaryimage"},"image":{"@id":"https:\/\/lystes.store\/select\/cubanohair\/product\/tissage-premium-blond-raw-hair-indonesien\/#primaryimage"},"thumbnailUrl":"https:\/\/i0.wp.com\/lystes.store\/select\/cubanohair\/wp-content\/uploads\/sites\/16\/2025\/07\/Tissage-Raw-Hair-Lisse-Blond-Cubano-Hair.png?fit=800%2C800&ssl=1","datePublished":"2025-07-25T13:34:08+00:00","dateModified":"2025-07-25T13:34:46+00:00","breadcrumb":{"@id":"https:\/\/lystes.store\/select\/cubanohair\/product\/tissage-premium-blond-raw-hair-indonesien\/#breadcrumb"},"inLanguage":"fr-FR","potentialAction":[{"@type":"ReadAction","target":["https:\/\/lystes.store\/select\/cubanohair\/product\/tissage-premium-blond-raw-hair-indonesien\/"]}]},{"@type":"ImageObject","inLanguage":"fr-FR","@id":"https:\/\/lystes.store\/select\/cubanohair\/product\/tissage-premium-blond-raw-hair-indonesien\/#primaryimage","url":"https:\/\/i0.wp.com\/lystes.store\/select\/cubanohair\/wp-content\/uploads\/sites\/16\/2025\/07\/Tissage-Raw-Hair-Lisse-Blond-Cubano-Hair.png?fit=800%2C800&ssl=1","contentUrl":"https:\/\/i0.wp.com\/lystes.store\/select\/cubanohair\/wp-content\/uploads\/sites\/16\/2025\/07\/Tissage-Raw-Hair-Lisse-Blond-Cubano-Hair.png?fit=800%2C800&ssl=1","width":800,"height":800},{"@type":"BreadcrumbList","@id":"https:\/\/lystes.store\/select\/cubanohair\/product\/tissage-premium-blond-raw-hair-indonesien\/#breadcrumb","itemListElement":[{"@type":"ListItem","position":1,"name":"Accueil","item":"https:\/\/lystes.store\/select\/cubanohair\/"},{"@type":"ListItem","position":2,"name":"Boutique","item":"https:\/\/lystes.store\/select\/cubanohair\/boutique\/"},{"@type":"ListItem","position":3,"name":"Tissage Premium Blond Raw Hair Indon\u00e9sien"}]},{"@type":"WebSite","@id":"https:\/\/lystes.store\/select\/cubanohair\/#website","url":"https:\/\/lystes.store\/select\/cubanohair\/","name":"Cubano Hair","description":"L&#039;excellence sinon rien","potentialAction":[{"@type":"SearchAction","target":{"@type":"EntryPoint","urlTemplate":"https:\/\/lystes.store\/select\/cubanohair\/?s={search_term_string}"},"query-input":{"@type":"PropertyValueSpecification","valueRequired":true,"valueName":"search_term_string"}}],"inLanguage":"fr-FR"}]}},"_links":{"self":[{"href":"https:\/\/lystes.store\/select\/cubanohair\/wp-json\/wp\/v2\/product\/119318","targetHints":{"allow":["GET"]}}],"collection":[{"href":"https:\/\/lystes.store\/select\/cubanohair\/wp-json\/wp\/v2\/product"}],"about":[{"href":"https:\/\/lystes.store\/select\/cubanohair\/wp-json\/wp\/v2\/types\/product"}],"replies":[{"embeddable":true,"href":"https:\/\/lystes.store\/select\/cubanohair\/wp-json\/wp\/v2\/comments?post=119318"}],"wp:featuredmedia":[{"embeddable":true,"href":"https:\/\/lystes.store\/select\/cubanohair\/wp-json\/wp\/v2\/media\/119333"}],"wp:attachment":[{"href":"https:\/\/lystes.store\/select\/cubanohair\/wp-json\/wp\/v2\/media?parent=119318"}],"wp:term":[{"taxonomy":"product_brand","embeddable":true,"href":"https:\/\/lystes.store\/select\/cubanohair\/wp-json\/wp\/v2\/product_brand?post=119318"},{"taxonomy":"product_cat","embeddable":true,"href":"https:\/\/lystes.store\/select\/cubanohair\/wp-json\/wp\/v2\/product_cat?post=119318"},{"taxonomy":"product_tag","embeddable":true,"href":"https:\/\/lystes.store\/select\/cubanohair\/wp-json\/wp\/v2\/product_tag?post=119318"}],"curies":[{"name":"wp","href":"https:\/\/api.w.org\/{rel}","templated":true}]}}