{"id":119292,"date":"2025-07-25T15:34:04","date_gmt":"2025-07-25T13:34:04","guid":{"rendered":"https:\/\/lystes.store\/select\/cubanohair\/?post_type=product&#038;p=119292"},"modified":"2025-07-25T15:34:10","modified_gmt":"2025-07-25T13:34:10","slug":"peigne-chauffant","status":"publish","type":"product","link":"https:\/\/lystes.store\/select\/cubanohair\/product\/peigne-chauffant\/","title":{"rendered":"Peigne chauffant"},"content":{"rendered":"<p><strong>Mise en garde :<\/strong><\/p>\n<p>\u00c9viter tout contact avec la peau ou le cuir chevelu : risque de br\u00fblures.<\/p>\n<p>Ne pas utiliser le peigne avec des produits inflammables (soin cheveux ou autres).<\/p>\n<p>Tenir le peigne \u00e0 distance des produits inflammables.<\/p>\n<p>Nettoyer le peigne avant et apr\u00e8s chaque utilisation.<\/p>\n<p><strong>Caract\u00e9ristiques :<\/strong><br \/>\nPeigne \u00e9lectrique avec temp\u00e9rature contr\u00f4l\u00e9e. Peigne droit \u00e0 dents larges et espac\u00e9es pour cheveux cr\u00e9pus.<\/p>\n","protected":false},"excerpt":{"rendered":"<p>Le peigne chauffant permet d\u2019 assouplir vos cheveux en quelques minutes.<br \/>\nLa chaleur d\u00e9tend et lisse les cheveux boucl\u00e9s, cr\u00e9pus sans les casser ou les arracher.<\/p>\n","protected":false},"featured_media":119322,"comment_status":"open","ping_status":"closed","template":"","meta":[],"product_brand":[],"product_cat":[1100],"product_tag":[],"class_list":{"0":"post-119292","1":"product","2":"type-product","3":"status-publish","4":"has-post-thumbnail","6":"product_cat-accessoires","8":"first","9":"outofstock","10":"taxable","11":"shipping-taxable","12":"purchasable","13":"product-type-simple"},"acf":[],"yoast_head":"<!-- This site is optimized with the Yoast SEO plugin v25.3.1 - https:\/\/yoast.com\/wordpress\/plugins\/seo\/ -->\n<title>Peigne chauffant - Cubano Hair<\/title>\n<meta name=\"robots\" content=\"index, follow, max-snippet:-1, max-image-preview:large, max-video-preview:-1\" \/>\n<link rel=\"canonical\" href=\"https:\/\/lystes.store\/select\/cubanohair\/product\/peigne-chauffant\/\" \/>\n<meta property=\"og:locale\" content=\"fr_FR\" \/>\n<meta property=\"og:type\" content=\"article\" \/>\n<meta property=\"og:title\" content=\"Peigne chauffant - Cubano Hair\" \/>\n<meta property=\"og:description\" content=\"Le peigne chauffant permet d\u2019 assouplir vos cheveux en quelques minutes. La chaleur d\u00e9tend et lisse les cheveux boucl\u00e9s, cr\u00e9pus sans les casser ou les arracher.\" \/>\n<meta property=\"og:url\" content=\"https:\/\/lystes.store\/select\/cubanohair\/product\/peigne-chauffant\/\" \/>\n<meta property=\"og:site_name\" content=\"Cubano Hair\" \/>\n<meta property=\"article:modified_time\" content=\"2025-07-25T13:34:10+00:00\" \/>\n<meta name=\"twitter:card\" content=\"summary_large_image\" \/>\n<script type=\"application\/ld+json\" class=\"yoast-schema-graph\">{\"@context\":\"https:\/\/schema.org\",\"@graph\":[{\"@type\":\"WebPage\",\"@id\":\"https:\/\/lystes.store\/select\/cubanohair\/product\/peigne-chauffant\/\",\"url\":\"https:\/\/lystes.store\/select\/cubanohair\/product\/peigne-chauffant\/\",\"name\":\"Peigne chauffant - Cubano Hair\",\"isPartOf\":{\"@id\":\"https:\/\/lystes.store\/select\/cubanohair\/#website\"},\"primaryImageOfPage\":{\"@id\":\"https:\/\/lystes.store\/select\/cubanohair\/product\/peigne-chauffant\/#primaryimage\"},\"image\":{\"@id\":\"https:\/\/lystes.store\/select\/cubanohair\/product\/peigne-chauffant\/#primaryimage\"},\"thumbnailUrl\":\"https:\/\/i0.wp.com\/lystes.store\/select\/cubanohair\/wp-content\/uploads\/sites\/16\/2025\/07\/Peigne-chauffant-Cubano-Hair-2Paris.jpg?fit=800%2C800&ssl=1\",\"datePublished\":\"2025-07-25T13:34:04+00:00\",\"dateModified\":\"2025-07-25T13:34:10+00:00\",\"breadcrumb\":{\"@id\":\"https:\/\/lystes.store\/select\/cubanohair\/product\/peigne-chauffant\/#breadcrumb\"},\"inLanguage\":\"fr-FR\",\"potentialAction\":[{\"@type\":\"ReadAction\",\"target\":[\"https:\/\/lystes.store\/select\/cubanohair\/product\/peigne-chauffant\/\"]}]},{\"@type\":\"ImageObject\",\"inLanguage\":\"fr-FR\",\"@id\":\"https:\/\/lystes.store\/select\/cubanohair\/product\/peigne-chauffant\/#primaryimage\",\"url\":\"https:\/\/i0.wp.com\/lystes.store\/select\/cubanohair\/wp-content\/uploads\/sites\/16\/2025\/07\/Peigne-chauffant-Cubano-Hair-2Paris.jpg?fit=800%2C800&ssl=1\",\"contentUrl\":\"https:\/\/i0.wp.com\/lystes.store\/select\/cubanohair\/wp-content\/uploads\/sites\/16\/2025\/07\/Peigne-chauffant-Cubano-Hair-2Paris.jpg?fit=800%2C800&ssl=1\",\"width\":800,\"height\":800},{\"@type\":\"BreadcrumbList\",\"@id\":\"https:\/\/lystes.store\/select\/cubanohair\/product\/peigne-chauffant\/#breadcrumb\",\"itemListElement\":[{\"@type\":\"ListItem\",\"position\":1,\"name\":\"Accueil\",\"item\":\"https:\/\/lystes.store\/select\/cubanohair\/\"},{\"@type\":\"ListItem\",\"position\":2,\"name\":\"Boutique\",\"item\":\"https:\/\/lystes.store\/select\/cubanohair\/boutique\/\"},{\"@type\":\"ListItem\",\"position\":3,\"name\":\"Peigne chauffant\"}]},{\"@type\":\"WebSite\",\"@id\":\"https:\/\/lystes.store\/select\/cubanohair\/#website\",\"url\":\"https:\/\/lystes.store\/select\/cubanohair\/\",\"name\":\"Cubano Hair\",\"description\":\"L&#039;excellence sinon rien\",\"potentialAction\":[{\"@type\":\"SearchAction\",\"target\":{\"@type\":\"EntryPoint\",\"urlTemplate\":\"https:\/\/lystes.store\/select\/cubanohair\/?s={search_term_string}\"},\"query-input\":{\"@type\":\"PropertyValueSpecification\",\"valueRequired\":true,\"valueName\":\"search_term_string\"}}],\"inLanguage\":\"fr-FR\"}]}<\/script>\n<!-- \/ Yoast SEO plugin. -->","yoast_head_json":{"title":"Peigne chauffant - Cubano Hair","robots":{"index":"index","follow":"follow","max-snippet":"max-snippet:-1","max-image-preview":"max-image-preview:large","max-video-preview":"max-video-preview:-1"},"canonical":"https:\/\/lystes.store\/select\/cubanohair\/product\/peigne-chauffant\/","og_locale":"fr_FR","og_type":"article","og_title":"Peigne chauffant - Cubano Hair","og_description":"Le peigne chauffant permet d\u2019 assouplir vos cheveux en quelques minutes. La chaleur d\u00e9tend et lisse les cheveux boucl\u00e9s, cr\u00e9pus sans les casser ou les arracher.","og_url":"https:\/\/lystes.store\/select\/cubanohair\/product\/peigne-chauffant\/","og_site_name":"Cubano Hair","article_modified_time":"2025-07-25T13:34:10+00:00","twitter_card":"summary_large_image","schema":{"@context":"https:\/\/schema.org","@graph":[{"@type":"WebPage","@id":"https:\/\/lystes.store\/select\/cubanohair\/product\/peigne-chauffant\/","url":"https:\/\/lystes.store\/select\/cubanohair\/product\/peigne-chauffant\/","name":"Peigne chauffant - Cubano Hair","isPartOf":{"@id":"https:\/\/lystes.store\/select\/cubanohair\/#website"},"primaryImageOfPage":{"@id":"https:\/\/lystes.store\/select\/cubanohair\/product\/peigne-chauffant\/#primaryimage"},"image":{"@id":"https:\/\/lystes.store\/select\/cubanohair\/product\/peigne-chauffant\/#primaryimage"},"thumbnailUrl":"https:\/\/i0.wp.com\/lystes.store\/select\/cubanohair\/wp-content\/uploads\/sites\/16\/2025\/07\/Peigne-chauffant-Cubano-Hair-2Paris.jpg?fit=800%2C800&ssl=1","datePublished":"2025-07-25T13:34:04+00:00","dateModified":"2025-07-25T13:34:10+00:00","breadcrumb":{"@id":"https:\/\/lystes.store\/select\/cubanohair\/product\/peigne-chauffant\/#breadcrumb"},"inLanguage":"fr-FR","potentialAction":[{"@type":"ReadAction","target":["https:\/\/lystes.store\/select\/cubanohair\/product\/peigne-chauffant\/"]}]},{"@type":"ImageObject","inLanguage":"fr-FR","@id":"https:\/\/lystes.store\/select\/cubanohair\/product\/peigne-chauffant\/#primaryimage","url":"https:\/\/i0.wp.com\/lystes.store\/select\/cubanohair\/wp-content\/uploads\/sites\/16\/2025\/07\/Peigne-chauffant-Cubano-Hair-2Paris.jpg?fit=800%2C800&ssl=1","contentUrl":"https:\/\/i0.wp.com\/lystes.store\/select\/cubanohair\/wp-content\/uploads\/sites\/16\/2025\/07\/Peigne-chauffant-Cubano-Hair-2Paris.jpg?fit=800%2C800&ssl=1","width":800,"height":800},{"@type":"BreadcrumbList","@id":"https:\/\/lystes.store\/select\/cubanohair\/product\/peigne-chauffant\/#breadcrumb","itemListElement":[{"@type":"ListItem","position":1,"name":"Accueil","item":"https:\/\/lystes.store\/select\/cubanohair\/"},{"@type":"ListItem","position":2,"name":"Boutique","item":"https:\/\/lystes.store\/select\/cubanohair\/boutique\/"},{"@type":"ListItem","position":3,"name":"Peigne chauffant"}]},{"@type":"WebSite","@id":"https:\/\/lystes.store\/select\/cubanohair\/#website","url":"https:\/\/lystes.store\/select\/cubanohair\/","name":"Cubano Hair","description":"L&#039;excellence sinon rien","potentialAction":[{"@type":"SearchAction","target":{"@type":"EntryPoint","urlTemplate":"https:\/\/lystes.store\/select\/cubanohair\/?s={search_term_string}"},"query-input":{"@type":"PropertyValueSpecification","valueRequired":true,"valueName":"search_term_string"}}],"inLanguage":"fr-FR"}]}},"_links":{"self":[{"href":"https:\/\/lystes.store\/select\/cubanohair\/wp-json\/wp\/v2\/product\/119292","targetHints":{"allow":["GET"]}}],"collection":[{"href":"https:\/\/lystes.store\/select\/cubanohair\/wp-json\/wp\/v2\/product"}],"about":[{"href":"https:\/\/lystes.store\/select\/cubanohair\/wp-json\/wp\/v2\/types\/product"}],"replies":[{"embeddable":true,"href":"https:\/\/lystes.store\/select\/cubanohair\/wp-json\/wp\/v2\/comments?post=119292"}],"wp:featuredmedia":[{"embeddable":true,"href":"https:\/\/lystes.store\/select\/cubanohair\/wp-json\/wp\/v2\/media\/119322"}],"wp:attachment":[{"href":"https:\/\/lystes.store\/select\/cubanohair\/wp-json\/wp\/v2\/media?parent=119292"}],"wp:term":[{"taxonomy":"product_brand","embeddable":true,"href":"https:\/\/lystes.store\/select\/cubanohair\/wp-json\/wp\/v2\/product_brand?post=119292"},{"taxonomy":"product_cat","embeddable":true,"href":"https:\/\/lystes.store\/select\/cubanohair\/wp-json\/wp\/v2\/product_cat?post=119292"},{"taxonomy":"product_tag","embeddable":true,"href":"https:\/\/lystes.store\/select\/cubanohair\/wp-json\/wp\/v2\/product_tag?post=119292"}],"curies":[{"name":"wp","href":"https:\/\/api.w.org\/{rel}","templated":true}]}}