{"id":119290,"date":"2025-07-25T15:34:04","date_gmt":"2025-07-25T13:34:04","guid":{"rendered":"https:\/\/lystes.store\/select\/cubanohair\/?post_type=product&#038;p=119290"},"modified":"2025-07-25T15:34:08","modified_gmt":"2025-07-25T13:34:08","slug":"colle-bold-hold-active","status":"publish","type":"product","link":"https:\/\/lystes.store\/select\/cubanohair\/product\/colle-bold-hold-active\/","title":{"rendered":"Colle Bold Hold Active"},"content":{"rendered":"<p>Tr\u00e8s efficace, \u00e0 utiliser en tr\u00e8s petite quantit\u00e9, pas d&rsquo;odeur<\/p>\n<p>Colle efficace pour la peau grasse<\/p>\n<p>Pas d\u2019odeur, non toxique<\/p>\n","protected":false},"excerpt":{"rendered":"<p>La Colle Bold Hold Active est une r\u00e9f\u00e9rence en termes de colles capillaires longue tenue. Elle est d\u00e9sormais plus r\u00e9sistante \u00e0 l\u2019humidit\u00e9 et \u00e0 la chaleur. Une colle r\u00e9volutionnaire qui supporte \u00e9galement l&#8217;eau.<br \/>\nGr\u00e2ce \u00e0 la colle Bold Hold Active, votre pose peut tenir plusieurs jours.<br \/>\n<strong>Bold Hold Active<\/strong> : Parfaite si vous rencontrez des probl\u00e8mes de transpiration ou si vous faites du sport, votre alli\u00e9 id\u00e9al en \u00e9t\u00e9.<\/p>\n","protected":false},"featured_media":119320,"comment_status":"open","ping_status":"closed","template":"","meta":[],"product_brand":[],"product_cat":[1100],"product_tag":[],"class_list":{"0":"post-119290","1":"product","2":"type-product","3":"status-publish","4":"has-post-thumbnail","6":"product_cat-accessoires","8":"first","9":"instock","10":"taxable","11":"shipping-taxable","12":"purchasable","13":"product-type-simple"},"acf":[],"yoast_head":"<!-- This site is optimized with the Yoast SEO plugin v25.3.1 - https:\/\/yoast.com\/wordpress\/plugins\/seo\/ -->\n<title>Colle Bold Hold Active - Cubano Hair<\/title>\n<meta name=\"robots\" content=\"index, follow, max-snippet:-1, max-image-preview:large, max-video-preview:-1\" \/>\n<link rel=\"canonical\" href=\"https:\/\/lystes.store\/select\/cubanohair\/product\/colle-bold-hold-active\/\" \/>\n<meta property=\"og:locale\" content=\"fr_FR\" \/>\n<meta property=\"og:type\" content=\"article\" \/>\n<meta property=\"og:title\" content=\"Colle Bold Hold Active - Cubano Hair\" \/>\n<meta property=\"og:description\" content=\"La Colle Bold Hold Active est une r\u00e9f\u00e9rence en termes de colles capillaires longue tenue. Elle est d\u00e9sormais plus r\u00e9sistante \u00e0 l\u2019humidit\u00e9 et \u00e0 la chaleur. Une colle r\u00e9volutionnaire qui supporte \u00e9galement l&#8217;eau. Gr\u00e2ce \u00e0 la colle Bold Hold Active, votre pose peut tenir plusieurs jours. Bold Hold Active : Parfaite si vous rencontrez des probl\u00e8mes de transpiration ou si vous faites du sport, votre alli\u00e9 id\u00e9al en \u00e9t\u00e9.\" \/>\n<meta property=\"og:url\" content=\"https:\/\/lystes.store\/select\/cubanohair\/product\/colle-bold-hold-active\/\" \/>\n<meta property=\"og:site_name\" content=\"Cubano Hair\" \/>\n<meta property=\"article:modified_time\" content=\"2025-07-25T13:34:08+00:00\" \/>\n<meta name=\"twitter:card\" content=\"summary_large_image\" \/>\n<script type=\"application\/ld+json\" class=\"yoast-schema-graph\">{\"@context\":\"https:\/\/schema.org\",\"@graph\":[{\"@type\":\"WebPage\",\"@id\":\"https:\/\/lystes.store\/select\/cubanohair\/product\/colle-bold-hold-active\/\",\"url\":\"https:\/\/lystes.store\/select\/cubanohair\/product\/colle-bold-hold-active\/\",\"name\":\"Colle Bold Hold Active - Cubano Hair\",\"isPartOf\":{\"@id\":\"https:\/\/lystes.store\/select\/cubanohair\/#website\"},\"primaryImageOfPage\":{\"@id\":\"https:\/\/lystes.store\/select\/cubanohair\/product\/colle-bold-hold-active\/#primaryimage\"},\"image\":{\"@id\":\"https:\/\/lystes.store\/select\/cubanohair\/product\/colle-bold-hold-active\/#primaryimage\"},\"thumbnailUrl\":\"https:\/\/i0.wp.com\/lystes.store\/select\/cubanohair\/wp-content\/uploads\/sites\/16\/2025\/07\/Colle-waterproof-Cubano-Hair.jpg?fit=800%2C800&ssl=1\",\"datePublished\":\"2025-07-25T13:34:04+00:00\",\"dateModified\":\"2025-07-25T13:34:08+00:00\",\"breadcrumb\":{\"@id\":\"https:\/\/lystes.store\/select\/cubanohair\/product\/colle-bold-hold-active\/#breadcrumb\"},\"inLanguage\":\"fr-FR\",\"potentialAction\":[{\"@type\":\"ReadAction\",\"target\":[\"https:\/\/lystes.store\/select\/cubanohair\/product\/colle-bold-hold-active\/\"]}]},{\"@type\":\"ImageObject\",\"inLanguage\":\"fr-FR\",\"@id\":\"https:\/\/lystes.store\/select\/cubanohair\/product\/colle-bold-hold-active\/#primaryimage\",\"url\":\"https:\/\/i0.wp.com\/lystes.store\/select\/cubanohair\/wp-content\/uploads\/sites\/16\/2025\/07\/Colle-waterproof-Cubano-Hair.jpg?fit=800%2C800&ssl=1\",\"contentUrl\":\"https:\/\/i0.wp.com\/lystes.store\/select\/cubanohair\/wp-content\/uploads\/sites\/16\/2025\/07\/Colle-waterproof-Cubano-Hair.jpg?fit=800%2C800&ssl=1\",\"width\":800,\"height\":800},{\"@type\":\"BreadcrumbList\",\"@id\":\"https:\/\/lystes.store\/select\/cubanohair\/product\/colle-bold-hold-active\/#breadcrumb\",\"itemListElement\":[{\"@type\":\"ListItem\",\"position\":1,\"name\":\"Accueil\",\"item\":\"https:\/\/lystes.store\/select\/cubanohair\/\"},{\"@type\":\"ListItem\",\"position\":2,\"name\":\"Boutique\",\"item\":\"https:\/\/lystes.store\/select\/cubanohair\/boutique\/\"},{\"@type\":\"ListItem\",\"position\":3,\"name\":\"Colle Bold Hold Active\"}]},{\"@type\":\"WebSite\",\"@id\":\"https:\/\/lystes.store\/select\/cubanohair\/#website\",\"url\":\"https:\/\/lystes.store\/select\/cubanohair\/\",\"name\":\"Cubano Hair\",\"description\":\"L&#039;excellence sinon rien\",\"potentialAction\":[{\"@type\":\"SearchAction\",\"target\":{\"@type\":\"EntryPoint\",\"urlTemplate\":\"https:\/\/lystes.store\/select\/cubanohair\/?s={search_term_string}\"},\"query-input\":{\"@type\":\"PropertyValueSpecification\",\"valueRequired\":true,\"valueName\":\"search_term_string\"}}],\"inLanguage\":\"fr-FR\"}]}<\/script>\n<!-- \/ Yoast SEO plugin. -->","yoast_head_json":{"title":"Colle Bold Hold Active - Cubano Hair","robots":{"index":"index","follow":"follow","max-snippet":"max-snippet:-1","max-image-preview":"max-image-preview:large","max-video-preview":"max-video-preview:-1"},"canonical":"https:\/\/lystes.store\/select\/cubanohair\/product\/colle-bold-hold-active\/","og_locale":"fr_FR","og_type":"article","og_title":"Colle Bold Hold Active - Cubano Hair","og_description":"La Colle Bold Hold Active est une r\u00e9f\u00e9rence en termes de colles capillaires longue tenue. Elle est d\u00e9sormais plus r\u00e9sistante \u00e0 l\u2019humidit\u00e9 et \u00e0 la chaleur. Une colle r\u00e9volutionnaire qui supporte \u00e9galement l&#8217;eau. Gr\u00e2ce \u00e0 la colle Bold Hold Active, votre pose peut tenir plusieurs jours. Bold Hold Active : Parfaite si vous rencontrez des probl\u00e8mes de transpiration ou si vous faites du sport, votre alli\u00e9 id\u00e9al en \u00e9t\u00e9.","og_url":"https:\/\/lystes.store\/select\/cubanohair\/product\/colle-bold-hold-active\/","og_site_name":"Cubano Hair","article_modified_time":"2025-07-25T13:34:08+00:00","twitter_card":"summary_large_image","schema":{"@context":"https:\/\/schema.org","@graph":[{"@type":"WebPage","@id":"https:\/\/lystes.store\/select\/cubanohair\/product\/colle-bold-hold-active\/","url":"https:\/\/lystes.store\/select\/cubanohair\/product\/colle-bold-hold-active\/","name":"Colle Bold Hold Active - Cubano Hair","isPartOf":{"@id":"https:\/\/lystes.store\/select\/cubanohair\/#website"},"primaryImageOfPage":{"@id":"https:\/\/lystes.store\/select\/cubanohair\/product\/colle-bold-hold-active\/#primaryimage"},"image":{"@id":"https:\/\/lystes.store\/select\/cubanohair\/product\/colle-bold-hold-active\/#primaryimage"},"thumbnailUrl":"https:\/\/i0.wp.com\/lystes.store\/select\/cubanohair\/wp-content\/uploads\/sites\/16\/2025\/07\/Colle-waterproof-Cubano-Hair.jpg?fit=800%2C800&ssl=1","datePublished":"2025-07-25T13:34:04+00:00","dateModified":"2025-07-25T13:34:08+00:00","breadcrumb":{"@id":"https:\/\/lystes.store\/select\/cubanohair\/product\/colle-bold-hold-active\/#breadcrumb"},"inLanguage":"fr-FR","potentialAction":[{"@type":"ReadAction","target":["https:\/\/lystes.store\/select\/cubanohair\/product\/colle-bold-hold-active\/"]}]},{"@type":"ImageObject","inLanguage":"fr-FR","@id":"https:\/\/lystes.store\/select\/cubanohair\/product\/colle-bold-hold-active\/#primaryimage","url":"https:\/\/i0.wp.com\/lystes.store\/select\/cubanohair\/wp-content\/uploads\/sites\/16\/2025\/07\/Colle-waterproof-Cubano-Hair.jpg?fit=800%2C800&ssl=1","contentUrl":"https:\/\/i0.wp.com\/lystes.store\/select\/cubanohair\/wp-content\/uploads\/sites\/16\/2025\/07\/Colle-waterproof-Cubano-Hair.jpg?fit=800%2C800&ssl=1","width":800,"height":800},{"@type":"BreadcrumbList","@id":"https:\/\/lystes.store\/select\/cubanohair\/product\/colle-bold-hold-active\/#breadcrumb","itemListElement":[{"@type":"ListItem","position":1,"name":"Accueil","item":"https:\/\/lystes.store\/select\/cubanohair\/"},{"@type":"ListItem","position":2,"name":"Boutique","item":"https:\/\/lystes.store\/select\/cubanohair\/boutique\/"},{"@type":"ListItem","position":3,"name":"Colle Bold Hold Active"}]},{"@type":"WebSite","@id":"https:\/\/lystes.store\/select\/cubanohair\/#website","url":"https:\/\/lystes.store\/select\/cubanohair\/","name":"Cubano Hair","description":"L&#039;excellence sinon rien","potentialAction":[{"@type":"SearchAction","target":{"@type":"EntryPoint","urlTemplate":"https:\/\/lystes.store\/select\/cubanohair\/?s={search_term_string}"},"query-input":{"@type":"PropertyValueSpecification","valueRequired":true,"valueName":"search_term_string"}}],"inLanguage":"fr-FR"}]}},"_links":{"self":[{"href":"https:\/\/lystes.store\/select\/cubanohair\/wp-json\/wp\/v2\/product\/119290","targetHints":{"allow":["GET"]}}],"collection":[{"href":"https:\/\/lystes.store\/select\/cubanohair\/wp-json\/wp\/v2\/product"}],"about":[{"href":"https:\/\/lystes.store\/select\/cubanohair\/wp-json\/wp\/v2\/types\/product"}],"replies":[{"embeddable":true,"href":"https:\/\/lystes.store\/select\/cubanohair\/wp-json\/wp\/v2\/comments?post=119290"}],"wp:featuredmedia":[{"embeddable":true,"href":"https:\/\/lystes.store\/select\/cubanohair\/wp-json\/wp\/v2\/media\/119320"}],"wp:attachment":[{"href":"https:\/\/lystes.store\/select\/cubanohair\/wp-json\/wp\/v2\/media?parent=119290"}],"wp:term":[{"taxonomy":"product_brand","embeddable":true,"href":"https:\/\/lystes.store\/select\/cubanohair\/wp-json\/wp\/v2\/product_brand?post=119290"},{"taxonomy":"product_cat","embeddable":true,"href":"https:\/\/lystes.store\/select\/cubanohair\/wp-json\/wp\/v2\/product_cat?post=119290"},{"taxonomy":"product_tag","embeddable":true,"href":"https:\/\/lystes.store\/select\/cubanohair\/wp-json\/wp\/v2\/product_tag?post=119290"}],"curies":[{"name":"wp","href":"https:\/\/api.w.org\/{rel}","templated":true}]}}