{"id":51,"date":"2022-01-14T12:28:17","date_gmt":"2022-01-14T11:28:17","guid":{"rendered":"https:\/\/lystes.com\/eyesperfect\/?page_id=51"},"modified":"2025-04-03T11:32:49","modified_gmt":"2025-04-03T09:32:49","slug":"faq","status":"publish","type":"page","link":"https:\/\/lystes.store\/select\/cubanohair\/faq\/","title":{"rendered":"Faq"},"content":{"rendered":"<div class=\"wpb-content-wrapper\">[vc_section full_width=\u00a0\u00bbstretch_row_content\u00a0\u00bb el_class=\u00a0\u00bbvideoservices\u00a0\u00bb][vc_row et_full_width=\u00a0\u00bbtrue\u00a0\u00bb css=\u00a0\u00bb.vc_custom_1656058852298{background-position: center !important;background-repeat: no-repeat !important;background-size: cover !important;}\u00a0\u00bb][vc_column css=\u00a0\u00bb.vc_custom_1642344785539{background-image: url(https:\/\/lystes.com\/emmagencyparis\/wp-content\/uploads\/2022\/01\/gettyimages-1177822590.jpeg?id=749) !important;background-position: center !important;background-repeat: no-repeat !important;background-size: cover !important;}\u00a0\u00bb][vc_empty_space height=\u00a0\u00bb280px\u00a0\u00bb][\/vc_column][\/vc_row][vc_row el_class=\u00a0\u00bbblockoo\u00a0\u00bb][vc_column el_class=\u00a0\u00bbcontainer\u00a0\u00bb][vc_column_text]\n<h4 style=\"text-align: center;\">FAQ<\/h4>\n[\/vc_column_text][vc_column_text]\n<h1 style=\"text-align: center;\">Questions fr\u00e9quentes<\/h1>\n[\/vc_column_text][vc_row_inner css=\u00a0\u00bb.vc_custom_1728816765648{padding-top: 40px !important;}\u00a0\u00bb][vc_column_inner][vc_toggle style=\u00a0\u00bbsimple\u00a0\u00bb title=\u00a0\u00bbComment fonctionne votre syst\u00e8me de paiement en plusieurs fois ?\u00a0\u00bb]\nNous offrons diff\u00e9rentes solutions de paiement fractionn\u00e9, vous permettant de r\u00e9gler vos achats en plusieurs \u00e9ch\u00e9ances, sans frais cach\u00e9s. Tous les d\u00e9tails sont disponibles dans nos Conditions G\u00e9n\u00e9rales de Vente.<br \/>\n[\/vc_toggle][vc_toggle style=\u00a0\u00bbsimple\u00a0\u00bb title=\u00a0\u00bbQuels sont les d\u00e9lais et frais de livraison ?\u00a0\u00bb]\nNous livrons \u00e0 l\u2019international, avec des d\u00e9lais estimatifs de 2 \u00e0 15 jours ouvr\u00e9s selon la destination. Les frais de livraison sont calcul\u00e9s en fonction du poids, du volume de la commande et de la zone g\u00e9ographique. Ils sont clairement indiqu\u00e9s avant la validation de votre achat.<br \/>\n[\/vc_toggle][vc_toggle style=\u00a0\u00bbsimple\u00a0\u00bb title=\u00a0\u00bbProposez-vous des retours et remboursements ?\u00a0\u00bb]\nOui, vous disposez d\u2019un d\u00e9lai l\u00e9gal de 14 jours \u00e0 compter de la r\u00e9ception pour exercer votre droit de r\u00e9tractation. Cependant, certains produits (notamment personnalis\u00e9s ou descell\u00e9s pour des raisons d\u2019hygi\u00e8ne) ne sont pas retournables. Consultez notre Politique de Retour pour plus d\u2019informations.<br \/>\n[\/vc_toggle][vc_toggle style=\u00a0\u00bbsimple\u00a0\u00bb title=\u00a0\u00bbComment puis-je suivre ma commande ?\u00a0\u00bb]\nUne fois votre commande exp\u00e9di\u00e9e, vous recevrez un num\u00e9ro de suivi par e-mail. Vous pourrez ainsi suivre l\u2019acheminement de votre colis en temps r\u00e9el sur le site du transporteur.<br \/>\n[\/vc_toggle][vc_toggle style=\u00a0\u00bbsimple\u00a0\u00bb title=\u00a0\u00bbQuels modes de paiement acceptez-vous ?\u00a0\u00bb]Nous acceptons les paiements par carte bancaire (Visa, Mastercard). Toutes les transactions sont s\u00e9curis\u00e9es par des syst\u00e8mes de cryptage conformes aux normes internationales.[\/vc_toggle][vc_toggle style=\u00a0\u00bbsimple\u00a0\u00bb title=\u00a0\u00bbPuis-je b\u00e9n\u00e9ficier d\u2019une consultation beaut\u00e9 personnalis\u00e9e ?\u00a0\u00bb]Oui, nous offrons des consultations beaut\u00e9 personnalis\u00e9es. Contactez-nous via notre formulaire de contact afin de fixer un rendez-vous et recevoir un diagnostic adapt\u00e9 \u00e0 vos besoins.[\/vc_toggle][\/vc_column_inner][\/vc_row_inner][\/vc_column][\/vc_row][\/vc_section]\n<\/div>","protected":false},"excerpt":{"rendered":"<p>[vc_section full_width=\u00a0\u00bbstretch_row_content\u00a0\u00bb el_class=\u00a0\u00bbvideoservices\u00a0\u00bb][vc_row et_full_width=\u00a0\u00bbtrue\u00a0\u00bb css=\u00a0\u00bb.vc_custom_1656058852298{background-position: center !important;background-repeat: no-repeat !important;background-size: cover !important;}\u00a0\u00bb][vc_column css=\u00a0\u00bb.vc_custom_1642344785539{background-image: url(https:\/\/lystes.com\/emmagencyparis\/wp-content\/uploads\/2022\/01\/gettyimages-1177822590.jpeg?id=749) !important;background-position: center !important;background-repeat: no-repeat !important;background-size: cover !important;}\u00a0\u00bb][vc_empty_space height=\u00a0\u00bb280px\u00a0\u00bb][\/vc_column][\/vc_row][vc_row el_class=\u00a0\u00bbblockoo\u00a0\u00bb][vc_column el_class=\u00a0\u00bbcontainer\u00a0\u00bb][vc_column_text] FAQ [\/vc_column_text][vc_column_text] Questions fr\u00e9quentes [\/vc_column_text][vc_row_inner css=\u00a0\u00bb.vc_custom_1728816765648{padding-top: 40px !important;}\u00a0\u00bb][vc_column_inner][vc_toggle style=\u00a0\u00bbsimple\u00a0\u00bb title=\u00a0\u00bbComment fonctionne votre syst\u00e8me de paiement en plusieurs fois ?\u00a0\u00bb] Nous offrons diff\u00e9rentes solutions de paiement fractionn\u00e9, vous [&hellip;]<\/p>\n","protected":false},"author":1,"featured_media":0,"parent":0,"menu_order":0,"comment_status":"closed","ping_status":"closed","template":"","meta":{"footnotes":""},"class_list":["post-51","page","type-page","status-publish","hentry"],"acf":[],"yoast_head":"<!-- This site is optimized with the Yoast SEO plugin v25.3.1 - https:\/\/yoast.com\/wordpress\/plugins\/seo\/ -->\n<title>Faq - Cubano Hair<\/title>\n<meta name=\"robots\" content=\"index, follow, max-snippet:-1, max-image-preview:large, max-video-preview:-1\" \/>\n<link rel=\"canonical\" href=\"https:\/\/lystes.store\/select\/cubanohair\/faq\/\" \/>\n<meta property=\"og:locale\" content=\"fr_FR\" \/>\n<meta property=\"og:type\" content=\"article\" \/>\n<meta property=\"og:title\" content=\"Faq - Cubano Hair\" \/>\n<meta property=\"og:description\" content=\"[vc_section full_width=\u00a0\u00bbstretch_row_content\u00a0\u00bb el_class=\u00a0\u00bbvideoservices\u00a0\u00bb][vc_row et_full_width=\u00a0\u00bbtrue\u00a0\u00bb css=\u00a0\u00bb.vc_custom_1656058852298{background-position: center !important;background-repeat: no-repeat !important;background-size: cover !important;}\u00a0\u00bb][vc_column css=\u00a0\u00bb.vc_custom_1642344785539{background-image: url(https:\/\/lystes.com\/emmagencyparis\/wp-content\/uploads\/2022\/01\/gettyimages-1177822590.jpeg?id=749) !important;background-position: center !important;background-repeat: no-repeat !important;background-size: cover !important;}\u00a0\u00bb][vc_empty_space height=\u00a0\u00bb280px\u00a0\u00bb][\/vc_column][\/vc_row][vc_row el_class=\u00a0\u00bbblockoo\u00a0\u00bb][vc_column el_class=\u00a0\u00bbcontainer\u00a0\u00bb][vc_column_text] FAQ [\/vc_column_text][vc_column_text] Questions fr\u00e9quentes [\/vc_column_text][vc_row_inner css=\u00a0\u00bb.vc_custom_1728816765648{padding-top: 40px !important;}\u00a0\u00bb][vc_column_inner][vc_toggle style=\u00a0\u00bbsimple\u00a0\u00bb title=\u00a0\u00bbComment fonctionne votre syst\u00e8me de paiement en plusieurs fois ?\u00a0\u00bb] Nous offrons diff\u00e9rentes solutions de paiement fractionn\u00e9, vous [&hellip;]\" \/>\n<meta property=\"og:url\" content=\"https:\/\/lystes.store\/select\/cubanohair\/faq\/\" \/>\n<meta property=\"og:site_name\" content=\"Cubano Hair\" \/>\n<meta property=\"article:modified_time\" content=\"2025-04-03T09:32:49+00:00\" \/>\n<meta name=\"twitter:card\" content=\"summary_large_image\" \/>\n<meta name=\"twitter:label1\" content=\"Dur\u00e9e de lecture estim\u00e9e\" \/>\n\t<meta name=\"twitter:data1\" content=\"2 minutes\" \/>\n<script type=\"application\/ld+json\" class=\"yoast-schema-graph\">{\"@context\":\"https:\/\/schema.org\",\"@graph\":[{\"@type\":\"WebPage\",\"@id\":\"https:\/\/lystes.store\/select\/cubanohair\/faq\/\",\"url\":\"https:\/\/lystes.store\/select\/cubanohair\/faq\/\",\"name\":\"Faq - Cubano Hair\",\"isPartOf\":{\"@id\":\"https:\/\/lystes.store\/select\/cubanohair\/#website\"},\"datePublished\":\"2022-01-14T11:28:17+00:00\",\"dateModified\":\"2025-04-03T09:32:49+00:00\",\"breadcrumb\":{\"@id\":\"https:\/\/lystes.store\/select\/cubanohair\/faq\/#breadcrumb\"},\"inLanguage\":\"fr-FR\",\"potentialAction\":[{\"@type\":\"ReadAction\",\"target\":[\"https:\/\/lystes.store\/select\/cubanohair\/faq\/\"]}]},{\"@type\":\"BreadcrumbList\",\"@id\":\"https:\/\/lystes.store\/select\/cubanohair\/faq\/#breadcrumb\",\"itemListElement\":[{\"@type\":\"ListItem\",\"position\":1,\"name\":\"Accueil\",\"item\":\"https:\/\/lystes.store\/select\/cubanohair\/\"},{\"@type\":\"ListItem\",\"position\":2,\"name\":\"Faq\"}]},{\"@type\":\"WebSite\",\"@id\":\"https:\/\/lystes.store\/select\/cubanohair\/#website\",\"url\":\"https:\/\/lystes.store\/select\/cubanohair\/\",\"name\":\"Cubano Hair\",\"description\":\"L&#039;excellence sinon rien\",\"potentialAction\":[{\"@type\":\"SearchAction\",\"target\":{\"@type\":\"EntryPoint\",\"urlTemplate\":\"https:\/\/lystes.store\/select\/cubanohair\/?s={search_term_string}\"},\"query-input\":{\"@type\":\"PropertyValueSpecification\",\"valueRequired\":true,\"valueName\":\"search_term_string\"}}],\"inLanguage\":\"fr-FR\"}]}<\/script>\n<!-- \/ Yoast SEO plugin. -->","yoast_head_json":{"title":"Faq - Cubano Hair","robots":{"index":"index","follow":"follow","max-snippet":"max-snippet:-1","max-image-preview":"max-image-preview:large","max-video-preview":"max-video-preview:-1"},"canonical":"https:\/\/lystes.store\/select\/cubanohair\/faq\/","og_locale":"fr_FR","og_type":"article","og_title":"Faq - Cubano Hair","og_description":"[vc_section full_width=\u00a0\u00bbstretch_row_content\u00a0\u00bb el_class=\u00a0\u00bbvideoservices\u00a0\u00bb][vc_row et_full_width=\u00a0\u00bbtrue\u00a0\u00bb css=\u00a0\u00bb.vc_custom_1656058852298{background-position: center !important;background-repeat: no-repeat !important;background-size: cover !important;}\u00a0\u00bb][vc_column css=\u00a0\u00bb.vc_custom_1642344785539{background-image: url(https:\/\/lystes.com\/emmagencyparis\/wp-content\/uploads\/2022\/01\/gettyimages-1177822590.jpeg?id=749) !important;background-position: center !important;background-repeat: no-repeat !important;background-size: cover !important;}\u00a0\u00bb][vc_empty_space height=\u00a0\u00bb280px\u00a0\u00bb][\/vc_column][\/vc_row][vc_row el_class=\u00a0\u00bbblockoo\u00a0\u00bb][vc_column el_class=\u00a0\u00bbcontainer\u00a0\u00bb][vc_column_text] FAQ [\/vc_column_text][vc_column_text] Questions fr\u00e9quentes [\/vc_column_text][vc_row_inner css=\u00a0\u00bb.vc_custom_1728816765648{padding-top: 40px !important;}\u00a0\u00bb][vc_column_inner][vc_toggle style=\u00a0\u00bbsimple\u00a0\u00bb title=\u00a0\u00bbComment fonctionne votre syst\u00e8me de paiement en plusieurs fois ?\u00a0\u00bb] Nous offrons diff\u00e9rentes solutions de paiement fractionn\u00e9, vous [&hellip;]","og_url":"https:\/\/lystes.store\/select\/cubanohair\/faq\/","og_site_name":"Cubano Hair","article_modified_time":"2025-04-03T09:32:49+00:00","twitter_card":"summary_large_image","twitter_misc":{"Dur\u00e9e de lecture estim\u00e9e":"2 minutes"},"schema":{"@context":"https:\/\/schema.org","@graph":[{"@type":"WebPage","@id":"https:\/\/lystes.store\/select\/cubanohair\/faq\/","url":"https:\/\/lystes.store\/select\/cubanohair\/faq\/","name":"Faq - Cubano Hair","isPartOf":{"@id":"https:\/\/lystes.store\/select\/cubanohair\/#website"},"datePublished":"2022-01-14T11:28:17+00:00","dateModified":"2025-04-03T09:32:49+00:00","breadcrumb":{"@id":"https:\/\/lystes.store\/select\/cubanohair\/faq\/#breadcrumb"},"inLanguage":"fr-FR","potentialAction":[{"@type":"ReadAction","target":["https:\/\/lystes.store\/select\/cubanohair\/faq\/"]}]},{"@type":"BreadcrumbList","@id":"https:\/\/lystes.store\/select\/cubanohair\/faq\/#breadcrumb","itemListElement":[{"@type":"ListItem","position":1,"name":"Accueil","item":"https:\/\/lystes.store\/select\/cubanohair\/"},{"@type":"ListItem","position":2,"name":"Faq"}]},{"@type":"WebSite","@id":"https:\/\/lystes.store\/select\/cubanohair\/#website","url":"https:\/\/lystes.store\/select\/cubanohair\/","name":"Cubano Hair","description":"L&#039;excellence sinon rien","potentialAction":[{"@type":"SearchAction","target":{"@type":"EntryPoint","urlTemplate":"https:\/\/lystes.store\/select\/cubanohair\/?s={search_term_string}"},"query-input":{"@type":"PropertyValueSpecification","valueRequired":true,"valueName":"search_term_string"}}],"inLanguage":"fr-FR"}]}},"_links":{"self":[{"href":"https:\/\/lystes.store\/select\/cubanohair\/wp-json\/wp\/v2\/pages\/51","targetHints":{"allow":["GET"]}}],"collection":[{"href":"https:\/\/lystes.store\/select\/cubanohair\/wp-json\/wp\/v2\/pages"}],"about":[{"href":"https:\/\/lystes.store\/select\/cubanohair\/wp-json\/wp\/v2\/types\/page"}],"author":[{"embeddable":true,"href":"https:\/\/lystes.store\/select\/cubanohair\/wp-json\/wp\/v2\/users\/1"}],"replies":[{"embeddable":true,"href":"https:\/\/lystes.store\/select\/cubanohair\/wp-json\/wp\/v2\/comments?post=51"}],"version-history":[{"count":0,"href":"https:\/\/lystes.store\/select\/cubanohair\/wp-json\/wp\/v2\/pages\/51\/revisions"}],"wp:attachment":[{"href":"https:\/\/lystes.store\/select\/cubanohair\/wp-json\/wp\/v2\/media?parent=51"}],"curies":[{"name":"wp","href":"https:\/\/api.w.org\/{rel}","templated":true}]}}