{"id":114145,"date":"2022-01-14T12:17:44","date_gmt":"2022-01-14T11:17:44","guid":{"rendered":"https:\/\/lystes.store\/select\/concept\/"},"modified":"2025-06-06T11:28:38","modified_gmt":"2025-06-06T09:28:38","slug":"concept","status":"publish","type":"page","link":"https:\/\/lystes.store\/select\/cubanohair\/concept\/","title":{"rendered":"Concept"},"content":{"rendered":"<div class=\"wpb-content-wrapper\">[vc_section full_width=\u00a0\u00bbstretch_row\u00a0\u00bb el_id=\u00a0\u00bbaboutme\u00a0\u00bb css=\u00a0\u00bb.vc_custom_1632589870476{padding-top: 120px !important;background-position: center !important;background-repeat: no-repeat !important;background-size: cover !important;}\u00a0\u00bb][vc_row css=\u00a0\u00bb.vc_custom_1632583444096{padding-top: 45px !important;background-position: center !important;background-repeat: no-repeat !important;background-size: cover !important;}\u00a0\u00bb][vc_column][vc_row_inner el_class=\u00a0\u00bbcontenair\u00a0\u00bb][vc_column_inner width=\u00a0\u00bb1\/2&Prime; css=\u00a0\u00bb.vc_custom_1749045114905{background-image: url(https:\/\/lystes.store\/select\/wp-content\/uploads\/2025\/06\/IMG_6490.jpg?id=119114) !important;background-position: center !important;background-repeat: no-repeat !important;background-size: contain !important;}\u00a0\u00bb][vc_column_text el_id=\u00a0\u00bbvisio\u00a0\u00bb]ABOUT ME[\/vc_column_text][vc_empty_space height=\u00a0\u00bb350px\u00a0\u00bb][\/vc_column_inner][vc_column_inner width=\u00a0\u00bb1\/2&Prime; css=\u00a0\u00bb.vc_custom_1632589765980{padding-left: 70px !important;}\u00a0\u00bb][vc_column_text el_class=\u00a0\u00bbtitlescript\u00a0\u00bb]Concept<\/p>\n<div id=\"gtx-trans\" style=\"position: absolute; left: 169px; top: 38px;\">\n<div class=\"gtx-trans-icon\"><\/div>\n<\/div>\n[\/vc_column_text][vc_column_text]\n<h2>L\u2019exigence au service de votre beaut\u00e9.<\/h2>\n[\/vc_column_text][vc_column_text]\n<p class=\"p1\">Cubano Hair est n\u00e9e d\u2019une ambition claire : cr\u00e9er des soins capillaires qui allient performance exceptionnelle et plaisir sensoriel, sans aucun compromis.<\/p>\n<p class=\"p2\">Chaque formule est con\u00e7ue pour r\u00e9v\u00e9ler la beaut\u00e9 naturelle des cheveux et de la peau, avec des r\u00e9sultats visibles, une application agr\u00e9able et une finition impeccable.<\/p>\n<p class=\"p2\">Derri\u00e8re Cubano Hair, il y a une vision assum\u00e9e de la beaut\u00e9 : <span class=\"s1\">confiante, exigeante et raffin\u00e9e<\/span>.<\/p>\n<p class=\"p2\">Nos soins s\u2019adressent \u00e0 celles et ceux qui savent ce qu\u2019ils attendent de leurs produits : <span class=\"s1\">de l\u2019efficacit\u00e9, de la sensorialit\u00e9, et une vraie diff\u00e9rence d\u00e8s la premi\u00e8re utilisation<\/span>.<\/p>\n<p class=\"p2\">Nous s\u00e9lectionnons des actifs reconnus, des textures nobles et des parfums subtils pour faire de chaque geste de soin un moment de ma\u00eetrise et de plaisir.<\/p>\n<p class=\"p1\"><span class=\"s2\">Notre exigence est simple : <\/span>proposer des soins qui tiennent toutes leurs promesses<span class=\"s2\">.<\/span><\/p>\n<p class=\"p2\"><span class=\"s1\">Cubano Hair<\/span>, c\u2019est l\u2019art de la formulation, la pr\u00e9cision cosm\u00e9tique et l\u2019exigence du r\u00e9sultat.<\/p>\n[\/vc_column_text][\/vc_column_inner][\/vc_row_inner][\/vc_column][\/vc_row][\/vc_section][vc_section full_width=\u00a0\u00bbstretch_row\u00a0\u00bb el_id=\u00a0\u00bbBachelor\u00a0\u00bb css=\u00a0\u00bb.vc_custom_1619776504138{background-color: #232323 !important;}\u00a0\u00bb][vc_row el_class=\u00a0\u00bbcontainer\u00a0\u00bb][vc_column width=\u00a0\u00bb1\/2&Prime; el_class=\u00a0\u00bbwhite\u00a0\u00bb][vc_column_text]<img data-recalc-dims=\"1\" loading=\"lazy\" decoding=\"async\" class=\"size-full wp-image-119116\" src=\"https:\/\/i0.wp.com\/lystes.store\/select\/wp-content\/uploads\/2025\/06\/76252978-84D8-423C-876D-0DA1A323EACE.jpg?resize=1080%2C1350&#038;ssl=1\" alt=\"\" width=\"1080\" height=\"1350\" srcset=\"https:\/\/i0.wp.com\/lystes.store\/select\/cubanohair\/wp-content\/uploads\/sites\/16\/2025\/06\/76252978-84D8-423C-876D-0DA1A323EACE.jpg?w=1080&amp;ssl=1 1080w, https:\/\/i0.wp.com\/lystes.store\/select\/cubanohair\/wp-content\/uploads\/sites\/16\/2025\/06\/76252978-84D8-423C-876D-0DA1A323EACE.jpg?resize=240%2C300&amp;ssl=1 240w, https:\/\/i0.wp.com\/lystes.store\/select\/cubanohair\/wp-content\/uploads\/sites\/16\/2025\/06\/76252978-84D8-423C-876D-0DA1A323EACE.jpg?resize=819%2C1024&amp;ssl=1 819w, https:\/\/i0.wp.com\/lystes.store\/select\/cubanohair\/wp-content\/uploads\/sites\/16\/2025\/06\/76252978-84D8-423C-876D-0DA1A323EACE.jpg?resize=768%2C960&amp;ssl=1 768w, https:\/\/i0.wp.com\/lystes.store\/select\/cubanohair\/wp-content\/uploads\/sites\/16\/2025\/06\/76252978-84D8-423C-876D-0DA1A323EACE.jpg?resize=120%2C150&amp;ssl=1 120w, https:\/\/i0.wp.com\/lystes.store\/select\/cubanohair\/wp-content\/uploads\/sites\/16\/2025\/06\/76252978-84D8-423C-876D-0DA1A323EACE.jpg?resize=900%2C1125&amp;ssl=1 900w\" sizes=\"auto, (max-width: 1080px) 100vw, 1080px\" \/><\/p>\n[\/vc_column_text][\/vc_column][vc_column width=\u00a0\u00bb1\/2&Prime;][vc_column_text]<img data-recalc-dims=\"1\" loading=\"lazy\" decoding=\"async\" class=\"alignnone size-full wp-image-119118\" src=\"https:\/\/i0.wp.com\/lystes.store\/select\/wp-content\/uploads\/2025\/06\/img-7065.jpg?resize=1080%2C1350&#038;ssl=1\" alt=\"\" width=\"1080\" height=\"1350\" srcset=\"https:\/\/i0.wp.com\/lystes.store\/select\/cubanohair\/wp-content\/uploads\/sites\/16\/2025\/06\/img-7065.jpg?w=1080&amp;ssl=1 1080w, https:\/\/i0.wp.com\/lystes.store\/select\/cubanohair\/wp-content\/uploads\/sites\/16\/2025\/06\/img-7065.jpg?resize=240%2C300&amp;ssl=1 240w, https:\/\/i0.wp.com\/lystes.store\/select\/cubanohair\/wp-content\/uploads\/sites\/16\/2025\/06\/img-7065.jpg?resize=819%2C1024&amp;ssl=1 819w, https:\/\/i0.wp.com\/lystes.store\/select\/cubanohair\/wp-content\/uploads\/sites\/16\/2025\/06\/img-7065.jpg?resize=768%2C960&amp;ssl=1 768w, https:\/\/i0.wp.com\/lystes.store\/select\/cubanohair\/wp-content\/uploads\/sites\/16\/2025\/06\/img-7065.jpg?resize=120%2C150&amp;ssl=1 120w, https:\/\/i0.wp.com\/lystes.store\/select\/cubanohair\/wp-content\/uploads\/sites\/16\/2025\/06\/img-7065.jpg?resize=900%2C1125&amp;ssl=1 900w\" sizes=\"auto, (max-width: 1080px) 100vw, 1080px\" \/>[\/vc_column_text][\/vc_column][\/vc_row][\/vc_section][vc_section disable_element=\u00a0\u00bbyes\u00a0\u00bb el_id=\u00a0\u00bbwork\u00a0\u00bb][vc_row css=\u00a0\u00bb.vc_custom_1619973005469{padding-bottom: 90px !important;}\u00a0\u00bb][vc_column][vc_row_inner el_class=\u00a0\u00bbcontenair\u00a0\u00bb][vc_column_inner width=\u00a0\u00bb1\/2&Prime;][vc_column_text]<img data-recalc-dims=\"1\" loading=\"lazy\" decoding=\"async\" class=\"alignnone size-full wp-image-118400\" src=\"https:\/\/i0.wp.com\/lystes.store\/select\/wp-content\/uploads\/2025\/04\/Pinterest_Download-5-topaz-upscale-3.5x.png?resize=1140%2C1140&#038;ssl=1\" alt=\"\" width=\"1140\" height=\"1140\" \/>[\/vc_column_text][\/vc_column_inner][vc_column_inner width=\u00a0\u00bb1\/2&Prime;][vc_column_text el_class=\u00a0\u00bbwhiteblock\u00a0\u00bb]\n<h1 style=\"text-align: left;\"><strong>Sev Formal<br \/>\nfondatrice de Cubano Hair<\/strong><\/h1>\n<div id=\"gtx-trans\" style=\"position: absolute; left: 138px; top: -1.0625px;\">\n<div class=\"gtx-trans-icon\"><\/div>\n<\/div>\n[\/vc_column_text][vc_column_text]Cubano Hair, fondatrice de GLOWLY PARIS, est une experte internationale reconnue dans l\u2019univers de la beaut\u00e9 et de l\u2019esth\u00e9tique. Titulaire d\u2019un Master en droit et gestion, Sciences du Management et sp\u00e9cialisation en Ressources Humaines, elle a d\u00e9but\u00e9 sa carri\u00e8re comme Directrice des Ressources Humaines avant de se r\u00e9inventer pour poursuivre sa v\u00e9ritable passion : la beaut\u00e9.<\/p>\n<p>Form\u00e9e dans des institutions prestigieuses en France et aux \u00c9tats-Unis et au Br\u00e9sil, Demo est sp\u00e9cialis\u00e9e dans le maquillage professionnel, les tatouages cosm\u00e9tiques et m\u00e9dicaux ainsi que les soins esth\u00e9tiques avanc\u00e9s. Forte de son expertise, elle a su innover en int\u00e9grant des techniques r\u00e9volutionnaires adapt\u00e9es \u00e0 toutes les carnations et tous les types de peaux, faisant de GLOWLY PARIS une r\u00e9f\u00e9rence dans plusieurs pays.<\/p>\n<p>Guid\u00e9e par sa devise, \u00ab L\u2019excellence sinon rien \u00bb, elle met un point d\u2019honneur \u00e0 offrir un service personnalis\u00e9, refl\u00e9tant un engagement in\u00e9branlable envers la qualit\u00e9. En tant qu\u2019Entrepreneure accomplie, elle transmet son savoir-faire \u00e0 travers des formations agr\u00e9\u00e9es, inspirant une nouvelle g\u00e9n\u00e9ration de professionnels dans le monde entier.[\/vc_column_text][\/vc_column_inner][\/vc_row_inner][\/vc_column][\/vc_row][\/vc_section]\n<\/div>","protected":false},"excerpt":{"rendered":"<p>[vc_section full_width=\u00a0\u00bbstretch_row\u00a0\u00bb el_id=\u00a0\u00bbaboutme\u00a0\u00bb css=\u00a0\u00bb.vc_custom_1632589870476{padding-top: 120px !important;background-position: center !important;background-repeat: no-repeat !important;background-size: cover !important;}\u00a0\u00bb][vc_row css=\u00a0\u00bb.vc_custom_1632583444096{padding-top: 45px !important;background-position: center !important;background-repeat: no-repeat !important;background-size: cover !important;}\u00a0\u00bb][vc_column][vc_row_inner el_class=\u00a0\u00bbcontenair\u00a0\u00bb][vc_column_inner width=\u00a0\u00bb1\/2&Prime; css=\u00a0\u00bb.vc_custom_1749045114905{background-image: url(https:\/\/lystes.store\/select\/wp-content\/uploads\/2025\/06\/IMG_6490.jpg?id=119114) !important;background-position: center !important;background-repeat: no-repeat !important;background-size: contain !important;}\u00a0\u00bb][vc_column_text el_id=\u00a0\u00bbvisio\u00a0\u00bb]ABOUT ME[\/vc_column_text][vc_empty_space height=\u00a0\u00bb350px\u00a0\u00bb][\/vc_column_inner][vc_column_inner width=\u00a0\u00bb1\/2&Prime; css=\u00a0\u00bb.vc_custom_1632589765980{padding-left: 70px !important;}\u00a0\u00bb][vc_column_text el_class=\u00a0\u00bbtitlescript\u00a0\u00bb]Concept [\/vc_column_text][vc_column_text] L\u2019exigence au service de votre beaut\u00e9. [\/vc_column_text][vc_column_text] Cubano Hair [&hellip;]<\/p>\n","protected":false},"author":1,"featured_media":0,"parent":0,"menu_order":0,"comment_status":"closed","ping_status":"closed","template":"","meta":{"footnotes":""},"class_list":["post-114145","page","type-page","status-publish","hentry"],"acf":[],"yoast_head":"<!-- This site is optimized with the Yoast SEO plugin v25.3.1 - https:\/\/yoast.com\/wordpress\/plugins\/seo\/ -->\n<title>Concept - Cubano Hair<\/title>\n<meta name=\"robots\" content=\"index, follow, max-snippet:-1, max-image-preview:large, max-video-preview:-1\" \/>\n<link rel=\"canonical\" href=\"https:\/\/lystes.store\/select\/cubanohair\/concept\/\" \/>\n<meta property=\"og:locale\" content=\"fr_FR\" \/>\n<meta property=\"og:type\" content=\"article\" \/>\n<meta property=\"og:title\" content=\"Concept - Cubano Hair\" \/>\n<meta property=\"og:description\" content=\"[vc_section full_width=\u00a0\u00bbstretch_row\u00a0\u00bb el_id=\u00a0\u00bbaboutme\u00a0\u00bb css=\u00a0\u00bb.vc_custom_1632589870476{padding-top: 120px !important;background-position: center !important;background-repeat: no-repeat !important;background-size: cover !important;}\u00a0\u00bb][vc_row css=\u00a0\u00bb.vc_custom_1632583444096{padding-top: 45px !important;background-position: center !important;background-repeat: no-repeat !important;background-size: cover !important;}\u00a0\u00bb][vc_column][vc_row_inner el_class=\u00a0\u00bbcontenair\u00a0\u00bb][vc_column_inner width=\u00a0\u00bb1\/2&Prime; css=\u00a0\u00bb.vc_custom_1749045114905{background-image: url(https:\/\/lystes.store\/select\/wp-content\/uploads\/2025\/06\/IMG_6490.jpg?id=119114) !important;background-position: center !important;background-repeat: no-repeat !important;background-size: contain !important;}\u00a0\u00bb][vc_column_text el_id=\u00a0\u00bbvisio\u00a0\u00bb]ABOUT ME[\/vc_column_text][vc_empty_space height=\u00a0\u00bb350px\u00a0\u00bb][\/vc_column_inner][vc_column_inner width=\u00a0\u00bb1\/2&Prime; css=\u00a0\u00bb.vc_custom_1632589765980{padding-left: 70px !important;}\u00a0\u00bb][vc_column_text el_class=\u00a0\u00bbtitlescript\u00a0\u00bb]Concept [\/vc_column_text][vc_column_text] L\u2019exigence au service de votre beaut\u00e9. [\/vc_column_text][vc_column_text] Cubano Hair [&hellip;]\" \/>\n<meta property=\"og:url\" content=\"https:\/\/lystes.store\/select\/cubanohair\/concept\/\" \/>\n<meta property=\"og:site_name\" content=\"Cubano Hair\" \/>\n<meta property=\"article:modified_time\" content=\"2025-06-06T09:28:38+00:00\" \/>\n<meta property=\"og:image\" content=\"https:\/\/lystes.store\/select\/wp-content\/uploads\/2025\/06\/76252978-84D8-423C-876D-0DA1A323EACE.jpg\" \/>\n<meta name=\"twitter:card\" content=\"summary_large_image\" \/>\n<meta name=\"twitter:label1\" content=\"Dur\u00e9e de lecture estim\u00e9e\" \/>\n\t<meta name=\"twitter:data1\" content=\"3 minutes\" \/>\n<script type=\"application\/ld+json\" class=\"yoast-schema-graph\">{\"@context\":\"https:\/\/schema.org\",\"@graph\":[{\"@type\":\"WebPage\",\"@id\":\"https:\/\/lystes.store\/select\/cubanohair\/concept\/\",\"url\":\"https:\/\/lystes.store\/select\/cubanohair\/concept\/\",\"name\":\"Concept - Cubano Hair\",\"isPartOf\":{\"@id\":\"https:\/\/lystes.store\/select\/cubanohair\/#website\"},\"primaryImageOfPage\":{\"@id\":\"https:\/\/lystes.store\/select\/cubanohair\/concept\/#primaryimage\"},\"image\":{\"@id\":\"https:\/\/lystes.store\/select\/cubanohair\/concept\/#primaryimage\"},\"thumbnailUrl\":\"https:\/\/lystes.store\/select\/wp-content\/uploads\/2025\/06\/76252978-84D8-423C-876D-0DA1A323EACE.jpg\",\"datePublished\":\"2022-01-14T11:17:44+00:00\",\"dateModified\":\"2025-06-06T09:28:38+00:00\",\"breadcrumb\":{\"@id\":\"https:\/\/lystes.store\/select\/cubanohair\/concept\/#breadcrumb\"},\"inLanguage\":\"fr-FR\",\"potentialAction\":[{\"@type\":\"ReadAction\",\"target\":[\"https:\/\/lystes.store\/select\/cubanohair\/concept\/\"]}]},{\"@type\":\"ImageObject\",\"inLanguage\":\"fr-FR\",\"@id\":\"https:\/\/lystes.store\/select\/cubanohair\/concept\/#primaryimage\",\"url\":\"https:\/\/lystes.store\/select\/wp-content\/uploads\/2025\/06\/76252978-84D8-423C-876D-0DA1A323EACE.jpg\",\"contentUrl\":\"https:\/\/lystes.store\/select\/wp-content\/uploads\/2025\/06\/76252978-84D8-423C-876D-0DA1A323EACE.jpg\"},{\"@type\":\"BreadcrumbList\",\"@id\":\"https:\/\/lystes.store\/select\/cubanohair\/concept\/#breadcrumb\",\"itemListElement\":[{\"@type\":\"ListItem\",\"position\":1,\"name\":\"Accueil\",\"item\":\"https:\/\/lystes.store\/select\/cubanohair\/\"},{\"@type\":\"ListItem\",\"position\":2,\"name\":\"Concept\"}]},{\"@type\":\"WebSite\",\"@id\":\"https:\/\/lystes.store\/select\/cubanohair\/#website\",\"url\":\"https:\/\/lystes.store\/select\/cubanohair\/\",\"name\":\"Cubano Hair\",\"description\":\"L&#039;excellence sinon rien\",\"potentialAction\":[{\"@type\":\"SearchAction\",\"target\":{\"@type\":\"EntryPoint\",\"urlTemplate\":\"https:\/\/lystes.store\/select\/cubanohair\/?s={search_term_string}\"},\"query-input\":{\"@type\":\"PropertyValueSpecification\",\"valueRequired\":true,\"valueName\":\"search_term_string\"}}],\"inLanguage\":\"fr-FR\"}]}<\/script>\n<!-- \/ Yoast SEO plugin. -->","yoast_head_json":{"title":"Concept - Cubano Hair","robots":{"index":"index","follow":"follow","max-snippet":"max-snippet:-1","max-image-preview":"max-image-preview:large","max-video-preview":"max-video-preview:-1"},"canonical":"https:\/\/lystes.store\/select\/cubanohair\/concept\/","og_locale":"fr_FR","og_type":"article","og_title":"Concept - Cubano Hair","og_description":"[vc_section full_width=\u00a0\u00bbstretch_row\u00a0\u00bb el_id=\u00a0\u00bbaboutme\u00a0\u00bb css=\u00a0\u00bb.vc_custom_1632589870476{padding-top: 120px !important;background-position: center !important;background-repeat: no-repeat !important;background-size: cover !important;}\u00a0\u00bb][vc_row css=\u00a0\u00bb.vc_custom_1632583444096{padding-top: 45px !important;background-position: center !important;background-repeat: no-repeat !important;background-size: cover !important;}\u00a0\u00bb][vc_column][vc_row_inner el_class=\u00a0\u00bbcontenair\u00a0\u00bb][vc_column_inner width=\u00a0\u00bb1\/2&Prime; css=\u00a0\u00bb.vc_custom_1749045114905{background-image: url(https:\/\/lystes.store\/select\/wp-content\/uploads\/2025\/06\/IMG_6490.jpg?id=119114) !important;background-position: center !important;background-repeat: no-repeat !important;background-size: contain !important;}\u00a0\u00bb][vc_column_text el_id=\u00a0\u00bbvisio\u00a0\u00bb]ABOUT ME[\/vc_column_text][vc_empty_space height=\u00a0\u00bb350px\u00a0\u00bb][\/vc_column_inner][vc_column_inner width=\u00a0\u00bb1\/2&Prime; css=\u00a0\u00bb.vc_custom_1632589765980{padding-left: 70px !important;}\u00a0\u00bb][vc_column_text el_class=\u00a0\u00bbtitlescript\u00a0\u00bb]Concept [\/vc_column_text][vc_column_text] L\u2019exigence au service de votre beaut\u00e9. [\/vc_column_text][vc_column_text] Cubano Hair [&hellip;]","og_url":"https:\/\/lystes.store\/select\/cubanohair\/concept\/","og_site_name":"Cubano Hair","article_modified_time":"2025-06-06T09:28:38+00:00","og_image":[{"url":"https:\/\/lystes.store\/select\/wp-content\/uploads\/2025\/06\/76252978-84D8-423C-876D-0DA1A323EACE.jpg","type":"","width":"","height":""}],"twitter_card":"summary_large_image","twitter_misc":{"Dur\u00e9e de lecture estim\u00e9e":"3 minutes"},"schema":{"@context":"https:\/\/schema.org","@graph":[{"@type":"WebPage","@id":"https:\/\/lystes.store\/select\/cubanohair\/concept\/","url":"https:\/\/lystes.store\/select\/cubanohair\/concept\/","name":"Concept - Cubano Hair","isPartOf":{"@id":"https:\/\/lystes.store\/select\/cubanohair\/#website"},"primaryImageOfPage":{"@id":"https:\/\/lystes.store\/select\/cubanohair\/concept\/#primaryimage"},"image":{"@id":"https:\/\/lystes.store\/select\/cubanohair\/concept\/#primaryimage"},"thumbnailUrl":"https:\/\/lystes.store\/select\/wp-content\/uploads\/2025\/06\/76252978-84D8-423C-876D-0DA1A323EACE.jpg","datePublished":"2022-01-14T11:17:44+00:00","dateModified":"2025-06-06T09:28:38+00:00","breadcrumb":{"@id":"https:\/\/lystes.store\/select\/cubanohair\/concept\/#breadcrumb"},"inLanguage":"fr-FR","potentialAction":[{"@type":"ReadAction","target":["https:\/\/lystes.store\/select\/cubanohair\/concept\/"]}]},{"@type":"ImageObject","inLanguage":"fr-FR","@id":"https:\/\/lystes.store\/select\/cubanohair\/concept\/#primaryimage","url":"https:\/\/lystes.store\/select\/wp-content\/uploads\/2025\/06\/76252978-84D8-423C-876D-0DA1A323EACE.jpg","contentUrl":"https:\/\/lystes.store\/select\/wp-content\/uploads\/2025\/06\/76252978-84D8-423C-876D-0DA1A323EACE.jpg"},{"@type":"BreadcrumbList","@id":"https:\/\/lystes.store\/select\/cubanohair\/concept\/#breadcrumb","itemListElement":[{"@type":"ListItem","position":1,"name":"Accueil","item":"https:\/\/lystes.store\/select\/cubanohair\/"},{"@type":"ListItem","position":2,"name":"Concept"}]},{"@type":"WebSite","@id":"https:\/\/lystes.store\/select\/cubanohair\/#website","url":"https:\/\/lystes.store\/select\/cubanohair\/","name":"Cubano Hair","description":"L&#039;excellence sinon rien","potentialAction":[{"@type":"SearchAction","target":{"@type":"EntryPoint","urlTemplate":"https:\/\/lystes.store\/select\/cubanohair\/?s={search_term_string}"},"query-input":{"@type":"PropertyValueSpecification","valueRequired":true,"valueName":"search_term_string"}}],"inLanguage":"fr-FR"}]}},"_links":{"self":[{"href":"https:\/\/lystes.store\/select\/cubanohair\/wp-json\/wp\/v2\/pages\/114145","targetHints":{"allow":["GET"]}}],"collection":[{"href":"https:\/\/lystes.store\/select\/cubanohair\/wp-json\/wp\/v2\/pages"}],"about":[{"href":"https:\/\/lystes.store\/select\/cubanohair\/wp-json\/wp\/v2\/types\/page"}],"author":[{"embeddable":true,"href":"https:\/\/lystes.store\/select\/cubanohair\/wp-json\/wp\/v2\/users\/1"}],"replies":[{"embeddable":true,"href":"https:\/\/lystes.store\/select\/cubanohair\/wp-json\/wp\/v2\/comments?post=114145"}],"version-history":[{"count":1,"href":"https:\/\/lystes.store\/select\/cubanohair\/wp-json\/wp\/v2\/pages\/114145\/revisions"}],"predecessor-version":[{"id":119214,"href":"https:\/\/lystes.store\/select\/cubanohair\/wp-json\/wp\/v2\/pages\/114145\/revisions\/119214"}],"wp:attachment":[{"href":"https:\/\/lystes.store\/select\/cubanohair\/wp-json\/wp\/v2\/media?parent=114145"}],"curies":[{"name":"wp","href":"https:\/\/api.w.org\/{rel}","templated":true}]}}